{"id":17250,"date":"2026-03-10T10:15:23","date_gmt":"2026-03-10T10:15:23","guid":{"rendered":"https:\/\/hutfactory.com\/?product=cloche-panama-gehaekelt-mit-blauen-akzente"},"modified":"2026-03-12T08:29:24","modified_gmt":"2026-03-12T08:29:24","slug":"cloche-panama-gehaekelt-mit-blauen-akzente","status":"publish","type":"product","link":"https:\/\/hutfactory.com\/?product=cloche-panama-gehaekelt-mit-blauen-akzente","title":{"rendered":"Cloche Panama geh\u00e4kelt mit blauen Akzente"},"content":{"rendered":"<div class=\"react-scroll-to-bottom--css-jvlhh-1n7m0yu\">\n<div class=\"flex flex-col pb-9 text-sm\">\n<div class=\"w-full text-token-text-primary sm:AIPRM__conversation__response\" data-testid=\"conversation-turn-17\">\n<div class=\"px-4 py-2 justify-center text-base md:gap-6 m-auto\">\n<div class=\"flex flex-1 text-base mx-auto gap-3 md:px-5 lg:px-1 xl:px-5 md:max-w-3xl lg:max-w-[40rem] xl:max-w-[48rem] group final-completion\">\n<div class=\"relative flex w-full flex-col lg:w-[calc(100%-115px)] agent-turn\">\n<div class=\"flex-col gap-1 md:gap-3\">\n<div class=\"flex flex-grow flex-col max-w-full\">\n<div class=\"min-h-[20px] text-message flex flex-col items-start gap-3 whitespace-pre-wrap break-words [.text-message+&#038;]:mt-5 overflow-x-auto\" data-message-author-role=\"assistant\" data-message-id=\"66358995-4a8c-4bf4-895c-7a9553c60e46\">\n<div class=\"markdown prose w-full break-words dark:prose-invert light AIPRM__conversation__response\">\n<p class=\"\" data-start=\"498\" data-end=\"546\"><strong data-start=\"498\" data-end=\"544\">Eleganz trifft auf handgemachte Perfektion<\/strong><\/p>\n<p class=\"\" data-start=\"548\" data-end=\"923\">Dieser stilvolle Sommerhut \u00fcberzeugt mit seiner feinen Verarbeitung und seinem zeitlosen Design. Die weiche, gro\u00dfz\u00fcgige Krempe bietet optimalen Sonnenschutz, w\u00e4hrend die kunstvollen blauen Akzente dem Hut einen unverwechselbaren Charakter verleihen. Ob am Strand, in der Stadt oder bei eleganten Gartenpartys \u0096 der Cloche Panama geh\u00e4kelt ist ein Highlight f\u00fcr jeden Anlass.<\/p>\n<p class=\"\" data-start=\"925\" data-end=\"1172\"><strong data-start=\"925\" data-end=\"946\">Perfekt f\u00fcr\u0085.. ??<\/strong><br data-start=\"946\" data-end=\"949\" \/><strong data-start=\"949\" data-end=\"976\">?? Sommerliche Anl\u00e4sse:<\/strong><br data-start=\"976\" data-end=\"979\" \/>Ein Must-have f\u00fcr sonnige Tage. Der Cloche Panama geh\u00e4kelt sch\u00fctzt Ihr Gesicht zuverl\u00e4ssig vor direkter Sonneneinstrahlung und verleiht gleichzeitig jedem Sommeroutfit einen stilvollen Touch.<\/p>\n<p class=\"\" data-start=\"1174\" data-end=\"1328\"><strong data-start=\"1174\" data-end=\"1205\">?? Elegante Outdoor-Events:<\/strong><br data-start=\"1205\" data-end=\"1208\" \/>Sein au\u00dfergew\u00f6hnliches Design macht ihn zum idealen Begleiter f\u00fcr elegante Gartenfeste oder schicke Promenadenbesuche.<\/p>\n<p class=\"\" data-start=\"1330\" data-end=\"1504\"><strong data-start=\"1330\" data-end=\"1360\">?? Natur- und Modebewusst:<\/strong><br data-start=\"1360\" data-end=\"1363\" \/>Gefertigt aus 100% Panama-Stroh \u0096 ein nat\u00fcrliches, nachhaltiges Material, das f\u00fcr seine Langlebigkeit und Umweltfreundlichkeit bekannt ist.<\/p>\n<\/div>\n<\/div>\n<\/div>\n<\/div>\n<\/div>\n<\/div>\n<\/div>\n<\/div>\n<\/div>\n<\/div>\n<p>\u00a0<\/p>\n<div class=\"hf-accordions\">\n<hr class=\"hf-accordion-separator\" \/>\n<details class=\"hf-accordion\">\n<summary><strong>\u25b6\ufe0f Gut zu wissen \u2013 mehr erfahren<\/strong><\/summary>\n<div class=\"hf-accordion-content\">\n<p class=\"\" data-start=\"1506\" data-end=\"1874\"><strong data-start=\"1506\" data-end=\"1534\">Eigenschaften &#038; Details:<\/strong><br data-start=\"1534\" data-end=\"1537\" \/><strong data-start=\"1537\" data-end=\"1550\">Material:<\/strong> 100% Panama-Stroh \u0096 hochwertig, leicht und langlebig.<br data-start=\"1604\" data-end=\"1607\" \/><strong data-start=\"1607\" data-end=\"1618\">Farben:<\/strong> Natur\/Blau \u0096 ein harmonisches Zusammenspiel aus klassischer Naturfarbe und modernen blauen Akzenten.<br data-start=\"1719\" data-end=\"1722\" \/><strong data-start=\"1722\" data-end=\"1733\">Gr\u00f6\u00dfen:<\/strong> 54-62 \u0096 f\u00fcr jede Kopfgr\u00f6\u00dfe geeignet.<br data-start=\"1770\" data-end=\"1773\" \/><strong data-start=\"1773\" data-end=\"1790\">Verarbeitung:<\/strong> Handgeh\u00e4kelt mit kontrastierenden blauen Streifen und eingefasster blauer Krempe.<\/p>\n<p class=\"\" data-start=\"1876\" data-end=\"2217\"><strong data-start=\"1876\" data-end=\"1902\">Design &#038; Verarbeitung:<\/strong><br data-start=\"1902\" data-end=\"1905\" \/>Dieser geh\u00e4kelte Panama-Hut wird mit Liebe zum Detail in Ecuador gefertigt, einem Land, das weltweit f\u00fcr seine traditionelle Hutflechtkunst bekannt ist. Die aufwendige H\u00e4keltechnik sorgt f\u00fcr ein luftiges Tragegef\u00fchl, w\u00e4hrend die verst\u00e4rkten Streifen und der blaue Rand dem Hut eine elegante Struktur verleihen.<\/p>\n<p class=\"\" data-start=\"2219\" data-end=\"2464\"><strong data-start=\"2219\" data-end=\"2248\">Handgefertigt in Ecuador:<\/strong><br data-start=\"2248\" data-end=\"2251\" \/>Das Design wird von der Schweizer Hutmanufaktur Risa entworfen und exklusiv in Ecuador in limitierter St\u00fcckzahl von erfahrenen Kunsthandwerkern gefertigt. Jedes Modell ist ein Unikat mit einzigartigem Charakter.<\/p>\n<p class=\"\" data-start=\"2466\" data-end=\"2704\"><strong data-start=\"2466\" data-end=\"2496\">Nachhaltigkeit &#038; Qualit\u00e4t:<\/strong><br data-start=\"2496\" data-end=\"2499\" \/>Panama-Stroh ist ein nat\u00fcrlicher, biologisch abbaubarer Rohstoff, der nicht nur edel aussieht, sondern auch nachhaltig ist. Die Verarbeitung in Handarbeit gew\u00e4hrleistet h\u00f6chste Qualit\u00e4t und Exklusivit\u00e4t.<\/p>\n<p class=\"\" data-start=\"2706\" data-end=\"2985\"><strong data-start=\"2706\" data-end=\"2732\">Herstellung &#038; Versand:<\/strong><br data-start=\"2732\" data-end=\"2735\" \/>Der Cloche Panama geh\u00e4kelt wird ab Lager Schweiz innerhalb weniger Tage versendet. Bitte beachten Sie, dass ein Umtausch nur bei Material- oder Herstellungsfehlern m\u00f6glich ist. Die Verf\u00fcgbarkeit ist aufgrund des limitierten Rohmaterials beschr\u00e4nkt.<\/p>\n<\/div>\n<\/details>\n<details class=\"hf-accordion\">\n<summary><strong>\u25b6\ufe0f FAQ \u2013 H\u00e4ufige Fragen<\/strong><\/summary>\n<div class=\"hf-accordion-content\">\n<h3 class=\"\" data-start=\"2987\" data-end=\"3021\"><strong data-start=\"2991\" data-end=\"3019\">H\u00e4ufig gestellte Fragen:<\/strong><\/h3>\n<ol data-start=\"3022\" data-end=\"3723\">\n<li class=\"\" data-start=\"3022\" data-end=\"3173\">\n<p class=\"\" data-start=\"3025\" data-end=\"3173\"><strong data-start=\"3025\" data-end=\"3071\">Ist der Hut f\u00fcr hei\u00dfe Sommertage geeignet?<\/strong><br data-start=\"3071\" data-end=\"3074\" \/>Ja, die luftige H\u00e4kelstruktur sorgt f\u00fcr eine hervorragende Bel\u00fcftung und angenehmen Tragekomfort.<\/p>\n<\/li>\n<li class=\"\" data-start=\"3175\" data-end=\"3347\">\n<p class=\"\" data-start=\"3178\" data-end=\"3347\"><strong data-start=\"3178\" data-end=\"3220\">Kann ich den Hut problemlos mitnehmen?<\/strong><br data-start=\"3220\" data-end=\"3223\" \/>Er ist leicht und flexibel, jedoch nicht rollbar. F\u00fcr Reisen sollte er vorsichtig in einer Hutschachtel aufbewahrt werden.<\/p>\n<\/li>\n<li class=\"\" data-start=\"3349\" data-end=\"3466\">\n<p class=\"\" data-start=\"3352\" data-end=\"3466\"><strong data-start=\"3352\" data-end=\"3382\">Wie pflege ich diesen Hut?<\/strong><br data-start=\"3382\" data-end=\"3385\" \/>Mit einem weichen Tuch reinigen und an einem trockenen, k\u00fchlen Ort aufbewahren.<\/p>\n<\/li>\n<li class=\"\" data-start=\"3468\" data-end=\"3591\">\n<p class=\"\" data-start=\"3471\" data-end=\"3591\"><strong data-start=\"3471\" data-end=\"3503\">Ist der Hut wasserabweisend?<\/strong><br data-start=\"3503\" data-end=\"3506\" \/>Da es sich um ein Naturmaterial handelt, sollte der Hut vor Regen gesch\u00fctzt werden.<\/p>\n<\/li>\n<li class=\"\" data-start=\"3593\" data-end=\"3723\">\n<p class=\"\" data-start=\"3596\" data-end=\"3723\"><strong data-start=\"3596\" data-end=\"3650\">Kann ich den Hut zur\u00fcckgeben, wenn er nicht passt?<\/strong><br data-start=\"3650\" data-end=\"3653\" \/>Ein Umtausch ist nur bei Material- oder Herstellungsfehlern m\u00f6glich.<\/p>\n<\/li>\n<\/ol>\n<\/div>\n<\/details>\n<\/div>\n","protected":false},"excerpt":{"rendered":"<h3 class=\"\" data-start=\"4883\" data-end=\"4941\"><strong data-start=\"4887\" data-end=\"4939\">Ein eleganter Sommerbegleiter<\/strong><\/h3>\n<p class=\"\" data-start=\"4942\" data-end=\"5193\">Mit seinem einzigartigen Design und der hochwertigen Verarbeitung ist der Cloche Panama geh\u00e4kelt ein stilvolles Accessoire, das jeden Sommerlook perfekt erg\u00e4nzt. G\u00f6nnen Sie sich ein St\u00fcck Exklusivit\u00e4t und sichern Sie sich Ihr handgefertigtes Unikat.<\/p>\n","protected":false},"featured_media":17251,"template":"","meta":{"_acf_changed":false,"rs_blank_template":"","rs_page_bg_color":"","slide_template_v7":""},"product_brand":[250],"product_cat":[446,507,277,275],"product_tag":[],"class_list":{"0":"post-17250","1":"product","2":"type-product","3":"status-publish","4":"has-post-thumbnail","6":"product_brand-risa-hutwerkstatt-schweiz","7":"product_cat-cloche-sommerhuete","8":"product_cat-panama-sommerhuete","9":"product_cat-reise-sommerhuete","10":"product_cat-sommerhuete","11":"product_shipping_class-mittlere-pakete","12":"pa_color-natur","13":"pa_groesse-54-53-54","14":"pa_groesse-56-55-56","15":"pa_groesse-58-57-58","16":"pa_groesse-60-59-60","17":"pa_groesse-62-61-62","18":"yith_product_brand-risa-hutwerkstatt-schweiz","21":"instock","22":"taxable","23":"shipping-taxable","24":"purchasable","25":"product-type-variable","26":"wvs-archive-product-wrapper","27":"add-to-wishlist-after_add_to_cart"},"acf":[],"yoast_head":"<!-- This site is optimized with the Yoast SEO Premium plugin v27.3 (Yoast SEO v27.3) - https:\/\/yoast.com\/product\/yoast-seo-premium-wordpress\/ -->\n<title>Damenhut geh\u00e4kelt \u0096 Eleganter Panamahut mit blauem Rand<\/title>\n<meta name=\"description\" content=\"Hochwertiger Damenhut Cloche Panama geh\u00e4kelt aus 100% Panama-Stroh, handgefertigt mit blauen Akzenten. Ideal f\u00fcr stilvolle Sommerlooks.\" \/>\n<meta name=\"robots\" content=\"index, follow, max-snippet:-1, max-image-preview:large, max-video-preview:-1\" \/>\n<link rel=\"canonical\" href=\"https:\/\/hutfactory.com\/?product=cloche-panama-gehaekelt-mit-blauen-akzente\" \/>\n<meta property=\"og:locale\" content=\"de_DE\" \/>\n<meta property=\"og:type\" content=\"article\" \/>\n<meta property=\"og:title\" content=\"Cloche Panama geh\u00e4kelt mit blauen Akzente\" \/>\n<meta property=\"og:description\" content=\"Hochwertiger Damenhut Cloche Panama geh\u00e4kelt aus 100% Panama-Stroh, handgefertigt mit blauen Akzenten. Ideal f\u00fcr stilvolle Sommerlooks.\" \/>\n<meta property=\"og:url\" content=\"https:\/\/hutfactory.com\/?product=cloche-panama-gehaekelt-mit-blauen-akzente\" \/>\n<meta property=\"og:site_name\" content=\"Hut Factory\" \/>\n<meta property=\"article:modified_time\" content=\"2026-03-12T08:29:24+00:00\" \/>\n<meta property=\"og:image\" content=\"https:\/\/hutfactory.com\/wp-content\/uploads\/2026\/03\/32411.1.webp\" \/>\n\t<meta property=\"og:image:width\" content=\"750\" \/>\n\t<meta property=\"og:image:height\" content=\"750\" \/>\n\t<meta property=\"og:image:type\" content=\"image\/webp\" \/>\n<meta name=\"twitter:card\" content=\"summary_large_image\" \/>\n<meta name=\"twitter:label1\" content=\"Gesch\u00e4tzte Lesezeit\" \/>\n\t<meta name=\"twitter:data1\" content=\"2\u00a0Minuten\" \/>\n<script type=\"application\/ld+json\" class=\"yoast-schema-graph\">{\"@context\":\"https:\\\/\\\/schema.org\",\"@graph\":[{\"@type\":\"WebPage\",\"@id\":\"https:\\\/\\\/hutfactory.com\\\/?product=cloche-panama-gehaekelt-mit-blauen-akzente\",\"url\":\"https:\\\/\\\/hutfactory.com\\\/?product=cloche-panama-gehaekelt-mit-blauen-akzente\",\"name\":\"Damenhut geh\u00e4kelt \u0096 Eleganter Panamahut mit blauem Rand\",\"isPartOf\":{\"@id\":\"https:\\\/\\\/hutfactory.com\\\/#website\"},\"primaryImageOfPage\":{\"@id\":\"https:\\\/\\\/hutfactory.com\\\/?product=cloche-panama-gehaekelt-mit-blauen-akzente#primaryimage\"},\"image\":{\"@id\":\"https:\\\/\\\/hutfactory.com\\\/?product=cloche-panama-gehaekelt-mit-blauen-akzente#primaryimage\"},\"thumbnailUrl\":\"https:\\\/\\\/hutfactory.com\\\/wp-content\\\/uploads\\\/2026\\\/03\\\/32411.1.webp\",\"datePublished\":\"2026-03-10T10:15:23+00:00\",\"dateModified\":\"2026-03-12T08:29:24+00:00\",\"description\":\"Hochwertiger Damenhut Cloche Panama geh\u00e4kelt aus 100% Panama-Stroh, handgefertigt mit blauen Akzenten. Ideal f\u00fcr stilvolle Sommerlooks.\",\"breadcrumb\":{\"@id\":\"https:\\\/\\\/hutfactory.com\\\/?product=cloche-panama-gehaekelt-mit-blauen-akzente#breadcrumb\"},\"inLanguage\":\"de\",\"potentialAction\":[{\"@type\":\"ReadAction\",\"target\":[\"https:\\\/\\\/hutfactory.com\\\/?product=cloche-panama-gehaekelt-mit-blauen-akzente\"]}]},{\"@type\":\"ImageObject\",\"inLanguage\":\"de\",\"@id\":\"https:\\\/\\\/hutfactory.com\\\/?product=cloche-panama-gehaekelt-mit-blauen-akzente#primaryimage\",\"url\":\"https:\\\/\\\/hutfactory.com\\\/wp-content\\\/uploads\\\/2026\\\/03\\\/32411.1.webp\",\"contentUrl\":\"https:\\\/\\\/hutfactory.com\\\/wp-content\\\/uploads\\\/2026\\\/03\\\/32411.1.webp\",\"width\":750,\"height\":750,\"caption\":\"veredelt mit blauen Details f\u00fcr einen einzigartigen Look|\"},{\"@type\":\"BreadcrumbList\",\"@id\":\"https:\\\/\\\/hutfactory.com\\\/?product=cloche-panama-gehaekelt-mit-blauen-akzente#breadcrumb\",\"itemListElement\":[{\"@type\":\"ListItem\",\"position\":1,\"name\":\"Start\",\"item\":\"https:\\\/\\\/hutfactory.com\\\/\"},{\"@type\":\"ListItem\",\"position\":2,\"name\":\"Shop\",\"item\":\"https:\\\/\\\/hutfactory.com\\\/?page_id=10\"},{\"@type\":\"ListItem\",\"position\":3,\"name\":\"Cloche Panama geh\u00e4kelt mit blauen Akzente\"}]},{\"@type\":\"WebSite\",\"@id\":\"https:\\\/\\\/hutfactory.com\\\/#website\",\"url\":\"https:\\\/\\\/hutfactory.com\\\/\",\"name\":\"Hut Factory\",\"description\":\"H\u00fcte, Kappen &amp; M\u00fctzen in Top Swiss\\\/EU Qualit\u00e4t\",\"publisher\":{\"@id\":\"https:\\\/\\\/hutfactory.com\\\/#organization\"},\"alternateName\":\"Hut Shop\",\"potentialAction\":[{\"@type\":\"SearchAction\",\"target\":{\"@type\":\"EntryPoint\",\"urlTemplate\":\"https:\\\/\\\/hutfactory.com\\\/?s={search_term_string}\"},\"query-input\":{\"@type\":\"PropertyValueSpecification\",\"valueRequired\":true,\"valueName\":\"search_term_string\"}}],\"inLanguage\":\"de\"},{\"@type\":\"Organization\",\"@id\":\"https:\\\/\\\/hutfactory.com\\\/#organization\",\"name\":\"Hut Factory\",\"url\":\"https:\\\/\\\/hutfactory.com\\\/\",\"logo\":{\"@type\":\"ImageObject\",\"inLanguage\":\"de\",\"@id\":\"https:\\\/\\\/hutfactory.com\\\/#\\\/schema\\\/logo\\\/image\\\/\",\"url\":\"https:\\\/\\\/hutfactory.com\\\/wp-content\\\/uploads\\\/2026\\\/01\\\/Logo-hut-factory-1.webp\",\"contentUrl\":\"https:\\\/\\\/hutfactory.com\\\/wp-content\\\/uploads\\\/2026\\\/01\\\/Logo-hut-factory-1.webp\",\"width\":300,\"height\":262,\"caption\":\"Hut Factory\"},\"image\":{\"@id\":\"https:\\\/\\\/hutfactory.com\\\/#\\\/schema\\\/logo\\\/image\\\/\"}}]}<\/script>\n<!-- \/ Yoast SEO Premium plugin. -->","yoast_head_json":{"title":"Damenhut geh\u00e4kelt \u0096 Eleganter Panamahut mit blauem Rand","description":"Hochwertiger Damenhut Cloche Panama geh\u00e4kelt aus 100% Panama-Stroh, handgefertigt mit blauen Akzenten. Ideal f\u00fcr stilvolle Sommerlooks.","robots":{"index":"index","follow":"follow","max-snippet":"max-snippet:-1","max-image-preview":"max-image-preview:large","max-video-preview":"max-video-preview:-1"},"canonical":"https:\/\/hutfactory.com\/?product=cloche-panama-gehaekelt-mit-blauen-akzente","og_locale":"de_DE","og_type":"article","og_title":"Cloche Panama geh\u00e4kelt mit blauen Akzente","og_description":"Hochwertiger Damenhut Cloche Panama geh\u00e4kelt aus 100% Panama-Stroh, handgefertigt mit blauen Akzenten. Ideal f\u00fcr stilvolle Sommerlooks.","og_url":"https:\/\/hutfactory.com\/?product=cloche-panama-gehaekelt-mit-blauen-akzente","og_site_name":"Hut Factory","article_modified_time":"2026-03-12T08:29:24+00:00","og_image":[{"width":750,"height":750,"url":"https:\/\/hutfactory.com\/wp-content\/uploads\/2026\/03\/32411.1.webp","type":"image\/webp"}],"twitter_card":"summary_large_image","twitter_misc":{"Gesch\u00e4tzte Lesezeit":"2\u00a0Minuten"},"schema":{"@context":"https:\/\/schema.org","@graph":[{"@type":"WebPage","@id":"https:\/\/hutfactory.com\/?product=cloche-panama-gehaekelt-mit-blauen-akzente","url":"https:\/\/hutfactory.com\/?product=cloche-panama-gehaekelt-mit-blauen-akzente","name":"Damenhut geh\u00e4kelt \u0096 Eleganter Panamahut mit blauem Rand","isPartOf":{"@id":"https:\/\/hutfactory.com\/#website"},"primaryImageOfPage":{"@id":"https:\/\/hutfactory.com\/?product=cloche-panama-gehaekelt-mit-blauen-akzente#primaryimage"},"image":{"@id":"https:\/\/hutfactory.com\/?product=cloche-panama-gehaekelt-mit-blauen-akzente#primaryimage"},"thumbnailUrl":"https:\/\/hutfactory.com\/wp-content\/uploads\/2026\/03\/32411.1.webp","datePublished":"2026-03-10T10:15:23+00:00","dateModified":"2026-03-12T08:29:24+00:00","description":"Hochwertiger Damenhut Cloche Panama geh\u00e4kelt aus 100% Panama-Stroh, handgefertigt mit blauen Akzenten. Ideal f\u00fcr stilvolle Sommerlooks.","breadcrumb":{"@id":"https:\/\/hutfactory.com\/?product=cloche-panama-gehaekelt-mit-blauen-akzente#breadcrumb"},"inLanguage":"de","potentialAction":[{"@type":"ReadAction","target":["https:\/\/hutfactory.com\/?product=cloche-panama-gehaekelt-mit-blauen-akzente"]}]},{"@type":"ImageObject","inLanguage":"de","@id":"https:\/\/hutfactory.com\/?product=cloche-panama-gehaekelt-mit-blauen-akzente#primaryimage","url":"https:\/\/hutfactory.com\/wp-content\/uploads\/2026\/03\/32411.1.webp","contentUrl":"https:\/\/hutfactory.com\/wp-content\/uploads\/2026\/03\/32411.1.webp","width":750,"height":750,"caption":"veredelt mit blauen Details f\u00fcr einen einzigartigen Look|"},{"@type":"BreadcrumbList","@id":"https:\/\/hutfactory.com\/?product=cloche-panama-gehaekelt-mit-blauen-akzente#breadcrumb","itemListElement":[{"@type":"ListItem","position":1,"name":"Start","item":"https:\/\/hutfactory.com\/"},{"@type":"ListItem","position":2,"name":"Shop","item":"https:\/\/hutfactory.com\/?page_id=10"},{"@type":"ListItem","position":3,"name":"Cloche Panama geh\u00e4kelt mit blauen Akzente"}]},{"@type":"WebSite","@id":"https:\/\/hutfactory.com\/#website","url":"https:\/\/hutfactory.com\/","name":"Hut Factory","description":"H\u00fcte, Kappen &amp; M\u00fctzen in Top Swiss\/EU Qualit\u00e4t","publisher":{"@id":"https:\/\/hutfactory.com\/#organization"},"alternateName":"Hut Shop","potentialAction":[{"@type":"SearchAction","target":{"@type":"EntryPoint","urlTemplate":"https:\/\/hutfactory.com\/?s={search_term_string}"},"query-input":{"@type":"PropertyValueSpecification","valueRequired":true,"valueName":"search_term_string"}}],"inLanguage":"de"},{"@type":"Organization","@id":"https:\/\/hutfactory.com\/#organization","name":"Hut Factory","url":"https:\/\/hutfactory.com\/","logo":{"@type":"ImageObject","inLanguage":"de","@id":"https:\/\/hutfactory.com\/#\/schema\/logo\/image\/","url":"https:\/\/hutfactory.com\/wp-content\/uploads\/2026\/01\/Logo-hut-factory-1.webp","contentUrl":"https:\/\/hutfactory.com\/wp-content\/uploads\/2026\/01\/Logo-hut-factory-1.webp","width":300,"height":262,"caption":"Hut Factory"},"image":{"@id":"https:\/\/hutfactory.com\/#\/schema\/logo\/image\/"}}]}},"_links":{"self":[{"href":"https:\/\/hutfactory.com\/index.php?rest_route=\/wp\/v2\/product\/17250","targetHints":{"allow":["GET"]}}],"collection":[{"href":"https:\/\/hutfactory.com\/index.php?rest_route=\/wp\/v2\/product"}],"about":[{"href":"https:\/\/hutfactory.com\/index.php?rest_route=\/wp\/v2\/types\/product"}],"wp:featuredmedia":[{"embeddable":true,"href":"https:\/\/hutfactory.com\/index.php?rest_route=\/wp\/v2\/media\/17251"}],"wp:attachment":[{"href":"https:\/\/hutfactory.com\/index.php?rest_route=%2Fwp%2Fv2%2Fmedia&parent=17250"}],"wp:term":[{"taxonomy":"product_brand","embeddable":true,"href":"https:\/\/hutfactory.com\/index.php?rest_route=%2Fwp%2Fv2%2Fproduct_brand&post=17250"},{"taxonomy":"product_cat","embeddable":true,"href":"https:\/\/hutfactory.com\/index.php?rest_route=%2Fwp%2Fv2%2Fproduct_cat&post=17250"},{"taxonomy":"product_tag","embeddable":true,"href":"https:\/\/hutfactory.com\/index.php?rest_route=%2Fwp%2Fv2%2Fproduct_tag&post=17250"}],"curies":[{"name":"wp","href":"https:\/\/api.w.org\/{rel}","templated":true}]}}