{"id":17190,"date":"2026-03-10T10:15:23","date_gmt":"2026-03-10T10:15:23","guid":{"rendered":"https:\/\/hutfactory.com\/?product=damen-strohhut-cloche-straw-addicted"},"modified":"2026-03-23T11:05:13","modified_gmt":"2026-03-23T11:05:13","slug":"damen-strohhut-cloche-straw-addicted","status":"publish","type":"product","link":"https:\/\/hutfactory.com\/?product=damen-strohhut-cloche-straw-addicted","title":{"rendered":"Damen Strohhut Cloche &#8220;straw addicted&#8221;"},"content":{"rendered":"<h3 class=\"\" data-start=\"473\" data-end=\"549\"><strong data-start=\"477\" data-end=\"549\">Sinnlich sommerlich &#038; formvollendet \u0096 ein Must-have f\u00fcr sonnige Tage<\/strong><\/h3>\n<p class=\"\" data-start=\"551\" data-end=\"1010\">Die weich geschwungene Glockenform des Cloche-Modells passt sich harmonisch jeder Gesichtsform an. Die gleichm\u00e4\u00dfig strukturierte Flechtung in Naturstroh verleiht dem Hut eine dezente Eleganz, w\u00e4hrend das breite Leinenband mit ikonischem <em data-start=\"788\" data-end=\"804\">Risa seit 1919<\/em>-Knopf stilvolle Raffinesse verspr\u00fcht. Die klassische, nach unten gezogene Krempe bietet optimalen Schutz f\u00fcr Gesicht und Nacken und macht diesen Strohhut zu einem charmanten Allrounder f\u00fcr sonnige Momente.<\/p>\n<p class=\"\" data-start=\"1012\" data-end=\"1033\"><strong data-start=\"1012\" data-end=\"1033\">Perfekt f\u00fcr\u0085.. ??<\/strong><\/p>\n<p class=\"\" data-start=\"1035\" data-end=\"1241\"><strong data-start=\"1035\" data-end=\"1062\">?? Sommerliche Anl\u00e4sse:<\/strong><br data-start=\"1062\" data-end=\"1065\" \/>Ob beim Spaziergang durch die Altstadt, beim Picknick im Park oder auf dem Wochenendmarkt \u0096 dieser Cloche setzt ein modisches Statement und sch\u00fctzt zuverl\u00e4ssig vor der Sonne.<\/p>\n<p class=\"\" data-start=\"1243\" data-end=\"1432\"><strong data-start=\"1243\" data-end=\"1266\">?? Elegante Events:<\/strong><br data-start=\"1266\" data-end=\"1269\" \/>Durch sein schlichtes, aber raffiniertes Design eignet sich dieses Modell auch f\u00fcr Gartenpartys, Sommerhochzeiten oder einen Besuch im Theater unter freiem Himmel.<\/p>\n<p class=\"\" data-start=\"1434\" data-end=\"1618\"><strong data-start=\"1434\" data-end=\"1464\">?? Natur- und Modebewusst:<\/strong><br data-start=\"1464\" data-end=\"1467\" \/>Der Hut besteht aus 100% Weizenstroh \u0096 einem nachhaltigen, biologisch abbaubaren Naturmaterial \u0096 und wird mit viel Liebe zum Detail von Hand gefertigt.<\/p>\n<div class=\"hf-accordions\">\n<hr class=\"hf-accordion-separator\" \/>\n<details class=\"hf-accordion\">\n<summary><strong>\u25b6\ufe0f Gut zu wissen \u2013 mehr erfahren<\/strong><\/summary>\n<div class=\"hf-accordion-content\">\n<h3 class=\"\" data-start=\"1620\" data-end=\"1651\"><strong data-start=\"1624\" data-end=\"1651\">Eigenschaften &#038; Details<\/strong><\/h3>\n<ul data-start=\"1652\" data-end=\"2105\">\n<li class=\"\" data-start=\"1652\" data-end=\"1723\">\n<p class=\"\" data-start=\"1654\" data-end=\"1723\"><strong data-start=\"1654\" data-end=\"1667\">Material:<\/strong> 100% Weizenstroh \u0096 nat\u00fcrlich, leicht und atmungsaktiv<\/p>\n<\/li>\n<li class=\"\" data-start=\"1724\" data-end=\"1796\">\n<p class=\"\" data-start=\"1726\" data-end=\"1796\"><strong data-start=\"1726\" data-end=\"1741\">Randbreite:<\/strong> 7.0 cm \u0096 idealer Schutz mit stilvoll femininer Linie<\/p>\n<\/li>\n<li class=\"\" data-start=\"1797\" data-end=\"1851\">\n<p class=\"\" data-start=\"1799\" data-end=\"1851\"><strong data-start=\"1799\" data-end=\"1812\">Kopfh\u00f6he:<\/strong> 9.0 cm \u0096 klassisch runde Cloche-Form<\/p>\n<\/li>\n<li class=\"\" data-start=\"1852\" data-end=\"1920\">\n<p class=\"\" data-start=\"1854\" data-end=\"1920\"><strong data-start=\"1854\" data-end=\"1865\">Farben:<\/strong> Natur mit Leinenhutband in <em data-start=\"1893\" data-end=\"1906\">Ciel (Blau)<\/em> oder <em data-start=\"1912\" data-end=\"1918\">Sand<\/em><\/p>\n<\/li>\n<li class=\"\" data-start=\"1921\" data-end=\"1995\">\n<p class=\"\" data-start=\"1923\" data-end=\"1995\"><strong data-start=\"1923\" data-end=\"1936\">Garnitur:<\/strong> Breites Leinenband mit ikonischem <em data-start=\"1971\" data-end=\"1987\">Risa seit 1919<\/em>-Knopf<\/p>\n<\/li>\n<li class=\"\" data-start=\"1996\" data-end=\"2083\">\n<p class=\"\" data-start=\"1998\" data-end=\"2083\"><strong data-start=\"1998\" data-end=\"2015\">Schweissband:<\/strong> Sauber eingen\u00e4htes Textilinnenband f\u00fcr ein angenehmes Tragegef\u00fchl<\/p>\n<\/li>\n<li class=\"\" data-start=\"2084\" data-end=\"2105\">\n<p class=\"\" data-start=\"2086\" data-end=\"2105\"><strong data-start=\"2086\" data-end=\"2097\">Gr\u00f6\u00dfen:<\/strong> 54\u009662<\/p>\n<\/li>\n<\/ul>\n<h3 class=\"\" data-start=\"2107\" data-end=\"2136\"><strong data-start=\"2111\" data-end=\"2136\">Design &#038; Verarbeitung<\/strong><\/h3>\n<p class=\"\" data-start=\"2137\" data-end=\"2433\">Die Cloche-Form wird traditionell auf Holzb\u00f6cken gefertigt und verleiht diesem Hut eine exquisite Rundung. Der aus feinem Weizenstroh handgeflochtene Hut besticht durch seine gleichm\u00e4\u00dfige Struktur, w\u00e4hrend die Leinen-Garnitur in nat\u00fcrlichen T\u00f6nen dem Look ein frisches, modisches Finish verleiht.<\/p>\n<h3 class=\"\" data-start=\"2435\" data-end=\"2471\"><strong data-start=\"2439\" data-end=\"2471\">Handgefertigt in der Schweiz<\/strong><\/h3>\n<p class=\"\" data-start=\"2472\" data-end=\"2697\">In der renommierten Schweizer Hutmanufaktur <em data-start=\"2516\" data-end=\"2522\">Risa<\/em> wird jedes Modell individuell gefertigt \u0096 mit viel Sorgfalt, Fingerspitzengef\u00fchl und \u00fcberliefertem Handwerkswissen. Eine Hommage an lokale Produktion, Qualit\u00e4t und Pr\u00e4zision.<\/p>\n<h3 class=\"\" data-start=\"2699\" data-end=\"2732\"><strong data-start=\"2703\" data-end=\"2732\">Nachhaltigkeit &#038; Qualit\u00e4t<\/strong><\/h3>\n<ul data-start=\"2733\" data-end=\"2978\">\n<li class=\"\" data-start=\"2733\" data-end=\"2826\">\n<p class=\"\" data-start=\"2735\" data-end=\"2826\"><strong data-start=\"2735\" data-end=\"2762\">Nat\u00fcrliche Materialien:<\/strong> Weizenstroh und Leinen \u0096 umweltfreundlich und hautvertr\u00e4glich<\/p>\n<\/li>\n<li class=\"\" data-start=\"2827\" data-end=\"2883\">\n<p class=\"\" data-start=\"2829\" data-end=\"2883\"><strong data-start=\"2829\" data-end=\"2856\">Handarbeit &#038; Tradition:<\/strong> Jeder Hut ist ein Unikat<\/p>\n<\/li>\n<li class=\"\" data-start=\"2884\" data-end=\"2978\">\n<p class=\"\" data-start=\"2886\" data-end=\"2978\"><strong data-start=\"2886\" data-end=\"2904\">Langlebigkeit:<\/strong> Stabil gearbeitet und bei richtiger Pflege jahrelang ein treuer Begleiter<\/p>\n<\/li>\n<\/ul>\n<h3 class=\"\" data-start=\"2980\" data-end=\"3009\"><strong data-start=\"2984\" data-end=\"3009\">Herstellung &#038; Versand<\/strong><\/h3>\n<ul data-start=\"3010\" data-end=\"3328\">\n<li class=\"\" data-start=\"3010\" data-end=\"3070\">\n<p class=\"\" data-start=\"3012\" data-end=\"3070\"><strong data-start=\"3012\" data-end=\"3041\">Fertigung auf Bestellung:<\/strong> Individuell in der Schweiz<\/p>\n<\/li>\n<li class=\"\" data-start=\"3071\" data-end=\"3118\">\n<p class=\"\" data-start=\"3073\" data-end=\"3118\"><strong data-start=\"3073\" data-end=\"3094\">Herstellungszeit:<\/strong> 10 bis 15 Arbeitstage<\/p>\n<\/li>\n<li class=\"\" data-start=\"3119\" data-end=\"3198\">\n<p class=\"\" data-start=\"3121\" data-end=\"3198\"><strong data-start=\"3121\" data-end=\"3133\">Versand:<\/strong> Innerhalb weniger Tage nach Fertigstellung ab Standort Schweiz<\/p>\n<\/li>\n<li class=\"\" data-start=\"3199\" data-end=\"3268\">\n<p class=\"\" data-start=\"3201\" data-end=\"3268\"><strong data-start=\"3201\" data-end=\"3214\">Garantie:<\/strong> Umtausch nur bei Material- oder Herstellungsfehlern<\/p>\n<\/li>\n<li class=\"\" data-start=\"3269\" data-end=\"3328\">\n<p class=\"\" data-start=\"3271\" data-end=\"3328\"><strong data-start=\"3271\" data-end=\"3289\">Verf\u00fcgbarkeit:<\/strong> Abverkauf des Rohmaterials vorbehalten<\/p>\n<\/li>\n<\/ul>\n<\/div>\n<\/details>\n<details class=\"hf-accordion\">\n<summary><strong>\u25b6\ufe0f FAQ \u2013 H\u00e4ufige Fragen<\/strong><\/summary>\n<div class=\"hf-accordion-content\">\n<h3 class=\"\" data-start=\"3330\" data-end=\"3367\"><strong data-start=\"3334\" data-end=\"3367\">FAQ \u0096 H\u00e4ufig gestellte Fragen<\/strong><\/h3>\n<p class=\"\" data-start=\"3369\" data-end=\"3492\"><strong data-start=\"3369\" data-end=\"3418\">Ist dieser Hut f\u00fcr hei\u00dfe Sommertage geeignet?<\/strong><br data-start=\"3418\" data-end=\"3421\" \/>Ja \u0096 durch das atmungsaktive Weizenstroh bleibt der Kopf angenehm k\u00fchl.<\/p>\n<p class=\"\" data-start=\"3494\" data-end=\"3651\"><strong data-start=\"3494\" data-end=\"3528\">Wie kann ich den Hut anpassen?<\/strong><br data-start=\"3528\" data-end=\"3531\" \/>Das Modell wird in verschiedenen Gr\u00f6\u00dfen gefertigt \u0096 bitte messen Sie Ihren Kopfumfang und w\u00e4hlen Sie die passende Gr\u00f6\u00dfe.<\/p>\n<p class=\"\" data-start=\"3653\" data-end=\"3809\"><strong data-start=\"3653\" data-end=\"3709\">Sch\u00fctzt der Hut mein Gesicht effektiv vor der Sonne?<\/strong><br data-start=\"3709\" data-end=\"3712\" \/>Ja \u0096 mit einer Randbreite von 7 cm bietet der Hut zuverl\u00e4ssigen UV-Schutz f\u00fcr Gesicht und Nacken.<\/p>\n<p class=\"\" data-start=\"3811\" data-end=\"3958\"><strong data-start=\"3811\" data-end=\"3868\">Kann ich den Hut umtauschen, wenn er mir nicht passt?<\/strong><br data-start=\"3868\" data-end=\"3871\" \/>Da es sich um eine Sonderanfertigung handelt, ist ein Umtausch nur bei M\u00e4ngeln m\u00f6glich.<\/p>\n<p class=\"\" data-start=\"3960\" data-end=\"4087\"><strong data-start=\"3960\" data-end=\"4002\">Wie bewahre ich den Hut am besten auf?<\/strong><br data-start=\"4002\" data-end=\"4005\" \/>Trocken und lichtgesch\u00fctzt \u0096 idealerweise in einer Hutbox. Mehr Tipps siehe unten.<\/p>\n<\/div>\n<\/details>\n<\/div>\n","protected":false},"excerpt":{"rendered":"<h3><strong>Ein femininer Klassiker mit modernem Twist<\/strong><\/h3>\n<p>Dieser elegante Cloche-Hut vereint klassische Silhouette mit sommerlicher Leichtigkeit. Hergestellt aus 100% Weizenstroh und veredelt mit einem breiten Leinenhutband in sanftem Ciel oder dezentem Sand, bietet dieser Hut stilvollen UV-Schutz bei zugleich exzellentem Tragekomfort. Ideal f\u00fcr modebewusste Damen, die Nat\u00fcrlichkeit und Handwerkskunst sch\u00e4tzen.<\/p>\n","protected":false},"featured_media":17191,"template":"","meta":{"_acf_changed":false,"rs_blank_template":"","rs_page_bg_color":"","slide_template_v7":""},"product_brand":[250],"product_cat":[446,275],"product_tag":[],"class_list":{"0":"post-17190","1":"product","2":"type-product","3":"status-publish","4":"has-post-thumbnail","6":"product_brand-risa-hutwerkstatt-schweiz","7":"product_cat-cloche-sommerhuete","8":"product_cat-sommerhuete","9":"product_shipping_class-mittlere-pakete","10":"pa_color-natur-ciel","11":"pa_color-natur-sand","12":"pa_groesse-206","13":"pa_groesse-196","14":"pa_groesse-207","15":"pa_groesse-197","16":"pa_groesse-208","17":"pa_groesse-198","18":"pa_groesse-209","19":"pa_groesse-199","20":"pa_groesse-210","21":"pa_groesse-213","22":"yith_product_brand-risa-hutwerkstatt-schweiz","25":"instock","26":"taxable","27":"shipping-taxable","28":"purchasable","29":"product-type-variable","30":"wvs-archive-product-wrapper","31":"add-to-wishlist-after_add_to_cart"},"acf":[],"yoast_head":"<!-- This site is optimized with the Yoast SEO Premium plugin v27.3 (Yoast SEO v27.3) - https:\/\/yoast.com\/product\/yoast-seo-premium-wordpress\/ -->\n<title>Damen Strohhut Cloche aus Weizenstroh mit Leinenband<\/title>\n<meta name=\"description\" content=\"Eleganter Damen-Strohhut in Cloche-Form \u0096 handgefertigt aus Weizenstroh mit edlem Leinenhutband.\" \/>\n<meta name=\"robots\" content=\"index, follow, max-snippet:-1, max-image-preview:large, max-video-preview:-1\" \/>\n<link rel=\"canonical\" href=\"https:\/\/hutfactory.com\/?product=damen-strohhut-cloche-straw-addicted\" \/>\n<meta property=\"og:locale\" content=\"de_DE\" \/>\n<meta property=\"og:type\" content=\"article\" \/>\n<meta property=\"og:title\" content=\"Damen Strohhut Cloche &quot;straw addicted&quot;\" \/>\n<meta property=\"og:description\" content=\"Eleganter Damen-Strohhut in Cloche-Form \u0096 handgefertigt aus Weizenstroh mit edlem Leinenhutband.\" \/>\n<meta property=\"og:url\" content=\"https:\/\/hutfactory.com\/?product=damen-strohhut-cloche-straw-addicted\" \/>\n<meta property=\"og:site_name\" content=\"Hut Factory\" \/>\n<meta property=\"article:modified_time\" content=\"2026-03-23T11:05:13+00:00\" \/>\n<meta property=\"og:image\" content=\"https:\/\/hutfactory.com\/wp-content\/uploads\/2026\/03\/10403541.webp\" \/>\n\t<meta property=\"og:image:width\" content=\"750\" \/>\n\t<meta property=\"og:image:height\" content=\"750\" \/>\n\t<meta property=\"og:image:type\" content=\"image\/webp\" \/>\n<meta name=\"twitter:card\" content=\"summary_large_image\" \/>\n<meta name=\"twitter:label1\" content=\"Gesch\u00e4tzte Lesezeit\" \/>\n\t<meta name=\"twitter:data1\" content=\"2\u00a0Minuten\" \/>\n<script type=\"application\/ld+json\" class=\"yoast-schema-graph\">{\"@context\":\"https:\\\/\\\/schema.org\",\"@graph\":[{\"@type\":\"WebPage\",\"@id\":\"https:\\\/\\\/hutfactory.com\\\/?product=damen-strohhut-cloche-straw-addicted\",\"url\":\"https:\\\/\\\/hutfactory.com\\\/?product=damen-strohhut-cloche-straw-addicted\",\"name\":\"Damen Strohhut Cloche aus Weizenstroh mit Leinenband\",\"isPartOf\":{\"@id\":\"https:\\\/\\\/hutfactory.com\\\/#website\"},\"primaryImageOfPage\":{\"@id\":\"https:\\\/\\\/hutfactory.com\\\/?product=damen-strohhut-cloche-straw-addicted#primaryimage\"},\"image\":{\"@id\":\"https:\\\/\\\/hutfactory.com\\\/?product=damen-strohhut-cloche-straw-addicted#primaryimage\"},\"thumbnailUrl\":\"https:\\\/\\\/hutfactory.com\\\/wp-content\\\/uploads\\\/2026\\\/03\\\/10403541.webp\",\"datePublished\":\"2026-03-10T10:15:23+00:00\",\"dateModified\":\"2026-03-23T11:05:13+00:00\",\"description\":\"Eleganter Damen-Strohhut in Cloche-Form \u0096 handgefertigt aus Weizenstroh mit edlem Leinenhutband.\",\"breadcrumb\":{\"@id\":\"https:\\\/\\\/hutfactory.com\\\/?product=damen-strohhut-cloche-straw-addicted#breadcrumb\"},\"inLanguage\":\"de\",\"potentialAction\":[{\"@type\":\"ReadAction\",\"target\":[\"https:\\\/\\\/hutfactory.com\\\/?product=damen-strohhut-cloche-straw-addicted\"]}]},{\"@type\":\"ImageObject\",\"inLanguage\":\"de\",\"@id\":\"https:\\\/\\\/hutfactory.com\\\/?product=damen-strohhut-cloche-straw-addicted#primaryimage\",\"url\":\"https:\\\/\\\/hutfactory.com\\\/wp-content\\\/uploads\\\/2026\\\/03\\\/10403541.webp\",\"contentUrl\":\"https:\\\/\\\/hutfactory.com\\\/wp-content\\\/uploads\\\/2026\\\/03\\\/10403541.webp\",\"width\":750,\"height\":750,\"caption\":\"gefertigt aus 100% Weizenstroh\"},{\"@type\":\"BreadcrumbList\",\"@id\":\"https:\\\/\\\/hutfactory.com\\\/?product=damen-strohhut-cloche-straw-addicted#breadcrumb\",\"itemListElement\":[{\"@type\":\"ListItem\",\"position\":1,\"name\":\"Start\",\"item\":\"https:\\\/\\\/hutfactory.com\\\/\"},{\"@type\":\"ListItem\",\"position\":2,\"name\":\"Shop\",\"item\":\"https:\\\/\\\/hutfactory.com\\\/?page_id=10\"},{\"@type\":\"ListItem\",\"position\":3,\"name\":\"Damen Strohhut Cloche &#8220;straw addicted&#8221;\"}]},{\"@type\":\"WebSite\",\"@id\":\"https:\\\/\\\/hutfactory.com\\\/#website\",\"url\":\"https:\\\/\\\/hutfactory.com\\\/\",\"name\":\"Hut Factory\",\"description\":\"H\u00fcte, Kappen &amp; M\u00fctzen in Top Swiss\\\/EU Qualit\u00e4t\",\"publisher\":{\"@id\":\"https:\\\/\\\/hutfactory.com\\\/#organization\"},\"alternateName\":\"Hut Shop\",\"potentialAction\":[{\"@type\":\"SearchAction\",\"target\":{\"@type\":\"EntryPoint\",\"urlTemplate\":\"https:\\\/\\\/hutfactory.com\\\/?s={search_term_string}\"},\"query-input\":{\"@type\":\"PropertyValueSpecification\",\"valueRequired\":true,\"valueName\":\"search_term_string\"}}],\"inLanguage\":\"de\"},{\"@type\":\"Organization\",\"@id\":\"https:\\\/\\\/hutfactory.com\\\/#organization\",\"name\":\"Hut Factory\",\"url\":\"https:\\\/\\\/hutfactory.com\\\/\",\"logo\":{\"@type\":\"ImageObject\",\"inLanguage\":\"de\",\"@id\":\"https:\\\/\\\/hutfactory.com\\\/#\\\/schema\\\/logo\\\/image\\\/\",\"url\":\"https:\\\/\\\/hutfactory.com\\\/wp-content\\\/uploads\\\/2026\\\/01\\\/Logo-hut-factory-1.webp\",\"contentUrl\":\"https:\\\/\\\/hutfactory.com\\\/wp-content\\\/uploads\\\/2026\\\/01\\\/Logo-hut-factory-1.webp\",\"width\":300,\"height\":262,\"caption\":\"Hut Factory\"},\"image\":{\"@id\":\"https:\\\/\\\/hutfactory.com\\\/#\\\/schema\\\/logo\\\/image\\\/\"}}]}<\/script>\n<!-- \/ Yoast SEO Premium plugin. -->","yoast_head_json":{"title":"Damen Strohhut Cloche aus Weizenstroh mit Leinenband","description":"Eleganter Damen-Strohhut in Cloche-Form \u0096 handgefertigt aus Weizenstroh mit edlem Leinenhutband.","robots":{"index":"index","follow":"follow","max-snippet":"max-snippet:-1","max-image-preview":"max-image-preview:large","max-video-preview":"max-video-preview:-1"},"canonical":"https:\/\/hutfactory.com\/?product=damen-strohhut-cloche-straw-addicted","og_locale":"de_DE","og_type":"article","og_title":"Damen Strohhut Cloche \"straw addicted\"","og_description":"Eleganter Damen-Strohhut in Cloche-Form \u0096 handgefertigt aus Weizenstroh mit edlem Leinenhutband.","og_url":"https:\/\/hutfactory.com\/?product=damen-strohhut-cloche-straw-addicted","og_site_name":"Hut Factory","article_modified_time":"2026-03-23T11:05:13+00:00","og_image":[{"width":750,"height":750,"url":"https:\/\/hutfactory.com\/wp-content\/uploads\/2026\/03\/10403541.webp","type":"image\/webp"}],"twitter_card":"summary_large_image","twitter_misc":{"Gesch\u00e4tzte Lesezeit":"2\u00a0Minuten"},"schema":{"@context":"https:\/\/schema.org","@graph":[{"@type":"WebPage","@id":"https:\/\/hutfactory.com\/?product=damen-strohhut-cloche-straw-addicted","url":"https:\/\/hutfactory.com\/?product=damen-strohhut-cloche-straw-addicted","name":"Damen Strohhut Cloche aus Weizenstroh mit Leinenband","isPartOf":{"@id":"https:\/\/hutfactory.com\/#website"},"primaryImageOfPage":{"@id":"https:\/\/hutfactory.com\/?product=damen-strohhut-cloche-straw-addicted#primaryimage"},"image":{"@id":"https:\/\/hutfactory.com\/?product=damen-strohhut-cloche-straw-addicted#primaryimage"},"thumbnailUrl":"https:\/\/hutfactory.com\/wp-content\/uploads\/2026\/03\/10403541.webp","datePublished":"2026-03-10T10:15:23+00:00","dateModified":"2026-03-23T11:05:13+00:00","description":"Eleganter Damen-Strohhut in Cloche-Form \u0096 handgefertigt aus Weizenstroh mit edlem Leinenhutband.","breadcrumb":{"@id":"https:\/\/hutfactory.com\/?product=damen-strohhut-cloche-straw-addicted#breadcrumb"},"inLanguage":"de","potentialAction":[{"@type":"ReadAction","target":["https:\/\/hutfactory.com\/?product=damen-strohhut-cloche-straw-addicted"]}]},{"@type":"ImageObject","inLanguage":"de","@id":"https:\/\/hutfactory.com\/?product=damen-strohhut-cloche-straw-addicted#primaryimage","url":"https:\/\/hutfactory.com\/wp-content\/uploads\/2026\/03\/10403541.webp","contentUrl":"https:\/\/hutfactory.com\/wp-content\/uploads\/2026\/03\/10403541.webp","width":750,"height":750,"caption":"gefertigt aus 100% Weizenstroh"},{"@type":"BreadcrumbList","@id":"https:\/\/hutfactory.com\/?product=damen-strohhut-cloche-straw-addicted#breadcrumb","itemListElement":[{"@type":"ListItem","position":1,"name":"Start","item":"https:\/\/hutfactory.com\/"},{"@type":"ListItem","position":2,"name":"Shop","item":"https:\/\/hutfactory.com\/?page_id=10"},{"@type":"ListItem","position":3,"name":"Damen Strohhut Cloche &#8220;straw addicted&#8221;"}]},{"@type":"WebSite","@id":"https:\/\/hutfactory.com\/#website","url":"https:\/\/hutfactory.com\/","name":"Hut Factory","description":"H\u00fcte, Kappen &amp; M\u00fctzen in Top Swiss\/EU Qualit\u00e4t","publisher":{"@id":"https:\/\/hutfactory.com\/#organization"},"alternateName":"Hut Shop","potentialAction":[{"@type":"SearchAction","target":{"@type":"EntryPoint","urlTemplate":"https:\/\/hutfactory.com\/?s={search_term_string}"},"query-input":{"@type":"PropertyValueSpecification","valueRequired":true,"valueName":"search_term_string"}}],"inLanguage":"de"},{"@type":"Organization","@id":"https:\/\/hutfactory.com\/#organization","name":"Hut Factory","url":"https:\/\/hutfactory.com\/","logo":{"@type":"ImageObject","inLanguage":"de","@id":"https:\/\/hutfactory.com\/#\/schema\/logo\/image\/","url":"https:\/\/hutfactory.com\/wp-content\/uploads\/2026\/01\/Logo-hut-factory-1.webp","contentUrl":"https:\/\/hutfactory.com\/wp-content\/uploads\/2026\/01\/Logo-hut-factory-1.webp","width":300,"height":262,"caption":"Hut Factory"},"image":{"@id":"https:\/\/hutfactory.com\/#\/schema\/logo\/image\/"}}]}},"_links":{"self":[{"href":"https:\/\/hutfactory.com\/index.php?rest_route=\/wp\/v2\/product\/17190","targetHints":{"allow":["GET"]}}],"collection":[{"href":"https:\/\/hutfactory.com\/index.php?rest_route=\/wp\/v2\/product"}],"about":[{"href":"https:\/\/hutfactory.com\/index.php?rest_route=\/wp\/v2\/types\/product"}],"wp:featuredmedia":[{"embeddable":true,"href":"https:\/\/hutfactory.com\/index.php?rest_route=\/wp\/v2\/media\/17191"}],"wp:attachment":[{"href":"https:\/\/hutfactory.com\/index.php?rest_route=%2Fwp%2Fv2%2Fmedia&parent=17190"}],"wp:term":[{"taxonomy":"product_brand","embeddable":true,"href":"https:\/\/hutfactory.com\/index.php?rest_route=%2Fwp%2Fv2%2Fproduct_brand&post=17190"},{"taxonomy":"product_cat","embeddable":true,"href":"https:\/\/hutfactory.com\/index.php?rest_route=%2Fwp%2Fv2%2Fproduct_cat&post=17190"},{"taxonomy":"product_tag","embeddable":true,"href":"https:\/\/hutfactory.com\/index.php?rest_route=%2Fwp%2Fv2%2Fproduct_tag&post=17190"}],"curies":[{"name":"wp","href":"https:\/\/api.w.org\/{rel}","templated":true}]}}