{"id":17183,"date":"2026-03-10T10:14:22","date_gmt":"2026-03-10T10:14:22","guid":{"rendered":"https:\/\/hutfactory.com\/?product=strohhut-trilby-straw-addicted"},"modified":"2026-03-10T10:17:05","modified_gmt":"2026-03-10T10:17:05","slug":"strohhut-trilby-straw-addicted","status":"publish","type":"product","link":"https:\/\/hutfactory.com\/?product=strohhut-trilby-straw-addicted","title":{"rendered":"Strohhut Trilby &#8220;straw addicted&#8221;"},"content":{"rendered":"<h3 class=\"\" data-start=\"517\" data-end=\"571\"><strong data-start=\"521\" data-end=\"571\">Stilvoll unterwegs \u0096 mit Charakter und Komfort<\/strong><\/h3>\n<p class=\"\" data-start=\"573\" data-end=\"1041\">Gefertigt aus sorgf\u00e4ltig geflochtenem Naturstroh begeistert der Player \u0084straw addicted\u0093 mit seiner modernen Silhouette und traditionell hochwertiger Verarbeitung. Die handvern\u00e4hte Leinen-Garnitur mit dem ikonischen <em data-start=\"788\" data-end=\"804\">Risa seit 1919<\/em>-Knopf auf gerader Traverse verleiht dem Hut einen authentischen Look \u0096 eine Hommage an Handwerk und Zeitgeist. Die angenehm leichte Struktur sorgt f\u00fcr optimale Luftzirkulation, w\u00e4hrend das weiche Innenband f\u00fcr besten Tragekomfort sorgt.<\/p>\n<p class=\"\" data-start=\"1043\" data-end=\"1064\"><strong data-start=\"1043\" data-end=\"1064\">Perfekt f\u00fcr\u0085.. ??<\/strong><\/p>\n<p class=\"\" data-start=\"1066\" data-end=\"1242\"><strong data-start=\"1066\" data-end=\"1093\">?? Sommerliche Anl\u00e4sse:<\/strong><br data-start=\"1093\" data-end=\"1096\" \/>Egal ob beim Stadtbummel, Gartenfest oder entspannten Stunden am See \u0096 dieser Player setzt sommerliche Akzente und sch\u00fctzt stilvoll vor der Sonne.<\/p>\n<p class=\"\" data-start=\"1244\" data-end=\"1414\"><strong data-start=\"1244\" data-end=\"1265\">?? Urbane Events:<\/strong><br data-start=\"1265\" data-end=\"1268\" \/>Mit seinem charmanten, smarten Schnitt ist er ideal f\u00fcr kreative Events, Streetstyles und Festivals. Ein Hut f\u00fcr Individualisten und Modebewusste.<\/p>\n<p class=\"\" data-start=\"1416\" data-end=\"1620\"><strong data-start=\"1416\" data-end=\"1446\">?? Natur- und Modebewusst:<\/strong><br data-start=\"1446\" data-end=\"1449\" \/>Nachhaltig produziert aus biologisch abbaubarem Weizenstroh und mit Garnituren aus nat\u00fcrlichen Leinenstoffen \u0096 f\u00fcr alle, die modisch denken und verantwortungsvoll handeln.<\/p>\n<div class=\"hf-accordions\">\n<hr class=\"hf-accordion-separator\" \/>\n<details class=\"hf-accordion\">\n<summary><strong>\u25b6\ufe0f Gut zu wissen \u2013 mehr erfahren<\/strong><\/summary>\n<div class=\"hf-accordion-content\">\n<h3 class=\"\" data-start=\"1622\" data-end=\"1654\"><strong data-start=\"1626\" data-end=\"1654\">Eigenschaften &#038; Details:<\/strong><\/h3>\n<ul data-start=\"1655\" data-end=\"2142\">\n<li class=\"\" data-start=\"1655\" data-end=\"1726\">\n<p class=\"\" data-start=\"1657\" data-end=\"1726\"><strong data-start=\"1657\" data-end=\"1670\">Material:<\/strong> 100% Weizenstroh \u0096 nat\u00fcrlich, leicht und atmungsaktiv<\/p>\n<\/li>\n<li class=\"\" data-start=\"1727\" data-end=\"1814\">\n<p class=\"\" data-start=\"1729\" data-end=\"1814\"><strong data-start=\"1729\" data-end=\"1744\">Randbreite:<\/strong> 5.5 cm \u0096 idealer Sonnenschutz mit sportlich-eleganter Linienf\u00fchrung<\/p>\n<\/li>\n<li class=\"\" data-start=\"1815\" data-end=\"1884\">\n<p class=\"\" data-start=\"1817\" data-end=\"1884\"><strong data-start=\"1817\" data-end=\"1830\">Kopfh\u00f6he:<\/strong> 10.5 cm \u0096 klassische Playerform mit sanftem Schwung<\/p>\n<\/li>\n<li class=\"\" data-start=\"1885\" data-end=\"1958\">\n<p class=\"\" data-start=\"1887\" data-end=\"1958\"><strong data-start=\"1887\" data-end=\"1898\">Farben:<\/strong> Natur mit Garnitur in Ciel oder Sand \u0096 stilvoll wandelbar<\/p>\n<\/li>\n<li class=\"\" data-start=\"1959\" data-end=\"2046\">\n<p class=\"\" data-start=\"1961\" data-end=\"2046\"><strong data-start=\"1961\" data-end=\"1974\">Garnitur:<\/strong> Leinen-Hutband mit gerader Traverse &#038; <em data-start=\"2013\" data-end=\"2029\">Risa seit 1919<\/em> Qualit\u00e4tsknopf<\/p>\n<\/li>\n<li class=\"\" data-start=\"2047\" data-end=\"2122\">\n<p class=\"\" data-start=\"2049\" data-end=\"2122\"><strong data-start=\"2049\" data-end=\"2065\">Schwei\u00dfband:<\/strong> Eingen\u00e4htes Textilinnenband f\u00fcr maximalen Tragekomfort<\/p>\n<\/li>\n<li class=\"\" data-start=\"2123\" data-end=\"2142\">\n<p class=\"\" data-start=\"2125\" data-end=\"2142\"><strong data-start=\"2125\" data-end=\"2136\">Gr\u00f6\u00dfen:<\/strong> 53\u009663<\/p>\n<\/li>\n<\/ul>\n<h3 class=\"\" data-start=\"2144\" data-end=\"2173\"><strong data-start=\"2148\" data-end=\"2173\">Design &#038; Verarbeitung<\/strong><\/h3>\n<p class=\"\" data-start=\"2174\" data-end=\"2462\">Die reduzierte Player-Form mit rundum harmonischen Proportionen und strukturierter Flechtung bringt nicht nur l\u00e4ssige Eleganz, sondern auch eine hohe Alltagstauglichkeit mit sich. Die edle Leinen-Garnitur und die gerade Traverse unterstreichen die handwerkliche Raffinesse bis ins Detail.<\/p>\n<h3 class=\"\" data-start=\"2464\" data-end=\"2500\"><strong data-start=\"2468\" data-end=\"2500\">Handgefertigt in der Schweiz<\/strong><\/h3>\n<p class=\"\" data-start=\"2501\" data-end=\"2778\">Jeder Hut wird in der traditionsreichen Risa Hutwerkstatt entworfen und in enger Zusammenarbeit mit italienischen Familienbetrieben gefertigt. Das garantiert h\u00f6chste Qualit\u00e4t, lokale Wertsch\u00f6pfung und kurze Lieferwege \u0096 gefertigt in Europa, mit Stolz in der Schweiz verwurzelt.<\/p>\n<h3 class=\"\" data-start=\"2780\" data-end=\"2813\"><strong data-start=\"2784\" data-end=\"2813\">Nachhaltigkeit &#038; Qualit\u00e4t<\/strong><\/h3>\n<ul data-start=\"2814\" data-end=\"3101\">\n<li class=\"\" data-start=\"2814\" data-end=\"2922\">\n<p class=\"\" data-start=\"2816\" data-end=\"2922\"><strong data-start=\"2816\" data-end=\"2843\">Nat\u00fcrliche Materialien:<\/strong> Weizenstroh und Leinen \u0096 \u00f6kologisch verantwortungsvoll und stilvoll zugleich<\/p>\n<\/li>\n<li class=\"\" data-start=\"2923\" data-end=\"3006\">\n<p class=\"\" data-start=\"2925\" data-end=\"3006\"><strong data-start=\"2925\" data-end=\"2952\">Handarbeit &#038; Tradition:<\/strong> Jeder Hut ein Unikat mit Handschrift der Manufaktur<\/p>\n<\/li>\n<li class=\"\" data-start=\"3007\" data-end=\"3101\">\n<p class=\"\" data-start=\"3009\" data-end=\"3101\"><strong data-start=\"3009\" data-end=\"3027\">Langlebigkeit:<\/strong> Mit der richtigen Pflege ein treuer Begleiter \u00fcber viele Saisons hinweg<\/p>\n<\/li>\n<\/ul>\n<h3 class=\"\" data-start=\"3103\" data-end=\"3132\"><strong data-start=\"3107\" data-end=\"3132\">Herstellung &#038; Versand<\/strong><\/h3>\n<ul data-start=\"3133\" data-end=\"3538\">\n<li class=\"\" data-start=\"3133\" data-end=\"3210\">\n<p class=\"\" data-start=\"3135\" data-end=\"3210\"><strong data-start=\"3135\" data-end=\"3164\">Fertigung auf Bestellung:<\/strong> Individuell gefertigt nach Ihrer Bestellung<\/p>\n<\/li>\n<li class=\"\" data-start=\"3211\" data-end=\"3279\">\n<p class=\"\" data-start=\"3213\" data-end=\"3279\"><strong data-start=\"3213\" data-end=\"3234\">Herstellungszeit:<\/strong> 10 bis 15 Arbeitstage nach Zahlungseingang<\/p>\n<\/li>\n<li class=\"\" data-start=\"3280\" data-end=\"3339\">\n<p class=\"\" data-start=\"3282\" data-end=\"3339\"><strong data-start=\"3282\" data-end=\"3294\">Versand:<\/strong> Innerhalb weniger Tage ab Standort Schweiz<\/p>\n<\/li>\n<li class=\"\" data-start=\"3340\" data-end=\"3409\">\n<p class=\"\" data-start=\"3342\" data-end=\"3409\"><strong data-start=\"3342\" data-end=\"3355\">Garantie:<\/strong> Umtausch nur bei Material- oder Herstellungsfehlern<\/p>\n<\/li>\n<li class=\"\" data-start=\"3410\" data-end=\"3478\">\n<p class=\"\" data-start=\"3412\" data-end=\"3478\"><strong data-start=\"3412\" data-end=\"3424\">Hinweis:<\/strong> Kein generelles R\u00fcckgaberecht, da Sonderanfertigung<\/p>\n<\/li>\n<li class=\"\" data-start=\"3479\" data-end=\"3538\">\n<p class=\"\" data-start=\"3481\" data-end=\"3538\"><strong data-start=\"3481\" data-end=\"3499\">Verf\u00fcgbarkeit:<\/strong> Abverkauf des Rohmaterials vorbehalten<\/p>\n<\/li>\n<\/ul>\n<\/div>\n<\/details>\n<details class=\"hf-accordion\">\n<summary><strong>\u25b6\ufe0f FAQ \u2013 H\u00e4ufige Fragen<\/strong><\/summary>\n<div class=\"hf-accordion-content\">\n<h3 class=\"\" data-start=\"3540\" data-end=\"3568\"><strong data-start=\"3544\" data-end=\"3568\">FAQ \u0096 H\u00e4ufige Fragen<\/strong><\/h3>\n<p class=\"\" data-start=\"3570\" data-end=\"3690\"><strong data-start=\"3570\" data-end=\"3620\">Ist der Hut gut f\u00fcr hei\u00dfe Sommertage geeignet?<\/strong><br data-start=\"3620\" data-end=\"3623\" \/>Ja \u0096 das atmungsaktive Weizenstroh sch\u00fctzt vor Sonne und Hitzestau.<\/p>\n<p class=\"\" data-start=\"3692\" data-end=\"3821\"><strong data-start=\"3692\" data-end=\"3737\">L\u00e4sst sich der Hut leicht transportieren?<\/strong><br data-start=\"3737\" data-end=\"3740\" \/>Er ist leicht und kompakt, aber nicht faltbar \u0096 am besten in einer Hutbox lagern.<\/p>\n<p class=\"\" data-start=\"3823\" data-end=\"3946\"><strong data-start=\"3823\" data-end=\"3857\">Ist der Hut gr\u00f6\u00dfenverstellbar?<\/strong><br data-start=\"3857\" data-end=\"3860\" \/>Nein, aber durch die passgenauen Gr\u00f6\u00dfen zwischen 53\u009663 finden Sie die ideale Passform.<\/p>\n<p class=\"\" data-start=\"3948\" data-end=\"4101\"><strong data-start=\"3948\" data-end=\"3992\">Kann ich das Hutband individuell w\u00e4hlen?<\/strong><br data-start=\"3992\" data-end=\"3995\" \/>Dieses Modell ist in zwei Varianten mit stilvollen Leinenb\u00e4ndern erh\u00e4ltlich, Sonderw\u00fcnsche bitte anfragen.<\/p>\n<\/div>\n<\/details>\n<\/div>\n","protected":false},"excerpt":{"rendered":"<h3 class=\"\" data-start=\"0\" data-end=\"81\"><strong data-start=\"4\" data-end=\"81\"> L\u00e4ssige Eleganz trifft Handwerkskunst<\/strong><\/h3>\n<p class=\"\" data-start=\"83\" data-end=\"515\">Die Sonne im Gesicht, den Sommer im Herzen und Stil auf dem Kopf \u0096 dieser luftig-leichte Player-Hut aus 100% Weizenstroh ist Ihr ultimativer Begleiter f\u00fcr warme Tage. Mit seinem flachen, leicht geschwungenen Rand und der charmant niedrigen Krone verspr\u00fcht er urbane Coolness und sommerliche Leichtigkeit zugleich. Ob in Natur mit Ciel-blauem oder Sandfarbenem Leinenband \u0096 dieses Modell bringt Farbe und Charakter in jede Garderobe.<\/p>\n","protected":false},"featured_media":17184,"template":"","meta":{"_acf_changed":false,"rs_blank_template":"","rs_page_bg_color":"","slide_template_v7":""},"product_brand":[250],"product_cat":[606,275],"product_tag":[],"class_list":{"0":"post-17183","1":"product","2":"type-product","3":"status-publish","4":"has-post-thumbnail","6":"product_brand-risa-hutwerkstatt-schweiz","7":"product_cat-player-sommerhuete","8":"product_cat-sommerhuete","9":"product_shipping_class-mittlere-pakete","10":"pa_color-natur-ciel","11":"pa_color-natur-sand","12":"pa_groesse-206","13":"pa_groesse-196","14":"pa_groesse-207","15":"pa_groesse-197","16":"pa_groesse-208","17":"pa_groesse-198","18":"pa_groesse-209","19":"pa_groesse-199","20":"pa_groesse-210","21":"yith_product_brand-risa-hutwerkstatt-schweiz","24":"instock","25":"taxable","26":"shipping-taxable","27":"purchasable","28":"product-type-variable","29":"wvs-archive-product-wrapper","30":"add-to-wishlist-after_add_to_cart"},"acf":[],"yoast_head":"<!-- This site is optimized with the Yoast SEO Premium plugin v27.3 (Yoast SEO v27.3) - https:\/\/yoast.com\/product\/yoast-seo-premium-wordpress\/ -->\n<title>Trilby &quot;Straw Addicted&quot; - Sommerhut f\u00fcr Damen und Herren<\/title>\n<meta name=\"description\" content=\"Entdecken Sie den Trilby &quot;Straw Addicted&quot; - handgefertigt aus 100% Weizenstroh in der Schweiz. Ein stilvoller Begleiter f\u00fcr sonnige Tage. Jetzt bestellen!\" \/>\n<meta name=\"robots\" content=\"index, follow, max-snippet:-1, max-image-preview:large, max-video-preview:-1\" \/>\n<link rel=\"canonical\" href=\"https:\/\/hutfactory.com\/?product=strohhut-trilby-straw-addicted\" \/>\n<meta property=\"og:locale\" content=\"de_DE\" \/>\n<meta property=\"og:type\" content=\"article\" \/>\n<meta property=\"og:title\" content=\"Strohhut Trilby &quot;straw addicted&quot;\" \/>\n<meta property=\"og:description\" content=\"Entdecken Sie den Trilby &quot;Straw Addicted&quot; - handgefertigt aus 100% Weizenstroh in der Schweiz. Ein stilvoller Begleiter f\u00fcr sonnige Tage. Jetzt bestellen!\" \/>\n<meta property=\"og:url\" content=\"https:\/\/hutfactory.com\/?product=strohhut-trilby-straw-addicted\" \/>\n<meta property=\"og:site_name\" content=\"Hut Factory\" \/>\n<meta property=\"article:modified_time\" content=\"2026-03-10T10:17:05+00:00\" \/>\n<meta property=\"og:image\" content=\"https:\/\/hutfactory.com\/wp-content\/uploads\/2026\/03\/10406140.webp\" \/>\n\t<meta property=\"og:image:width\" content=\"750\" \/>\n\t<meta property=\"og:image:height\" content=\"750\" \/>\n\t<meta property=\"og:image:type\" content=\"image\/webp\" \/>\n<meta name=\"twitter:card\" content=\"summary_large_image\" \/>\n<meta name=\"twitter:label1\" content=\"Gesch\u00e4tzte Lesezeit\" \/>\n\t<meta name=\"twitter:data1\" content=\"2\u00a0Minuten\" \/>\n<script type=\"application\/ld+json\" class=\"yoast-schema-graph\">{\"@context\":\"https:\\\/\\\/schema.org\",\"@graph\":[{\"@type\":\"WebPage\",\"@id\":\"https:\\\/\\\/hutfactory.com\\\/?product=strohhut-trilby-straw-addicted\",\"url\":\"https:\\\/\\\/hutfactory.com\\\/?product=strohhut-trilby-straw-addicted\",\"name\":\"Trilby \\\"Straw Addicted\\\" - Sommerhut f\u00fcr Damen und Herren\",\"isPartOf\":{\"@id\":\"https:\\\/\\\/hutfactory.com\\\/#website\"},\"primaryImageOfPage\":{\"@id\":\"https:\\\/\\\/hutfactory.com\\\/?product=strohhut-trilby-straw-addicted#primaryimage\"},\"image\":{\"@id\":\"https:\\\/\\\/hutfactory.com\\\/?product=strohhut-trilby-straw-addicted#primaryimage\"},\"thumbnailUrl\":\"https:\\\/\\\/hutfactory.com\\\/wp-content\\\/uploads\\\/2026\\\/03\\\/10406140.webp\",\"datePublished\":\"2026-03-10T10:14:22+00:00\",\"dateModified\":\"2026-03-10T10:17:05+00:00\",\"description\":\"Entdecken Sie den Trilby \\\"Straw Addicted\\\" - handgefertigt aus 100% Weizenstroh in der Schweiz. Ein stilvoller Begleiter f\u00fcr sonnige Tage. Jetzt bestellen!\",\"breadcrumb\":{\"@id\":\"https:\\\/\\\/hutfactory.com\\\/?product=strohhut-trilby-straw-addicted#breadcrumb\"},\"inLanguage\":\"de\",\"potentialAction\":[{\"@type\":\"ReadAction\",\"target\":[\"https:\\\/\\\/hutfactory.com\\\/?product=strohhut-trilby-straw-addicted\"]}]},{\"@type\":\"ImageObject\",\"inLanguage\":\"de\",\"@id\":\"https:\\\/\\\/hutfactory.com\\\/?product=strohhut-trilby-straw-addicted#primaryimage\",\"url\":\"https:\\\/\\\/hutfactory.com\\\/wp-content\\\/uploads\\\/2026\\\/03\\\/10406140.webp\",\"contentUrl\":\"https:\\\/\\\/hutfactory.com\\\/wp-content\\\/uploads\\\/2026\\\/03\\\/10406140.webp\",\"width\":750,\"height\":750,\"caption\":\"ideal f\u00fcr Sommertage.|Luftiger Player-Hut aus Weizenstroh mit flachem Rand und Leinen-Garnitur\"},{\"@type\":\"BreadcrumbList\",\"@id\":\"https:\\\/\\\/hutfactory.com\\\/?product=strohhut-trilby-straw-addicted#breadcrumb\",\"itemListElement\":[{\"@type\":\"ListItem\",\"position\":1,\"name\":\"Start\",\"item\":\"https:\\\/\\\/hutfactory.com\\\/\"},{\"@type\":\"ListItem\",\"position\":2,\"name\":\"Shop\",\"item\":\"https:\\\/\\\/hutfactory.com\\\/?page_id=10\"},{\"@type\":\"ListItem\",\"position\":3,\"name\":\"Strohhut Trilby &#8220;straw addicted&#8221;\"}]},{\"@type\":\"WebSite\",\"@id\":\"https:\\\/\\\/hutfactory.com\\\/#website\",\"url\":\"https:\\\/\\\/hutfactory.com\\\/\",\"name\":\"Hut Factory\",\"description\":\"H\u00fcte, Kappen &amp; M\u00fctzen in Top Swiss\\\/EU Qualit\u00e4t\",\"publisher\":{\"@id\":\"https:\\\/\\\/hutfactory.com\\\/#organization\"},\"alternateName\":\"Hut Shop\",\"potentialAction\":[{\"@type\":\"SearchAction\",\"target\":{\"@type\":\"EntryPoint\",\"urlTemplate\":\"https:\\\/\\\/hutfactory.com\\\/?s={search_term_string}\"},\"query-input\":{\"@type\":\"PropertyValueSpecification\",\"valueRequired\":true,\"valueName\":\"search_term_string\"}}],\"inLanguage\":\"de\"},{\"@type\":\"Organization\",\"@id\":\"https:\\\/\\\/hutfactory.com\\\/#organization\",\"name\":\"Hut Factory\",\"url\":\"https:\\\/\\\/hutfactory.com\\\/\",\"logo\":{\"@type\":\"ImageObject\",\"inLanguage\":\"de\",\"@id\":\"https:\\\/\\\/hutfactory.com\\\/#\\\/schema\\\/logo\\\/image\\\/\",\"url\":\"https:\\\/\\\/hutfactory.com\\\/wp-content\\\/uploads\\\/2026\\\/01\\\/Logo-hut-factory-1.webp\",\"contentUrl\":\"https:\\\/\\\/hutfactory.com\\\/wp-content\\\/uploads\\\/2026\\\/01\\\/Logo-hut-factory-1.webp\",\"width\":300,\"height\":262,\"caption\":\"Hut Factory\"},\"image\":{\"@id\":\"https:\\\/\\\/hutfactory.com\\\/#\\\/schema\\\/logo\\\/image\\\/\"}}]}<\/script>\n<!-- \/ Yoast SEO Premium plugin. -->","yoast_head_json":{"title":"Trilby \"Straw Addicted\" - Sommerhut f\u00fcr Damen und Herren","description":"Entdecken Sie den Trilby \"Straw Addicted\" - handgefertigt aus 100% Weizenstroh in der Schweiz. Ein stilvoller Begleiter f\u00fcr sonnige Tage. Jetzt bestellen!","robots":{"index":"index","follow":"follow","max-snippet":"max-snippet:-1","max-image-preview":"max-image-preview:large","max-video-preview":"max-video-preview:-1"},"canonical":"https:\/\/hutfactory.com\/?product=strohhut-trilby-straw-addicted","og_locale":"de_DE","og_type":"article","og_title":"Strohhut Trilby \"straw addicted\"","og_description":"Entdecken Sie den Trilby \"Straw Addicted\" - handgefertigt aus 100% Weizenstroh in der Schweiz. Ein stilvoller Begleiter f\u00fcr sonnige Tage. Jetzt bestellen!","og_url":"https:\/\/hutfactory.com\/?product=strohhut-trilby-straw-addicted","og_site_name":"Hut Factory","article_modified_time":"2026-03-10T10:17:05+00:00","og_image":[{"width":750,"height":750,"url":"https:\/\/hutfactory.com\/wp-content\/uploads\/2026\/03\/10406140.webp","type":"image\/webp"}],"twitter_card":"summary_large_image","twitter_misc":{"Gesch\u00e4tzte Lesezeit":"2\u00a0Minuten"},"schema":{"@context":"https:\/\/schema.org","@graph":[{"@type":"WebPage","@id":"https:\/\/hutfactory.com\/?product=strohhut-trilby-straw-addicted","url":"https:\/\/hutfactory.com\/?product=strohhut-trilby-straw-addicted","name":"Trilby \"Straw Addicted\" - Sommerhut f\u00fcr Damen und Herren","isPartOf":{"@id":"https:\/\/hutfactory.com\/#website"},"primaryImageOfPage":{"@id":"https:\/\/hutfactory.com\/?product=strohhut-trilby-straw-addicted#primaryimage"},"image":{"@id":"https:\/\/hutfactory.com\/?product=strohhut-trilby-straw-addicted#primaryimage"},"thumbnailUrl":"https:\/\/hutfactory.com\/wp-content\/uploads\/2026\/03\/10406140.webp","datePublished":"2026-03-10T10:14:22+00:00","dateModified":"2026-03-10T10:17:05+00:00","description":"Entdecken Sie den Trilby \"Straw Addicted\" - handgefertigt aus 100% Weizenstroh in der Schweiz. Ein stilvoller Begleiter f\u00fcr sonnige Tage. Jetzt bestellen!","breadcrumb":{"@id":"https:\/\/hutfactory.com\/?product=strohhut-trilby-straw-addicted#breadcrumb"},"inLanguage":"de","potentialAction":[{"@type":"ReadAction","target":["https:\/\/hutfactory.com\/?product=strohhut-trilby-straw-addicted"]}]},{"@type":"ImageObject","inLanguage":"de","@id":"https:\/\/hutfactory.com\/?product=strohhut-trilby-straw-addicted#primaryimage","url":"https:\/\/hutfactory.com\/wp-content\/uploads\/2026\/03\/10406140.webp","contentUrl":"https:\/\/hutfactory.com\/wp-content\/uploads\/2026\/03\/10406140.webp","width":750,"height":750,"caption":"ideal f\u00fcr Sommertage.|Luftiger Player-Hut aus Weizenstroh mit flachem Rand und Leinen-Garnitur"},{"@type":"BreadcrumbList","@id":"https:\/\/hutfactory.com\/?product=strohhut-trilby-straw-addicted#breadcrumb","itemListElement":[{"@type":"ListItem","position":1,"name":"Start","item":"https:\/\/hutfactory.com\/"},{"@type":"ListItem","position":2,"name":"Shop","item":"https:\/\/hutfactory.com\/?page_id=10"},{"@type":"ListItem","position":3,"name":"Strohhut Trilby &#8220;straw addicted&#8221;"}]},{"@type":"WebSite","@id":"https:\/\/hutfactory.com\/#website","url":"https:\/\/hutfactory.com\/","name":"Hut Factory","description":"H\u00fcte, Kappen &amp; M\u00fctzen in Top Swiss\/EU Qualit\u00e4t","publisher":{"@id":"https:\/\/hutfactory.com\/#organization"},"alternateName":"Hut Shop","potentialAction":[{"@type":"SearchAction","target":{"@type":"EntryPoint","urlTemplate":"https:\/\/hutfactory.com\/?s={search_term_string}"},"query-input":{"@type":"PropertyValueSpecification","valueRequired":true,"valueName":"search_term_string"}}],"inLanguage":"de"},{"@type":"Organization","@id":"https:\/\/hutfactory.com\/#organization","name":"Hut Factory","url":"https:\/\/hutfactory.com\/","logo":{"@type":"ImageObject","inLanguage":"de","@id":"https:\/\/hutfactory.com\/#\/schema\/logo\/image\/","url":"https:\/\/hutfactory.com\/wp-content\/uploads\/2026\/01\/Logo-hut-factory-1.webp","contentUrl":"https:\/\/hutfactory.com\/wp-content\/uploads\/2026\/01\/Logo-hut-factory-1.webp","width":300,"height":262,"caption":"Hut Factory"},"image":{"@id":"https:\/\/hutfactory.com\/#\/schema\/logo\/image\/"}}]}},"_links":{"self":[{"href":"https:\/\/hutfactory.com\/index.php?rest_route=\/wp\/v2\/product\/17183","targetHints":{"allow":["GET"]}}],"collection":[{"href":"https:\/\/hutfactory.com\/index.php?rest_route=\/wp\/v2\/product"}],"about":[{"href":"https:\/\/hutfactory.com\/index.php?rest_route=\/wp\/v2\/types\/product"}],"wp:featuredmedia":[{"embeddable":true,"href":"https:\/\/hutfactory.com\/index.php?rest_route=\/wp\/v2\/media\/17184"}],"wp:attachment":[{"href":"https:\/\/hutfactory.com\/index.php?rest_route=%2Fwp%2Fv2%2Fmedia&parent=17183"}],"wp:term":[{"taxonomy":"product_brand","embeddable":true,"href":"https:\/\/hutfactory.com\/index.php?rest_route=%2Fwp%2Fv2%2Fproduct_brand&post=17183"},{"taxonomy":"product_cat","embeddable":true,"href":"https:\/\/hutfactory.com\/index.php?rest_route=%2Fwp%2Fv2%2Fproduct_cat&post=17183"},{"taxonomy":"product_tag","embeddable":true,"href":"https:\/\/hutfactory.com\/index.php?rest_route=%2Fwp%2Fv2%2Fproduct_tag&post=17183"}],"curies":[{"name":"wp","href":"https:\/\/api.w.org\/{rel}","templated":true}]}}