{"id":17178,"date":"2026-03-10T10:14:22","date_gmt":"2026-03-10T10:14:22","guid":{"rendered":"https:\/\/hutfactory.com\/?product=strohhut-fedora-hemp-variation"},"modified":"2026-03-10T10:17:05","modified_gmt":"2026-03-10T10:17:05","slug":"strohhut-fedora-hemp-variation","status":"publish","type":"product","link":"https:\/\/hutfactory.com\/?product=strohhut-fedora-hemp-variation","title":{"rendered":"Strohhut Fedora &#8220;Hemp Variation&#8221;"},"content":{"rendered":"<h3 class=\"ai-optimize-12\" data-start=\"474\" data-end=\"519\"><strong>Charakterstark. Nat\u00fcrlich. Handgemacht.<\/strong><\/h3>\n<p class=\"ai-optimize-13\" data-start=\"521\" data-end=\"1055\">Die Form des Hutes ist klassisch Fedora \u0096 eine klare, leicht geschwungene Krone kombiniert mit einem gro\u00dfz\u00fcgigen Schirm von 8?cm Breite, der nicht nur stilvoll aussieht, sondern auch optimal vor Sonne sch\u00fctzt. Das markante Leinenhutband in sanftem Cielfarbton verleiht dem Modell eine elegante Leichtigkeit. Der ikonische Qualit\u00e4tsknopf \u0084Risa seit 1919\u0093 unterstreicht das exklusive Markenversprechen. Die Struktur des Huts \u0096 leicht unregelm\u00e4\u00dfig durch die naturbelassene Hanffaser \u0096 verleiht jedem Modell einen individuellen Charakter.<\/p>\n<p class=\"ai-optimize-14\" data-start=\"1057\" data-end=\"1078\"><strong data-start=\"1057\" data-end=\"1078\">Perfekt f\u00fcr\u0085.. ??<\/strong><\/p>\n<p class=\"ai-optimize-15\" data-start=\"1080\" data-end=\"1267\"><strong data-start=\"1080\" data-end=\"1107\">?? Sommerliche Anl\u00e4sse:<\/strong> Ob beim Spaziergang durch mediterrane Gassen, am Seeufer oder bei einem Picknick im Park \u0096 dieser Fedora ist ein stilvoller Begleiter mit praktischem Nutzen.<\/p>\n<p class=\"ai-optimize-16\" data-start=\"1269\" data-end=\"1476\"><strong data-start=\"1269\" data-end=\"1292\">?? Elegante Events:<\/strong> Dank seiner zur\u00fcckhaltenden Eleganz l\u00e4sst sich der Hut hervorragend zu luftigen Sommeranz\u00fcgen oder leichten Leinenkleidern kombinieren \u0096 ideal f\u00fcr Gartenfeste oder Open-Air-Soir\u00e9es.<\/p>\n<p class=\"ai-optimize-17\" data-start=\"1478\" data-end=\"1676\"><strong data-start=\"1478\" data-end=\"1508\">?? Natur- und Modebewusst:<\/strong> Aus 100% Hanf gefertigt \u0096 einer der nachhaltigsten Rohstoffe \u00fcberhaupt \u0096 \u00fcberzeugt dieser Hut umweltbewusste Stilkenner*innen, die Qualit\u00e4t und Nat\u00fcrlichkeit sch\u00e4tzen.<\/p>\n<div class=\"hf-accordions\">\n<hr class=\"hf-accordion-separator\" \/>\n<details class=\"hf-accordion\">\n<summary><strong>\u25b6\ufe0f Gut zu wissen \u2013 mehr erfahren<\/strong><\/summary>\n<div class=\"hf-accordion-content\">\n<h3 class=\"\" data-start=\"1678\" data-end=\"1708\"><em data-start=\"1682\" data-end=\"1708\">Eigenschaften &#038; Details:<\/em><\/h3>\n<ul data-start=\"1709\" data-end=\"2171\">\n<li class=\"\" data-start=\"1709\" data-end=\"1777\">\n<p class=\"\" data-start=\"1711\" data-end=\"1777\"><strong data-start=\"1711\" data-end=\"1724\">Material:<\/strong> 100% Hanf \u0096 naturbelassen, robust und atmungsaktiv<\/p>\n<\/li>\n<li class=\"\" data-start=\"1778\" data-end=\"1850\">\n<p class=\"\" data-start=\"1780\" data-end=\"1850\"><strong data-start=\"1780\" data-end=\"1795\">Randbreite:<\/strong> 8.0 cm \u0096 idealer Sonnenschutz mit modischem Anspruch<\/p>\n<\/li>\n<li class=\"\" data-start=\"1851\" data-end=\"1927\">\n<p class=\"\" data-start=\"1853\" data-end=\"1927\"><strong data-start=\"1853\" data-end=\"1866\">Kopfh\u00f6he:<\/strong> 11.0 cm \u0096 klassisch proportioniert mit angenehmer Passform<\/p>\n<\/li>\n<li class=\"\" data-start=\"1928\" data-end=\"1980\">\n<p class=\"\" data-start=\"1930\" data-end=\"1980\"><strong data-start=\"1930\" data-end=\"1941\">Farben:<\/strong> Natur mit cielfarbenem Leinenhutband<\/p>\n<\/li>\n<li class=\"\" data-start=\"1981\" data-end=\"2078\">\n<p class=\"\" data-start=\"1983\" data-end=\"2078\"><strong data-start=\"1983\" data-end=\"1996\">Garnitur:<\/strong> Hutband aus Leinen mit dem ikonischen Risa-Qualit\u00e4tsknopf seitlich auf dem Band<\/p>\n<\/li>\n<li class=\"\" data-start=\"2079\" data-end=\"2149\">\n<p class=\"\" data-start=\"2081\" data-end=\"2149\"><strong data-start=\"2081\" data-end=\"2097\">Schwei\u00dfband:<\/strong> Eingen\u00e4htes Textilband f\u00fcr angenehmes Tragegef\u00fchl<\/p>\n<\/li>\n<li class=\"\" data-start=\"2150\" data-end=\"2171\">\n<p class=\"\" data-start=\"2152\" data-end=\"2171\"><strong data-start=\"2152\" data-end=\"2163\">Gr\u00f6\u00dfen:<\/strong> 54\u009662<\/p>\n<\/li>\n<\/ul>\n<h3 class=\"\" data-start=\"2173\" data-end=\"2201\"><em data-start=\"2177\" data-end=\"2201\">Design &#038; Verarbeitung:<\/em><\/h3>\n<p class=\"\" data-start=\"2202\" data-end=\"2566\">Die leicht changierende Struktur der Hanffasern sorgt f\u00fcr eine lebendige Oberfl\u00e4chenwirkung. In Kombination mit der matten Optik des Leinenbandes ergibt sich ein harmonisches, zur\u00fcckhaltend edles Gesamtbild. Der klassische Fedora-Schnitt mit etwas breiterem Rand verleiht diesem Modell einen modernen Touch und macht ihn sowohl f\u00fcr Damen als auch Herren attraktiv.<\/p>\n<h3 class=\"\" data-start=\"2568\" data-end=\"2603\"><em data-start=\"2572\" data-end=\"2603\">Handgefertigt in der Schweiz:<\/em><\/h3>\n<p class=\"\" data-start=\"2604\" data-end=\"2839\">Jeder Hut entsteht in der traditionsreichen Schweizer Hutmanufaktur Risa. In sorgsamer Handarbeit gefertigt, garantiert dieses Modell h\u00f6chste Qualit\u00e4t, Langlebigkeit und lokale Wertsch\u00f6pfung \u0096 ein echtes St\u00fcck Schweizer Handwerkskunst.<\/p>\n<h3 class=\"\" data-start=\"2841\" data-end=\"2873\"><em data-start=\"2845\" data-end=\"2873\">Nachhaltigkeit &#038; Qualit\u00e4t:<\/em><\/h3>\n<ul data-start=\"2874\" data-end=\"3206\">\n<li class=\"\" data-start=\"2874\" data-end=\"3000\">\n<p class=\"\" data-start=\"2876\" data-end=\"3000\"><strong data-start=\"2876\" data-end=\"2903\">Nat\u00fcrliche Materialien:<\/strong> Hanf ist ein besonders ressourcenschonender Rohstoff \u0096 langlebig, robust, biologisch abbaubar.<\/p>\n<\/li>\n<li class=\"\" data-start=\"3001\" data-end=\"3084\">\n<p class=\"\" data-start=\"3003\" data-end=\"3084\"><strong data-start=\"3003\" data-end=\"3030\">Handarbeit &#038; Tradition:<\/strong> Gefertigt mit Erfahrung und Leidenschaft seit 1919.<\/p>\n<\/li>\n<li class=\"\" data-start=\"3085\" data-end=\"3206\">\n<p class=\"\" data-start=\"3087\" data-end=\"3206\"><strong data-start=\"3087\" data-end=\"3105\">Langlebigkeit:<\/strong> Durch sorgf\u00e4ltige Verarbeitung bleibt der Hut auch bei intensiver Nutzung formstabil und stilvoll.<\/p>\n<\/li>\n<\/ul>\n<h3 class=\"\" data-start=\"3208\" data-end=\"3236\"><em data-start=\"3212\" data-end=\"3236\">Herstellung &#038; Versand:<\/em><\/h3>\n<ul data-start=\"3237\" data-end=\"3459\">\n<li class=\"\" data-start=\"3237\" data-end=\"3316\">\n<p class=\"\" data-start=\"3239\" data-end=\"3316\"><strong data-start=\"3239\" data-end=\"3268\">Fertigung auf Bestellung:<\/strong> Individuelle Anfertigung nach Bestelleingang.<\/p>\n<\/li>\n<li class=\"\" data-start=\"3317\" data-end=\"3382\">\n<p class=\"\" data-start=\"3319\" data-end=\"3382\"><strong data-start=\"3319\" data-end=\"3340\">Herstellungszeit:<\/strong> 10\u009615 Arbeitstage nach Zahlungseingang.<\/p>\n<\/li>\n<li class=\"\" data-start=\"3383\" data-end=\"3459\">\n<p class=\"\" data-start=\"3385\" data-end=\"3459\"><strong data-start=\"3385\" data-end=\"3397\">Versand:<\/strong> Innerhalb weniger Tage nach Fertigstellung aus der Schweiz.<\/p>\n<\/li>\n<\/ul>\n<\/div>\n<\/details>\n<details class=\"hf-accordion\">\n<summary><strong>\u25b6\ufe0f FAQ \u2013 H\u00e4ufige Fragen<\/strong><\/summary>\n<div class=\"hf-accordion-content\">\n<h3 class=\"\" data-start=\"3461\" data-end=\"3497\"><em data-start=\"3465\" data-end=\"3497\">FAQ \u0096 H\u00e4ufig gestellte Fragen:<\/em><\/h3>\n<p class=\"\" data-start=\"3499\" data-end=\"3618\"><strong data-start=\"3499\" data-end=\"3545\">Ist der Hut f\u00fcr hei\u00dfe Sommertage geeignet?<\/strong><br data-start=\"3545\" data-end=\"3548\" \/>Ja, Hanf ist besonders atmungsaktiv und sch\u00fctzt zuverl\u00e4ssig vor Hitze.<\/p>\n<p class=\"\" data-start=\"3620\" data-end=\"3763\"><strong data-start=\"3620\" data-end=\"3652\">Ist der Hut wasserabweisend?<\/strong><br data-start=\"3652\" data-end=\"3655\" \/>Nein \u0096 er ist f\u00fcr trockene Sommertage gedacht. Bei Regen empfehlen wir einen Regenhut aus unserem Sortiment.<\/p>\n<p class=\"\" data-start=\"3765\" data-end=\"3908\"><strong data-start=\"3765\" data-end=\"3812\">Sch\u00fctzt der Hut mein Gesicht vor der Sonne?<\/strong><br data-start=\"3812\" data-end=\"3815\" \/>Ja \u0096 mit einer Randbreite von 8 cm bietet er hervorragenden UV-Schutz f\u00fcr Gesicht und Nacken.<\/p>\n<p class=\"\" data-start=\"3910\" data-end=\"4041\"><strong data-start=\"3910\" data-end=\"3959\">Kann ich den Hut individuell anpassen lassen?<\/strong><br data-start=\"3959\" data-end=\"3962\" \/>Die Gr\u00f6\u00dfen sind standardisiert \u0096 bei Sonderw\u00fcnschen kontaktieren Sie uns gerne.<\/p>\n<p class=\"\" data-start=\"4043\" data-end=\"4172\"><strong data-start=\"4043\" data-end=\"4083\">Wie bewahre ich den Hut richtig auf?<\/strong><br data-start=\"4083\" data-end=\"4086\" \/>Am besten an einem k\u00fchlen, trockenen Ort auf einem Hutst\u00e4nder oder liegend im Regal.<\/p>\n<\/div>\n<\/details>\n<\/div>\n","protected":false},"excerpt":{"rendered":"<h3 class=\"\" data-start=\"0\" data-end=\"61\"><strong>Natur trifft Design<\/strong><\/h3>\n<p class=\"\" data-start=\"63\" data-end=\"472\">Ein stilvoller Klassiker in sommerlicher Raffinesse: Der Fedora \u0084Hemp Variation\u0093 \u00fcberzeugt mit seiner einzigartigen Struktur und einem breiten Schirm, der modischen Anspruch mit zuverl\u00e4ssigem Sonnenschutz vereint. Die nat\u00fcrliche Farbgebung und das hochwertige Leinenband in Cielfarben setzen ein dezentes, aber wirkungsvolles Statement \u0096 perfekt f\u00fcr alle, die Wert auf Handwerk, Stil und Nachhaltigkeit legen.<\/p>\n","protected":false},"featured_media":17179,"template":"","meta":{"_acf_changed":false,"rs_blank_template":"","rs_page_bg_color":"","slide_template_v7":""},"product_brand":[250],"product_cat":[276,277,275,612],"product_tag":[],"class_list":{"0":"post-17178","1":"product","2":"type-product","3":"status-publish","4":"has-post-thumbnail","6":"product_brand-risa-hutwerkstatt-schweiz","7":"product_cat-fedora-sommerhuete","8":"product_cat-reise-sommerhuete","9":"product_cat-sommerhuete","10":"product_cat-traveler-sommerhuete","11":"product_shipping_class-mittlere-pakete","12":"pa_color-natur","13":"pa_groesse-206","14":"pa_groesse-196","15":"pa_groesse-207","16":"pa_groesse-197","17":"pa_groesse-208","18":"pa_groesse-198","19":"pa_groesse-209","20":"pa_groesse-199","21":"pa_groesse-210","22":"yith_product_brand-risa-hutwerkstatt-schweiz","25":"instock","26":"featured","27":"taxable","28":"shipping-taxable","29":"purchasable","30":"product-type-variable","31":"wvs-archive-product-wrapper","32":"add-to-wishlist-after_add_to_cart"},"acf":[],"yoast_head":"<!-- This site is optimized with the Yoast SEO Premium plugin v27.3 (Yoast SEO v27.3) - https:\/\/yoast.com\/product\/yoast-seo-premium-wordpress\/ -->\n<title>Fedora &quot;Hemp Variation&quot; - Sommerhut f\u00fcr Damen und Herren<\/title>\n<meta name=\"description\" content=\"Der Fedora \u0084Hemp Variation\u0093 steht f\u00fcr nachhaltige Eleganz und Schweizer Handwerkskunst. Ein Hut, der nicht nur sch\u00fctzt, sondern stilistisch inspiriert.\" \/>\n<meta name=\"robots\" content=\"index, follow, max-snippet:-1, max-image-preview:large, max-video-preview:-1\" \/>\n<link rel=\"canonical\" href=\"https:\/\/hutfactory.com\/?product=strohhut-fedora-hemp-variation\" \/>\n<meta property=\"og:locale\" content=\"de_DE\" \/>\n<meta property=\"og:type\" content=\"article\" \/>\n<meta property=\"og:title\" content=\"Strohhut Fedora &quot;Hemp Variation&quot;\" \/>\n<meta property=\"og:description\" content=\"Der Fedora \u0084Hemp Variation\u0093 steht f\u00fcr nachhaltige Eleganz und Schweizer Handwerkskunst. Ein Hut, der nicht nur sch\u00fctzt, sondern stilistisch inspiriert.\" \/>\n<meta property=\"og:url\" content=\"https:\/\/hutfactory.com\/?product=strohhut-fedora-hemp-variation\" \/>\n<meta property=\"og:site_name\" content=\"Hut Factory\" \/>\n<meta property=\"article:modified_time\" content=\"2026-03-10T10:17:05+00:00\" \/>\n<meta property=\"og:image\" content=\"https:\/\/hutfactory.com\/wp-content\/uploads\/2026\/03\/13006190.1B-scaled-e1713884452860.webp\" \/>\n\t<meta property=\"og:image:width\" content=\"750\" \/>\n\t<meta property=\"og:image:height\" content=\"750\" \/>\n\t<meta property=\"og:image:type\" content=\"image\/webp\" \/>\n<meta name=\"twitter:card\" content=\"summary_large_image\" \/>\n<meta name=\"twitter:label1\" content=\"Gesch\u00e4tzte Lesezeit\" \/>\n\t<meta name=\"twitter:data1\" content=\"2\u00a0Minuten\" \/>\n<script type=\"application\/ld+json\" class=\"yoast-schema-graph\">{\"@context\":\"https:\\\/\\\/schema.org\",\"@graph\":[{\"@type\":\"WebPage\",\"@id\":\"https:\\\/\\\/hutfactory.com\\\/?product=strohhut-fedora-hemp-variation\",\"url\":\"https:\\\/\\\/hutfactory.com\\\/?product=strohhut-fedora-hemp-variation\",\"name\":\"Fedora \\\"Hemp Variation\\\" - Sommerhut f\u00fcr Damen und Herren\",\"isPartOf\":{\"@id\":\"https:\\\/\\\/hutfactory.com\\\/#website\"},\"primaryImageOfPage\":{\"@id\":\"https:\\\/\\\/hutfactory.com\\\/?product=strohhut-fedora-hemp-variation#primaryimage\"},\"image\":{\"@id\":\"https:\\\/\\\/hutfactory.com\\\/?product=strohhut-fedora-hemp-variation#primaryimage\"},\"thumbnailUrl\":\"https:\\\/\\\/hutfactory.com\\\/wp-content\\\/uploads\\\/2026\\\/03\\\/13006190.1B-scaled-e1713884452860.webp\",\"datePublished\":\"2026-03-10T10:14:22+00:00\",\"dateModified\":\"2026-03-10T10:17:05+00:00\",\"description\":\"Der Fedora \u0084Hemp Variation\u0093 steht f\u00fcr nachhaltige Eleganz und Schweizer Handwerkskunst. Ein Hut, der nicht nur sch\u00fctzt, sondern stilistisch inspiriert.\",\"breadcrumb\":{\"@id\":\"https:\\\/\\\/hutfactory.com\\\/?product=strohhut-fedora-hemp-variation#breadcrumb\"},\"inLanguage\":\"de\",\"potentialAction\":[{\"@type\":\"ReadAction\",\"target\":[\"https:\\\/\\\/hutfactory.com\\\/?product=strohhut-fedora-hemp-variation\"]}]},{\"@type\":\"ImageObject\",\"inLanguage\":\"de\",\"@id\":\"https:\\\/\\\/hutfactory.com\\\/?product=strohhut-fedora-hemp-variation#primaryimage\",\"url\":\"https:\\\/\\\/hutfactory.com\\\/wp-content\\\/uploads\\\/2026\\\/03\\\/13006190.1B-scaled-e1713884452860.webp\",\"contentUrl\":\"https:\\\/\\\/hutfactory.com\\\/wp-content\\\/uploads\\\/2026\\\/03\\\/13006190.1B-scaled-e1713884452860.webp\",\"width\":750,\"height\":750,\"caption\":\"Der Fedora \u0084Hemp Variation\u0093 aus 100% Hanf vereint nat\u00fcrlichen Look mit cielfarbenem Leinenband und ikonischem Risa-Knopf \u0096 handgefertigt in der Schweiz.|Der Fedora \u0084Hemp Variation\u0093 aus 100% Hanf vereint nat\u00fcrlichen Look mit cielfarbenem Leinenband und ikonischem Risa-Knopf \u0096 handgefertigt in der Schweiz.||\"},{\"@type\":\"BreadcrumbList\",\"@id\":\"https:\\\/\\\/hutfactory.com\\\/?product=strohhut-fedora-hemp-variation#breadcrumb\",\"itemListElement\":[{\"@type\":\"ListItem\",\"position\":1,\"name\":\"Start\",\"item\":\"https:\\\/\\\/hutfactory.com\\\/\"},{\"@type\":\"ListItem\",\"position\":2,\"name\":\"Shop\",\"item\":\"https:\\\/\\\/hutfactory.com\\\/?page_id=10\"},{\"@type\":\"ListItem\",\"position\":3,\"name\":\"Strohhut Fedora &#8220;Hemp Variation&#8221;\"}]},{\"@type\":\"WebSite\",\"@id\":\"https:\\\/\\\/hutfactory.com\\\/#website\",\"url\":\"https:\\\/\\\/hutfactory.com\\\/\",\"name\":\"Hut Factory\",\"description\":\"H\u00fcte, Kappen &amp; M\u00fctzen in Top Swiss\\\/EU Qualit\u00e4t\",\"publisher\":{\"@id\":\"https:\\\/\\\/hutfactory.com\\\/#organization\"},\"alternateName\":\"Hut Shop\",\"potentialAction\":[{\"@type\":\"SearchAction\",\"target\":{\"@type\":\"EntryPoint\",\"urlTemplate\":\"https:\\\/\\\/hutfactory.com\\\/?s={search_term_string}\"},\"query-input\":{\"@type\":\"PropertyValueSpecification\",\"valueRequired\":true,\"valueName\":\"search_term_string\"}}],\"inLanguage\":\"de\"},{\"@type\":\"Organization\",\"@id\":\"https:\\\/\\\/hutfactory.com\\\/#organization\",\"name\":\"Hut Factory\",\"url\":\"https:\\\/\\\/hutfactory.com\\\/\",\"logo\":{\"@type\":\"ImageObject\",\"inLanguage\":\"de\",\"@id\":\"https:\\\/\\\/hutfactory.com\\\/#\\\/schema\\\/logo\\\/image\\\/\",\"url\":\"https:\\\/\\\/hutfactory.com\\\/wp-content\\\/uploads\\\/2026\\\/01\\\/Logo-hut-factory-1.webp\",\"contentUrl\":\"https:\\\/\\\/hutfactory.com\\\/wp-content\\\/uploads\\\/2026\\\/01\\\/Logo-hut-factory-1.webp\",\"width\":300,\"height\":262,\"caption\":\"Hut Factory\"},\"image\":{\"@id\":\"https:\\\/\\\/hutfactory.com\\\/#\\\/schema\\\/logo\\\/image\\\/\"}}]}<\/script>\n<!-- \/ Yoast SEO Premium plugin. -->","yoast_head_json":{"title":"Fedora \"Hemp Variation\" - Sommerhut f\u00fcr Damen und Herren","description":"Der Fedora \u0084Hemp Variation\u0093 steht f\u00fcr nachhaltige Eleganz und Schweizer Handwerkskunst. Ein Hut, der nicht nur sch\u00fctzt, sondern stilistisch inspiriert.","robots":{"index":"index","follow":"follow","max-snippet":"max-snippet:-1","max-image-preview":"max-image-preview:large","max-video-preview":"max-video-preview:-1"},"canonical":"https:\/\/hutfactory.com\/?product=strohhut-fedora-hemp-variation","og_locale":"de_DE","og_type":"article","og_title":"Strohhut Fedora \"Hemp Variation\"","og_description":"Der Fedora \u0084Hemp Variation\u0093 steht f\u00fcr nachhaltige Eleganz und Schweizer Handwerkskunst. Ein Hut, der nicht nur sch\u00fctzt, sondern stilistisch inspiriert.","og_url":"https:\/\/hutfactory.com\/?product=strohhut-fedora-hemp-variation","og_site_name":"Hut Factory","article_modified_time":"2026-03-10T10:17:05+00:00","og_image":[{"width":750,"height":750,"url":"https:\/\/hutfactory.com\/wp-content\/uploads\/2026\/03\/13006190.1B-scaled-e1713884452860.webp","type":"image\/webp"}],"twitter_card":"summary_large_image","twitter_misc":{"Gesch\u00e4tzte Lesezeit":"2\u00a0Minuten"},"schema":{"@context":"https:\/\/schema.org","@graph":[{"@type":"WebPage","@id":"https:\/\/hutfactory.com\/?product=strohhut-fedora-hemp-variation","url":"https:\/\/hutfactory.com\/?product=strohhut-fedora-hemp-variation","name":"Fedora \"Hemp Variation\" - Sommerhut f\u00fcr Damen und Herren","isPartOf":{"@id":"https:\/\/hutfactory.com\/#website"},"primaryImageOfPage":{"@id":"https:\/\/hutfactory.com\/?product=strohhut-fedora-hemp-variation#primaryimage"},"image":{"@id":"https:\/\/hutfactory.com\/?product=strohhut-fedora-hemp-variation#primaryimage"},"thumbnailUrl":"https:\/\/hutfactory.com\/wp-content\/uploads\/2026\/03\/13006190.1B-scaled-e1713884452860.webp","datePublished":"2026-03-10T10:14:22+00:00","dateModified":"2026-03-10T10:17:05+00:00","description":"Der Fedora \u0084Hemp Variation\u0093 steht f\u00fcr nachhaltige Eleganz und Schweizer Handwerkskunst. Ein Hut, der nicht nur sch\u00fctzt, sondern stilistisch inspiriert.","breadcrumb":{"@id":"https:\/\/hutfactory.com\/?product=strohhut-fedora-hemp-variation#breadcrumb"},"inLanguage":"de","potentialAction":[{"@type":"ReadAction","target":["https:\/\/hutfactory.com\/?product=strohhut-fedora-hemp-variation"]}]},{"@type":"ImageObject","inLanguage":"de","@id":"https:\/\/hutfactory.com\/?product=strohhut-fedora-hemp-variation#primaryimage","url":"https:\/\/hutfactory.com\/wp-content\/uploads\/2026\/03\/13006190.1B-scaled-e1713884452860.webp","contentUrl":"https:\/\/hutfactory.com\/wp-content\/uploads\/2026\/03\/13006190.1B-scaled-e1713884452860.webp","width":750,"height":750,"caption":"Der Fedora \u0084Hemp Variation\u0093 aus 100% Hanf vereint nat\u00fcrlichen Look mit cielfarbenem Leinenband und ikonischem Risa-Knopf \u0096 handgefertigt in der Schweiz.|Der Fedora \u0084Hemp Variation\u0093 aus 100% Hanf vereint nat\u00fcrlichen Look mit cielfarbenem Leinenband und ikonischem Risa-Knopf \u0096 handgefertigt in der Schweiz.||"},{"@type":"BreadcrumbList","@id":"https:\/\/hutfactory.com\/?product=strohhut-fedora-hemp-variation#breadcrumb","itemListElement":[{"@type":"ListItem","position":1,"name":"Start","item":"https:\/\/hutfactory.com\/"},{"@type":"ListItem","position":2,"name":"Shop","item":"https:\/\/hutfactory.com\/?page_id=10"},{"@type":"ListItem","position":3,"name":"Strohhut Fedora &#8220;Hemp Variation&#8221;"}]},{"@type":"WebSite","@id":"https:\/\/hutfactory.com\/#website","url":"https:\/\/hutfactory.com\/","name":"Hut Factory","description":"H\u00fcte, Kappen &amp; M\u00fctzen in Top Swiss\/EU Qualit\u00e4t","publisher":{"@id":"https:\/\/hutfactory.com\/#organization"},"alternateName":"Hut Shop","potentialAction":[{"@type":"SearchAction","target":{"@type":"EntryPoint","urlTemplate":"https:\/\/hutfactory.com\/?s={search_term_string}"},"query-input":{"@type":"PropertyValueSpecification","valueRequired":true,"valueName":"search_term_string"}}],"inLanguage":"de"},{"@type":"Organization","@id":"https:\/\/hutfactory.com\/#organization","name":"Hut Factory","url":"https:\/\/hutfactory.com\/","logo":{"@type":"ImageObject","inLanguage":"de","@id":"https:\/\/hutfactory.com\/#\/schema\/logo\/image\/","url":"https:\/\/hutfactory.com\/wp-content\/uploads\/2026\/01\/Logo-hut-factory-1.webp","contentUrl":"https:\/\/hutfactory.com\/wp-content\/uploads\/2026\/01\/Logo-hut-factory-1.webp","width":300,"height":262,"caption":"Hut Factory"},"image":{"@id":"https:\/\/hutfactory.com\/#\/schema\/logo\/image\/"}}]}},"_links":{"self":[{"href":"https:\/\/hutfactory.com\/index.php?rest_route=\/wp\/v2\/product\/17178","targetHints":{"allow":["GET"]}}],"collection":[{"href":"https:\/\/hutfactory.com\/index.php?rest_route=\/wp\/v2\/product"}],"about":[{"href":"https:\/\/hutfactory.com\/index.php?rest_route=\/wp\/v2\/types\/product"}],"wp:featuredmedia":[{"embeddable":true,"href":"https:\/\/hutfactory.com\/index.php?rest_route=\/wp\/v2\/media\/17179"}],"wp:attachment":[{"href":"https:\/\/hutfactory.com\/index.php?rest_route=%2Fwp%2Fv2%2Fmedia&parent=17178"}],"wp:term":[{"taxonomy":"product_brand","embeddable":true,"href":"https:\/\/hutfactory.com\/index.php?rest_route=%2Fwp%2Fv2%2Fproduct_brand&post=17178"},{"taxonomy":"product_cat","embeddable":true,"href":"https:\/\/hutfactory.com\/index.php?rest_route=%2Fwp%2Fv2%2Fproduct_cat&post=17178"},{"taxonomy":"product_tag","embeddable":true,"href":"https:\/\/hutfactory.com\/index.php?rest_route=%2Fwp%2Fv2%2Fproduct_tag&post=17178"}],"curies":[{"name":"wp","href":"https:\/\/api.w.org\/{rel}","templated":true}]}}