{"id":17091,"date":"2026-03-10T10:14:22","date_gmt":"2026-03-10T10:14:22","guid":{"rendered":"https:\/\/hutfactory.com\/?product=cloche-parasisol-schoenheiten-limitiert"},"modified":"2026-03-10T10:16:43","modified_gmt":"2026-03-10T10:16:43","slug":"cloche-parasisol-schoenheiten-limitiert","status":"publish","type":"product","link":"https:\/\/hutfactory.com\/?product=cloche-parasisol-schoenheiten-limitiert","title":{"rendered":"Cloche Parasisol Sch\u00f6nheiten: LIMITIERT"},"content":{"rendered":"<div class=\"react-scroll-to-bottom--css-jvlhh-1n7m0yu\">\n<div class=\"flex flex-col pb-9 text-sm\">\n<div class=\"w-full text-token-text-primary sm:AIPRM__conversation__response\" data-testid=\"conversation-turn-17\">\n<div class=\"px-4 py-2 justify-center text-base md:gap-6 m-auto\">\n<div class=\"flex flex-1 text-base mx-auto gap-3 md:px-5 lg:px-1 xl:px-5 md:max-w-3xl lg:max-w-[40rem] xl:max-w-[48rem] group final-completion\">\n<div class=\"relative flex w-full flex-col lg:w-[calc(100%-115px)] agent-turn\">\n<div class=\"flex-col gap-1 md:gap-3\">\n<div class=\"flex flex-grow flex-col max-w-full\">\n<div class=\"min-h-[20px] text-message flex flex-col items-start gap-3 whitespace-pre-wrap break-words [.text-message+&#038;]:mt-5 overflow-x-auto\" data-message-author-role=\"assistant\" data-message-id=\"66358995-4a8c-4bf4-895c-7a9553c60e46\">\n<div class=\"markdown prose w-full break-words dark:prose-invert light AIPRM__conversation__response\">\n<h3 class=\"\" data-start=\"491\" data-end=\"539\"><strong data-start=\"495\" data-end=\"539\">Sommerliche Raffinesse mit Couture-Flair<\/strong><\/h3>\n<p class=\"\" data-start=\"540\" data-end=\"1095\">Mit seiner fein gewebten, leicht gl\u00e4nzenden Oberfl\u00e4che und der klar definierten Cloche-Form ist dieser Hut ein Paradebeispiel f\u00fcr feminine Hutmode auf h\u00f6chstem Niveau. Die breite Krempe (7 cm) sch\u00fctzt Gesicht und Nacken zuverl\u00e4ssig vor der Sonne, w\u00e4hrend die 10.5 cm hohe Krone f\u00fcr eine ausgewogene, elegante Proportion sorgt. Die Garnitur aus gestreiftem Seidenband \u0096 wahlweise in Pink oder Gucci-Blau \u0096 setzt modische Akzente, perfekt erg\u00e4nzt durch den ikonischen Risa-Knopf \u0084seit 1919\u0093. Dieser Hut ist ein Statement f\u00fcr Stil, Qualit\u00e4t und Sommerfreude.<\/p>\n<p class=\"\" data-start=\"1097\" data-end=\"1118\"><strong data-start=\"1097\" data-end=\"1118\">Perfekt f\u00fcr\u0085.. ??<\/strong><\/p>\n<p class=\"\" data-start=\"1120\" data-end=\"1349\"><strong data-start=\"1120\" data-end=\"1147\">?? Sommerliche Anl\u00e4sse:<\/strong><br data-start=\"1147\" data-end=\"1150\" \/>Ob beim Flanieren an der Uferpromenade, auf der Terrasse Ihres Lieblingscaf\u00e9s oder bei einer Gartenparty \u0096 der Cloche \u0084Parasisol Beauties\u0093 rundet jedes sommerliche Outfit mit stilvoller Eleganz ab.<\/p>\n<p class=\"\" data-start=\"1351\" data-end=\"1513\"><strong data-start=\"1351\" data-end=\"1374\">?? Elegante Events:<\/strong><br data-start=\"1374\" data-end=\"1377\" \/>Dank seiner raffinierten Gestaltung eignet sich dieser Damenhut auch ideal f\u00fcr exklusive Veranstaltungen, Hochzeiten oder Vernissagen.<\/p>\n<p class=\"\" data-start=\"1515\" data-end=\"1733\"><strong data-start=\"1515\" data-end=\"1545\">?? Natur- und Modebewusst:<\/strong><br data-start=\"1545\" data-end=\"1548\" \/>Parasisol ist ein besonders hochwertiges Naturmaterial \u0096 leicht, atmungsaktiv und langlebig. Kombiniert mit europ\u00e4ischer Handwerkskunst, wird dieser Hut zum nachhaltigen Lieblingsst\u00fcck.<\/p>\n<h4><\/h4>\n<h4><strong>Nur auf Anfrage erh\u00e4ltlich:<\/strong><\/h4>\n<\/div>\n<div class=\"markdown prose w-full break-words dark:prose-invert light AIPRM__conversation__response\">\n<p class=\"wpcf7-contact-form-not-found\"><strong>Fehler:<\/strong> Kontaktformular wurde nicht gefunden.<\/p>\n<\/div>\n<\/div>\n<\/div>\n<\/div>\n<\/div>\n<\/div>\n<\/div>\n<\/div>\n<\/div>\n<\/div>\n<div id=\"AIPRM__sidebar-icon\" class=\"AIPRM__p-2 AIPRM__top-12 md:AIPRM__top-2 AIPRM__p-2 AIPRM__items-center AIPRM__transition-colors AIPRM__duration-200 AIPRM__cursor-pointer AIPRM__text-sm AIPRM__rounded-md AIPRM__border AIPRM__bg-white dark:AIPRM__bg-gray-800 AIPRM__border-black\/10 dark:AIPRM__border-white\/20 hover:AIPRM__bg-gray-50 dark:hover:AIPRM__bg-gray-700 AIPRM__cursor-pointer AIPRM__fixed AIPRM__right-4 AIPRM__z-30\" title=\"Open AIPRM sidebar\"><\/div>\n<p>\u00a0<\/p>\n<div class=\"hf-accordions\">\n<hr class=\"hf-accordion-separator\" \/>\n<details class=\"hf-accordion\">\n<summary><strong>\u25b6\ufe0f Gut zu wissen \u2013 mehr erfahren<\/strong><\/summary>\n<div class=\"hf-accordion-content\">\n<h3 class=\"\" data-start=\"1735\" data-end=\"1767\"><strong data-start=\"1739\" data-end=\"1767\">Eigenschaften &#038; Details:<\/strong><\/h3>\n<p class=\"\" data-start=\"1768\" data-end=\"2193\">Material: 100% Parasisol \u0096 luftig, formstabil und mit nat\u00fcrlichem Glanz<br data-start=\"1839\" data-end=\"1842\" \/>Randbreite: 7.0 cm \u0096 gro\u00dfz\u00fcgiger Sonnenschutz in eleganter Cloche-Form<br data-start=\"1912\" data-end=\"1915\" \/>Kopfh\u00f6he: 10.5 cm \u0096 sanft abgerundete Kuppelform<br data-start=\"1963\" data-end=\"1966\" \/>Farben: Pink mit gestreiftem Seidenband oder Gucci-Blau mit gestreiftem Seidenband<br data-start=\"2048\" data-end=\"2051\" \/>Garnitur: Seidenhutband mit Risa Qualit\u00e4tsknopf auf Masche<br data-start=\"2109\" data-end=\"2112\" \/>Schwei\u00dfband: Eingen\u00e4htes Textilband f\u00fcr angenehmen Tragekomfort<br data-start=\"2175\" data-end=\"2178\" \/>Gr\u00f6\u00dfen: 55\u009662<\/p>\n<h3 class=\"\" data-start=\"2195\" data-end=\"2225\"><strong data-start=\"2199\" data-end=\"2225\">Design &#038; Verarbeitung:<\/strong><\/h3>\n<p class=\"\" data-start=\"2226\" data-end=\"2556\">Der Damenhut besticht durch eine klassische Cloche-Form mit moderner Interpretation. Die strahlenden Farben in Kombination mit dem edlen Seidenhutband machen ihn zu einem Must-have f\u00fcr modeaffine Tr\u00e4gerinnen. Die feine Struktur des Parasisol-Materials sorgt f\u00fcr einen subtilen Glanz und unterstreicht die hochwertige Verarbeitung.<\/p>\n<h3 class=\"\" data-start=\"2558\" data-end=\"2595\"><strong data-start=\"2562\" data-end=\"2595\">Handgefertigt in der Schweiz:<\/strong><\/h3>\n<p class=\"\" data-start=\"2596\" data-end=\"2807\">Jeder Cloche-Hut wird individuell auf Bestellung in der renommierten Risa Hutwerkstatt gefertigt \u0096 einem traditionsreichen Schweizer Familienbetrieb, der seit \u00fcber 100 Jahren f\u00fcr exzellente Handwerkskunst steht.<\/p>\n<h3 class=\"\" data-start=\"2809\" data-end=\"2843\"><strong data-start=\"2813\" data-end=\"2843\">Nachhaltigkeit &#038; Qualit\u00e4t:<\/strong><\/h3>\n<p class=\"\" data-start=\"2844\" data-end=\"3139\"><strong data-start=\"2844\" data-end=\"2871\">Nat\u00fcrliche Materialien:<\/strong> Parasisol ist ein Naturprodukt und wird auf nachhaltige Weise gewonnen.<br data-start=\"2943\" data-end=\"2946\" \/><strong data-start=\"2946\" data-end=\"2973\">Handarbeit &#038; Tradition:<\/strong> Jeder Hut ist ein Unikat, gefertigt mit Hingabe und jahrzehntelanger Erfahrung.<br data-start=\"3053\" data-end=\"3056\" \/><strong data-start=\"3056\" data-end=\"3074\">Langlebigkeit:<\/strong> Bei richtiger Pflege begleitet Sie dieser Hut viele Sommer lang.<\/p>\n<h3 class=\"\" data-start=\"3141\" data-end=\"3171\"><strong data-start=\"3145\" data-end=\"3171\">Herstellung &#038; Versand:<\/strong><\/h3>\n<p class=\"\" data-start=\"3172\" data-end=\"3405\"><strong data-start=\"3172\" data-end=\"3201\">Fertigung auf Bestellung:<\/strong> Jedes Modell wird individuell gefertigt.<br data-start=\"3242\" data-end=\"3245\" \/><strong data-start=\"3245\" data-end=\"3266\">Herstellungszeit:<\/strong> 10 bis 15 Arbeitstage nach Zahlungseingang.<br data-start=\"3310\" data-end=\"3313\" \/><strong data-start=\"3313\" data-end=\"3325\">Versand:<\/strong> Nach Fertigstellung erfolgt der Versand innerhalb weniger Tage aus der Schweiz.<\/p>\n<\/div>\n<\/details>\n<details class=\"hf-accordion\">\n<summary><strong>\u25b6\ufe0f FAQ \u2013 H\u00e4ufige Fragen<\/strong><\/summary>\n<div class=\"hf-accordion-content\">\n<h3 class=\"\" data-start=\"3407\" data-end=\"3445\"><strong data-start=\"3411\" data-end=\"3445\">FAQ \u0096 H\u00e4ufig gestellte Fragen:<\/strong><\/h3>\n<p class=\"\" data-start=\"3447\" data-end=\"3583\"><strong data-start=\"3447\" data-end=\"3493\">Ist der Hut f\u00fcr hei\u00dfe Sommertage geeignet?<\/strong><br data-start=\"3493\" data-end=\"3496\" \/>Ja, Parasisol ist besonders leicht und luftdurchl\u00e4ssig \u0096 perfekt f\u00fcr hohe Temperaturen.<\/p>\n<p class=\"\" data-start=\"3585\" data-end=\"3709\"><strong data-start=\"3585\" data-end=\"3631\">Sch\u00fctzt der Hut zuverl\u00e4ssig vor der Sonne?<\/strong><br data-start=\"3631\" data-end=\"3634\" \/>Die breite Krempe sch\u00fctzt Gesicht und Nacken hervorragend vor UV-Strahlung.<\/p>\n<p class=\"\" data-start=\"3711\" data-end=\"3865\"><strong data-start=\"3711\" data-end=\"3760\">Kann ich den Hut individuell anpassen lassen?<\/strong><br data-start=\"3760\" data-end=\"3763\" \/>Das Modell wird auf Bestellung gefertigt, kleine Anpassungen k\u00f6nnen auf Anfrage ber\u00fccksichtigt werden.<\/p>\n<p class=\"\" data-start=\"3867\" data-end=\"4054\"><strong data-start=\"3867\" data-end=\"3902\">Wie pflege ich den Hut richtig?<\/strong><br data-start=\"3902\" data-end=\"3905\" \/>Am besten luftig lagern, vor N\u00e4sse sch\u00fctzen und nicht quetschen. Weitere Tipps finden Sie hier: <a class=\"\" href=\"https:\/\/hut-factory.com\/pflegehinweise\/\" target=\"_new\" rel=\"noopener\" data-start=\"4001\" data-end=\"4054\">Pflegehinweise<\/a><\/p>\n<p class=\"\" data-start=\"4056\" data-end=\"4251\"><strong data-start=\"4056\" data-end=\"4115\">Kann ich den Hut zur\u00fcckgeben, falls er mir nicht passt?<\/strong><br data-start=\"4115\" data-end=\"4118\" \/>Da es sich um eine Sonderanfertigung handelt, ist eine R\u00fcckgabe ausgeschlossen \u0096 Umtausch nur bei Material- oder Herstellungsfehlern.<\/p>\n<\/div>\n<\/details>\n<\/div>\n","protected":false},"excerpt":{"rendered":"<h3 class=\"\" data-start=\"69\" data-end=\"110\"><strong data-start=\"73\" data-end=\"110\">Strahlender Stil f\u00fcr sonnige Tage<\/strong><\/h3>\n<p class=\"\" data-start=\"111\" data-end=\"489\">Der Damenhut Cloche \u0084Parasisol Beauties\u0093 vereint klassische Silhouette mit leuchtenden Farben und exquisiter Garnitur \u0096 ein wahrer Blickfang f\u00fcr stilbewusste Damen. Hergestellt aus edlem Parasisol, bietet dieser Sommerhut nicht nur optimalen UV-Schutz, sondern auch pure Leichtigkeit und Tragekomfort. Ideal f\u00fcr sonnige Ausfl\u00fcge, Events oder als modisches Statement in der City.<\/p>\n","protected":false},"featured_media":17092,"template":"","meta":{"_acf_changed":false,"rs_blank_template":"","rs_page_bg_color":"","slide_template_v7":""},"product_brand":[250],"product_cat":[641,446,275],"product_tag":[],"class_list":{"0":"post-17091","1":"product","2":"type-product","3":"status-publish","4":"has-post-thumbnail","6":"product_brand-risa-hutwerkstatt-schweiz","7":"product_cat-anlass-sommerhuete","8":"product_cat-cloche-sommerhuete","9":"product_cat-sommerhuete","10":"product_shipping_class-mittlere-pakete","11":"pa_color-gucci-blau","12":"pa_color-pink","13":"yith_product_brand-risa-hutwerkstatt-schweiz","16":"instock","17":"taxable","18":"shipping-taxable","19":"purchasable","20":"product-type-variable","21":"wvs-archive-product-wrapper","22":"add-to-wishlist-after_add_to_cart"},"acf":[],"yoast_head":"<!-- This site is optimized with the Yoast SEO Premium plugin v27.3 (Yoast SEO v27.3) - https:\/\/yoast.com\/product\/yoast-seo-premium-wordpress\/ -->\n<title>Cloche Parasisol Sch\u00f6nheiten: Exklusive Sommerh\u00fcte f\u00fcr Damen<\/title>\n<meta name=\"description\" content=\"Verleihen Sie Ihrem Sommer-Look einen Hauch von Pariser Chic mit diesem stilvollen Damen Sommerhut Cloche Style aus Parasisol.\" \/>\n<meta name=\"robots\" content=\"index, follow, max-snippet:-1, max-image-preview:large, max-video-preview:-1\" \/>\n<link rel=\"canonical\" href=\"https:\/\/hutfactory.com\/?product=cloche-parasisol-schoenheiten-limitiert\" \/>\n<meta property=\"og:locale\" content=\"de_DE\" \/>\n<meta property=\"og:type\" content=\"article\" \/>\n<meta property=\"og:title\" content=\"Cloche Parasisol Sch\u00f6nheiten: LIMITIERT\" \/>\n<meta property=\"og:description\" content=\"Verleihen Sie Ihrem Sommer-Look einen Hauch von Pariser Chic mit diesem stilvollen Damen Sommerhut Cloche Style aus Parasisol.\" \/>\n<meta property=\"og:url\" content=\"https:\/\/hutfactory.com\/?product=cloche-parasisol-schoenheiten-limitiert\" \/>\n<meta property=\"og:site_name\" content=\"Hut Factory\" \/>\n<meta property=\"article:modified_time\" content=\"2026-03-10T10:16:43+00:00\" \/>\n<meta property=\"og:image\" content=\"https:\/\/hutfactory.com\/wp-content\/uploads\/2026\/03\/25403541.webp\" \/>\n\t<meta property=\"og:image:width\" content=\"750\" \/>\n\t<meta property=\"og:image:height\" content=\"750\" \/>\n\t<meta property=\"og:image:type\" content=\"image\/webp\" \/>\n<meta name=\"twitter:card\" content=\"summary_large_image\" \/>\n<meta name=\"twitter:label1\" content=\"Gesch\u00e4tzte Lesezeit\" \/>\n\t<meta name=\"twitter:data1\" content=\"3\u00a0Minuten\" \/>\n<script type=\"application\/ld+json\" class=\"yoast-schema-graph\">{\"@context\":\"https:\\\/\\\/schema.org\",\"@graph\":[{\"@type\":\"WebPage\",\"@id\":\"https:\\\/\\\/hutfactory.com\\\/?product=cloche-parasisol-schoenheiten-limitiert\",\"url\":\"https:\\\/\\\/hutfactory.com\\\/?product=cloche-parasisol-schoenheiten-limitiert\",\"name\":\"Cloche Parasisol Sch\u00f6nheiten: Exklusive Sommerh\u00fcte f\u00fcr Damen\",\"isPartOf\":{\"@id\":\"https:\\\/\\\/hutfactory.com\\\/#website\"},\"primaryImageOfPage\":{\"@id\":\"https:\\\/\\\/hutfactory.com\\\/?product=cloche-parasisol-schoenheiten-limitiert#primaryimage\"},\"image\":{\"@id\":\"https:\\\/\\\/hutfactory.com\\\/?product=cloche-parasisol-schoenheiten-limitiert#primaryimage\"},\"thumbnailUrl\":\"https:\\\/\\\/hutfactory.com\\\/wp-content\\\/uploads\\\/2026\\\/03\\\/25403541.webp\",\"datePublished\":\"2026-03-10T10:14:22+00:00\",\"dateModified\":\"2026-03-10T10:16:43+00:00\",\"description\":\"Verleihen Sie Ihrem Sommer-Look einen Hauch von Pariser Chic mit diesem stilvollen Damen Sommerhut Cloche Style aus Parasisol.\",\"breadcrumb\":{\"@id\":\"https:\\\/\\\/hutfactory.com\\\/?product=cloche-parasisol-schoenheiten-limitiert#breadcrumb\"},\"inLanguage\":\"de\",\"potentialAction\":[{\"@type\":\"ReadAction\",\"target\":[\"https:\\\/\\\/hutfactory.com\\\/?product=cloche-parasisol-schoenheiten-limitiert\"]}]},{\"@type\":\"ImageObject\",\"inLanguage\":\"de\",\"@id\":\"https:\\\/\\\/hutfactory.com\\\/?product=cloche-parasisol-schoenheiten-limitiert#primaryimage\",\"url\":\"https:\\\/\\\/hutfactory.com\\\/wp-content\\\/uploads\\\/2026\\\/03\\\/25403541.webp\",\"contentUrl\":\"https:\\\/\\\/hutfactory.com\\\/wp-content\\\/uploads\\\/2026\\\/03\\\/25403541.webp\",\"width\":750,\"height\":750,\"caption\":\"handgefertigt in der Schweiz.|Sommerlicher Damenhut Cloche aus 100% Parasisol mit gestreiftem Seidenband \u0096 wahlweise in Pink oder Gucci-Blau\"},{\"@type\":\"BreadcrumbList\",\"@id\":\"https:\\\/\\\/hutfactory.com\\\/?product=cloche-parasisol-schoenheiten-limitiert#breadcrumb\",\"itemListElement\":[{\"@type\":\"ListItem\",\"position\":1,\"name\":\"Start\",\"item\":\"https:\\\/\\\/hutfactory.com\\\/\"},{\"@type\":\"ListItem\",\"position\":2,\"name\":\"Shop\",\"item\":\"https:\\\/\\\/hutfactory.com\\\/?page_id=10\"},{\"@type\":\"ListItem\",\"position\":3,\"name\":\"Cloche Parasisol Sch\u00f6nheiten: LIMITIERT\"}]},{\"@type\":\"WebSite\",\"@id\":\"https:\\\/\\\/hutfactory.com\\\/#website\",\"url\":\"https:\\\/\\\/hutfactory.com\\\/\",\"name\":\"Hut Factory\",\"description\":\"H\u00fcte, Kappen &amp; M\u00fctzen in Top Swiss\\\/EU Qualit\u00e4t\",\"publisher\":{\"@id\":\"https:\\\/\\\/hutfactory.com\\\/#organization\"},\"alternateName\":\"Hut Shop\",\"potentialAction\":[{\"@type\":\"SearchAction\",\"target\":{\"@type\":\"EntryPoint\",\"urlTemplate\":\"https:\\\/\\\/hutfactory.com\\\/?s={search_term_string}\"},\"query-input\":{\"@type\":\"PropertyValueSpecification\",\"valueRequired\":true,\"valueName\":\"search_term_string\"}}],\"inLanguage\":\"de\"},{\"@type\":\"Organization\",\"@id\":\"https:\\\/\\\/hutfactory.com\\\/#organization\",\"name\":\"Hut Factory\",\"url\":\"https:\\\/\\\/hutfactory.com\\\/\",\"logo\":{\"@type\":\"ImageObject\",\"inLanguage\":\"de\",\"@id\":\"https:\\\/\\\/hutfactory.com\\\/#\\\/schema\\\/logo\\\/image\\\/\",\"url\":\"https:\\\/\\\/hutfactory.com\\\/wp-content\\\/uploads\\\/2026\\\/01\\\/Logo-hut-factory-1.webp\",\"contentUrl\":\"https:\\\/\\\/hutfactory.com\\\/wp-content\\\/uploads\\\/2026\\\/01\\\/Logo-hut-factory-1.webp\",\"width\":300,\"height\":262,\"caption\":\"Hut Factory\"},\"image\":{\"@id\":\"https:\\\/\\\/hutfactory.com\\\/#\\\/schema\\\/logo\\\/image\\\/\"}}]}<\/script>\n<!-- \/ Yoast SEO Premium plugin. -->","yoast_head_json":{"title":"Cloche Parasisol Sch\u00f6nheiten: Exklusive Sommerh\u00fcte f\u00fcr Damen","description":"Verleihen Sie Ihrem Sommer-Look einen Hauch von Pariser Chic mit diesem stilvollen Damen Sommerhut Cloche Style aus Parasisol.","robots":{"index":"index","follow":"follow","max-snippet":"max-snippet:-1","max-image-preview":"max-image-preview:large","max-video-preview":"max-video-preview:-1"},"canonical":"https:\/\/hutfactory.com\/?product=cloche-parasisol-schoenheiten-limitiert","og_locale":"de_DE","og_type":"article","og_title":"Cloche Parasisol Sch\u00f6nheiten: LIMITIERT","og_description":"Verleihen Sie Ihrem Sommer-Look einen Hauch von Pariser Chic mit diesem stilvollen Damen Sommerhut Cloche Style aus Parasisol.","og_url":"https:\/\/hutfactory.com\/?product=cloche-parasisol-schoenheiten-limitiert","og_site_name":"Hut Factory","article_modified_time":"2026-03-10T10:16:43+00:00","og_image":[{"width":750,"height":750,"url":"https:\/\/hutfactory.com\/wp-content\/uploads\/2026\/03\/25403541.webp","type":"image\/webp"}],"twitter_card":"summary_large_image","twitter_misc":{"Gesch\u00e4tzte Lesezeit":"3\u00a0Minuten"},"schema":{"@context":"https:\/\/schema.org","@graph":[{"@type":"WebPage","@id":"https:\/\/hutfactory.com\/?product=cloche-parasisol-schoenheiten-limitiert","url":"https:\/\/hutfactory.com\/?product=cloche-parasisol-schoenheiten-limitiert","name":"Cloche Parasisol Sch\u00f6nheiten: Exklusive Sommerh\u00fcte f\u00fcr Damen","isPartOf":{"@id":"https:\/\/hutfactory.com\/#website"},"primaryImageOfPage":{"@id":"https:\/\/hutfactory.com\/?product=cloche-parasisol-schoenheiten-limitiert#primaryimage"},"image":{"@id":"https:\/\/hutfactory.com\/?product=cloche-parasisol-schoenheiten-limitiert#primaryimage"},"thumbnailUrl":"https:\/\/hutfactory.com\/wp-content\/uploads\/2026\/03\/25403541.webp","datePublished":"2026-03-10T10:14:22+00:00","dateModified":"2026-03-10T10:16:43+00:00","description":"Verleihen Sie Ihrem Sommer-Look einen Hauch von Pariser Chic mit diesem stilvollen Damen Sommerhut Cloche Style aus Parasisol.","breadcrumb":{"@id":"https:\/\/hutfactory.com\/?product=cloche-parasisol-schoenheiten-limitiert#breadcrumb"},"inLanguage":"de","potentialAction":[{"@type":"ReadAction","target":["https:\/\/hutfactory.com\/?product=cloche-parasisol-schoenheiten-limitiert"]}]},{"@type":"ImageObject","inLanguage":"de","@id":"https:\/\/hutfactory.com\/?product=cloche-parasisol-schoenheiten-limitiert#primaryimage","url":"https:\/\/hutfactory.com\/wp-content\/uploads\/2026\/03\/25403541.webp","contentUrl":"https:\/\/hutfactory.com\/wp-content\/uploads\/2026\/03\/25403541.webp","width":750,"height":750,"caption":"handgefertigt in der Schweiz.|Sommerlicher Damenhut Cloche aus 100% Parasisol mit gestreiftem Seidenband \u0096 wahlweise in Pink oder Gucci-Blau"},{"@type":"BreadcrumbList","@id":"https:\/\/hutfactory.com\/?product=cloche-parasisol-schoenheiten-limitiert#breadcrumb","itemListElement":[{"@type":"ListItem","position":1,"name":"Start","item":"https:\/\/hutfactory.com\/"},{"@type":"ListItem","position":2,"name":"Shop","item":"https:\/\/hutfactory.com\/?page_id=10"},{"@type":"ListItem","position":3,"name":"Cloche Parasisol Sch\u00f6nheiten: LIMITIERT"}]},{"@type":"WebSite","@id":"https:\/\/hutfactory.com\/#website","url":"https:\/\/hutfactory.com\/","name":"Hut Factory","description":"H\u00fcte, Kappen &amp; M\u00fctzen in Top Swiss\/EU Qualit\u00e4t","publisher":{"@id":"https:\/\/hutfactory.com\/#organization"},"alternateName":"Hut Shop","potentialAction":[{"@type":"SearchAction","target":{"@type":"EntryPoint","urlTemplate":"https:\/\/hutfactory.com\/?s={search_term_string}"},"query-input":{"@type":"PropertyValueSpecification","valueRequired":true,"valueName":"search_term_string"}}],"inLanguage":"de"},{"@type":"Organization","@id":"https:\/\/hutfactory.com\/#organization","name":"Hut Factory","url":"https:\/\/hutfactory.com\/","logo":{"@type":"ImageObject","inLanguage":"de","@id":"https:\/\/hutfactory.com\/#\/schema\/logo\/image\/","url":"https:\/\/hutfactory.com\/wp-content\/uploads\/2026\/01\/Logo-hut-factory-1.webp","contentUrl":"https:\/\/hutfactory.com\/wp-content\/uploads\/2026\/01\/Logo-hut-factory-1.webp","width":300,"height":262,"caption":"Hut Factory"},"image":{"@id":"https:\/\/hutfactory.com\/#\/schema\/logo\/image\/"}}]}},"_links":{"self":[{"href":"https:\/\/hutfactory.com\/index.php?rest_route=\/wp\/v2\/product\/17091","targetHints":{"allow":["GET"]}}],"collection":[{"href":"https:\/\/hutfactory.com\/index.php?rest_route=\/wp\/v2\/product"}],"about":[{"href":"https:\/\/hutfactory.com\/index.php?rest_route=\/wp\/v2\/types\/product"}],"wp:featuredmedia":[{"embeddable":true,"href":"https:\/\/hutfactory.com\/index.php?rest_route=\/wp\/v2\/media\/17092"}],"wp:attachment":[{"href":"https:\/\/hutfactory.com\/index.php?rest_route=%2Fwp%2Fv2%2Fmedia&parent=17091"}],"wp:term":[{"taxonomy":"product_brand","embeddable":true,"href":"https:\/\/hutfactory.com\/index.php?rest_route=%2Fwp%2Fv2%2Fproduct_brand&post=17091"},{"taxonomy":"product_cat","embeddable":true,"href":"https:\/\/hutfactory.com\/index.php?rest_route=%2Fwp%2Fv2%2Fproduct_cat&post=17091"},{"taxonomy":"product_tag","embeddable":true,"href":"https:\/\/hutfactory.com\/index.php?rest_route=%2Fwp%2Fv2%2Fproduct_tag&post=17091"}],"curies":[{"name":"wp","href":"https:\/\/api.w.org\/{rel}","templated":true}]}}