{"id":16955,"date":"2026-03-10T10:11:53","date_gmt":"2026-03-10T10:11:53","guid":{"rendered":"https:\/\/hutfactory.com\/?product=damencloche-bast-rollbar-mit-bridee"},"modified":"2026-03-10T10:15:18","modified_gmt":"2026-03-10T10:15:18","slug":"damencloche-bast-rollbar-mit-bridee","status":"publish","type":"product","link":"https:\/\/hutfactory.com\/?product=damencloche-bast-rollbar-mit-bridee","title":{"rendered":"Damencloche Bast rollbar mit Bridee"},"content":{"rendered":"<h3 class=\"\" data-start=\"0\" data-end=\"81\"><strong>Stilvoller Sonnenschutz mit cleverer Funktion \u0096 bereit f\u00fcr jeden Sommermoment<\/strong><\/h3>\n<p class=\"\" data-start=\"83\" data-end=\"464\">Diese rollbare Damencloche aus feinstem Bast \u00fcberzeugt mit klarer Linienf\u00fchrung, einem zeitlosen Look und einem funktionalen Twist: Sie l\u00e4sst sich dank integrierter Bridee mit Haken und \u00d6se elegant zusammenrollen \u0096 perfekt f\u00fcr unterwegs! Der fein geflochtene Bast verleiht ihr eine nat\u00fcrliche Eleganz und die schmale Garnitur betont die feminine Silhouette mit subtiler Raffinesse.<\/p>\n<p class=\"\" data-start=\"466\" data-end=\"886\">Das Design besticht durch eine harmonische Kombination aus Stil und Funktionalit\u00e4t. Ob in hellem Givre-Weiss, warmem Mittelbraun-Givre, sportlich in Schwarz-Royalblau oder leuchtendem Royalblau-Navyblau \u0096 jede Farbvariante verleiht dem Outfit einen besonderen Akzent. Mit ihrer weichen, aber formstabilen Struktur passt sich diese Damen Sommerhut im Cloche Style ideal an und sch\u00fctzt gleichzeitig Gesicht und Augen stilvoll vor der Sonne.<\/p>\n<p class=\"\" data-start=\"888\" data-end=\"909\"><strong data-start=\"888\" data-end=\"909\">Perfekt f\u00fcr\u0085.. ??<\/strong><\/p>\n<p class=\"\" data-start=\"911\" data-end=\"1144\"><strong data-start=\"911\" data-end=\"938\">?? Sommerliche Anl\u00e4sse:<\/strong> Egal ob am Strand, auf dem Wochenmarkt oder beim Aperitif auf der Terrasse \u0096 diese Cloche verleiht jedem Look eine l\u00e4ssige Noblesse und ist dabei ultrapraktisch: zusammengerollt passt sie in jede Tasche.<\/p>\n<p class=\"\" data-start=\"1146\" data-end=\"1311\"><strong data-start=\"1146\" data-end=\"1170\">?? Urbane Abenteuer:<\/strong> Die schlichte Eleganz der Baststruktur trifft auf modernes Farbspiel \u0096 ideal f\u00fcr die City, Gartenpartys oder sommerliche Events im Gr\u00fcnen.<\/p>\n<p class=\"\" data-start=\"1313\" data-end=\"1518\"><strong data-start=\"1313\" data-end=\"1343\">?? Natur- und Modebewusst:<\/strong> Gefertigt aus 100% nat\u00fcrlichem Bast und produziert in Europa mit Fokus auf Ressourcenschonung \u0096 ein Statement f\u00fcr alle, die nachhaltige Mode mit \u00e4sthetischem Anspruch lieben.<\/p>\n<div class=\"hf-accordions\">\n<hr class=\"hf-accordion-separator\" \/>\n<details class=\"hf-accordion\">\n<summary><strong>\u25b6\ufe0f Gut zu wissen \u2013 mehr erfahren<\/strong><\/summary>\n<div class=\"hf-accordion-content\">\n<h3 class=\"\" data-start=\"2502\" data-end=\"2529\">Eigenschaften &#038; Details<\/h3>\n<p class=\"\" data-start=\"2531\" data-end=\"2755\"><strong data-start=\"2531\" data-end=\"2544\">Material:<\/strong> 100% Bast \u0096 nat\u00fcrlich, leicht und luftdurchl\u00e4ssig<br data-start=\"2594\" data-end=\"2597\" \/><strong data-start=\"2597\" data-end=\"2612\">Randbreite:<\/strong> 6.0 cm \u0096 bietet optimalen Sonnenschutz mit klassischem Schwung<br data-start=\"2675\" data-end=\"2678\" \/><strong data-start=\"2678\" data-end=\"2691\">Kopfh\u00f6he:<\/strong> 10.0 cm \u0096 feminin gerundet, bequem und stilvoll<br data-start=\"2739\" data-end=\"2742\" \/><strong data-start=\"2742\" data-end=\"2753\">Farben:<\/strong><\/p>\n<ol data-start=\"2756\" data-end=\"3103\">\n<li class=\"\" data-start=\"2756\" data-end=\"2791\">\n<p class=\"\" data-start=\"2759\" data-end=\"2791\">Weiss\/Weiss \u0096 zeitlos und hell<\/p>\n<\/li>\n<li class=\"\" data-start=\"2792\" data-end=\"2827\">\n<p class=\"\" data-start=\"2795\" data-end=\"2827\">Mokkabraun\/Weiss \u0096 erdig, edel<\/p>\n<\/li>\n<li class=\"\" data-start=\"2828\" data-end=\"2872\">\n<p class=\"\" data-start=\"2831\" data-end=\"2872\">Schwarz\/Royalblau \u0096 modern mit Kontrast<\/p>\n<\/li>\n<li class=\"\" data-start=\"2873\" data-end=\"3103\">\n<p class=\"\" data-start=\"2876\" data-end=\"3103\">Royalblau\/Navy \u0096 kr\u00e4ftig und maritim<br data-start=\"2912\" data-end=\"2915\" \/><strong data-start=\"2915\" data-end=\"2928\">Garnitur:<\/strong> Schmales Bastband mit Haken &#038; \u00d6se \u0096 zum Einrollen und sicheren Verstauen<br data-start=\"3001\" data-end=\"3004\" \/><strong data-start=\"3004\" data-end=\"3020\">Schwei\u00dfband:<\/strong> Sorgf\u00e4ltig eingen\u00e4htes Textilinnenband f\u00fcr besten Tragekomfort<br data-start=\"3083\" data-end=\"3086\" \/><strong data-start=\"3086\" data-end=\"3097\">Gr\u00f6\u00dfen:<\/strong> 53\u009662<\/p>\n<\/li>\n<\/ol>\n<h3 class=\"\" data-start=\"3105\" data-end=\"3130\">Design &#038; Verarbeitung<\/h3>\n<p class=\"\" data-start=\"3132\" data-end=\"3423\">Die filigrane Flechtung des Bastes sorgt f\u00fcr eine angenehme Leichtigkeit und flexible Stabilit\u00e4t. Die elegante Form der Cloche bleibt auch nach dem Einrollen erhalten \u0096 dank hochwertiger Verarbeitung. Ein wahres Meisterst\u00fcck f\u00fcr stilbewusste Frauen, die auf Funktion nicht verzichten wollen.<\/p>\n<h3 class=\"\" data-start=\"3425\" data-end=\"3457\">Handgefertigt in der Schweiz<\/h3>\n<p class=\"\" data-start=\"3459\" data-end=\"3743\">Jeder Hut wird auf Bestellung in der traditionsreichen Schweizer Hutmanufaktur Risa gefertigt. Mit handwerklichem Geschick und einem tiefen Verst\u00e4ndnis f\u00fcr Form, Funktion und \u00c4sthetik entsteht ein Produkt, das h\u00f6chsten Anspr\u00fcchen gerecht wird \u0096 und dabei lokale Arbeitspl\u00e4tze sichert.<\/p>\n<h3 class=\"\" data-start=\"3745\" data-end=\"3774\">Nachhaltigkeit &#038; Qualit\u00e4t<\/h3>\n<p class=\"\" data-start=\"3776\" data-end=\"4157\"><strong data-start=\"3776\" data-end=\"3803\">Nat\u00fcrliche Materialien:<\/strong> Der verwendete Bast stammt aus nachhaltigem Anbau und ist vollst\u00e4ndig biologisch abbaubar.<br data-start=\"3894\" data-end=\"3897\" \/><strong data-start=\"3897\" data-end=\"3924\">Handarbeit &#038; Tradition:<\/strong> Jeder Schritt \u0096 vom Flechten bis zur Finalisierung \u0096 wird in Handarbeit ausgef\u00fchrt.<br data-start=\"4008\" data-end=\"4011\" \/><strong data-start=\"4011\" data-end=\"4029\">Langlebigkeit:<\/strong> Die solide Struktur bleibt auch bei h\u00e4ufigem Einrollen formstabil. Bei richtiger Pflege \u00fcber viele Sommer ein treuer Begleiter.<\/p>\n<h3 class=\"\" data-start=\"4159\" data-end=\"4184\">Herstellung &#038; Versand<\/h3>\n<p class=\"\" data-start=\"4186\" data-end=\"4550\"><strong data-start=\"4186\" data-end=\"4215\">Fertigung auf Bestellung:<\/strong> Handgefertigt im Herzen Europas nach Ihrem Bestelleingang<br data-start=\"4273\" data-end=\"4276\" \/><strong data-start=\"4276\" data-end=\"4297\">Herstellungszeit:<\/strong> 10 bis 15 Arbeitstage nach Zahlungseingang<br data-start=\"4340\" data-end=\"4343\" \/><strong data-start=\"4343\" data-end=\"4355\">Versand:<\/strong> Innerhalb weniger Tage ab Standort Schweiz<br data-start=\"4398\" data-end=\"4401\" \/><strong data-start=\"4401\" data-end=\"4414\">Garantie:<\/strong> Umtausch nur bei Material- oder Herstellungsfehlern<br data-start=\"4466\" data-end=\"4469\" \/><strong data-start=\"4469\" data-end=\"4487\">Verf\u00fcgbarkeit:<\/strong> Limitierte Auflage \u0096 solange Vorrat an Rohmaterial vorhanden<\/p>\n<\/div>\n<\/details>\n<details class=\"hf-accordion\">\n<summary><strong>\u25b6\ufe0f FAQ \u2013 H\u00e4ufige Fragen<\/strong><\/summary>\n<div class=\"hf-accordion-content\">\n<h3 class=\"\" data-start=\"4552\" data-end=\"4585\">FAQ \u0096 H\u00e4ufig gestellte Fragen<\/h3>\n<p class=\"\" data-start=\"4587\" data-end=\"4733\"><strong data-start=\"4587\" data-end=\"4628\">Ist der Hut auch f\u00fcr Reisen geeignet?<\/strong><br data-start=\"4628\" data-end=\"4631\" \/>Ja, dank der integrierten Bridee l\u00e4sst sich der Hut einfach zusammenrollen und platzsparend verstauen.<\/p>\n<p class=\"\" data-start=\"4735\" data-end=\"4866\"><strong data-start=\"4735\" data-end=\"4782\">Sch\u00fctzt der Hut mein Gesicht vor der Sonne?<\/strong><br data-start=\"4782\" data-end=\"4785\" \/>Die 6.0 cm breite Krempe bietet optimalen Schutz vor direkter Sonneneinstrahlung.<\/p>\n<p class=\"\" data-start=\"4868\" data-end=\"5018\"><strong data-start=\"4868\" data-end=\"4906\">Wie reinige ich den Hut am besten?<\/strong><br data-start=\"4906\" data-end=\"4909\" \/>Am besten vorsichtig mit einer weichen B\u00fcrste reinigen. Feuchtigkeit vermeiden. Details unter Pflegehinweise.<\/p>\n<p class=\"\" data-start=\"5020\" data-end=\"5166\"><strong data-start=\"5020\" data-end=\"5069\">Kann ich den Hut individuell anpassen lassen?<\/strong><br data-start=\"5069\" data-end=\"5072\" \/>Der Hut ist in vielen Gr\u00f6\u00dfen erh\u00e4ltlich (53\u009662) \u0096 Sonderanpassungen sind jedoch nicht m\u00f6glich.<\/p>\n<p class=\"\" data-start=\"5168\" data-end=\"5275\"><strong data-start=\"5168\" data-end=\"5195\">Ist der Hut wasserfest?<\/strong><br data-start=\"5195\" data-end=\"5198\" \/>Da es sich um nat\u00fcrlichen Bast handelt, ist der Hut nicht f\u00fcr Regen geeignet.<\/p>\n<\/div>\n<\/details>\n<\/div>\n","protected":false},"excerpt":{"rendered":"<h3 class=\"\" data-start=\"1520\" data-end=\"1583\"><strong>Sommerhut Cloche Bast \u0096 rollbar &#038; elegant in femininer Form<\/strong><\/h3>\n<p class=\"\" data-start=\"1585\" data-end=\"1916\">Mit dieser Damencloche aus Bast sind Sie stilvoll gesch\u00fctzt \u0096 egal, ob unterwegs oder zu Hause. Die rund geformte Krone, die schlichte Garnitur mit praktischer Verschlussfunktion und der weich geschwungene Rand vereinen Alltagstauglichkeit und Charme. Die perfekte Begleiterin f\u00fcr sonnige Tage \u0096 leicht, platzsparend und modisch.<\/p>\n","protected":false},"featured_media":16956,"template":"","meta":{"_acf_changed":false,"rs_blank_template":"","rs_page_bg_color":"","slide_template_v7":""},"product_brand":[250],"product_cat":[446,622,583,277,275,278],"product_tag":[],"class_list":{"0":"post-16955","1":"product","2":"type-product","3":"status-publish","4":"has-post-thumbnail","6":"product_brand-risa-hutwerkstatt-schweiz","7":"product_cat-cloche-sommerhuete","8":"product_cat-floppy-sommerhuete","9":"product_cat-koffer-sommerhuete","10":"product_cat-reise-sommerhuete","11":"product_cat-sommerhuete","12":"product_cat-sport-huete-sommerhuete","13":"product_shipping_class-mittlere-pakete","14":"pa_color-blau","15":"pa_color-mbraun","16":"pa_color-schwarz","17":"pa_color-weiss","18":"pa_groesse-206","19":"pa_groesse-196","20":"pa_groesse-207","21":"pa_groesse-197","22":"pa_groesse-208","23":"pa_groesse-198","24":"pa_groesse-209","25":"pa_groesse-199","26":"pa_groesse-210","27":"yith_product_brand-risa-hutwerkstatt-schweiz","30":"instock","31":"featured","32":"taxable","33":"shipping-taxable","34":"purchasable","35":"product-type-variable","36":"wvs-archive-product-wrapper","37":"add-to-wishlist-after_add_to_cart"},"acf":[],"yoast_head":"<!-- This site is optimized with the Yoast SEO Premium plugin v27.3 (Yoast SEO v27.3) - https:\/\/yoast.com\/product\/yoast-seo-premium-wordpress\/ -->\n<title>Rollbare Damencloche Basthut mit Bridee \u0096 Sommerhut<\/title>\n<meta name=\"description\" content=\"Leichte Damencloche aus Bast mit praktischer Rollfunktion \u0096 ideal f\u00fcr den Sommer. Handgefertigt &amp; nachhaltig. Jetzt bei Hut\" \/>\n<meta name=\"robots\" content=\"index, follow, max-snippet:-1, max-image-preview:large, max-video-preview:-1\" \/>\n<link rel=\"canonical\" href=\"https:\/\/hutfactory.com\/?product=damencloche-bast-rollbar-mit-bridee\" \/>\n<meta property=\"og:locale\" content=\"de_DE\" \/>\n<meta property=\"og:type\" content=\"article\" \/>\n<meta property=\"og:title\" content=\"Damencloche Bast rollbar mit Bridee\" \/>\n<meta property=\"og:description\" content=\"Leichte Damencloche aus Bast mit praktischer Rollfunktion \u0096 ideal f\u00fcr den Sommer. Handgefertigt &amp; nachhaltig. Jetzt bei Hut\" \/>\n<meta property=\"og:url\" content=\"https:\/\/hutfactory.com\/?product=damencloche-bast-rollbar-mit-bridee\" \/>\n<meta property=\"og:site_name\" content=\"Hut Factory\" \/>\n<meta property=\"article:modified_time\" content=\"2026-03-10T10:15:18+00:00\" \/>\n<meta property=\"og:image\" content=\"https:\/\/hutfactory.com\/wp-content\/uploads\/2026\/03\/43004741.alle_-1.webp\" \/>\n\t<meta property=\"og:image:width\" content=\"750\" \/>\n\t<meta property=\"og:image:height\" content=\"750\" \/>\n\t<meta property=\"og:image:type\" content=\"image\/webp\" \/>\n<meta name=\"twitter:card\" content=\"summary_large_image\" \/>\n<meta name=\"twitter:label1\" content=\"Gesch\u00e4tzte Lesezeit\" \/>\n\t<meta name=\"twitter:data1\" content=\"3\u00a0Minuten\" \/>\n<script type=\"application\/ld+json\" class=\"yoast-schema-graph\">{\"@context\":\"https:\\\/\\\/schema.org\",\"@graph\":[{\"@type\":\"WebPage\",\"@id\":\"https:\\\/\\\/hutfactory.com\\\/?product=damencloche-bast-rollbar-mit-bridee\",\"url\":\"https:\\\/\\\/hutfactory.com\\\/?product=damencloche-bast-rollbar-mit-bridee\",\"name\":\"Rollbare Damencloche Basthut mit Bridee \u0096 Sommerhut\",\"isPartOf\":{\"@id\":\"https:\\\/\\\/hutfactory.com\\\/#website\"},\"primaryImageOfPage\":{\"@id\":\"https:\\\/\\\/hutfactory.com\\\/?product=damencloche-bast-rollbar-mit-bridee#primaryimage\"},\"image\":{\"@id\":\"https:\\\/\\\/hutfactory.com\\\/?product=damencloche-bast-rollbar-mit-bridee#primaryimage\"},\"thumbnailUrl\":\"https:\\\/\\\/hutfactory.com\\\/wp-content\\\/uploads\\\/2026\\\/03\\\/43004741.alle_-1.webp\",\"datePublished\":\"2026-03-10T10:11:53+00:00\",\"dateModified\":\"2026-03-10T10:15:18+00:00\",\"description\":\"Leichte Damencloche aus Bast mit praktischer Rollfunktion \u0096 ideal f\u00fcr den Sommer. Handgefertigt & nachhaltig. Jetzt bei Hut\",\"breadcrumb\":{\"@id\":\"https:\\\/\\\/hutfactory.com\\\/?product=damencloche-bast-rollbar-mit-bridee#breadcrumb\"},\"inLanguage\":\"de\",\"potentialAction\":[{\"@type\":\"ReadAction\",\"target\":[\"https:\\\/\\\/hutfactory.com\\\/?product=damencloche-bast-rollbar-mit-bridee\"]}]},{\"@type\":\"ImageObject\",\"inLanguage\":\"de\",\"@id\":\"https:\\\/\\\/hutfactory.com\\\/?product=damencloche-bast-rollbar-mit-bridee#primaryimage\",\"url\":\"https:\\\/\\\/hutfactory.com\\\/wp-content\\\/uploads\\\/2026\\\/03\\\/43004741.alle_-1.webp\",\"contentUrl\":\"https:\\\/\\\/hutfactory.com\\\/wp-content\\\/uploads\\\/2026\\\/03\\\/43004741.alle_-1.webp\",\"width\":750,\"height\":750,\"caption\":\"handgefertigt in Europa. Mit funktionaler Bridee zum Einrollen \u0096 modisch\"},{\"@type\":\"BreadcrumbList\",\"@id\":\"https:\\\/\\\/hutfactory.com\\\/?product=damencloche-bast-rollbar-mit-bridee#breadcrumb\",\"itemListElement\":[{\"@type\":\"ListItem\",\"position\":1,\"name\":\"Start\",\"item\":\"https:\\\/\\\/hutfactory.com\\\/\"},{\"@type\":\"ListItem\",\"position\":2,\"name\":\"Shop\",\"item\":\"https:\\\/\\\/hutfactory.com\\\/?page_id=10\"},{\"@type\":\"ListItem\",\"position\":3,\"name\":\"Damencloche Bast rollbar mit Bridee\"}]},{\"@type\":\"WebSite\",\"@id\":\"https:\\\/\\\/hutfactory.com\\\/#website\",\"url\":\"https:\\\/\\\/hutfactory.com\\\/\",\"name\":\"Hut Factory\",\"description\":\"H\u00fcte, Kappen &amp; M\u00fctzen in Top Swiss\\\/EU Qualit\u00e4t\",\"publisher\":{\"@id\":\"https:\\\/\\\/hutfactory.com\\\/#organization\"},\"alternateName\":\"Hut Shop\",\"potentialAction\":[{\"@type\":\"SearchAction\",\"target\":{\"@type\":\"EntryPoint\",\"urlTemplate\":\"https:\\\/\\\/hutfactory.com\\\/?s={search_term_string}\"},\"query-input\":{\"@type\":\"PropertyValueSpecification\",\"valueRequired\":true,\"valueName\":\"search_term_string\"}}],\"inLanguage\":\"de\"},{\"@type\":\"Organization\",\"@id\":\"https:\\\/\\\/hutfactory.com\\\/#organization\",\"name\":\"Hut Factory\",\"url\":\"https:\\\/\\\/hutfactory.com\\\/\",\"logo\":{\"@type\":\"ImageObject\",\"inLanguage\":\"de\",\"@id\":\"https:\\\/\\\/hutfactory.com\\\/#\\\/schema\\\/logo\\\/image\\\/\",\"url\":\"https:\\\/\\\/hutfactory.com\\\/wp-content\\\/uploads\\\/2026\\\/01\\\/Logo-hut-factory-1.webp\",\"contentUrl\":\"https:\\\/\\\/hutfactory.com\\\/wp-content\\\/uploads\\\/2026\\\/01\\\/Logo-hut-factory-1.webp\",\"width\":300,\"height\":262,\"caption\":\"Hut Factory\"},\"image\":{\"@id\":\"https:\\\/\\\/hutfactory.com\\\/#\\\/schema\\\/logo\\\/image\\\/\"}}]}<\/script>\n<!-- \/ Yoast SEO Premium plugin. -->","yoast_head_json":{"title":"Rollbare Damencloche Basthut mit Bridee \u0096 Sommerhut","description":"Leichte Damencloche aus Bast mit praktischer Rollfunktion \u0096 ideal f\u00fcr den Sommer. Handgefertigt & nachhaltig. Jetzt bei Hut","robots":{"index":"index","follow":"follow","max-snippet":"max-snippet:-1","max-image-preview":"max-image-preview:large","max-video-preview":"max-video-preview:-1"},"canonical":"https:\/\/hutfactory.com\/?product=damencloche-bast-rollbar-mit-bridee","og_locale":"de_DE","og_type":"article","og_title":"Damencloche Bast rollbar mit Bridee","og_description":"Leichte Damencloche aus Bast mit praktischer Rollfunktion \u0096 ideal f\u00fcr den Sommer. Handgefertigt & nachhaltig. Jetzt bei Hut","og_url":"https:\/\/hutfactory.com\/?product=damencloche-bast-rollbar-mit-bridee","og_site_name":"Hut Factory","article_modified_time":"2026-03-10T10:15:18+00:00","og_image":[{"width":750,"height":750,"url":"https:\/\/hutfactory.com\/wp-content\/uploads\/2026\/03\/43004741.alle_-1.webp","type":"image\/webp"}],"twitter_card":"summary_large_image","twitter_misc":{"Gesch\u00e4tzte Lesezeit":"3\u00a0Minuten"},"schema":{"@context":"https:\/\/schema.org","@graph":[{"@type":"WebPage","@id":"https:\/\/hutfactory.com\/?product=damencloche-bast-rollbar-mit-bridee","url":"https:\/\/hutfactory.com\/?product=damencloche-bast-rollbar-mit-bridee","name":"Rollbare Damencloche Basthut mit Bridee \u0096 Sommerhut","isPartOf":{"@id":"https:\/\/hutfactory.com\/#website"},"primaryImageOfPage":{"@id":"https:\/\/hutfactory.com\/?product=damencloche-bast-rollbar-mit-bridee#primaryimage"},"image":{"@id":"https:\/\/hutfactory.com\/?product=damencloche-bast-rollbar-mit-bridee#primaryimage"},"thumbnailUrl":"https:\/\/hutfactory.com\/wp-content\/uploads\/2026\/03\/43004741.alle_-1.webp","datePublished":"2026-03-10T10:11:53+00:00","dateModified":"2026-03-10T10:15:18+00:00","description":"Leichte Damencloche aus Bast mit praktischer Rollfunktion \u0096 ideal f\u00fcr den Sommer. Handgefertigt & nachhaltig. Jetzt bei Hut","breadcrumb":{"@id":"https:\/\/hutfactory.com\/?product=damencloche-bast-rollbar-mit-bridee#breadcrumb"},"inLanguage":"de","potentialAction":[{"@type":"ReadAction","target":["https:\/\/hutfactory.com\/?product=damencloche-bast-rollbar-mit-bridee"]}]},{"@type":"ImageObject","inLanguage":"de","@id":"https:\/\/hutfactory.com\/?product=damencloche-bast-rollbar-mit-bridee#primaryimage","url":"https:\/\/hutfactory.com\/wp-content\/uploads\/2026\/03\/43004741.alle_-1.webp","contentUrl":"https:\/\/hutfactory.com\/wp-content\/uploads\/2026\/03\/43004741.alle_-1.webp","width":750,"height":750,"caption":"handgefertigt in Europa. Mit funktionaler Bridee zum Einrollen \u0096 modisch"},{"@type":"BreadcrumbList","@id":"https:\/\/hutfactory.com\/?product=damencloche-bast-rollbar-mit-bridee#breadcrumb","itemListElement":[{"@type":"ListItem","position":1,"name":"Start","item":"https:\/\/hutfactory.com\/"},{"@type":"ListItem","position":2,"name":"Shop","item":"https:\/\/hutfactory.com\/?page_id=10"},{"@type":"ListItem","position":3,"name":"Damencloche Bast rollbar mit Bridee"}]},{"@type":"WebSite","@id":"https:\/\/hutfactory.com\/#website","url":"https:\/\/hutfactory.com\/","name":"Hut Factory","description":"H\u00fcte, Kappen &amp; M\u00fctzen in Top Swiss\/EU Qualit\u00e4t","publisher":{"@id":"https:\/\/hutfactory.com\/#organization"},"alternateName":"Hut Shop","potentialAction":[{"@type":"SearchAction","target":{"@type":"EntryPoint","urlTemplate":"https:\/\/hutfactory.com\/?s={search_term_string}"},"query-input":{"@type":"PropertyValueSpecification","valueRequired":true,"valueName":"search_term_string"}}],"inLanguage":"de"},{"@type":"Organization","@id":"https:\/\/hutfactory.com\/#organization","name":"Hut Factory","url":"https:\/\/hutfactory.com\/","logo":{"@type":"ImageObject","inLanguage":"de","@id":"https:\/\/hutfactory.com\/#\/schema\/logo\/image\/","url":"https:\/\/hutfactory.com\/wp-content\/uploads\/2026\/01\/Logo-hut-factory-1.webp","contentUrl":"https:\/\/hutfactory.com\/wp-content\/uploads\/2026\/01\/Logo-hut-factory-1.webp","width":300,"height":262,"caption":"Hut Factory"},"image":{"@id":"https:\/\/hutfactory.com\/#\/schema\/logo\/image\/"}}]}},"_links":{"self":[{"href":"https:\/\/hutfactory.com\/index.php?rest_route=\/wp\/v2\/product\/16955","targetHints":{"allow":["GET"]}}],"collection":[{"href":"https:\/\/hutfactory.com\/index.php?rest_route=\/wp\/v2\/product"}],"about":[{"href":"https:\/\/hutfactory.com\/index.php?rest_route=\/wp\/v2\/types\/product"}],"wp:featuredmedia":[{"embeddable":true,"href":"https:\/\/hutfactory.com\/index.php?rest_route=\/wp\/v2\/media\/16956"}],"wp:attachment":[{"href":"https:\/\/hutfactory.com\/index.php?rest_route=%2Fwp%2Fv2%2Fmedia&parent=16955"}],"wp:term":[{"taxonomy":"product_brand","embeddable":true,"href":"https:\/\/hutfactory.com\/index.php?rest_route=%2Fwp%2Fv2%2Fproduct_brand&post=16955"},{"taxonomy":"product_cat","embeddable":true,"href":"https:\/\/hutfactory.com\/index.php?rest_route=%2Fwp%2Fv2%2Fproduct_cat&post=16955"},{"taxonomy":"product_tag","embeddable":true,"href":"https:\/\/hutfactory.com\/index.php?rest_route=%2Fwp%2Fv2%2Fproduct_tag&post=16955"}],"curies":[{"name":"wp","href":"https:\/\/api.w.org\/{rel}","templated":true}]}}