{"id":16885,"date":"2026-03-10T10:11:53","date_gmt":"2026-03-10T10:11:53","guid":{"rendered":"https:\/\/hutfactory.com\/?product=sommerhut-cloche-fancy-hemp"},"modified":"2026-03-10T10:14:18","modified_gmt":"2026-03-10T10:14:18","slug":"sommerhut-cloche-fancy-hemp","status":"publish","type":"product","link":"https:\/\/hutfactory.com\/?product=sommerhut-cloche-fancy-hemp","title":{"rendered":"Sommerhut Cloche &#8220;Fancy Hemp&#8221;"},"content":{"rendered":"<h3 class=\"\" data-start=\"389\" data-end=\"447\"><strong>Ein Statement f\u00fcr Modebewusstsein &#038; Naturverbundenheit<\/strong><\/h3>\n<p class=\"\" data-start=\"448\" data-end=\"1012\">Mit seinem harmonischen Streifendesign in Risa-Pink oder Gucci-Blau und dem extravaganten Schwung der Cloche-Form wird dieser Sommerhut zum Highlight jeder Garderobe. Die Kombination aus Hanf und Raffia verleiht dem Modell eine griffige, nat\u00fcrliche Textur und einen angenehm leichten Sitz. Der hochwertige 1919-Knopf ist nicht nur ein dekoratives Element, sondern auch ein Statement f\u00fcr handwerkliche Qualit\u00e4t und Herkunft. Jeder Hut wird auf Bestellung im Herzen Europas bei der renommierten Schweizer Hutmanufaktur Risa gefertigt \u0096 ein Unikat mit Pers\u00f6nlichkeit.<\/p>\n<p class=\"\" data-start=\"1014\" data-end=\"1035\"><strong data-start=\"1014\" data-end=\"1035\">Perfekt f\u00fcr\u0085.. ??<\/strong><\/p>\n<p class=\"\" data-start=\"1037\" data-end=\"1227\"><strong data-start=\"1037\" data-end=\"1064\">?? Sommerliche Anl\u00e4sse:<\/strong> Ob beim Spaziergang am See, beim Wochenendmarkt oder auf der sommerlichen Rooftop-Party \u0096 dieser Hut ist ein femininer Begleiter mit UV-Schutz und Fashion-Faktor.<\/p>\n<p class=\"\" data-start=\"1229\" data-end=\"1432\"><strong data-start=\"1229\" data-end=\"1252\">?? Elegante Events:<\/strong> Der elegante Schwung der breiten Cloche-Krempe erg\u00e4nzt Sommerkleider oder luftige Ensembles und macht diesen Hut zum idealen Accessoire f\u00fcr Gartenfeste, Ausstellungen oder Aperos.<\/p>\n<p class=\"\" data-start=\"1434\" data-end=\"1613\"><strong data-start=\"1434\" data-end=\"1464\">?? Natur- und Modebewusst:<\/strong> Aus Hanf und Raffia gefertigt, \u00fcberzeugt das Modell durch seine Nachhaltigkeit und sein \u00f6kologisches Profil \u0096 ideal f\u00fcr umweltbewusste Fashionistas.<\/p>\n<div class=\"hf-accordions\">\n<hr class=\"hf-accordion-separator\" \/>\n<details class=\"hf-accordion\">\n<summary><strong>\u25b6\ufe0f Gut zu wissen \u2013 mehr erfahren<\/strong><\/summary>\n<div class=\"hf-accordion-content\">\n<h3 class=\"\" data-start=\"1615\" data-end=\"1643\">Eigenschaften &#038; Details:<\/h3>\n<p class=\"\" data-start=\"1644\" data-end=\"2140\">Material: <strong data-start=\"1654\" data-end=\"1678\">80% Hanf, 20% Raffia<\/strong> \u0096 luftdurchl\u00e4ssig, nat\u00fcrlich, federleicht<br data-start=\"1720\" data-end=\"1723\" \/>Randbreite: <strong data-start=\"1735\" data-end=\"1746\">12.0 cm<\/strong> \u0096 extrabreiter Schirm f\u00fcr stilvollen Sonnenschutz<br data-start=\"1796\" data-end=\"1799\" \/>Kopfh\u00f6he: <strong data-start=\"1809\" data-end=\"1819\">9.0 cm<\/strong> \u0096 feminine Cloche-Form mit sanftem Schwung<br data-start=\"1862\" data-end=\"1865\" \/>Farben: <strong data-start=\"1873\" data-end=\"1902\">Risa-Pink oder Gucci-Blau<\/strong> \u0096 belebende Sommerfarben mit Raffinesse<br data-start=\"1942\" data-end=\"1945\" \/>Garnitur: <strong data-start=\"1955\" data-end=\"1978\">1919 Qualit\u00e4tsknopf<\/strong> \u0096 elegantes Markenzeichen der Schweizer Manufaktur<br data-start=\"2029\" data-end=\"2032\" \/>Schwei\u00dfband: <strong data-start=\"2045\" data-end=\"2071\">Eingen\u00e4htes Textilband<\/strong> \u0096 sorgt f\u00fcr Komfort, auch bei hohen Temperaturen<br data-start=\"2120\" data-end=\"2123\" \/>Gr\u00f6\u00dfen: <strong data-start=\"2131\" data-end=\"2140\">53\u009662<\/strong><\/p>\n<h3 class=\"\" data-start=\"2142\" data-end=\"2168\">Design &#038; Verarbeitung:<\/h3>\n<p class=\"\" data-start=\"2169\" data-end=\"2524\">Der Hut besticht durch seine feine Spiralstruktur, die durch den Wechsel aus farbigen und nat\u00fcrlichen Fasern einen dynamischen Look erzeugt. Der breite Schirm ist sanft geschwungen und gibt dem Modell eine klassisch-feminine Cloche-Silhouette mit sommerlichem Esprit. Ein authentisches Modeaccessoire, das Handwerkskunst auf h\u00f6chstem Niveau widerspiegelt.<\/p>\n<h3 class=\"\" data-start=\"2526\" data-end=\"2559\">Handgefertigt in der Schweiz:<\/h3>\n<p class=\"\" data-start=\"2560\" data-end=\"2845\">Dieses Modell wird in sorgf\u00e4ltiger Handarbeit bei der <strong data-start=\"2614\" data-end=\"2646\">Schweizer Hutmanufaktur Risa<\/strong> gefertigt. Seit 1919 steht Risa f\u00fcr exklusive Kopfbedeckungen und traditionsreiches Handwerk. Die Produktion im Herzen Europas garantiert h\u00f6chste Qualit\u00e4t, faire Bedingungen und kurze Transportwege.<\/p>\n<h3 class=\"\" data-start=\"2847\" data-end=\"2877\">Nachhaltigkeit &#038; Qualit\u00e4t:<\/h3>\n<p class=\"\" data-start=\"2878\" data-end=\"3240\"><strong data-start=\"2878\" data-end=\"2905\">Nat\u00fcrliche Materialien:<\/strong> Hanf und Raffia sind biologisch abbaubar, ressourcenschonend und bieten ideale Voraussetzungen f\u00fcr Sommerh\u00fcte.<br data-start=\"3016\" data-end=\"3019\" \/><strong data-start=\"3019\" data-end=\"3046\">Handarbeit &#038; Tradition:<\/strong> Jeder Hut ist ein liebevoll gefertigtes Einzelst\u00fcck mit Geschichte.<br data-start=\"3114\" data-end=\"3117\" \/><strong data-start=\"3117\" data-end=\"3135\">Langlebigkeit:<\/strong> Die hochwertige Verarbeitung sorgt f\u00fcr eine lange Lebensdauer \u0096 auch bei t\u00e4glichem Einsatz in der Sonne.<\/p>\n<h3 class=\"\" data-start=\"3242\" data-end=\"3268\">Herstellung &#038; Versand:<\/h3>\n<p class=\"\" data-start=\"3269\" data-end=\"3479\"><strong data-start=\"3269\" data-end=\"3298\">Fertigung auf Bestellung:<\/strong> Individuell f\u00fcr Sie hergestellt \u0096 kein Massenprodukt.<br data-start=\"3352\" data-end=\"3355\" \/><strong data-start=\"3355\" data-end=\"3376\">Herstellungszeit:<\/strong> 10 bis 15 Arbeitstage nach Zahlungseingang<br data-start=\"3419\" data-end=\"3422\" \/><strong data-start=\"3422\" data-end=\"3434\">Versand:<\/strong> Innerhalb weniger Tage ab Standort Schweiz<\/p>\n<\/div>\n<\/details>\n<details class=\"hf-accordion\">\n<summary><strong>\u25b6\ufe0f FAQ \u2013 H\u00e4ufige Fragen<\/strong><\/summary>\n<div class=\"hf-accordion-content\">\n<h3 class=\"\" data-start=\"3481\" data-end=\"3515\">FAQ \u0096 H\u00e4ufig gestellte Fragen:<\/h3>\n<p class=\"\" data-start=\"3517\" data-end=\"3631\"><strong data-start=\"3517\" data-end=\"3563\">Ist der Hut f\u00fcr hei\u00dfe Sommertage geeignet?<\/strong><br data-start=\"3563\" data-end=\"3566\" \/>Ja \u0096 das luftige Hanf-Raffia-Geflecht sch\u00fctzt und k\u00fchlt zugleich.<\/p>\n<p class=\"\" data-start=\"3633\" data-end=\"3785\"><strong data-start=\"3633\" data-end=\"3679\">Bietet der Hut ausreichenden Sonnenschutz?<\/strong><br data-start=\"3679\" data-end=\"3682\" \/>Mit seiner extrabreiten Krempe sch\u00fctzt der Cloche-Hut Gesicht und Nacken hervorragend vor UV-Strahlung.<\/p>\n<p class=\"\" data-start=\"3787\" data-end=\"3927\"><strong data-start=\"3787\" data-end=\"3824\">Kann ich den Hut anpassen lassen?<\/strong><br data-start=\"3824\" data-end=\"3827\" \/>Das Modell wird auf Bestellung gefertigt \u0096 bei Unsicherheiten zur Gr\u00f6\u00dfe beraten wir Sie gerne vorab.<\/p>\n<p class=\"\" data-start=\"3929\" data-end=\"4112\"><strong data-start=\"3929\" data-end=\"3959\">Gibt es ein R\u00fcckgaberecht?<\/strong><br data-start=\"3959\" data-end=\"3962\" \/>Da der Hut individuell f\u00fcr Sie gefertigt wird, ist ein R\u00fcckgaberecht ausgeschlossen \u0096 es sei denn, es liegt ein Material- oder Herstellungsfehler vor.<\/p>\n<\/div>\n<\/details>\n<\/div>\n","protected":false},"excerpt":{"rendered":"<div class=\"react-scroll-to-bottom--css-xrdpi-1n7m0yu\">\n<div class=\"flex flex-col pb-9 text-sm\">\n<div class=\"w-full text-token-text-primary sm:AIPRM__conversation__response\" data-testid=\"conversation-turn-9\">\n<div class=\"px-4 py-2 justify-center text-base md:gap-6 m-auto\">\n<div class=\"flex flex-1 text-base mx-auto gap-3 md:px-5 lg:px-1 xl:px-5 md:max-w-3xl lg:max-w-[40rem] xl:max-w-[48rem] group final-completion\">\n<div class=\"relative flex w-full flex-col lg:w-[calc(100%-115px)] agent-turn\">\n<div class=\"flex-col gap-1 md:gap-3\">\n<div class=\"flex flex-grow flex-col max-w-full\">\n<div class=\"min-h-[20px] text-message flex flex-col items-start gap-3 whitespace-pre-wrap break-words [.text-message+&#038;]:mt-5 overflow-x-auto\" data-message-author-role=\"assistant\" data-message-id=\"e6dfbc31-54e6-4762-ab48-4d5bd401ed49\">\n<div class=\"markdown prose w-full break-words dark:prose-invert light AIPRM__conversation__response\">\n<h3 class=\"\" data-start=\"86\" data-end=\"121\"><strong>Femininer Sonnenschutz mit Stil<\/strong><\/h3>\n<p class=\"\" data-start=\"122\" data-end=\"387\">Ein Sommerhut, der sich sehen lassen kann: Der Damenhut \u0084Fancy Hemp\u0093 in Cloche-Form vereint einen eleganten Look mit funktionalem UV-Schutz. Seine breite, flie\u00dfend geschwungene Krempe sch\u00fctzt Gesicht und Nacken zuverl\u00e4ssig \u0096 perfekt f\u00fcr hei\u00dfe Tage mit Stilanspruch.<\/p>\n<\/div>\n<\/div>\n<\/div>\n<\/div>\n<\/div>\n<\/div>\n<\/div>\n<\/div>\n<\/div>\n<\/div>\n","protected":false},"featured_media":16886,"template":"","meta":{"_acf_changed":false,"rs_blank_template":"","rs_page_bg_color":"","slide_template_v7":""},"product_brand":[250],"product_cat":[446,275],"product_tag":[],"class_list":{"0":"post-16885","1":"product","2":"type-product","3":"status-publish","4":"has-post-thumbnail","6":"product_brand-risa-hutwerkstatt-schweiz","7":"product_cat-cloche-sommerhuete","8":"product_cat-sommerhuete","9":"product_shipping_class-mittlere-pakete","10":"pa_color-gucci-blau","11":"pa_color-pink","12":"pa_groesse-206","13":"pa_groesse-196","14":"pa_groesse-207","15":"pa_groesse-197","16":"pa_groesse-208","17":"pa_groesse-198","18":"pa_groesse-209","19":"pa_groesse-199","20":"pa_groesse-210","21":"yith_product_brand-risa-hutwerkstatt-schweiz","24":"instock","25":"featured","26":"taxable","27":"shipping-taxable","28":"purchasable","29":"product-type-variable","30":"wvs-archive-product-wrapper","31":"add-to-wishlist-after_add_to_cart"},"acf":[],"yoast_head":"<!-- This site is optimized with the Yoast SEO Premium plugin v27.3 (Yoast SEO v27.3) - https:\/\/yoast.com\/product\/yoast-seo-premium-wordpress\/ -->\n<title>Damen Sommerhut Cloche | Exklusiv aus der Schweiz<\/title>\n<meta name=\"description\" content=\"Erleben Sie diesen Sommer mit dem Damen Sommerhut Cloche: eine perfekte Mischung aus Eleganz, Komfort und Nachhaltigkeit in Risa-Pink &amp; Gucci-Blau.\" \/>\n<meta name=\"robots\" content=\"index, follow, max-snippet:-1, max-image-preview:large, max-video-preview:-1\" \/>\n<link rel=\"canonical\" href=\"https:\/\/hutfactory.com\/?product=sommerhut-cloche-fancy-hemp\" \/>\n<meta property=\"og:locale\" content=\"de_DE\" \/>\n<meta property=\"og:type\" content=\"article\" \/>\n<meta property=\"og:title\" content=\"Sommerhut Cloche &quot;Fancy Hemp&quot;\" \/>\n<meta property=\"og:description\" content=\"Erleben Sie diesen Sommer mit dem Damen Sommerhut Cloche: eine perfekte Mischung aus Eleganz, Komfort und Nachhaltigkeit in Risa-Pink &amp; Gucci-Blau.\" \/>\n<meta property=\"og:url\" content=\"https:\/\/hutfactory.com\/?product=sommerhut-cloche-fancy-hemp\" \/>\n<meta property=\"og:site_name\" content=\"Hut Factory\" \/>\n<meta property=\"article:modified_time\" content=\"2026-03-10T10:14:18+00:00\" \/>\n<meta property=\"og:image\" content=\"https:\/\/hutfactory.com\/wp-content\/uploads\/2026\/03\/13303540.webp\" \/>\n\t<meta property=\"og:image:width\" content=\"750\" \/>\n\t<meta property=\"og:image:height\" content=\"750\" \/>\n\t<meta property=\"og:image:type\" content=\"image\/webp\" \/>\n<meta name=\"twitter:card\" content=\"summary_large_image\" \/>\n<meta name=\"twitter:label1\" content=\"Gesch\u00e4tzte Lesezeit\" \/>\n\t<meta name=\"twitter:data1\" content=\"2\u00a0Minuten\" \/>\n<script type=\"application\/ld+json\" class=\"yoast-schema-graph\">{\"@context\":\"https:\\\/\\\/schema.org\",\"@graph\":[{\"@type\":\"WebPage\",\"@id\":\"https:\\\/\\\/hutfactory.com\\\/?product=sommerhut-cloche-fancy-hemp\",\"url\":\"https:\\\/\\\/hutfactory.com\\\/?product=sommerhut-cloche-fancy-hemp\",\"name\":\"Damen Sommerhut Cloche | Exklusiv aus der Schweiz\",\"isPartOf\":{\"@id\":\"https:\\\/\\\/hutfactory.com\\\/#website\"},\"primaryImageOfPage\":{\"@id\":\"https:\\\/\\\/hutfactory.com\\\/?product=sommerhut-cloche-fancy-hemp#primaryimage\"},\"image\":{\"@id\":\"https:\\\/\\\/hutfactory.com\\\/?product=sommerhut-cloche-fancy-hemp#primaryimage\"},\"thumbnailUrl\":\"https:\\\/\\\/hutfactory.com\\\/wp-content\\\/uploads\\\/2026\\\/03\\\/13303540.webp\",\"datePublished\":\"2026-03-10T10:11:53+00:00\",\"dateModified\":\"2026-03-10T10:14:18+00:00\",\"description\":\"Erleben Sie diesen Sommer mit dem Damen Sommerhut Cloche: eine perfekte Mischung aus Eleganz, Komfort und Nachhaltigkeit in Risa-Pink & Gucci-Blau.\",\"breadcrumb\":{\"@id\":\"https:\\\/\\\/hutfactory.com\\\/?product=sommerhut-cloche-fancy-hemp#breadcrumb\"},\"inLanguage\":\"de\",\"potentialAction\":[{\"@type\":\"ReadAction\",\"target\":[\"https:\\\/\\\/hutfactory.com\\\/?product=sommerhut-cloche-fancy-hemp\"]}]},{\"@type\":\"ImageObject\",\"inLanguage\":\"de\",\"@id\":\"https:\\\/\\\/hutfactory.com\\\/?product=sommerhut-cloche-fancy-hemp#primaryimage\",\"url\":\"https:\\\/\\\/hutfactory.com\\\/wp-content\\\/uploads\\\/2026\\\/03\\\/13303540.webp\",\"contentUrl\":\"https:\\\/\\\/hutfactory.com\\\/wp-content\\\/uploads\\\/2026\\\/03\\\/13303540.webp\",\"width\":750,\"height\":750,\"caption\":\"Handgefertigter Cloche-Sommerhut aus 80% Hanf und 20% Raffia mit breitem Schirm und 1919-Knopf \u0096 in Risa-Pink oder Gucci-Blau erh\u00e4ltlich.|Handgefertigter Cloche-Sommerhut aus 80% Hanf und 20% Raffia mit breitem Schirm und 1919-Knopf \u0096 in Risa-Pink oder Gucci-Blau erh\u00e4ltlich.|Handgefertigter Cloche-Sommerhut aus 80% Hanf und 20% Raffia mit breitem Schirm und 1919-Knopf \u0096 in Risa-Pink oder Gucci-Blau erh\u00e4ltlich.|||\"},{\"@type\":\"BreadcrumbList\",\"@id\":\"https:\\\/\\\/hutfactory.com\\\/?product=sommerhut-cloche-fancy-hemp#breadcrumb\",\"itemListElement\":[{\"@type\":\"ListItem\",\"position\":1,\"name\":\"Start\",\"item\":\"https:\\\/\\\/hutfactory.com\\\/\"},{\"@type\":\"ListItem\",\"position\":2,\"name\":\"Shop\",\"item\":\"https:\\\/\\\/hutfactory.com\\\/?page_id=10\"},{\"@type\":\"ListItem\",\"position\":3,\"name\":\"Sommerhut Cloche &#8220;Fancy Hemp&#8221;\"}]},{\"@type\":\"WebSite\",\"@id\":\"https:\\\/\\\/hutfactory.com\\\/#website\",\"url\":\"https:\\\/\\\/hutfactory.com\\\/\",\"name\":\"Hut Factory\",\"description\":\"H\u00fcte, Kappen &amp; M\u00fctzen in Top Swiss\\\/EU Qualit\u00e4t\",\"publisher\":{\"@id\":\"https:\\\/\\\/hutfactory.com\\\/#organization\"},\"alternateName\":\"Hut Shop\",\"potentialAction\":[{\"@type\":\"SearchAction\",\"target\":{\"@type\":\"EntryPoint\",\"urlTemplate\":\"https:\\\/\\\/hutfactory.com\\\/?s={search_term_string}\"},\"query-input\":{\"@type\":\"PropertyValueSpecification\",\"valueRequired\":true,\"valueName\":\"search_term_string\"}}],\"inLanguage\":\"de\"},{\"@type\":\"Organization\",\"@id\":\"https:\\\/\\\/hutfactory.com\\\/#organization\",\"name\":\"Hut Factory\",\"url\":\"https:\\\/\\\/hutfactory.com\\\/\",\"logo\":{\"@type\":\"ImageObject\",\"inLanguage\":\"de\",\"@id\":\"https:\\\/\\\/hutfactory.com\\\/#\\\/schema\\\/logo\\\/image\\\/\",\"url\":\"https:\\\/\\\/hutfactory.com\\\/wp-content\\\/uploads\\\/2026\\\/01\\\/Logo-hut-factory-1.webp\",\"contentUrl\":\"https:\\\/\\\/hutfactory.com\\\/wp-content\\\/uploads\\\/2026\\\/01\\\/Logo-hut-factory-1.webp\",\"width\":300,\"height\":262,\"caption\":\"Hut Factory\"},\"image\":{\"@id\":\"https:\\\/\\\/hutfactory.com\\\/#\\\/schema\\\/logo\\\/image\\\/\"}}]}<\/script>\n<!-- \/ Yoast SEO Premium plugin. -->","yoast_head_json":{"title":"Damen Sommerhut Cloche | Exklusiv aus der Schweiz","description":"Erleben Sie diesen Sommer mit dem Damen Sommerhut Cloche: eine perfekte Mischung aus Eleganz, Komfort und Nachhaltigkeit in Risa-Pink & Gucci-Blau.","robots":{"index":"index","follow":"follow","max-snippet":"max-snippet:-1","max-image-preview":"max-image-preview:large","max-video-preview":"max-video-preview:-1"},"canonical":"https:\/\/hutfactory.com\/?product=sommerhut-cloche-fancy-hemp","og_locale":"de_DE","og_type":"article","og_title":"Sommerhut Cloche \"Fancy Hemp\"","og_description":"Erleben Sie diesen Sommer mit dem Damen Sommerhut Cloche: eine perfekte Mischung aus Eleganz, Komfort und Nachhaltigkeit in Risa-Pink & Gucci-Blau.","og_url":"https:\/\/hutfactory.com\/?product=sommerhut-cloche-fancy-hemp","og_site_name":"Hut Factory","article_modified_time":"2026-03-10T10:14:18+00:00","og_image":[{"width":750,"height":750,"url":"https:\/\/hutfactory.com\/wp-content\/uploads\/2026\/03\/13303540.webp","type":"image\/webp"}],"twitter_card":"summary_large_image","twitter_misc":{"Gesch\u00e4tzte Lesezeit":"2\u00a0Minuten"},"schema":{"@context":"https:\/\/schema.org","@graph":[{"@type":"WebPage","@id":"https:\/\/hutfactory.com\/?product=sommerhut-cloche-fancy-hemp","url":"https:\/\/hutfactory.com\/?product=sommerhut-cloche-fancy-hemp","name":"Damen Sommerhut Cloche | Exklusiv aus der Schweiz","isPartOf":{"@id":"https:\/\/hutfactory.com\/#website"},"primaryImageOfPage":{"@id":"https:\/\/hutfactory.com\/?product=sommerhut-cloche-fancy-hemp#primaryimage"},"image":{"@id":"https:\/\/hutfactory.com\/?product=sommerhut-cloche-fancy-hemp#primaryimage"},"thumbnailUrl":"https:\/\/hutfactory.com\/wp-content\/uploads\/2026\/03\/13303540.webp","datePublished":"2026-03-10T10:11:53+00:00","dateModified":"2026-03-10T10:14:18+00:00","description":"Erleben Sie diesen Sommer mit dem Damen Sommerhut Cloche: eine perfekte Mischung aus Eleganz, Komfort und Nachhaltigkeit in Risa-Pink & Gucci-Blau.","breadcrumb":{"@id":"https:\/\/hutfactory.com\/?product=sommerhut-cloche-fancy-hemp#breadcrumb"},"inLanguage":"de","potentialAction":[{"@type":"ReadAction","target":["https:\/\/hutfactory.com\/?product=sommerhut-cloche-fancy-hemp"]}]},{"@type":"ImageObject","inLanguage":"de","@id":"https:\/\/hutfactory.com\/?product=sommerhut-cloche-fancy-hemp#primaryimage","url":"https:\/\/hutfactory.com\/wp-content\/uploads\/2026\/03\/13303540.webp","contentUrl":"https:\/\/hutfactory.com\/wp-content\/uploads\/2026\/03\/13303540.webp","width":750,"height":750,"caption":"Handgefertigter Cloche-Sommerhut aus 80% Hanf und 20% Raffia mit breitem Schirm und 1919-Knopf \u0096 in Risa-Pink oder Gucci-Blau erh\u00e4ltlich.|Handgefertigter Cloche-Sommerhut aus 80% Hanf und 20% Raffia mit breitem Schirm und 1919-Knopf \u0096 in Risa-Pink oder Gucci-Blau erh\u00e4ltlich.|Handgefertigter Cloche-Sommerhut aus 80% Hanf und 20% Raffia mit breitem Schirm und 1919-Knopf \u0096 in Risa-Pink oder Gucci-Blau erh\u00e4ltlich.|||"},{"@type":"BreadcrumbList","@id":"https:\/\/hutfactory.com\/?product=sommerhut-cloche-fancy-hemp#breadcrumb","itemListElement":[{"@type":"ListItem","position":1,"name":"Start","item":"https:\/\/hutfactory.com\/"},{"@type":"ListItem","position":2,"name":"Shop","item":"https:\/\/hutfactory.com\/?page_id=10"},{"@type":"ListItem","position":3,"name":"Sommerhut Cloche &#8220;Fancy Hemp&#8221;"}]},{"@type":"WebSite","@id":"https:\/\/hutfactory.com\/#website","url":"https:\/\/hutfactory.com\/","name":"Hut Factory","description":"H\u00fcte, Kappen &amp; M\u00fctzen in Top Swiss\/EU Qualit\u00e4t","publisher":{"@id":"https:\/\/hutfactory.com\/#organization"},"alternateName":"Hut Shop","potentialAction":[{"@type":"SearchAction","target":{"@type":"EntryPoint","urlTemplate":"https:\/\/hutfactory.com\/?s={search_term_string}"},"query-input":{"@type":"PropertyValueSpecification","valueRequired":true,"valueName":"search_term_string"}}],"inLanguage":"de"},{"@type":"Organization","@id":"https:\/\/hutfactory.com\/#organization","name":"Hut Factory","url":"https:\/\/hutfactory.com\/","logo":{"@type":"ImageObject","inLanguage":"de","@id":"https:\/\/hutfactory.com\/#\/schema\/logo\/image\/","url":"https:\/\/hutfactory.com\/wp-content\/uploads\/2026\/01\/Logo-hut-factory-1.webp","contentUrl":"https:\/\/hutfactory.com\/wp-content\/uploads\/2026\/01\/Logo-hut-factory-1.webp","width":300,"height":262,"caption":"Hut Factory"},"image":{"@id":"https:\/\/hutfactory.com\/#\/schema\/logo\/image\/"}}]}},"_links":{"self":[{"href":"https:\/\/hutfactory.com\/index.php?rest_route=\/wp\/v2\/product\/16885","targetHints":{"allow":["GET"]}}],"collection":[{"href":"https:\/\/hutfactory.com\/index.php?rest_route=\/wp\/v2\/product"}],"about":[{"href":"https:\/\/hutfactory.com\/index.php?rest_route=\/wp\/v2\/types\/product"}],"wp:featuredmedia":[{"embeddable":true,"href":"https:\/\/hutfactory.com\/index.php?rest_route=\/wp\/v2\/media\/16886"}],"wp:attachment":[{"href":"https:\/\/hutfactory.com\/index.php?rest_route=%2Fwp%2Fv2%2Fmedia&parent=16885"}],"wp:term":[{"taxonomy":"product_brand","embeddable":true,"href":"https:\/\/hutfactory.com\/index.php?rest_route=%2Fwp%2Fv2%2Fproduct_brand&post=16885"},{"taxonomy":"product_cat","embeddable":true,"href":"https:\/\/hutfactory.com\/index.php?rest_route=%2Fwp%2Fv2%2Fproduct_cat&post=16885"},{"taxonomy":"product_tag","embeddable":true,"href":"https:\/\/hutfactory.com\/index.php?rest_route=%2Fwp%2Fv2%2Fproduct_tag&post=16885"}],"curies":[{"name":"wp","href":"https:\/\/api.w.org\/{rel}","templated":true}]}}