{"id":16732,"date":"2026-03-10T10:09:18","date_gmt":"2026-03-10T10:09:18","guid":{"rendered":"https:\/\/hutfactory.com\/?product=liegestuhl-sommerhut"},"modified":"2026-03-12T09:35:47","modified_gmt":"2026-03-12T09:35:47","slug":"liegestuhl-sommerhut","status":"publish","type":"product","link":"https:\/\/hutfactory.com\/?product=liegestuhl-sommerhut","title":{"rendered":"Liegestuhl Sommerhut"},"content":{"rendered":"<h3 data-start=\"311\" data-end=\"348\"><strong data-start=\"316\" data-end=\"348\">Sommerliche Frische mit Stil<\/strong><\/h3>\n<p class=\"\" data-start=\"350\" data-end=\"720\">Mit seinem raffinierten, durchbrochenen Flechtmuster sorgt dieser Hut f\u00fcr eine angenehme Bel\u00fcftung an hei\u00dfen Tagen. Der breite, nach vorne geneigte Rand bietet optimalen Sonnenschutz, w\u00e4hrend das hochwertige Rebsband in Navy einen edlen Kontrast zum nat\u00fcrlichen Strohton schafft. Ein Highlight f\u00fcr stilbewusste Damen und Herren, die Wert auf Qualit\u00e4t und Design legen.<\/p>\n<p class=\"\" data-start=\"722\" data-end=\"745\"><strong data-start=\"722\" data-end=\"743\">Perfekt f\u00fcr\u0085.. ??<\/strong><\/p>\n<p class=\"\" data-start=\"747\" data-end=\"954\"><strong data-start=\"747\" data-end=\"774\">?? Sommerliche Anl\u00e4sse:<\/strong><br data-start=\"774\" data-end=\"777\" \/>Ob beim Flanieren am Strand, bei einer Gartenparty oder w\u00e4hrend einer Bootsfahrt \u0096 der Liegestuhlhut verleiht jedem Look einen Hauch von Eleganz und sommerlicher Leichtigkeit.<\/p>\n<p class=\"\" data-start=\"956\" data-end=\"1145\"><strong data-start=\"956\" data-end=\"979\">?? Elegante Events:<\/strong><br data-start=\"979\" data-end=\"982\" \/>Dank seines stilvollen Designs passt der Hut hervorragend zu eleganten Outfits und verleiht klassischen Sommerkleidern oder leichten Anz\u00fcgen den letzten Schliff.<\/p>\n<p class=\"\" data-start=\"1147\" data-end=\"1320\"><strong data-start=\"1147\" data-end=\"1177\">?? Natur- und Modebewusst:<\/strong><br data-start=\"1177\" data-end=\"1180\" \/>Gefertigt aus 100% nat\u00fcrlichem Stroh\/Bowens, ist dieser Hut nicht nur optisch ansprechend, sondern auch ein umweltfreundliches Accessoire.<\/p>\n<div class=\"hf-accordions\">\n<hr class=\"hf-accordion-separator\" \/>\n<details class=\"hf-accordion\">\n<summary><strong>\u25b6\ufe0f Gut zu wissen \u2013 mehr erfahren<\/strong><\/summary>\n<div class=\"hf-accordion-content\">\n<h3 class=\"\" data-start=\"1327\" data-end=\"1360\"><strong data-start=\"1331\" data-end=\"1358\">Eigenschaften &#038; Details<\/strong><\/h3>\n<p class=\"\" data-start=\"1361\" data-end=\"1592\"><strong data-start=\"1361\" data-end=\"1374\">Material:<\/strong> 100% Stroh\/Bowens \u0096 leicht, atmungsaktiv und nachhaltig<br data-start=\"1430\" data-end=\"1433\" \/><strong data-start=\"1433\" data-end=\"1444\">Farben:<\/strong> Natur \u0096 perfekt f\u00fcr sommerliche Outfits in warmen Farben<br data-start=\"1501\" data-end=\"1504\" \/><strong data-start=\"1504\" data-end=\"1517\">Garnitur:<\/strong> Rebsband in Navy \u0096 edler Kontrast, stilvoll und hochwertig<br data-start=\"1576\" data-end=\"1579\" \/><strong data-start=\"1579\" data-end=\"1590\">Gr\u00f6\u00dfen: <\/strong>56 (55-56),\u00a058 (57-58)<\/p>\n<p class=\"\" data-start=\"1624\" data-end=\"1701\"><strong data-start=\"1624\" data-end=\"1640\">Schwei\u00dfband:<\/strong> Eingearbeitetes Textilinnenband f\u00fcr optimalen Tragekomfort<\/p>\n<h3 class=\"\" data-start=\"1708\" data-end=\"1739\"><strong data-start=\"1712\" data-end=\"1737\">Design &#038; Verarbeitung<\/strong><\/h3>\n<p class=\"\" data-start=\"1740\" data-end=\"2062\">Der Liegestuhlhut besticht durch seine besondere Flechttechnik mit dekorativen Aussparungen, die sowohl Bel\u00fcftung als auch ein einzigartiges Erscheinungsbild bieten. Die breite Krempe sorgt f\u00fcr zuverl\u00e4ssigen Sonnenschutz und das kontrastierende Rebsband in Navy setzt einen edlen Akzent, der das Design gekonnt abrundet.<\/p>\n<h3 class=\"\" data-start=\"2069\" data-end=\"2102\"><strong data-start=\"2073\" data-end=\"2100\">Handgefertigt in Europa<\/strong><\/h3>\n<p class=\"\" data-start=\"2103\" data-end=\"2381\">Dieses Modell wird mit viel Liebe zum Detail von der Schweizer Hutmanufaktur Risa entworfen und anschlie\u00dfend in Italien in traditioneller Handarbeit gefertigt. Jedes St\u00fcck ist ein Unikat, das in kleiner St\u00fcckzahl produziert wird, um Exklusivit\u00e4t und Qualit\u00e4t zu gew\u00e4hrleisten.<\/p>\n<h3 class=\"\" data-start=\"2388\" data-end=\"2423\"><strong data-start=\"2392\" data-end=\"2421\">Nachhaltigkeit &#038; Qualit\u00e4t<\/strong><\/h3>\n<p class=\"\" data-start=\"2424\" data-end=\"2714\"><strong data-start=\"2424\" data-end=\"2451\">Nat\u00fcrliche Materialien:<\/strong> 100% Stroh\/Bowens \u0096 biologisch abbaubar, leicht und umweltfreundlich<br data-start=\"2520\" data-end=\"2523\" \/><strong data-start=\"2523\" data-end=\"2550\">Handarbeit &#038; Tradition:<\/strong> Pr\u00e4zise Fertigung in kleiner St\u00fcckzahl, inspiriert von traditioneller Flechtkunst<br data-start=\"2632\" data-end=\"2635\" \/><strong data-start=\"2635\" data-end=\"2653\">Langlebigkeit:<\/strong> Sorgf\u00e4ltige Verarbeitung garantiert eine lange Lebensdauer<\/p>\n<h3 class=\"\" data-start=\"2721\" data-end=\"2752\"><strong data-start=\"2725\" data-end=\"2750\">Herstellung &#038; Versand<\/strong><\/h3>\n<p class=\"\" data-start=\"2753\" data-end=\"3020\"><strong data-start=\"2753\" data-end=\"2782\">Fertigung auf Bestellung:<\/strong> In Italien nach den Entw\u00fcrfen der Risa Hutmanufaktur<br data-start=\"2835\" data-end=\"2838\" \/><strong data-start=\"2838\" data-end=\"2850\">Versand:<\/strong> Innerhalb weniger Tage ab Lager Schweiz<br data-start=\"2890\" data-end=\"2893\" \/><strong data-start=\"2893\" data-end=\"2906\">Garantie:<\/strong> Umtausch nur bei Material- oder Herstellungsfehlern<br data-start=\"2958\" data-end=\"2961\" \/><strong data-start=\"2961\" data-end=\"2979\">Verf\u00fcgbarkeit:<\/strong> Abverkauf des Rohmaterials vorbehalten<\/p>\n<\/div>\n<\/details>\n<details class=\"hf-accordion\">\n<summary><strong>\u25b6\ufe0f FAQ \u2013 H\u00e4ufige Fragen<\/strong><\/summary>\n<div class=\"hf-accordion-content\">\n<h3 class=\"\" data-start=\"3027\" data-end=\"3066\"><strong data-start=\"3031\" data-end=\"3064\">FAQ \u0096 H\u00e4ufig gestellte Fragen<\/strong><\/h3>\n<p class=\"\" data-start=\"3068\" data-end=\"3238\"><strong data-start=\"3068\" data-end=\"3105\">Ist der Liegestuhlhut wasserfest?<\/strong><br data-start=\"3105\" data-end=\"3108\" \/>Nein, Stroh\/Bowens ist ein Naturmaterial, das bei N\u00e4sse besch\u00e4digt werden kann. Der Hut sollte daher vor Regen gesch\u00fctzt werden.<\/p>\n<p class=\"\" data-start=\"3240\" data-end=\"3392\"><strong data-start=\"3240\" data-end=\"3277\">Wie pflege ich den Hut am besten?<\/strong><br data-start=\"3277\" data-end=\"3280\" \/>Lagern Sie ihn an einem trockenen Ort und reinigen Sie ihn mit einer weichen B\u00fcrste oder einem trockenen Tuch.<\/p>\n<p class=\"\" data-start=\"3394\" data-end=\"3534\"><strong data-start=\"3394\" data-end=\"3440\">Ist der Hut f\u00fcr hei\u00dfe Sommertage geeignet?<\/strong><br data-start=\"3440\" data-end=\"3443\" \/>Ja, das luftige Flechtmuster sorgt f\u00fcr optimale Bel\u00fcftung und ein angenehmes Tragegef\u00fchl.<\/p>\n<p class=\"\" data-start=\"3536\" data-end=\"3692\"><strong data-start=\"3536\" data-end=\"3582\">Kann der Hut individuell angepasst werden?<\/strong><br data-start=\"3582\" data-end=\"3585\" \/>Der Hut ist in verschiedenen Gr\u00f6\u00dfen erh\u00e4ltlich und bietet durch seine flexible Struktur einen guten Sitz.<\/p>\n<p class=\"\" data-start=\"3694\" data-end=\"3835\"><strong data-start=\"3694\" data-end=\"3730\">Ist der Hut f\u00fcr Reisen geeignet?<\/strong><br data-start=\"3730\" data-end=\"3733\" \/>Der Hut ist leicht, sollte jedoch vorsichtig transportiert werden, um die Form nicht zu besch\u00e4digen.<\/p>\n<\/div>\n<\/details>\n<\/div>\n","protected":false},"excerpt":{"rendered":"<h3 class=\"\" data-start=\"0\" data-end=\"56\"><strong data-start=\"4\" data-end=\"56\"> Luftige Eleganz f\u00fcr sonnige Tage<\/strong><\/h3>\n<p class=\"\" data-start=\"58\" data-end=\"309\">Ein modisches Meisterwerk aus 100% Stroh\/Bowens \u0096 der Liegestuhlhut vereint Leichtigkeit, Stil und handwerkliche Perfektion. Dieser Sommerhut ist der perfekte Begleiter f\u00fcr entspannte Tage am Strand, in der Natur oder auf eleganten Events im Freien.<\/p>\n","protected":false},"featured_media":16733,"template":"","meta":{"_acf_changed":false,"rs_blank_template":"","rs_page_bg_color":"","slide_template_v7":""},"product_brand":[250],"product_cat":[647,275],"product_tag":[],"class_list":{"0":"post-16732","1":"product","2":"type-product","3":"status-publish","4":"has-post-thumbnail","6":"product_brand-risa-hutwerkstatt-schweiz","7":"product_cat-liegestuhl-sommerhuete","8":"product_cat-sommerhuete","9":"product_shipping_class-mittlere-pakete","10":"pa_color-natur","11":"pa_groesse-56-55-56","12":"pa_groesse-57-56-57","13":"pa_groesse-58-57-58","14":"yith_product_brand-risa-hutwerkstatt-schweiz","17":"instock","18":"taxable","19":"shipping-taxable","20":"purchasable","21":"product-type-variable","22":"wvs-archive-product-wrapper","23":"add-to-wishlist-after_add_to_cart"},"acf":[],"yoast_head":"<!-- This site is optimized with the Yoast SEO Premium plugin v27.3 (Yoast SEO v27.3) - https:\/\/yoast.com\/product\/yoast-seo-premium-wordpress\/ -->\n<title>Liegestuhlhut \u0096 Stilvoller Strohhut f\u00fcr sommerliche Eleganz<\/title>\n<meta name=\"description\" content=\"Hochwertiger Liegestuhlhut aus Stroh\/Bowens mit Navy Rebsband. Perfekt f\u00fcr den Sommer. Handgefertigt in Italien.\" \/>\n<meta name=\"robots\" content=\"index, follow, max-snippet:-1, max-image-preview:large, max-video-preview:-1\" \/>\n<link rel=\"canonical\" href=\"https:\/\/hutfactory.com\/?product=liegestuhl-sommerhut\" \/>\n<meta property=\"og:locale\" content=\"de_DE\" \/>\n<meta property=\"og:type\" content=\"article\" \/>\n<meta property=\"og:title\" content=\"Liegestuhl Sommerhut\" \/>\n<meta property=\"og:description\" content=\"Hochwertiger Liegestuhlhut aus Stroh\/Bowens mit Navy Rebsband. Perfekt f\u00fcr den Sommer. Handgefertigt in Italien.\" \/>\n<meta property=\"og:url\" content=\"https:\/\/hutfactory.com\/?product=liegestuhl-sommerhut\" \/>\n<meta property=\"og:site_name\" content=\"Hut Factory\" \/>\n<meta property=\"article:modified_time\" content=\"2026-03-12T09:35:47+00:00\" \/>\n<meta property=\"og:image\" content=\"https:\/\/hutfactory.com\/wp-content\/uploads\/2026\/03\/31803.1_var1-scaled-e1668508384463-1.webp\" \/>\n\t<meta property=\"og:image:width\" content=\"750\" \/>\n\t<meta property=\"og:image:height\" content=\"750\" \/>\n\t<meta property=\"og:image:type\" content=\"image\/webp\" \/>\n<meta name=\"twitter:card\" content=\"summary_large_image\" \/>\n<meta name=\"twitter:label1\" content=\"Gesch\u00e4tzte Lesezeit\" \/>\n\t<meta name=\"twitter:data1\" content=\"2\u00a0Minuten\" \/>\n<script type=\"application\/ld+json\" class=\"yoast-schema-graph\">{\"@context\":\"https:\\\/\\\/schema.org\",\"@graph\":[{\"@type\":\"WebPage\",\"@id\":\"https:\\\/\\\/hutfactory.com\\\/?product=liegestuhl-sommerhut\",\"url\":\"https:\\\/\\\/hutfactory.com\\\/?product=liegestuhl-sommerhut\",\"name\":\"Liegestuhlhut \u0096 Stilvoller Strohhut f\u00fcr sommerliche Eleganz\",\"isPartOf\":{\"@id\":\"https:\\\/\\\/hutfactory.com\\\/#website\"},\"primaryImageOfPage\":{\"@id\":\"https:\\\/\\\/hutfactory.com\\\/?product=liegestuhl-sommerhut#primaryimage\"},\"image\":{\"@id\":\"https:\\\/\\\/hutfactory.com\\\/?product=liegestuhl-sommerhut#primaryimage\"},\"thumbnailUrl\":\"https:\\\/\\\/hutfactory.com\\\/wp-content\\\/uploads\\\/2026\\\/03\\\/31803.1_var1-scaled-e1668508384463-1.webp\",\"datePublished\":\"2026-03-10T10:09:18+00:00\",\"dateModified\":\"2026-03-12T09:35:47+00:00\",\"description\":\"Hochwertiger Liegestuhlhut aus Stroh\\\/Bowens mit Navy Rebsband. Perfekt f\u00fcr den Sommer. Handgefertigt in Italien.\",\"breadcrumb\":{\"@id\":\"https:\\\/\\\/hutfactory.com\\\/?product=liegestuhl-sommerhut#breadcrumb\"},\"inLanguage\":\"de\",\"potentialAction\":[{\"@type\":\"ReadAction\",\"target\":[\"https:\\\/\\\/hutfactory.com\\\/?product=liegestuhl-sommerhut\"]}]},{\"@type\":\"ImageObject\",\"inLanguage\":\"de\",\"@id\":\"https:\\\/\\\/hutfactory.com\\\/?product=liegestuhl-sommerhut#primaryimage\",\"url\":\"https:\\\/\\\/hutfactory.com\\\/wp-content\\\/uploads\\\/2026\\\/03\\\/31803.1_var1-scaled-e1668508384463-1.webp\",\"contentUrl\":\"https:\\\/\\\/hutfactory.com\\\/wp-content\\\/uploads\\\/2026\\\/03\\\/31803.1_var1-scaled-e1668508384463-1.webp\",\"width\":750,\"height\":750,\"caption\":\"Handgefertigter Liegestuhlhut aus 100% Stroh\\\/Bowens mit kontrastierendem Rebsband in Navy. In den Gr\u00f6\u00dfen 56 und 58 erh\u00e4ltlich.|\"},{\"@type\":\"BreadcrumbList\",\"@id\":\"https:\\\/\\\/hutfactory.com\\\/?product=liegestuhl-sommerhut#breadcrumb\",\"itemListElement\":[{\"@type\":\"ListItem\",\"position\":1,\"name\":\"Start\",\"item\":\"https:\\\/\\\/hutfactory.com\\\/\"},{\"@type\":\"ListItem\",\"position\":2,\"name\":\"Shop\",\"item\":\"https:\\\/\\\/hutfactory.com\\\/?page_id=10\"},{\"@type\":\"ListItem\",\"position\":3,\"name\":\"Liegestuhl Sommerhut\"}]},{\"@type\":\"WebSite\",\"@id\":\"https:\\\/\\\/hutfactory.com\\\/#website\",\"url\":\"https:\\\/\\\/hutfactory.com\\\/\",\"name\":\"Hut Factory\",\"description\":\"H\u00fcte, Kappen &amp; M\u00fctzen in Top Swiss\\\/EU Qualit\u00e4t\",\"publisher\":{\"@id\":\"https:\\\/\\\/hutfactory.com\\\/#organization\"},\"alternateName\":\"Hut Shop\",\"potentialAction\":[{\"@type\":\"SearchAction\",\"target\":{\"@type\":\"EntryPoint\",\"urlTemplate\":\"https:\\\/\\\/hutfactory.com\\\/?s={search_term_string}\"},\"query-input\":{\"@type\":\"PropertyValueSpecification\",\"valueRequired\":true,\"valueName\":\"search_term_string\"}}],\"inLanguage\":\"de\"},{\"@type\":\"Organization\",\"@id\":\"https:\\\/\\\/hutfactory.com\\\/#organization\",\"name\":\"Hut Factory\",\"url\":\"https:\\\/\\\/hutfactory.com\\\/\",\"logo\":{\"@type\":\"ImageObject\",\"inLanguage\":\"de\",\"@id\":\"https:\\\/\\\/hutfactory.com\\\/#\\\/schema\\\/logo\\\/image\\\/\",\"url\":\"https:\\\/\\\/hutfactory.com\\\/wp-content\\\/uploads\\\/2026\\\/01\\\/Logo-hut-factory-1.webp\",\"contentUrl\":\"https:\\\/\\\/hutfactory.com\\\/wp-content\\\/uploads\\\/2026\\\/01\\\/Logo-hut-factory-1.webp\",\"width\":300,\"height\":262,\"caption\":\"Hut Factory\"},\"image\":{\"@id\":\"https:\\\/\\\/hutfactory.com\\\/#\\\/schema\\\/logo\\\/image\\\/\"}}]}<\/script>\n<!-- \/ Yoast SEO Premium plugin. -->","yoast_head_json":{"title":"Liegestuhlhut \u0096 Stilvoller Strohhut f\u00fcr sommerliche Eleganz","description":"Hochwertiger Liegestuhlhut aus Stroh\/Bowens mit Navy Rebsband. Perfekt f\u00fcr den Sommer. Handgefertigt in Italien.","robots":{"index":"index","follow":"follow","max-snippet":"max-snippet:-1","max-image-preview":"max-image-preview:large","max-video-preview":"max-video-preview:-1"},"canonical":"https:\/\/hutfactory.com\/?product=liegestuhl-sommerhut","og_locale":"de_DE","og_type":"article","og_title":"Liegestuhl Sommerhut","og_description":"Hochwertiger Liegestuhlhut aus Stroh\/Bowens mit Navy Rebsband. Perfekt f\u00fcr den Sommer. Handgefertigt in Italien.","og_url":"https:\/\/hutfactory.com\/?product=liegestuhl-sommerhut","og_site_name":"Hut Factory","article_modified_time":"2026-03-12T09:35:47+00:00","og_image":[{"width":750,"height":750,"url":"https:\/\/hutfactory.com\/wp-content\/uploads\/2026\/03\/31803.1_var1-scaled-e1668508384463-1.webp","type":"image\/webp"}],"twitter_card":"summary_large_image","twitter_misc":{"Gesch\u00e4tzte Lesezeit":"2\u00a0Minuten"},"schema":{"@context":"https:\/\/schema.org","@graph":[{"@type":"WebPage","@id":"https:\/\/hutfactory.com\/?product=liegestuhl-sommerhut","url":"https:\/\/hutfactory.com\/?product=liegestuhl-sommerhut","name":"Liegestuhlhut \u0096 Stilvoller Strohhut f\u00fcr sommerliche Eleganz","isPartOf":{"@id":"https:\/\/hutfactory.com\/#website"},"primaryImageOfPage":{"@id":"https:\/\/hutfactory.com\/?product=liegestuhl-sommerhut#primaryimage"},"image":{"@id":"https:\/\/hutfactory.com\/?product=liegestuhl-sommerhut#primaryimage"},"thumbnailUrl":"https:\/\/hutfactory.com\/wp-content\/uploads\/2026\/03\/31803.1_var1-scaled-e1668508384463-1.webp","datePublished":"2026-03-10T10:09:18+00:00","dateModified":"2026-03-12T09:35:47+00:00","description":"Hochwertiger Liegestuhlhut aus Stroh\/Bowens mit Navy Rebsband. Perfekt f\u00fcr den Sommer. Handgefertigt in Italien.","breadcrumb":{"@id":"https:\/\/hutfactory.com\/?product=liegestuhl-sommerhut#breadcrumb"},"inLanguage":"de","potentialAction":[{"@type":"ReadAction","target":["https:\/\/hutfactory.com\/?product=liegestuhl-sommerhut"]}]},{"@type":"ImageObject","inLanguage":"de","@id":"https:\/\/hutfactory.com\/?product=liegestuhl-sommerhut#primaryimage","url":"https:\/\/hutfactory.com\/wp-content\/uploads\/2026\/03\/31803.1_var1-scaled-e1668508384463-1.webp","contentUrl":"https:\/\/hutfactory.com\/wp-content\/uploads\/2026\/03\/31803.1_var1-scaled-e1668508384463-1.webp","width":750,"height":750,"caption":"Handgefertigter Liegestuhlhut aus 100% Stroh\/Bowens mit kontrastierendem Rebsband in Navy. In den Gr\u00f6\u00dfen 56 und 58 erh\u00e4ltlich.|"},{"@type":"BreadcrumbList","@id":"https:\/\/hutfactory.com\/?product=liegestuhl-sommerhut#breadcrumb","itemListElement":[{"@type":"ListItem","position":1,"name":"Start","item":"https:\/\/hutfactory.com\/"},{"@type":"ListItem","position":2,"name":"Shop","item":"https:\/\/hutfactory.com\/?page_id=10"},{"@type":"ListItem","position":3,"name":"Liegestuhl Sommerhut"}]},{"@type":"WebSite","@id":"https:\/\/hutfactory.com\/#website","url":"https:\/\/hutfactory.com\/","name":"Hut Factory","description":"H\u00fcte, Kappen &amp; M\u00fctzen in Top Swiss\/EU Qualit\u00e4t","publisher":{"@id":"https:\/\/hutfactory.com\/#organization"},"alternateName":"Hut Shop","potentialAction":[{"@type":"SearchAction","target":{"@type":"EntryPoint","urlTemplate":"https:\/\/hutfactory.com\/?s={search_term_string}"},"query-input":{"@type":"PropertyValueSpecification","valueRequired":true,"valueName":"search_term_string"}}],"inLanguage":"de"},{"@type":"Organization","@id":"https:\/\/hutfactory.com\/#organization","name":"Hut Factory","url":"https:\/\/hutfactory.com\/","logo":{"@type":"ImageObject","inLanguage":"de","@id":"https:\/\/hutfactory.com\/#\/schema\/logo\/image\/","url":"https:\/\/hutfactory.com\/wp-content\/uploads\/2026\/01\/Logo-hut-factory-1.webp","contentUrl":"https:\/\/hutfactory.com\/wp-content\/uploads\/2026\/01\/Logo-hut-factory-1.webp","width":300,"height":262,"caption":"Hut Factory"},"image":{"@id":"https:\/\/hutfactory.com\/#\/schema\/logo\/image\/"}}]}},"_links":{"self":[{"href":"https:\/\/hutfactory.com\/index.php?rest_route=\/wp\/v2\/product\/16732","targetHints":{"allow":["GET"]}}],"collection":[{"href":"https:\/\/hutfactory.com\/index.php?rest_route=\/wp\/v2\/product"}],"about":[{"href":"https:\/\/hutfactory.com\/index.php?rest_route=\/wp\/v2\/types\/product"}],"wp:featuredmedia":[{"embeddable":true,"href":"https:\/\/hutfactory.com\/index.php?rest_route=\/wp\/v2\/media\/16733"}],"wp:attachment":[{"href":"https:\/\/hutfactory.com\/index.php?rest_route=%2Fwp%2Fv2%2Fmedia&parent=16732"}],"wp:term":[{"taxonomy":"product_brand","embeddable":true,"href":"https:\/\/hutfactory.com\/index.php?rest_route=%2Fwp%2Fv2%2Fproduct_brand&post=16732"},{"taxonomy":"product_cat","embeddable":true,"href":"https:\/\/hutfactory.com\/index.php?rest_route=%2Fwp%2Fv2%2Fproduct_cat&post=16732"},{"taxonomy":"product_tag","embeddable":true,"href":"https:\/\/hutfactory.com\/index.php?rest_route=%2Fwp%2Fv2%2Fproduct_tag&post=16732"}],"curies":[{"name":"wp","href":"https:\/\/api.w.org\/{rel}","templated":true}]}}