{"id":16715,"date":"2026-03-10T10:09:18","date_gmt":"2026-03-10T10:09:18","guid":{"rendered":"https:\/\/hutfactory.com\/?product=strohhut-traveler-raffia-gehaekelt-2"},"modified":"2026-03-12T09:35:21","modified_gmt":"2026-03-12T09:35:21","slug":"strohhut-traveler-raffia-gehaekelt-2","status":"publish","type":"product","link":"https:\/\/hutfactory.com\/?product=strohhut-traveler-raffia-gehaekelt-2","title":{"rendered":"Strohhut Traveler Raffia geh\u00e4kelt"},"content":{"rendered":"<h3 data-start=\"575\" data-end=\"856\">Genie\u00dfen Sie die Leichtigkeit des Sommers!<\/h3>\n<p data-start=\"575\" data-end=\"856\">Dieser exklusive Fedora-Stil Strohhut wird aus <strong data-start=\"622\" data-end=\"637\">100% Raffia<\/strong> geh\u00e4kelt und pr\u00e4sentiert sich in einer nat\u00fcrlichen Farbgebung, die sowohl klassisch als auch modern wirkt. Durch das fein geh\u00e4kelte Material entsteht eine luftige Struktur, die gleichzeitig robust und formstabil ist.<\/p>\n<p data-start=\"858\" data-end=\"1098\">Das auff\u00e4llige <strong data-start=\"873\" data-end=\"897\">marineblaue Rebsband<\/strong> mit einer eleganten Schleife verleiht dem Hut ein edles und zugleich zeitloses Aussehen. Perfekt f\u00fcr modebewusste Damen und Herren, die Wert auf Stil, Qualit\u00e4t und handgefertigte Exklusivit\u00e4t legen.<\/p>\n<h3 data-start=\"1105\" data-end=\"1130\"><strong data-start=\"1109\" data-end=\"1128\">Perfekt f\u00fcr\u0085 ??<\/strong><\/h3>\n<p data-start=\"1131\" data-end=\"1464\">?? <strong data-start=\"1134\" data-end=\"1158\">Sommerliche Anl\u00e4sse:<\/strong> Ob am Strand, auf Reisen oder beim Stadtbummel \u0096 dieser Fedora sorgt f\u00fcr einen stilvollen Auftritt.<br data-start=\"1258\" data-end=\"1261\" \/>?? <strong data-start=\"1264\" data-end=\"1282\">Urbane Events:<\/strong> Ideal f\u00fcr Gartenpartys, Bootsausfl\u00fcge oder stilvolle Sommerabende.<br data-start=\"1349\" data-end=\"1352\" \/>?? <strong data-start=\"1355\" data-end=\"1381\">Natur- &#038; Modebewusste:<\/strong> Gefertigt aus nat\u00fcrlichem Raffia, nachhaltig produziert und besonders langlebig.<\/p>\n<p>\u00a0<\/p>\n<div class=\"hf-accordions\">\n<hr class=\"hf-accordion-separator\" \/>\n<details class=\"hf-accordion\">\n<summary><strong>\u25b6\ufe0f Gut zu wissen \u2013 mehr erfahren<\/strong><\/summary>\n<div class=\"hf-accordion-content\">\n<h3 data-start=\"1471\" data-end=\"1504\"><strong data-start=\"1475\" data-end=\"1502\">Eigenschaften &#038; Details<\/strong><\/h3>\n<ul data-start=\"1505\" data-end=\"1939\">\n<li data-start=\"1505\" data-end=\"1575\"><strong data-start=\"1507\" data-end=\"1520\">Material:<\/strong> 100% Raffia \u0096 Handgeh\u00e4kelt, leicht und atmungsaktiv.<\/li>\n<li data-start=\"1576\" data-end=\"1644\"><strong data-start=\"1578\" data-end=\"1589\">Farben:<\/strong> Natur \u0096 Harmoniert perfekt mit sommerlichen Outfits.<\/li>\n<li data-start=\"1645\" data-end=\"1750\"><strong data-start=\"1647\" data-end=\"1659\">Hutband:<\/strong> Marineblaues Rebsband mit breiter Masche \u0096 F\u00fcr einen maritimen Look mit elegantem Touch.<\/li>\n<li data-start=\"1751\" data-end=\"1843\"><strong data-start=\"1753\" data-end=\"1764\">Gr\u00f6\u00dfen:<\/strong> 55 (54-55), 57 (56-57), 59 (58-59), 61 (60-61) \u0096 Ideal f\u00fcr Damen und Herren.<\/li>\n<li data-start=\"1844\" data-end=\"1939\"><strong data-start=\"1846\" data-end=\"1864\">Fertigungsort:<\/strong> Entworfen in der <strong data-start=\"1882\" data-end=\"1914\">Schweizer Hutmanufaktur Risa<\/strong>, gefertigt in Italien.<\/li>\n<\/ul>\n<hr data-start=\"1941\" data-end=\"1944\" \/>\n<h3 data-start=\"1946\" data-end=\"1977\"><strong data-start=\"1950\" data-end=\"1975\">Design &#038; Verarbeitung<\/strong><\/h3>\n<p data-start=\"1978\" data-end=\"2267\">Mit seiner luftigen Struktur und dem maritimen Rebsband bietet dieser Strohhut nicht nur Schutz vor der Sonne, sondern auch einen einzigartigen Stil. Das geh\u00e4kelte Raffia sorgt f\u00fcr eine angenehme Bel\u00fcftung und macht den Hut zu einem komfortablen Begleiter, selbst bei hohen Temperaturen.<\/p>\n<hr data-start=\"2269\" data-end=\"2272\" \/>\n<h3 data-start=\"2274\" data-end=\"2307\"><strong data-start=\"2278\" data-end=\"2305\">Handgefertigt in Europa<\/strong><\/h3>\n<p data-start=\"2308\" data-end=\"2587\">In limitierter St\u00fcckzahl produziert, wird jeder Hut mit h\u00f6chster Sorgfalt und Pr\u00e4zision von erfahrenen Hutmachermeistern gefertigt. Die Kombination aus <strong data-start=\"2460\" data-end=\"2513\">Schweizer Design und italienischer Handwerkskunst<\/strong> verleiht diesem Hut eine besondere Note von Exklusivit\u00e4t und Tradition.<\/p>\n<hr data-start=\"2589\" data-end=\"2592\" \/>\n<h3 data-start=\"2594\" data-end=\"2629\"><strong data-start=\"2598\" data-end=\"2627\">Nachhaltigkeit &#038; Qualit\u00e4t<\/strong><\/h3>\n<ul data-start=\"2630\" data-end=\"3001\">\n<li data-start=\"2630\" data-end=\"2773\"><strong data-start=\"2632\" data-end=\"2659\">Nat\u00fcrliche Materialien:<\/strong> Raffia ist ein nachhaltiges, biologisch abbaubares Material, das f\u00fcr eine ausgezeichnete Luftzirkulation sorgt.<\/li>\n<li data-start=\"2774\" data-end=\"2874\"><strong data-start=\"2776\" data-end=\"2803\">Handarbeit &#038; Tradition:<\/strong> Mit Liebe zum Detail gefertigt \u0096 ein Meisterwerk der Hutmacherkunst.<\/li>\n<li data-start=\"2875\" data-end=\"3001\"><strong data-start=\"2877\" data-end=\"2895\">Langlebigkeit:<\/strong> Durch hochwertige Verarbeitung bleibt dieser Hut auch bei regelm\u00e4\u00dfiger Nutzung formstabil und stilvoll.<\/li>\n<\/ul>\n<hr data-start=\"3003\" data-end=\"3006\" \/>\n<h3 data-start=\"3008\" data-end=\"3039\"><strong data-start=\"3012\" data-end=\"3037\">Herstellung &#038; Versand<\/strong><\/h3>\n<ul data-start=\"3040\" data-end=\"3339\">\n<li data-start=\"3040\" data-end=\"3147\"><strong data-start=\"3042\" data-end=\"3071\">Fertigung auf Bestellung:<\/strong> Jeder Hut wird individuell gefertigt, um h\u00f6chste Qualit\u00e4t zu garantieren.<\/li>\n<li data-start=\"3148\" data-end=\"3205\"><strong data-start=\"3150\" data-end=\"3162\">Versand:<\/strong> Innerhalb weniger Tage ab Lager Schweiz.<\/li>\n<li data-start=\"3206\" data-end=\"3276\"><strong data-start=\"3208\" data-end=\"3221\">Garantie:<\/strong> Umtausch nur bei Material- oder Herstellungsfehlern.<\/li>\n<li data-start=\"3277\" data-end=\"3339\"><strong data-start=\"3279\" data-end=\"3297\">Verf\u00fcgbarkeit:<\/strong> Abverkauf des Rohmaterials vorbehalten.<\/li>\n<\/ul>\n<\/div>\n<\/details>\n<details class=\"hf-accordion\">\n<summary><strong>\u25b6\ufe0f FAQ \u2013 H\u00e4ufige Fragen<\/strong><\/summary>\n<div class=\"hf-accordion-content\">\n<h3 data-start=\"3346\" data-end=\"3385\"><strong data-start=\"3350\" data-end=\"3383\">FAQ \u0096 H\u00e4ufig gestellte Fragen<\/strong><\/h3>\n<p data-start=\"3386\" data-end=\"3533\"><strong data-start=\"3386\" data-end=\"3442\">Sch\u00fctzt der Hut auch vor starker Sonneneinstrahlung?<\/strong><br data-start=\"3442\" data-end=\"3445\" \/>Ja, die breite Krempe bietet exzellenten Sonnenschutz und spendet angenehmen Schatten.<\/p>\n<p data-start=\"3535\" data-end=\"3649\"><strong data-start=\"3535\" data-end=\"3575\">Wie wird der Hut am besten gepflegt?<\/strong><br data-start=\"3575\" data-end=\"3578\" \/>Mit einem weichen Tuch leicht reinigen und vor Feuchtigkeit sch\u00fctzen.<\/p>\n<p data-start=\"3651\" data-end=\"3778\"><strong data-start=\"3651\" data-end=\"3705\">Kann ich den Hut zur\u00fcckgeben, wenn er nicht passt?<\/strong><br data-start=\"3705\" data-end=\"3708\" \/>Ein Umtausch ist nur bei Material- oder Herstellungsfehlern m\u00f6glich.<\/p>\n<p data-start=\"3780\" data-end=\"3911\"><strong data-start=\"3780\" data-end=\"3819\">Ist dieser Hut f\u00fcr Reisen geeignet?<\/strong><br data-start=\"3819\" data-end=\"3822\" \/>Ja, der Strohhut ist leicht und komfortabel, ideal f\u00fcr sommerliche Ausfl\u00fcge und Reisen.<\/p>\n<p data-start=\"3913\" data-end=\"4049\"><strong data-start=\"3913\" data-end=\"3955\">Wie bewahre ich den Hut am besten auf?<\/strong><br data-start=\"3955\" data-end=\"3958\" \/>An einem trockenen Ort, idealerweise in einem Hutkarton, um die Form optimal zu erhalten.<\/p>\n<\/div>\n<\/details>\n<\/div>\n","protected":false},"excerpt":{"rendered":"<h3 data-start=\"0\" data-end=\"81\"><strong data-start=\"4\" data-end=\"79\"> Eleganz und Schutz f\u00fcr sonnige Tage<\/strong><\/h3>\n<p data-start=\"134\" data-end=\"525\">Der <strong data-start=\"138\" data-end=\"175\">Strohhut Traveler Raffia geh\u00e4kelt<\/strong> ist die perfekte Kombination aus Stil, Funktionalit\u00e4t und handwerklicher Pr\u00e4zision. Gefertigt aus edlem Raffia, bietet er eine nat\u00fcrliche, atmungsaktive Struktur, die an warmen Sommertagen angenehm k\u00fchlend wirkt. Mit seinem eleganten, <strong data-start=\"411\" data-end=\"455\">marineblauen Rebsband mit breiter Masche<\/strong> ist dieser Hut ein stilvoller Begleiter f\u00fcr verschiedenste Anl\u00e4sse.<\/p>\n","protected":false},"featured_media":16716,"template":"","meta":{"_acf_changed":false,"rs_blank_template":"","rs_page_bg_color":"","slide_template_v7":""},"product_brand":[250],"product_cat":[275,612],"product_tag":[],"class_list":{"0":"post-16715","1":"product","2":"type-product","3":"status-publish","4":"has-post-thumbnail","6":"product_brand-risa-hutwerkstatt-schweiz","7":"product_cat-sommerhuete","8":"product_cat-traveler-sommerhuete","9":"product_shipping_class-mittlere-pakete","10":"pa_color-natur","11":"pa_groesse-196","12":"pa_groesse-197","13":"pa_groesse-198","14":"pa_groesse-199","15":"yith_product_brand-risa-hutwerkstatt-schweiz","18":"instock","19":"featured","20":"taxable","21":"shipping-taxable","22":"purchasable","23":"product-type-variable","24":"wvs-archive-product-wrapper","25":"add-to-wishlist-after_add_to_cart"},"acf":[],"yoast_head":"<!-- This site is optimized with the Yoast SEO Premium plugin v27.3 (Yoast SEO v27.3) - https:\/\/yoast.com\/product\/yoast-seo-premium-wordpress\/ -->\n<title>Bogart Raffia geh\u00e4kelt - ein zeitloser Strohhut und UV Schutz<\/title>\n<meta name=\"description\" content=\"Mit seinem hochwertigen Raffia-Material ist dieser Strohhut ein vielseitiges Accessoire, das zu verschiedenen Outfits und Anl\u00e4ssen passt.\" \/>\n<meta name=\"robots\" content=\"index, follow, max-snippet:-1, max-image-preview:large, max-video-preview:-1\" \/>\n<link rel=\"canonical\" href=\"https:\/\/hutfactory.com\/?product=strohhut-traveler-raffia-gehaekelt-2\" \/>\n<meta property=\"og:locale\" content=\"de_DE\" \/>\n<meta property=\"og:type\" content=\"article\" \/>\n<meta property=\"og:title\" content=\"Strohhut Traveler Raffia geh\u00e4kelt\" \/>\n<meta property=\"og:description\" content=\"Mit seinem hochwertigen Raffia-Material ist dieser Strohhut ein vielseitiges Accessoire, das zu verschiedenen Outfits und Anl\u00e4ssen passt.\" \/>\n<meta property=\"og:url\" content=\"https:\/\/hutfactory.com\/?product=strohhut-traveler-raffia-gehaekelt-2\" \/>\n<meta property=\"og:site_name\" content=\"Hut Factory\" \/>\n<meta property=\"article:modified_time\" content=\"2026-03-12T09:35:21+00:00\" \/>\n<meta property=\"og:image\" content=\"https:\/\/hutfactory.com\/wp-content\/uploads\/2026\/03\/51643.1-scaled-e1670850768878-1.webp\" \/>\n\t<meta property=\"og:image:width\" content=\"750\" \/>\n\t<meta property=\"og:image:height\" content=\"750\" \/>\n\t<meta property=\"og:image:type\" content=\"image\/webp\" \/>\n<meta name=\"twitter:card\" content=\"summary_large_image\" \/>\n<meta name=\"twitter:label1\" content=\"Gesch\u00e4tzte Lesezeit\" \/>\n\t<meta name=\"twitter:data1\" content=\"2\u00a0Minuten\" \/>\n<script type=\"application\/ld+json\" class=\"yoast-schema-graph\">{\"@context\":\"https:\\\/\\\/schema.org\",\"@graph\":[{\"@type\":\"WebPage\",\"@id\":\"https:\\\/\\\/hutfactory.com\\\/?product=strohhut-traveler-raffia-gehaekelt-2\",\"url\":\"https:\\\/\\\/hutfactory.com\\\/?product=strohhut-traveler-raffia-gehaekelt-2\",\"name\":\"Bogart Raffia geh\u00e4kelt - ein zeitloser Strohhut und UV Schutz\",\"isPartOf\":{\"@id\":\"https:\\\/\\\/hutfactory.com\\\/#website\"},\"primaryImageOfPage\":{\"@id\":\"https:\\\/\\\/hutfactory.com\\\/?product=strohhut-traveler-raffia-gehaekelt-2#primaryimage\"},\"image\":{\"@id\":\"https:\\\/\\\/hutfactory.com\\\/?product=strohhut-traveler-raffia-gehaekelt-2#primaryimage\"},\"thumbnailUrl\":\"https:\\\/\\\/hutfactory.com\\\/wp-content\\\/uploads\\\/2026\\\/03\\\/51643.1-scaled-e1670850768878-1.webp\",\"datePublished\":\"2026-03-10T10:09:18+00:00\",\"dateModified\":\"2026-03-12T09:35:21+00:00\",\"description\":\"Mit seinem hochwertigen Raffia-Material ist dieser Strohhut ein vielseitiges Accessoire, das zu verschiedenen Outfits und Anl\u00e4ssen passt.\",\"breadcrumb\":{\"@id\":\"https:\\\/\\\/hutfactory.com\\\/?product=strohhut-traveler-raffia-gehaekelt-2#breadcrumb\"},\"inLanguage\":\"de\",\"potentialAction\":[{\"@type\":\"ReadAction\",\"target\":[\"https:\\\/\\\/hutfactory.com\\\/?product=strohhut-traveler-raffia-gehaekelt-2\"]}]},{\"@type\":\"ImageObject\",\"inLanguage\":\"de\",\"@id\":\"https:\\\/\\\/hutfactory.com\\\/?product=strohhut-traveler-raffia-gehaekelt-2#primaryimage\",\"url\":\"https:\\\/\\\/hutfactory.com\\\/wp-content\\\/uploads\\\/2026\\\/03\\\/51643.1-scaled-e1670850768878-1.webp\",\"contentUrl\":\"https:\\\/\\\/hutfactory.com\\\/wp-content\\\/uploads\\\/2026\\\/03\\\/51643.1-scaled-e1670850768878-1.webp\",\"width\":750,\"height\":750,\"caption\":\"Strohhut Traveler Raffia|\"},{\"@type\":\"BreadcrumbList\",\"@id\":\"https:\\\/\\\/hutfactory.com\\\/?product=strohhut-traveler-raffia-gehaekelt-2#breadcrumb\",\"itemListElement\":[{\"@type\":\"ListItem\",\"position\":1,\"name\":\"Start\",\"item\":\"https:\\\/\\\/hutfactory.com\\\/\"},{\"@type\":\"ListItem\",\"position\":2,\"name\":\"Shop\",\"item\":\"https:\\\/\\\/hutfactory.com\\\/?page_id=10\"},{\"@type\":\"ListItem\",\"position\":3,\"name\":\"Strohhut Traveler Raffia geh\u00e4kelt\"}]},{\"@type\":\"WebSite\",\"@id\":\"https:\\\/\\\/hutfactory.com\\\/#website\",\"url\":\"https:\\\/\\\/hutfactory.com\\\/\",\"name\":\"Hut Factory\",\"description\":\"H\u00fcte, Kappen &amp; M\u00fctzen in Top Swiss\\\/EU Qualit\u00e4t\",\"publisher\":{\"@id\":\"https:\\\/\\\/hutfactory.com\\\/#organization\"},\"alternateName\":\"Hut Shop\",\"potentialAction\":[{\"@type\":\"SearchAction\",\"target\":{\"@type\":\"EntryPoint\",\"urlTemplate\":\"https:\\\/\\\/hutfactory.com\\\/?s={search_term_string}\"},\"query-input\":{\"@type\":\"PropertyValueSpecification\",\"valueRequired\":true,\"valueName\":\"search_term_string\"}}],\"inLanguage\":\"de\"},{\"@type\":\"Organization\",\"@id\":\"https:\\\/\\\/hutfactory.com\\\/#organization\",\"name\":\"Hut Factory\",\"url\":\"https:\\\/\\\/hutfactory.com\\\/\",\"logo\":{\"@type\":\"ImageObject\",\"inLanguage\":\"de\",\"@id\":\"https:\\\/\\\/hutfactory.com\\\/#\\\/schema\\\/logo\\\/image\\\/\",\"url\":\"https:\\\/\\\/hutfactory.com\\\/wp-content\\\/uploads\\\/2026\\\/01\\\/Logo-hut-factory-1.webp\",\"contentUrl\":\"https:\\\/\\\/hutfactory.com\\\/wp-content\\\/uploads\\\/2026\\\/01\\\/Logo-hut-factory-1.webp\",\"width\":300,\"height\":262,\"caption\":\"Hut Factory\"},\"image\":{\"@id\":\"https:\\\/\\\/hutfactory.com\\\/#\\\/schema\\\/logo\\\/image\\\/\"}}]}<\/script>\n<!-- \/ Yoast SEO Premium plugin. -->","yoast_head_json":{"title":"Bogart Raffia geh\u00e4kelt - ein zeitloser Strohhut und UV Schutz","description":"Mit seinem hochwertigen Raffia-Material ist dieser Strohhut ein vielseitiges Accessoire, das zu verschiedenen Outfits und Anl\u00e4ssen passt.","robots":{"index":"index","follow":"follow","max-snippet":"max-snippet:-1","max-image-preview":"max-image-preview:large","max-video-preview":"max-video-preview:-1"},"canonical":"https:\/\/hutfactory.com\/?product=strohhut-traveler-raffia-gehaekelt-2","og_locale":"de_DE","og_type":"article","og_title":"Strohhut Traveler Raffia geh\u00e4kelt","og_description":"Mit seinem hochwertigen Raffia-Material ist dieser Strohhut ein vielseitiges Accessoire, das zu verschiedenen Outfits und Anl\u00e4ssen passt.","og_url":"https:\/\/hutfactory.com\/?product=strohhut-traveler-raffia-gehaekelt-2","og_site_name":"Hut Factory","article_modified_time":"2026-03-12T09:35:21+00:00","og_image":[{"width":750,"height":750,"url":"https:\/\/hutfactory.com\/wp-content\/uploads\/2026\/03\/51643.1-scaled-e1670850768878-1.webp","type":"image\/webp"}],"twitter_card":"summary_large_image","twitter_misc":{"Gesch\u00e4tzte Lesezeit":"2\u00a0Minuten"},"schema":{"@context":"https:\/\/schema.org","@graph":[{"@type":"WebPage","@id":"https:\/\/hutfactory.com\/?product=strohhut-traveler-raffia-gehaekelt-2","url":"https:\/\/hutfactory.com\/?product=strohhut-traveler-raffia-gehaekelt-2","name":"Bogart Raffia geh\u00e4kelt - ein zeitloser Strohhut und UV Schutz","isPartOf":{"@id":"https:\/\/hutfactory.com\/#website"},"primaryImageOfPage":{"@id":"https:\/\/hutfactory.com\/?product=strohhut-traveler-raffia-gehaekelt-2#primaryimage"},"image":{"@id":"https:\/\/hutfactory.com\/?product=strohhut-traveler-raffia-gehaekelt-2#primaryimage"},"thumbnailUrl":"https:\/\/hutfactory.com\/wp-content\/uploads\/2026\/03\/51643.1-scaled-e1670850768878-1.webp","datePublished":"2026-03-10T10:09:18+00:00","dateModified":"2026-03-12T09:35:21+00:00","description":"Mit seinem hochwertigen Raffia-Material ist dieser Strohhut ein vielseitiges Accessoire, das zu verschiedenen Outfits und Anl\u00e4ssen passt.","breadcrumb":{"@id":"https:\/\/hutfactory.com\/?product=strohhut-traveler-raffia-gehaekelt-2#breadcrumb"},"inLanguage":"de","potentialAction":[{"@type":"ReadAction","target":["https:\/\/hutfactory.com\/?product=strohhut-traveler-raffia-gehaekelt-2"]}]},{"@type":"ImageObject","inLanguage":"de","@id":"https:\/\/hutfactory.com\/?product=strohhut-traveler-raffia-gehaekelt-2#primaryimage","url":"https:\/\/hutfactory.com\/wp-content\/uploads\/2026\/03\/51643.1-scaled-e1670850768878-1.webp","contentUrl":"https:\/\/hutfactory.com\/wp-content\/uploads\/2026\/03\/51643.1-scaled-e1670850768878-1.webp","width":750,"height":750,"caption":"Strohhut Traveler Raffia|"},{"@type":"BreadcrumbList","@id":"https:\/\/hutfactory.com\/?product=strohhut-traveler-raffia-gehaekelt-2#breadcrumb","itemListElement":[{"@type":"ListItem","position":1,"name":"Start","item":"https:\/\/hutfactory.com\/"},{"@type":"ListItem","position":2,"name":"Shop","item":"https:\/\/hutfactory.com\/?page_id=10"},{"@type":"ListItem","position":3,"name":"Strohhut Traveler Raffia geh\u00e4kelt"}]},{"@type":"WebSite","@id":"https:\/\/hutfactory.com\/#website","url":"https:\/\/hutfactory.com\/","name":"Hut Factory","description":"H\u00fcte, Kappen &amp; M\u00fctzen in Top Swiss\/EU Qualit\u00e4t","publisher":{"@id":"https:\/\/hutfactory.com\/#organization"},"alternateName":"Hut Shop","potentialAction":[{"@type":"SearchAction","target":{"@type":"EntryPoint","urlTemplate":"https:\/\/hutfactory.com\/?s={search_term_string}"},"query-input":{"@type":"PropertyValueSpecification","valueRequired":true,"valueName":"search_term_string"}}],"inLanguage":"de"},{"@type":"Organization","@id":"https:\/\/hutfactory.com\/#organization","name":"Hut Factory","url":"https:\/\/hutfactory.com\/","logo":{"@type":"ImageObject","inLanguage":"de","@id":"https:\/\/hutfactory.com\/#\/schema\/logo\/image\/","url":"https:\/\/hutfactory.com\/wp-content\/uploads\/2026\/01\/Logo-hut-factory-1.webp","contentUrl":"https:\/\/hutfactory.com\/wp-content\/uploads\/2026\/01\/Logo-hut-factory-1.webp","width":300,"height":262,"caption":"Hut Factory"},"image":{"@id":"https:\/\/hutfactory.com\/#\/schema\/logo\/image\/"}}]}},"_links":{"self":[{"href":"https:\/\/hutfactory.com\/index.php?rest_route=\/wp\/v2\/product\/16715","targetHints":{"allow":["GET"]}}],"collection":[{"href":"https:\/\/hutfactory.com\/index.php?rest_route=\/wp\/v2\/product"}],"about":[{"href":"https:\/\/hutfactory.com\/index.php?rest_route=\/wp\/v2\/types\/product"}],"wp:featuredmedia":[{"embeddable":true,"href":"https:\/\/hutfactory.com\/index.php?rest_route=\/wp\/v2\/media\/16716"}],"wp:attachment":[{"href":"https:\/\/hutfactory.com\/index.php?rest_route=%2Fwp%2Fv2%2Fmedia&parent=16715"}],"wp:term":[{"taxonomy":"product_brand","embeddable":true,"href":"https:\/\/hutfactory.com\/index.php?rest_route=%2Fwp%2Fv2%2Fproduct_brand&post=16715"},{"taxonomy":"product_cat","embeddable":true,"href":"https:\/\/hutfactory.com\/index.php?rest_route=%2Fwp%2Fv2%2Fproduct_cat&post=16715"},{"taxonomy":"product_tag","embeddable":true,"href":"https:\/\/hutfactory.com\/index.php?rest_route=%2Fwp%2Fv2%2Fproduct_tag&post=16715"}],"curies":[{"name":"wp","href":"https:\/\/api.w.org\/{rel}","templated":true}]}}