{"id":16712,"date":"2026-03-10T10:09:18","date_gmt":"2026-03-10T10:09:18","guid":{"rendered":"https:\/\/hutfactory.com\/?product=strohhut-traveler-raffia-gehaekelt"},"modified":"2026-03-12T09:35:30","modified_gmt":"2026-03-12T09:35:30","slug":"strohhut-traveler-raffia-gehaekelt","status":"publish","type":"product","link":"https:\/\/hutfactory.com\/?product=strohhut-traveler-raffia-gehaekelt","title":{"rendered":"Strohhut Traveler Raffia geh\u00e4kelt"},"content":{"rendered":"<h3 data-start=\"513\" data-end=\"810\"><strong>Setzen Sie ein stilvolles Statement!<\/strong><\/h3>\n<p data-start=\"513\" data-end=\"810\">Dieser Fedora-Hut ist aus <strong data-start=\"539\" data-end=\"554\">100% Raffia<\/strong> gefertigt und pr\u00e4sentiert sich in einem nat\u00fcrlichen Farbton, der hervorragend mit Sommeroutfits harmoniert. Das geh\u00e4kelte Raffia verleiht dem Hut nicht nur seine luftig-leichte Struktur, sondern sorgt auch f\u00fcr ein angenehmes Tragegef\u00fchl an warmen Tagen.<\/p>\n<p data-start=\"812\" data-end=\"1052\">Das elegante <strong data-start=\"825\" data-end=\"853\">gestreifte Leinenhutband<\/strong> mit Schleife unterstreicht den edlen Charakter dieses Hutes und verleiht ihm eine charmante, handwerkliche Note. Perfekt f\u00fcr Damen und Herren, die Wert auf Stil, Qualit\u00e4t und Nachhaltigkeit legen.<\/p>\n<h3 data-start=\"1059\" data-end=\"1084\"><strong data-start=\"1063\" data-end=\"1082\">Perfekt f\u00fcr\u0085 ??<\/strong><\/h3>\n<p data-start=\"1085\" data-end=\"1443\">?? <strong data-start=\"1088\" data-end=\"1112\">Sommerliche Anl\u00e4sse:<\/strong> Ob am Strand, beim Stadtbummel oder bei Gartenpartys \u0096 dieser Fedora verleiht jedem Outfit eine exklusive Note.<br data-start=\"1224\" data-end=\"1227\" \/>?? <strong data-start=\"1230\" data-end=\"1248\">Urbane Events:<\/strong> Ein zeitloses Accessoire, das auch bei gehobenen Anl\u00e4ssen f\u00fcr Aufsehen sorgt.<br data-start=\"1326\" data-end=\"1329\" \/>?? <strong data-start=\"1332\" data-end=\"1358\">Natur- &#038; Modebewusste:<\/strong> Hergestellt aus nat\u00fcrlichem Raffia, nachhaltig produziert und besonders langlebig.<\/p>\n<div class=\"hf-accordions\">\n<hr class=\"hf-accordion-separator\" \/>\n<details class=\"hf-accordion\">\n<summary><strong>\u25b6\ufe0f Gut zu wissen \u2013 mehr erfahren<\/strong><\/summary>\n<div class=\"hf-accordion-content\">\n<h3 data-start=\"1450\" data-end=\"1483\"><strong data-start=\"1454\" data-end=\"1481\">Eigenschaften &#038; Details<\/strong><\/h3>\n<ul data-start=\"1484\" data-end=\"1932\">\n<li data-start=\"1484\" data-end=\"1561\"><strong data-start=\"1486\" data-end=\"1499\">Material:<\/strong> 100% Raffia \u0096 Hochwertig geh\u00e4kelt, leicht und atmungsaktiv.<\/li>\n<li data-start=\"1562\" data-end=\"1631\"><strong data-start=\"1564\" data-end=\"1575\">Farben:<\/strong> Natur \u0096 Passt perfekt zu verschiedensten Sommerlooks.<\/li>\n<li data-start=\"1632\" data-end=\"1729\"><strong data-start=\"1634\" data-end=\"1646\">Hutband:<\/strong> Gestreiftes Leinenhutband \u0096 Elegantes Design mit Schleife als stilvoller Akzent.<\/li>\n<li data-start=\"1730\" data-end=\"1836\"><strong data-start=\"1732\" data-end=\"1743\">Gr\u00f6\u00dfen:<\/strong> 55 (54-55), 57 (56-57), 59 (58-59), 61 (60-61) \u0096 F\u00fcr jeden Kopfumfang das passende Modell.<\/li>\n<li data-start=\"1837\" data-end=\"1932\"><strong data-start=\"1839\" data-end=\"1857\">Fertigungsort:<\/strong> Entworfen in der <strong data-start=\"1875\" data-end=\"1907\">Schweizer Hutmanufaktur Risa<\/strong>, gefertigt in Italien.<\/li>\n<\/ul>\n<hr data-start=\"1934\" data-end=\"1937\" \/>\n<h3 data-start=\"1939\" data-end=\"1970\"><strong data-start=\"1943\" data-end=\"1968\">Design &#038; Verarbeitung<\/strong><\/h3>\n<p data-start=\"1971\" data-end=\"2299\">Der <strong data-start=\"1975\" data-end=\"2001\">Fedora Traveler Raffia<\/strong> \u00fcberzeugt durch seine exzellente Handarbeit. Das geh\u00e4kelte Raffia sorgt f\u00fcr ein luftiges Tragegef\u00fchl und wird durch das elegante Leinenhutband stilvoll erg\u00e4nzt. Die breite Krempe bietet nicht nur optimalen Sonnenschutz, sondern auch eine harmonische Formgebung, die den Kopf angenehm umschlie\u00dft.<\/p>\n<hr data-start=\"2301\" data-end=\"2304\" \/>\n<h3 data-start=\"2306\" data-end=\"2339\"><strong data-start=\"2310\" data-end=\"2337\">Handgefertigt in Europa<\/strong><\/h3>\n<p data-start=\"2340\" data-end=\"2563\">In kleiner St\u00fcckzahl gefertigt, bietet dieser Fedora-Hut Exklusivit\u00e4t und Authentizit\u00e4t. Jedes St\u00fcck wird mit gr\u00f6\u00dfter Sorgfalt von erfahrenen Hutmachermeistern hergestellt und bietet so unvergleichlichen Komfort und Stil.<\/p>\n<hr data-start=\"2565\" data-end=\"2568\" \/>\n<h3 data-start=\"2570\" data-end=\"2605\"><strong data-start=\"2574\" data-end=\"2603\">Nachhaltigkeit &#038; Qualit\u00e4t<\/strong><\/h3>\n<ul data-start=\"2606\" data-end=\"2963\">\n<li data-start=\"2606\" data-end=\"2712\"><strong data-start=\"2608\" data-end=\"2635\">Nat\u00fcrliche Materialien:<\/strong> Raffia ist biologisch abbaubar und bietet eine nat\u00fcrliche Luftzirkulation.<\/li>\n<li data-start=\"2713\" data-end=\"2836\"><strong data-start=\"2715\" data-end=\"2742\">Handarbeit &#038; Tradition:<\/strong> Jeder Hut wird mit Liebe zum Detail gefertigt, was ihn zu einem einzigartigen Unikat macht.<\/li>\n<li data-start=\"2837\" data-end=\"2963\"><strong data-start=\"2839\" data-end=\"2857\">Langlebigkeit:<\/strong> Dank hochwertiger Verarbeitung bleibt dieser Hut auch bei regelm\u00e4\u00dfigem Gebrauch formstabil und elegant.<\/li>\n<\/ul>\n<hr data-start=\"2965\" data-end=\"2968\" \/>\n<h3 data-start=\"2970\" data-end=\"3001\"><strong data-start=\"2974\" data-end=\"2999\">Herstellung &#038; Versand<\/strong><\/h3>\n<ul data-start=\"3002\" data-end=\"3303\">\n<li data-start=\"3002\" data-end=\"3111\"><strong data-start=\"3004\" data-end=\"3033\">Fertigung auf Bestellung:<\/strong> Jeder Hut wird individuell hergestellt, um h\u00f6chste Qualit\u00e4t zu garantieren.<\/li>\n<li data-start=\"3112\" data-end=\"3169\"><strong data-start=\"3114\" data-end=\"3126\">Versand:<\/strong> Innerhalb weniger Tage ab Lager Schweiz.<\/li>\n<li data-start=\"3170\" data-end=\"3240\"><strong data-start=\"3172\" data-end=\"3185\">Garantie:<\/strong> Umtausch nur bei Material- oder Herstellungsfehlern.<\/li>\n<li data-start=\"3241\" data-end=\"3303\"><strong data-start=\"3243\" data-end=\"3261\">Verf\u00fcgbarkeit:<\/strong> Abverkauf des Rohmaterials vorbehalten.<\/li>\n<\/ul>\n<\/div>\n<\/details>\n<details class=\"hf-accordion\">\n<summary><strong>\u25b6\ufe0f FAQ \u2013 H\u00e4ufige Fragen<\/strong><\/summary>\n<div class=\"hf-accordion-content\">\n<h3 data-start=\"3310\" data-end=\"3349\"><strong data-start=\"3314\" data-end=\"3347\">FAQ \u0096 H\u00e4ufig gestellte Fragen<\/strong><\/h3>\n<p data-start=\"3350\" data-end=\"3515\"><strong data-start=\"3350\" data-end=\"3410\">Sch\u00fctzt dieser Hut auch vor direkter Sonneneinstrahlung?<\/strong><br data-start=\"3410\" data-end=\"3413\" \/>Ja, die breite Krempe bietet ausgezeichneten Schutz vor UV-Strahlen und spendet angenehmen Schatten.<\/p>\n<p data-start=\"3517\" data-end=\"3665\"><strong data-start=\"3517\" data-end=\"3552\">Wie pflege ich den Hut optimal?<\/strong><br data-start=\"3552\" data-end=\"3555\" \/>Leichte Verschmutzungen k\u00f6nnen mit einem weichen Tuch entfernt werden. Vermeiden Sie den Kontakt mit Wasser.<\/p>\n<p data-start=\"3667\" data-end=\"3822\"><strong data-start=\"3667\" data-end=\"3718\">Ist der Hut auch f\u00fcr hei\u00dfe Sommertage geeignet?<\/strong><br data-start=\"3718\" data-end=\"3721\" \/>Absolut! Das luftige Raffia-Gewebe sorgt f\u00fcr eine angenehme Luftzirkulation und hohen Tragekomfort.<\/p>\n<p data-start=\"3824\" data-end=\"3948\"><strong data-start=\"3824\" data-end=\"3875\">Kann ich den Hut bei Nichtgefallen zur\u00fcckgeben?<\/strong><br data-start=\"3875\" data-end=\"3878\" \/>Ein Umtausch ist nur bei Material- oder Herstellungsfehlern m\u00f6glich.<\/p>\n<p data-start=\"3950\" data-end=\"4098\"><strong data-start=\"3950\" data-end=\"3992\">Wie bewahre ich den Hut am besten auf?<\/strong><br data-start=\"3992\" data-end=\"3995\" \/>An einem trockenen, k\u00fchlen Ort aufbewahren, idealerweise in einem Hutkarton, um die Form zu erhalten.<\/p>\n<\/div>\n<\/details>\n<\/div>\n","protected":false},"excerpt":{"rendered":"<h3 data-start=\"0\" data-end=\"95\"><strong data-start=\"4\" data-end=\"93\">Ihr stilvoller Begleiter f\u00fcr sonnige Tage<\/strong><\/h3>\n<p data-start=\"128\" data-end=\"463\">Der <strong data-start=\"132\" data-end=\"177\">Sommerhut Fedora Traveler Raffia geh\u00e4kelt<\/strong> vereint l\u00e4ssige Eleganz mit hochwertiger Handarbeit. Aus feinstem Raffia geh\u00e4kelt, besticht dieser Hut durch seine nat\u00fcrliche Farbgebung und die detailverliebte Verarbeitung. Ein stilvoller Klassiker, der nicht nur hervorragend aussieht, sondern auch funktionale Leichtigkeit bietet.<\/p>\n","protected":false},"featured_media":16713,"template":"","meta":{"_acf_changed":false,"rs_blank_template":"","rs_page_bg_color":"","slide_template_v7":""},"product_brand":[250],"product_cat":[275,612],"product_tag":[],"class_list":{"0":"post-16712","1":"product","2":"type-product","3":"status-publish","4":"has-post-thumbnail","6":"product_brand-risa-hutwerkstatt-schweiz","7":"product_cat-sommerhuete","8":"product_cat-traveler-sommerhuete","9":"product_shipping_class-mittlere-pakete","10":"pa_color-natur","11":"pa_groesse-196","12":"pa_groesse-197","13":"pa_groesse-198","14":"pa_groesse-199","15":"yith_product_brand-risa-hutwerkstatt-schweiz","18":"instock","19":"featured","20":"taxable","21":"shipping-taxable","22":"purchasable","23":"product-type-variable","24":"wvs-archive-product-wrapper","25":"add-to-wishlist-after_add_to_cart"},"acf":[],"yoast_head":"<!-- This site is optimized with the Yoast SEO Premium plugin v27.3 (Yoast SEO v27.3) - https:\/\/yoast.com\/product\/yoast-seo-premium-wordpress\/ -->\n<title>Bogart Raffia geh\u00e4kelt - ein zeitloser Strohhut und UV Schutz<\/title>\n<meta name=\"description\" content=\"Mit seinem hochwertigen Raffia-Material ist dieser Strohhut ein vielseitiges Accessoire, das zu verschiedenen Outfits und Anl\u00e4ssen passt.\" \/>\n<meta name=\"robots\" content=\"index, follow, max-snippet:-1, max-image-preview:large, max-video-preview:-1\" \/>\n<link rel=\"canonical\" href=\"https:\/\/hutfactory.com\/?product=strohhut-traveler-raffia-gehaekelt\" \/>\n<meta property=\"og:locale\" content=\"de_DE\" \/>\n<meta property=\"og:type\" content=\"article\" \/>\n<meta property=\"og:title\" content=\"Strohhut Traveler Raffia geh\u00e4kelt\" \/>\n<meta property=\"og:description\" content=\"Mit seinem hochwertigen Raffia-Material ist dieser Strohhut ein vielseitiges Accessoire, das zu verschiedenen Outfits und Anl\u00e4ssen passt.\" \/>\n<meta property=\"og:url\" content=\"https:\/\/hutfactory.com\/?product=strohhut-traveler-raffia-gehaekelt\" \/>\n<meta property=\"og:site_name\" content=\"Hut Factory\" \/>\n<meta property=\"article:modified_time\" content=\"2026-03-12T09:35:30+00:00\" \/>\n<meta property=\"og:image\" content=\"https:\/\/hutfactory.com\/wp-content\/uploads\/2026\/03\/51521.1-scaled-e1687252556227-1.webp\" \/>\n\t<meta property=\"og:image:width\" content=\"750\" \/>\n\t<meta property=\"og:image:height\" content=\"750\" \/>\n\t<meta property=\"og:image:type\" content=\"image\/webp\" \/>\n<meta name=\"twitter:card\" content=\"summary_large_image\" \/>\n<meta name=\"twitter:label1\" content=\"Gesch\u00e4tzte Lesezeit\" \/>\n\t<meta name=\"twitter:data1\" content=\"2\u00a0Minuten\" \/>\n<script type=\"application\/ld+json\" class=\"yoast-schema-graph\">{\"@context\":\"https:\\\/\\\/schema.org\",\"@graph\":[{\"@type\":\"WebPage\",\"@id\":\"https:\\\/\\\/hutfactory.com\\\/?product=strohhut-traveler-raffia-gehaekelt\",\"url\":\"https:\\\/\\\/hutfactory.com\\\/?product=strohhut-traveler-raffia-gehaekelt\",\"name\":\"Bogart Raffia geh\u00e4kelt - ein zeitloser Strohhut und UV Schutz\",\"isPartOf\":{\"@id\":\"https:\\\/\\\/hutfactory.com\\\/#website\"},\"primaryImageOfPage\":{\"@id\":\"https:\\\/\\\/hutfactory.com\\\/?product=strohhut-traveler-raffia-gehaekelt#primaryimage\"},\"image\":{\"@id\":\"https:\\\/\\\/hutfactory.com\\\/?product=strohhut-traveler-raffia-gehaekelt#primaryimage\"},\"thumbnailUrl\":\"https:\\\/\\\/hutfactory.com\\\/wp-content\\\/uploads\\\/2026\\\/03\\\/51521.1-scaled-e1687252556227-1.webp\",\"datePublished\":\"2026-03-10T10:09:18+00:00\",\"dateModified\":\"2026-03-12T09:35:30+00:00\",\"description\":\"Mit seinem hochwertigen Raffia-Material ist dieser Strohhut ein vielseitiges Accessoire, das zu verschiedenen Outfits und Anl\u00e4ssen passt.\",\"breadcrumb\":{\"@id\":\"https:\\\/\\\/hutfactory.com\\\/?product=strohhut-traveler-raffia-gehaekelt#breadcrumb\"},\"inLanguage\":\"de\",\"potentialAction\":[{\"@type\":\"ReadAction\",\"target\":[\"https:\\\/\\\/hutfactory.com\\\/?product=strohhut-traveler-raffia-gehaekelt\"]}]},{\"@type\":\"ImageObject\",\"inLanguage\":\"de\",\"@id\":\"https:\\\/\\\/hutfactory.com\\\/?product=strohhut-traveler-raffia-gehaekelt#primaryimage\",\"url\":\"https:\\\/\\\/hutfactory.com\\\/wp-content\\\/uploads\\\/2026\\\/03\\\/51521.1-scaled-e1687252556227-1.webp\",\"contentUrl\":\"https:\\\/\\\/hutfactory.com\\\/wp-content\\\/uploads\\\/2026\\\/03\\\/51521.1-scaled-e1687252556227-1.webp\",\"width\":750,\"height\":750,\"caption\":\"Sommerhut Fedora Traveler Raffia geh\u00e4kelt|\"},{\"@type\":\"BreadcrumbList\",\"@id\":\"https:\\\/\\\/hutfactory.com\\\/?product=strohhut-traveler-raffia-gehaekelt#breadcrumb\",\"itemListElement\":[{\"@type\":\"ListItem\",\"position\":1,\"name\":\"Start\",\"item\":\"https:\\\/\\\/hutfactory.com\\\/\"},{\"@type\":\"ListItem\",\"position\":2,\"name\":\"Shop\",\"item\":\"https:\\\/\\\/hutfactory.com\\\/?page_id=10\"},{\"@type\":\"ListItem\",\"position\":3,\"name\":\"Strohhut Traveler Raffia geh\u00e4kelt\"}]},{\"@type\":\"WebSite\",\"@id\":\"https:\\\/\\\/hutfactory.com\\\/#website\",\"url\":\"https:\\\/\\\/hutfactory.com\\\/\",\"name\":\"Hut Factory\",\"description\":\"H\u00fcte, Kappen &amp; M\u00fctzen in Top Swiss\\\/EU Qualit\u00e4t\",\"publisher\":{\"@id\":\"https:\\\/\\\/hutfactory.com\\\/#organization\"},\"alternateName\":\"Hut Shop\",\"potentialAction\":[{\"@type\":\"SearchAction\",\"target\":{\"@type\":\"EntryPoint\",\"urlTemplate\":\"https:\\\/\\\/hutfactory.com\\\/?s={search_term_string}\"},\"query-input\":{\"@type\":\"PropertyValueSpecification\",\"valueRequired\":true,\"valueName\":\"search_term_string\"}}],\"inLanguage\":\"de\"},{\"@type\":\"Organization\",\"@id\":\"https:\\\/\\\/hutfactory.com\\\/#organization\",\"name\":\"Hut Factory\",\"url\":\"https:\\\/\\\/hutfactory.com\\\/\",\"logo\":{\"@type\":\"ImageObject\",\"inLanguage\":\"de\",\"@id\":\"https:\\\/\\\/hutfactory.com\\\/#\\\/schema\\\/logo\\\/image\\\/\",\"url\":\"https:\\\/\\\/hutfactory.com\\\/wp-content\\\/uploads\\\/2026\\\/01\\\/Logo-hut-factory-1.webp\",\"contentUrl\":\"https:\\\/\\\/hutfactory.com\\\/wp-content\\\/uploads\\\/2026\\\/01\\\/Logo-hut-factory-1.webp\",\"width\":300,\"height\":262,\"caption\":\"Hut Factory\"},\"image\":{\"@id\":\"https:\\\/\\\/hutfactory.com\\\/#\\\/schema\\\/logo\\\/image\\\/\"}}]}<\/script>\n<!-- \/ Yoast SEO Premium plugin. -->","yoast_head_json":{"title":"Bogart Raffia geh\u00e4kelt - ein zeitloser Strohhut und UV Schutz","description":"Mit seinem hochwertigen Raffia-Material ist dieser Strohhut ein vielseitiges Accessoire, das zu verschiedenen Outfits und Anl\u00e4ssen passt.","robots":{"index":"index","follow":"follow","max-snippet":"max-snippet:-1","max-image-preview":"max-image-preview:large","max-video-preview":"max-video-preview:-1"},"canonical":"https:\/\/hutfactory.com\/?product=strohhut-traveler-raffia-gehaekelt","og_locale":"de_DE","og_type":"article","og_title":"Strohhut Traveler Raffia geh\u00e4kelt","og_description":"Mit seinem hochwertigen Raffia-Material ist dieser Strohhut ein vielseitiges Accessoire, das zu verschiedenen Outfits und Anl\u00e4ssen passt.","og_url":"https:\/\/hutfactory.com\/?product=strohhut-traveler-raffia-gehaekelt","og_site_name":"Hut Factory","article_modified_time":"2026-03-12T09:35:30+00:00","og_image":[{"width":750,"height":750,"url":"https:\/\/hutfactory.com\/wp-content\/uploads\/2026\/03\/51521.1-scaled-e1687252556227-1.webp","type":"image\/webp"}],"twitter_card":"summary_large_image","twitter_misc":{"Gesch\u00e4tzte Lesezeit":"2\u00a0Minuten"},"schema":{"@context":"https:\/\/schema.org","@graph":[{"@type":"WebPage","@id":"https:\/\/hutfactory.com\/?product=strohhut-traveler-raffia-gehaekelt","url":"https:\/\/hutfactory.com\/?product=strohhut-traveler-raffia-gehaekelt","name":"Bogart Raffia geh\u00e4kelt - ein zeitloser Strohhut und UV Schutz","isPartOf":{"@id":"https:\/\/hutfactory.com\/#website"},"primaryImageOfPage":{"@id":"https:\/\/hutfactory.com\/?product=strohhut-traveler-raffia-gehaekelt#primaryimage"},"image":{"@id":"https:\/\/hutfactory.com\/?product=strohhut-traveler-raffia-gehaekelt#primaryimage"},"thumbnailUrl":"https:\/\/hutfactory.com\/wp-content\/uploads\/2026\/03\/51521.1-scaled-e1687252556227-1.webp","datePublished":"2026-03-10T10:09:18+00:00","dateModified":"2026-03-12T09:35:30+00:00","description":"Mit seinem hochwertigen Raffia-Material ist dieser Strohhut ein vielseitiges Accessoire, das zu verschiedenen Outfits und Anl\u00e4ssen passt.","breadcrumb":{"@id":"https:\/\/hutfactory.com\/?product=strohhut-traveler-raffia-gehaekelt#breadcrumb"},"inLanguage":"de","potentialAction":[{"@type":"ReadAction","target":["https:\/\/hutfactory.com\/?product=strohhut-traveler-raffia-gehaekelt"]}]},{"@type":"ImageObject","inLanguage":"de","@id":"https:\/\/hutfactory.com\/?product=strohhut-traveler-raffia-gehaekelt#primaryimage","url":"https:\/\/hutfactory.com\/wp-content\/uploads\/2026\/03\/51521.1-scaled-e1687252556227-1.webp","contentUrl":"https:\/\/hutfactory.com\/wp-content\/uploads\/2026\/03\/51521.1-scaled-e1687252556227-1.webp","width":750,"height":750,"caption":"Sommerhut Fedora Traveler Raffia geh\u00e4kelt|"},{"@type":"BreadcrumbList","@id":"https:\/\/hutfactory.com\/?product=strohhut-traveler-raffia-gehaekelt#breadcrumb","itemListElement":[{"@type":"ListItem","position":1,"name":"Start","item":"https:\/\/hutfactory.com\/"},{"@type":"ListItem","position":2,"name":"Shop","item":"https:\/\/hutfactory.com\/?page_id=10"},{"@type":"ListItem","position":3,"name":"Strohhut Traveler Raffia geh\u00e4kelt"}]},{"@type":"WebSite","@id":"https:\/\/hutfactory.com\/#website","url":"https:\/\/hutfactory.com\/","name":"Hut Factory","description":"H\u00fcte, Kappen &amp; M\u00fctzen in Top Swiss\/EU Qualit\u00e4t","publisher":{"@id":"https:\/\/hutfactory.com\/#organization"},"alternateName":"Hut Shop","potentialAction":[{"@type":"SearchAction","target":{"@type":"EntryPoint","urlTemplate":"https:\/\/hutfactory.com\/?s={search_term_string}"},"query-input":{"@type":"PropertyValueSpecification","valueRequired":true,"valueName":"search_term_string"}}],"inLanguage":"de"},{"@type":"Organization","@id":"https:\/\/hutfactory.com\/#organization","name":"Hut Factory","url":"https:\/\/hutfactory.com\/","logo":{"@type":"ImageObject","inLanguage":"de","@id":"https:\/\/hutfactory.com\/#\/schema\/logo\/image\/","url":"https:\/\/hutfactory.com\/wp-content\/uploads\/2026\/01\/Logo-hut-factory-1.webp","contentUrl":"https:\/\/hutfactory.com\/wp-content\/uploads\/2026\/01\/Logo-hut-factory-1.webp","width":300,"height":262,"caption":"Hut Factory"},"image":{"@id":"https:\/\/hutfactory.com\/#\/schema\/logo\/image\/"}}]}},"_links":{"self":[{"href":"https:\/\/hutfactory.com\/index.php?rest_route=\/wp\/v2\/product\/16712","targetHints":{"allow":["GET"]}}],"collection":[{"href":"https:\/\/hutfactory.com\/index.php?rest_route=\/wp\/v2\/product"}],"about":[{"href":"https:\/\/hutfactory.com\/index.php?rest_route=\/wp\/v2\/types\/product"}],"wp:featuredmedia":[{"embeddable":true,"href":"https:\/\/hutfactory.com\/index.php?rest_route=\/wp\/v2\/media\/16713"}],"wp:attachment":[{"href":"https:\/\/hutfactory.com\/index.php?rest_route=%2Fwp%2Fv2%2Fmedia&parent=16712"}],"wp:term":[{"taxonomy":"product_brand","embeddable":true,"href":"https:\/\/hutfactory.com\/index.php?rest_route=%2Fwp%2Fv2%2Fproduct_brand&post=16712"},{"taxonomy":"product_cat","embeddable":true,"href":"https:\/\/hutfactory.com\/index.php?rest_route=%2Fwp%2Fv2%2Fproduct_cat&post=16712"},{"taxonomy":"product_tag","embeddable":true,"href":"https:\/\/hutfactory.com\/index.php?rest_route=%2Fwp%2Fv2%2Fproduct_tag&post=16712"}],"curies":[{"name":"wp","href":"https:\/\/api.w.org\/{rel}","templated":true}]}}