{"id":16664,"date":"2026-03-10T10:09:18","date_gmt":"2026-03-10T10:09:18","guid":{"rendered":"https:\/\/hutfactory.com\/?product=aufschlaghut-stroh-und-seide"},"modified":"2026-03-10T10:10:54","modified_gmt":"2026-03-10T10:10:54","slug":"aufschlaghut-stroh-und-seide","status":"publish","type":"product","link":"https:\/\/hutfactory.com\/?product=aufschlaghut-stroh-und-seide","title":{"rendered":"Aufschlaghut Stroh und Seide"},"content":{"rendered":"<h3 data-start=\"483\" data-end=\"522\"><strong>Tradition trifft Modebewusstsein<\/strong><\/h3>\n<p class=\"\" data-start=\"523\" data-end=\"933\">Gefertigt aus feinster Weizenstrohborte besticht dieser Sommerhut durch seine exzellente Qualit\u00e4t und charmante Leichtigkeit. Die elegante Form mit der ca. 9 cm breiten, aufgeschlagenen Krempe bietet nicht nur stilvollen UV-Schutz, sondern auch eine feminine, ausgewogene Silhouette. Die Garnitur \u0096 ein Seidenhutband mit ikonischem <em data-start=\"855\" data-end=\"871\">Risa seit 1919<\/em>-Knopf \u0096 verleiht dem Hut einen Hauch von nostalgischem Luxus.<\/p>\n<p class=\"\" data-start=\"935\" data-end=\"956\"><strong data-start=\"935\" data-end=\"956\">Perfekt f\u00fcr\u0085.. ??<\/strong><\/p>\n<p class=\"\" data-start=\"958\" data-end=\"1403\"><strong data-start=\"958\" data-end=\"985\">?? Sommerliche Anl\u00e4sse:<\/strong> Beim Flanieren am Seeufer, beim Sonntagsbrunch oder auf Reisen \u0096 dieser Hut verbindet Stil und Funktion auf h\u00f6chstem Niveau.<br data-start=\"1110\" data-end=\"1113\" \/><strong data-start=\"1113\" data-end=\"1136\">?? Elegante Events:<\/strong> Ein stilvoller Begleiter f\u00fcr Gartenpartys, Open-Air-Konzerte oder kulturelle Events mit Dresscode.<br data-start=\"1235\" data-end=\"1238\" \/><strong data-start=\"1238\" data-end=\"1268\">?? Natur- und Modebewusst:<\/strong> Handgefertigt in der Schweiz aus biologisch abbaubaren Materialien \u0096 ideal f\u00fcr alle, die Sch\u00f6nheit und Verantwortung vereinen m\u00f6chten.<\/p>\n<div class=\"hf-accordions\">\n<hr class=\"hf-accordion-separator\" \/>\n<details class=\"hf-accordion\">\n<summary><strong>\u25b6\ufe0f Gut zu wissen \u2013 mehr erfahren<\/strong><\/summary>\n<div class=\"hf-accordion-content\">\n<h3 class=\"\" data-start=\"1405\" data-end=\"1434\">igenschaften &#038; Details<\/h3>\n<p class=\"\" data-start=\"1435\" data-end=\"1892\"><strong data-start=\"1435\" data-end=\"1448\">Material:<\/strong> 100 % Weizenstroh \u0096 atmungsaktiv, leicht &#038; naturbelassen<br data-start=\"1505\" data-end=\"1508\" \/><strong data-start=\"1508\" data-end=\"1523\">Randbreite:<\/strong> ca. 9.0 cm (aufgeschlagen) \u0096 femininer Look mit funktionalem Sonnenschutz<br data-start=\"1597\" data-end=\"1600\" \/><strong data-start=\"1600\" data-end=\"1613\">Kopfh\u00f6he:<\/strong> 11.0 cm \u0096 harmonisch gew\u00f6lbte Kronenform<br data-start=\"1654\" data-end=\"1657\" \/><strong data-start=\"1657\" data-end=\"1668\">Farben:<\/strong> Natur mit Seidenband in braun-beigem Karo<br data-start=\"1710\" data-end=\"1713\" \/><strong data-start=\"1713\" data-end=\"1726\">Garnitur:<\/strong> Edles Seidenband mit Masche &#038; ikonischem \u0084Risa seit 1919\u0093-Knopf<br data-start=\"1790\" data-end=\"1793\" \/><strong data-start=\"1793\" data-end=\"1809\">Schwei\u00dfband:<\/strong> Sauber eingen\u00e4htes Textilinnenband f\u00fcr angenehmen Tragekomfort<br data-start=\"1872\" data-end=\"1875\" \/><strong data-start=\"1875\" data-end=\"1886\">Gr\u00f6\u00dfen:<\/strong> 54\u009661<\/p>\n<h3 class=\"\" data-start=\"1894\" data-end=\"1921\">Design &#038; Verarbeitung<\/h3>\n<p class=\"\" data-start=\"1922\" data-end=\"2185\">Die harmonische Kombination aus Naturstroh und luxuri\u00f6ser Seide verleiht diesem Hut seine exklusive Ausstrahlung. Die traditionelle Masche mit Qualit\u00e4tsemblem sowie die strukturierte Karo-Optik setzen modische Akzente, ohne den klassischen Charakter zu verlieren.<\/p>\n<h3 class=\"\" data-start=\"2187\" data-end=\"2221\">Handgefertigt in der Schweiz<\/h3>\n<p class=\"\" data-start=\"2222\" data-end=\"2462\">Jedes Modell wird mit viel Sorgfalt und Hingabe in der Schweizer Hutmanufaktur Risa gefertigt. Die Verwendung hochwertiger europ\u00e4ischer Materialien und das Bekenntnis zur Ma\u00dfanfertigung garantieren Exklusivit\u00e4t, Qualit\u00e4t und Nachhaltigkeit.<\/p>\n<h3 class=\"\" data-start=\"2464\" data-end=\"2495\">Nachhaltigkeit &#038; Qualit\u00e4t<\/h3>\n<p class=\"\" data-start=\"2496\" data-end=\"2732\">Das nat\u00fcrliche Strohmaterial ist biologisch abbaubar, federleicht und sch\u00fctzt auf nat\u00fcrliche Weise vor Sonnenstrahlen. Die handgearbeitete Fertigung minimiert \u00dcberproduktion und bewahrt traditionelles Handwerk in einem modernen Kontext.<\/p>\n<h3 class=\"\" data-start=\"2734\" data-end=\"2761\">Herstellung &#038; Versand<\/h3>\n<p class=\"\" data-start=\"2762\" data-end=\"2983\"><strong data-start=\"2762\" data-end=\"2791\">Fertigung auf Bestellung:<\/strong> Individuelle Einzelanfertigung in der Schweiz<br data-start=\"2837\" data-end=\"2840\" \/><strong data-start=\"2840\" data-end=\"2861\">Herstellungszeit:<\/strong> 10\u009615 Arbeitstage nach Zahlungseingang<br data-start=\"2900\" data-end=\"2903\" \/><strong data-start=\"2903\" data-end=\"2915\">Versand:<\/strong> Innerhalb weniger Tage nach Fertigstellung direkt aus der Schweiz<\/p>\n<\/div>\n<\/details>\n<details class=\"hf-accordion\">\n<summary><strong>\u25b6\ufe0f FAQ \u2013 H\u00e4ufige Fragen<\/strong><\/summary>\n<div class=\"hf-accordion-content\">\n<h3 class=\"\" data-start=\"2985\" data-end=\"3018\">FAQ \u0096 H\u00e4ufig gestellte Fragen<\/h3>\n<p class=\"\" data-start=\"3020\" data-end=\"3189\"><strong data-start=\"3020\" data-end=\"3068\">Wie pflege ich den Hut bei l\u00e4ngerer Nutzung?<\/strong><br data-start=\"3068\" data-end=\"3071\" \/>K\u00fchl, trocken und kopf\u00fcber lagern. Reinigung mit einem weichen, trockenen Tuch. Weitere Hinweise unter dem Link unten.<\/p>\n<p class=\"\" data-start=\"3191\" data-end=\"3356\"><strong data-start=\"3191\" data-end=\"3238\">Ist der Hut f\u00fcr empfindliche Haut geeignet?<\/strong><br data-start=\"3238\" data-end=\"3241\" \/>Ja, das atmungsaktive Strohmaterial und das weiche Innenband bieten hohen Tragekomfort auch bei empfindlicher Haut.<\/p>\n<p class=\"\" data-start=\"3358\" data-end=\"3540\"><strong data-start=\"3358\" data-end=\"3408\">Kann ich das Hutband individualisieren lassen?<\/strong><br data-start=\"3408\" data-end=\"3411\" \/>Aktuell ist dieses Modell in der gezeigten Variante mit Seidenband erh\u00e4ltlich. Sonderw\u00fcnsche k\u00f6nnen individuell angefragt werden.<\/p>\n<p class=\"\" data-start=\"3542\" data-end=\"3665\"><strong data-start=\"3542\" data-end=\"3575\">Welche Gr\u00f6\u00dfe soll ich w\u00e4hlen?<\/strong><br data-start=\"3575\" data-end=\"3578\" \/>Messen Sie Ihren Kopfumfang oberhalb der Ohren \u0096 gerne beraten wir Sie bei der Auswahl.<\/p>\n<p class=\"\" data-start=\"3667\" data-end=\"3801\"><strong data-start=\"3667\" data-end=\"3699\">Gibt es eine R\u00fcckgabeoption?<\/strong><br data-start=\"3699\" data-end=\"3702\" \/>Aufgrund der Einzelanfertigung ist nur ein Umtausch bei Herstellungs- oder Materialfehlern m\u00f6glich.<\/p>\n<\/div>\n<\/details>\n<\/div>\n","protected":false},"excerpt":{"rendered":"<h3 data-start=\"76\" data-end=\"111\"><strong>Eleganz trifft Nat\u00fcrlichkeit<\/strong><\/h3>\n<p class=\"\" data-start=\"112\" data-end=\"481\">Dieser <em data-start=\"119\" data-end=\"159\">Damen Aufschlaghut aus Stroh und Seide<\/em> ist ein Paradebeispiel f\u00fcr die perfekte Fusion aus zeitloser Eleganz und nachhaltiger Handwerkskunst. Mit seiner sanft geschwungenen, aufgeschlagenen Krempe und dem edlen Seidenhutband in klassischem Braun-Beige-Karo avanciert dieses Modell zum unverzichtbaren Accessoire f\u00fcr stilbewusste Frauen in der warmen Jahreszeit.<\/p>\n<p>\u00a0<\/p>\n","protected":false},"featured_media":16665,"template":"","meta":{"_acf_changed":false,"rs_blank_template":"","rs_page_bg_color":"","slide_template_v7":""},"product_brand":[250],"product_cat":[584,275],"product_tag":[],"class_list":{"0":"post-16664","1":"product","2":"type-product","3":"status-publish","4":"has-post-thumbnail","6":"product_brand-risa-hutwerkstatt-schweiz","7":"product_cat-aufschlag-sommerhuete","8":"product_cat-sommerhuete","9":"product_shipping_class-mittlere-pakete","10":"pa_color-natur","11":"pa_groesse-206","12":"pa_groesse-196","13":"pa_groesse-207","14":"pa_groesse-197","15":"pa_groesse-208","16":"pa_groesse-198","17":"pa_groesse-209","18":"pa_groesse-199","19":"pa_groesse-210","20":"yith_product_brand-risa-hutwerkstatt-schweiz","23":"instock","24":"featured","25":"taxable","26":"shipping-taxable","27":"purchasable","28":"product-type-variable","29":"wvs-archive-product-wrapper","30":"add-to-wishlist-after_add_to_cart"},"acf":[],"yoast_head":"<!-- This site is optimized with the Yoast SEO Premium plugin v27.3 (Yoast SEO v27.3) - https:\/\/yoast.com\/product\/yoast-seo-premium-wordpress\/ -->\n<title>Damen Aufschlaghut aus Stroh\/Seide \u0096 handgefertigt<\/title>\n<meta name=\"description\" content=\"Eleganter und eleganter Sommerhut aus Stroh mit Seidenband \u0096 handgefertigt, nachhaltig &amp; stilvoll. Jetzt online bei Hut Factory.\" \/>\n<meta name=\"robots\" content=\"index, follow, max-snippet:-1, max-image-preview:large, max-video-preview:-1\" \/>\n<link rel=\"canonical\" href=\"https:\/\/hutfactory.com\/?product=aufschlaghut-stroh-und-seide\" \/>\n<meta property=\"og:locale\" content=\"de_DE\" \/>\n<meta property=\"og:type\" content=\"article\" \/>\n<meta property=\"og:title\" content=\"Aufschlaghut Stroh und Seide\" \/>\n<meta property=\"og:description\" content=\"Eleganter und eleganter Sommerhut aus Stroh mit Seidenband \u0096 handgefertigt, nachhaltig &amp; stilvoll. Jetzt online bei Hut Factory.\" \/>\n<meta property=\"og:url\" content=\"https:\/\/hutfactory.com\/?product=aufschlaghut-stroh-und-seide\" \/>\n<meta property=\"og:site_name\" content=\"Hut Factory\" \/>\n<meta property=\"article:modified_time\" content=\"2026-03-10T10:10:54+00:00\" \/>\n<meta property=\"og:image\" content=\"https:\/\/hutfactory.com\/wp-content\/uploads\/2026\/03\/10403781-2-scaled-e1668504862306-1.webp\" \/>\n\t<meta property=\"og:image:width\" content=\"750\" \/>\n\t<meta property=\"og:image:height\" content=\"750\" \/>\n\t<meta property=\"og:image:type\" content=\"image\/webp\" \/>\n<meta name=\"twitter:card\" content=\"summary_large_image\" \/>\n<meta name=\"twitter:label1\" content=\"Gesch\u00e4tzte Lesezeit\" \/>\n\t<meta name=\"twitter:data1\" content=\"2\u00a0Minuten\" \/>\n<script type=\"application\/ld+json\" class=\"yoast-schema-graph\">{\"@context\":\"https:\\\/\\\/schema.org\",\"@graph\":[{\"@type\":\"WebPage\",\"@id\":\"https:\\\/\\\/hutfactory.com\\\/?product=aufschlaghut-stroh-und-seide\",\"url\":\"https:\\\/\\\/hutfactory.com\\\/?product=aufschlaghut-stroh-und-seide\",\"name\":\"Damen Aufschlaghut aus Stroh\\\/Seide \u0096 handgefertigt\",\"isPartOf\":{\"@id\":\"https:\\\/\\\/hutfactory.com\\\/#website\"},\"primaryImageOfPage\":{\"@id\":\"https:\\\/\\\/hutfactory.com\\\/?product=aufschlaghut-stroh-und-seide#primaryimage\"},\"image\":{\"@id\":\"https:\\\/\\\/hutfactory.com\\\/?product=aufschlaghut-stroh-und-seide#primaryimage\"},\"thumbnailUrl\":\"https:\\\/\\\/hutfactory.com\\\/wp-content\\\/uploads\\\/2026\\\/03\\\/10403781-2-scaled-e1668504862306-1.webp\",\"datePublished\":\"2026-03-10T10:09:18+00:00\",\"dateModified\":\"2026-03-10T10:10:54+00:00\",\"description\":\"Eleganter und eleganter Sommerhut aus Stroh mit Seidenband \u0096 handgefertigt, nachhaltig & stilvoll. Jetzt online bei Hut Factory.\",\"breadcrumb\":{\"@id\":\"https:\\\/\\\/hutfactory.com\\\/?product=aufschlaghut-stroh-und-seide#breadcrumb\"},\"inLanguage\":\"de\",\"potentialAction\":[{\"@type\":\"ReadAction\",\"target\":[\"https:\\\/\\\/hutfactory.com\\\/?product=aufschlaghut-stroh-und-seide\"]}]},{\"@type\":\"ImageObject\",\"inLanguage\":\"de\",\"@id\":\"https:\\\/\\\/hutfactory.com\\\/?product=aufschlaghut-stroh-und-seide#primaryimage\",\"url\":\"https:\\\/\\\/hutfactory.com\\\/wp-content\\\/uploads\\\/2026\\\/03\\\/10403781-2-scaled-e1668504862306-1.webp\",\"contentUrl\":\"https:\\\/\\\/hutfactory.com\\\/wp-content\\\/uploads\\\/2026\\\/03\\\/10403781-2-scaled-e1668504862306-1.webp\",\"width\":750,\"height\":750,\"caption\":\"Handgefertigter Damenhut aus 100 % Weizenstroh mit luxuri\u00f6sem Seidenband und klassischer Krempenform|Handgefertigter Damenhut aus 100 % Weizenstroh mit luxuri\u00f6sem Seidenband und klassischer Krempenform|\"},{\"@type\":\"BreadcrumbList\",\"@id\":\"https:\\\/\\\/hutfactory.com\\\/?product=aufschlaghut-stroh-und-seide#breadcrumb\",\"itemListElement\":[{\"@type\":\"ListItem\",\"position\":1,\"name\":\"Start\",\"item\":\"https:\\\/\\\/hutfactory.com\\\/\"},{\"@type\":\"ListItem\",\"position\":2,\"name\":\"Shop\",\"item\":\"https:\\\/\\\/hutfactory.com\\\/?page_id=10\"},{\"@type\":\"ListItem\",\"position\":3,\"name\":\"Aufschlaghut Stroh und Seide\"}]},{\"@type\":\"WebSite\",\"@id\":\"https:\\\/\\\/hutfactory.com\\\/#website\",\"url\":\"https:\\\/\\\/hutfactory.com\\\/\",\"name\":\"Hut Factory\",\"description\":\"H\u00fcte, Kappen &amp; M\u00fctzen in Top Swiss\\\/EU Qualit\u00e4t\",\"publisher\":{\"@id\":\"https:\\\/\\\/hutfactory.com\\\/#organization\"},\"alternateName\":\"Hut Shop\",\"potentialAction\":[{\"@type\":\"SearchAction\",\"target\":{\"@type\":\"EntryPoint\",\"urlTemplate\":\"https:\\\/\\\/hutfactory.com\\\/?s={search_term_string}\"},\"query-input\":{\"@type\":\"PropertyValueSpecification\",\"valueRequired\":true,\"valueName\":\"search_term_string\"}}],\"inLanguage\":\"de\"},{\"@type\":\"Organization\",\"@id\":\"https:\\\/\\\/hutfactory.com\\\/#organization\",\"name\":\"Hut Factory\",\"url\":\"https:\\\/\\\/hutfactory.com\\\/\",\"logo\":{\"@type\":\"ImageObject\",\"inLanguage\":\"de\",\"@id\":\"https:\\\/\\\/hutfactory.com\\\/#\\\/schema\\\/logo\\\/image\\\/\",\"url\":\"https:\\\/\\\/hutfactory.com\\\/wp-content\\\/uploads\\\/2026\\\/01\\\/Logo-hut-factory-1.webp\",\"contentUrl\":\"https:\\\/\\\/hutfactory.com\\\/wp-content\\\/uploads\\\/2026\\\/01\\\/Logo-hut-factory-1.webp\",\"width\":300,\"height\":262,\"caption\":\"Hut Factory\"},\"image\":{\"@id\":\"https:\\\/\\\/hutfactory.com\\\/#\\\/schema\\\/logo\\\/image\\\/\"}}]}<\/script>\n<!-- \/ Yoast SEO Premium plugin. -->","yoast_head_json":{"title":"Damen Aufschlaghut aus Stroh\/Seide \u0096 handgefertigt","description":"Eleganter und eleganter Sommerhut aus Stroh mit Seidenband \u0096 handgefertigt, nachhaltig & stilvoll. Jetzt online bei Hut Factory.","robots":{"index":"index","follow":"follow","max-snippet":"max-snippet:-1","max-image-preview":"max-image-preview:large","max-video-preview":"max-video-preview:-1"},"canonical":"https:\/\/hutfactory.com\/?product=aufschlaghut-stroh-und-seide","og_locale":"de_DE","og_type":"article","og_title":"Aufschlaghut Stroh und Seide","og_description":"Eleganter und eleganter Sommerhut aus Stroh mit Seidenband \u0096 handgefertigt, nachhaltig & stilvoll. Jetzt online bei Hut Factory.","og_url":"https:\/\/hutfactory.com\/?product=aufschlaghut-stroh-und-seide","og_site_name":"Hut Factory","article_modified_time":"2026-03-10T10:10:54+00:00","og_image":[{"width":750,"height":750,"url":"https:\/\/hutfactory.com\/wp-content\/uploads\/2026\/03\/10403781-2-scaled-e1668504862306-1.webp","type":"image\/webp"}],"twitter_card":"summary_large_image","twitter_misc":{"Gesch\u00e4tzte Lesezeit":"2\u00a0Minuten"},"schema":{"@context":"https:\/\/schema.org","@graph":[{"@type":"WebPage","@id":"https:\/\/hutfactory.com\/?product=aufschlaghut-stroh-und-seide","url":"https:\/\/hutfactory.com\/?product=aufschlaghut-stroh-und-seide","name":"Damen Aufschlaghut aus Stroh\/Seide \u0096 handgefertigt","isPartOf":{"@id":"https:\/\/hutfactory.com\/#website"},"primaryImageOfPage":{"@id":"https:\/\/hutfactory.com\/?product=aufschlaghut-stroh-und-seide#primaryimage"},"image":{"@id":"https:\/\/hutfactory.com\/?product=aufschlaghut-stroh-und-seide#primaryimage"},"thumbnailUrl":"https:\/\/hutfactory.com\/wp-content\/uploads\/2026\/03\/10403781-2-scaled-e1668504862306-1.webp","datePublished":"2026-03-10T10:09:18+00:00","dateModified":"2026-03-10T10:10:54+00:00","description":"Eleganter und eleganter Sommerhut aus Stroh mit Seidenband \u0096 handgefertigt, nachhaltig & stilvoll. Jetzt online bei Hut Factory.","breadcrumb":{"@id":"https:\/\/hutfactory.com\/?product=aufschlaghut-stroh-und-seide#breadcrumb"},"inLanguage":"de","potentialAction":[{"@type":"ReadAction","target":["https:\/\/hutfactory.com\/?product=aufschlaghut-stroh-und-seide"]}]},{"@type":"ImageObject","inLanguage":"de","@id":"https:\/\/hutfactory.com\/?product=aufschlaghut-stroh-und-seide#primaryimage","url":"https:\/\/hutfactory.com\/wp-content\/uploads\/2026\/03\/10403781-2-scaled-e1668504862306-1.webp","contentUrl":"https:\/\/hutfactory.com\/wp-content\/uploads\/2026\/03\/10403781-2-scaled-e1668504862306-1.webp","width":750,"height":750,"caption":"Handgefertigter Damenhut aus 100 % Weizenstroh mit luxuri\u00f6sem Seidenband und klassischer Krempenform|Handgefertigter Damenhut aus 100 % Weizenstroh mit luxuri\u00f6sem Seidenband und klassischer Krempenform|"},{"@type":"BreadcrumbList","@id":"https:\/\/hutfactory.com\/?product=aufschlaghut-stroh-und-seide#breadcrumb","itemListElement":[{"@type":"ListItem","position":1,"name":"Start","item":"https:\/\/hutfactory.com\/"},{"@type":"ListItem","position":2,"name":"Shop","item":"https:\/\/hutfactory.com\/?page_id=10"},{"@type":"ListItem","position":3,"name":"Aufschlaghut Stroh und Seide"}]},{"@type":"WebSite","@id":"https:\/\/hutfactory.com\/#website","url":"https:\/\/hutfactory.com\/","name":"Hut Factory","description":"H\u00fcte, Kappen &amp; M\u00fctzen in Top Swiss\/EU Qualit\u00e4t","publisher":{"@id":"https:\/\/hutfactory.com\/#organization"},"alternateName":"Hut Shop","potentialAction":[{"@type":"SearchAction","target":{"@type":"EntryPoint","urlTemplate":"https:\/\/hutfactory.com\/?s={search_term_string}"},"query-input":{"@type":"PropertyValueSpecification","valueRequired":true,"valueName":"search_term_string"}}],"inLanguage":"de"},{"@type":"Organization","@id":"https:\/\/hutfactory.com\/#organization","name":"Hut Factory","url":"https:\/\/hutfactory.com\/","logo":{"@type":"ImageObject","inLanguage":"de","@id":"https:\/\/hutfactory.com\/#\/schema\/logo\/image\/","url":"https:\/\/hutfactory.com\/wp-content\/uploads\/2026\/01\/Logo-hut-factory-1.webp","contentUrl":"https:\/\/hutfactory.com\/wp-content\/uploads\/2026\/01\/Logo-hut-factory-1.webp","width":300,"height":262,"caption":"Hut Factory"},"image":{"@id":"https:\/\/hutfactory.com\/#\/schema\/logo\/image\/"}}]}},"_links":{"self":[{"href":"https:\/\/hutfactory.com\/index.php?rest_route=\/wp\/v2\/product\/16664","targetHints":{"allow":["GET"]}}],"collection":[{"href":"https:\/\/hutfactory.com\/index.php?rest_route=\/wp\/v2\/product"}],"about":[{"href":"https:\/\/hutfactory.com\/index.php?rest_route=\/wp\/v2\/types\/product"}],"wp:featuredmedia":[{"embeddable":true,"href":"https:\/\/hutfactory.com\/index.php?rest_route=\/wp\/v2\/media\/16665"}],"wp:attachment":[{"href":"https:\/\/hutfactory.com\/index.php?rest_route=%2Fwp%2Fv2%2Fmedia&parent=16664"}],"wp:term":[{"taxonomy":"product_brand","embeddable":true,"href":"https:\/\/hutfactory.com\/index.php?rest_route=%2Fwp%2Fv2%2Fproduct_brand&post=16664"},{"taxonomy":"product_cat","embeddable":true,"href":"https:\/\/hutfactory.com\/index.php?rest_route=%2Fwp%2Fv2%2Fproduct_cat&post=16664"},{"taxonomy":"product_tag","embeddable":true,"href":"https:\/\/hutfactory.com\/index.php?rest_route=%2Fwp%2Fv2%2Fproduct_tag&post=16664"}],"curies":[{"name":"wp","href":"https:\/\/api.w.org\/{rel}","templated":true}]}}