{"id":16653,"date":"2026-03-10T10:09:18","date_gmt":"2026-03-10T10:09:18","guid":{"rendered":"https:\/\/hutfactory.com\/?product=strohhut-traveler-breezy-straw"},"modified":"2026-03-10T10:30:01","modified_gmt":"2026-03-10T10:30:01","slug":"strohhut-traveler-breezy-straw","status":"publish","type":"product","link":"https:\/\/hutfactory.com\/?product=strohhut-traveler-breezy-straw","title":{"rendered":"Strohhut Traveler &#8220;Breezy Straw&#8221;"},"content":{"rendered":"<h3 class=\"\" data-start=\"471\" data-end=\"511\"><strong data-start=\"475\" data-end=\"511\">Leicht &#038; luftig durch den Sommer<\/strong><\/h3>\n<p class=\"\" data-start=\"513\" data-end=\"848\">Dieser Fedora mit 9.5 cm hoher Krone und gro\u00dfz\u00fcgiger 7.5 cm breiter Krempe vereint l\u00e4ssige Eleganz mit funktionalem Sonnenschutz. Durch das offene Flechtwerk an der Krone bleibt der Kopf auch an hei\u00dfen Tagen angenehm k\u00fchl. Das strukturierte, naturbelassene Stroh und die auff\u00e4llige Garnitur verleihen dem Hut einen unverkennbaren Look.<\/p>\n<p class=\"\" data-start=\"850\" data-end=\"871\"><strong data-start=\"850\" data-end=\"871\">Perfekt f\u00fcr\u0085.. ??<\/strong><\/p>\n<p class=\"\" data-start=\"873\" data-end=\"1056\"><strong data-start=\"873\" data-end=\"900\">?? Sommerliche Anl\u00e4sse:<\/strong><br data-start=\"900\" data-end=\"903\" \/>Ideal f\u00fcr Strandspazierg\u00e4nge, Gartenfeste oder entspannte Tage in der Natur \u0096 der luftige Strohhut bietet stilvollen Schutz mit modischem Understatement.<\/p>\n<p class=\"\" data-start=\"1058\" data-end=\"1247\"><strong data-start=\"1058\" data-end=\"1090\">?? Urbane Freizeit &#038; Reisen:<\/strong><br data-start=\"1090\" data-end=\"1093\" \/>Seine Formstabilit\u00e4t und das nat\u00fcrliche Material machen ihn zum perfekten Begleiter auf Reisen oder bei Ausfl\u00fcgen \u0096 leicht zu kombinieren, immer stilvoll.<\/p>\n<p class=\"\" data-start=\"1249\" data-end=\"1447\"><strong data-start=\"1249\" data-end=\"1279\">?? Natur- und Modebewusst:<\/strong><br data-start=\"1279\" data-end=\"1282\" \/>Handgefertigt in Europa, aus nachhaltigem Naturstroh und mit einem Textilband aus hochwertigem Gewebe versehen \u0096 f\u00fcr Menschen, die auf umweltfreundliche Mode setzen.<\/p>\n<div class=\"hf-accordions\">\n<hr class=\"hf-accordion-separator\" \/>\n<details class=\"hf-accordion\">\n<summary><strong>\u25b6\ufe0f Gut zu wissen \u2013 mehr erfahren<\/strong><\/summary>\n<div class=\"hf-accordion-content\">\n<h3 class=\"\" data-start=\"1449\" data-end=\"1480\"><strong data-start=\"1453\" data-end=\"1480\">Eigenschaften &#038; Details<\/strong><\/h3>\n<p class=\"\" data-start=\"1481\" data-end=\"1943\"><strong data-start=\"1481\" data-end=\"1494\">Material:<\/strong> 100% naturbelassenes Stroh \u0096 leicht, robust und atmungsaktiv<br data-start=\"1555\" data-end=\"1558\" \/><strong data-start=\"1558\" data-end=\"1573\">Randbreite:<\/strong> 7.5 cm \u0096 exzellenter Schutz vor direkter Sonneneinstrahlung<br data-start=\"1633\" data-end=\"1636\" \/><strong data-start=\"1636\" data-end=\"1649\">Kopfh\u00f6he:<\/strong> 9.5 cm \u0096 flache Fedora-Krone mit luftigem Flechtwerk<br data-start=\"1702\" data-end=\"1705\" \/><strong data-start=\"1705\" data-end=\"1716\">Farben:<\/strong> Natur mit Textilgarnitur in Multicolor<br data-start=\"1755\" data-end=\"1758\" \/><strong data-start=\"1758\" data-end=\"1771\">Garnitur:<\/strong> Textil-Hutband mit ikonischem Risa seit 1919 Qualit\u00e4tsknopf auf Traverse<br data-start=\"1844\" data-end=\"1847\" \/><strong data-start=\"1847\" data-end=\"1864\">Schweissband:<\/strong> Sauber eingen\u00e4htes Textilinnenband f\u00fcr optimalen Komfort<br data-start=\"1921\" data-end=\"1924\" \/><strong data-start=\"1924\" data-end=\"1935\">Gr\u00f6\u00dfen:<\/strong> 54\u009662<\/p>\n<h3 class=\"\" data-start=\"1945\" data-end=\"1974\"><strong data-start=\"1949\" data-end=\"1974\">Design &#038; Verarbeitung<\/strong><\/h3>\n<p class=\"\" data-start=\"1975\" data-end=\"2269\">Das rustikale Flechtwerk verleiht dem Modell eine authentische, sommerliche Note. Die luftdurchl\u00e4ssige Krone sorgt f\u00fcr angenehmes Tragegef\u00fchl, das strukturierte Stroh reflektiert Sonnenlicht \u0096 ideal f\u00fcr sonnige Tage. Das bunt melierte Textilband mit dem Risa-Knopf rundet das Design elegant ab.<\/p>\n<h3 class=\"\" data-start=\"2271\" data-end=\"2307\"><strong data-start=\"2275\" data-end=\"2307\">Handgefertigt in der Schweiz<\/strong><\/h3>\n<p class=\"\" data-start=\"2308\" data-end=\"2501\">Wie alle Modelle aus dem Hause Risa wird auch dieser Fedora in der hauseigenen Manufaktur im Herzen Europas gefertigt \u0096 ein Statement f\u00fcr Qualit\u00e4t, Best\u00e4ndigkeit und echte Handarbeit seit 1919.<\/p>\n<h3 class=\"\" data-start=\"2503\" data-end=\"2536\"><strong data-start=\"2507\" data-end=\"2536\">Nachhaltigkeit &#038; Qualit\u00e4t<\/strong><\/h3>\n<p class=\"\" data-start=\"2537\" data-end=\"2813\"><strong data-start=\"2537\" data-end=\"2564\">Nat\u00fcrliche Materialien:<\/strong> Reines Stroh \u0096 biologisch abbaubar und umweltfreundlich<br data-start=\"2620\" data-end=\"2623\" \/><strong data-start=\"2623\" data-end=\"2650\">Handarbeit &#038; Tradition:<\/strong> Schweizer Hutmachertradition, gefertigt in kleiner St\u00fcckzahl<br data-start=\"2711\" data-end=\"2714\" \/><strong data-start=\"2714\" data-end=\"2732\">Langlebigkeit:<\/strong> Bei richtiger Pflege ist dieser Hut ein treuer Sommerbegleiter \u00fcber Jahre hinweg<\/p>\n<h3 class=\"\" data-start=\"2815\" data-end=\"2844\"><strong data-start=\"2819\" data-end=\"2844\">Herstellung &#038; Versand<\/strong><\/h3>\n<p class=\"\" data-start=\"2845\" data-end=\"3076\"><strong data-start=\"2845\" data-end=\"2874\">Fertigung auf Bestellung:<\/strong> Individuell angefertigt nach Bestelleingang<br data-start=\"2918\" data-end=\"2921\" \/><strong data-start=\"2921\" data-end=\"2942\">Herstellungszeit:<\/strong> 10\u009615 Arbeitstage nach Zahlungseingang<br data-start=\"2981\" data-end=\"2984\" \/><strong data-start=\"2984\" data-end=\"2996\">Versand:<\/strong> Nach Fertigstellung erfolgt der Versand innerhalb weniger Tage ab Lager Schweiz<\/p>\n<\/div>\n<\/details>\n<details class=\"hf-accordion\">\n<summary><strong>\u25b6\ufe0f FAQ \u2013 H\u00e4ufige Fragen<\/strong><\/summary>\n<div class=\"hf-accordion-content\">\n<h3 class=\"\" data-start=\"3078\" data-end=\"3115\"><strong data-start=\"3082\" data-end=\"3115\">FAQ \u0096 H\u00e4ufig gestellte Fragen<\/strong><\/h3>\n<p class=\"\" data-start=\"3117\" data-end=\"3243\"><strong data-start=\"3117\" data-end=\"3154\">Ist der Hut ideal f\u00fcr hei\u00dfe Tage?<\/strong><br data-start=\"3154\" data-end=\"3157\" \/>Ja \u0096 die luftige Krone sorgt f\u00fcr exzellente Bel\u00fcftung und h\u00e4lt den Kopf angenehm k\u00fchl.<\/p>\n<p class=\"\" data-start=\"3245\" data-end=\"3381\"><strong data-start=\"3245\" data-end=\"3290\">Wie wird der Hut am besten transportiert?<\/strong><br data-start=\"3290\" data-end=\"3293\" \/>Am besten in einer Hutschachtel oder locker im Handgep\u00e4ck \u0096 nicht quetschen oder rollen.<\/p>\n<p class=\"\" data-start=\"3383\" data-end=\"3490\"><strong data-start=\"3383\" data-end=\"3417\">Ist das Modell regenresistent?<\/strong><br data-start=\"3417\" data-end=\"3420\" \/>Nein \u0096 wie alle Strohh\u00fcte sollte es vor Feuchtigkeit gesch\u00fctzt werden.<\/p>\n<p class=\"\" data-start=\"3492\" data-end=\"3605\"><strong data-start=\"3492\" data-end=\"3526\">Ist der Hut gr\u00f6\u00dfenverstellbar?<\/strong><br data-start=\"3526\" data-end=\"3529\" \/>Erh\u00e4ltlich in festen Gr\u00f6\u00dfen von 54\u009662 \u0096 bitte Ma\u00df nehmen vor der Bestellung.<\/p>\n<\/div>\n<\/details>\n<\/div>\n","protected":false},"excerpt":{"rendered":"<h3 class=\"\" data-start=\"0\" data-end=\"77\"><strong data-start=\"4\" data-end=\"77\">Sommerhut mit Charakter &#038; Leichtigkeit<\/strong><\/h3>\n<p class=\"\" data-start=\"79\" data-end=\"469\">Ein Sommerhut mit nat\u00fcrlicher Ausstrahlung und markanter Form: Der <em data-start=\"180\" data-end=\"210\">Fedora Traveler Breezy Straw<\/em> begeistert mit seinem rustikal geflochtenen Strohmuster und einer luftig durchbrochenen Krone. Perfekt erg\u00e4nzt wird das Design durch ein ausdrucksstarkes Textil-Hutband mit charaktervollem Risa-Knopf \u0096 f\u00fcr alle, die Wert auf Details und Individualit\u00e4t legen.<\/p>\n<p>\u00a0<\/p>\n","protected":false},"featured_media":16654,"template":"","meta":{"_acf_changed":false,"rs_blank_template":"","rs_page_bg_color":"","slide_template_v7":""},"product_brand":[250],"product_cat":[275,612],"product_tag":[],"class_list":{"0":"post-16653","1":"product","2":"type-product","3":"status-publish","4":"has-post-thumbnail","6":"product_brand-risa-hutwerkstatt-schweiz","7":"product_cat-sommerhuete","8":"product_cat-traveler-sommerhuete","9":"product_shipping_class-mittlere-pakete","10":"pa_color-natur","11":"pa_groesse-206","12":"pa_groesse-196","13":"pa_groesse-207","14":"pa_groesse-197","15":"pa_groesse-208","16":"pa_groesse-198","17":"pa_groesse-209","18":"pa_groesse-199","19":"pa_groesse-210","20":"yith_product_brand-risa-hutwerkstatt-schweiz","23":"instock","24":"featured","25":"taxable","26":"shipping-taxable","27":"purchasable","28":"product-type-variable","29":"wvs-archive-product-wrapper","30":"add-to-wishlist-after_add_to_cart"},"acf":[],"yoast_head":"<!-- This site is optimized with the Yoast SEO Premium plugin v27.3 (Yoast SEO v27.3) - https:\/\/yoast.com\/product\/yoast-seo-premium-wordpress\/ -->\n<title>Strohhut Breezy Straw - der Sommerhut f\u00fcr stilbewusste Reisende<\/title>\n<meta name=\"description\" content=\"Mit seinem leichten und atmungsaktiven Material bietet der Strohhut Schutz vor der Sonne und verleiht Ihrem Look eine elegante Note.\" \/>\n<meta name=\"robots\" content=\"index, follow, max-snippet:-1, max-image-preview:large, max-video-preview:-1\" \/>\n<link rel=\"canonical\" href=\"https:\/\/hutfactory.com\/?product=strohhut-traveler-breezy-straw\" \/>\n<meta property=\"og:locale\" content=\"de_DE\" \/>\n<meta property=\"og:type\" content=\"article\" \/>\n<meta property=\"og:title\" content=\"Strohhut Traveler &quot;Breezy Straw&quot;\" \/>\n<meta property=\"og:description\" content=\"Mit seinem leichten und atmungsaktiven Material bietet der Strohhut Schutz vor der Sonne und verleiht Ihrem Look eine elegante Note.\" \/>\n<meta property=\"og:url\" content=\"https:\/\/hutfactory.com\/?product=strohhut-traveler-breezy-straw\" \/>\n<meta property=\"og:site_name\" content=\"Hut Factory\" \/>\n<meta property=\"article:modified_time\" content=\"2026-03-10T10:30:01+00:00\" \/>\n<meta property=\"og:image\" content=\"https:\/\/hutfactory.com\/wp-content\/uploads\/2026\/03\/42207002.1-scaled-e1668507702259-750x462.jpg\" \/>\n\t<meta property=\"og:image:width\" content=\"750\" \/>\n\t<meta property=\"og:image:height\" content=\"462\" \/>\n\t<meta property=\"og:image:type\" content=\"image\/jpeg\" \/>\n<meta name=\"twitter:card\" content=\"summary_large_image\" \/>\n<meta name=\"twitter:label1\" content=\"Gesch\u00e4tzte Lesezeit\" \/>\n\t<meta name=\"twitter:data1\" content=\"2\u00a0Minuten\" \/>\n<script type=\"application\/ld+json\" class=\"yoast-schema-graph\">{\"@context\":\"https:\\\/\\\/schema.org\",\"@graph\":[{\"@type\":\"WebPage\",\"@id\":\"https:\\\/\\\/hutfactory.com\\\/?product=strohhut-traveler-breezy-straw\",\"url\":\"https:\\\/\\\/hutfactory.com\\\/?product=strohhut-traveler-breezy-straw\",\"name\":\"Strohhut Breezy Straw - der Sommerhut f\u00fcr stilbewusste Reisende\",\"isPartOf\":{\"@id\":\"https:\\\/\\\/hutfactory.com\\\/#website\"},\"primaryImageOfPage\":{\"@id\":\"https:\\\/\\\/hutfactory.com\\\/?product=strohhut-traveler-breezy-straw#primaryimage\"},\"image\":{\"@id\":\"https:\\\/\\\/hutfactory.com\\\/?product=strohhut-traveler-breezy-straw#primaryimage\"},\"thumbnailUrl\":\"https:\\\/\\\/hutfactory.com\\\/wp-content\\\/uploads\\\/2026\\\/03\\\/42207002.1-scaled-e1668507702259.jpg\",\"datePublished\":\"2026-03-10T10:09:18+00:00\",\"dateModified\":\"2026-03-10T10:30:01+00:00\",\"description\":\"Mit seinem leichten und atmungsaktiven Material bietet der Strohhut Schutz vor der Sonne und verleiht Ihrem Look eine elegante Note.\",\"breadcrumb\":{\"@id\":\"https:\\\/\\\/hutfactory.com\\\/?product=strohhut-traveler-breezy-straw#breadcrumb\"},\"inLanguage\":\"de\",\"potentialAction\":[{\"@type\":\"ReadAction\",\"target\":[\"https:\\\/\\\/hutfactory.com\\\/?product=strohhut-traveler-breezy-straw\"]}]},{\"@type\":\"ImageObject\",\"inLanguage\":\"de\",\"@id\":\"https:\\\/\\\/hutfactory.com\\\/?product=strohhut-traveler-breezy-straw#primaryimage\",\"url\":\"https:\\\/\\\/hutfactory.com\\\/wp-content\\\/uploads\\\/2026\\\/03\\\/42207002.1-scaled-e1668507702259.jpg\",\"contentUrl\":\"https:\\\/\\\/hutfactory.com\\\/wp-content\\\/uploads\\\/2026\\\/03\\\/42207002.1-scaled-e1668507702259.jpg\",\"width\":2246,\"height\":1382,\"caption\":\"die an hei\u00dfen Sommertagen f\u00fcr Frische sorgt. Das farbenfrohe Textilband verleiht ihm einen modernen Twist.|\"},{\"@type\":\"BreadcrumbList\",\"@id\":\"https:\\\/\\\/hutfactory.com\\\/?product=strohhut-traveler-breezy-straw#breadcrumb\",\"itemListElement\":[{\"@type\":\"ListItem\",\"position\":1,\"name\":\"Start\",\"item\":\"https:\\\/\\\/hutfactory.com\\\/\"},{\"@type\":\"ListItem\",\"position\":2,\"name\":\"Shop\",\"item\":\"https:\\\/\\\/hutfactory.com\\\/?page_id=10\"},{\"@type\":\"ListItem\",\"position\":3,\"name\":\"Strohhut Traveler &#8220;Breezy Straw&#8221;\"}]},{\"@type\":\"WebSite\",\"@id\":\"https:\\\/\\\/hutfactory.com\\\/#website\",\"url\":\"https:\\\/\\\/hutfactory.com\\\/\",\"name\":\"Hut Factory\",\"description\":\"H\u00fcte, Kappen &amp; M\u00fctzen in Top Swiss\\\/EU Qualit\u00e4t\",\"publisher\":{\"@id\":\"https:\\\/\\\/hutfactory.com\\\/#organization\"},\"alternateName\":\"Hut Shop\",\"potentialAction\":[{\"@type\":\"SearchAction\",\"target\":{\"@type\":\"EntryPoint\",\"urlTemplate\":\"https:\\\/\\\/hutfactory.com\\\/?s={search_term_string}\"},\"query-input\":{\"@type\":\"PropertyValueSpecification\",\"valueRequired\":true,\"valueName\":\"search_term_string\"}}],\"inLanguage\":\"de\"},{\"@type\":\"Organization\",\"@id\":\"https:\\\/\\\/hutfactory.com\\\/#organization\",\"name\":\"Hut Factory\",\"url\":\"https:\\\/\\\/hutfactory.com\\\/\",\"logo\":{\"@type\":\"ImageObject\",\"inLanguage\":\"de\",\"@id\":\"https:\\\/\\\/hutfactory.com\\\/#\\\/schema\\\/logo\\\/image\\\/\",\"url\":\"https:\\\/\\\/hutfactory.com\\\/wp-content\\\/uploads\\\/2026\\\/01\\\/Logo-hut-factory-1.webp\",\"contentUrl\":\"https:\\\/\\\/hutfactory.com\\\/wp-content\\\/uploads\\\/2026\\\/01\\\/Logo-hut-factory-1.webp\",\"width\":300,\"height\":262,\"caption\":\"Hut Factory\"},\"image\":{\"@id\":\"https:\\\/\\\/hutfactory.com\\\/#\\\/schema\\\/logo\\\/image\\\/\"}}]}<\/script>\n<!-- \/ Yoast SEO Premium plugin. -->","yoast_head_json":{"title":"Strohhut Breezy Straw - der Sommerhut f\u00fcr stilbewusste Reisende","description":"Mit seinem leichten und atmungsaktiven Material bietet der Strohhut Schutz vor der Sonne und verleiht Ihrem Look eine elegante Note.","robots":{"index":"index","follow":"follow","max-snippet":"max-snippet:-1","max-image-preview":"max-image-preview:large","max-video-preview":"max-video-preview:-1"},"canonical":"https:\/\/hutfactory.com\/?product=strohhut-traveler-breezy-straw","og_locale":"de_DE","og_type":"article","og_title":"Strohhut Traveler \"Breezy Straw\"","og_description":"Mit seinem leichten und atmungsaktiven Material bietet der Strohhut Schutz vor der Sonne und verleiht Ihrem Look eine elegante Note.","og_url":"https:\/\/hutfactory.com\/?product=strohhut-traveler-breezy-straw","og_site_name":"Hut Factory","article_modified_time":"2026-03-10T10:30:01+00:00","og_image":[{"width":750,"height":462,"url":"https:\/\/hutfactory.com\/wp-content\/uploads\/2026\/03\/42207002.1-scaled-e1668507702259-750x462.jpg","type":"image\/jpeg"}],"twitter_card":"summary_large_image","twitter_misc":{"Gesch\u00e4tzte Lesezeit":"2\u00a0Minuten"},"schema":{"@context":"https:\/\/schema.org","@graph":[{"@type":"WebPage","@id":"https:\/\/hutfactory.com\/?product=strohhut-traveler-breezy-straw","url":"https:\/\/hutfactory.com\/?product=strohhut-traveler-breezy-straw","name":"Strohhut Breezy Straw - der Sommerhut f\u00fcr stilbewusste Reisende","isPartOf":{"@id":"https:\/\/hutfactory.com\/#website"},"primaryImageOfPage":{"@id":"https:\/\/hutfactory.com\/?product=strohhut-traveler-breezy-straw#primaryimage"},"image":{"@id":"https:\/\/hutfactory.com\/?product=strohhut-traveler-breezy-straw#primaryimage"},"thumbnailUrl":"https:\/\/hutfactory.com\/wp-content\/uploads\/2026\/03\/42207002.1-scaled-e1668507702259.jpg","datePublished":"2026-03-10T10:09:18+00:00","dateModified":"2026-03-10T10:30:01+00:00","description":"Mit seinem leichten und atmungsaktiven Material bietet der Strohhut Schutz vor der Sonne und verleiht Ihrem Look eine elegante Note.","breadcrumb":{"@id":"https:\/\/hutfactory.com\/?product=strohhut-traveler-breezy-straw#breadcrumb"},"inLanguage":"de","potentialAction":[{"@type":"ReadAction","target":["https:\/\/hutfactory.com\/?product=strohhut-traveler-breezy-straw"]}]},{"@type":"ImageObject","inLanguage":"de","@id":"https:\/\/hutfactory.com\/?product=strohhut-traveler-breezy-straw#primaryimage","url":"https:\/\/hutfactory.com\/wp-content\/uploads\/2026\/03\/42207002.1-scaled-e1668507702259.jpg","contentUrl":"https:\/\/hutfactory.com\/wp-content\/uploads\/2026\/03\/42207002.1-scaled-e1668507702259.jpg","width":2246,"height":1382,"caption":"die an hei\u00dfen Sommertagen f\u00fcr Frische sorgt. Das farbenfrohe Textilband verleiht ihm einen modernen Twist.|"},{"@type":"BreadcrumbList","@id":"https:\/\/hutfactory.com\/?product=strohhut-traveler-breezy-straw#breadcrumb","itemListElement":[{"@type":"ListItem","position":1,"name":"Start","item":"https:\/\/hutfactory.com\/"},{"@type":"ListItem","position":2,"name":"Shop","item":"https:\/\/hutfactory.com\/?page_id=10"},{"@type":"ListItem","position":3,"name":"Strohhut Traveler &#8220;Breezy Straw&#8221;"}]},{"@type":"WebSite","@id":"https:\/\/hutfactory.com\/#website","url":"https:\/\/hutfactory.com\/","name":"Hut Factory","description":"H\u00fcte, Kappen &amp; M\u00fctzen in Top Swiss\/EU Qualit\u00e4t","publisher":{"@id":"https:\/\/hutfactory.com\/#organization"},"alternateName":"Hut Shop","potentialAction":[{"@type":"SearchAction","target":{"@type":"EntryPoint","urlTemplate":"https:\/\/hutfactory.com\/?s={search_term_string}"},"query-input":{"@type":"PropertyValueSpecification","valueRequired":true,"valueName":"search_term_string"}}],"inLanguage":"de"},{"@type":"Organization","@id":"https:\/\/hutfactory.com\/#organization","name":"Hut Factory","url":"https:\/\/hutfactory.com\/","logo":{"@type":"ImageObject","inLanguage":"de","@id":"https:\/\/hutfactory.com\/#\/schema\/logo\/image\/","url":"https:\/\/hutfactory.com\/wp-content\/uploads\/2026\/01\/Logo-hut-factory-1.webp","contentUrl":"https:\/\/hutfactory.com\/wp-content\/uploads\/2026\/01\/Logo-hut-factory-1.webp","width":300,"height":262,"caption":"Hut Factory"},"image":{"@id":"https:\/\/hutfactory.com\/#\/schema\/logo\/image\/"}}]}},"_links":{"self":[{"href":"https:\/\/hutfactory.com\/index.php?rest_route=\/wp\/v2\/product\/16653","targetHints":{"allow":["GET"]}}],"collection":[{"href":"https:\/\/hutfactory.com\/index.php?rest_route=\/wp\/v2\/product"}],"about":[{"href":"https:\/\/hutfactory.com\/index.php?rest_route=\/wp\/v2\/types\/product"}],"wp:featuredmedia":[{"embeddable":true,"href":"https:\/\/hutfactory.com\/index.php?rest_route=\/wp\/v2\/media\/16654"}],"wp:attachment":[{"href":"https:\/\/hutfactory.com\/index.php?rest_route=%2Fwp%2Fv2%2Fmedia&parent=16653"}],"wp:term":[{"taxonomy":"product_brand","embeddable":true,"href":"https:\/\/hutfactory.com\/index.php?rest_route=%2Fwp%2Fv2%2Fproduct_brand&post=16653"},{"taxonomy":"product_cat","embeddable":true,"href":"https:\/\/hutfactory.com\/index.php?rest_route=%2Fwp%2Fv2%2Fproduct_cat&post=16653"},{"taxonomy":"product_tag","embeddable":true,"href":"https:\/\/hutfactory.com\/index.php?rest_route=%2Fwp%2Fv2%2Fproduct_tag&post=16653"}],"curies":[{"name":"wp","href":"https:\/\/api.w.org\/{rel}","templated":true}]}}