{"id":16644,"date":"2026-03-10T10:08:20","date_gmt":"2026-03-10T10:08:20","guid":{"rendered":"https:\/\/hutfactory.com\/?product=strohhut-player-marine-feelings"},"modified":"2026-03-10T10:30:01","modified_gmt":"2026-03-10T10:30:01","slug":"strohhut-player-marine-feelings","status":"publish","type":"product","link":"https:\/\/hutfactory.com\/?product=strohhut-player-marine-feelings","title":{"rendered":"Strohhut Player Marine-Feelings"},"content":{"rendered":"<h3 class=\"ai-optimize-10\" data-start=\"442\" data-end=\"502\">Ein Hut mit maritimer Seele<\/h3>\n<p class=\"ai-optimize-11\" data-start=\"504\" data-end=\"901\">Der sommerliche Materialmix aus Weizenstroh, Seide und Schurwolle verleiht diesem Modell eine einzigartige Struktur mit angenehmer Leichtigkeit. Die marinefarbene Oberkrone wird von einem naturfarbenen Strohrand kontrastiert \u0096 ein visuelles Statement mit Understatement. Das Rebsband samt Kordeldetail und dem legend\u00e4ren <em data-start=\"825\" data-end=\"841\">Risa seit 1919<\/em> Knopf komplettiert das maritime Design auf stilvolle Weise.<\/p>\n<p class=\"ai-optimize-12\" data-start=\"903\" data-end=\"924\"><strong data-start=\"903\" data-end=\"924\">Perfekt f\u00fcr\u0085.. ??<\/strong><\/p>\n<p class=\"ai-optimize-13\" data-start=\"926\" data-end=\"1067\"><strong data-start=\"926\" data-end=\"953\">?? Sommerliche Anl\u00e4sse:<\/strong><br data-start=\"953\" data-end=\"956\" \/>Ob Promenade, Bootsausflug oder Wochenendmarkt \u0096 dieser Hut verleiht jedem Outfit eine frische, stilvolle Note.<\/p>\n<p class=\"ai-optimize-14\" data-start=\"1069\" data-end=\"1225\"><strong data-start=\"1069\" data-end=\"1090\">?? Urbane Events:<\/strong><br data-start=\"1090\" data-end=\"1093\" \/>Kombinieren Sie ihn zu Leinenhemd, Chinos oder luftigen Sommeranz\u00fcgen \u0096 ideal f\u00fcr Rooftop-Partys oder After-Work Drinks in der City.<\/p>\n<p class=\"ai-optimize-15\" data-start=\"1227\" data-end=\"1398\"><strong data-start=\"1227\" data-end=\"1257\">?? Natur- und Modebewusst:<\/strong><br data-start=\"1257\" data-end=\"1260\" \/>Der Materialmix mit hohem Anteil an Naturfasern und die Herstellung in Europa garantieren Nachhaltigkeit, Qualit\u00e4t und ein gutes Gewissen.<\/p>\n<div class=\"hf-accordions\">\n<hr class=\"hf-accordion-separator\" \/>\n<details class=\"hf-accordion\">\n<summary><strong>\u25b6\ufe0f Gut zu wissen \u2013 mehr erfahren<\/strong><\/summary>\n<div class=\"hf-accordion-content\">\n<h3 class=\"\" data-start=\"1400\" data-end=\"1432\"><strong data-start=\"1404\" data-end=\"1432\">Eigenschaften &#038; Details:<\/strong><\/h3>\n<ul data-start=\"1433\" data-end=\"1935\">\n<li class=\"\" data-start=\"1433\" data-end=\"1540\">\n<p class=\"\" data-start=\"1435\" data-end=\"1540\"><strong data-start=\"1435\" data-end=\"1448\">Material:<\/strong> 50% Weizenstroh \/ 25% Seide \/ 25% Schurwolle \u0096 leicht, atmungsaktiv und edel strukturiert<\/p>\n<\/li>\n<li class=\"\" data-start=\"1541\" data-end=\"1624\">\n<p class=\"\" data-start=\"1543\" data-end=\"1624\"><strong data-start=\"1543\" data-end=\"1558\">Randbreite:<\/strong> 4.0 cm \u0096 schmal und modisch hochgezogen, ideal f\u00fcr urbane Looks<\/p>\n<\/li>\n<li class=\"\" data-start=\"1625\" data-end=\"1694\">\n<p class=\"\" data-start=\"1627\" data-end=\"1694\"><strong data-start=\"1627\" data-end=\"1640\">Kopfh\u00f6he:<\/strong> 10.5 cm \u0096 klassische Playerform mit markanter Linie<\/p>\n<\/li>\n<li class=\"\" data-start=\"1695\" data-end=\"1759\">\n<p class=\"\" data-start=\"1697\" data-end=\"1759\"><strong data-start=\"1697\" data-end=\"1708\">Farben:<\/strong> Marine\/Natur \u0096 eleganter Kontrast f\u00fcr den Sommer<\/p>\n<\/li>\n<li class=\"\" data-start=\"1760\" data-end=\"1845\">\n<p class=\"\" data-start=\"1762\" data-end=\"1845\"><strong data-start=\"1762\" data-end=\"1775\">Garnitur:<\/strong> Schwarzes Rebsband mit naturfarbener Kordel und Risa Qualit\u00e4tsknopf<\/p>\n<\/li>\n<li class=\"\" data-start=\"1846\" data-end=\"1915\">\n<p class=\"\" data-start=\"1848\" data-end=\"1915\"><strong data-start=\"1848\" data-end=\"1864\">Schwei\u00dfband:<\/strong> Textilband f\u00fcr angenehmes, trockenes Tragegef\u00fchl<\/p>\n<\/li>\n<li class=\"\" data-start=\"1916\" data-end=\"1935\">\n<p class=\"\" data-start=\"1918\" data-end=\"1935\"><strong data-start=\"1918\" data-end=\"1929\">Gr\u00f6\u00dfen:<\/strong> 54\u009662<\/p>\n<\/li>\n<\/ul>\n<h3 class=\"\" data-start=\"1937\" data-end=\"1966\"><strong data-start=\"1941\" data-end=\"1966\">Design &#038; Verarbeitung<\/strong><\/h3>\n<p class=\"\" data-start=\"1967\" data-end=\"2222\">Die strukturierte Krone aus feiner Woll-Seidenmischung mit dezentem Streifenmuster steht in spannendem Kontrast zum nat\u00fcrlichen Strohrand. Das dezente Kordeldetail bringt eine sportlich-elegante Note ins Spiel \u0096 typisch Risa: zeitlos, aber nie langweilig.<\/p>\n<h3 class=\"\" data-start=\"2224\" data-end=\"2260\"><strong data-start=\"2228\" data-end=\"2260\">Handgefertigt in der Schweiz<\/strong><\/h3>\n<p class=\"\" data-start=\"2261\" data-end=\"2549\">In der traditionsreichen Risa Hutwerkstatt in der Schweiz entwickelt und mit h\u00f6chster Sorgfalt in Europa gefertigt \u0096 dieser Hut vereint Design, Handwerk und Werte. Kurze Lieferwege, faire Arbeitsbedingungen und eine Fertigung auf Bestellung garantieren Exklusivit\u00e4t und Umweltbewusstsein.<\/p>\n<h3 class=\"\" data-start=\"2551\" data-end=\"2584\"><strong data-start=\"2555\" data-end=\"2584\">Nachhaltigkeit &#038; Qualit\u00e4t<\/strong><\/h3>\n<ul data-start=\"2585\" data-end=\"2883\">\n<li class=\"\" data-start=\"2585\" data-end=\"2686\">\n<p class=\"\" data-start=\"2587\" data-end=\"2686\"><strong data-start=\"2587\" data-end=\"2614\">Nat\u00fcrliche Materialien:<\/strong> Weizenstroh, Seide und Schurwolle \u0096 atmungsaktiv und umweltfreundlich<\/p>\n<\/li>\n<li class=\"\" data-start=\"2687\" data-end=\"2785\">\n<p class=\"\" data-start=\"2689\" data-end=\"2785\"><strong data-start=\"2689\" data-end=\"2716\">Handarbeit &#038; Tradition:<\/strong> Jeder Hut ist ein Unikat, gefertigt mit Pr\u00e4zision und Leidenschaft<\/p>\n<\/li>\n<li class=\"\" data-start=\"2786\" data-end=\"2883\">\n<p class=\"\" data-start=\"2788\" data-end=\"2883\"><strong data-start=\"2788\" data-end=\"2806\">Langlebigkeit:<\/strong> Ein verl\u00e4sslicher Begleiter bei richtiger Pflege \u00fcber viele Saisons hinweg<\/p>\n<\/li>\n<\/ul>\n<h3 class=\"\" data-start=\"2885\" data-end=\"2914\"><strong data-start=\"2889\" data-end=\"2914\">Herstellung &#038; Versand<\/strong><\/h3>\n<ul data-start=\"2915\" data-end=\"3306\">\n<li class=\"\" data-start=\"2915\" data-end=\"2980\">\n<p class=\"\" data-start=\"2917\" data-end=\"2980\"><strong data-start=\"2917\" data-end=\"2946\">Fertigung auf Bestellung:<\/strong> Ma\u00dfgefertigt nach Ihrem Auftrag<\/p>\n<\/li>\n<li class=\"\" data-start=\"2981\" data-end=\"3049\">\n<p class=\"\" data-start=\"2983\" data-end=\"3049\"><strong data-start=\"2983\" data-end=\"3004\">Herstellungszeit:<\/strong> 10 bis 15 Arbeitstage nach Zahlungseingang<\/p>\n<\/li>\n<li class=\"\" data-start=\"3050\" data-end=\"3126\">\n<p class=\"\" data-start=\"3052\" data-end=\"3126\"><strong data-start=\"3052\" data-end=\"3064\">Versand:<\/strong> Nach Fertigstellung innerhalb weniger Tage ab Lager Schweiz<\/p>\n<\/li>\n<li class=\"\" data-start=\"3127\" data-end=\"3192\">\n<p class=\"\" data-start=\"3129\" data-end=\"3192\"><strong data-start=\"3129\" data-end=\"3142\">Garantie:<\/strong> Umtausch bei Material- oder Herstellungsfehlern<\/p>\n<\/li>\n<li class=\"\" data-start=\"3193\" data-end=\"3246\">\n<p class=\"\" data-start=\"3195\" data-end=\"3246\"><strong data-start=\"3195\" data-end=\"3207\">Hinweis:<\/strong> Keine R\u00fcckgabe, da Sonderanfertigung<\/p>\n<\/li>\n<li class=\"\" data-start=\"3247\" data-end=\"3306\">\n<p class=\"\" data-start=\"3249\" data-end=\"3306\"><strong data-start=\"3249\" data-end=\"3267\">Verf\u00fcgbarkeit:<\/strong> Abverkauf des Rohmaterials vorbehalten<\/p>\n<\/li>\n<\/ul>\n<\/div>\n<\/details>\n<details class=\"hf-accordion\">\n<summary><strong>\u25b6\ufe0f FAQ \u2013 H\u00e4ufige Fragen<\/strong><\/summary>\n<div class=\"hf-accordion-content\">\n<h3 class=\"\" data-start=\"3308\" data-end=\"3336\"><strong data-start=\"3312\" data-end=\"3336\">FAQ \u0096 H\u00e4ufige Fragen<\/strong><\/h3>\n<p class=\"\" data-start=\"3338\" data-end=\"3469\"><strong data-start=\"3338\" data-end=\"3387\">Ist dieser Hut f\u00fcr hei\u00dfe Sommertage geeignet?<\/strong><br data-start=\"3387\" data-end=\"3390\" \/>Ja, das Stroh sorgt f\u00fcr Bel\u00fcftung, die Stoffkrone ist leicht und angenehm k\u00fchl.<\/p>\n<p class=\"\" data-start=\"3471\" data-end=\"3584\"><strong data-start=\"3471\" data-end=\"3496\">Ist er reisetauglich?<\/strong><br data-start=\"3496\" data-end=\"3499\" \/>Der Hut ist nicht faltbar, aber leicht und kompakt f\u00fcr den Transport in einer Hutbox.<\/p>\n<p class=\"\" data-start=\"3586\" data-end=\"3710\"><strong data-start=\"3586\" data-end=\"3639\">Gibt es diesen Hut auch mit anderem Garniturband?<\/strong><br data-start=\"3639\" data-end=\"3642\" \/>Zurzeit ist dieses Modell exklusiv mit Rebsband &#038; Kordel erh\u00e4ltlich.<\/p>\n<p class=\"\" data-start=\"3712\" data-end=\"3853\"><strong data-start=\"3712\" data-end=\"3763\">Kann ich die Gr\u00f6\u00dfe individuell anpassen lassen?<\/strong><br data-start=\"3763\" data-end=\"3766\" \/>Wir bieten Gr\u00f6\u00dfen von 54\u009662, eine genaue Anpassung empfehlen wir vorab durch Ausmessen.<\/p>\n<\/div>\n<\/details>\n<\/div>\n","protected":false},"excerpt":{"rendered":"<h3 class=\"\" data-start=\"0\" data-end=\"80\"><strong data-start=\"4\" data-end=\"80\">Maritimer Look mit urbaner Raffinesse<\/strong><\/h3>\n<p class=\"\" data-start=\"82\" data-end=\"440\">Dieser Player-Hut bringt eine frische Meeresbrise in Ihre Garderobe: Der \u0084marine-feelings\u0093 kombiniert mediterrane Leichtigkeit mit einem maskulin-eleganten Stilgef\u00fchl. Die charakteristische Form mit niedriger Krone und schmalem, hochgezogenem Rand verleiht dem Modell seine moderne Silhouette \u0096 ideal f\u00fcr Liebhaber urbaner Sommerlooks mit raffiniertem Twist.<\/p>\n","protected":false},"featured_media":16645,"template":"","meta":{"_acf_changed":false,"rs_blank_template":"","rs_page_bg_color":"","slide_template_v7":""},"product_brand":[250],"product_cat":[606,275],"product_tag":[],"class_list":{"0":"post-16644","1":"product","2":"type-product","3":"status-publish","4":"has-post-thumbnail","6":"product_brand-risa-hutwerkstatt-schweiz","7":"product_cat-player-sommerhuete","8":"product_cat-sommerhuete","9":"product_shipping_class-mittlere-pakete","10":"pa_color-marine","11":"pa_groesse-206","12":"pa_groesse-196","13":"pa_groesse-207","14":"pa_groesse-197","15":"pa_groesse-208","16":"pa_groesse-198","17":"pa_groesse-209","18":"pa_groesse-199","19":"pa_groesse-210","20":"yith_product_brand-risa-hutwerkstatt-schweiz","23":"instock","24":"featured","25":"taxable","26":"shipping-taxable","27":"purchasable","28":"product-type-variable","29":"wvs-archive-product-wrapper","30":"add-to-wishlist-after_add_to_cart"},"acf":[],"yoast_head":"<!-- This site is optimized with the Yoast SEO Premium plugin v27.3 (Yoast SEO v27.3) - https:\/\/yoast.com\/product\/yoast-seo-premium-wordpress\/ -->\n<title>Strohhut Player &quot;Marine Feelings&quot; aus Stoff und Weizenstroh<\/title>\n<meta name=\"description\" content=\"Entdecken Sie den PLAYER - ein marineblauer Stoff mit einer nat\u00fcrlichen Weizenstroh-Krempe und einem Hutband aus blauem Rebs mit beiger Kordel.\" \/>\n<meta name=\"robots\" content=\"index, follow, max-snippet:-1, max-image-preview:large, max-video-preview:-1\" \/>\n<link rel=\"canonical\" href=\"https:\/\/hutfactory.com\/?product=strohhut-player-marine-feelings\" \/>\n<meta property=\"og:locale\" content=\"de_DE\" \/>\n<meta property=\"og:type\" content=\"article\" \/>\n<meta property=\"og:title\" content=\"Strohhut Player Marine-Feelings\" \/>\n<meta property=\"og:description\" content=\"Entdecken Sie den PLAYER - ein marineblauer Stoff mit einer nat\u00fcrlichen Weizenstroh-Krempe und einem Hutband aus blauem Rebs mit beiger Kordel.\" \/>\n<meta property=\"og:url\" content=\"https:\/\/hutfactory.com\/?product=strohhut-player-marine-feelings\" \/>\n<meta property=\"og:site_name\" content=\"Hut Factory\" \/>\n<meta property=\"article:modified_time\" content=\"2026-03-10T10:30:01+00:00\" \/>\n<meta property=\"og:image\" content=\"https:\/\/hutfactory.com\/wp-content\/uploads\/2026\/03\/10406040-scaled-e1668517963496-1.webp\" \/>\n\t<meta property=\"og:image:width\" content=\"750\" \/>\n\t<meta property=\"og:image:height\" content=\"750\" \/>\n\t<meta property=\"og:image:type\" content=\"image\/webp\" \/>\n<meta name=\"twitter:card\" content=\"summary_large_image\" \/>\n<meta name=\"twitter:label1\" content=\"Gesch\u00e4tzte Lesezeit\" \/>\n\t<meta name=\"twitter:data1\" content=\"2\u00a0Minuten\" \/>\n<script type=\"application\/ld+json\" class=\"yoast-schema-graph\">{\"@context\":\"https:\\\/\\\/schema.org\",\"@graph\":[{\"@type\":\"WebPage\",\"@id\":\"https:\\\/\\\/hutfactory.com\\\/?product=strohhut-player-marine-feelings\",\"url\":\"https:\\\/\\\/hutfactory.com\\\/?product=strohhut-player-marine-feelings\",\"name\":\"Strohhut Player \\\"Marine Feelings\\\" aus Stoff und Weizenstroh\",\"isPartOf\":{\"@id\":\"https:\\\/\\\/hutfactory.com\\\/#website\"},\"primaryImageOfPage\":{\"@id\":\"https:\\\/\\\/hutfactory.com\\\/?product=strohhut-player-marine-feelings#primaryimage\"},\"image\":{\"@id\":\"https:\\\/\\\/hutfactory.com\\\/?product=strohhut-player-marine-feelings#primaryimage\"},\"thumbnailUrl\":\"https:\\\/\\\/hutfactory.com\\\/wp-content\\\/uploads\\\/2026\\\/03\\\/10406040-scaled-e1668517963496-1.webp\",\"datePublished\":\"2026-03-10T10:08:20+00:00\",\"dateModified\":\"2026-03-10T10:30:01+00:00\",\"description\":\"Entdecken Sie den PLAYER - ein marineblauer Stoff mit einer nat\u00fcrlichen Weizenstroh-Krempe und einem Hutband aus blauem Rebs mit beiger Kordel.\",\"breadcrumb\":{\"@id\":\"https:\\\/\\\/hutfactory.com\\\/?product=strohhut-player-marine-feelings#breadcrumb\"},\"inLanguage\":\"de\",\"potentialAction\":[{\"@type\":\"ReadAction\",\"target\":[\"https:\\\/\\\/hutfactory.com\\\/?product=strohhut-player-marine-feelings\"]}]},{\"@type\":\"ImageObject\",\"inLanguage\":\"de\",\"@id\":\"https:\\\/\\\/hutfactory.com\\\/?product=strohhut-player-marine-feelings#primaryimage\",\"url\":\"https:\\\/\\\/hutfactory.com\\\/wp-content\\\/uploads\\\/2026\\\/03\\\/10406040-scaled-e1668517963496-1.webp\",\"contentUrl\":\"https:\\\/\\\/hutfactory.com\\\/wp-content\\\/uploads\\\/2026\\\/03\\\/10406040-scaled-e1668517963496-1.webp\",\"width\":750,\"height\":750,\"caption\":\"Kordel und Qualit\u00e4tsknopf \u0096 von Risa Hutmanufaktur.|Luftiger Sommerhut in Marine\\\/Natur mit Rebsband\"},{\"@type\":\"BreadcrumbList\",\"@id\":\"https:\\\/\\\/hutfactory.com\\\/?product=strohhut-player-marine-feelings#breadcrumb\",\"itemListElement\":[{\"@type\":\"ListItem\",\"position\":1,\"name\":\"Start\",\"item\":\"https:\\\/\\\/hutfactory.com\\\/\"},{\"@type\":\"ListItem\",\"position\":2,\"name\":\"Shop\",\"item\":\"https:\\\/\\\/hutfactory.com\\\/?page_id=10\"},{\"@type\":\"ListItem\",\"position\":3,\"name\":\"Strohhut Player Marine-Feelings\"}]},{\"@type\":\"WebSite\",\"@id\":\"https:\\\/\\\/hutfactory.com\\\/#website\",\"url\":\"https:\\\/\\\/hutfactory.com\\\/\",\"name\":\"Hut Factory\",\"description\":\"H\u00fcte, Kappen &amp; M\u00fctzen in Top Swiss\\\/EU Qualit\u00e4t\",\"publisher\":{\"@id\":\"https:\\\/\\\/hutfactory.com\\\/#organization\"},\"alternateName\":\"Hut Shop\",\"potentialAction\":[{\"@type\":\"SearchAction\",\"target\":{\"@type\":\"EntryPoint\",\"urlTemplate\":\"https:\\\/\\\/hutfactory.com\\\/?s={search_term_string}\"},\"query-input\":{\"@type\":\"PropertyValueSpecification\",\"valueRequired\":true,\"valueName\":\"search_term_string\"}}],\"inLanguage\":\"de\"},{\"@type\":\"Organization\",\"@id\":\"https:\\\/\\\/hutfactory.com\\\/#organization\",\"name\":\"Hut Factory\",\"url\":\"https:\\\/\\\/hutfactory.com\\\/\",\"logo\":{\"@type\":\"ImageObject\",\"inLanguage\":\"de\",\"@id\":\"https:\\\/\\\/hutfactory.com\\\/#\\\/schema\\\/logo\\\/image\\\/\",\"url\":\"https:\\\/\\\/hutfactory.com\\\/wp-content\\\/uploads\\\/2026\\\/01\\\/Logo-hut-factory-1.webp\",\"contentUrl\":\"https:\\\/\\\/hutfactory.com\\\/wp-content\\\/uploads\\\/2026\\\/01\\\/Logo-hut-factory-1.webp\",\"width\":300,\"height\":262,\"caption\":\"Hut Factory\"},\"image\":{\"@id\":\"https:\\\/\\\/hutfactory.com\\\/#\\\/schema\\\/logo\\\/image\\\/\"}}]}<\/script>\n<!-- \/ Yoast SEO Premium plugin. -->","yoast_head_json":{"title":"Strohhut Player \"Marine Feelings\" aus Stoff und Weizenstroh","description":"Entdecken Sie den PLAYER - ein marineblauer Stoff mit einer nat\u00fcrlichen Weizenstroh-Krempe und einem Hutband aus blauem Rebs mit beiger Kordel.","robots":{"index":"index","follow":"follow","max-snippet":"max-snippet:-1","max-image-preview":"max-image-preview:large","max-video-preview":"max-video-preview:-1"},"canonical":"https:\/\/hutfactory.com\/?product=strohhut-player-marine-feelings","og_locale":"de_DE","og_type":"article","og_title":"Strohhut Player Marine-Feelings","og_description":"Entdecken Sie den PLAYER - ein marineblauer Stoff mit einer nat\u00fcrlichen Weizenstroh-Krempe und einem Hutband aus blauem Rebs mit beiger Kordel.","og_url":"https:\/\/hutfactory.com\/?product=strohhut-player-marine-feelings","og_site_name":"Hut Factory","article_modified_time":"2026-03-10T10:30:01+00:00","og_image":[{"width":750,"height":750,"url":"https:\/\/hutfactory.com\/wp-content\/uploads\/2026\/03\/10406040-scaled-e1668517963496-1.webp","type":"image\/webp"}],"twitter_card":"summary_large_image","twitter_misc":{"Gesch\u00e4tzte Lesezeit":"2\u00a0Minuten"},"schema":{"@context":"https:\/\/schema.org","@graph":[{"@type":"WebPage","@id":"https:\/\/hutfactory.com\/?product=strohhut-player-marine-feelings","url":"https:\/\/hutfactory.com\/?product=strohhut-player-marine-feelings","name":"Strohhut Player \"Marine Feelings\" aus Stoff und Weizenstroh","isPartOf":{"@id":"https:\/\/hutfactory.com\/#website"},"primaryImageOfPage":{"@id":"https:\/\/hutfactory.com\/?product=strohhut-player-marine-feelings#primaryimage"},"image":{"@id":"https:\/\/hutfactory.com\/?product=strohhut-player-marine-feelings#primaryimage"},"thumbnailUrl":"https:\/\/hutfactory.com\/wp-content\/uploads\/2026\/03\/10406040-scaled-e1668517963496-1.webp","datePublished":"2026-03-10T10:08:20+00:00","dateModified":"2026-03-10T10:30:01+00:00","description":"Entdecken Sie den PLAYER - ein marineblauer Stoff mit einer nat\u00fcrlichen Weizenstroh-Krempe und einem Hutband aus blauem Rebs mit beiger Kordel.","breadcrumb":{"@id":"https:\/\/hutfactory.com\/?product=strohhut-player-marine-feelings#breadcrumb"},"inLanguage":"de","potentialAction":[{"@type":"ReadAction","target":["https:\/\/hutfactory.com\/?product=strohhut-player-marine-feelings"]}]},{"@type":"ImageObject","inLanguage":"de","@id":"https:\/\/hutfactory.com\/?product=strohhut-player-marine-feelings#primaryimage","url":"https:\/\/hutfactory.com\/wp-content\/uploads\/2026\/03\/10406040-scaled-e1668517963496-1.webp","contentUrl":"https:\/\/hutfactory.com\/wp-content\/uploads\/2026\/03\/10406040-scaled-e1668517963496-1.webp","width":750,"height":750,"caption":"Kordel und Qualit\u00e4tsknopf \u0096 von Risa Hutmanufaktur.|Luftiger Sommerhut in Marine\/Natur mit Rebsband"},{"@type":"BreadcrumbList","@id":"https:\/\/hutfactory.com\/?product=strohhut-player-marine-feelings#breadcrumb","itemListElement":[{"@type":"ListItem","position":1,"name":"Start","item":"https:\/\/hutfactory.com\/"},{"@type":"ListItem","position":2,"name":"Shop","item":"https:\/\/hutfactory.com\/?page_id=10"},{"@type":"ListItem","position":3,"name":"Strohhut Player Marine-Feelings"}]},{"@type":"WebSite","@id":"https:\/\/hutfactory.com\/#website","url":"https:\/\/hutfactory.com\/","name":"Hut Factory","description":"H\u00fcte, Kappen &amp; M\u00fctzen in Top Swiss\/EU Qualit\u00e4t","publisher":{"@id":"https:\/\/hutfactory.com\/#organization"},"alternateName":"Hut Shop","potentialAction":[{"@type":"SearchAction","target":{"@type":"EntryPoint","urlTemplate":"https:\/\/hutfactory.com\/?s={search_term_string}"},"query-input":{"@type":"PropertyValueSpecification","valueRequired":true,"valueName":"search_term_string"}}],"inLanguage":"de"},{"@type":"Organization","@id":"https:\/\/hutfactory.com\/#organization","name":"Hut Factory","url":"https:\/\/hutfactory.com\/","logo":{"@type":"ImageObject","inLanguage":"de","@id":"https:\/\/hutfactory.com\/#\/schema\/logo\/image\/","url":"https:\/\/hutfactory.com\/wp-content\/uploads\/2026\/01\/Logo-hut-factory-1.webp","contentUrl":"https:\/\/hutfactory.com\/wp-content\/uploads\/2026\/01\/Logo-hut-factory-1.webp","width":300,"height":262,"caption":"Hut Factory"},"image":{"@id":"https:\/\/hutfactory.com\/#\/schema\/logo\/image\/"}}]}},"_links":{"self":[{"href":"https:\/\/hutfactory.com\/index.php?rest_route=\/wp\/v2\/product\/16644","targetHints":{"allow":["GET"]}}],"collection":[{"href":"https:\/\/hutfactory.com\/index.php?rest_route=\/wp\/v2\/product"}],"about":[{"href":"https:\/\/hutfactory.com\/index.php?rest_route=\/wp\/v2\/types\/product"}],"wp:featuredmedia":[{"embeddable":true,"href":"https:\/\/hutfactory.com\/index.php?rest_route=\/wp\/v2\/media\/16645"}],"wp:attachment":[{"href":"https:\/\/hutfactory.com\/index.php?rest_route=%2Fwp%2Fv2%2Fmedia&parent=16644"}],"wp:term":[{"taxonomy":"product_brand","embeddable":true,"href":"https:\/\/hutfactory.com\/index.php?rest_route=%2Fwp%2Fv2%2Fproduct_brand&post=16644"},{"taxonomy":"product_cat","embeddable":true,"href":"https:\/\/hutfactory.com\/index.php?rest_route=%2Fwp%2Fv2%2Fproduct_cat&post=16644"},{"taxonomy":"product_tag","embeddable":true,"href":"https:\/\/hutfactory.com\/index.php?rest_route=%2Fwp%2Fv2%2Fproduct_tag&post=16644"}],"curies":[{"name":"wp","href":"https:\/\/api.w.org\/{rel}","templated":true}]}}