{"id":16632,"date":"2026-03-10T10:08:20","date_gmt":"2026-03-10T10:08:20","guid":{"rendered":"https:\/\/hutfactory.com\/?product=damen-sommerhut-cloche-large-gold"},"modified":"2026-03-10T10:30:01","modified_gmt":"2026-03-10T10:30:01","slug":"damen-sommerhut-cloche-large-gold","status":"publish","type":"product","link":"https:\/\/hutfactory.com\/?product=damen-sommerhut-cloche-large-gold","title":{"rendered":"Damen Sommerhut Cloche Large &#8220;GOLD&#8221;"},"content":{"rendered":"<h3 class=\"\" data-start=\"0\" data-end=\"69\"><strong>Der Glamour-Hut f\u00fcr strahlende Auftritte<\/strong><\/h3>\n<p class=\"\" data-start=\"71\" data-end=\"671\">Wenn Raffinesse auf Funktionalit\u00e4t trifft, entsteht ein wahres Sommer-Statement wie der <strong data-start=\"159\" data-end=\"198\">Damen Sommerhut Cloche Large &#8220;GOLD&#8221;<\/strong>. Mit seiner gro\u00dfz\u00fcgigen Randbreite von 10 cm bietet dieser Hut nicht nur exzellenten Schutz vor der Sonne, sondern verleiht jedem Outfit eine luxuri\u00f6se Ausstrahlung. Die goldbraune Raffia-Struktur schimmert edel im Sonnenlicht \u0096 ein elegantes Spiel aus Licht und Textur. Die leicht ausgestellte Krempe, kombiniert mit der harmonisch gerundeten Krone (10.5 cm), ergibt eine zeitlose Silhouette, die durch den seitlich gesetzten 1919-Qualit\u00e4tsknopf stilvoll veredelt wird.<\/p>\n<p class=\"\" data-start=\"673\" data-end=\"693\"><strong data-start=\"673\" data-end=\"691\">Perfekt f\u00fcr\u0085??<\/strong><\/p>\n<p class=\"\" data-start=\"695\" data-end=\"890\"><strong data-start=\"695\" data-end=\"722\">?? Sommerliche Anl\u00e4sse:<\/strong> Ob Strandpromenade, Stadtbummel oder Picknick im Gr\u00fcnen \u0096 dieser Hut sch\u00fctzt Gesicht und Nacken mit seiner breiten Krempe und setzt zugleich ein modisches Statement.<\/p>\n<p class=\"\" data-start=\"892\" data-end=\"1049\"><strong data-start=\"892\" data-end=\"915\">?? Elegante Events:<\/strong> Sein schimmerndes Finish und die klare Form machen ihn zur idealen Wahl f\u00fcr Hochzeiten im Freien, Gartenpartys oder Sommerempf\u00e4nge.<\/p>\n<p class=\"\" data-start=\"1051\" data-end=\"1192\"><strong data-start=\"1051\" data-end=\"1081\">?? Natur- und Modebewusst:<\/strong> Die Kombination aus nachhaltigem Raffia und hochwertiger Fertigung in Europa steht f\u00fcr Stil mit Verantwortung.<\/p>\n<div class=\"hf-accordions\">\n<hr class=\"hf-accordion-separator\" \/>\n<details class=\"hf-accordion\">\n<summary><strong>\u25b6\ufe0f Gut zu wissen \u2013 mehr erfahren<\/strong><\/summary>\n<div class=\"hf-accordion-content\">\n<h3 class=\"\" data-start=\"2056\" data-end=\"2085\">Eigenschaften &#038; Details<\/h3>\n<ul data-start=\"2087\" data-end=\"2646\">\n<li class=\"\" data-start=\"2087\" data-end=\"2173\">\n<p class=\"\" data-start=\"2089\" data-end=\"2173\"><strong data-start=\"2089\" data-end=\"2102\">Material:<\/strong> 50% Raffia \/ 25% PL \/ 25% PA \u0096 luftdurchl\u00e4ssig, leicht und glanzvoll<\/p>\n<\/li>\n<li class=\"\" data-start=\"2174\" data-end=\"2262\">\n<p class=\"\" data-start=\"2176\" data-end=\"2262\"><strong data-start=\"2176\" data-end=\"2191\">Randbreite:<\/strong> 10.0 cm \u0096 extrabreit f\u00fcr optimalen Sonnenschutz und modische Wirkung<\/p>\n<\/li>\n<li class=\"\" data-start=\"2263\" data-end=\"2335\">\n<p class=\"\" data-start=\"2265\" data-end=\"2335\"><strong data-start=\"2265\" data-end=\"2278\">Kopfh\u00f6he:<\/strong> 10.5 cm \u0096 weich gerundete Krone mit femininer Anmutung<\/p>\n<\/li>\n<li class=\"\" data-start=\"2336\" data-end=\"2397\">\n<p class=\"\" data-start=\"2338\" data-end=\"2397\"><strong data-start=\"2338\" data-end=\"2349\">Farben:<\/strong> Goldbraun \u0096 sommerlich, warm und schmeichelnd<\/p>\n<\/li>\n<li class=\"\" data-start=\"2398\" data-end=\"2496\">\n<p class=\"\" data-start=\"2400\" data-end=\"2496\"><strong data-start=\"2400\" data-end=\"2413\">Garnitur:<\/strong> Schwarzer 1919-Qualit\u00e4tsknopf seitlich \u0096 dezente Signatur der Schweizer Hutkunst<\/p>\n<\/li>\n<li class=\"\" data-start=\"2497\" data-end=\"2580\">\n<p class=\"\" data-start=\"2499\" data-end=\"2580\"><strong data-start=\"2499\" data-end=\"2515\">Schwei\u00dfband:<\/strong> Textiles Innenband \u0096 f\u00fcr optimalen Tragekomfort auch bei Hitze<\/p>\n<\/li>\n<li class=\"\" data-start=\"2581\" data-end=\"2646\">\n<p class=\"\" data-start=\"2583\" data-end=\"2646\"><strong data-start=\"2583\" data-end=\"2594\">Gr\u00f6\u00dfen:<\/strong> 54\u009662 \u0096 f\u00fcr unterschiedlichste Kopfformen passend<\/p>\n<\/li>\n<\/ul>\n<h3 class=\"\" data-start=\"2648\" data-end=\"2675\">Design &#038; Verarbeitung<\/h3>\n<p class=\"\" data-start=\"2677\" data-end=\"3075\">Die Cloche Large &#8220;GOLD&#8221; zeichnet sich durch ein au\u00dfergew\u00f6hnlich breites, leicht abfallendes Krempendesign aus \u0096 ideal f\u00fcr stilbewusste Tr\u00e4gerinnen mit Anspruch an Funktionalit\u00e4t. Der feine Glanz des Materials, in gleichm\u00e4\u00dfiger Spiralstruktur geflochten, verleiht dem Hut Tiefe und Raffinesse. Jede Naht, jeder \u00dcbergang ist pr\u00e4zise gearbeitet \u0096 ein echtes Meisterst\u00fcck europ\u00e4ischer Hutmacherkunst.<\/p>\n<h3 class=\"\" data-start=\"3077\" data-end=\"3111\">Handgefertigt in der Schweiz<\/h3>\n<p class=\"\" data-start=\"3113\" data-end=\"3367\">Dieses Modell wird exklusiv im Auftrag der traditionsreichen Schweizer Hutmanufaktur Risa produziert. Die Fertigung erfolgt in sorgf\u00e4ltiger Handarbeit in einem spezialisierten europ\u00e4ischen Atelier, das auf h\u00f6chste Qualit\u00e4t und Detailverliebtheit setzt.<\/p>\n<h3 class=\"\" data-start=\"3369\" data-end=\"3400\">Nachhaltigkeit &#038; Qualit\u00e4t<\/h3>\n<ul data-start=\"3402\" data-end=\"3723\">\n<li class=\"\" data-start=\"3402\" data-end=\"3516\">\n<p class=\"\" data-start=\"3404\" data-end=\"3516\"><strong data-start=\"3404\" data-end=\"3431\">Nat\u00fcrliche Materialien:<\/strong> Raffia als nachwachsender Rohstoff kombiniert mit langlebigen synthetischen Fasern<\/p>\n<\/li>\n<li class=\"\" data-start=\"3517\" data-end=\"3617\">\n<p class=\"\" data-start=\"3519\" data-end=\"3617\"><strong data-start=\"3519\" data-end=\"3546\">Handarbeit &#038; Tradition:<\/strong> Von erfahrenen Hutmacher*innen gefertigt, mit Herzblut und Pr\u00e4zision<\/p>\n<\/li>\n<li class=\"\" data-start=\"3618\" data-end=\"3723\">\n<p class=\"\" data-start=\"3620\" data-end=\"3723\"><strong data-start=\"3620\" data-end=\"3638\">Langlebigkeit:<\/strong> Robuste Struktur und zeitloses Design \u0096 ein langlebiger Begleiter f\u00fcr viele Sommer<\/p>\n<\/li>\n<\/ul>\n<h3 class=\"\" data-start=\"3725\" data-end=\"3752\">Herstellung &#038; Versand<\/h3>\n<ul data-start=\"3754\" data-end=\"4102\">\n<li class=\"\" data-start=\"3754\" data-end=\"3831\">\n<p class=\"\" data-start=\"3756\" data-end=\"3831\"><strong data-start=\"3756\" data-end=\"3785\">Fertigung auf Bestellung:<\/strong> Individuell produziert nach Zahlungseingang<\/p>\n<\/li>\n<li class=\"\" data-start=\"3832\" data-end=\"3875\">\n<p class=\"\" data-start=\"3834\" data-end=\"3875\"><strong data-start=\"3834\" data-end=\"3855\">Herstellungszeit:<\/strong> 10\u009615 Arbeitstage<\/p>\n<\/li>\n<li class=\"\" data-start=\"3876\" data-end=\"3949\">\n<p class=\"\" data-start=\"3878\" data-end=\"3949\"><strong data-start=\"3878\" data-end=\"3890\">Versand:<\/strong> Nach Fertigstellung in wenigen Tagen ab Standort Schweiz<\/p>\n<\/li>\n<li class=\"\" data-start=\"3950\" data-end=\"4017\">\n<p class=\"\" data-start=\"3952\" data-end=\"4017\"><strong data-start=\"3952\" data-end=\"3965\">Garantie:<\/strong> Umtausch nur bei Material- oder Fertigungsfehlern<\/p>\n<\/li>\n<li class=\"\" data-start=\"4018\" data-end=\"4102\">\n<p class=\"\" data-start=\"4020\" data-end=\"4102\"><strong data-start=\"4020\" data-end=\"4038\">Verf\u00fcgbarkeit:<\/strong> Limitierte Auflage \u0096 solange der Vorrat an Rohmaterial reicht<\/p>\n<\/li>\n<\/ul>\n<\/div>\n<\/details>\n<details class=\"hf-accordion\">\n<summary><strong>\u25b6\ufe0f FAQ \u2013 H\u00e4ufige Fragen<\/strong><\/summary>\n<div class=\"hf-accordion-content\">\n<h3 class=\"\" data-start=\"4104\" data-end=\"4113\">FAQ<\/h3>\n<p class=\"\" data-start=\"4115\" data-end=\"4271\"><strong data-start=\"4115\" data-end=\"4171\">Ist der Hut auch bei sehr starker Sonne ausreichend?<\/strong><br data-start=\"4171\" data-end=\"4174\" \/>Ja, mit seiner 10 cm breiten Krempe bietet er optimalen Schatten f\u00fcr Gesicht, Ohren und Nacken.<\/p>\n<p class=\"\" data-start=\"4273\" data-end=\"4452\"><strong data-start=\"4273\" data-end=\"4329\">Wie komfortabel ist der Hut bei hei\u00dfen Temperaturen?<\/strong><br data-start=\"4329\" data-end=\"4332\" \/>Dank des leichten Raffia-Materials und des atmungsaktiven Textilinnenbands ist er ideal f\u00fcr hei\u00dfe Sommertage geeignet.<\/p>\n<p class=\"\" data-start=\"4454\" data-end=\"4606\"><strong data-start=\"4454\" data-end=\"4487\">Kann ich den Hut zur\u00fcckgeben?<\/strong><br data-start=\"4487\" data-end=\"4490\" \/>Da es sich um eine Sonderanfertigung handelt, ist eine R\u00fcckgabe nicht m\u00f6glich. Umtausch nur bei Fertigungsfehlern.<\/p>\n<p class=\"\" data-start=\"4608\" data-end=\"4743\"><strong data-start=\"4608\" data-end=\"4650\">Wie bewahre ich den Hut am besten auf?<\/strong><br data-start=\"4650\" data-end=\"4653\" \/>Am besten in einer Hutbox, trocken und gesch\u00fctzt vor direkter Sonneneinstrahlung lagern.<\/p>\n<p class=\"\" data-start=\"4745\" data-end=\"4900\"><strong data-start=\"4745\" data-end=\"4772\">Ist der Hut nachhaltig?<\/strong><br data-start=\"4772\" data-end=\"4775\" \/>Ja \u0096 kurze Transportwege, langlebige Materialien und die Fertigung in Europa garantieren eine umweltfreundliche Produktion.<\/p>\n<\/div>\n<\/details>\n<\/div>\n","protected":false},"excerpt":{"rendered":"<h3 class=\"\" data-start=\"1194\" data-end=\"1266\"><strong>Extrabreite Eleganz f\u00fcr stilvolle Sonnentage<\/strong><\/h3>\n<p class=\"\" data-start=\"1268\" data-end=\"1493\">Ein extravaganter Cloche-Sommerhut mit Glamourfaktor. Der Hut verbindet nat\u00fcrliche Materialien mit einem Hauch Luxus und \u00fcberzeugt durch seine gro\u00dfz\u00fcgige Form, die modische Ausdruckskraft und funktionalen UV-Schutz vereint.<\/p>\n","protected":false},"featured_media":16633,"template":"","meta":{"_acf_changed":false,"rs_blank_template":"","rs_page_bg_color":"","slide_template_v7":""},"product_brand":[250],"product_cat":[446,275],"product_tag":[],"class_list":{"0":"post-16632","1":"product","2":"type-product","3":"status-publish","4":"has-post-thumbnail","6":"product_brand-risa-hutwerkstatt-schweiz","7":"product_cat-cloche-sommerhuete","8":"product_cat-sommerhuete","9":"product_shipping_class-mittlere-pakete","10":"pa_color-natur","11":"pa_groesse-206","12":"pa_groesse-196","13":"pa_groesse-207","14":"pa_groesse-197","15":"pa_groesse-208","16":"pa_groesse-198","17":"pa_groesse-209","18":"pa_groesse-199","19":"pa_groesse-210","20":"yith_product_brand-risa-hutwerkstatt-schweiz","23":"instock","24":"featured","25":"taxable","26":"shipping-taxable","27":"purchasable","28":"product-type-variable","29":"wvs-archive-product-wrapper","30":"add-to-wishlist-after_add_to_cart"},"acf":[],"yoast_head":"<!-- This site is optimized with the Yoast SEO Premium plugin v27.3 (Yoast SEO v27.3) - https:\/\/yoast.com\/product\/yoast-seo-premium-wordpress\/ -->\n<title>Sommerhut Damen Cloche breit Raffia goldbraun handgefertigt<\/title>\n<meta name=\"description\" content=\"Sommerhut Cloche Large GOLD \u0096 extrabreit, goldbraun &amp; handgefertigt aus Raffia. Eleganter Sonnenschutz f\u00fcr stilbewusste Frauen. Jetzt bestellen!\" \/>\n<meta name=\"robots\" content=\"index, follow, max-snippet:-1, max-image-preview:large, max-video-preview:-1\" \/>\n<link rel=\"canonical\" href=\"https:\/\/hutfactory.com\/?product=damen-sommerhut-cloche-large-gold\" \/>\n<meta property=\"og:locale\" content=\"de_DE\" \/>\n<meta property=\"og:type\" content=\"article\" \/>\n<meta property=\"og:title\" content=\"Damen Sommerhut Cloche Large &quot;GOLD&quot;\" \/>\n<meta property=\"og:description\" content=\"Sommerhut Cloche Large GOLD \u0096 extrabreit, goldbraun &amp; handgefertigt aus Raffia. Eleganter Sonnenschutz f\u00fcr stilbewusste Frauen. Jetzt bestellen!\" \/>\n<meta property=\"og:url\" content=\"https:\/\/hutfactory.com\/?product=damen-sommerhut-cloche-large-gold\" \/>\n<meta property=\"og:site_name\" content=\"Hut Factory\" \/>\n<meta property=\"article:modified_time\" content=\"2026-03-10T10:30:01+00:00\" \/>\n<meta property=\"og:image\" content=\"https:\/\/hutfactory.com\/wp-content\/uploads\/2026\/03\/41305980-scaled-e1668506048296.webp\" \/>\n\t<meta property=\"og:image:width\" content=\"750\" \/>\n\t<meta property=\"og:image:height\" content=\"420\" \/>\n\t<meta property=\"og:image:type\" content=\"image\/webp\" \/>\n<meta name=\"twitter:card\" content=\"summary_large_image\" \/>\n<meta name=\"twitter:label1\" content=\"Gesch\u00e4tzte Lesezeit\" \/>\n\t<meta name=\"twitter:data1\" content=\"3\u00a0Minuten\" \/>\n<script type=\"application\/ld+json\" class=\"yoast-schema-graph\">{\"@context\":\"https:\\\/\\\/schema.org\",\"@graph\":[{\"@type\":\"WebPage\",\"@id\":\"https:\\\/\\\/hutfactory.com\\\/?product=damen-sommerhut-cloche-large-gold\",\"url\":\"https:\\\/\\\/hutfactory.com\\\/?product=damen-sommerhut-cloche-large-gold\",\"name\":\"Sommerhut Damen Cloche breit Raffia goldbraun handgefertigt\",\"isPartOf\":{\"@id\":\"https:\\\/\\\/hutfactory.com\\\/#website\"},\"primaryImageOfPage\":{\"@id\":\"https:\\\/\\\/hutfactory.com\\\/?product=damen-sommerhut-cloche-large-gold#primaryimage\"},\"image\":{\"@id\":\"https:\\\/\\\/hutfactory.com\\\/?product=damen-sommerhut-cloche-large-gold#primaryimage\"},\"thumbnailUrl\":\"https:\\\/\\\/hutfactory.com\\\/wp-content\\\/uploads\\\/2026\\\/03\\\/41305980-scaled-e1668506048296.webp\",\"datePublished\":\"2026-03-10T10:08:20+00:00\",\"dateModified\":\"2026-03-10T10:30:01+00:00\",\"description\":\"Sommerhut Cloche Large GOLD \u0096 extrabreit, goldbraun & handgefertigt aus Raffia. Eleganter Sonnenschutz f\u00fcr stilbewusste Frauen. Jetzt bestellen!\",\"breadcrumb\":{\"@id\":\"https:\\\/\\\/hutfactory.com\\\/?product=damen-sommerhut-cloche-large-gold#breadcrumb\"},\"inLanguage\":\"de\",\"potentialAction\":[{\"@type\":\"ReadAction\",\"target\":[\"https:\\\/\\\/hutfactory.com\\\/?product=damen-sommerhut-cloche-large-gold\"]}]},{\"@type\":\"ImageObject\",\"inLanguage\":\"de\",\"@id\":\"https:\\\/\\\/hutfactory.com\\\/?product=damen-sommerhut-cloche-large-gold#primaryimage\",\"url\":\"https:\\\/\\\/hutfactory.com\\\/wp-content\\\/uploads\\\/2026\\\/03\\\/41305980-scaled-e1668506048296.webp\",\"contentUrl\":\"https:\\\/\\\/hutfactory.com\\\/wp-content\\\/uploads\\\/2026\\\/03\\\/41305980-scaled-e1668506048296.webp\",\"width\":750,\"height\":420,\"caption\":\"gefertigt aus 50% Raffia in schimmerndem Goldbraun \u0096 handgemacht in der Schweiz mit seitlichem 1919-Knopf|\"},{\"@type\":\"BreadcrumbList\",\"@id\":\"https:\\\/\\\/hutfactory.com\\\/?product=damen-sommerhut-cloche-large-gold#breadcrumb\",\"itemListElement\":[{\"@type\":\"ListItem\",\"position\":1,\"name\":\"Start\",\"item\":\"https:\\\/\\\/hutfactory.com\\\/\"},{\"@type\":\"ListItem\",\"position\":2,\"name\":\"Shop\",\"item\":\"https:\\\/\\\/hutfactory.com\\\/?page_id=10\"},{\"@type\":\"ListItem\",\"position\":3,\"name\":\"Damen Sommerhut Cloche Large &#8220;GOLD&#8221;\"}]},{\"@type\":\"WebSite\",\"@id\":\"https:\\\/\\\/hutfactory.com\\\/#website\",\"url\":\"https:\\\/\\\/hutfactory.com\\\/\",\"name\":\"Hut Factory\",\"description\":\"H\u00fcte, Kappen &amp; M\u00fctzen in Top Swiss\\\/EU Qualit\u00e4t\",\"publisher\":{\"@id\":\"https:\\\/\\\/hutfactory.com\\\/#organization\"},\"alternateName\":\"Hut Shop\",\"potentialAction\":[{\"@type\":\"SearchAction\",\"target\":{\"@type\":\"EntryPoint\",\"urlTemplate\":\"https:\\\/\\\/hutfactory.com\\\/?s={search_term_string}\"},\"query-input\":{\"@type\":\"PropertyValueSpecification\",\"valueRequired\":true,\"valueName\":\"search_term_string\"}}],\"inLanguage\":\"de\"},{\"@type\":\"Organization\",\"@id\":\"https:\\\/\\\/hutfactory.com\\\/#organization\",\"name\":\"Hut Factory\",\"url\":\"https:\\\/\\\/hutfactory.com\\\/\",\"logo\":{\"@type\":\"ImageObject\",\"inLanguage\":\"de\",\"@id\":\"https:\\\/\\\/hutfactory.com\\\/#\\\/schema\\\/logo\\\/image\\\/\",\"url\":\"https:\\\/\\\/hutfactory.com\\\/wp-content\\\/uploads\\\/2026\\\/01\\\/Logo-hut-factory-1.webp\",\"contentUrl\":\"https:\\\/\\\/hutfactory.com\\\/wp-content\\\/uploads\\\/2026\\\/01\\\/Logo-hut-factory-1.webp\",\"width\":300,\"height\":262,\"caption\":\"Hut Factory\"},\"image\":{\"@id\":\"https:\\\/\\\/hutfactory.com\\\/#\\\/schema\\\/logo\\\/image\\\/\"}}]}<\/script>\n<!-- \/ Yoast SEO Premium plugin. -->","yoast_head_json":{"title":"Sommerhut Damen Cloche breit Raffia goldbraun handgefertigt","description":"Sommerhut Cloche Large GOLD \u0096 extrabreit, goldbraun & handgefertigt aus Raffia. Eleganter Sonnenschutz f\u00fcr stilbewusste Frauen. Jetzt bestellen!","robots":{"index":"index","follow":"follow","max-snippet":"max-snippet:-1","max-image-preview":"max-image-preview:large","max-video-preview":"max-video-preview:-1"},"canonical":"https:\/\/hutfactory.com\/?product=damen-sommerhut-cloche-large-gold","og_locale":"de_DE","og_type":"article","og_title":"Damen Sommerhut Cloche Large \"GOLD\"","og_description":"Sommerhut Cloche Large GOLD \u0096 extrabreit, goldbraun & handgefertigt aus Raffia. Eleganter Sonnenschutz f\u00fcr stilbewusste Frauen. Jetzt bestellen!","og_url":"https:\/\/hutfactory.com\/?product=damen-sommerhut-cloche-large-gold","og_site_name":"Hut Factory","article_modified_time":"2026-03-10T10:30:01+00:00","og_image":[{"width":750,"height":420,"url":"https:\/\/hutfactory.com\/wp-content\/uploads\/2026\/03\/41305980-scaled-e1668506048296.webp","type":"image\/webp"}],"twitter_card":"summary_large_image","twitter_misc":{"Gesch\u00e4tzte Lesezeit":"3\u00a0Minuten"},"schema":{"@context":"https:\/\/schema.org","@graph":[{"@type":"WebPage","@id":"https:\/\/hutfactory.com\/?product=damen-sommerhut-cloche-large-gold","url":"https:\/\/hutfactory.com\/?product=damen-sommerhut-cloche-large-gold","name":"Sommerhut Damen Cloche breit Raffia goldbraun handgefertigt","isPartOf":{"@id":"https:\/\/hutfactory.com\/#website"},"primaryImageOfPage":{"@id":"https:\/\/hutfactory.com\/?product=damen-sommerhut-cloche-large-gold#primaryimage"},"image":{"@id":"https:\/\/hutfactory.com\/?product=damen-sommerhut-cloche-large-gold#primaryimage"},"thumbnailUrl":"https:\/\/hutfactory.com\/wp-content\/uploads\/2026\/03\/41305980-scaled-e1668506048296.webp","datePublished":"2026-03-10T10:08:20+00:00","dateModified":"2026-03-10T10:30:01+00:00","description":"Sommerhut Cloche Large GOLD \u0096 extrabreit, goldbraun & handgefertigt aus Raffia. Eleganter Sonnenschutz f\u00fcr stilbewusste Frauen. Jetzt bestellen!","breadcrumb":{"@id":"https:\/\/hutfactory.com\/?product=damen-sommerhut-cloche-large-gold#breadcrumb"},"inLanguage":"de","potentialAction":[{"@type":"ReadAction","target":["https:\/\/hutfactory.com\/?product=damen-sommerhut-cloche-large-gold"]}]},{"@type":"ImageObject","inLanguage":"de","@id":"https:\/\/hutfactory.com\/?product=damen-sommerhut-cloche-large-gold#primaryimage","url":"https:\/\/hutfactory.com\/wp-content\/uploads\/2026\/03\/41305980-scaled-e1668506048296.webp","contentUrl":"https:\/\/hutfactory.com\/wp-content\/uploads\/2026\/03\/41305980-scaled-e1668506048296.webp","width":750,"height":420,"caption":"gefertigt aus 50% Raffia in schimmerndem Goldbraun \u0096 handgemacht in der Schweiz mit seitlichem 1919-Knopf|"},{"@type":"BreadcrumbList","@id":"https:\/\/hutfactory.com\/?product=damen-sommerhut-cloche-large-gold#breadcrumb","itemListElement":[{"@type":"ListItem","position":1,"name":"Start","item":"https:\/\/hutfactory.com\/"},{"@type":"ListItem","position":2,"name":"Shop","item":"https:\/\/hutfactory.com\/?page_id=10"},{"@type":"ListItem","position":3,"name":"Damen Sommerhut Cloche Large &#8220;GOLD&#8221;"}]},{"@type":"WebSite","@id":"https:\/\/hutfactory.com\/#website","url":"https:\/\/hutfactory.com\/","name":"Hut Factory","description":"H\u00fcte, Kappen &amp; M\u00fctzen in Top Swiss\/EU Qualit\u00e4t","publisher":{"@id":"https:\/\/hutfactory.com\/#organization"},"alternateName":"Hut Shop","potentialAction":[{"@type":"SearchAction","target":{"@type":"EntryPoint","urlTemplate":"https:\/\/hutfactory.com\/?s={search_term_string}"},"query-input":{"@type":"PropertyValueSpecification","valueRequired":true,"valueName":"search_term_string"}}],"inLanguage":"de"},{"@type":"Organization","@id":"https:\/\/hutfactory.com\/#organization","name":"Hut Factory","url":"https:\/\/hutfactory.com\/","logo":{"@type":"ImageObject","inLanguage":"de","@id":"https:\/\/hutfactory.com\/#\/schema\/logo\/image\/","url":"https:\/\/hutfactory.com\/wp-content\/uploads\/2026\/01\/Logo-hut-factory-1.webp","contentUrl":"https:\/\/hutfactory.com\/wp-content\/uploads\/2026\/01\/Logo-hut-factory-1.webp","width":300,"height":262,"caption":"Hut Factory"},"image":{"@id":"https:\/\/hutfactory.com\/#\/schema\/logo\/image\/"}}]}},"_links":{"self":[{"href":"https:\/\/hutfactory.com\/index.php?rest_route=\/wp\/v2\/product\/16632","targetHints":{"allow":["GET"]}}],"collection":[{"href":"https:\/\/hutfactory.com\/index.php?rest_route=\/wp\/v2\/product"}],"about":[{"href":"https:\/\/hutfactory.com\/index.php?rest_route=\/wp\/v2\/types\/product"}],"wp:featuredmedia":[{"embeddable":true,"href":"https:\/\/hutfactory.com\/index.php?rest_route=\/wp\/v2\/media\/16633"}],"wp:attachment":[{"href":"https:\/\/hutfactory.com\/index.php?rest_route=%2Fwp%2Fv2%2Fmedia&parent=16632"}],"wp:term":[{"taxonomy":"product_brand","embeddable":true,"href":"https:\/\/hutfactory.com\/index.php?rest_route=%2Fwp%2Fv2%2Fproduct_brand&post=16632"},{"taxonomy":"product_cat","embeddable":true,"href":"https:\/\/hutfactory.com\/index.php?rest_route=%2Fwp%2Fv2%2Fproduct_cat&post=16632"},{"taxonomy":"product_tag","embeddable":true,"href":"https:\/\/hutfactory.com\/index.php?rest_route=%2Fwp%2Fv2%2Fproduct_tag&post=16632"}],"curies":[{"name":"wp","href":"https:\/\/api.w.org\/{rel}","templated":true}]}}