{"id":16566,"date":"2026-03-10T10:08:20","date_gmt":"2026-03-10T10:08:20","guid":{"rendered":"https:\/\/hutfactory.com\/?product=damen-panamahut-cloche-leather-braid"},"modified":"2026-03-10T10:30:01","modified_gmt":"2026-03-10T10:30:01","slug":"damen-panamahut-cloche-leather-braid","status":"publish","type":"product","link":"https:\/\/hutfactory.com\/?product=damen-panamahut-cloche-leather-braid","title":{"rendered":"Damen Panamahut Cloche &#8220;leather-braid&#8221;"},"content":{"rendered":"<h3 class=\"ai-optimize-10\" data-start=\"516\" data-end=\"585\"><strong data-start=\"520\" data-end=\"585\">Ein Meisterst\u00fcck f\u00fcr Anspruchsvolle \u0096 handgefertigt in Europa<\/strong><\/h3>\n<p class=\"ai-optimize-11\" data-start=\"587\" data-end=\"1032\">Die weiche Cloche-Kontur des Hutes legt sich elegant um das Gesicht und verleiht durch die sanft geschwungene 8 cm breite Krempe nicht nur Form, sondern auch optimalen Schutz vor der Sonne. Die Garnitur aus Rebsband und geflochtenem Lederband greift in ihrer Haptik das Naturthema auf und sorgt f\u00fcr ein harmonisches Gesamtbild. Ein Hut mit authentischer Ausstrahlung \u0096 f\u00fcr urbane Gartenpartys, Spazierg\u00e4nge am Wasser oder elegante Sommeranl\u00e4sse.<\/p>\n<p class=\"ai-optimize-12\" data-start=\"1034\" data-end=\"1055\"><strong data-start=\"1034\" data-end=\"1055\">Perfekt f\u00fcr\u0085.. ??<\/strong><\/p>\n<p class=\"ai-optimize-13\" data-start=\"1057\" data-end=\"1256\"><strong data-start=\"1057\" data-end=\"1084\">?? Sommerliche Anl\u00e4sse:<\/strong> Ob am Seeufer, im Ferienresort oder auf dem Wochenmarkt \u0096 dieser Hut bringt Leichtigkeit und Eleganz in jedes Outfit. Die grossz\u00fcgige Krempe sch\u00fctzt zuverl\u00e4ssig vor Sonne.<\/p>\n<p class=\"ai-optimize-14\" data-start=\"1258\" data-end=\"1426\"><strong data-start=\"1258\" data-end=\"1281\">?? Elegante Events:<\/strong> Der dezente Farbkontrast und die raffinierte Lederflechtung machen ihn zur perfekten Wahl f\u00fcr Gartenempf\u00e4nge, Sommerhochzeiten oder Vernissagen.<\/p>\n<p class=\"ai-optimize-15\" data-start=\"1428\" data-end=\"1603\"><strong data-start=\"1428\" data-end=\"1458\">?? Natur- und Modebewusst:<\/strong> Nachhaltiges Panama-Geflecht trifft auf traditionelle Handarbeit \u0096 f\u00fcr alle, die Mode lieben und zugleich Wert auf nat\u00fcrliche Materialien legen.<\/p>\n<div class=\"hf-accordions\">\n<hr class=\"hf-accordion-separator\" \/>\n<details class=\"hf-accordion\">\n<summary><strong>\u25b6\ufe0f Gut zu wissen \u2013 mehr erfahren<\/strong><\/summary>\n<div class=\"hf-accordion-content\">\n<h3 class=\"\" data-start=\"1605\" data-end=\"1636\"><strong data-start=\"1609\" data-end=\"1636\">Eigenschaften &#038; Details<\/strong><\/h3>\n<ul data-start=\"1637\" data-end=\"2237\">\n<li class=\"\" data-start=\"1637\" data-end=\"1717\">\n<p class=\"\" data-start=\"1639\" data-end=\"1717\"><strong data-start=\"1639\" data-end=\"1652\">Material:<\/strong> 100% Panama \u0096 fein geflochten, atmungsaktiv und besonders leicht<\/p>\n<\/li>\n<li class=\"\" data-start=\"1718\" data-end=\"1793\">\n<p class=\"\" data-start=\"1720\" data-end=\"1793\"><strong data-start=\"1720\" data-end=\"1735\">Randbreite:<\/strong> 8.0 cm \u0096 stilvoll geschwungen f\u00fcr angenehmen Sonnenschutz<\/p>\n<\/li>\n<li class=\"\" data-start=\"1794\" data-end=\"1870\">\n<p class=\"\" data-start=\"1796\" data-end=\"1870\"><strong data-start=\"1796\" data-end=\"1809\">Kopfh\u00f6he:<\/strong> 10.5 cm \u0096 klassische Cloche-Form mit femininer Linienf\u00fchrung<\/p>\n<\/li>\n<li class=\"\" data-start=\"1871\" data-end=\"2010\">\n<p class=\"\" data-start=\"1873\" data-end=\"2010\"><strong data-start=\"1873\" data-end=\"1884\">Farben:<\/strong> 1. Natur mit nougatfarbener Garnitur, 2. Nougat mit Ton-in-Ton-Garnitur \u0096 warme, nat\u00fcrliche T\u00f6ne f\u00fcr harmonische Sommer-Looks<\/p>\n<\/li>\n<li class=\"\" data-start=\"2011\" data-end=\"2121\">\n<p class=\"\" data-start=\"2013\" data-end=\"2121\"><strong data-start=\"2013\" data-end=\"2026\">Garnitur:<\/strong> Rebsband kombiniert mit geflochtenem Lederband \u0096 f\u00fcr eine einzigartige Textur und edlen Akzent<\/p>\n<\/li>\n<li class=\"\" data-start=\"2122\" data-end=\"2217\">\n<p class=\"\" data-start=\"2124\" data-end=\"2217\"><strong data-start=\"2124\" data-end=\"2141\">Schweissband:<\/strong> Eingearbeitetes Textilinnenband \u0096 f\u00fcr angenehmen Sitz auch an heissen Tagen<\/p>\n<\/li>\n<li class=\"\" data-start=\"2218\" data-end=\"2237\">\n<p class=\"\" data-start=\"2220\" data-end=\"2237\"><strong data-start=\"2220\" data-end=\"2231\">Gr\u00f6\u00dfen:<\/strong> 54\u009662<\/p>\n<\/li>\n<\/ul>\n<h3 class=\"\" data-start=\"2239\" data-end=\"2268\"><strong data-start=\"2243\" data-end=\"2268\">Design &#038; Verarbeitung<\/strong><\/h3>\n<p class=\"\" data-start=\"2269\" data-end=\"2537\">Das Design verbindet zeitlose Eleganz mit sommerlicher Leichtigkeit. Die kunstvoll geschwungene Krempe bietet einen stilvollen Schattenwurf, w\u00e4hrend die Ledergeflecht-Garnitur einen Hauch Boho-Chic ins Spiel bringt. Ein echter Blickfang mit authentischer Ausstrahlung.<\/p>\n<h3 class=\"\" data-start=\"2539\" data-end=\"2575\"><strong data-start=\"2543\" data-end=\"2575\">Handgefertigt in der Schweiz<\/strong><\/h3>\n<p class=\"\" data-start=\"2576\" data-end=\"2852\">Hergestellt wird dieses Modell mit grosser Sorgfalt in der renommierten Risa Hutmanufaktur im Herzen Europas. Jeder Schritt \u0096 vom Flechten bis zur Endveredelung \u0096 wird in feinster Handarbeit durchgef\u00fchrt. Ein Hut, der durch Handwerkskunst und Hingabe zur Perfektion \u00fcberzeugt.<\/p>\n<h3 class=\"\" data-start=\"2854\" data-end=\"2887\"><strong data-start=\"2858\" data-end=\"2887\">Nachhaltigkeit &#038; Qualit\u00e4t<\/strong><\/h3>\n<ul data-start=\"2888\" data-end=\"3177\">\n<li class=\"\" data-start=\"2888\" data-end=\"2999\">\n<p class=\"\" data-start=\"2890\" data-end=\"2999\"><strong data-start=\"2890\" data-end=\"2917\">Nat\u00fcrliche Materialien:<\/strong> Reines Panamastroh, pflanzlich gef\u00e4rbtes Rebsband, hochwertiges Echtledergeflecht<\/p>\n<\/li>\n<li class=\"\" data-start=\"3000\" data-end=\"3090\">\n<p class=\"\" data-start=\"3002\" data-end=\"3090\"><strong data-start=\"3002\" data-end=\"3029\">Tradition &#038; Handarbeit:<\/strong> Gefertigt nach alter Hutmachertradition mit Liebe zum Detail<\/p>\n<\/li>\n<li class=\"\" data-start=\"3091\" data-end=\"3177\">\n<p class=\"\" data-start=\"3093\" data-end=\"3177\"><strong data-start=\"3093\" data-end=\"3111\">Langlebigkeit:<\/strong> Hochwertige Verarbeitung und robuste Materialien f\u00fcr viele Sommer<\/p>\n<\/li>\n<\/ul>\n<h3 class=\"\" data-start=\"3179\" data-end=\"3208\"><strong data-start=\"3183\" data-end=\"3208\">Herstellung &#038; Versand<\/strong><\/h3>\n<ul data-start=\"3209\" data-end=\"3430\">\n<li class=\"\" data-start=\"3209\" data-end=\"3285\">\n<p class=\"\" data-start=\"3211\" data-end=\"3285\"><strong data-start=\"3211\" data-end=\"3240\">Fertigung auf Bestellung:<\/strong> Individuelle Herstellung nach Bestelleingang<\/p>\n<\/li>\n<li class=\"\" data-start=\"3286\" data-end=\"3352\">\n<p class=\"\" data-start=\"3288\" data-end=\"3352\"><strong data-start=\"3288\" data-end=\"3309\">Herstellungszeit:<\/strong> 10 bis 15 Arbeitstage nach Zahlungseingang<\/p>\n<\/li>\n<li class=\"\" data-start=\"3353\" data-end=\"3430\">\n<p class=\"\" data-start=\"3355\" data-end=\"3430\"><strong data-start=\"3355\" data-end=\"3367\">Versand:<\/strong> Innerhalb weniger Tage nach Fertigstellung ab Standort Schweiz<\/p>\n<\/li>\n<\/ul>\n<\/div>\n<\/details>\n<details class=\"hf-accordion\">\n<summary><strong>\u25b6\ufe0f FAQ \u2013 H\u00e4ufige Fragen<\/strong><\/summary>\n<div class=\"hf-accordion-content\">\n<h3 class=\"\" data-start=\"3432\" data-end=\"3460\"><strong data-start=\"3436\" data-end=\"3460\">FAQ \u0096 H\u00e4ufige Fragen<\/strong><\/h3>\n<p class=\"\" data-start=\"3462\" data-end=\"3605\"><strong data-start=\"3462\" data-end=\"3509\">Ist der Hut f\u00fcr heisse Sommertage geeignet?<\/strong><br data-start=\"3509\" data-end=\"3512\" \/>Ja, das luftige Panama-Geflecht ist besonders atmungsaktiv und sch\u00fctzt zuverl\u00e4ssig vor Sonne.<\/p>\n<p class=\"\" data-start=\"3607\" data-end=\"3751\"><strong data-start=\"3607\" data-end=\"3671\">Sch\u00fctzt der Hut bei starker Sonneneinstrahlung mein Gesicht?<\/strong><br data-start=\"3671\" data-end=\"3674\" \/>Die 8 cm breite Krempe spendet idealen Schatten f\u00fcr Gesicht, Hals und Nacken.<\/p>\n<p class=\"\" data-start=\"3753\" data-end=\"3903\"><strong data-start=\"3753\" data-end=\"3802\">Kann ich den Hut individuell anpassen lassen?<\/strong><br data-start=\"3802\" data-end=\"3805\" \/>Dieses Modell wird auf Bestellung gefertigt \u0096 bei Sonderw\u00fcnschen beraten wir Sie gerne pers\u00f6nlich.<\/p>\n<p class=\"\" data-start=\"3905\" data-end=\"4147\"><strong data-start=\"3905\" data-end=\"3943\">Wie pflege ich diesen Hut richtig?<\/strong><br data-start=\"3943\" data-end=\"3946\" \/>Am besten k\u00fchl und trocken lagern, nicht knicken und mit einem weichen Tuch reinigen.<br data-start=\"4031\" data-end=\"4034\" \/>Weitere Informationen zur Pflege finden Sie unter dem Link: <a class=\"\" href=\"https:\/\/hut-factory.com\/pflegehinweise\/\" target=\"_new\" rel=\"noopener\" data-start=\"4094\" data-end=\"4147\">Pflegehinweise<\/a><\/p>\n<p class=\"\" data-start=\"4149\" data-end=\"4322\"><strong data-start=\"4149\" data-end=\"4205\">Ist ein Umtausch m\u00f6glich, falls der Hut nicht passt?<\/strong><br data-start=\"4205\" data-end=\"4208\" \/>Ein Umtausch ist nur bei Material- oder Herstellungsfehlern m\u00f6glich, da es sich um eine Sonderanfertigung handelt.<\/p>\n<\/div>\n<\/details>\n<\/div>\n","protected":false},"excerpt":{"rendered":"<h3 class=\"\" data-start=\"0\" data-end=\"100\"><strong data-start=\"4\" data-end=\"100\"> Sommerliche Eleganz trifft auf handgeflochtene Raffinesse<\/strong><\/h3>\n<p class=\"\" data-start=\"102\" data-end=\"514\">Ein stilvoller Auftritt beginnt am Hut \u0096 dieser Cloche vereint klassisches Panama-Geflecht mit zeitgen\u00f6ssischem Twist. Die markante Kombination aus nougatfarbenem Rebsband und kunstvoll geflochtenem Leder sorgt f\u00fcr eine exklusive, leicht rustikale Note. Ein Modell, das sowohl durch seine feine Struktur als auch durch das durchdachte Design begeistert \u0096 ideal f\u00fcr den Sommer und stilbewusste Individualistinnen.<\/p>\n","protected":false},"featured_media":16567,"template":"","meta":{"_acf_changed":false,"rs_blank_template":"","rs_page_bg_color":"","slide_template_v7":""},"product_brand":[250],"product_cat":[446,507,275],"product_tag":[],"class_list":{"0":"post-16566","1":"product","2":"type-product","3":"status-publish","4":"has-post-thumbnail","6":"product_brand-risa-hutwerkstatt-schweiz","7":"product_cat-cloche-sommerhuete","8":"product_cat-panama-sommerhuete","9":"product_cat-sommerhuete","10":"product_shipping_class-mittlere-pakete","11":"pa_color-natur","12":"pa_color-nougat","13":"pa_groesse-206","14":"pa_groesse-196","15":"pa_groesse-207","16":"pa_groesse-197","17":"pa_groesse-208","18":"pa_groesse-198","19":"pa_groesse-209","20":"pa_groesse-199","21":"pa_groesse-210","22":"pa_groesse-213","23":"pa_groesse-401","24":"yith_product_brand-risa-hutwerkstatt-schweiz","27":"instock","28":"featured","29":"taxable","30":"shipping-taxable","31":"purchasable","32":"product-type-variable","33":"wvs-archive-product-wrapper","34":"add-to-wishlist-after_add_to_cart"},"acf":[],"yoast_head":"<!-- This site is optimized with the Yoast SEO Premium plugin v27.3 (Yoast SEO v27.3) - https:\/\/yoast.com\/product\/yoast-seo-premium-wordpress\/ -->\n<title>Eleganter Damenhut Cloche aus Panamageflecht<\/title>\n<meta name=\"description\" content=\"Entdecken Sie unseren handgefertigten Damenhut Cloche aus 100% Panama mit edlem Ledergeflecht-Hutband. Handmade in Switzerland.\" \/>\n<meta name=\"robots\" content=\"index, follow, max-snippet:-1, max-image-preview:large, max-video-preview:-1\" \/>\n<link rel=\"canonical\" href=\"https:\/\/hutfactory.com\/?product=damen-panamahut-cloche-leather-braid\" \/>\n<meta property=\"og:locale\" content=\"de_DE\" \/>\n<meta property=\"og:type\" content=\"article\" \/>\n<meta property=\"og:title\" content=\"Damen Panamahut Cloche &quot;leather-braid&quot;\" \/>\n<meta property=\"og:description\" content=\"Entdecken Sie unseren handgefertigten Damenhut Cloche aus 100% Panama mit edlem Ledergeflecht-Hutband. Handmade in Switzerland.\" \/>\n<meta property=\"og:url\" content=\"https:\/\/hutfactory.com\/?product=damen-panamahut-cloche-leather-braid\" \/>\n<meta property=\"og:site_name\" content=\"Hut Factory\" \/>\n<meta property=\"article:modified_time\" content=\"2026-03-10T10:30:01+00:00\" \/>\n<meta property=\"og:image\" content=\"https:\/\/hutfactory.com\/wp-content\/uploads\/2026\/03\/32504270.webp\" \/>\n\t<meta property=\"og:image:width\" content=\"750\" \/>\n\t<meta property=\"og:image:height\" content=\"750\" \/>\n\t<meta property=\"og:image:type\" content=\"image\/webp\" \/>\n<meta name=\"twitter:card\" content=\"summary_large_image\" \/>\n<meta name=\"twitter:label1\" content=\"Gesch\u00e4tzte Lesezeit\" \/>\n\t<meta name=\"twitter:data1\" content=\"2\u00a0Minuten\" \/>\n<script type=\"application\/ld+json\" class=\"yoast-schema-graph\">{\"@context\":\"https:\\\/\\\/schema.org\",\"@graph\":[{\"@type\":\"WebPage\",\"@id\":\"https:\\\/\\\/hutfactory.com\\\/?product=damen-panamahut-cloche-leather-braid\",\"url\":\"https:\\\/\\\/hutfactory.com\\\/?product=damen-panamahut-cloche-leather-braid\",\"name\":\"Eleganter Damenhut Cloche aus Panamageflecht\",\"isPartOf\":{\"@id\":\"https:\\\/\\\/hutfactory.com\\\/#website\"},\"primaryImageOfPage\":{\"@id\":\"https:\\\/\\\/hutfactory.com\\\/?product=damen-panamahut-cloche-leather-braid#primaryimage\"},\"image\":{\"@id\":\"https:\\\/\\\/hutfactory.com\\\/?product=damen-panamahut-cloche-leather-braid#primaryimage\"},\"thumbnailUrl\":\"https:\\\/\\\/hutfactory.com\\\/wp-content\\\/uploads\\\/2026\\\/03\\\/32504270.webp\",\"datePublished\":\"2026-03-10T10:08:20+00:00\",\"dateModified\":\"2026-03-10T10:30:01+00:00\",\"description\":\"Entdecken Sie unseren handgefertigten Damenhut Cloche aus 100% Panama mit edlem Ledergeflecht-Hutband. Handmade in Switzerland.\",\"breadcrumb\":{\"@id\":\"https:\\\/\\\/hutfactory.com\\\/?product=damen-panamahut-cloche-leather-braid#breadcrumb\"},\"inLanguage\":\"de\",\"potentialAction\":[{\"@type\":\"ReadAction\",\"target\":[\"https:\\\/\\\/hutfactory.com\\\/?product=damen-panamahut-cloche-leather-braid\"]}]},{\"@type\":\"ImageObject\",\"inLanguage\":\"de\",\"@id\":\"https:\\\/\\\/hutfactory.com\\\/?product=damen-panamahut-cloche-leather-braid#primaryimage\",\"url\":\"https:\\\/\\\/hutfactory.com\\\/wp-content\\\/uploads\\\/2026\\\/03\\\/32504270.webp\",\"contentUrl\":\"https:\\\/\\\/hutfactory.com\\\/wp-content\\\/uploads\\\/2026\\\/03\\\/32504270.webp\",\"width\":750,\"height\":750,\"caption\":\"Der Damen Panamahut Cloche \\\"leather-braid\\\" \u00fcberzeugt durch ein elegantes Design mit 8 cm Krempe und einer hochwertigen Garnitur aus Rebsband und geflochtenem Leder \u0096 in Natur oder Nougat erh\u00e4ltlich.|Der Damen Panamahut Cloche \\\"leather-braid\\\" \u00fcberzeugt durch ein elegantes Design mit 8 cm Krempe und einer hochwertigen Garnitur aus Rebsband und geflochtenem Leder \u0096 in Natur oder Nougat erh\u00e4ltlich.|Der Damen Panamahut Cloche \\\"leather-braid\\\" \u00fcberzeugt durch ein elegantes Design mit 8 cm Krempe und einer hochwertigen Garnitur aus Rebsband und geflochtenem Leder \u0096 in Natur oder Nougat erh\u00e4ltlich.|||\"},{\"@type\":\"BreadcrumbList\",\"@id\":\"https:\\\/\\\/hutfactory.com\\\/?product=damen-panamahut-cloche-leather-braid#breadcrumb\",\"itemListElement\":[{\"@type\":\"ListItem\",\"position\":1,\"name\":\"Start\",\"item\":\"https:\\\/\\\/hutfactory.com\\\/\"},{\"@type\":\"ListItem\",\"position\":2,\"name\":\"Shop\",\"item\":\"https:\\\/\\\/hutfactory.com\\\/?page_id=10\"},{\"@type\":\"ListItem\",\"position\":3,\"name\":\"Damen Panamahut Cloche &#8220;leather-braid&#8221;\"}]},{\"@type\":\"WebSite\",\"@id\":\"https:\\\/\\\/hutfactory.com\\\/#website\",\"url\":\"https:\\\/\\\/hutfactory.com\\\/\",\"name\":\"Hut Factory\",\"description\":\"H\u00fcte, Kappen &amp; M\u00fctzen in Top Swiss\\\/EU Qualit\u00e4t\",\"publisher\":{\"@id\":\"https:\\\/\\\/hutfactory.com\\\/#organization\"},\"alternateName\":\"Hut Shop\",\"potentialAction\":[{\"@type\":\"SearchAction\",\"target\":{\"@type\":\"EntryPoint\",\"urlTemplate\":\"https:\\\/\\\/hutfactory.com\\\/?s={search_term_string}\"},\"query-input\":{\"@type\":\"PropertyValueSpecification\",\"valueRequired\":true,\"valueName\":\"search_term_string\"}}],\"inLanguage\":\"de\"},{\"@type\":\"Organization\",\"@id\":\"https:\\\/\\\/hutfactory.com\\\/#organization\",\"name\":\"Hut Factory\",\"url\":\"https:\\\/\\\/hutfactory.com\\\/\",\"logo\":{\"@type\":\"ImageObject\",\"inLanguage\":\"de\",\"@id\":\"https:\\\/\\\/hutfactory.com\\\/#\\\/schema\\\/logo\\\/image\\\/\",\"url\":\"https:\\\/\\\/hutfactory.com\\\/wp-content\\\/uploads\\\/2026\\\/01\\\/Logo-hut-factory-1.webp\",\"contentUrl\":\"https:\\\/\\\/hutfactory.com\\\/wp-content\\\/uploads\\\/2026\\\/01\\\/Logo-hut-factory-1.webp\",\"width\":300,\"height\":262,\"caption\":\"Hut Factory\"},\"image\":{\"@id\":\"https:\\\/\\\/hutfactory.com\\\/#\\\/schema\\\/logo\\\/image\\\/\"}}]}<\/script>\n<!-- \/ Yoast SEO Premium plugin. -->","yoast_head_json":{"title":"Eleganter Damenhut Cloche aus Panamageflecht","description":"Entdecken Sie unseren handgefertigten Damenhut Cloche aus 100% Panama mit edlem Ledergeflecht-Hutband. Handmade in Switzerland.","robots":{"index":"index","follow":"follow","max-snippet":"max-snippet:-1","max-image-preview":"max-image-preview:large","max-video-preview":"max-video-preview:-1"},"canonical":"https:\/\/hutfactory.com\/?product=damen-panamahut-cloche-leather-braid","og_locale":"de_DE","og_type":"article","og_title":"Damen Panamahut Cloche \"leather-braid\"","og_description":"Entdecken Sie unseren handgefertigten Damenhut Cloche aus 100% Panama mit edlem Ledergeflecht-Hutband. Handmade in Switzerland.","og_url":"https:\/\/hutfactory.com\/?product=damen-panamahut-cloche-leather-braid","og_site_name":"Hut Factory","article_modified_time":"2026-03-10T10:30:01+00:00","og_image":[{"width":750,"height":750,"url":"https:\/\/hutfactory.com\/wp-content\/uploads\/2026\/03\/32504270.webp","type":"image\/webp"}],"twitter_card":"summary_large_image","twitter_misc":{"Gesch\u00e4tzte Lesezeit":"2\u00a0Minuten"},"schema":{"@context":"https:\/\/schema.org","@graph":[{"@type":"WebPage","@id":"https:\/\/hutfactory.com\/?product=damen-panamahut-cloche-leather-braid","url":"https:\/\/hutfactory.com\/?product=damen-panamahut-cloche-leather-braid","name":"Eleganter Damenhut Cloche aus Panamageflecht","isPartOf":{"@id":"https:\/\/hutfactory.com\/#website"},"primaryImageOfPage":{"@id":"https:\/\/hutfactory.com\/?product=damen-panamahut-cloche-leather-braid#primaryimage"},"image":{"@id":"https:\/\/hutfactory.com\/?product=damen-panamahut-cloche-leather-braid#primaryimage"},"thumbnailUrl":"https:\/\/hutfactory.com\/wp-content\/uploads\/2026\/03\/32504270.webp","datePublished":"2026-03-10T10:08:20+00:00","dateModified":"2026-03-10T10:30:01+00:00","description":"Entdecken Sie unseren handgefertigten Damenhut Cloche aus 100% Panama mit edlem Ledergeflecht-Hutband. Handmade in Switzerland.","breadcrumb":{"@id":"https:\/\/hutfactory.com\/?product=damen-panamahut-cloche-leather-braid#breadcrumb"},"inLanguage":"de","potentialAction":[{"@type":"ReadAction","target":["https:\/\/hutfactory.com\/?product=damen-panamahut-cloche-leather-braid"]}]},{"@type":"ImageObject","inLanguage":"de","@id":"https:\/\/hutfactory.com\/?product=damen-panamahut-cloche-leather-braid#primaryimage","url":"https:\/\/hutfactory.com\/wp-content\/uploads\/2026\/03\/32504270.webp","contentUrl":"https:\/\/hutfactory.com\/wp-content\/uploads\/2026\/03\/32504270.webp","width":750,"height":750,"caption":"Der Damen Panamahut Cloche \"leather-braid\" \u00fcberzeugt durch ein elegantes Design mit 8 cm Krempe und einer hochwertigen Garnitur aus Rebsband und geflochtenem Leder \u0096 in Natur oder Nougat erh\u00e4ltlich.|Der Damen Panamahut Cloche \"leather-braid\" \u00fcberzeugt durch ein elegantes Design mit 8 cm Krempe und einer hochwertigen Garnitur aus Rebsband und geflochtenem Leder \u0096 in Natur oder Nougat erh\u00e4ltlich.|Der Damen Panamahut Cloche \"leather-braid\" \u00fcberzeugt durch ein elegantes Design mit 8 cm Krempe und einer hochwertigen Garnitur aus Rebsband und geflochtenem Leder \u0096 in Natur oder Nougat erh\u00e4ltlich.|||"},{"@type":"BreadcrumbList","@id":"https:\/\/hutfactory.com\/?product=damen-panamahut-cloche-leather-braid#breadcrumb","itemListElement":[{"@type":"ListItem","position":1,"name":"Start","item":"https:\/\/hutfactory.com\/"},{"@type":"ListItem","position":2,"name":"Shop","item":"https:\/\/hutfactory.com\/?page_id=10"},{"@type":"ListItem","position":3,"name":"Damen Panamahut Cloche &#8220;leather-braid&#8221;"}]},{"@type":"WebSite","@id":"https:\/\/hutfactory.com\/#website","url":"https:\/\/hutfactory.com\/","name":"Hut Factory","description":"H\u00fcte, Kappen &amp; M\u00fctzen in Top Swiss\/EU Qualit\u00e4t","publisher":{"@id":"https:\/\/hutfactory.com\/#organization"},"alternateName":"Hut Shop","potentialAction":[{"@type":"SearchAction","target":{"@type":"EntryPoint","urlTemplate":"https:\/\/hutfactory.com\/?s={search_term_string}"},"query-input":{"@type":"PropertyValueSpecification","valueRequired":true,"valueName":"search_term_string"}}],"inLanguage":"de"},{"@type":"Organization","@id":"https:\/\/hutfactory.com\/#organization","name":"Hut Factory","url":"https:\/\/hutfactory.com\/","logo":{"@type":"ImageObject","inLanguage":"de","@id":"https:\/\/hutfactory.com\/#\/schema\/logo\/image\/","url":"https:\/\/hutfactory.com\/wp-content\/uploads\/2026\/01\/Logo-hut-factory-1.webp","contentUrl":"https:\/\/hutfactory.com\/wp-content\/uploads\/2026\/01\/Logo-hut-factory-1.webp","width":300,"height":262,"caption":"Hut Factory"},"image":{"@id":"https:\/\/hutfactory.com\/#\/schema\/logo\/image\/"}}]}},"_links":{"self":[{"href":"https:\/\/hutfactory.com\/index.php?rest_route=\/wp\/v2\/product\/16566","targetHints":{"allow":["GET"]}}],"collection":[{"href":"https:\/\/hutfactory.com\/index.php?rest_route=\/wp\/v2\/product"}],"about":[{"href":"https:\/\/hutfactory.com\/index.php?rest_route=\/wp\/v2\/types\/product"}],"wp:featuredmedia":[{"embeddable":true,"href":"https:\/\/hutfactory.com\/index.php?rest_route=\/wp\/v2\/media\/16567"}],"wp:attachment":[{"href":"https:\/\/hutfactory.com\/index.php?rest_route=%2Fwp%2Fv2%2Fmedia&parent=16566"}],"wp:term":[{"taxonomy":"product_brand","embeddable":true,"href":"https:\/\/hutfactory.com\/index.php?rest_route=%2Fwp%2Fv2%2Fproduct_brand&post=16566"},{"taxonomy":"product_cat","embeddable":true,"href":"https:\/\/hutfactory.com\/index.php?rest_route=%2Fwp%2Fv2%2Fproduct_cat&post=16566"},{"taxonomy":"product_tag","embeddable":true,"href":"https:\/\/hutfactory.com\/index.php?rest_route=%2Fwp%2Fv2%2Fproduct_tag&post=16566"}],"curies":[{"name":"wp","href":"https:\/\/api.w.org\/{rel}","templated":true}]}}