{"id":16563,"date":"2026-03-10T10:08:20","date_gmt":"2026-03-10T10:08:20","guid":{"rendered":"https:\/\/hutfactory.com\/?product=strohhut-player-bronze-loving"},"modified":"2026-03-10T10:10:33","modified_gmt":"2026-03-10T10:10:33","slug":"strohhut-player-bronze-loving","status":"publish","type":"product","link":"https:\/\/hutfactory.com\/?product=strohhut-player-bronze-loving","title":{"rendered":"Strohhut Player &#8220;Bronze Loving&#8221;"},"content":{"rendered":"<h3 class=\"\" data-start=\"403\" data-end=\"455\"><strong data-start=\"407\" data-end=\"455\">Ein Must-have f\u00fcr stilbewusste Sommermomente<\/strong><\/h3>\n<p class=\"\" data-start=\"457\" data-end=\"801\">Die elegante Kombination aus Viscose und Weizenstroh sorgt f\u00fcr eine feine, leicht schimmernde Struktur mit hoher Atmungsaktivit\u00e4t. Die Farbgebung in Br\u00fcniert-Bronze mit feinem Muster erinnert an mediterrane Eleganz, w\u00e4hrend das bronzefarbene Grosgrain-Band mit ikonischem <em data-start=\"726\" data-end=\"742\">Risa seit 1919<\/em> Qualit\u00e4tsknopf f\u00fcr einen Hauch klassischer Noblesse sorgt.<\/p>\n<p class=\"\" data-start=\"803\" data-end=\"824\"><strong data-start=\"803\" data-end=\"824\">Perfekt f\u00fcr\u0085.. ??<\/strong><\/p>\n<p class=\"\" data-start=\"826\" data-end=\"981\"><strong data-start=\"826\" data-end=\"853\">?? Sommerliche Anl\u00e4sse:<\/strong><br data-start=\"853\" data-end=\"856\" \/>Ob auf dem Markt in der Provence, am Seeufer oder im Gartenlokal \u0096 dieser Trilby verleiht Ihrem Sommerlook Tiefe und Eleganz.<\/p>\n<p class=\"\" data-start=\"983\" data-end=\"1179\"><strong data-start=\"983\" data-end=\"1015\">?? Elegante &#038; urbane Events:<\/strong><br data-start=\"1015\" data-end=\"1018\" \/>Ein Statement f\u00fcr Modekenner \u0096 ideal kombiniert zu Leinenanzug, Hemd oder leichter Sommerjacke. Auch f\u00fcr Hochzeiten oder Sommer-Festivals mit Stil ein Hingucker.<\/p>\n<p class=\"\" data-start=\"1181\" data-end=\"1359\"><strong data-start=\"1181\" data-end=\"1211\">?? Natur- und Modebewusst:<\/strong><br data-start=\"1211\" data-end=\"1214\" \/>Der Materialmix aus Naturfasern und die Herstellung in Europa vereinen Nachhaltigkeit, Komfort und Qualit\u00e4t \u0096 fair produziert, langlebig gedacht.<\/p>\n<div class=\"hf-accordions\">\n<hr class=\"hf-accordion-separator\" \/>\n<details class=\"hf-accordion\">\n<summary><strong>\u25b6\ufe0f Gut zu wissen \u2013 mehr erfahren<\/strong><\/summary>\n<div class=\"hf-accordion-content\">\n<h3 class=\"\" data-start=\"1361\" data-end=\"1393\"><strong data-start=\"1365\" data-end=\"1393\">Eigenschaften &#038; Details:<\/strong><\/h3>\n<ul data-start=\"1394\" data-end=\"1843\">\n<li class=\"\" data-start=\"1394\" data-end=\"1470\">\n<p class=\"\" data-start=\"1396\" data-end=\"1470\"><strong data-start=\"1396\" data-end=\"1409\">Material:<\/strong> 50% Viscose \/ 50% Weizenstroh \u0096 leicht, luftig, formstabil<\/p>\n<\/li>\n<li class=\"\" data-start=\"1471\" data-end=\"1551\">\n<p class=\"\" data-start=\"1473\" data-end=\"1551\"><strong data-start=\"1473\" data-end=\"1488\">Randbreite:<\/strong> 4.0 cm \u0096 schmal und stilvoll, ideal f\u00fcr modische Sommerlooks<\/p>\n<\/li>\n<li class=\"\" data-start=\"1552\" data-end=\"1621\">\n<p class=\"\" data-start=\"1554\" data-end=\"1621\"><strong data-start=\"1554\" data-end=\"1567\">Kopfh\u00f6he:<\/strong> 10.5 cm \u0096 markante Trilby-Krone mit modernem Profil<\/p>\n<\/li>\n<li class=\"\" data-start=\"1622\" data-end=\"1677\">\n<p class=\"\" data-start=\"1624\" data-end=\"1677\"><strong data-start=\"1624\" data-end=\"1635\">Farben:<\/strong> Br\u00fcniert mit feinem Muster in Bronze-T\u00f6nen<\/p>\n<\/li>\n<li class=\"\" data-start=\"1678\" data-end=\"1759\">\n<p class=\"\" data-start=\"1680\" data-end=\"1759\"><strong data-start=\"1680\" data-end=\"1693\">Garnitur:<\/strong> Bronzefarbenes Grosgrainband mit Masche und Risa Qualit\u00e4tsknopf<\/p>\n<\/li>\n<li class=\"\" data-start=\"1760\" data-end=\"1823\">\n<p class=\"\" data-start=\"1762\" data-end=\"1823\"><strong data-start=\"1762\" data-end=\"1778\">Schwei\u00dfband:<\/strong> Weiches Textilband f\u00fcr besten Tragekomfort<\/p>\n<\/li>\n<li class=\"\" data-start=\"1824\" data-end=\"1843\">\n<p class=\"\" data-start=\"1826\" data-end=\"1843\"><strong data-start=\"1826\" data-end=\"1837\">Gr\u00f6\u00dfen:<\/strong> 54\u009664<\/p>\n<\/li>\n<\/ul>\n<h3 class=\"\" data-start=\"1845\" data-end=\"1874\"><strong data-start=\"1849\" data-end=\"1874\">Design &#038; Verarbeitung<\/strong><\/h3>\n<p class=\"\" data-start=\"1875\" data-end=\"2143\">Ein echtes Designstatement: Die gewebte Textur mit subtilen Farbakzenten in Bronze, Terrakotta und Gr\u00fcn wirkt lebendig und luxuri\u00f6s zugleich. Die Trilby-Form unterstreicht Ihre Gesichtsz\u00fcge und verleiht jedem Outfit eine stilvolle Note \u0096 urban, mediterran und zeitlos.<\/p>\n<h3 class=\"\" data-start=\"2145\" data-end=\"2181\"><strong data-start=\"2149\" data-end=\"2181\">Handgefertigt in der Schweiz<\/strong><\/h3>\n<p class=\"\" data-start=\"2182\" data-end=\"2472\">In der traditionsreichen Risa Hutwerkstatt entwickelt und auf Bestellung in Europa gefertigt \u0096 mit viel Erfahrung, Herzblut und h\u00f6chsten Qualit\u00e4tsanspr\u00fcchen. Kurze Lieferwege und faire Bedingungen sind dabei ebenso selbstverst\u00e4ndlich wie das Know-how aus \u00fcber 100 Jahren Hutmachertradition.<\/p>\n<h3 class=\"\" data-start=\"2474\" data-end=\"2507\"><strong data-start=\"2478\" data-end=\"2507\">Nachhaltigkeit &#038; Qualit\u00e4t<\/strong><\/h3>\n<ul data-start=\"2508\" data-end=\"2765\">\n<li class=\"\" data-start=\"2508\" data-end=\"2604\">\n<p class=\"\" data-start=\"2510\" data-end=\"2604\"><strong data-start=\"2510\" data-end=\"2537\">Nat\u00fcrliche Materialien:<\/strong> Weizenstroh und Viscose \u0096 biologisch abbaubar und hautfreundlich<\/p>\n<\/li>\n<li class=\"\" data-start=\"2605\" data-end=\"2692\">\n<p class=\"\" data-start=\"2607\" data-end=\"2692\"><strong data-start=\"2607\" data-end=\"2634\">Handarbeit &#038; Tradition:<\/strong> Jedes Modell ein Unikat, mit Liebe zum Detail gefertigt<\/p>\n<\/li>\n<li class=\"\" data-start=\"2693\" data-end=\"2765\">\n<p class=\"\" data-start=\"2695\" data-end=\"2765\"><strong data-start=\"2695\" data-end=\"2713\">Langlebigkeit:<\/strong> Hochwertige Verarbeitung f\u00fcr viele stilvolle Sommer<\/p>\n<\/li>\n<\/ul>\n<h3 class=\"\" data-start=\"2767\" data-end=\"2796\"><strong data-start=\"2771\" data-end=\"2796\">Herstellung &#038; Versand<\/strong><\/h3>\n<ul data-start=\"2797\" data-end=\"3194\">\n<li class=\"\" data-start=\"2797\" data-end=\"2860\">\n<p class=\"\" data-start=\"2799\" data-end=\"2860\"><strong data-start=\"2799\" data-end=\"2828\">Fertigung auf Bestellung:<\/strong> Individuell f\u00fcr Sie gefertigt<\/p>\n<\/li>\n<li class=\"\" data-start=\"2861\" data-end=\"2929\">\n<p class=\"\" data-start=\"2863\" data-end=\"2929\"><strong data-start=\"2863\" data-end=\"2884\">Herstellungszeit:<\/strong> 10 bis 15 Arbeitstage nach Zahlungseingang<\/p>\n<\/li>\n<li class=\"\" data-start=\"2930\" data-end=\"3009\">\n<p class=\"\" data-start=\"2932\" data-end=\"3009\"><strong data-start=\"2932\" data-end=\"2944\">Versand:<\/strong> Innerhalb weniger Tage nach Fertigstellung ab Standort Schweiz<\/p>\n<\/li>\n<li class=\"\" data-start=\"3010\" data-end=\"3079\">\n<p class=\"\" data-start=\"3012\" data-end=\"3079\"><strong data-start=\"3012\" data-end=\"3025\">Garantie:<\/strong> Umtausch nur bei Material- oder Herstellungsfehlern<\/p>\n<\/li>\n<li class=\"\" data-start=\"3080\" data-end=\"3139\">\n<p class=\"\" data-start=\"3082\" data-end=\"3139\"><strong data-start=\"3082\" data-end=\"3100\">R\u00fcckgaberecht:<\/strong> Keine R\u00fcckgabe, da Sonderanfertigung<\/p>\n<\/li>\n<li class=\"\" data-start=\"3140\" data-end=\"3194\">\n<p class=\"\" data-start=\"3142\" data-end=\"3194\"><strong data-start=\"3142\" data-end=\"3160\">Verf\u00fcgbarkeit:<\/strong> Solange der Rohstoffvorrat reicht<\/p>\n<\/li>\n<\/ul>\n<\/div>\n<\/details>\n<details class=\"hf-accordion\">\n<summary><strong>\u25b6\ufe0f FAQ \u2013 H\u00e4ufige Fragen<\/strong><\/summary>\n<div class=\"hf-accordion-content\">\n<h3 class=\"\" data-start=\"3196\" data-end=\"3224\"><strong data-start=\"3200\" data-end=\"3224\">FAQ \u0096 H\u00e4ufige Fragen<\/strong><\/h3>\n<p class=\"\" data-start=\"3226\" data-end=\"3376\"><strong data-start=\"3226\" data-end=\"3265\">Wie sch\u00fctzt mich der Hut vor Sonne?<\/strong><br data-start=\"3265\" data-end=\"3268\" \/>Die dichte Webung und breite Krone bieten nat\u00fcrlichen Schatten \u0096 idealer UV-Schutz f\u00fcr Gesicht und Oberkopf.<\/p>\n<p class=\"\" data-start=\"3378\" data-end=\"3501\"><strong data-start=\"3378\" data-end=\"3424\">Kann ich den Hut mit in die Ferien nehmen?<\/strong><br data-start=\"3424\" data-end=\"3427\" \/>Ja, er ist leicht und robust. Wir empfehlen den Transport in einer Hutbox.<\/p>\n<p class=\"\" data-start=\"3503\" data-end=\"3647\"><strong data-start=\"3503\" data-end=\"3530\">Ist der Hut windstabil?<\/strong><br data-start=\"3530\" data-end=\"3533\" \/>Durch die tiefe Passform sitzt er gut am Kopf. Optional kann ein d\u00fcnnes Hutband als Haltesicherung erg\u00e4nzt werden.<\/p>\n<p class=\"\" data-start=\"3649\" data-end=\"3773\"><strong data-start=\"3649\" data-end=\"3689\">Passt der Hut zu formeller Kleidung?<\/strong><br data-start=\"3689\" data-end=\"3692\" \/>Absolut \u0096 das edle Design harmoniert perfekt mit Sommeranz\u00fcgen, Hemden und Sakko.<\/p>\n<\/div>\n<\/details>\n<\/div>\n","protected":false},"excerpt":{"rendered":"<h3 class=\"\" data-start=\"0\" data-end=\"80\"><strong data-start=\"4\" data-end=\"80\">Eleganz in Bronze f\u00fcr sonnige Auftritte<\/strong><\/h3>\n<p class=\"\" data-start=\"82\" data-end=\"401\">Mit seinem raffinierten Farbspiel in Br\u00fcniert und Bronze zieht der \u0084bronze loving\u0093 Trilby-Hut alle Blicke auf sich. Die schmale Krempe, die typische Trilby-Krone und das strukturierte Material verleihen dieser Kopfbedeckung einen modernen Twist, der sowohl modische Trendsetter als auch klassische Hutliebhaber begeistert.<\/p>\n","protected":false},"featured_media":16564,"template":"","meta":{"_acf_changed":false,"rs_blank_template":"","rs_page_bg_color":"","slide_template_v7":""},"product_brand":[250],"product_cat":[606,275],"product_tag":[],"class_list":{"0":"post-16563","1":"product","2":"type-product","3":"status-publish","4":"has-post-thumbnail","6":"product_brand-risa-hutwerkstatt-schweiz","7":"product_cat-player-sommerhuete","8":"product_cat-sommerhuete","9":"product_shipping_class-mittlere-pakete","10":"pa_color-brueniert","11":"pa_groesse-206","12":"pa_groesse-196","13":"pa_groesse-207","14":"pa_groesse-197","15":"pa_groesse-208","16":"pa_groesse-198","17":"pa_groesse-209","18":"pa_groesse-199","19":"pa_groesse-210","20":"yith_product_brand-risa-hutwerkstatt-schweiz","23":"instock","24":"featured","25":"taxable","26":"shipping-taxable","27":"purchasable","28":"product-type-variable","29":"wvs-archive-product-wrapper","30":"add-to-wishlist-after_add_to_cart"},"acf":[],"yoast_head":"<!-- This site is optimized with the Yoast SEO Premium plugin v27.3 (Yoast SEO v27.3) - https:\/\/yoast.com\/product\/yoast-seo-premium-wordpress\/ -->\n<title>Der stilvoll sportliche Sommerhut Trilby BRONZE LOVING<\/title>\n<meta name=\"description\" content=\"Entdecken Sie den Trilby BRONZE LOVING Hut \u0096 Handgefertigt in der Schweiz, verleiht dieser sportliche Hut Ihrem Look das gewisse Etwas f\u00fcr jeden Anlass.\" \/>\n<meta name=\"robots\" content=\"index, follow, max-snippet:-1, max-image-preview:large, max-video-preview:-1\" \/>\n<link rel=\"canonical\" href=\"https:\/\/hutfactory.com\/?product=strohhut-player-bronze-loving\" \/>\n<meta property=\"og:locale\" content=\"de_DE\" \/>\n<meta property=\"og:type\" content=\"article\" \/>\n<meta property=\"og:title\" content=\"Strohhut Player &quot;Bronze Loving&quot;\" \/>\n<meta property=\"og:description\" content=\"Entdecken Sie den Trilby BRONZE LOVING Hut \u0096 Handgefertigt in der Schweiz, verleiht dieser sportliche Hut Ihrem Look das gewisse Etwas f\u00fcr jeden Anlass.\" \/>\n<meta property=\"og:url\" content=\"https:\/\/hutfactory.com\/?product=strohhut-player-bronze-loving\" \/>\n<meta property=\"og:site_name\" content=\"Hut Factory\" \/>\n<meta property=\"article:modified_time\" content=\"2026-03-10T10:10:33+00:00\" \/>\n<meta property=\"og:image\" content=\"https:\/\/hutfactory.com\/wp-content\/uploads\/2026\/03\/42602501-scaled-e1668519356694-1.webp\" \/>\n\t<meta property=\"og:image:width\" content=\"750\" \/>\n\t<meta property=\"og:image:height\" content=\"750\" \/>\n\t<meta property=\"og:image:type\" content=\"image\/webp\" \/>\n<meta name=\"twitter:card\" content=\"summary_large_image\" \/>\n<meta name=\"twitter:label1\" content=\"Gesch\u00e4tzte Lesezeit\" \/>\n\t<meta name=\"twitter:data1\" content=\"2\u00a0Minuten\" \/>\n<script type=\"application\/ld+json\" class=\"yoast-schema-graph\">{\"@context\":\"https:\\\/\\\/schema.org\",\"@graph\":[{\"@type\":\"WebPage\",\"@id\":\"https:\\\/\\\/hutfactory.com\\\/?product=strohhut-player-bronze-loving\",\"url\":\"https:\\\/\\\/hutfactory.com\\\/?product=strohhut-player-bronze-loving\",\"name\":\"Der stilvoll sportliche Sommerhut Trilby BRONZE LOVING\",\"isPartOf\":{\"@id\":\"https:\\\/\\\/hutfactory.com\\\/#website\"},\"primaryImageOfPage\":{\"@id\":\"https:\\\/\\\/hutfactory.com\\\/?product=strohhut-player-bronze-loving#primaryimage\"},\"image\":{\"@id\":\"https:\\\/\\\/hutfactory.com\\\/?product=strohhut-player-bronze-loving#primaryimage\"},\"thumbnailUrl\":\"https:\\\/\\\/hutfactory.com\\\/wp-content\\\/uploads\\\/2026\\\/03\\\/42602501-scaled-e1668519356694-1.webp\",\"datePublished\":\"2026-03-10T10:08:20+00:00\",\"dateModified\":\"2026-03-10T10:10:33+00:00\",\"description\":\"Entdecken Sie den Trilby BRONZE LOVING Hut \u0096 Handgefertigt in der Schweiz, verleiht dieser sportliche Hut Ihrem Look das gewisse Etwas f\u00fcr jeden Anlass.\",\"breadcrumb\":{\"@id\":\"https:\\\/\\\/hutfactory.com\\\/?product=strohhut-player-bronze-loving#breadcrumb\"},\"inLanguage\":\"de\",\"potentialAction\":[{\"@type\":\"ReadAction\",\"target\":[\"https:\\\/\\\/hutfactory.com\\\/?product=strohhut-player-bronze-loving\"]}]},{\"@type\":\"ImageObject\",\"inLanguage\":\"de\",\"@id\":\"https:\\\/\\\/hutfactory.com\\\/?product=strohhut-player-bronze-loving#primaryimage\",\"url\":\"https:\\\/\\\/hutfactory.com\\\/wp-content\\\/uploads\\\/2026\\\/03\\\/42602501-scaled-e1668519356694-1.webp\",\"contentUrl\":\"https:\\\/\\\/hutfactory.com\\\/wp-content\\\/uploads\\\/2026\\\/03\\\/42602501-scaled-e1668519356694-1.webp\",\"width\":750,\"height\":750,\"caption\":\"Luftiger Sommerhut mit flacher Krempe und edler Garnitur \u0096 handgefertigt in Europa f\u00fcr die Schweizer Manufaktur Risa|\"},{\"@type\":\"BreadcrumbList\",\"@id\":\"https:\\\/\\\/hutfactory.com\\\/?product=strohhut-player-bronze-loving#breadcrumb\",\"itemListElement\":[{\"@type\":\"ListItem\",\"position\":1,\"name\":\"Start\",\"item\":\"https:\\\/\\\/hutfactory.com\\\/\"},{\"@type\":\"ListItem\",\"position\":2,\"name\":\"Shop\",\"item\":\"https:\\\/\\\/hutfactory.com\\\/?page_id=10\"},{\"@type\":\"ListItem\",\"position\":3,\"name\":\"Strohhut Player &#8220;Bronze Loving&#8221;\"}]},{\"@type\":\"WebSite\",\"@id\":\"https:\\\/\\\/hutfactory.com\\\/#website\",\"url\":\"https:\\\/\\\/hutfactory.com\\\/\",\"name\":\"Hut Factory\",\"description\":\"H\u00fcte, Kappen &amp; M\u00fctzen in Top Swiss\\\/EU Qualit\u00e4t\",\"publisher\":{\"@id\":\"https:\\\/\\\/hutfactory.com\\\/#organization\"},\"alternateName\":\"Hut Shop\",\"potentialAction\":[{\"@type\":\"SearchAction\",\"target\":{\"@type\":\"EntryPoint\",\"urlTemplate\":\"https:\\\/\\\/hutfactory.com\\\/?s={search_term_string}\"},\"query-input\":{\"@type\":\"PropertyValueSpecification\",\"valueRequired\":true,\"valueName\":\"search_term_string\"}}],\"inLanguage\":\"de\"},{\"@type\":\"Organization\",\"@id\":\"https:\\\/\\\/hutfactory.com\\\/#organization\",\"name\":\"Hut Factory\",\"url\":\"https:\\\/\\\/hutfactory.com\\\/\",\"logo\":{\"@type\":\"ImageObject\",\"inLanguage\":\"de\",\"@id\":\"https:\\\/\\\/hutfactory.com\\\/#\\\/schema\\\/logo\\\/image\\\/\",\"url\":\"https:\\\/\\\/hutfactory.com\\\/wp-content\\\/uploads\\\/2026\\\/01\\\/Logo-hut-factory-1.webp\",\"contentUrl\":\"https:\\\/\\\/hutfactory.com\\\/wp-content\\\/uploads\\\/2026\\\/01\\\/Logo-hut-factory-1.webp\",\"width\":300,\"height\":262,\"caption\":\"Hut Factory\"},\"image\":{\"@id\":\"https:\\\/\\\/hutfactory.com\\\/#\\\/schema\\\/logo\\\/image\\\/\"}}]}<\/script>\n<!-- \/ Yoast SEO Premium plugin. -->","yoast_head_json":{"title":"Der stilvoll sportliche Sommerhut Trilby BRONZE LOVING","description":"Entdecken Sie den Trilby BRONZE LOVING Hut \u0096 Handgefertigt in der Schweiz, verleiht dieser sportliche Hut Ihrem Look das gewisse Etwas f\u00fcr jeden Anlass.","robots":{"index":"index","follow":"follow","max-snippet":"max-snippet:-1","max-image-preview":"max-image-preview:large","max-video-preview":"max-video-preview:-1"},"canonical":"https:\/\/hutfactory.com\/?product=strohhut-player-bronze-loving","og_locale":"de_DE","og_type":"article","og_title":"Strohhut Player \"Bronze Loving\"","og_description":"Entdecken Sie den Trilby BRONZE LOVING Hut \u0096 Handgefertigt in der Schweiz, verleiht dieser sportliche Hut Ihrem Look das gewisse Etwas f\u00fcr jeden Anlass.","og_url":"https:\/\/hutfactory.com\/?product=strohhut-player-bronze-loving","og_site_name":"Hut Factory","article_modified_time":"2026-03-10T10:10:33+00:00","og_image":[{"width":750,"height":750,"url":"https:\/\/hutfactory.com\/wp-content\/uploads\/2026\/03\/42602501-scaled-e1668519356694-1.webp","type":"image\/webp"}],"twitter_card":"summary_large_image","twitter_misc":{"Gesch\u00e4tzte Lesezeit":"2\u00a0Minuten"},"schema":{"@context":"https:\/\/schema.org","@graph":[{"@type":"WebPage","@id":"https:\/\/hutfactory.com\/?product=strohhut-player-bronze-loving","url":"https:\/\/hutfactory.com\/?product=strohhut-player-bronze-loving","name":"Der stilvoll sportliche Sommerhut Trilby BRONZE LOVING","isPartOf":{"@id":"https:\/\/hutfactory.com\/#website"},"primaryImageOfPage":{"@id":"https:\/\/hutfactory.com\/?product=strohhut-player-bronze-loving#primaryimage"},"image":{"@id":"https:\/\/hutfactory.com\/?product=strohhut-player-bronze-loving#primaryimage"},"thumbnailUrl":"https:\/\/hutfactory.com\/wp-content\/uploads\/2026\/03\/42602501-scaled-e1668519356694-1.webp","datePublished":"2026-03-10T10:08:20+00:00","dateModified":"2026-03-10T10:10:33+00:00","description":"Entdecken Sie den Trilby BRONZE LOVING Hut \u0096 Handgefertigt in der Schweiz, verleiht dieser sportliche Hut Ihrem Look das gewisse Etwas f\u00fcr jeden Anlass.","breadcrumb":{"@id":"https:\/\/hutfactory.com\/?product=strohhut-player-bronze-loving#breadcrumb"},"inLanguage":"de","potentialAction":[{"@type":"ReadAction","target":["https:\/\/hutfactory.com\/?product=strohhut-player-bronze-loving"]}]},{"@type":"ImageObject","inLanguage":"de","@id":"https:\/\/hutfactory.com\/?product=strohhut-player-bronze-loving#primaryimage","url":"https:\/\/hutfactory.com\/wp-content\/uploads\/2026\/03\/42602501-scaled-e1668519356694-1.webp","contentUrl":"https:\/\/hutfactory.com\/wp-content\/uploads\/2026\/03\/42602501-scaled-e1668519356694-1.webp","width":750,"height":750,"caption":"Luftiger Sommerhut mit flacher Krempe und edler Garnitur \u0096 handgefertigt in Europa f\u00fcr die Schweizer Manufaktur Risa|"},{"@type":"BreadcrumbList","@id":"https:\/\/hutfactory.com\/?product=strohhut-player-bronze-loving#breadcrumb","itemListElement":[{"@type":"ListItem","position":1,"name":"Start","item":"https:\/\/hutfactory.com\/"},{"@type":"ListItem","position":2,"name":"Shop","item":"https:\/\/hutfactory.com\/?page_id=10"},{"@type":"ListItem","position":3,"name":"Strohhut Player &#8220;Bronze Loving&#8221;"}]},{"@type":"WebSite","@id":"https:\/\/hutfactory.com\/#website","url":"https:\/\/hutfactory.com\/","name":"Hut Factory","description":"H\u00fcte, Kappen &amp; M\u00fctzen in Top Swiss\/EU Qualit\u00e4t","publisher":{"@id":"https:\/\/hutfactory.com\/#organization"},"alternateName":"Hut Shop","potentialAction":[{"@type":"SearchAction","target":{"@type":"EntryPoint","urlTemplate":"https:\/\/hutfactory.com\/?s={search_term_string}"},"query-input":{"@type":"PropertyValueSpecification","valueRequired":true,"valueName":"search_term_string"}}],"inLanguage":"de"},{"@type":"Organization","@id":"https:\/\/hutfactory.com\/#organization","name":"Hut Factory","url":"https:\/\/hutfactory.com\/","logo":{"@type":"ImageObject","inLanguage":"de","@id":"https:\/\/hutfactory.com\/#\/schema\/logo\/image\/","url":"https:\/\/hutfactory.com\/wp-content\/uploads\/2026\/01\/Logo-hut-factory-1.webp","contentUrl":"https:\/\/hutfactory.com\/wp-content\/uploads\/2026\/01\/Logo-hut-factory-1.webp","width":300,"height":262,"caption":"Hut Factory"},"image":{"@id":"https:\/\/hutfactory.com\/#\/schema\/logo\/image\/"}}]}},"_links":{"self":[{"href":"https:\/\/hutfactory.com\/index.php?rest_route=\/wp\/v2\/product\/16563","targetHints":{"allow":["GET"]}}],"collection":[{"href":"https:\/\/hutfactory.com\/index.php?rest_route=\/wp\/v2\/product"}],"about":[{"href":"https:\/\/hutfactory.com\/index.php?rest_route=\/wp\/v2\/types\/product"}],"wp:featuredmedia":[{"embeddable":true,"href":"https:\/\/hutfactory.com\/index.php?rest_route=\/wp\/v2\/media\/16564"}],"wp:attachment":[{"href":"https:\/\/hutfactory.com\/index.php?rest_route=%2Fwp%2Fv2%2Fmedia&parent=16563"}],"wp:term":[{"taxonomy":"product_brand","embeddable":true,"href":"https:\/\/hutfactory.com\/index.php?rest_route=%2Fwp%2Fv2%2Fproduct_brand&post=16563"},{"taxonomy":"product_cat","embeddable":true,"href":"https:\/\/hutfactory.com\/index.php?rest_route=%2Fwp%2Fv2%2Fproduct_cat&post=16563"},{"taxonomy":"product_tag","embeddable":true,"href":"https:\/\/hutfactory.com\/index.php?rest_route=%2Fwp%2Fv2%2Fproduct_tag&post=16563"}],"curies":[{"name":"wp","href":"https:\/\/api.w.org\/{rel}","templated":true}]}}