{"id":16555,"date":"2026-03-10T10:08:20","date_gmt":"2026-03-10T10:08:20","guid":{"rendered":"https:\/\/hutfactory.com\/?product=strohhut-cloche-bronze-loving"},"modified":"2026-03-10T10:30:01","modified_gmt":"2026-03-10T10:30:01","slug":"strohhut-cloche-bronze-loving","status":"publish","type":"product","link":"https:\/\/hutfactory.com\/?product=strohhut-cloche-bronze-loving","title":{"rendered":"Strohhut Cloche &#8220;Bronze Loving&#8221;"},"content":{"rendered":"<h3 data-start=\"65\" data-end=\"106\">Zeitlose Raffinesse in Bronzet\u00f6nen<\/h3>\n<p class=\"\" data-start=\"107\" data-end=\"380\">Der <em data-start=\"111\" data-end=\"144\">Damenhut Cloche \u0084Bronze Loving\u0093<\/em> vereint klassische Hutmacherkunst mit einem modernen Farbtwist. Die warme Bronzef\u00e4rbung und das fein abgestimmte Garnbild machen ihn zu einem echten Highlight f\u00fcr stilbewusste Frauen, die nat\u00fcrliche Materialien und klare Formen lieben.<\/p>\n<div class=\"hf-accordions\">\n<hr class=\"hf-accordion-separator\" \/>\n<details class=\"hf-accordion\">\n<summary><strong>\u25b6\ufe0f Gut zu wissen \u2013 mehr erfahren<\/strong><\/summary>\n<div class=\"hf-accordion-content\">\n<h3 class=\"\" data-start=\"1249\" data-end=\"1278\">Eigenschaften &#038; Details<\/h3>\n<p class=\"\" data-start=\"1279\" data-end=\"1774\"><strong data-start=\"1279\" data-end=\"1292\">Material:<\/strong> 50?% Viskose \/ 50?% Weizenstroh \u0096 leicht, formstabil und angenehm k\u00fchlend<br data-start=\"1366\" data-end=\"1369\" \/><strong data-start=\"1369\" data-end=\"1384\">Randbreite:<\/strong> 6.5 cm \u0096 kompakt und stilvoll mit klassischer Ausstrahlung<br data-start=\"1443\" data-end=\"1446\" \/><strong data-start=\"1446\" data-end=\"1459\">Kopfh\u00f6he:<\/strong> 10.0 cm \u0096 elegante Cloche-Form mit harmonischem Profil<br data-start=\"1514\" data-end=\"1517\" \/><strong data-start=\"1517\" data-end=\"1528\">Farben:<\/strong> Bronze \u0096 changierend in warmen T\u00f6nen mit strukturierter Oberfl\u00e4che<br data-start=\"1595\" data-end=\"1598\" \/><strong data-start=\"1598\" data-end=\"1611\">Garnitur:<\/strong> Bronzefarbenes Rebsband mit Schleife und <em data-start=\"1653\" data-end=\"1659\">Risa<\/em>-Qualit\u00e4tsknopf<br data-start=\"1674\" data-end=\"1677\" \/><strong data-start=\"1677\" data-end=\"1693\">Schwei\u00dfband:<\/strong> Textilband, sorgf\u00e4ltig eingen\u00e4ht f\u00fcr h\u00f6chsten Tragekomfort<br data-start=\"1752\" data-end=\"1755\" \/><strong data-start=\"1755\" data-end=\"1766\">Gr\u00f6\u00dfen:<\/strong> 54\u009661<\/p>\n<h3 class=\"\" data-start=\"1776\" data-end=\"1803\">Design &#038; Verarbeitung<\/h3>\n<p class=\"\" data-start=\"1804\" data-end=\"2051\">Die Cloche-Silhouette mit leicht abgerundetem Kopfteil verleiht dem Hut feminine Eleganz. Die texturierte Verarbeitung des Strohs und das feine Farbspiel erzeugen Tiefe und Lebendigkeit \u0096 ideal f\u00fcr alle, die es edel, aber nicht zu auff\u00e4llig m\u00f6gen.<\/p>\n<h3 class=\"\" data-start=\"2053\" data-end=\"2087\">Handgefertigt in der Schweiz<\/h3>\n<p class=\"\" data-start=\"2088\" data-end=\"2312\">Gefertigt wird dieser Damenhut in sorgf\u00e4ltiger Handarbeit bei der Schweizer Hutmanufaktur Risa. Jeder einzelne Schritt \u0096 vom Flechten \u00fcber das D\u00e4mpfen bis zur Garnitur \u0096 erfolgt mit Hingabe und h\u00f6chstem Anspruch an Qualit\u00e4t.<\/p>\n<h3 class=\"\" data-start=\"2314\" data-end=\"2345\">Nachhaltigkeit &#038; Qualit\u00e4t<\/h3>\n<p class=\"\" data-start=\"2346\" data-end=\"2580\">Hergestellt aus nat\u00fcrlichen, langlebigen Materialien, steht dieses Modell f\u00fcr verantwortungsvollen Konsum. Die Produktion in Europa sichert nicht nur Arbeitspl\u00e4tze, sondern minimiert durch kurze Transportwege auch die Umweltbelastung.<\/p>\n<h3 class=\"\" data-start=\"2582\" data-end=\"2609\">Herstellung &#038; Versand<\/h3>\n<p class=\"\" data-start=\"2610\" data-end=\"2792\"><strong data-start=\"2610\" data-end=\"2639\">Fertigung auf Bestellung:<\/strong> Individuell in der Schweiz hergestellt<br data-start=\"2678\" data-end=\"2681\" \/><strong data-start=\"2681\" data-end=\"2702\">Herstellungszeit:<\/strong> 10\u009615 Arbeitstage nach Zahlungseingang<br data-start=\"2741\" data-end=\"2744\" \/><strong data-start=\"2744\" data-end=\"2756\">Versand:<\/strong> In wenigen Tagen ab Lager Schweiz<\/p>\n<\/div>\n<\/details>\n<details class=\"hf-accordion\">\n<summary><strong>\u25b6\ufe0f FAQ \u2013 H\u00e4ufige Fragen<\/strong><\/summary>\n<div class=\"hf-accordion-content\">\n<h3 class=\"\" data-start=\"2794\" data-end=\"2829\">FAQ \u0096 H\u00e4ufig gestellte Fragen<\/h3>\n<p class=\"\" data-start=\"2831\" data-end=\"2962\"><strong data-start=\"2831\" data-end=\"2863\">Ist der Hut alltagstauglich?<\/strong><br data-start=\"2863\" data-end=\"2866\" \/>Ja \u0096 durch das dezente Design ist er ideal f\u00fcr jeden Tag, l\u00e4sst sich aber auch elegant stylen.<\/p>\n<p class=\"\" data-start=\"2964\" data-end=\"3093\"><strong data-start=\"2964\" data-end=\"2994\">Wie pflege ich diesen Hut?<\/strong><br data-start=\"2994\" data-end=\"2997\" \/>Mit einer weichen B\u00fcrste entstauben und trocken lagern \u0096 weitere Pflegehinweise im Link unten.<\/p>\n<p class=\"\" data-start=\"3095\" data-end=\"3208\"><strong data-start=\"3095\" data-end=\"3124\">Bietet der Hut UV-Schutz?<\/strong><br data-start=\"3124\" data-end=\"3127\" \/>Ja, der 6.5?cm breite Rand sch\u00fctzt zuverl\u00e4ssig vor direkter Sonneneinstrahlung.<\/p>\n<p class=\"\" data-start=\"3210\" data-end=\"3335\"><strong data-start=\"3210\" data-end=\"3253\">Gibt es den Hut auch in anderen Farben?<\/strong><br data-start=\"3253\" data-end=\"3256\" \/>Aktuell ist dieses Modell exklusiv in Bronze erh\u00e4ltlich \u0096 limitiert und edel.<\/p>\n<p class=\"\" data-start=\"3337\" data-end=\"3478\"><strong data-start=\"3337\" data-end=\"3370\">Kann ich den Hut zur\u00fcckgeben?<\/strong><br data-start=\"3370\" data-end=\"3373\" \/>R\u00fcckgabe ist nur bei Material- oder Fertigungsfehlern m\u00f6glich, da es sich um eine Ma\u00dfanfertigung handelt.<\/p>\n<\/div>\n<\/details>\n<\/div>\n","protected":false},"excerpt":{"rendered":"<h4 class=\"\" data-start=\"382\" data-end=\"416\">Vielschichtiger Sommer-Chic<\/h4>\n<p class=\"\" data-start=\"417\" data-end=\"755\">Das Material aus 50?% Viskose und 50?% Weizenstroh ist nicht nur angenehm leicht, sondern besticht durch eine bronzefarbene Melierung, die dezent gl\u00e4nzt und Tiefe verleiht. Das farblich abgestimmte Rebsband mit Schleife sowie der ikonische <em data-start=\"657\" data-end=\"673\">Risa seit 1919<\/em>-Knopf unterstreichen den handwerklichen Charakter und die Wertigkeit des Designs.<\/p>\n<p class=\"\" data-start=\"757\" data-end=\"778\"><strong data-start=\"757\" data-end=\"778\">Perfekt f\u00fcr\u0085.. ??<\/strong><\/p>\n<p class=\"\" data-start=\"780\" data-end=\"1247\"><strong data-start=\"780\" data-end=\"807\">?? Sommerliche Anl\u00e4sse:<\/strong> Ob beim Wochenmarkt, beim Lunch auf der Terrasse oder dem Spaziergang an der Promenade \u0096 dieser Hut schenkt eleganten Schatten mit Stil.<br data-start=\"944\" data-end=\"947\" \/><strong data-start=\"947\" data-end=\"970\">?? Elegante Events:<\/strong> Die bronzefarbene Optik ist edel und zur\u00fcckhaltend \u0096 perfekt f\u00fcr Sommerhochzeiten, Gartenpartys oder kulturelle Veranstaltungen.<br data-start=\"1099\" data-end=\"1102\" \/><strong data-start=\"1102\" data-end=\"1132\">?? Natur- und Modebewusst:<\/strong> Ein Statement f\u00fcr bewusste Mode \u0096 nachhaltig gefertigt, regional produziert und aus hochwertigen Naturmaterialien.<\/p>\n","protected":false},"featured_media":16556,"template":"","meta":{"_acf_changed":false,"rs_blank_template":"","rs_page_bg_color":"","slide_template_v7":""},"product_brand":[250],"product_cat":[446,275],"product_tag":[],"class_list":{"0":"post-16555","1":"product","2":"type-product","3":"status-publish","4":"has-post-thumbnail","6":"product_brand-risa-hutwerkstatt-schweiz","7":"product_cat-cloche-sommerhuete","8":"product_cat-sommerhuete","9":"product_shipping_class-mittlere-pakete","10":"pa_color-bronze","11":"pa_groesse-206","12":"pa_groesse-196","13":"pa_groesse-207","14":"pa_groesse-197","15":"pa_groesse-208","16":"pa_groesse-198","17":"pa_groesse-209","18":"pa_groesse-199","19":"pa_groesse-210","20":"pa_groesse-213","21":"yith_product_brand-risa-hutwerkstatt-schweiz","24":"instock","25":"featured","26":"taxable","27":"shipping-taxable","28":"purchasable","29":"product-type-variable","30":"wvs-archive-product-wrapper","31":"add-to-wishlist-after_add_to_cart"},"acf":[],"yoast_head":"<!-- This site is optimized with the Yoast SEO Premium plugin v27.3 (Yoast SEO v27.3) - https:\/\/yoast.com\/product\/yoast-seo-premium-wordpress\/ -->\n<title>Cloche Damenhut Bronze \u0096 Sommerhut mit Stil<\/title>\n<meta name=\"description\" content=\"Eleganter Damenhut in Bronze mit Schleife \u0096 aus Stroh &amp; Viskose, handgefertigt in der Schweiz. Jetzt bei Hut Factory online!\" \/>\n<meta name=\"robots\" content=\"index, follow, max-snippet:-1, max-image-preview:large, max-video-preview:-1\" \/>\n<link rel=\"canonical\" href=\"https:\/\/hutfactory.com\/?product=strohhut-cloche-bronze-loving\" \/>\n<meta property=\"og:locale\" content=\"de_DE\" \/>\n<meta property=\"og:type\" content=\"article\" \/>\n<meta property=\"og:title\" content=\"Strohhut Cloche &quot;Bronze Loving&quot;\" \/>\n<meta property=\"og:description\" content=\"Eleganter Damenhut in Bronze mit Schleife \u0096 aus Stroh &amp; Viskose, handgefertigt in der Schweiz. Jetzt bei Hut Factory online!\" \/>\n<meta property=\"og:url\" content=\"https:\/\/hutfactory.com\/?product=strohhut-cloche-bronze-loving\" \/>\n<meta property=\"og:site_name\" content=\"Hut Factory\" \/>\n<meta property=\"article:modified_time\" content=\"2026-03-10T10:30:01+00:00\" \/>\n<meta property=\"og:image\" content=\"https:\/\/hutfactory.com\/wp-content\/uploads\/2026\/03\/42605451-scaled-e1668505844718-1.webp\" \/>\n\t<meta property=\"og:image:width\" content=\"750\" \/>\n\t<meta property=\"og:image:height\" content=\"750\" \/>\n\t<meta property=\"og:image:type\" content=\"image\/webp\" \/>\n<meta name=\"twitter:card\" content=\"summary_large_image\" \/>\n<meta name=\"twitter:label1\" content=\"Gesch\u00e4tzte Lesezeit\" \/>\n\t<meta name=\"twitter:data1\" content=\"2\u00a0Minuten\" \/>\n<script type=\"application\/ld+json\" class=\"yoast-schema-graph\">{\"@context\":\"https:\\\/\\\/schema.org\",\"@graph\":[{\"@type\":\"WebPage\",\"@id\":\"https:\\\/\\\/hutfactory.com\\\/?product=strohhut-cloche-bronze-loving\",\"url\":\"https:\\\/\\\/hutfactory.com\\\/?product=strohhut-cloche-bronze-loving\",\"name\":\"Cloche Damenhut Bronze \u0096 Sommerhut mit Stil\",\"isPartOf\":{\"@id\":\"https:\\\/\\\/hutfactory.com\\\/#website\"},\"primaryImageOfPage\":{\"@id\":\"https:\\\/\\\/hutfactory.com\\\/?product=strohhut-cloche-bronze-loving#primaryimage\"},\"image\":{\"@id\":\"https:\\\/\\\/hutfactory.com\\\/?product=strohhut-cloche-bronze-loving#primaryimage\"},\"thumbnailUrl\":\"https:\\\/\\\/hutfactory.com\\\/wp-content\\\/uploads\\\/2026\\\/03\\\/42605451-scaled-e1668505844718-1.webp\",\"datePublished\":\"2026-03-10T10:08:20+00:00\",\"dateModified\":\"2026-03-10T10:30:01+00:00\",\"description\":\"Eleganter Damenhut in Bronze mit Schleife \u0096 aus Stroh & Viskose, handgefertigt in der Schweiz. Jetzt bei Hut Factory online!\",\"breadcrumb\":{\"@id\":\"https:\\\/\\\/hutfactory.com\\\/?product=strohhut-cloche-bronze-loving#breadcrumb\"},\"inLanguage\":\"de\",\"potentialAction\":[{\"@type\":\"ReadAction\",\"target\":[\"https:\\\/\\\/hutfactory.com\\\/?product=strohhut-cloche-bronze-loving\"]}]},{\"@type\":\"ImageObject\",\"inLanguage\":\"de\",\"@id\":\"https:\\\/\\\/hutfactory.com\\\/?product=strohhut-cloche-bronze-loving#primaryimage\",\"url\":\"https:\\\/\\\/hutfactory.com\\\/wp-content\\\/uploads\\\/2026\\\/03\\\/42605451-scaled-e1668505844718-1.webp\",\"contentUrl\":\"https:\\\/\\\/hutfactory.com\\\/wp-content\\\/uploads\\\/2026\\\/03\\\/42605451-scaled-e1668505844718-1.webp\",\"width\":750,\"height\":750,\"caption\":\"Handgefertigter Sommerhut mit eleganter Schleifengarnitur und feiner Bronzemelierung \u0096 nachhaltig produziert in der Schweiz|\"},{\"@type\":\"BreadcrumbList\",\"@id\":\"https:\\\/\\\/hutfactory.com\\\/?product=strohhut-cloche-bronze-loving#breadcrumb\",\"itemListElement\":[{\"@type\":\"ListItem\",\"position\":1,\"name\":\"Start\",\"item\":\"https:\\\/\\\/hutfactory.com\\\/\"},{\"@type\":\"ListItem\",\"position\":2,\"name\":\"Shop\",\"item\":\"https:\\\/\\\/hutfactory.com\\\/?page_id=10\"},{\"@type\":\"ListItem\",\"position\":3,\"name\":\"Strohhut Cloche &#8220;Bronze Loving&#8221;\"}]},{\"@type\":\"WebSite\",\"@id\":\"https:\\\/\\\/hutfactory.com\\\/#website\",\"url\":\"https:\\\/\\\/hutfactory.com\\\/\",\"name\":\"Hut Factory\",\"description\":\"H\u00fcte, Kappen &amp; M\u00fctzen in Top Swiss\\\/EU Qualit\u00e4t\",\"publisher\":{\"@id\":\"https:\\\/\\\/hutfactory.com\\\/#organization\"},\"alternateName\":\"Hut Shop\",\"potentialAction\":[{\"@type\":\"SearchAction\",\"target\":{\"@type\":\"EntryPoint\",\"urlTemplate\":\"https:\\\/\\\/hutfactory.com\\\/?s={search_term_string}\"},\"query-input\":{\"@type\":\"PropertyValueSpecification\",\"valueRequired\":true,\"valueName\":\"search_term_string\"}}],\"inLanguage\":\"de\"},{\"@type\":\"Organization\",\"@id\":\"https:\\\/\\\/hutfactory.com\\\/#organization\",\"name\":\"Hut Factory\",\"url\":\"https:\\\/\\\/hutfactory.com\\\/\",\"logo\":{\"@type\":\"ImageObject\",\"inLanguage\":\"de\",\"@id\":\"https:\\\/\\\/hutfactory.com\\\/#\\\/schema\\\/logo\\\/image\\\/\",\"url\":\"https:\\\/\\\/hutfactory.com\\\/wp-content\\\/uploads\\\/2026\\\/01\\\/Logo-hut-factory-1.webp\",\"contentUrl\":\"https:\\\/\\\/hutfactory.com\\\/wp-content\\\/uploads\\\/2026\\\/01\\\/Logo-hut-factory-1.webp\",\"width\":300,\"height\":262,\"caption\":\"Hut Factory\"},\"image\":{\"@id\":\"https:\\\/\\\/hutfactory.com\\\/#\\\/schema\\\/logo\\\/image\\\/\"}}]}<\/script>\n<!-- \/ Yoast SEO Premium plugin. -->","yoast_head_json":{"title":"Cloche Damenhut Bronze \u0096 Sommerhut mit Stil","description":"Eleganter Damenhut in Bronze mit Schleife \u0096 aus Stroh & Viskose, handgefertigt in der Schweiz. Jetzt bei Hut Factory online!","robots":{"index":"index","follow":"follow","max-snippet":"max-snippet:-1","max-image-preview":"max-image-preview:large","max-video-preview":"max-video-preview:-1"},"canonical":"https:\/\/hutfactory.com\/?product=strohhut-cloche-bronze-loving","og_locale":"de_DE","og_type":"article","og_title":"Strohhut Cloche \"Bronze Loving\"","og_description":"Eleganter Damenhut in Bronze mit Schleife \u0096 aus Stroh & Viskose, handgefertigt in der Schweiz. Jetzt bei Hut Factory online!","og_url":"https:\/\/hutfactory.com\/?product=strohhut-cloche-bronze-loving","og_site_name":"Hut Factory","article_modified_time":"2026-03-10T10:30:01+00:00","og_image":[{"width":750,"height":750,"url":"https:\/\/hutfactory.com\/wp-content\/uploads\/2026\/03\/42605451-scaled-e1668505844718-1.webp","type":"image\/webp"}],"twitter_card":"summary_large_image","twitter_misc":{"Gesch\u00e4tzte Lesezeit":"2\u00a0Minuten"},"schema":{"@context":"https:\/\/schema.org","@graph":[{"@type":"WebPage","@id":"https:\/\/hutfactory.com\/?product=strohhut-cloche-bronze-loving","url":"https:\/\/hutfactory.com\/?product=strohhut-cloche-bronze-loving","name":"Cloche Damenhut Bronze \u0096 Sommerhut mit Stil","isPartOf":{"@id":"https:\/\/hutfactory.com\/#website"},"primaryImageOfPage":{"@id":"https:\/\/hutfactory.com\/?product=strohhut-cloche-bronze-loving#primaryimage"},"image":{"@id":"https:\/\/hutfactory.com\/?product=strohhut-cloche-bronze-loving#primaryimage"},"thumbnailUrl":"https:\/\/hutfactory.com\/wp-content\/uploads\/2026\/03\/42605451-scaled-e1668505844718-1.webp","datePublished":"2026-03-10T10:08:20+00:00","dateModified":"2026-03-10T10:30:01+00:00","description":"Eleganter Damenhut in Bronze mit Schleife \u0096 aus Stroh & Viskose, handgefertigt in der Schweiz. Jetzt bei Hut Factory online!","breadcrumb":{"@id":"https:\/\/hutfactory.com\/?product=strohhut-cloche-bronze-loving#breadcrumb"},"inLanguage":"de","potentialAction":[{"@type":"ReadAction","target":["https:\/\/hutfactory.com\/?product=strohhut-cloche-bronze-loving"]}]},{"@type":"ImageObject","inLanguage":"de","@id":"https:\/\/hutfactory.com\/?product=strohhut-cloche-bronze-loving#primaryimage","url":"https:\/\/hutfactory.com\/wp-content\/uploads\/2026\/03\/42605451-scaled-e1668505844718-1.webp","contentUrl":"https:\/\/hutfactory.com\/wp-content\/uploads\/2026\/03\/42605451-scaled-e1668505844718-1.webp","width":750,"height":750,"caption":"Handgefertigter Sommerhut mit eleganter Schleifengarnitur und feiner Bronzemelierung \u0096 nachhaltig produziert in der Schweiz|"},{"@type":"BreadcrumbList","@id":"https:\/\/hutfactory.com\/?product=strohhut-cloche-bronze-loving#breadcrumb","itemListElement":[{"@type":"ListItem","position":1,"name":"Start","item":"https:\/\/hutfactory.com\/"},{"@type":"ListItem","position":2,"name":"Shop","item":"https:\/\/hutfactory.com\/?page_id=10"},{"@type":"ListItem","position":3,"name":"Strohhut Cloche &#8220;Bronze Loving&#8221;"}]},{"@type":"WebSite","@id":"https:\/\/hutfactory.com\/#website","url":"https:\/\/hutfactory.com\/","name":"Hut Factory","description":"H\u00fcte, Kappen &amp; M\u00fctzen in Top Swiss\/EU Qualit\u00e4t","publisher":{"@id":"https:\/\/hutfactory.com\/#organization"},"alternateName":"Hut Shop","potentialAction":[{"@type":"SearchAction","target":{"@type":"EntryPoint","urlTemplate":"https:\/\/hutfactory.com\/?s={search_term_string}"},"query-input":{"@type":"PropertyValueSpecification","valueRequired":true,"valueName":"search_term_string"}}],"inLanguage":"de"},{"@type":"Organization","@id":"https:\/\/hutfactory.com\/#organization","name":"Hut Factory","url":"https:\/\/hutfactory.com\/","logo":{"@type":"ImageObject","inLanguage":"de","@id":"https:\/\/hutfactory.com\/#\/schema\/logo\/image\/","url":"https:\/\/hutfactory.com\/wp-content\/uploads\/2026\/01\/Logo-hut-factory-1.webp","contentUrl":"https:\/\/hutfactory.com\/wp-content\/uploads\/2026\/01\/Logo-hut-factory-1.webp","width":300,"height":262,"caption":"Hut Factory"},"image":{"@id":"https:\/\/hutfactory.com\/#\/schema\/logo\/image\/"}}]}},"_links":{"self":[{"href":"https:\/\/hutfactory.com\/index.php?rest_route=\/wp\/v2\/product\/16555","targetHints":{"allow":["GET"]}}],"collection":[{"href":"https:\/\/hutfactory.com\/index.php?rest_route=\/wp\/v2\/product"}],"about":[{"href":"https:\/\/hutfactory.com\/index.php?rest_route=\/wp\/v2\/types\/product"}],"wp:featuredmedia":[{"embeddable":true,"href":"https:\/\/hutfactory.com\/index.php?rest_route=\/wp\/v2\/media\/16556"}],"wp:attachment":[{"href":"https:\/\/hutfactory.com\/index.php?rest_route=%2Fwp%2Fv2%2Fmedia&parent=16555"}],"wp:term":[{"taxonomy":"product_brand","embeddable":true,"href":"https:\/\/hutfactory.com\/index.php?rest_route=%2Fwp%2Fv2%2Fproduct_brand&post=16555"},{"taxonomy":"product_cat","embeddable":true,"href":"https:\/\/hutfactory.com\/index.php?rest_route=%2Fwp%2Fv2%2Fproduct_cat&post=16555"},{"taxonomy":"product_tag","embeddable":true,"href":"https:\/\/hutfactory.com\/index.php?rest_route=%2Fwp%2Fv2%2Fproduct_tag&post=16555"}],"curies":[{"name":"wp","href":"https:\/\/api.w.org\/{rel}","templated":true}]}}