{"id":16335,"date":"2026-03-10T10:05:14","date_gmt":"2026-03-10T10:05:14","guid":{"rendered":"https:\/\/hutfactory.com\/?product=damen-panamahut-cloche-rhomboid-fein"},"modified":"2026-03-10T10:29:22","modified_gmt":"2026-03-10T10:29:22","slug":"damen-panamahut-cloche-rhomboid-fein","status":"publish","type":"product","link":"https:\/\/hutfactory.com\/?product=damen-panamahut-cloche-rhomboid-fein","title":{"rendered":"Damen Panamahut Cloche Rhomboid fein"},"content":{"rendered":"<h3 class=\"\" data-start=\"491\" data-end=\"561\"><strong>Stilsicher &#038; charakterstark \u0096 Sommerhut mit urbaner Leichtigkeit<\/strong><\/h3>\n<p class=\"\" data-start=\"562\" data-end=\"939\">Die harmonisch flache Krone, kombiniert mit der gro\u00dfz\u00fcgigen Krempe, schafft ein perfektes Gleichgewicht zwischen Schutz und Chic. Der monochrome Look in Wei\u00df-Schwarz wirkt zeitlos und modisch zugleich \u0096 ein Lieblingsst\u00fcck f\u00fcr Stilbewusste. Das schmale schwarze Rebsband mit feiner Schlaufe unterstreicht die dezente Eleganz dieses Modells und sorgt f\u00fcr einen stilvollen Akzent.<\/p>\n<p class=\"\" data-start=\"941\" data-end=\"962\"><strong data-start=\"941\" data-end=\"962\">Perfekt f\u00fcr\u0085.. ??<\/strong><\/p>\n<p class=\"\" data-start=\"964\" data-end=\"1150\"><strong data-start=\"964\" data-end=\"991\">?? Sommerliche Anl\u00e4sse:<\/strong><br data-start=\"991\" data-end=\"994\" \/>Dieser Hut verleiht jedem Tagesoutfit das gewisse Etwas \u0096 ob beim Wochenendmarkt, auf der Uferpromenade oder beim Afterwork-Cocktail auf der Dachterrasse.<\/p>\n<p class=\"\" data-start=\"1152\" data-end=\"1336\"><strong data-start=\"1152\" data-end=\"1173\">?? Urbane Events:<\/strong><br data-start=\"1173\" data-end=\"1176\" \/>Dank des grafischen Musters passt dieses Modell hervorragend zu minimalistischen, monochromen Looks und l\u00e4sst sich m\u00fchelos in moderne City-Styles integrieren.<\/p>\n<p class=\"\" data-start=\"1338\" data-end=\"1522\"><strong data-start=\"1338\" data-end=\"1368\">?? Natur- und Modebewusst:<\/strong><br data-start=\"1368\" data-end=\"1371\" \/>Ein echtes Statement f\u00fcr nachhaltigen Konsum: Hergestellt aus echtem Panamastroh in Handarbeit \u0096 langlebig, leicht und vollst\u00e4ndig biologisch abbaubar.<\/p>\n<div class=\"hf-accordions\">\n<hr class=\"hf-accordion-separator\" \/>\n<details class=\"hf-accordion\">\n<summary><strong>\u25b6\ufe0f Gut zu wissen \u2013 mehr erfahren<\/strong><\/summary>\n<div class=\"hf-accordion-content\">\n<h3 class=\"\" data-start=\"1524\" data-end=\"1554\">Eigenschaften &#038; Details:<\/h3>\n<p class=\"\" data-start=\"1555\" data-end=\"1993\"><strong data-start=\"1555\" data-end=\"1568\">Material:<\/strong> 100% Panama \u0096 leicht, robust und stilvoll<br data-start=\"1610\" data-end=\"1613\" \/><strong data-start=\"1613\" data-end=\"1628\">Randbreite:<\/strong> 9.0 cm \u0096 gro\u00dfz\u00fcgiger Sonnenschutz mit modischer Ausstrahlung<br data-start=\"1689\" data-end=\"1692\" \/><strong data-start=\"1692\" data-end=\"1705\">Kopfh\u00f6he:<\/strong> 7.5 cm \u0096 flache, moderne Clocheform<br data-start=\"1741\" data-end=\"1744\" \/><strong data-start=\"1744\" data-end=\"1754\">Farbe:<\/strong> Wei\u00df-Schwarz im feinen Rhomboid-Muster<br data-start=\"1793\" data-end=\"1796\" \/><strong data-start=\"1796\" data-end=\"1809\">Garnitur:<\/strong> Schmales schwarzes Rebsband mit zarter Schlaufe \u0096 puristisch und elegant<br data-start=\"1882\" data-end=\"1885\" \/><strong data-start=\"1885\" data-end=\"1901\">Schwei\u00dfband:<\/strong> Weiches Textilband, sauber eingearbeitet f\u00fcr ganzt\u00e4gigen Tragekomfort<br data-start=\"1971\" data-end=\"1974\" \/><strong data-start=\"1974\" data-end=\"1985\">Gr\u00f6\u00dfen:<\/strong> 54\u009662<\/p>\n<h3 class=\"\" data-start=\"1995\" data-end=\"2023\">Design &#038; Verarbeitung:<\/h3>\n<p class=\"\" data-start=\"2024\" data-end=\"2334\">Die feine Rhomboid-Struktur dieses Panamahutes macht ihn zu einem stilvollen Blickfang. Die Kombination aus pr\u00e4ziser Flechtkunst, klarer Linienf\u00fchrung und der eleganten Krempe zeugt von h\u00f6chster Handwerkskunst. Das zur\u00fcckhaltende Design erlaubt unz\u00e4hlige Stylingm\u00f6glichkeiten \u0096 von entspannt bis sophisticated.<\/p>\n<h3 class=\"\" data-start=\"2336\" data-end=\"2371\">Handgefertigt in der Schweiz:<\/h3>\n<p class=\"\" data-start=\"2372\" data-end=\"2545\">Jedes Modell wird in der Risa Hutmanufaktur im Herzen Europas gefertigt \u0096 mit Respekt f\u00fcr das traditionelle Handwerk und Liebe zum Detail. Qualit\u00e4t, die man sieht und sp\u00fcrt.<\/p>\n<h3 class=\"\" data-start=\"2547\" data-end=\"2579\">Nachhaltigkeit &#038; Qualit\u00e4t:<\/h3>\n<p class=\"\" data-start=\"2580\" data-end=\"2876\"><strong data-start=\"2580\" data-end=\"2607\">Nat\u00fcrliche Materialien:<\/strong> Echter Panamastroh \u0096 nachhaltig geerntet und umweltschonend verarbeitet<br data-start=\"2679\" data-end=\"2682\" \/><strong data-start=\"2682\" data-end=\"2709\">Tradition &#038; Handarbeit:<\/strong> Jeder Hut entsteht mit Hingabe in einem europ\u00e4ischen Atelier im Auftrag von Risa<br data-start=\"2790\" data-end=\"2793\" \/><strong data-start=\"2793\" data-end=\"2811\">Langlebigkeit:<\/strong> Bei sorgf\u00e4ltiger Pflege ein Begleiter \u00fcber viele Sommer hinweg<\/p>\n<h3 class=\"\" data-start=\"2878\" data-end=\"2906\">Herstellung &#038; Versand:<\/h3>\n<p class=\"\" data-start=\"2907\" data-end=\"3068\"><strong data-start=\"2907\" data-end=\"2936\">Fertigung auf Bestellung:<\/strong> Exklusiv nach Bestelleingang<br data-start=\"2965\" data-end=\"2968\" \/><strong data-start=\"2968\" data-end=\"2989\">Herstellungszeit:<\/strong> 10\u009615 Arbeitstage<br data-start=\"3007\" data-end=\"3010\" \/><strong data-start=\"3010\" data-end=\"3022\">Versand:<\/strong> Innerhalb weniger Tage ab Schweizer Atelier<\/p>\n<\/div>\n<\/details>\n<details class=\"hf-accordion\">\n<summary><strong>\u25b6\ufe0f FAQ \u2013 H\u00e4ufige Fragen<\/strong><\/summary>\n<div class=\"hf-accordion-content\">\n<h3 class=\"\" data-start=\"3070\" data-end=\"3104\">FAQ \u0096 H\u00e4ufig gestellte Fragen:<\/h3>\n<p class=\"\" data-start=\"3106\" data-end=\"3239\"><strong data-start=\"3106\" data-end=\"3159\">Wie luftig ist dieser Hut bei hohen Temperaturen?<\/strong><br data-start=\"3159\" data-end=\"3162\" \/>Das hochwertige Panamastroh ist sehr atmungsaktiv \u0096 perfekt f\u00fcr warme Tage.<\/p>\n<p class=\"\" data-start=\"3241\" data-end=\"3385\"><strong data-start=\"3241\" data-end=\"3280\">Sch\u00fctzt der Hut vor Sonnenstrahlen?<\/strong><br data-start=\"3280\" data-end=\"3283\" \/>Ja \u0096 mit einer Randbreite von 9 cm ist ein ausgezeichneter UV-Schutz f\u00fcr Gesicht und Nacken gegeben.<\/p>\n<p class=\"\" data-start=\"3387\" data-end=\"3537\"><strong data-start=\"3387\" data-end=\"3427\">Kann ich diesen Hut anpassen lassen?<\/strong><br data-start=\"3427\" data-end=\"3430\" \/>Ja \u0096 da es sich um eine Einzelanfertigung handelt, sind individuelle Gr\u00f6\u00dfen oder Garniturw\u00fcnsche m\u00f6glich.<\/p>\n<p class=\"\" data-start=\"3539\" data-end=\"3648\"><strong data-start=\"3539\" data-end=\"3566\">Wie pflege ich den Hut?<\/strong><br data-start=\"3566\" data-end=\"3569\" \/>Vor Feuchtigkeit sch\u00fctzen, mit einer weichen B\u00fcrste reinigen und k\u00fchl lagern.<\/p>\n<p class=\"\" data-start=\"3650\" data-end=\"3774\"><strong data-start=\"3650\" data-end=\"3679\">Ist ein Umtausch m\u00f6glich?<\/strong><br data-start=\"3679\" data-end=\"3682\" \/>Nur bei Material- oder Herstellungsfehlern \u0096 da es sich um eine Sonderanfertigung handelt.<\/p>\n<\/div>\n<\/details>\n<\/div>\n","protected":false},"excerpt":{"rendered":"<h3 class=\"\" data-start=\"0\" data-end=\"85\"><strong>Geometrische Raffinesse trifft Sommerklassiker<\/strong><\/h3>\n<p class=\"\" data-start=\"116\" data-end=\"489\">Ein Panamahut, der mit subtilem Design und hochwertiger Handwerkskunst beeindruckt: Der Damen Cloche \u0084Rhomboid fein\u0093 ist die ideale Wahl f\u00fcr alle, die klassische Silhouetten mit einem modernen Twist lieben. Die fein gemusterte Rhomboid-Struktur in Schwarz-Wei\u00df verleiht dem Hut eine grafisch-moderne Ausstrahlung, w\u00e4hrend die runde Cloche-Form seine feminine Anmut bewahrt.<\/p>\n","protected":false},"featured_media":16336,"template":"","meta":{"_acf_changed":false,"rs_blank_template":"","rs_page_bg_color":"","slide_template_v7":""},"product_brand":[250],"product_cat":[446,507,275],"product_tag":[],"class_list":{"0":"post-16335","1":"product","2":"type-product","3":"status-publish","4":"has-post-thumbnail","6":"product_brand-risa-hutwerkstatt-schweiz","7":"product_cat-cloche-sommerhuete","8":"product_cat-panama-sommerhuete","9":"product_cat-sommerhuete","10":"product_shipping_class-mittlere-pakete","11":"pa_color-schwarz-weiss","12":"pa_groesse-206","13":"pa_groesse-196","14":"pa_groesse-207","15":"pa_groesse-197","16":"pa_groesse-208","17":"pa_groesse-198","18":"pa_groesse-209","19":"pa_groesse-199","20":"pa_groesse-210","21":"yith_product_brand-risa-hutwerkstatt-schweiz","24":"instock","25":"featured","26":"taxable","27":"shipping-taxable","28":"purchasable","29":"product-type-variable","30":"wvs-archive-product-wrapper","31":"add-to-wishlist-after_add_to_cart"},"acf":[],"yoast_head":"<!-- This site is optimized with the Yoast SEO Premium plugin v27.3 (Yoast SEO v27.3) - https:\/\/yoast.com\/product\/yoast-seo-premium-wordpress\/ -->\n<title>Der Damen-Cloche-Hut ist ein echter Blickfang<\/title>\n<meta name=\"description\" content=\"Ob am Strand, auf der Terrasse oder beim Stadtbummel, mit diesem Damenhut ziehen Sie alle Blicke auf sich und unterstreichen Ihre Pers\u00f6nlichkeit.\" \/>\n<meta name=\"robots\" content=\"index, follow, max-snippet:-1, max-image-preview:large, max-video-preview:-1\" \/>\n<link rel=\"canonical\" href=\"https:\/\/hutfactory.com\/?product=damen-panamahut-cloche-rhomboid-fein\" \/>\n<meta property=\"og:locale\" content=\"de_DE\" \/>\n<meta property=\"og:type\" content=\"article\" \/>\n<meta property=\"og:title\" content=\"Damen Panamahut Cloche Rhomboid fein\" \/>\n<meta property=\"og:description\" content=\"Ob am Strand, auf der Terrasse oder beim Stadtbummel, mit diesem Damenhut ziehen Sie alle Blicke auf sich und unterstreichen Ihre Pers\u00f6nlichkeit.\" \/>\n<meta property=\"og:url\" content=\"https:\/\/hutfactory.com\/?product=damen-panamahut-cloche-rhomboid-fein\" \/>\n<meta property=\"og:site_name\" content=\"Hut Factory\" \/>\n<meta property=\"article:modified_time\" content=\"2026-03-10T10:29:22+00:00\" \/>\n<meta property=\"og:image\" content=\"https:\/\/hutfactory.com\/wp-content\/uploads\/2026\/03\/34404270.1-PANAMA-e1552405387113-scaled-2.webp\" \/>\n\t<meta property=\"og:image:width\" content=\"750\" \/>\n\t<meta property=\"og:image:height\" content=\"750\" \/>\n\t<meta property=\"og:image:type\" content=\"image\/webp\" \/>\n<meta name=\"twitter:card\" content=\"summary_large_image\" \/>\n<meta name=\"twitter:label1\" content=\"Gesch\u00e4tzte Lesezeit\" \/>\n\t<meta name=\"twitter:data1\" content=\"2\u00a0Minuten\" \/>\n<script type=\"application\/ld+json\" class=\"yoast-schema-graph\">{\"@context\":\"https:\\\/\\\/schema.org\",\"@graph\":[{\"@type\":\"WebPage\",\"@id\":\"https:\\\/\\\/hutfactory.com\\\/?product=damen-panamahut-cloche-rhomboid-fein\",\"url\":\"https:\\\/\\\/hutfactory.com\\\/?product=damen-panamahut-cloche-rhomboid-fein\",\"name\":\"Der Damen-Cloche-Hut ist ein echter Blickfang\",\"isPartOf\":{\"@id\":\"https:\\\/\\\/hutfactory.com\\\/#website\"},\"primaryImageOfPage\":{\"@id\":\"https:\\\/\\\/hutfactory.com\\\/?product=damen-panamahut-cloche-rhomboid-fein#primaryimage\"},\"image\":{\"@id\":\"https:\\\/\\\/hutfactory.com\\\/?product=damen-panamahut-cloche-rhomboid-fein#primaryimage\"},\"thumbnailUrl\":\"https:\\\/\\\/hutfactory.com\\\/wp-content\\\/uploads\\\/2026\\\/03\\\/34404270.1-PANAMA-e1552405387113-scaled-2.webp\",\"datePublished\":\"2026-03-10T10:05:14+00:00\",\"dateModified\":\"2026-03-10T10:29:22+00:00\",\"description\":\"Ob am Strand, auf der Terrasse oder beim Stadtbummel, mit diesem Damenhut ziehen Sie alle Blicke auf sich und unterstreichen Ihre Pers\u00f6nlichkeit.\",\"breadcrumb\":{\"@id\":\"https:\\\/\\\/hutfactory.com\\\/?product=damen-panamahut-cloche-rhomboid-fein#breadcrumb\"},\"inLanguage\":\"de\",\"potentialAction\":[{\"@type\":\"ReadAction\",\"target\":[\"https:\\\/\\\/hutfactory.com\\\/?product=damen-panamahut-cloche-rhomboid-fein\"]}]},{\"@type\":\"ImageObject\",\"inLanguage\":\"de\",\"@id\":\"https:\\\/\\\/hutfactory.com\\\/?product=damen-panamahut-cloche-rhomboid-fein#primaryimage\",\"url\":\"https:\\\/\\\/hutfactory.com\\\/wp-content\\\/uploads\\\/2026\\\/03\\\/34404270.1-PANAMA-e1552405387113-scaled-2.webp\",\"contentUrl\":\"https:\\\/\\\/hutfactory.com\\\/wp-content\\\/uploads\\\/2026\\\/03\\\/34404270.1-PANAMA-e1552405387113-scaled-2.webp\",\"width\":750,\"height\":750,\"caption\":\"Handgefertigter Damenhut aus echtem Panamastroh mit feinem Rhomboid-Design und eleganter Garnitur \u0096 gefertigt in der Schweiz.|\"},{\"@type\":\"BreadcrumbList\",\"@id\":\"https:\\\/\\\/hutfactory.com\\\/?product=damen-panamahut-cloche-rhomboid-fein#breadcrumb\",\"itemListElement\":[{\"@type\":\"ListItem\",\"position\":1,\"name\":\"Start\",\"item\":\"https:\\\/\\\/hutfactory.com\\\/\"},{\"@type\":\"ListItem\",\"position\":2,\"name\":\"Shop\",\"item\":\"https:\\\/\\\/hutfactory.com\\\/?page_id=10\"},{\"@type\":\"ListItem\",\"position\":3,\"name\":\"Damen Panamahut Cloche Rhomboid fein\"}]},{\"@type\":\"WebSite\",\"@id\":\"https:\\\/\\\/hutfactory.com\\\/#website\",\"url\":\"https:\\\/\\\/hutfactory.com\\\/\",\"name\":\"Hut Factory\",\"description\":\"H\u00fcte, Kappen &amp; M\u00fctzen in Top Swiss\\\/EU Qualit\u00e4t\",\"publisher\":{\"@id\":\"https:\\\/\\\/hutfactory.com\\\/#organization\"},\"alternateName\":\"Hut Shop\",\"potentialAction\":[{\"@type\":\"SearchAction\",\"target\":{\"@type\":\"EntryPoint\",\"urlTemplate\":\"https:\\\/\\\/hutfactory.com\\\/?s={search_term_string}\"},\"query-input\":{\"@type\":\"PropertyValueSpecification\",\"valueRequired\":true,\"valueName\":\"search_term_string\"}}],\"inLanguage\":\"de\"},{\"@type\":\"Organization\",\"@id\":\"https:\\\/\\\/hutfactory.com\\\/#organization\",\"name\":\"Hut Factory\",\"url\":\"https:\\\/\\\/hutfactory.com\\\/\",\"logo\":{\"@type\":\"ImageObject\",\"inLanguage\":\"de\",\"@id\":\"https:\\\/\\\/hutfactory.com\\\/#\\\/schema\\\/logo\\\/image\\\/\",\"url\":\"https:\\\/\\\/hutfactory.com\\\/wp-content\\\/uploads\\\/2026\\\/01\\\/Logo-hut-factory-1.webp\",\"contentUrl\":\"https:\\\/\\\/hutfactory.com\\\/wp-content\\\/uploads\\\/2026\\\/01\\\/Logo-hut-factory-1.webp\",\"width\":300,\"height\":262,\"caption\":\"Hut Factory\"},\"image\":{\"@id\":\"https:\\\/\\\/hutfactory.com\\\/#\\\/schema\\\/logo\\\/image\\\/\"}}]}<\/script>\n<!-- \/ Yoast SEO Premium plugin. -->","yoast_head_json":{"title":"Der Damen-Cloche-Hut ist ein echter Blickfang","description":"Ob am Strand, auf der Terrasse oder beim Stadtbummel, mit diesem Damenhut ziehen Sie alle Blicke auf sich und unterstreichen Ihre Pers\u00f6nlichkeit.","robots":{"index":"index","follow":"follow","max-snippet":"max-snippet:-1","max-image-preview":"max-image-preview:large","max-video-preview":"max-video-preview:-1"},"canonical":"https:\/\/hutfactory.com\/?product=damen-panamahut-cloche-rhomboid-fein","og_locale":"de_DE","og_type":"article","og_title":"Damen Panamahut Cloche Rhomboid fein","og_description":"Ob am Strand, auf der Terrasse oder beim Stadtbummel, mit diesem Damenhut ziehen Sie alle Blicke auf sich und unterstreichen Ihre Pers\u00f6nlichkeit.","og_url":"https:\/\/hutfactory.com\/?product=damen-panamahut-cloche-rhomboid-fein","og_site_name":"Hut Factory","article_modified_time":"2026-03-10T10:29:22+00:00","og_image":[{"width":750,"height":750,"url":"https:\/\/hutfactory.com\/wp-content\/uploads\/2026\/03\/34404270.1-PANAMA-e1552405387113-scaled-2.webp","type":"image\/webp"}],"twitter_card":"summary_large_image","twitter_misc":{"Gesch\u00e4tzte Lesezeit":"2\u00a0Minuten"},"schema":{"@context":"https:\/\/schema.org","@graph":[{"@type":"WebPage","@id":"https:\/\/hutfactory.com\/?product=damen-panamahut-cloche-rhomboid-fein","url":"https:\/\/hutfactory.com\/?product=damen-panamahut-cloche-rhomboid-fein","name":"Der Damen-Cloche-Hut ist ein echter Blickfang","isPartOf":{"@id":"https:\/\/hutfactory.com\/#website"},"primaryImageOfPage":{"@id":"https:\/\/hutfactory.com\/?product=damen-panamahut-cloche-rhomboid-fein#primaryimage"},"image":{"@id":"https:\/\/hutfactory.com\/?product=damen-panamahut-cloche-rhomboid-fein#primaryimage"},"thumbnailUrl":"https:\/\/hutfactory.com\/wp-content\/uploads\/2026\/03\/34404270.1-PANAMA-e1552405387113-scaled-2.webp","datePublished":"2026-03-10T10:05:14+00:00","dateModified":"2026-03-10T10:29:22+00:00","description":"Ob am Strand, auf der Terrasse oder beim Stadtbummel, mit diesem Damenhut ziehen Sie alle Blicke auf sich und unterstreichen Ihre Pers\u00f6nlichkeit.","breadcrumb":{"@id":"https:\/\/hutfactory.com\/?product=damen-panamahut-cloche-rhomboid-fein#breadcrumb"},"inLanguage":"de","potentialAction":[{"@type":"ReadAction","target":["https:\/\/hutfactory.com\/?product=damen-panamahut-cloche-rhomboid-fein"]}]},{"@type":"ImageObject","inLanguage":"de","@id":"https:\/\/hutfactory.com\/?product=damen-panamahut-cloche-rhomboid-fein#primaryimage","url":"https:\/\/hutfactory.com\/wp-content\/uploads\/2026\/03\/34404270.1-PANAMA-e1552405387113-scaled-2.webp","contentUrl":"https:\/\/hutfactory.com\/wp-content\/uploads\/2026\/03\/34404270.1-PANAMA-e1552405387113-scaled-2.webp","width":750,"height":750,"caption":"Handgefertigter Damenhut aus echtem Panamastroh mit feinem Rhomboid-Design und eleganter Garnitur \u0096 gefertigt in der Schweiz.|"},{"@type":"BreadcrumbList","@id":"https:\/\/hutfactory.com\/?product=damen-panamahut-cloche-rhomboid-fein#breadcrumb","itemListElement":[{"@type":"ListItem","position":1,"name":"Start","item":"https:\/\/hutfactory.com\/"},{"@type":"ListItem","position":2,"name":"Shop","item":"https:\/\/hutfactory.com\/?page_id=10"},{"@type":"ListItem","position":3,"name":"Damen Panamahut Cloche Rhomboid fein"}]},{"@type":"WebSite","@id":"https:\/\/hutfactory.com\/#website","url":"https:\/\/hutfactory.com\/","name":"Hut Factory","description":"H\u00fcte, Kappen &amp; M\u00fctzen in Top Swiss\/EU Qualit\u00e4t","publisher":{"@id":"https:\/\/hutfactory.com\/#organization"},"alternateName":"Hut Shop","potentialAction":[{"@type":"SearchAction","target":{"@type":"EntryPoint","urlTemplate":"https:\/\/hutfactory.com\/?s={search_term_string}"},"query-input":{"@type":"PropertyValueSpecification","valueRequired":true,"valueName":"search_term_string"}}],"inLanguage":"de"},{"@type":"Organization","@id":"https:\/\/hutfactory.com\/#organization","name":"Hut Factory","url":"https:\/\/hutfactory.com\/","logo":{"@type":"ImageObject","inLanguage":"de","@id":"https:\/\/hutfactory.com\/#\/schema\/logo\/image\/","url":"https:\/\/hutfactory.com\/wp-content\/uploads\/2026\/01\/Logo-hut-factory-1.webp","contentUrl":"https:\/\/hutfactory.com\/wp-content\/uploads\/2026\/01\/Logo-hut-factory-1.webp","width":300,"height":262,"caption":"Hut Factory"},"image":{"@id":"https:\/\/hutfactory.com\/#\/schema\/logo\/image\/"}}]}},"_links":{"self":[{"href":"https:\/\/hutfactory.com\/index.php?rest_route=\/wp\/v2\/product\/16335","targetHints":{"allow":["GET"]}}],"collection":[{"href":"https:\/\/hutfactory.com\/index.php?rest_route=\/wp\/v2\/product"}],"about":[{"href":"https:\/\/hutfactory.com\/index.php?rest_route=\/wp\/v2\/types\/product"}],"wp:featuredmedia":[{"embeddable":true,"href":"https:\/\/hutfactory.com\/index.php?rest_route=\/wp\/v2\/media\/16336"}],"wp:attachment":[{"href":"https:\/\/hutfactory.com\/index.php?rest_route=%2Fwp%2Fv2%2Fmedia&parent=16335"}],"wp:term":[{"taxonomy":"product_brand","embeddable":true,"href":"https:\/\/hutfactory.com\/index.php?rest_route=%2Fwp%2Fv2%2Fproduct_brand&post=16335"},{"taxonomy":"product_cat","embeddable":true,"href":"https:\/\/hutfactory.com\/index.php?rest_route=%2Fwp%2Fv2%2Fproduct_cat&post=16335"},{"taxonomy":"product_tag","embeddable":true,"href":"https:\/\/hutfactory.com\/index.php?rest_route=%2Fwp%2Fv2%2Fproduct_tag&post=16335"}],"curies":[{"name":"wp","href":"https:\/\/api.w.org\/{rel}","templated":true}]}}