{"id":16332,"date":"2026-03-10T10:05:14","date_gmt":"2026-03-10T10:05:14","guid":{"rendered":"https:\/\/hutfactory.com\/?product=panamahut-fedora-city-mit-strich-ventilation-3"},"modified":"2026-03-10T10:29:17","modified_gmt":"2026-03-10T10:29:17","slug":"panamahut-fedora-city-mit-strich-ventilation-3","status":"publish","type":"product","link":"https:\/\/hutfactory.com\/?product=panamahut-fedora-city-mit-strich-ventilation-3","title":{"rendered":"Panamahut Fedora City mit Strich-Ventilation #3"},"content":{"rendered":"<h3 class=\"\" data-start=\"374\" data-end=\"420\"><strong data-start=\"378\" data-end=\"420\">Luftdurchl\u00e4ssig. Sommerlich. Souver\u00e4n.<\/strong><\/h3>\n<p class=\"\" data-start=\"421\" data-end=\"752\">Aus 100 % echtem Panamastroh im offenen Flechtgrad 3 gefertigt, besticht dieses Modell durch seine locker-luftige Struktur mit dekorativen L\u00fcftungsschlitzen. Die klare Fedora-Krone, die 6 cm breite Krempe und das edle marineblaue Rebsband mit dem ikonischen \u0084Risa seit 1919\u0093-Knopf machen diesen Hut zu einem wahren Sommerklassiker.<\/p>\n<p class=\"\" data-start=\"754\" data-end=\"775\"><strong data-start=\"754\" data-end=\"775\">Perfekt f\u00fcr\u0085.. ??<\/strong><\/p>\n<p class=\"\" data-start=\"777\" data-end=\"950\"><strong data-start=\"777\" data-end=\"804\">?? Sommerliche Anl\u00e4sse:<\/strong><br data-start=\"804\" data-end=\"807\" \/>Ideal f\u00fcr Tage mit intensiver Sonne \u0096 beim Strandspaziergang, Stadtbummel oder auf der Gartenparty bleibt Ihr Kopf k\u00fchl und stilvoll gesch\u00fctzt.<\/p>\n<p class=\"\" data-start=\"952\" data-end=\"1113\"><strong data-start=\"952\" data-end=\"975\">?? Elegante Events:<\/strong><br data-start=\"975\" data-end=\"978\" \/>Der luftige Fedora eignet sich auch f\u00fcr gehobene Anl\u00e4sse, bei denen eine stilvolle Kopfbedeckung mit funktionalem Mehrwert gefragt ist.<\/p>\n<p class=\"\" data-start=\"1115\" data-end=\"1294\"><strong data-start=\"1115\" data-end=\"1145\">?? Natur- und Modebewusst:<\/strong><br data-start=\"1145\" data-end=\"1148\" \/>Aus nachhaltigem Panamastroh gefertigt, steht dieser Hut f\u00fcr verantwortungsvollen Luxus \u0096 handgefertigt in Europa, langlebig und umweltfreundlich.<\/p>\n<div class=\"hf-accordions\">\n<hr class=\"hf-accordion-separator\" \/>\n<details class=\"hf-accordion\">\n<summary><strong>\u25b6\ufe0f Gut zu wissen \u2013 mehr erfahren<\/strong><\/summary>\n<div class=\"hf-accordion-content\">\n<h3 class=\"\" data-start=\"1296\" data-end=\"1328\"><strong data-start=\"1300\" data-end=\"1328\">Eigenschaften &#038; Details:<\/strong><\/h3>\n<ul data-start=\"1329\" data-end=\"1802\">\n<li class=\"\" data-start=\"1329\" data-end=\"1418\">\n<p class=\"\" data-start=\"1331\" data-end=\"1418\"><strong data-start=\"1331\" data-end=\"1344\">Material:<\/strong> 100 % Toquilla-Stroh (Panama), Flechtgrad 3 \u0096 besonders luftdurchl\u00e4ssig<\/p>\n<\/li>\n<li class=\"\" data-start=\"1419\" data-end=\"1497\">\n<p class=\"\" data-start=\"1421\" data-end=\"1497\"><strong data-start=\"1421\" data-end=\"1436\">Randbreite:<\/strong> 6 cm \u0096 harmonisch proportioniert f\u00fcr Sonnenschutz mit Stil<\/p>\n<\/li>\n<li class=\"\" data-start=\"1498\" data-end=\"1572\">\n<p class=\"\" data-start=\"1500\" data-end=\"1572\"><strong data-start=\"1500\" data-end=\"1513\">Kopfh\u00f6he:<\/strong> 10.5 cm \u0096 elegante Fedora-Krone mit klarer Linienf\u00fchrung<\/p>\n<\/li>\n<li class=\"\" data-start=\"1573\" data-end=\"1619\">\n<p class=\"\" data-start=\"1575\" data-end=\"1619\"><strong data-start=\"1575\" data-end=\"1586\">Farben:<\/strong> Natur mit marineblauem Hutband<\/p>\n<\/li>\n<li class=\"\" data-start=\"1620\" data-end=\"1641\">\n<p class=\"\" data-start=\"1622\" data-end=\"1641\"><strong data-start=\"1622\" data-end=\"1633\">Gr\u00f6\u00dfen:<\/strong> 54\u009664<\/p>\n<\/li>\n<li class=\"\" data-start=\"1642\" data-end=\"1721\">\n<p class=\"\" data-start=\"1644\" data-end=\"1721\"><strong data-start=\"1644\" data-end=\"1657\">Garnitur:<\/strong> Rebsband in Marineblau mit Risa Qualit\u00e4tsknopf auf der Masche<\/p>\n<\/li>\n<li class=\"\" data-start=\"1722\" data-end=\"1802\">\n<p class=\"\" data-start=\"1724\" data-end=\"1802\"><strong data-start=\"1724\" data-end=\"1740\">Schwei\u00dfband:<\/strong> Weiches, eingearbeitetes Textilband f\u00fcr ganzt\u00e4gigen Komfort<\/p>\n<\/li>\n<\/ul>\n<h3 class=\"\" data-start=\"1804\" data-end=\"1834\"><strong data-start=\"1808\" data-end=\"1834\">Design &#038; Verarbeitung:<\/strong><\/h3>\n<p class=\"\" data-start=\"1835\" data-end=\"2127\">Das strukturierte Flechtmuster mit gezielten Bel\u00fcftungslinien verleiht dem Hut nicht nur ein spannendes Design, sondern sorgt f\u00fcr ein luftiges Trageklima. Das marineblaue Hutband akzentuiert den nat\u00fcrlichen Farbton des Strohs und gibt dem Modell eine klassische Note mit maritimer Raffinesse.<\/p>\n<h3 class=\"\" data-start=\"2129\" data-end=\"2166\"><strong data-start=\"2133\" data-end=\"2166\">Handgefertigt in der Schweiz:<\/strong><\/h3>\n<p class=\"\" data-start=\"2167\" data-end=\"2340\">Jeder Hut wird in der traditionsreichen Risa Hutwerkstatt in der Schweiz mit gr\u00f6\u00dfter Sorgfalt auf Bestellung gefertigt \u0096 ein echtes Meisterst\u00fcck europ\u00e4ischer Handwerkskunst.<\/p>\n<h3 class=\"\" data-start=\"2342\" data-end=\"2376\"><strong data-start=\"2346\" data-end=\"2376\">Nachhaltigkeit &#038; Qualit\u00e4t:<\/strong><\/h3>\n<ul data-start=\"2377\" data-end=\"2628\">\n<li class=\"\" data-start=\"2377\" data-end=\"2469\">\n<p class=\"\" data-start=\"2379\" data-end=\"2469\"><strong data-start=\"2379\" data-end=\"2397\">Naturmaterial:<\/strong> Echtes Panamastroh \u0096 biologisch abbaubar, leicht und widerstandsf\u00e4hig<\/p>\n<\/li>\n<li class=\"\" data-start=\"2470\" data-end=\"2553\">\n<p class=\"\" data-start=\"2472\" data-end=\"2553\"><strong data-start=\"2472\" data-end=\"2487\">Handarbeit:<\/strong> Jedes Exemplar ein Unikat \u0096 gefertigt mit Passion und Pr\u00e4zision<\/p>\n<\/li>\n<li class=\"\" data-start=\"2554\" data-end=\"2628\">\n<p class=\"\" data-start=\"2556\" data-end=\"2628\"><strong data-start=\"2556\" data-end=\"2574\">Langlebigkeit:<\/strong> Bei entsprechender Pflege ein jahrelanger Begleiter<\/p>\n<\/li>\n<\/ul>\n<h3 class=\"\" data-start=\"2630\" data-end=\"2660\"><strong data-start=\"2634\" data-end=\"2660\">Herstellung &#038; Versand:<\/strong><\/h3>\n<ul data-start=\"2661\" data-end=\"2872\">\n<li class=\"\" data-start=\"2661\" data-end=\"2723\">\n<p class=\"\" data-start=\"2663\" data-end=\"2723\"><strong data-start=\"2663\" data-end=\"2690\">Individuelle Fertigung:<\/strong> Nach Bestelleingang produziert<\/p>\n<\/li>\n<li class=\"\" data-start=\"2724\" data-end=\"2788\">\n<p class=\"\" data-start=\"2726\" data-end=\"2788\"><strong data-start=\"2726\" data-end=\"2747\">Herstellungszeit:<\/strong> 10\u009615 Arbeitstage nach Zahlungseingang<\/p>\n<\/li>\n<li class=\"\" data-start=\"2789\" data-end=\"2872\">\n<p class=\"\" data-start=\"2791\" data-end=\"2872\"><strong data-start=\"2791\" data-end=\"2803\">Versand:<\/strong> Direkt ab Werk Schweiz, innerhalb weniger Tage nach Fertigstellung<\/p>\n<\/li>\n<\/ul>\n<\/div>\n<\/details>\n<details class=\"hf-accordion\">\n<summary><strong>\u25b6\ufe0f FAQ \u2013 H\u00e4ufige Fragen<\/strong><\/summary>\n<div class=\"hf-accordion-content\">\n<h3 class=\"\" data-start=\"2879\" data-end=\"2917\"><strong data-start=\"2883\" data-end=\"2917\">FAQ (H\u00e4ufig gestellte Fragen):<\/strong><\/h3>\n<p class=\"\" data-start=\"2919\" data-end=\"3056\"><strong data-start=\"2919\" data-end=\"2952\">Ist der Hut besonders luftig?<\/strong><br data-start=\"2952\" data-end=\"2955\" \/>Ja \u0096 die Strich-Ventilation sorgt f\u00fcr optimale Bel\u00fcftung und angenehmes Tragen auch bei gro\u00dfer Hitze.<\/p>\n<p class=\"\" data-start=\"3058\" data-end=\"3178\"><strong data-start=\"3058\" data-end=\"3095\">Wie empfindlich ist das Material?<\/strong><br data-start=\"3095\" data-end=\"3098\" \/>Panamastroh ist leicht und robust \u0096 es sollte jedoch vor Regen gesch\u00fctzt werden.<\/p>\n<p class=\"\" data-start=\"3180\" data-end=\"3298\"><strong data-start=\"3180\" data-end=\"3218\">Kann ich den Hut im Urlaub tragen?<\/strong><br data-start=\"3218\" data-end=\"3221\" \/>Absolut! Ideal f\u00fcr Reisen, Stadtbesichtigungen und stilvolle Strandauftritte.<\/p>\n<p class=\"\" data-start=\"3300\" data-end=\"3421\"><strong data-start=\"3300\" data-end=\"3330\">Ist eine R\u00fcckgabe m\u00f6glich?<\/strong><br data-start=\"3330\" data-end=\"3333\" \/>Nur bei Material- oder Fertigungsfehlern \u0096 da es sich um eine Sonderanfertigung handelt.<\/p>\n<p class=\"\" data-start=\"3423\" data-end=\"3548\"><strong data-start=\"3423\" data-end=\"3460\">Wie lagere ich den Hut am besten?<\/strong><br data-start=\"3460\" data-end=\"3463\" \/>Am besten auf einem Hutst\u00e4nder oder in der Originalverpackung an einem trockenen Ort.<\/p>\n<\/div>\n<\/details>\n<\/div>\n","protected":false},"excerpt":{"rendered":"<h3 class=\"\" data-start=\"80\" data-end=\"118\"><strong data-start=\"84\" data-end=\"118\">Leichtigkeit trifft Luftigkeit<\/strong><\/h3>\n<p class=\"\" data-start=\"119\" data-end=\"372\">Dieser Fedora vereint das Beste aus zwei Welten: die legend\u00e4re Eleganz eines klassischen Panamahutes und die funktionale Raffinesse einer kunstvollen Strich-Ventilation. So bleibt der Kopf selbst an hei\u00dfen Tagen angenehm k\u00fchl \u0096 bei maximalem Stilfaktor.<\/p>\n","protected":false},"featured_media":16333,"template":"","meta":{"_acf_changed":false,"rs_blank_template":"","rs_page_bg_color":"","slide_template_v7":""},"product_brand":[250],"product_cat":[610,275,612],"product_tag":[],"class_list":{"0":"post-16332","1":"product","2":"type-product","3":"status-publish","4":"has-post-thumbnail","6":"product_brand-risa-hutwerkstatt-schweiz","7":"product_cat-city-sommerhuete","8":"product_cat-sommerhuete","9":"product_cat-traveler-sommerhuete","10":"product_shipping_class-mittlere-pakete","11":"pa_color-natur","12":"pa_groesse-206","13":"pa_groesse-196","14":"pa_groesse-207","15":"pa_groesse-197","16":"pa_groesse-208","17":"pa_groesse-198","18":"pa_groesse-209","19":"pa_groesse-199","20":"pa_groesse-210","21":"pa_groesse-213","22":"pa_groesse-401","23":"yith_product_brand-risa-hutwerkstatt-schweiz","26":"instock","27":"taxable","28":"shipping-taxable","29":"purchasable","30":"product-type-variable","31":"wvs-archive-product-wrapper","32":"add-to-wishlist-after_add_to_cart"},"acf":[],"yoast_head":"<!-- This site is optimized with the Yoast SEO Premium plugin v27.3 (Yoast SEO v27.3) - https:\/\/yoast.com\/product\/yoast-seo-premium-wordpress\/ -->\n<title>Panamahut Fedora City mit Strich-Ventilation \u0096 luftig &amp; elegant<\/title>\n<meta name=\"description\" content=\"Federleichter Panamahut Fedora im City Stil mit luftiger Strich-Ventilation \u0096 handgefertigt in der Schweiz, ideal f\u00fcr hei\u00dfe Sommertage.\" \/>\n<meta name=\"robots\" content=\"index, follow, max-snippet:-1, max-image-preview:large, max-video-preview:-1\" \/>\n<link rel=\"canonical\" href=\"https:\/\/hutfactory.com\/?product=panamahut-fedora-city-mit-strich-ventilation-3\" \/>\n<meta property=\"og:locale\" content=\"de_DE\" \/>\n<meta property=\"og:type\" content=\"article\" \/>\n<meta property=\"og:title\" content=\"Panamahut Fedora City mit Strich-Ventilation #3\" \/>\n<meta property=\"og:description\" content=\"Federleichter Panamahut Fedora im City Stil mit luftiger Strich-Ventilation \u0096 handgefertigt in der Schweiz, ideal f\u00fcr hei\u00dfe Sommertage.\" \/>\n<meta property=\"og:url\" content=\"https:\/\/hutfactory.com\/?product=panamahut-fedora-city-mit-strich-ventilation-3\" \/>\n<meta property=\"og:site_name\" content=\"Hut Factory\" \/>\n<meta property=\"article:modified_time\" content=\"2026-03-10T10:29:17+00:00\" \/>\n<meta property=\"og:image\" content=\"https:\/\/hutfactory.com\/wp-content\/uploads\/2026\/03\/34304150.1-PANAMA-e1552405667498-scaled-2.webp\" \/>\n\t<meta property=\"og:image:width\" content=\"750\" \/>\n\t<meta property=\"og:image:height\" content=\"750\" \/>\n\t<meta property=\"og:image:type\" content=\"image\/webp\" \/>\n<meta name=\"twitter:card\" content=\"summary_large_image\" \/>\n<meta name=\"twitter:label1\" content=\"Gesch\u00e4tzte Lesezeit\" \/>\n\t<meta name=\"twitter:data1\" content=\"2\u00a0Minuten\" \/>\n<script type=\"application\/ld+json\" class=\"yoast-schema-graph\">{\"@context\":\"https:\\\/\\\/schema.org\",\"@graph\":[{\"@type\":\"WebPage\",\"@id\":\"https:\\\/\\\/hutfactory.com\\\/?product=panamahut-fedora-city-mit-strich-ventilation-3\",\"url\":\"https:\\\/\\\/hutfactory.com\\\/?product=panamahut-fedora-city-mit-strich-ventilation-3\",\"name\":\"Panamahut Fedora City mit Strich-Ventilation \u0096 luftig & elegant\",\"isPartOf\":{\"@id\":\"https:\\\/\\\/hutfactory.com\\\/#website\"},\"primaryImageOfPage\":{\"@id\":\"https:\\\/\\\/hutfactory.com\\\/?product=panamahut-fedora-city-mit-strich-ventilation-3#primaryimage\"},\"image\":{\"@id\":\"https:\\\/\\\/hutfactory.com\\\/?product=panamahut-fedora-city-mit-strich-ventilation-3#primaryimage\"},\"thumbnailUrl\":\"https:\\\/\\\/hutfactory.com\\\/wp-content\\\/uploads\\\/2026\\\/03\\\/34304150.1-PANAMA-e1552405667498-scaled-2.webp\",\"datePublished\":\"2026-03-10T10:05:14+00:00\",\"dateModified\":\"2026-03-10T10:29:17+00:00\",\"description\":\"Federleichter Panamahut Fedora im City Stil mit luftiger Strich-Ventilation \u0096 handgefertigt in der Schweiz, ideal f\u00fcr hei\u00dfe Sommertage.\",\"breadcrumb\":{\"@id\":\"https:\\\/\\\/hutfactory.com\\\/?product=panamahut-fedora-city-mit-strich-ventilation-3#breadcrumb\"},\"inLanguage\":\"de\",\"potentialAction\":[{\"@type\":\"ReadAction\",\"target\":[\"https:\\\/\\\/hutfactory.com\\\/?product=panamahut-fedora-city-mit-strich-ventilation-3\"]}]},{\"@type\":\"ImageObject\",\"inLanguage\":\"de\",\"@id\":\"https:\\\/\\\/hutfactory.com\\\/?product=panamahut-fedora-city-mit-strich-ventilation-3#primaryimage\",\"url\":\"https:\\\/\\\/hutfactory.com\\\/wp-content\\\/uploads\\\/2026\\\/03\\\/34304150.1-PANAMA-e1552405667498-scaled-2.webp\",\"contentUrl\":\"https:\\\/\\\/hutfactory.com\\\/wp-content\\\/uploads\\\/2026\\\/03\\\/34304150.1-PANAMA-e1552405667498-scaled-2.webp\",\"width\":750,\"height\":750,\"caption\":\"Klassischer Fedora aus Panamastroh mit dekorativer Bel\u00fcftung und navyfarbenem Hutband \u0096 ideal f\u00fcr hei\u00dfe Sommertage.|\"},{\"@type\":\"BreadcrumbList\",\"@id\":\"https:\\\/\\\/hutfactory.com\\\/?product=panamahut-fedora-city-mit-strich-ventilation-3#breadcrumb\",\"itemListElement\":[{\"@type\":\"ListItem\",\"position\":1,\"name\":\"Start\",\"item\":\"https:\\\/\\\/hutfactory.com\\\/\"},{\"@type\":\"ListItem\",\"position\":2,\"name\":\"Shop\",\"item\":\"https:\\\/\\\/hutfactory.com\\\/?page_id=10\"},{\"@type\":\"ListItem\",\"position\":3,\"name\":\"Panamahut Fedora City mit Strich-Ventilation #3\"}]},{\"@type\":\"WebSite\",\"@id\":\"https:\\\/\\\/hutfactory.com\\\/#website\",\"url\":\"https:\\\/\\\/hutfactory.com\\\/\",\"name\":\"Hut Factory\",\"description\":\"H\u00fcte, Kappen &amp; M\u00fctzen in Top Swiss\\\/EU Qualit\u00e4t\",\"publisher\":{\"@id\":\"https:\\\/\\\/hutfactory.com\\\/#organization\"},\"alternateName\":\"Hut Shop\",\"potentialAction\":[{\"@type\":\"SearchAction\",\"target\":{\"@type\":\"EntryPoint\",\"urlTemplate\":\"https:\\\/\\\/hutfactory.com\\\/?s={search_term_string}\"},\"query-input\":{\"@type\":\"PropertyValueSpecification\",\"valueRequired\":true,\"valueName\":\"search_term_string\"}}],\"inLanguage\":\"de\"},{\"@type\":\"Organization\",\"@id\":\"https:\\\/\\\/hutfactory.com\\\/#organization\",\"name\":\"Hut Factory\",\"url\":\"https:\\\/\\\/hutfactory.com\\\/\",\"logo\":{\"@type\":\"ImageObject\",\"inLanguage\":\"de\",\"@id\":\"https:\\\/\\\/hutfactory.com\\\/#\\\/schema\\\/logo\\\/image\\\/\",\"url\":\"https:\\\/\\\/hutfactory.com\\\/wp-content\\\/uploads\\\/2026\\\/01\\\/Logo-hut-factory-1.webp\",\"contentUrl\":\"https:\\\/\\\/hutfactory.com\\\/wp-content\\\/uploads\\\/2026\\\/01\\\/Logo-hut-factory-1.webp\",\"width\":300,\"height\":262,\"caption\":\"Hut Factory\"},\"image\":{\"@id\":\"https:\\\/\\\/hutfactory.com\\\/#\\\/schema\\\/logo\\\/image\\\/\"}}]}<\/script>\n<!-- \/ Yoast SEO Premium plugin. -->","yoast_head_json":{"title":"Panamahut Fedora City mit Strich-Ventilation \u0096 luftig & elegant","description":"Federleichter Panamahut Fedora im City Stil mit luftiger Strich-Ventilation \u0096 handgefertigt in der Schweiz, ideal f\u00fcr hei\u00dfe Sommertage.","robots":{"index":"index","follow":"follow","max-snippet":"max-snippet:-1","max-image-preview":"max-image-preview:large","max-video-preview":"max-video-preview:-1"},"canonical":"https:\/\/hutfactory.com\/?product=panamahut-fedora-city-mit-strich-ventilation-3","og_locale":"de_DE","og_type":"article","og_title":"Panamahut Fedora City mit Strich-Ventilation #3","og_description":"Federleichter Panamahut Fedora im City Stil mit luftiger Strich-Ventilation \u0096 handgefertigt in der Schweiz, ideal f\u00fcr hei\u00dfe Sommertage.","og_url":"https:\/\/hutfactory.com\/?product=panamahut-fedora-city-mit-strich-ventilation-3","og_site_name":"Hut Factory","article_modified_time":"2026-03-10T10:29:17+00:00","og_image":[{"width":750,"height":750,"url":"https:\/\/hutfactory.com\/wp-content\/uploads\/2026\/03\/34304150.1-PANAMA-e1552405667498-scaled-2.webp","type":"image\/webp"}],"twitter_card":"summary_large_image","twitter_misc":{"Gesch\u00e4tzte Lesezeit":"2\u00a0Minuten"},"schema":{"@context":"https:\/\/schema.org","@graph":[{"@type":"WebPage","@id":"https:\/\/hutfactory.com\/?product=panamahut-fedora-city-mit-strich-ventilation-3","url":"https:\/\/hutfactory.com\/?product=panamahut-fedora-city-mit-strich-ventilation-3","name":"Panamahut Fedora City mit Strich-Ventilation \u0096 luftig & elegant","isPartOf":{"@id":"https:\/\/hutfactory.com\/#website"},"primaryImageOfPage":{"@id":"https:\/\/hutfactory.com\/?product=panamahut-fedora-city-mit-strich-ventilation-3#primaryimage"},"image":{"@id":"https:\/\/hutfactory.com\/?product=panamahut-fedora-city-mit-strich-ventilation-3#primaryimage"},"thumbnailUrl":"https:\/\/hutfactory.com\/wp-content\/uploads\/2026\/03\/34304150.1-PANAMA-e1552405667498-scaled-2.webp","datePublished":"2026-03-10T10:05:14+00:00","dateModified":"2026-03-10T10:29:17+00:00","description":"Federleichter Panamahut Fedora im City Stil mit luftiger Strich-Ventilation \u0096 handgefertigt in der Schweiz, ideal f\u00fcr hei\u00dfe Sommertage.","breadcrumb":{"@id":"https:\/\/hutfactory.com\/?product=panamahut-fedora-city-mit-strich-ventilation-3#breadcrumb"},"inLanguage":"de","potentialAction":[{"@type":"ReadAction","target":["https:\/\/hutfactory.com\/?product=panamahut-fedora-city-mit-strich-ventilation-3"]}]},{"@type":"ImageObject","inLanguage":"de","@id":"https:\/\/hutfactory.com\/?product=panamahut-fedora-city-mit-strich-ventilation-3#primaryimage","url":"https:\/\/hutfactory.com\/wp-content\/uploads\/2026\/03\/34304150.1-PANAMA-e1552405667498-scaled-2.webp","contentUrl":"https:\/\/hutfactory.com\/wp-content\/uploads\/2026\/03\/34304150.1-PANAMA-e1552405667498-scaled-2.webp","width":750,"height":750,"caption":"Klassischer Fedora aus Panamastroh mit dekorativer Bel\u00fcftung und navyfarbenem Hutband \u0096 ideal f\u00fcr hei\u00dfe Sommertage.|"},{"@type":"BreadcrumbList","@id":"https:\/\/hutfactory.com\/?product=panamahut-fedora-city-mit-strich-ventilation-3#breadcrumb","itemListElement":[{"@type":"ListItem","position":1,"name":"Start","item":"https:\/\/hutfactory.com\/"},{"@type":"ListItem","position":2,"name":"Shop","item":"https:\/\/hutfactory.com\/?page_id=10"},{"@type":"ListItem","position":3,"name":"Panamahut Fedora City mit Strich-Ventilation #3"}]},{"@type":"WebSite","@id":"https:\/\/hutfactory.com\/#website","url":"https:\/\/hutfactory.com\/","name":"Hut Factory","description":"H\u00fcte, Kappen &amp; M\u00fctzen in Top Swiss\/EU Qualit\u00e4t","publisher":{"@id":"https:\/\/hutfactory.com\/#organization"},"alternateName":"Hut Shop","potentialAction":[{"@type":"SearchAction","target":{"@type":"EntryPoint","urlTemplate":"https:\/\/hutfactory.com\/?s={search_term_string}"},"query-input":{"@type":"PropertyValueSpecification","valueRequired":true,"valueName":"search_term_string"}}],"inLanguage":"de"},{"@type":"Organization","@id":"https:\/\/hutfactory.com\/#organization","name":"Hut Factory","url":"https:\/\/hutfactory.com\/","logo":{"@type":"ImageObject","inLanguage":"de","@id":"https:\/\/hutfactory.com\/#\/schema\/logo\/image\/","url":"https:\/\/hutfactory.com\/wp-content\/uploads\/2026\/01\/Logo-hut-factory-1.webp","contentUrl":"https:\/\/hutfactory.com\/wp-content\/uploads\/2026\/01\/Logo-hut-factory-1.webp","width":300,"height":262,"caption":"Hut Factory"},"image":{"@id":"https:\/\/hutfactory.com\/#\/schema\/logo\/image\/"}}]}},"_links":{"self":[{"href":"https:\/\/hutfactory.com\/index.php?rest_route=\/wp\/v2\/product\/16332","targetHints":{"allow":["GET"]}}],"collection":[{"href":"https:\/\/hutfactory.com\/index.php?rest_route=\/wp\/v2\/product"}],"about":[{"href":"https:\/\/hutfactory.com\/index.php?rest_route=\/wp\/v2\/types\/product"}],"wp:featuredmedia":[{"embeddable":true,"href":"https:\/\/hutfactory.com\/index.php?rest_route=\/wp\/v2\/media\/16333"}],"wp:attachment":[{"href":"https:\/\/hutfactory.com\/index.php?rest_route=%2Fwp%2Fv2%2Fmedia&parent=16332"}],"wp:term":[{"taxonomy":"product_brand","embeddable":true,"href":"https:\/\/hutfactory.com\/index.php?rest_route=%2Fwp%2Fv2%2Fproduct_brand&post=16332"},{"taxonomy":"product_cat","embeddable":true,"href":"https:\/\/hutfactory.com\/index.php?rest_route=%2Fwp%2Fv2%2Fproduct_cat&post=16332"},{"taxonomy":"product_tag","embeddable":true,"href":"https:\/\/hutfactory.com\/index.php?rest_route=%2Fwp%2Fv2%2Fproduct_tag&post=16332"}],"curies":[{"name":"wp","href":"https:\/\/api.w.org\/{rel}","templated":true}]}}