{"id":16301,"date":"2026-03-10T10:05:14","date_gmt":"2026-03-10T10:05:14","guid":{"rendered":"https:\/\/hutfactory.com\/?product=panamahut-spanier-style"},"modified":"2026-03-11T13:54:19","modified_gmt":"2026-03-11T13:54:19","slug":"panamahut-spanier-style","status":"publish","type":"product","link":"https:\/\/hutfactory.com\/?product=panamahut-spanier-style","title":{"rendered":"Panamahut Spanier Style"},"content":{"rendered":"<h3 class=\"\" data-start=\"484\" data-end=\"522\"><strong data-start=\"488\" data-end=\"520\">Tradition trifft Trendgesp\u00fcr<\/strong><\/h3>\n<p class=\"\" data-start=\"523\" data-end=\"883\">Der in echter Handarbeit gefertigte Hut aus 100% feinem Panamastroh vereint h\u00f6chste Handwerkskunst mit modernem Purismus. Die reduzierte Krempenbreite von 5 cm harmoniert perfekt mit der 8 cm hohen, zylindrischen Krone \u0096 typisch f\u00fcr den \u0084Spanier\u0093-Look, der sich aktuell nicht nur in s\u00fcdlichen Gefilden, sondern auch auf internationalen Laufstegen wiederfindet.<\/p>\n<p class=\"\" data-start=\"885\" data-end=\"906\"><strong data-start=\"885\" data-end=\"906\">Perfekt f\u00fcr\u0085.. ??<\/strong><\/p>\n<p class=\"\" data-start=\"908\" data-end=\"1104\"><strong data-start=\"908\" data-end=\"935\">?? Sommerliche Anl\u00e4sse:<\/strong><br data-start=\"935\" data-end=\"938\" \/>Ob beim Open-Air-Konzert, im Caf\u00e9 an der Promenade oder auf einer Gartenhochzeit \u0096 dieser Hut verleiht jedem Auftritt mediterrane Leichtigkeit und kultivierte Klasse.<\/p>\n<p class=\"\" data-start=\"1106\" data-end=\"1305\"><strong data-start=\"1106\" data-end=\"1129\">?? Elegante Events:<\/strong><br data-start=\"1129\" data-end=\"1132\" \/>Mit seinem puristischen Design und der ebenm\u00e4\u00dfigen Krone eignet sich dieses Modell hervorragend f\u00fcr offizielle Sommeranl\u00e4sse, Stadtfeste oder stilvolle Events mit Dresscode.<\/p>\n<p class=\"\" data-start=\"1307\" data-end=\"1484\"><strong data-start=\"1307\" data-end=\"1337\">?? Natur- und Modebewusst:<\/strong><br data-start=\"1337\" data-end=\"1340\" \/>Gefertigt aus hochwertigem, nachhaltigem Panamastroh \u0096 f\u00fcr alle, die bewusst konsumieren und zeitlose Accessoires mit Pers\u00f6nlichkeit bevorzugen.<\/p>\n<div class=\"hf-accordions\">\n<hr class=\"hf-accordion-separator\" \/>\n<details class=\"hf-accordion\">\n<summary><strong>\u25b6\ufe0f Gut zu wissen \u2013 mehr erfahren<\/strong><\/summary>\n<div class=\"hf-accordion-content\">\n<h3 class=\"\" data-start=\"1486\" data-end=\"1520\"><strong data-start=\"1490\" data-end=\"1518\">Eigenschaften &#038; Details:<\/strong><\/h3>\n<p class=\"\" data-start=\"1521\" data-end=\"1904\"><strong data-start=\"1521\" data-end=\"1534\">Material:<\/strong> 100% Panama \u0096 handverlesen, leicht und atmungsaktiv<br data-start=\"1586\" data-end=\"1589\" \/><strong data-start=\"1589\" data-end=\"1604\">Randbreite:<\/strong> 5 cm \u0096 dezent und stilvoll sch\u00fctzend<br data-start=\"1641\" data-end=\"1644\" \/><strong data-start=\"1644\" data-end=\"1657\">Kopfh\u00f6he:<\/strong> 8 cm \u0096 geradlinige, spanisch inspirierte Kronenform<br data-start=\"1709\" data-end=\"1712\" \/><strong data-start=\"1712\" data-end=\"1723\">Farben:<\/strong> Natur mit sandfarbenem Rebsband<br data-start=\"1755\" data-end=\"1758\" \/><strong data-start=\"1758\" data-end=\"1771\">Garnitur:<\/strong> Edles Hutband mit traditioneller Masche in sandfarbenem Rebs<br data-start=\"1832\" data-end=\"1835\" \/><strong data-start=\"1835\" data-end=\"1851\">Schwei\u00dfband:<\/strong> Angenehm weiches Textilinnenband<br data-start=\"1884\" data-end=\"1887\" \/><strong data-start=\"1887\" data-end=\"1898\">Gr\u00f6\u00dfen:<\/strong> 54\u009661<\/p>\n<h3 class=\"\" data-start=\"1906\" data-end=\"1937\"><strong data-start=\"1910\" data-end=\"1935\">Design &#038; Verarbeitung<\/strong><\/h3>\n<p class=\"\" data-start=\"1938\" data-end=\"2262\">Die charakteristisch flache Krempe und die zylindrisch geformte Krone machen diesen Hut zum Inbegriff des \u0084Spanier Styles\u0093. Ein monochromes Rebsband unterstreicht die klassische Eleganz und gibt dem Hut eine harmonische Note. Jedes Detail \u0096 von der sauberen Einfassung bis zur gen\u00e4hten Masche \u0096 zeugt von h\u00f6chster Pr\u00e4zision.<\/p>\n<h3 class=\"\" data-start=\"2264\" data-end=\"2302\"><strong data-start=\"2268\" data-end=\"2300\">Handgefertigt in der Schweiz<\/strong><\/h3>\n<p class=\"\" data-start=\"2303\" data-end=\"2585\">Jeder <em data-start=\"2309\" data-end=\"2334\">Panamahut Spanier Style<\/em> wird individuell f\u00fcr Sie in der traditionsreichen Schweizer Hutmanufaktur Risa gefertigt. Durch die auftragsbasierte Produktion wird jeder Hut zum Unikat \u0096 hergestellt mit gro\u00dfer Sorgfalt, kurzen Wegen und ganz im Zeichen nachhaltiger Handwerkskunst.<\/p>\n<h3 class=\"\" data-start=\"2587\" data-end=\"2622\"><strong data-start=\"2591\" data-end=\"2620\">Nachhaltigkeit &#038; Qualit\u00e4t<\/strong><\/h3>\n<p class=\"\" data-start=\"2623\" data-end=\"2925\"><strong data-start=\"2623\" data-end=\"2650\">Nat\u00fcrliche Materialien:<\/strong> Reines, hochwertiges Panamastroh \u0096 langlebig und biologisch abbaubar<br data-start=\"2719\" data-end=\"2722\" \/><strong data-start=\"2722\" data-end=\"2752\">Tradition &#038; Verantwortung:<\/strong> Gefertigt in einem europ\u00e4ischen Familienbetrieb mit h\u00f6chsten \u00f6kologischen Standards<br data-start=\"2836\" data-end=\"2839\" \/><strong data-start=\"2839\" data-end=\"2857\">Langlebigkeit:<\/strong> Mit entsprechender Pflege ein stilvoller Begleiter f\u00fcr viele Sommer<\/p>\n<h3 class=\"\" data-start=\"2927\" data-end=\"2958\"><strong data-start=\"2931\" data-end=\"2956\">Herstellung &#038; Versand<\/strong><\/h3>\n<p class=\"\" data-start=\"2959\" data-end=\"3170\"><strong data-start=\"2959\" data-end=\"2988\">Fertigung auf Bestellung:<\/strong> In sorgf\u00e4ltiger Handarbeit im Herzen Europas<br data-start=\"3033\" data-end=\"3036\" \/><strong data-start=\"3036\" data-end=\"3057\">Herstellungszeit:<\/strong> 10\u009615 Arbeitstage nach Zahlungseingang<br data-start=\"3096\" data-end=\"3099\" \/><strong data-start=\"3099\" data-end=\"3111\">Versand:<\/strong> Innerhalb weniger Tage nach Fertigstellung aus der Schweiz<\/p>\n<\/div>\n<\/details>\n<details class=\"hf-accordion\">\n<summary><strong>\u25b6\ufe0f FAQ \u2013 H\u00e4ufige Fragen<\/strong><\/summary>\n<div class=\"hf-accordion-content\">\n<h3 class=\"\" data-start=\"3172\" data-end=\"3211\"><strong data-start=\"3176\" data-end=\"3209\">FAQ \u0096 H\u00e4ufig gestellte Fragen<\/strong><\/h3>\n<p class=\"\" data-start=\"3212\" data-end=\"3354\"><strong data-start=\"3212\" data-end=\"3267\">Ist dieser Hut auch f\u00fcr hohe Temperaturen geeignet?<\/strong><br data-start=\"3267\" data-end=\"3270\" \/>Ja, Panamastroh ist besonders atmungsaktiv und bietet leichten, k\u00fchlen Tragekomfort.<\/p>\n<p class=\"\" data-start=\"3356\" data-end=\"3575\"><strong data-start=\"3356\" data-end=\"3420\">Wie unterscheidet sich dieser Stil von anderen Fedora-H\u00fcten?<\/strong><br data-start=\"3420\" data-end=\"3423\" \/>Der \u0084Spanier Style\u0093 zeichnet sich durch seine zylindrische Krone und die flache Krempe aus \u0096 eine Hommage an klassische, iberisch inspirierte Hutformen.<\/p>\n<p class=\"\" data-start=\"3577\" data-end=\"3768\"><strong data-start=\"3577\" data-end=\"3636\">Kann ich den Hut zur\u00fcckgeben, falls er mir nicht passt?<\/strong><br data-start=\"3636\" data-end=\"3639\" \/>Leider nicht \u0096 da es sich um eine Sonderanfertigung handelt, ist ein Umtausch nur bei Material- oder Herstellungsfehlern m\u00f6glich.<\/p>\n<p class=\"\" data-start=\"3948\" data-end=\"4056\"><strong data-start=\"3948\" data-end=\"3978\">Ist das Hutband abnehmbar?<\/strong><br data-start=\"3978\" data-end=\"3981\" \/>Nein, das Band ist fest eingen\u00e4ht und Teil der charakteristischen Garnitur.<\/p>\n<\/div>\n<\/details>\n<\/div>\n","protected":false},"excerpt":{"rendered":"<h3 class=\"\" data-start=\"83\" data-end=\"136\"><strong data-start=\"87\" data-end=\"134\">Sommerlicher Klassiker mit spanischem Flair<\/strong><\/h3>\n<p class=\"\" data-start=\"137\" data-end=\"482\">Minimalistisch. Markant. Mediterran. Der <em data-start=\"178\" data-end=\"203\">Panamahut Spanier Style<\/em> \u00fcberzeugt mit klarer Linienf\u00fchrung und traditioneller Silhouette. Die gerade Krone und die flache Krempe verleihen ihm eine elegante Strenge, die von einem sandfarbenen Rebsband stilvoll akzentuiert wird. Ideal f\u00fcr alle, die Understatement und Stil souver\u00e4n kombinieren m\u00f6chten.<\/p>\n","protected":false},"featured_media":16302,"template":"","meta":{"_acf_changed":false,"rs_blank_template":"","rs_page_bg_color":"","slide_template_v7":""},"product_brand":[250],"product_cat":[507,275,614],"product_tag":[],"class_list":{"0":"post-16301","1":"product","2":"type-product","3":"status-publish","4":"has-post-thumbnail","6":"product_brand-risa-hutwerkstatt-schweiz","7":"product_cat-panama-sommerhuete","8":"product_cat-sommerhuete","9":"product_cat-spanier-sommerhuete","10":"product_shipping_class-mittlere-pakete","11":"pa_color-natur","12":"pa_groesse-206","13":"pa_groesse-196","14":"pa_groesse-207","15":"pa_groesse-197","16":"pa_groesse-208","17":"pa_groesse-198","18":"pa_groesse-209","19":"pa_groesse-199","20":"pa_groesse-210","21":"pa_groesse-213","22":"pa_groesse-401","23":"yith_product_brand-risa-hutwerkstatt-schweiz","26":"instock","27":"featured","28":"taxable","29":"shipping-taxable","30":"purchasable","31":"product-type-variable","32":"wvs-archive-product-wrapper","33":"add-to-wishlist-after_add_to_cart"},"acf":[],"yoast_head":"<!-- This site is optimized with the Yoast SEO Premium plugin v27.3 (Yoast SEO v27.3) - https:\/\/yoast.com\/product\/yoast-seo-premium-wordpress\/ -->\n<title>Panamahut Spanier Style \u0096 klassisch, mediterran, handgefertigt<\/title>\n<meta name=\"description\" content=\"Geradliniger Panamahut im Spanier-Stil mit sandfarbenem Hutband. Zeitlos elegant. Jetzt bei Hut Factory online bestellen!\" \/>\n<meta name=\"robots\" content=\"index, follow, max-snippet:-1, max-image-preview:large, max-video-preview:-1\" \/>\n<link rel=\"canonical\" href=\"https:\/\/hutfactory.com\/?product=panamahut-spanier-style\" \/>\n<meta property=\"og:locale\" content=\"de_DE\" \/>\n<meta property=\"og:type\" content=\"article\" \/>\n<meta property=\"og:title\" content=\"Panamahut Spanier Style\" \/>\n<meta property=\"og:description\" content=\"Geradliniger Panamahut im Spanier-Stil mit sandfarbenem Hutband. Zeitlos elegant. Jetzt bei Hut Factory online bestellen!\" \/>\n<meta property=\"og:url\" content=\"https:\/\/hutfactory.com\/?product=panamahut-spanier-style\" \/>\n<meta property=\"og:site_name\" content=\"Hut Factory\" \/>\n<meta property=\"article:modified_time\" content=\"2026-03-11T13:54:19+00:00\" \/>\n<meta property=\"og:image\" content=\"https:\/\/hutfactory.com\/wp-content\/uploads\/2026\/03\/32504160.1_1-e1461146083210-scaled-e1647446448236-1.webp\" \/>\n\t<meta property=\"og:image:width\" content=\"750\" \/>\n\t<meta property=\"og:image:height\" content=\"750\" \/>\n\t<meta property=\"og:image:type\" content=\"image\/webp\" \/>\n<meta name=\"twitter:card\" content=\"summary_large_image\" \/>\n<meta name=\"twitter:label1\" content=\"Gesch\u00e4tzte Lesezeit\" \/>\n\t<meta name=\"twitter:data1\" content=\"2\u00a0Minuten\" \/>\n<script type=\"application\/ld+json\" class=\"yoast-schema-graph\">{\"@context\":\"https:\\\/\\\/schema.org\",\"@graph\":[{\"@type\":\"WebPage\",\"@id\":\"https:\\\/\\\/hutfactory.com\\\/?product=panamahut-spanier-style\",\"url\":\"https:\\\/\\\/hutfactory.com\\\/?product=panamahut-spanier-style\",\"name\":\"Panamahut Spanier Style \u0096 klassisch, mediterran, handgefertigt\",\"isPartOf\":{\"@id\":\"https:\\\/\\\/hutfactory.com\\\/#website\"},\"primaryImageOfPage\":{\"@id\":\"https:\\\/\\\/hutfactory.com\\\/?product=panamahut-spanier-style#primaryimage\"},\"image\":{\"@id\":\"https:\\\/\\\/hutfactory.com\\\/?product=panamahut-spanier-style#primaryimage\"},\"thumbnailUrl\":\"https:\\\/\\\/hutfactory.com\\\/wp-content\\\/uploads\\\/2026\\\/03\\\/32504160.1_1-e1461146083210-scaled-e1647446448236-1.webp\",\"datePublished\":\"2026-03-10T10:05:14+00:00\",\"dateModified\":\"2026-03-11T13:54:19+00:00\",\"description\":\"Geradliniger Panamahut im Spanier-Stil mit sandfarbenem Hutband. Zeitlos elegant. Jetzt bei Hut Factory online bestellen!\",\"breadcrumb\":{\"@id\":\"https:\\\/\\\/hutfactory.com\\\/?product=panamahut-spanier-style#breadcrumb\"},\"inLanguage\":\"de\",\"potentialAction\":[{\"@type\":\"ReadAction\",\"target\":[\"https:\\\/\\\/hutfactory.com\\\/?product=panamahut-spanier-style\"]}]},{\"@type\":\"ImageObject\",\"inLanguage\":\"de\",\"@id\":\"https:\\\/\\\/hutfactory.com\\\/?product=panamahut-spanier-style#primaryimage\",\"url\":\"https:\\\/\\\/hutfactory.com\\\/wp-content\\\/uploads\\\/2026\\\/03\\\/32504160.1_1-e1461146083210-scaled-e1647446448236-1.webp\",\"contentUrl\":\"https:\\\/\\\/hutfactory.com\\\/wp-content\\\/uploads\\\/2026\\\/03\\\/32504160.1_1-e1461146083210-scaled-e1647446448236-1.webp\",\"width\":750,\"height\":750,\"caption\":\"Handgefertigter Panamahut mit flacher Krempe und sandfarbenem Hutband \u0096 stilvoller Sonnenschutz f\u00fcr anspruchsvolle Tr\u00e4ger.|\"},{\"@type\":\"BreadcrumbList\",\"@id\":\"https:\\\/\\\/hutfactory.com\\\/?product=panamahut-spanier-style#breadcrumb\",\"itemListElement\":[{\"@type\":\"ListItem\",\"position\":1,\"name\":\"Start\",\"item\":\"https:\\\/\\\/hutfactory.com\\\/\"},{\"@type\":\"ListItem\",\"position\":2,\"name\":\"Shop\",\"item\":\"https:\\\/\\\/hutfactory.com\\\/?page_id=10\"},{\"@type\":\"ListItem\",\"position\":3,\"name\":\"Panamahut Spanier Style\"}]},{\"@type\":\"WebSite\",\"@id\":\"https:\\\/\\\/hutfactory.com\\\/#website\",\"url\":\"https:\\\/\\\/hutfactory.com\\\/\",\"name\":\"Hut Factory\",\"description\":\"H\u00fcte, Kappen &amp; M\u00fctzen in Top Swiss\\\/EU Qualit\u00e4t\",\"publisher\":{\"@id\":\"https:\\\/\\\/hutfactory.com\\\/#organization\"},\"alternateName\":\"Hut Shop\",\"potentialAction\":[{\"@type\":\"SearchAction\",\"target\":{\"@type\":\"EntryPoint\",\"urlTemplate\":\"https:\\\/\\\/hutfactory.com\\\/?s={search_term_string}\"},\"query-input\":{\"@type\":\"PropertyValueSpecification\",\"valueRequired\":true,\"valueName\":\"search_term_string\"}}],\"inLanguage\":\"de\"},{\"@type\":\"Organization\",\"@id\":\"https:\\\/\\\/hutfactory.com\\\/#organization\",\"name\":\"Hut Factory\",\"url\":\"https:\\\/\\\/hutfactory.com\\\/\",\"logo\":{\"@type\":\"ImageObject\",\"inLanguage\":\"de\",\"@id\":\"https:\\\/\\\/hutfactory.com\\\/#\\\/schema\\\/logo\\\/image\\\/\",\"url\":\"https:\\\/\\\/hutfactory.com\\\/wp-content\\\/uploads\\\/2026\\\/01\\\/Logo-hut-factory-1.webp\",\"contentUrl\":\"https:\\\/\\\/hutfactory.com\\\/wp-content\\\/uploads\\\/2026\\\/01\\\/Logo-hut-factory-1.webp\",\"width\":300,\"height\":262,\"caption\":\"Hut Factory\"},\"image\":{\"@id\":\"https:\\\/\\\/hutfactory.com\\\/#\\\/schema\\\/logo\\\/image\\\/\"}}]}<\/script>\n<!-- \/ Yoast SEO Premium plugin. -->","yoast_head_json":{"title":"Panamahut Spanier Style \u0096 klassisch, mediterran, handgefertigt","description":"Geradliniger Panamahut im Spanier-Stil mit sandfarbenem Hutband. Zeitlos elegant. Jetzt bei Hut Factory online bestellen!","robots":{"index":"index","follow":"follow","max-snippet":"max-snippet:-1","max-image-preview":"max-image-preview:large","max-video-preview":"max-video-preview:-1"},"canonical":"https:\/\/hutfactory.com\/?product=panamahut-spanier-style","og_locale":"de_DE","og_type":"article","og_title":"Panamahut Spanier Style","og_description":"Geradliniger Panamahut im Spanier-Stil mit sandfarbenem Hutband. Zeitlos elegant. Jetzt bei Hut Factory online bestellen!","og_url":"https:\/\/hutfactory.com\/?product=panamahut-spanier-style","og_site_name":"Hut Factory","article_modified_time":"2026-03-11T13:54:19+00:00","og_image":[{"width":750,"height":750,"url":"https:\/\/hutfactory.com\/wp-content\/uploads\/2026\/03\/32504160.1_1-e1461146083210-scaled-e1647446448236-1.webp","type":"image\/webp"}],"twitter_card":"summary_large_image","twitter_misc":{"Gesch\u00e4tzte Lesezeit":"2\u00a0Minuten"},"schema":{"@context":"https:\/\/schema.org","@graph":[{"@type":"WebPage","@id":"https:\/\/hutfactory.com\/?product=panamahut-spanier-style","url":"https:\/\/hutfactory.com\/?product=panamahut-spanier-style","name":"Panamahut Spanier Style \u0096 klassisch, mediterran, handgefertigt","isPartOf":{"@id":"https:\/\/hutfactory.com\/#website"},"primaryImageOfPage":{"@id":"https:\/\/hutfactory.com\/?product=panamahut-spanier-style#primaryimage"},"image":{"@id":"https:\/\/hutfactory.com\/?product=panamahut-spanier-style#primaryimage"},"thumbnailUrl":"https:\/\/hutfactory.com\/wp-content\/uploads\/2026\/03\/32504160.1_1-e1461146083210-scaled-e1647446448236-1.webp","datePublished":"2026-03-10T10:05:14+00:00","dateModified":"2026-03-11T13:54:19+00:00","description":"Geradliniger Panamahut im Spanier-Stil mit sandfarbenem Hutband. Zeitlos elegant. Jetzt bei Hut Factory online bestellen!","breadcrumb":{"@id":"https:\/\/hutfactory.com\/?product=panamahut-spanier-style#breadcrumb"},"inLanguage":"de","potentialAction":[{"@type":"ReadAction","target":["https:\/\/hutfactory.com\/?product=panamahut-spanier-style"]}]},{"@type":"ImageObject","inLanguage":"de","@id":"https:\/\/hutfactory.com\/?product=panamahut-spanier-style#primaryimage","url":"https:\/\/hutfactory.com\/wp-content\/uploads\/2026\/03\/32504160.1_1-e1461146083210-scaled-e1647446448236-1.webp","contentUrl":"https:\/\/hutfactory.com\/wp-content\/uploads\/2026\/03\/32504160.1_1-e1461146083210-scaled-e1647446448236-1.webp","width":750,"height":750,"caption":"Handgefertigter Panamahut mit flacher Krempe und sandfarbenem Hutband \u0096 stilvoller Sonnenschutz f\u00fcr anspruchsvolle Tr\u00e4ger.|"},{"@type":"BreadcrumbList","@id":"https:\/\/hutfactory.com\/?product=panamahut-spanier-style#breadcrumb","itemListElement":[{"@type":"ListItem","position":1,"name":"Start","item":"https:\/\/hutfactory.com\/"},{"@type":"ListItem","position":2,"name":"Shop","item":"https:\/\/hutfactory.com\/?page_id=10"},{"@type":"ListItem","position":3,"name":"Panamahut Spanier Style"}]},{"@type":"WebSite","@id":"https:\/\/hutfactory.com\/#website","url":"https:\/\/hutfactory.com\/","name":"Hut Factory","description":"H\u00fcte, Kappen &amp; M\u00fctzen in Top Swiss\/EU Qualit\u00e4t","publisher":{"@id":"https:\/\/hutfactory.com\/#organization"},"alternateName":"Hut Shop","potentialAction":[{"@type":"SearchAction","target":{"@type":"EntryPoint","urlTemplate":"https:\/\/hutfactory.com\/?s={search_term_string}"},"query-input":{"@type":"PropertyValueSpecification","valueRequired":true,"valueName":"search_term_string"}}],"inLanguage":"de"},{"@type":"Organization","@id":"https:\/\/hutfactory.com\/#organization","name":"Hut Factory","url":"https:\/\/hutfactory.com\/","logo":{"@type":"ImageObject","inLanguage":"de","@id":"https:\/\/hutfactory.com\/#\/schema\/logo\/image\/","url":"https:\/\/hutfactory.com\/wp-content\/uploads\/2026\/01\/Logo-hut-factory-1.webp","contentUrl":"https:\/\/hutfactory.com\/wp-content\/uploads\/2026\/01\/Logo-hut-factory-1.webp","width":300,"height":262,"caption":"Hut Factory"},"image":{"@id":"https:\/\/hutfactory.com\/#\/schema\/logo\/image\/"}}]}},"_links":{"self":[{"href":"https:\/\/hutfactory.com\/index.php?rest_route=\/wp\/v2\/product\/16301","targetHints":{"allow":["GET"]}}],"collection":[{"href":"https:\/\/hutfactory.com\/index.php?rest_route=\/wp\/v2\/product"}],"about":[{"href":"https:\/\/hutfactory.com\/index.php?rest_route=\/wp\/v2\/types\/product"}],"wp:featuredmedia":[{"embeddable":true,"href":"https:\/\/hutfactory.com\/index.php?rest_route=\/wp\/v2\/media\/16302"}],"wp:attachment":[{"href":"https:\/\/hutfactory.com\/index.php?rest_route=%2Fwp%2Fv2%2Fmedia&parent=16301"}],"wp:term":[{"taxonomy":"product_brand","embeddable":true,"href":"https:\/\/hutfactory.com\/index.php?rest_route=%2Fwp%2Fv2%2Fproduct_brand&post=16301"},{"taxonomy":"product_cat","embeddable":true,"href":"https:\/\/hutfactory.com\/index.php?rest_route=%2Fwp%2Fv2%2Fproduct_cat&post=16301"},{"taxonomy":"product_tag","embeddable":true,"href":"https:\/\/hutfactory.com\/index.php?rest_route=%2Fwp%2Fv2%2Fproduct_tag&post=16301"}],"curies":[{"name":"wp","href":"https:\/\/api.w.org\/{rel}","templated":true}]}}