{"id":16142,"date":"2026-03-10T10:03:48","date_gmt":"2026-03-10T10:03:48","guid":{"rendered":"https:\/\/hutfactory.com\/?product=damen-sommerhut-cloche-antik-hemp"},"modified":"2026-03-10T10:29:17","modified_gmt":"2026-03-10T10:29:17","slug":"damen-sommerhut-cloche-antik-hemp","status":"publish","type":"product","link":"https:\/\/hutfactory.com\/?product=damen-sommerhut-cloche-antik-hemp","title":{"rendered":"Damen Sommerhut Cloche &#8211; Antik Hemp"},"content":{"rendered":"<h3 class=\"\" data-start=\"0\" data-end=\"85\"><strong>Puristische Eleganz trifft auf nachhaltige Raffinesse<\/strong><\/h3>\n<p class=\"\" data-start=\"87\" data-end=\"662\">Der <strong data-start=\"91\" data-end=\"130\">Damen Sommerhut Cloche \u0096 Antik Hemp<\/strong> begeistert durch seine zeitlose Sch\u00f6nheit, nat\u00fcrliche Schlichtheit und exzellente Verarbeitung. Aus 100% Hanf gefertigt, zeigt sich dieser Cloche-Hut in einem edlen Natur-\/Beigeton, der sowohl zu dezenten Sommerlooks als auch zu farbenfrohen Outfits passt. Die gro\u00dfz\u00fcgige Krempe von 10 cm sch\u00fctzt zuverl\u00e4ssig vor Sonnenstrahlung, w\u00e4hrend das breite Leinenhutband mit 1919 Qualit\u00e4tsknopf stilvolle Akzente setzt. Ein Meisterst\u00fcck f\u00fcr alle, die bewussten Luxus, umweltfreundliche Materialien und authentische Handwerkskunst sch\u00e4tzen.<\/p>\n<p class=\"\" data-start=\"664\" data-end=\"1270\"><strong data-start=\"664\" data-end=\"682\">Perfekt f\u00fcr\u0085??<\/strong><br data-start=\"682\" data-end=\"685\" \/><strong data-start=\"685\" data-end=\"712\">?? Sommerliche Anl\u00e4sse:<\/strong> Ideal f\u00fcr entspannte Tage im Garten, stilvolle Ausfl\u00fcge ans Wasser oder das n\u00e4chste Open-Air-Event \u0096 dieser Cloche ist das perfekte Accessoire f\u00fcr Eleganz mit Funktion.<br data-start=\"881\" data-end=\"884\" \/><strong data-start=\"884\" data-end=\"907\">?? Elegante Events:<\/strong> Mit seiner klassischen Form und dem hochwertigen Leinenband avanciert der Hut schnell zum Highlight bei sommerlichen Feiern, Brunches oder Vernissagen.<br data-start=\"1059\" data-end=\"1062\" \/><strong data-start=\"1062\" data-end=\"1092\">?? Natur- und Modebewusst:<\/strong> F\u00fcr alle, die auf nachhaltige Materialien setzen und dennoch nicht auf Stil verzichten m\u00f6chten \u0096 Hanf ist nicht nur biologisch abbaubar, sondern auch langlebig und atmungsaktiv.<\/p>\n<div class=\"hf-accordions\">\n<hr class=\"hf-accordion-separator\" \/>\n<details class=\"hf-accordion\">\n<summary><strong>\u25b6\ufe0f Gut zu wissen \u2013 mehr erfahren<\/strong><\/summary>\n<div class=\"hf-accordion-content\"><\/div>\n<\/details>\n<details class=\"hf-accordion\">\n<summary><strong>\u25b6\ufe0f FAQ \u2013 H\u00e4ufige Fragen<\/strong><\/summary>\n<div class=\"hf-accordion-content\"><\/div>\n<\/details>\n<\/div>\n","protected":false},"excerpt":{"rendered":"<h3 data-start=\"1331\" data-end=\"1369\"><strong>Klassischer Look f\u00fcr hei\u00dfe Tage<\/strong><\/h3>\n<p class=\"\" data-start=\"1370\" data-end=\"1578\">Fein strukturierter Sommerhut aus 100% Hanf mit breiter Krempe f\u00fcr optimalen Sonnenschutz. Zeitloser Cloche-Schnitt, naturfarben mit edlem Leinenhutband \u0096 nachhaltig, elegant und handgefertigt in der Schweiz.<\/p>\n","protected":false},"featured_media":16143,"template":"","meta":{"_acf_changed":false,"rs_blank_template":"","rs_page_bg_color":"","slide_template_v7":""},"product_brand":[250],"product_cat":[446,277,275],"product_tag":[],"class_list":{"0":"post-16142","1":"product","2":"type-product","3":"status-publish","4":"has-post-thumbnail","6":"product_brand-risa-hutwerkstatt-schweiz","7":"product_cat-cloche-sommerhuete","8":"product_cat-reise-sommerhuete","9":"product_cat-sommerhuete","10":"product_shipping_class-mittlere-pakete","11":"pa_color-natur","12":"pa_groesse-206","13":"pa_groesse-196","14":"pa_groesse-207","15":"pa_groesse-197","16":"pa_groesse-208","17":"pa_groesse-198","18":"pa_groesse-209","19":"pa_groesse-199","20":"pa_groesse-210","21":"yith_product_brand-risa-hutwerkstatt-schweiz","24":"instock","25":"taxable","26":"shipping-taxable","27":"purchasable","28":"product-type-variable","29":"wvs-archive-product-wrapper","30":"add-to-wishlist-after_add_to_cart"},"acf":[],"yoast_head":"<!-- This site is optimized with the Yoast SEO Premium plugin v27.3 (Yoast SEO v27.3) - https:\/\/yoast.com\/product\/yoast-seo-premium-wordpress\/ -->\n<title>Damen Sommerhut Cloche - Antik Hemp - eine Stil-Ikone f\u00fcr den Sommer.<\/title>\n<meta name=\"description\" content=\"Mit breiter Krempe bietet der Damenhut nicht nur einen zuverl\u00e4ssigen Schutz vor UV-Strahlen, sondern ist auch ein modisches Accessoire f\u00fcr jedes Outfit.\" \/>\n<meta name=\"robots\" content=\"index, follow, max-snippet:-1, max-image-preview:large, max-video-preview:-1\" \/>\n<link rel=\"canonical\" href=\"https:\/\/hutfactory.com\/?product=damen-sommerhut-cloche-antik-hemp\" \/>\n<meta property=\"og:locale\" content=\"de_DE\" \/>\n<meta property=\"og:type\" content=\"article\" \/>\n<meta property=\"og:title\" content=\"Damen Sommerhut Cloche - Antik Hemp\" \/>\n<meta property=\"og:description\" content=\"Mit breiter Krempe bietet der Damenhut nicht nur einen zuverl\u00e4ssigen Schutz vor UV-Strahlen, sondern ist auch ein modisches Accessoire f\u00fcr jedes Outfit.\" \/>\n<meta property=\"og:url\" content=\"https:\/\/hutfactory.com\/?product=damen-sommerhut-cloche-antik-hemp\" \/>\n<meta property=\"og:site_name\" content=\"Hut Factory\" \/>\n<meta property=\"article:modified_time\" content=\"2026-03-10T10:29:17+00:00\" \/>\n<meta property=\"og:image\" content=\"https:\/\/hutfactory.com\/wp-content\/uploads\/2026\/03\/13505650.1-scaled-e1646826857465-1.webp\" \/>\n\t<meta property=\"og:image:width\" content=\"750\" \/>\n\t<meta property=\"og:image:height\" content=\"750\" \/>\n\t<meta property=\"og:image:type\" content=\"image\/webp\" \/>\n<meta name=\"twitter:card\" content=\"summary_large_image\" \/>\n<meta name=\"twitter:label1\" content=\"Gesch\u00e4tzte Lesezeit\" \/>\n\t<meta name=\"twitter:data1\" content=\"1\u00a0Minute\" \/>\n<script type=\"application\/ld+json\" class=\"yoast-schema-graph\">{\"@context\":\"https:\\\/\\\/schema.org\",\"@graph\":[{\"@type\":\"WebPage\",\"@id\":\"https:\\\/\\\/hutfactory.com\\\/?product=damen-sommerhut-cloche-antik-hemp\",\"url\":\"https:\\\/\\\/hutfactory.com\\\/?product=damen-sommerhut-cloche-antik-hemp\",\"name\":\"Damen Sommerhut Cloche - Antik Hemp - eine Stil-Ikone f\u00fcr den Sommer.\",\"isPartOf\":{\"@id\":\"https:\\\/\\\/hutfactory.com\\\/#website\"},\"primaryImageOfPage\":{\"@id\":\"https:\\\/\\\/hutfactory.com\\\/?product=damen-sommerhut-cloche-antik-hemp#primaryimage\"},\"image\":{\"@id\":\"https:\\\/\\\/hutfactory.com\\\/?product=damen-sommerhut-cloche-antik-hemp#primaryimage\"},\"thumbnailUrl\":\"https:\\\/\\\/hutfactory.com\\\/wp-content\\\/uploads\\\/2026\\\/03\\\/13505650.1-scaled-e1646826857465-1.webp\",\"datePublished\":\"2026-03-10T10:03:48+00:00\",\"dateModified\":\"2026-03-10T10:29:17+00:00\",\"description\":\"Mit breiter Krempe bietet der Damenhut nicht nur einen zuverl\u00e4ssigen Schutz vor UV-Strahlen, sondern ist auch ein modisches Accessoire f\u00fcr jedes Outfit.\",\"breadcrumb\":{\"@id\":\"https:\\\/\\\/hutfactory.com\\\/?product=damen-sommerhut-cloche-antik-hemp#breadcrumb\"},\"inLanguage\":\"de\",\"potentialAction\":[{\"@type\":\"ReadAction\",\"target\":[\"https:\\\/\\\/hutfactory.com\\\/?product=damen-sommerhut-cloche-antik-hemp\"]}]},{\"@type\":\"ImageObject\",\"inLanguage\":\"de\",\"@id\":\"https:\\\/\\\/hutfactory.com\\\/?product=damen-sommerhut-cloche-antik-hemp#primaryimage\",\"url\":\"https:\\\/\\\/hutfactory.com\\\/wp-content\\\/uploads\\\/2026\\\/03\\\/13505650.1-scaled-e1646826857465-1.webp\",\"contentUrl\":\"https:\\\/\\\/hutfactory.com\\\/wp-content\\\/uploads\\\/2026\\\/03\\\/13505650.1-scaled-e1646826857465-1.webp\",\"width\":750,\"height\":750,\"caption\":\"Eleganter Cloche-Hut aus Hanf in Natur\\\/Beige mit breitem Leinenhutband und 1919 Qualit\u00e4tsknopf. Handgefertigt in der Schweiz. Perfekt f\u00fcr den Sommer.|\"},{\"@type\":\"BreadcrumbList\",\"@id\":\"https:\\\/\\\/hutfactory.com\\\/?product=damen-sommerhut-cloche-antik-hemp#breadcrumb\",\"itemListElement\":[{\"@type\":\"ListItem\",\"position\":1,\"name\":\"Start\",\"item\":\"https:\\\/\\\/hutfactory.com\\\/\"},{\"@type\":\"ListItem\",\"position\":2,\"name\":\"Shop\",\"item\":\"https:\\\/\\\/hutfactory.com\\\/?page_id=10\"},{\"@type\":\"ListItem\",\"position\":3,\"name\":\"Damen Sommerhut Cloche &#8211; Antik Hemp\"}]},{\"@type\":\"WebSite\",\"@id\":\"https:\\\/\\\/hutfactory.com\\\/#website\",\"url\":\"https:\\\/\\\/hutfactory.com\\\/\",\"name\":\"Hut Factory\",\"description\":\"H\u00fcte, Kappen &amp; M\u00fctzen in Top Swiss\\\/EU Qualit\u00e4t\",\"publisher\":{\"@id\":\"https:\\\/\\\/hutfactory.com\\\/#organization\"},\"alternateName\":\"Hut Shop\",\"potentialAction\":[{\"@type\":\"SearchAction\",\"target\":{\"@type\":\"EntryPoint\",\"urlTemplate\":\"https:\\\/\\\/hutfactory.com\\\/?s={search_term_string}\"},\"query-input\":{\"@type\":\"PropertyValueSpecification\",\"valueRequired\":true,\"valueName\":\"search_term_string\"}}],\"inLanguage\":\"de\"},{\"@type\":\"Organization\",\"@id\":\"https:\\\/\\\/hutfactory.com\\\/#organization\",\"name\":\"Hut Factory\",\"url\":\"https:\\\/\\\/hutfactory.com\\\/\",\"logo\":{\"@type\":\"ImageObject\",\"inLanguage\":\"de\",\"@id\":\"https:\\\/\\\/hutfactory.com\\\/#\\\/schema\\\/logo\\\/image\\\/\",\"url\":\"https:\\\/\\\/hutfactory.com\\\/wp-content\\\/uploads\\\/2026\\\/01\\\/Logo-hut-factory-1.webp\",\"contentUrl\":\"https:\\\/\\\/hutfactory.com\\\/wp-content\\\/uploads\\\/2026\\\/01\\\/Logo-hut-factory-1.webp\",\"width\":300,\"height\":262,\"caption\":\"Hut Factory\"},\"image\":{\"@id\":\"https:\\\/\\\/hutfactory.com\\\/#\\\/schema\\\/logo\\\/image\\\/\"}}]}<\/script>\n<!-- \/ Yoast SEO Premium plugin. -->","yoast_head_json":{"title":"Damen Sommerhut Cloche - Antik Hemp - eine Stil-Ikone f\u00fcr den Sommer.","description":"Mit breiter Krempe bietet der Damenhut nicht nur einen zuverl\u00e4ssigen Schutz vor UV-Strahlen, sondern ist auch ein modisches Accessoire f\u00fcr jedes Outfit.","robots":{"index":"index","follow":"follow","max-snippet":"max-snippet:-1","max-image-preview":"max-image-preview:large","max-video-preview":"max-video-preview:-1"},"canonical":"https:\/\/hutfactory.com\/?product=damen-sommerhut-cloche-antik-hemp","og_locale":"de_DE","og_type":"article","og_title":"Damen Sommerhut Cloche - Antik Hemp","og_description":"Mit breiter Krempe bietet der Damenhut nicht nur einen zuverl\u00e4ssigen Schutz vor UV-Strahlen, sondern ist auch ein modisches Accessoire f\u00fcr jedes Outfit.","og_url":"https:\/\/hutfactory.com\/?product=damen-sommerhut-cloche-antik-hemp","og_site_name":"Hut Factory","article_modified_time":"2026-03-10T10:29:17+00:00","og_image":[{"width":750,"height":750,"url":"https:\/\/hutfactory.com\/wp-content\/uploads\/2026\/03\/13505650.1-scaled-e1646826857465-1.webp","type":"image\/webp"}],"twitter_card":"summary_large_image","twitter_misc":{"Gesch\u00e4tzte Lesezeit":"1\u00a0Minute"},"schema":{"@context":"https:\/\/schema.org","@graph":[{"@type":"WebPage","@id":"https:\/\/hutfactory.com\/?product=damen-sommerhut-cloche-antik-hemp","url":"https:\/\/hutfactory.com\/?product=damen-sommerhut-cloche-antik-hemp","name":"Damen Sommerhut Cloche - Antik Hemp - eine Stil-Ikone f\u00fcr den Sommer.","isPartOf":{"@id":"https:\/\/hutfactory.com\/#website"},"primaryImageOfPage":{"@id":"https:\/\/hutfactory.com\/?product=damen-sommerhut-cloche-antik-hemp#primaryimage"},"image":{"@id":"https:\/\/hutfactory.com\/?product=damen-sommerhut-cloche-antik-hemp#primaryimage"},"thumbnailUrl":"https:\/\/hutfactory.com\/wp-content\/uploads\/2026\/03\/13505650.1-scaled-e1646826857465-1.webp","datePublished":"2026-03-10T10:03:48+00:00","dateModified":"2026-03-10T10:29:17+00:00","description":"Mit breiter Krempe bietet der Damenhut nicht nur einen zuverl\u00e4ssigen Schutz vor UV-Strahlen, sondern ist auch ein modisches Accessoire f\u00fcr jedes Outfit.","breadcrumb":{"@id":"https:\/\/hutfactory.com\/?product=damen-sommerhut-cloche-antik-hemp#breadcrumb"},"inLanguage":"de","potentialAction":[{"@type":"ReadAction","target":["https:\/\/hutfactory.com\/?product=damen-sommerhut-cloche-antik-hemp"]}]},{"@type":"ImageObject","inLanguage":"de","@id":"https:\/\/hutfactory.com\/?product=damen-sommerhut-cloche-antik-hemp#primaryimage","url":"https:\/\/hutfactory.com\/wp-content\/uploads\/2026\/03\/13505650.1-scaled-e1646826857465-1.webp","contentUrl":"https:\/\/hutfactory.com\/wp-content\/uploads\/2026\/03\/13505650.1-scaled-e1646826857465-1.webp","width":750,"height":750,"caption":"Eleganter Cloche-Hut aus Hanf in Natur\/Beige mit breitem Leinenhutband und 1919 Qualit\u00e4tsknopf. Handgefertigt in der Schweiz. Perfekt f\u00fcr den Sommer.|"},{"@type":"BreadcrumbList","@id":"https:\/\/hutfactory.com\/?product=damen-sommerhut-cloche-antik-hemp#breadcrumb","itemListElement":[{"@type":"ListItem","position":1,"name":"Start","item":"https:\/\/hutfactory.com\/"},{"@type":"ListItem","position":2,"name":"Shop","item":"https:\/\/hutfactory.com\/?page_id=10"},{"@type":"ListItem","position":3,"name":"Damen Sommerhut Cloche &#8211; Antik Hemp"}]},{"@type":"WebSite","@id":"https:\/\/hutfactory.com\/#website","url":"https:\/\/hutfactory.com\/","name":"Hut Factory","description":"H\u00fcte, Kappen &amp; M\u00fctzen in Top Swiss\/EU Qualit\u00e4t","publisher":{"@id":"https:\/\/hutfactory.com\/#organization"},"alternateName":"Hut Shop","potentialAction":[{"@type":"SearchAction","target":{"@type":"EntryPoint","urlTemplate":"https:\/\/hutfactory.com\/?s={search_term_string}"},"query-input":{"@type":"PropertyValueSpecification","valueRequired":true,"valueName":"search_term_string"}}],"inLanguage":"de"},{"@type":"Organization","@id":"https:\/\/hutfactory.com\/#organization","name":"Hut Factory","url":"https:\/\/hutfactory.com\/","logo":{"@type":"ImageObject","inLanguage":"de","@id":"https:\/\/hutfactory.com\/#\/schema\/logo\/image\/","url":"https:\/\/hutfactory.com\/wp-content\/uploads\/2026\/01\/Logo-hut-factory-1.webp","contentUrl":"https:\/\/hutfactory.com\/wp-content\/uploads\/2026\/01\/Logo-hut-factory-1.webp","width":300,"height":262,"caption":"Hut Factory"},"image":{"@id":"https:\/\/hutfactory.com\/#\/schema\/logo\/image\/"}}]}},"_links":{"self":[{"href":"https:\/\/hutfactory.com\/index.php?rest_route=\/wp\/v2\/product\/16142","targetHints":{"allow":["GET"]}}],"collection":[{"href":"https:\/\/hutfactory.com\/index.php?rest_route=\/wp\/v2\/product"}],"about":[{"href":"https:\/\/hutfactory.com\/index.php?rest_route=\/wp\/v2\/types\/product"}],"wp:featuredmedia":[{"embeddable":true,"href":"https:\/\/hutfactory.com\/index.php?rest_route=\/wp\/v2\/media\/16143"}],"wp:attachment":[{"href":"https:\/\/hutfactory.com\/index.php?rest_route=%2Fwp%2Fv2%2Fmedia&parent=16142"}],"wp:term":[{"taxonomy":"product_brand","embeddable":true,"href":"https:\/\/hutfactory.com\/index.php?rest_route=%2Fwp%2Fv2%2Fproduct_brand&post=16142"},{"taxonomy":"product_cat","embeddable":true,"href":"https:\/\/hutfactory.com\/index.php?rest_route=%2Fwp%2Fv2%2Fproduct_cat&post=16142"},{"taxonomy":"product_tag","embeddable":true,"href":"https:\/\/hutfactory.com\/index.php?rest_route=%2Fwp%2Fv2%2Fproduct_tag&post=16142"}],"curies":[{"name":"wp","href":"https:\/\/api.w.org\/{rel}","templated":true}]}}