{"id":16088,"date":"2026-03-10T10:02:42","date_gmt":"2026-03-10T10:02:42","guid":{"rendered":"https:\/\/hutfactory.com\/?product=strohhut-traveler-mit-grosgrain"},"modified":"2026-03-10T10:04:47","modified_gmt":"2026-03-10T10:04:47","slug":"strohhut-traveler-mit-grosgrain","status":"publish","type":"product","link":"https:\/\/hutfactory.com\/?product=strohhut-traveler-mit-grosgrain","title":{"rendered":"Strohhut Traveler mit Grosgrain"},"content":{"rendered":"<h3 class=\"\" data-start=\"432\" data-end=\"476\"><strong data-start=\"436\" data-end=\"476\">Zeitloser Look mit raffinierter Note<\/strong><\/h3>\n<p class=\"\" data-start=\"477\" data-end=\"933\">Die klassische Fedora-Krone mit ihrer markanten Vertiefung und die ca. 6.2 cm breite Krempe formen eine ausgewogene Silhouette, die modisch wie funktional \u00fcberzeugt. Der helle Naturton des Strohs bildet eine harmonische B\u00fchne f\u00fcr das edle Grosgrain-Hutband in Petrol, das durch einen schmalen Strohintarsienstreifen elegant betont wird. Ein seitlich platzierter <em data-start=\"839\" data-end=\"855\">Risa seit 1919<\/em>-Qualit\u00e4tsknopf auf der Traverse rundet das Design mit ikonischer Signatur ab.<\/p>\n<p class=\"\" data-start=\"935\" data-end=\"956\"><strong data-start=\"935\" data-end=\"956\">Perfekt f\u00fcr\u0085.. ??<\/strong><\/p>\n<p class=\"\" data-start=\"958\" data-end=\"1156\"><strong data-start=\"958\" data-end=\"985\">?? Sommerliche Anl\u00e4sse:<\/strong><br data-start=\"985\" data-end=\"988\" \/>Ob an der C\u00f4te d\u0092Azur, am See oder beim Wochenend-Brunch in der Stadt \u0096 dieser Fedora verleiht jedem Outfit eine stilvolle Leichtigkeit mit wirkungsvollem Sonnenschutz.<\/p>\n<p class=\"\" data-start=\"1158\" data-end=\"1324\"><strong data-start=\"1158\" data-end=\"1199\">?? Urbane Flaneure &#038; Individualisten:<\/strong><br data-start=\"1199\" data-end=\"1202\" \/>Die moderne Interpretation eines Klassikers \u0096 perfekt f\u00fcr Menschen, die Understatement mit einem Hauch Extravaganz lieben.<\/p>\n<p class=\"\" data-start=\"1326\" data-end=\"1503\"><strong data-start=\"1326\" data-end=\"1356\">?? Natur- und Modebewusst:<\/strong><br data-start=\"1356\" data-end=\"1359\" \/>Hergestellt aus nat\u00fcrlichem Stroh und mit Liebe zum Detail verarbeitet \u0096 dieser Hut steht f\u00fcr nachhaltige Eleganz und verantwortungsvollen Stil.<\/p>\n<div class=\"hf-accordions\">\n<hr class=\"hf-accordion-separator\" \/>\n<details class=\"hf-accordion\">\n<summary><strong>\u25b6\ufe0f Gut zu wissen \u2013 mehr erfahren<\/strong><\/summary>\n<div class=\"hf-accordion-content\">\n<h3 class=\"\" data-start=\"1505\" data-end=\"1536\"><strong data-start=\"1509\" data-end=\"1536\">Eigenschaften &#038; Details<\/strong><\/h3>\n<ul data-start=\"1537\" data-end=\"1998\">\n<li class=\"\" data-start=\"1537\" data-end=\"1602\">\n<p class=\"\" data-start=\"1539\" data-end=\"1602\"><strong data-start=\"1539\" data-end=\"1552\">Material:<\/strong> 100% Stroh \u0096 nat\u00fcrlich, atmungsaktiv und leicht<\/p>\n<\/li>\n<li class=\"\" data-start=\"1603\" data-end=\"1686\">\n<p class=\"\" data-start=\"1605\" data-end=\"1686\"><strong data-start=\"1605\" data-end=\"1620\">Randbreite:<\/strong> ca. 6.2 cm \u0096 eleganter Sonnenschutz mit stilvoller Ausstrahlung<\/p>\n<\/li>\n<li class=\"\" data-start=\"1687\" data-end=\"1746\">\n<p class=\"\" data-start=\"1689\" data-end=\"1746\"><strong data-start=\"1689\" data-end=\"1702\">Kopfh\u00f6he:<\/strong> 10.5 cm \u0096 klassisch geformte Fedora-Krone<\/p>\n<\/li>\n<li class=\"\" data-start=\"1747\" data-end=\"1817\">\n<p class=\"\" data-start=\"1749\" data-end=\"1817\"><strong data-start=\"1749\" data-end=\"1759\">Farbe:<\/strong> Natur mit petrolfarbener Garnitur und zartem Strohinlay<\/p>\n<\/li>\n<li class=\"\" data-start=\"1818\" data-end=\"1908\">\n<p class=\"\" data-start=\"1820\" data-end=\"1908\"><strong data-start=\"1820\" data-end=\"1833\">Garnitur:<\/strong> Edles Grosgrainband in Petrol, veredelt mit Strohintarsie und Risa-Knopf<\/p>\n<\/li>\n<li class=\"\" data-start=\"1909\" data-end=\"1976\">\n<p class=\"\" data-start=\"1911\" data-end=\"1976\"><strong data-start=\"1911\" data-end=\"1927\">Schwei\u00dfband:<\/strong> Komfortables, fein eingen\u00e4htes Textilinnenband<\/p>\n<\/li>\n<li class=\"\" data-start=\"1977\" data-end=\"1998\">\n<p class=\"\" data-start=\"1979\" data-end=\"1998\"><strong data-start=\"1979\" data-end=\"1990\">Gr\u00f6\u00dfen:<\/strong> 54\u009663<\/p>\n<\/li>\n<\/ul>\n<h3 class=\"\" data-start=\"2000\" data-end=\"2029\"><strong data-start=\"2004\" data-end=\"2029\">Design &#038; Verarbeitung<\/strong><\/h3>\n<p class=\"\" data-start=\"2030\" data-end=\"2348\">Feines Naturstroh wird in traditioneller Technik geformt und mit der charakteristischen Krempe versehen, die sich sanft nach unten w\u00f6lbt \u0096 ideal, um Gesicht und Nacken vor der Sonne zu sch\u00fctzen. Das doppelte Hutband-Design mit kontrastierender Textur sorgt f\u00fcr einen spannenden Materialmix und ein visuelles Highlight.<\/p>\n<h3 class=\"\" data-start=\"2350\" data-end=\"2386\"><strong data-start=\"2354\" data-end=\"2386\">Handgefertigt in der Schweiz<\/strong><\/h3>\n<p class=\"\" data-start=\"2387\" data-end=\"2597\">In der Schweizer Hutmanufaktur Risa entsteht jedes Modell auf Bestellung \u0096 in pr\u00e4ziser Handarbeit und mit gro\u00dfem Augenmerk auf Qualit\u00e4t, Form und Finish. Ein echtes Meisterst\u00fcck europ\u00e4ischer Hutmachertradition.<\/p>\n<h3 class=\"\" data-start=\"2599\" data-end=\"2632\"><strong data-start=\"2603\" data-end=\"2632\">Nachhaltigkeit &#038; Qualit\u00e4t<\/strong><\/h3>\n<ul data-start=\"2633\" data-end=\"2835\">\n<li class=\"\" data-start=\"2633\" data-end=\"2690\">\n<p class=\"\" data-start=\"2635\" data-end=\"2690\"><strong data-start=\"2635\" data-end=\"2688\">Nat\u00fcrliche Rohstoffe mit geringer Umweltbelastung<\/strong><\/p>\n<\/li>\n<li class=\"\" data-start=\"2691\" data-end=\"2763\">\n<p class=\"\" data-start=\"2693\" data-end=\"2763\"><strong data-start=\"2693\" data-end=\"2761\">Handwerkliche Verarbeitung auf Bestellung \u0096 keine \u00dcberproduktion<\/strong><\/p>\n<\/li>\n<li class=\"\" data-start=\"2764\" data-end=\"2835\">\n<p class=\"\" data-start=\"2766\" data-end=\"2835\"><strong data-start=\"2766\" data-end=\"2833\">Langlebige Qualit\u00e4t durch robuste Flechtung und exakte Passform<\/strong><\/p>\n<\/li>\n<\/ul>\n<h3 class=\"\" data-start=\"2837\" data-end=\"2866\"><strong data-start=\"2841\" data-end=\"2866\">Herstellung &#038; Versand<\/strong><\/h3>\n<ul data-start=\"2867\" data-end=\"3218\">\n<li class=\"\" data-start=\"2867\" data-end=\"2951\">\n<p class=\"\" data-start=\"2869\" data-end=\"2951\"><strong data-start=\"2869\" data-end=\"2883\">Fertigung:<\/strong> Individuell nach Bestelleingang, innerhalb von 10\u009615 Arbeitstagen<\/p>\n<\/li>\n<li class=\"\" data-start=\"2952\" data-end=\"3024\">\n<p class=\"\" data-start=\"2954\" data-end=\"3024\"><strong data-start=\"2954\" data-end=\"2966\">Versand:<\/strong> Direkt aus der Schweiz, wenige Tage nach Fertigstellung<\/p>\n<\/li>\n<li class=\"\" data-start=\"3025\" data-end=\"3095\">\n<p class=\"\" data-start=\"3027\" data-end=\"3095\"><strong data-start=\"3027\" data-end=\"3040\">Garantie:<\/strong> Umtausch nur bei Material- oder Verarbeitungsfehlern<\/p>\n<\/li>\n<li class=\"\" data-start=\"3096\" data-end=\"3151\">\n<p class=\"\" data-start=\"3098\" data-end=\"3151\"><strong data-start=\"3098\" data-end=\"3111\">R\u00fcckgabe:<\/strong> Keine R\u00fccknahme, da Sonderanfertigung<\/p>\n<\/li>\n<li class=\"\" data-start=\"3152\" data-end=\"3218\">\n<p class=\"\" data-start=\"3154\" data-end=\"3218\"><strong data-start=\"3154\" data-end=\"3172\">Verf\u00fcgbarkeit:<\/strong> Nur solange Vorrat an Rohmaterial vorhanden<\/p>\n<\/li>\n<\/ul>\n<\/div>\n<\/details>\n<details class=\"hf-accordion\">\n<summary><strong>\u25b6\ufe0f FAQ \u2013 H\u00e4ufige Fragen<\/strong><\/summary>\n<div class=\"hf-accordion-content\">\n<h3 class=\"\" data-start=\"3220\" data-end=\"3257\"><strong data-start=\"3224\" data-end=\"3257\">FAQ \u0096 H\u00e4ufig gestellte Fragen<\/strong><\/h3>\n<p class=\"\" data-start=\"3259\" data-end=\"3388\"><strong data-start=\"3259\" data-end=\"3288\">Wie flexibel ist der Hut?<\/strong><br data-start=\"3288\" data-end=\"3291\" \/>Der Hut ist formstabil und nicht knautschbar \u0096 bitte flach oder auf einem Hutst\u00e4nder aufbewahren.<\/p>\n<p class=\"\" data-start=\"3390\" data-end=\"3510\"><strong data-start=\"3390\" data-end=\"3420\">Ist das Hutband abnehmbar?<\/strong><br data-start=\"3420\" data-end=\"3423\" \/>Nein, die Garnitur ist fest mit dem Hut vern\u00e4ht und integraler Bestandteil des Designs.<\/p>\n<p class=\"\" data-start=\"3512\" data-end=\"3639\"><strong data-start=\"3512\" data-end=\"3550\">Wie sch\u00fctzt der Hut vor der Sonne?<\/strong><br data-start=\"3550\" data-end=\"3553\" \/>Dank der breiten Krempe spendet der Fedora ideal Schatten f\u00fcr Gesicht und Augenpartie.<\/p>\n<p class=\"\" data-start=\"3641\" data-end=\"3831\"><strong data-start=\"3641\" data-end=\"3676\">Wie pflege ich den Hut richtig?<\/strong><br data-start=\"3676\" data-end=\"3679\" \/>Vor Feuchtigkeit sch\u00fctzen, trocken lagern, mit weicher B\u00fcrste reinigen.<br data-start=\"3750\" data-end=\"3753\" \/><strong data-start=\"3753\" data-end=\"3777\">Weitere Infos unter:<\/strong> <a class=\"\" href=\"https:\/\/hut-factory.com\/pflegehinweise\/\" target=\"_new\" rel=\"noopener\" data-start=\"3778\" data-end=\"3831\">Pflegehinweise<\/a><\/p>\n<p class=\"\" data-start=\"3833\" data-end=\"3963\"><strong data-start=\"3833\" data-end=\"3879\">Ist der Hut f\u00fcr Damen und Herren geeignet?<\/strong><br data-start=\"3879\" data-end=\"3882\" \/>Ja \u0096 das Modell ist unisex und f\u00fcr stilbewusste Menschen jeden Alters konzipiert.<\/p>\n<\/div>\n<\/details>\n<\/div>\n","protected":false},"excerpt":{"rendered":"<h3 class=\"\" data-start=\"64\" data-end=\"117\"><strong data-start=\"68\" data-end=\"117\">Sommerlicher Charme trifft klassisches Design<\/strong><\/h3>\n<p class=\"\" data-start=\"118\" data-end=\"430\">Der <em data-start=\"122\" data-end=\"148\">Strohhut Fedora Traveler<\/em> bringt mediterranes Lebensgef\u00fchl und handwerkliche Pr\u00e4zision in perfekter Balance zusammen. Aus reinem Naturstroh gefertigt und mit einer ausdrucksstarken petrolfarbenen Garnitur versehen, avanciert dieser Hut zum stilvollen Begleiter f\u00fcr alle, die Sommermode mit Charakter suchen.<\/p>\n<p>\u00a0<\/p>\n","protected":false},"featured_media":16089,"template":"","meta":{"_acf_changed":false,"rs_blank_template":"","rs_page_bg_color":"","slide_template_v7":""},"product_brand":[250],"product_cat":[610,275,612],"product_tag":[],"class_list":{"0":"post-16088","1":"product","2":"type-product","3":"status-publish","4":"has-post-thumbnail","6":"product_brand-risa-hutwerkstatt-schweiz","7":"product_cat-city-sommerhuete","8":"product_cat-sommerhuete","9":"product_cat-traveler-sommerhuete","10":"product_shipping_class-mittlere-pakete","11":"pa_color-natur","12":"pa_groesse-206","13":"pa_groesse-196","14":"pa_groesse-207","15":"pa_groesse-197","16":"pa_groesse-208","17":"pa_groesse-198","18":"pa_groesse-209","19":"pa_groesse-199","20":"pa_groesse-210","21":"pa_groesse-213","22":"yith_product_brand-risa-hutwerkstatt-schweiz","25":"instock","26":"featured","27":"taxable","28":"shipping-taxable","29":"purchasable","30":"product-type-variable","31":"wvs-archive-product-wrapper","32":"add-to-wishlist-after_add_to_cart"},"acf":[],"yoast_head":"<!-- This site is optimized with the Yoast SEO Premium plugin v27.3 (Yoast SEO v27.3) - https:\/\/yoast.com\/product\/yoast-seo-premium-wordpress\/ -->\n<title>Strohhut Fedora der Extraklasse mit einem Hauch von Raffinesse<\/title>\n<meta name=\"description\" content=\"Der Sommerhut in Fedora Stil ist der klassische Sommerhut mit einer feinen, gr\u00fcnen Einlage am Hutrand, ein petrolfarbiges Hutband ziert den Strohhut.\" \/>\n<meta name=\"robots\" content=\"index, follow, max-snippet:-1, max-image-preview:large, max-video-preview:-1\" \/>\n<link rel=\"canonical\" href=\"https:\/\/hutfactory.com\/?product=strohhut-traveler-mit-grosgrain\" \/>\n<meta property=\"og:locale\" content=\"de_DE\" \/>\n<meta property=\"og:type\" content=\"article\" \/>\n<meta property=\"og:title\" content=\"Strohhut Traveler mit Grosgrain\" \/>\n<meta property=\"og:description\" content=\"Der Sommerhut in Fedora Stil ist der klassische Sommerhut mit einer feinen, gr\u00fcnen Einlage am Hutrand, ein petrolfarbiges Hutband ziert den Strohhut.\" \/>\n<meta property=\"og:url\" content=\"https:\/\/hutfactory.com\/?product=strohhut-traveler-mit-grosgrain\" \/>\n<meta property=\"og:site_name\" content=\"Hut Factory\" \/>\n<meta property=\"article:modified_time\" content=\"2026-03-10T10:04:47+00:00\" \/>\n<meta property=\"og:image\" content=\"https:\/\/hutfactory.com\/wp-content\/uploads\/2026\/03\/10404156.1-1-scaled-e1727168627413-1.webp\" \/>\n\t<meta property=\"og:image:width\" content=\"750\" \/>\n\t<meta property=\"og:image:height\" content=\"750\" \/>\n\t<meta property=\"og:image:type\" content=\"image\/webp\" \/>\n<meta name=\"twitter:card\" content=\"summary_large_image\" \/>\n<meta name=\"twitter:label1\" content=\"Gesch\u00e4tzte Lesezeit\" \/>\n\t<meta name=\"twitter:data1\" content=\"2\u00a0Minuten\" \/>\n<script type=\"application\/ld+json\" class=\"yoast-schema-graph\">{\"@context\":\"https:\\\/\\\/schema.org\",\"@graph\":[{\"@type\":\"WebPage\",\"@id\":\"https:\\\/\\\/hutfactory.com\\\/?product=strohhut-traveler-mit-grosgrain\",\"url\":\"https:\\\/\\\/hutfactory.com\\\/?product=strohhut-traveler-mit-grosgrain\",\"name\":\"Strohhut Fedora der Extraklasse mit einem Hauch von Raffinesse\",\"isPartOf\":{\"@id\":\"https:\\\/\\\/hutfactory.com\\\/#website\"},\"primaryImageOfPage\":{\"@id\":\"https:\\\/\\\/hutfactory.com\\\/?product=strohhut-traveler-mit-grosgrain#primaryimage\"},\"image\":{\"@id\":\"https:\\\/\\\/hutfactory.com\\\/?product=strohhut-traveler-mit-grosgrain#primaryimage\"},\"thumbnailUrl\":\"https:\\\/\\\/hutfactory.com\\\/wp-content\\\/uploads\\\/2026\\\/03\\\/10404156.1-1-scaled-e1727168627413-1.webp\",\"datePublished\":\"2026-03-10T10:02:42+00:00\",\"dateModified\":\"2026-03-10T10:04:47+00:00\",\"description\":\"Der Sommerhut in Fedora Stil ist der klassische Sommerhut mit einer feinen, gr\u00fcnen Einlage am Hutrand, ein petrolfarbiges Hutband ziert den Strohhut.\",\"breadcrumb\":{\"@id\":\"https:\\\/\\\/hutfactory.com\\\/?product=strohhut-traveler-mit-grosgrain#breadcrumb\"},\"inLanguage\":\"de\",\"potentialAction\":[{\"@type\":\"ReadAction\",\"target\":[\"https:\\\/\\\/hutfactory.com\\\/?product=strohhut-traveler-mit-grosgrain\"]}]},{\"@type\":\"ImageObject\",\"inLanguage\":\"de\",\"@id\":\"https:\\\/\\\/hutfactory.com\\\/?product=strohhut-traveler-mit-grosgrain#primaryimage\",\"url\":\"https:\\\/\\\/hutfactory.com\\\/wp-content\\\/uploads\\\/2026\\\/03\\\/10404156.1-1-scaled-e1727168627413-1.webp\",\"contentUrl\":\"https:\\\/\\\/hutfactory.com\\\/wp-content\\\/uploads\\\/2026\\\/03\\\/10404156.1-1-scaled-e1727168627413-1.webp\",\"width\":750,\"height\":750,\"caption\":\"In der Schweiz handgefertigter Fedora aus Naturstroh mit edlem Grosgrainband und Risa-Qualit\u00e4tsknopf. Perfekt f\u00fcr den Sommer.|In der Schweiz handgefertigter Fedora aus Naturstroh mit edlem Grosgrainband und Risa-Qualit\u00e4tsknopf. Perfekt f\u00fcr den Sommer.\"},{\"@type\":\"BreadcrumbList\",\"@id\":\"https:\\\/\\\/hutfactory.com\\\/?product=strohhut-traveler-mit-grosgrain#breadcrumb\",\"itemListElement\":[{\"@type\":\"ListItem\",\"position\":1,\"name\":\"Start\",\"item\":\"https:\\\/\\\/hutfactory.com\\\/\"},{\"@type\":\"ListItem\",\"position\":2,\"name\":\"Shop\",\"item\":\"https:\\\/\\\/hutfactory.com\\\/?page_id=10\"},{\"@type\":\"ListItem\",\"position\":3,\"name\":\"Strohhut Traveler mit Grosgrain\"}]},{\"@type\":\"WebSite\",\"@id\":\"https:\\\/\\\/hutfactory.com\\\/#website\",\"url\":\"https:\\\/\\\/hutfactory.com\\\/\",\"name\":\"Hut Factory\",\"description\":\"H\u00fcte, Kappen &amp; M\u00fctzen in Top Swiss\\\/EU Qualit\u00e4t\",\"publisher\":{\"@id\":\"https:\\\/\\\/hutfactory.com\\\/#organization\"},\"alternateName\":\"Hut Shop\",\"potentialAction\":[{\"@type\":\"SearchAction\",\"target\":{\"@type\":\"EntryPoint\",\"urlTemplate\":\"https:\\\/\\\/hutfactory.com\\\/?s={search_term_string}\"},\"query-input\":{\"@type\":\"PropertyValueSpecification\",\"valueRequired\":true,\"valueName\":\"search_term_string\"}}],\"inLanguage\":\"de\"},{\"@type\":\"Organization\",\"@id\":\"https:\\\/\\\/hutfactory.com\\\/#organization\",\"name\":\"Hut Factory\",\"url\":\"https:\\\/\\\/hutfactory.com\\\/\",\"logo\":{\"@type\":\"ImageObject\",\"inLanguage\":\"de\",\"@id\":\"https:\\\/\\\/hutfactory.com\\\/#\\\/schema\\\/logo\\\/image\\\/\",\"url\":\"https:\\\/\\\/hutfactory.com\\\/wp-content\\\/uploads\\\/2026\\\/01\\\/Logo-hut-factory-1.webp\",\"contentUrl\":\"https:\\\/\\\/hutfactory.com\\\/wp-content\\\/uploads\\\/2026\\\/01\\\/Logo-hut-factory-1.webp\",\"width\":300,\"height\":262,\"caption\":\"Hut Factory\"},\"image\":{\"@id\":\"https:\\\/\\\/hutfactory.com\\\/#\\\/schema\\\/logo\\\/image\\\/\"}}]}<\/script>\n<!-- \/ Yoast SEO Premium plugin. -->","yoast_head_json":{"title":"Strohhut Fedora der Extraklasse mit einem Hauch von Raffinesse","description":"Der Sommerhut in Fedora Stil ist der klassische Sommerhut mit einer feinen, gr\u00fcnen Einlage am Hutrand, ein petrolfarbiges Hutband ziert den Strohhut.","robots":{"index":"index","follow":"follow","max-snippet":"max-snippet:-1","max-image-preview":"max-image-preview:large","max-video-preview":"max-video-preview:-1"},"canonical":"https:\/\/hutfactory.com\/?product=strohhut-traveler-mit-grosgrain","og_locale":"de_DE","og_type":"article","og_title":"Strohhut Traveler mit Grosgrain","og_description":"Der Sommerhut in Fedora Stil ist der klassische Sommerhut mit einer feinen, gr\u00fcnen Einlage am Hutrand, ein petrolfarbiges Hutband ziert den Strohhut.","og_url":"https:\/\/hutfactory.com\/?product=strohhut-traveler-mit-grosgrain","og_site_name":"Hut Factory","article_modified_time":"2026-03-10T10:04:47+00:00","og_image":[{"width":750,"height":750,"url":"https:\/\/hutfactory.com\/wp-content\/uploads\/2026\/03\/10404156.1-1-scaled-e1727168627413-1.webp","type":"image\/webp"}],"twitter_card":"summary_large_image","twitter_misc":{"Gesch\u00e4tzte Lesezeit":"2\u00a0Minuten"},"schema":{"@context":"https:\/\/schema.org","@graph":[{"@type":"WebPage","@id":"https:\/\/hutfactory.com\/?product=strohhut-traveler-mit-grosgrain","url":"https:\/\/hutfactory.com\/?product=strohhut-traveler-mit-grosgrain","name":"Strohhut Fedora der Extraklasse mit einem Hauch von Raffinesse","isPartOf":{"@id":"https:\/\/hutfactory.com\/#website"},"primaryImageOfPage":{"@id":"https:\/\/hutfactory.com\/?product=strohhut-traveler-mit-grosgrain#primaryimage"},"image":{"@id":"https:\/\/hutfactory.com\/?product=strohhut-traveler-mit-grosgrain#primaryimage"},"thumbnailUrl":"https:\/\/hutfactory.com\/wp-content\/uploads\/2026\/03\/10404156.1-1-scaled-e1727168627413-1.webp","datePublished":"2026-03-10T10:02:42+00:00","dateModified":"2026-03-10T10:04:47+00:00","description":"Der Sommerhut in Fedora Stil ist der klassische Sommerhut mit einer feinen, gr\u00fcnen Einlage am Hutrand, ein petrolfarbiges Hutband ziert den Strohhut.","breadcrumb":{"@id":"https:\/\/hutfactory.com\/?product=strohhut-traveler-mit-grosgrain#breadcrumb"},"inLanguage":"de","potentialAction":[{"@type":"ReadAction","target":["https:\/\/hutfactory.com\/?product=strohhut-traveler-mit-grosgrain"]}]},{"@type":"ImageObject","inLanguage":"de","@id":"https:\/\/hutfactory.com\/?product=strohhut-traveler-mit-grosgrain#primaryimage","url":"https:\/\/hutfactory.com\/wp-content\/uploads\/2026\/03\/10404156.1-1-scaled-e1727168627413-1.webp","contentUrl":"https:\/\/hutfactory.com\/wp-content\/uploads\/2026\/03\/10404156.1-1-scaled-e1727168627413-1.webp","width":750,"height":750,"caption":"In der Schweiz handgefertigter Fedora aus Naturstroh mit edlem Grosgrainband und Risa-Qualit\u00e4tsknopf. Perfekt f\u00fcr den Sommer.|In der Schweiz handgefertigter Fedora aus Naturstroh mit edlem Grosgrainband und Risa-Qualit\u00e4tsknopf. Perfekt f\u00fcr den Sommer."},{"@type":"BreadcrumbList","@id":"https:\/\/hutfactory.com\/?product=strohhut-traveler-mit-grosgrain#breadcrumb","itemListElement":[{"@type":"ListItem","position":1,"name":"Start","item":"https:\/\/hutfactory.com\/"},{"@type":"ListItem","position":2,"name":"Shop","item":"https:\/\/hutfactory.com\/?page_id=10"},{"@type":"ListItem","position":3,"name":"Strohhut Traveler mit Grosgrain"}]},{"@type":"WebSite","@id":"https:\/\/hutfactory.com\/#website","url":"https:\/\/hutfactory.com\/","name":"Hut Factory","description":"H\u00fcte, Kappen &amp; M\u00fctzen in Top Swiss\/EU Qualit\u00e4t","publisher":{"@id":"https:\/\/hutfactory.com\/#organization"},"alternateName":"Hut Shop","potentialAction":[{"@type":"SearchAction","target":{"@type":"EntryPoint","urlTemplate":"https:\/\/hutfactory.com\/?s={search_term_string}"},"query-input":{"@type":"PropertyValueSpecification","valueRequired":true,"valueName":"search_term_string"}}],"inLanguage":"de"},{"@type":"Organization","@id":"https:\/\/hutfactory.com\/#organization","name":"Hut Factory","url":"https:\/\/hutfactory.com\/","logo":{"@type":"ImageObject","inLanguage":"de","@id":"https:\/\/hutfactory.com\/#\/schema\/logo\/image\/","url":"https:\/\/hutfactory.com\/wp-content\/uploads\/2026\/01\/Logo-hut-factory-1.webp","contentUrl":"https:\/\/hutfactory.com\/wp-content\/uploads\/2026\/01\/Logo-hut-factory-1.webp","width":300,"height":262,"caption":"Hut Factory"},"image":{"@id":"https:\/\/hutfactory.com\/#\/schema\/logo\/image\/"}}]}},"_links":{"self":[{"href":"https:\/\/hutfactory.com\/index.php?rest_route=\/wp\/v2\/product\/16088","targetHints":{"allow":["GET"]}}],"collection":[{"href":"https:\/\/hutfactory.com\/index.php?rest_route=\/wp\/v2\/product"}],"about":[{"href":"https:\/\/hutfactory.com\/index.php?rest_route=\/wp\/v2\/types\/product"}],"wp:featuredmedia":[{"embeddable":true,"href":"https:\/\/hutfactory.com\/index.php?rest_route=\/wp\/v2\/media\/16089"}],"wp:attachment":[{"href":"https:\/\/hutfactory.com\/index.php?rest_route=%2Fwp%2Fv2%2Fmedia&parent=16088"}],"wp:term":[{"taxonomy":"product_brand","embeddable":true,"href":"https:\/\/hutfactory.com\/index.php?rest_route=%2Fwp%2Fv2%2Fproduct_brand&post=16088"},{"taxonomy":"product_cat","embeddable":true,"href":"https:\/\/hutfactory.com\/index.php?rest_route=%2Fwp%2Fv2%2Fproduct_cat&post=16088"},{"taxonomy":"product_tag","embeddable":true,"href":"https:\/\/hutfactory.com\/index.php?rest_route=%2Fwp%2Fv2%2Fproduct_tag&post=16088"}],"curies":[{"name":"wp","href":"https:\/\/api.w.org\/{rel}","templated":true}]}}