{"id":16065,"date":"2026-03-10T10:02:42","date_gmt":"2026-03-10T10:02:42","guid":{"rendered":"https:\/\/hutfactory.com\/?product=panamahut-trilby-brisa-bohem%c2%84"},"modified":"2026-03-10T10:28:56","modified_gmt":"2026-03-10T10:28:56","slug":"panamahut-trilby-brisa-bohem%c2%84","status":"publish","type":"product","link":"https:\/\/hutfactory.com\/?product=panamahut-trilby-brisa-bohem%c2%84","title":{"rendered":"Panamahut Trilby Brisa &#8220;BOHEM\u0084"},"content":{"rendered":"<h3 data-start=\"434\" data-end=\"510\"><strong data-start=\"439\" data-end=\"510\">Boho trifft auf klassische Form \u0096 ein Must-have f\u00fcr Individualisten<\/strong><\/h3>\n<p class=\"\" data-start=\"511\" data-end=\"936\">Der Panamahut Trilby Brisa \u0084Bohem\u0093 begeistert durch seine klassische Trilby-Silhouette mit dezenter Krempe und elegant geschwungener Krone. Der strukturierte Naturstroh- oder Nougat Ton bringt Leichtigkeit ins Design, w\u00e4hrend das stilvolle Hutband aus strukturiertem Textil in Schwarz-Wei\u00df mit schmalem Lederkordel ein modisches Statement setzt. Der ikonische Risa-Knopf rundet das Ensemble mit einem Zeichen echter Schweizer Qualit\u00e4t ab.<\/p>\n<p class=\"\" data-start=\"938\" data-end=\"1372\"><strong data-start=\"938\" data-end=\"959\">Perfekt f\u00fcr\u0085.. ??<\/strong><br data-start=\"959\" data-end=\"962\" \/><strong data-start=\"962\" data-end=\"989\">?? Sommerliche Anl\u00e4sse:<\/strong> Ein vielseitiger Begleiter f\u00fcr Stadtbummel, Terrassenmomente oder Ferienabenteuer \u0096 dieser Hut bringt Frische und Stil.<br data-start=\"1109\" data-end=\"1112\" \/><strong data-start=\"1112\" data-end=\"1133\">?? Urbane Events:<\/strong> Das Design im Boh\u00e8me-Stil passt ideal zu hippen Sommerpartys, Festivals oder Kunstm\u00e4rkten.<br data-start=\"1224\" data-end=\"1227\" \/><strong data-start=\"1227\" data-end=\"1257\">?? Natur- und Modebewusst:<\/strong> Aus 100% echtem Panamastroh gefertigt, ist dieser Hut ein Ausdruck nachhaltiger Eleganz und echter Handwerkskunst.<\/p>\n<div class=\"hf-accordions\">\n<hr class=\"hf-accordion-separator\" \/>\n<details class=\"hf-accordion\">\n<summary><strong>\u25b6\ufe0f Gut zu wissen \u2013 mehr erfahren<\/strong><\/summary>\n<div class=\"hf-accordion-content\">\n<h3 class=\"\" data-start=\"1374\" data-end=\"1406\"><strong data-start=\"1378\" data-end=\"1406\">Eigenschaften &#038; Details:<\/strong><\/h3>\n<ul data-start=\"1407\" data-end=\"1926\">\n<li class=\"\" data-start=\"1407\" data-end=\"1476\">\n<p class=\"\" data-start=\"1409\" data-end=\"1476\"><strong data-start=\"1409\" data-end=\"1422\">Material:<\/strong> 100% Panama \u0096 handverlesen, leicht und atmungsaktiv<\/p>\n<\/li>\n<li class=\"\" data-start=\"1477\" data-end=\"1556\">\n<p class=\"\" data-start=\"1479\" data-end=\"1556\"><strong data-start=\"1479\" data-end=\"1494\">Randbreite:<\/strong> 5.0 cm \u0096 dezent geschwungen, bietet stilvollen Sonnenschutz<\/p>\n<\/li>\n<li class=\"\" data-start=\"1557\" data-end=\"1614\">\n<p class=\"\" data-start=\"1559\" data-end=\"1614\"><strong data-start=\"1559\" data-end=\"1572\">Kopfh\u00f6he:<\/strong> 10.5 cm \u0096 markant und klassisch geformt<\/p>\n<\/li>\n<li class=\"\" data-start=\"1615\" data-end=\"1701\">\n<p class=\"\" data-start=\"1617\" data-end=\"1701\"><strong data-start=\"1617\" data-end=\"1628\">Farben:<\/strong> Natur oder Nougat \u0096 beide Varianten mit ausgefallenem Textil-Lederband<\/p>\n<\/li>\n<li class=\"\" data-start=\"1702\" data-end=\"1831\">\n<p class=\"\" data-start=\"1704\" data-end=\"1831\"><strong data-start=\"1704\" data-end=\"1717\">Garnitur:<\/strong> Textiles Hutband mit grafischem Muster, veredelt durch feines Lederband und den Risa \u0084seit 1919\u0093-Qualit\u00e4tsknopf<\/p>\n<\/li>\n<li class=\"\" data-start=\"1832\" data-end=\"1906\">\n<p class=\"\" data-start=\"1834\" data-end=\"1906\"><strong data-start=\"1834\" data-end=\"1850\">Schwei\u00dfband:<\/strong> Weiches Textilinnenband \u0096 sorgt f\u00fcr Komfort bei Hitze<\/p>\n<\/li>\n<li class=\"\" data-start=\"1907\" data-end=\"1926\">\n<p class=\"\" data-start=\"1909\" data-end=\"1926\"><strong data-start=\"1909\" data-end=\"1920\">Gr\u00f6\u00dfen:<\/strong> 54\u009664<\/p>\n<\/li>\n<\/ul>\n<h3 class=\"\" data-start=\"1928\" data-end=\"1958\"><strong data-start=\"1932\" data-end=\"1958\">Design &#038; Verarbeitung:<\/strong><\/h3>\n<p class=\"\" data-start=\"1959\" data-end=\"2300\">Der Trilby \u0084Bohem\u0093 besticht durch seine perfekte Balance zwischen Tradition und modischem Esprit. Das fein verarbeitete Panama-Geflecht ist nicht nur optisch ein Genuss, sondern auch ein funktionales Highlight f\u00fcr warme Tage. Das leicht versetzte Hutband sorgt f\u00fcr einen modernen Twist und unterstreicht die kreative Attit\u00fcde dieses Modells.<\/p>\n<h3 class=\"\" data-start=\"2302\" data-end=\"2339\"><strong data-start=\"2306\" data-end=\"2339\">Handgefertigt in der Schweiz:<\/strong><\/h3>\n<p class=\"\" data-start=\"2340\" data-end=\"2586\">In der traditionsreichen Hutmanufaktur Risa in der Schweiz entsteht jeder \u0084Bohem\u0093-Hut in sorgf\u00e4ltiger Einzelanfertigung. Kurze Wege, lokale Fertigung und viel Handarbeit machen diesen Hut zu einem wahren Meisterst\u00fcck europ\u00e4ischer Handwerkskultur.<\/p>\n<h3 class=\"\" data-start=\"2588\" data-end=\"2622\"><strong data-start=\"2592\" data-end=\"2622\">Nachhaltigkeit &#038; Qualit\u00e4t:<\/strong><\/h3>\n<ul data-start=\"2623\" data-end=\"2886\">\n<li class=\"\" data-start=\"2623\" data-end=\"2720\">\n<p class=\"\" data-start=\"2625\" data-end=\"2720\"><strong data-start=\"2625\" data-end=\"2652\">Nat\u00fcrliche Materialien:<\/strong> Reines Panamastroh \u0096 biologisch abbaubar, atmungsaktiv und leicht<\/p>\n<\/li>\n<li class=\"\" data-start=\"2721\" data-end=\"2821\">\n<p class=\"\" data-start=\"2723\" data-end=\"2821\"><strong data-start=\"2723\" data-end=\"2752\">Traditionelle Handarbeit:<\/strong> Von erfahrenen Hutmacherinnen und Hutmachern mit Hingabe gefertigt<\/p>\n<\/li>\n<li class=\"\" data-start=\"2822\" data-end=\"2886\">\n<p class=\"\" data-start=\"2824\" data-end=\"2886\"><strong data-start=\"2824\" data-end=\"2842\">Langlebigkeit:<\/strong> Hochwertige Verarbeitung f\u00fcr viele Sommer<\/p>\n<\/li>\n<\/ul>\n<h3 class=\"\" data-start=\"2888\" data-end=\"2918\"><strong data-start=\"2892\" data-end=\"2918\">Herstellung &#038; Versand:<\/strong><\/h3>\n<ul data-start=\"2919\" data-end=\"3148\">\n<li class=\"\" data-start=\"2919\" data-end=\"2994\">\n<p class=\"\" data-start=\"2921\" data-end=\"2994\"><strong data-start=\"2921\" data-end=\"2950\">Fertigung auf Bestellung:<\/strong> Individuell nach Eingang Ihrer Bestellung<\/p>\n<\/li>\n<li class=\"\" data-start=\"2995\" data-end=\"3063\">\n<p class=\"\" data-start=\"2997\" data-end=\"3063\"><strong data-start=\"2997\" data-end=\"3018\">Herstellungszeit:<\/strong> 10 bis 15 Arbeitstage nach Zahlungseingang<\/p>\n<\/li>\n<li class=\"\" data-start=\"3064\" data-end=\"3148\">\n<p class=\"\" data-start=\"3066\" data-end=\"3148\"><strong data-start=\"3066\" data-end=\"3078\">Versand:<\/strong> Direkt aus der Schweiz \u0096 innerhalb weniger Tage nach Fertigstellung<\/p>\n<\/li>\n<\/ul>\n<\/div>\n<\/details>\n<details class=\"hf-accordion\">\n<summary><strong>\u25b6\ufe0f FAQ \u2013 H\u00e4ufige Fragen<\/strong><\/summary>\n<div class=\"hf-accordion-content\">\n<h3 class=\"\" data-start=\"3155\" data-end=\"3184\"><strong data-start=\"3159\" data-end=\"3184\">FAQ \u0096 H\u00e4ufige Fragen:<\/strong><\/h3>\n<p class=\"\" data-start=\"3186\" data-end=\"3340\"><strong data-start=\"3186\" data-end=\"3232\">Ist der Hut f\u00fcr hei\u00dfe Sommertage geeignet?<\/strong><br data-start=\"3232\" data-end=\"3235\" \/>Ja, durch das leichte Panamastroh und das angenehme Textilinnenband ist er perfekt f\u00fcr hohe Temperaturen.<\/p>\n<p class=\"\" data-start=\"3342\" data-end=\"3489\"><strong data-start=\"3342\" data-end=\"3406\">Kann der Hut bei starkem Sonnenschein mein Gesicht sch\u00fctzen?<\/strong><br data-start=\"3406\" data-end=\"3409\" \/>Ja, die dezente Krempe bietet effektiven Schutz vor direkter Sonneneinstrahlung.<\/p>\n<p class=\"\" data-start=\"3491\" data-end=\"3586\"><strong data-start=\"3491\" data-end=\"3523\">Ist der Hut wasserabweisend?<\/strong><br data-start=\"3523\" data-end=\"3526\" \/>Panamah\u00fcte sind nicht wasserfest \u0096 bitte vor Regen sch\u00fctzen.<\/p>\n<p class=\"\" data-start=\"3588\" data-end=\"3772\"><strong data-start=\"3588\" data-end=\"3621\">Kann ich den Hut zur\u00fcckgeben?<\/strong><br data-start=\"3621\" data-end=\"3624\" \/>Da es sich um eine Sonderanfertigung handelt, ist eine R\u00fcckgabe ausgeschlossen. Ein Umtausch ist nur bei Herstellungs- oder Materialfehlern m\u00f6glich.<\/p>\n<\/div>\n<\/details>\n<\/div>\n","protected":false},"excerpt":{"rendered":"<h3 data-start=\"74\" data-end=\"124\"><strong data-start=\"79\" data-end=\"124\">Ein Hauch Boh\u00e8me f\u00fcr stilvolle Sommertage<\/strong><\/h3>\n<p class=\"\" data-start=\"125\" data-end=\"432\">Luftig, stilvoll und mit einem ausgefallenen Twist \u0096 dieser Panamahut verbindet authentische Handwerkskunst mit einem Hauch Boho-Charme. Ob in edlem Naturton oder in warmem Nougat \u0096 dieser Hut verleiht jedem Outfit eine sommerliche L\u00e4ssigkeit und sch\u00fctzt gleichzeitig Gesicht und Kopf optimal vor der Sonne.<\/p>\n","protected":false},"featured_media":16066,"template":"","meta":{"_acf_changed":false,"rs_blank_template":"","rs_page_bg_color":"","slide_template_v7":""},"product_brand":[250],"product_cat":[507,275,600],"product_tag":[],"class_list":{"0":"post-16065","1":"product","2":"type-product","3":"status-publish","4":"has-post-thumbnail","6":"product_brand-risa-hutwerkstatt-schweiz","7":"product_cat-panama-sommerhuete","8":"product_cat-sommerhuete","9":"product_cat-trilby-sommerhuete","10":"product_shipping_class-mittlere-pakete","11":"pa_color-natur","12":"pa_color-nougat","13":"pa_groesse-206","14":"pa_groesse-196","15":"pa_groesse-207","16":"pa_groesse-197","17":"pa_groesse-208","18":"pa_groesse-198","19":"pa_groesse-209","20":"pa_groesse-199","21":"pa_groesse-210","22":"pa_groesse-213","23":"pa_groesse-401","24":"yith_product_brand-risa-hutwerkstatt-schweiz","27":"instock","28":"featured","29":"taxable","30":"shipping-taxable","31":"purchasable","32":"product-type-variable","33":"wvs-archive-product-wrapper","34":"add-to-wishlist-after_add_to_cart"},"acf":[],"yoast_head":"<!-- This site is optimized with the Yoast SEO Premium plugin v27.3 (Yoast SEO v27.3) - https:\/\/yoast.com\/product\/yoast-seo-premium-wordpress\/ -->\n<title>Panamahut in Natur oder Nougat mit Camouflage-Design<\/title>\n<meta name=\"description\" content=\"Der stilvolle Panamahut &quot;Bohem&quot; Brisa ist ein Must-have f\u00fcr modebewusste Hutliebhaber. Dieser handgefertigte Hut verleiht jedem Outfit eine elegante Note.\" \/>\n<meta name=\"robots\" content=\"index, follow, max-snippet:-1, max-image-preview:large, max-video-preview:-1\" \/>\n<link rel=\"canonical\" href=\"https:\/\/hutfactory.com\/?product=panamahut-trilby-brisa-bohem\u0084\" \/>\n<meta property=\"og:locale\" content=\"de_DE\" \/>\n<meta property=\"og:type\" content=\"article\" \/>\n<meta property=\"og:title\" content=\"Panamahut Trilby Brisa &quot;BOHEM\u0084\" \/>\n<meta property=\"og:description\" content=\"Der stilvolle Panamahut &quot;Bohem&quot; Brisa ist ein Must-have f\u00fcr modebewusste Hutliebhaber. Dieser handgefertigte Hut verleiht jedem Outfit eine elegante Note.\" \/>\n<meta property=\"og:url\" content=\"https:\/\/hutfactory.com\/?product=panamahut-trilby-brisa-bohem\u0084\" \/>\n<meta property=\"og:site_name\" content=\"Hut Factory\" \/>\n<meta property=\"article:modified_time\" content=\"2026-03-10T10:28:56+00:00\" \/>\n<meta property=\"og:image\" content=\"https:\/\/hutfactory.com\/wp-content\/uploads\/2026\/03\/32502505.webp\" \/>\n\t<meta property=\"og:image:width\" content=\"750\" \/>\n\t<meta property=\"og:image:height\" content=\"750\" \/>\n\t<meta property=\"og:image:type\" content=\"image\/webp\" \/>\n<meta name=\"twitter:card\" content=\"summary_large_image\" \/>\n<meta name=\"twitter:label1\" content=\"Gesch\u00e4tzte Lesezeit\" \/>\n\t<meta name=\"twitter:data1\" content=\"2\u00a0Minuten\" \/>\n<script type=\"application\/ld+json\" class=\"yoast-schema-graph\">{\"@context\":\"https:\\\/\\\/schema.org\",\"@graph\":[{\"@type\":\"WebPage\",\"@id\":\"https:\\\/\\\/hutfactory.com\\\/?product=panamahut-trilby-brisa-bohem%c2%84\",\"url\":\"https:\\\/\\\/hutfactory.com\\\/?product=panamahut-trilby-brisa-bohem%c2%84\",\"name\":\"Panamahut in Natur oder Nougat mit Camouflage-Design\",\"isPartOf\":{\"@id\":\"https:\\\/\\\/hutfactory.com\\\/#website\"},\"primaryImageOfPage\":{\"@id\":\"https:\\\/\\\/hutfactory.com\\\/?product=panamahut-trilby-brisa-bohem%c2%84#primaryimage\"},\"image\":{\"@id\":\"https:\\\/\\\/hutfactory.com\\\/?product=panamahut-trilby-brisa-bohem%c2%84#primaryimage\"},\"thumbnailUrl\":\"https:\\\/\\\/hutfactory.com\\\/wp-content\\\/uploads\\\/2026\\\/03\\\/32502505.webp\",\"datePublished\":\"2026-03-10T10:02:42+00:00\",\"dateModified\":\"2026-03-10T10:28:56+00:00\",\"description\":\"Der stilvolle Panamahut \\\"Bohem\\\" Brisa ist ein Must-have f\u00fcr modebewusste Hutliebhaber. Dieser handgefertigte Hut verleiht jedem Outfit eine elegante Note.\",\"breadcrumb\":{\"@id\":\"https:\\\/\\\/hutfactory.com\\\/?product=panamahut-trilby-brisa-bohem%c2%84#breadcrumb\"},\"inLanguage\":\"de\",\"potentialAction\":[{\"@type\":\"ReadAction\",\"target\":[\"https:\\\/\\\/hutfactory.com\\\/?product=panamahut-trilby-brisa-bohem%c2%84\"]}]},{\"@type\":\"ImageObject\",\"inLanguage\":\"de\",\"@id\":\"https:\\\/\\\/hutfactory.com\\\/?product=panamahut-trilby-brisa-bohem%c2%84#primaryimage\",\"url\":\"https:\\\/\\\/hutfactory.com\\\/wp-content\\\/uploads\\\/2026\\\/03\\\/32502505.webp\",\"contentUrl\":\"https:\\\/\\\/hutfactory.com\\\/wp-content\\\/uploads\\\/2026\\\/03\\\/32502505.webp\",\"width\":750,\"height\":750,\"caption\":\"Dieser handgefertigte Trilby-Hut aus echtem Panamastroh mit markanter Boho-Garnitur ist in den Farben Natur und Nougat erh\u00e4ltlich. Das strukturierte Textilband mit Lederdetail macht ihn zum modischen Hingucker.|Dieser handgefertigte Trilby-Hut aus echtem Panamastroh mit markanter Boho-Garnitur ist in den Farben Natur und Nougat erh\u00e4ltlich. Das strukturierte Textilband mit Lederdetail macht ihn zum modischen Hingucker.|Dieser handgefertigte Trilby-Hut aus echtem Panamastroh mit markanter Boho-Garnitur ist in den Farben Natur und Nougat erh\u00e4ltlich. Das strukturierte Textilband mit Lederdetail macht ihn zum modischen Hingucker.|||\"},{\"@type\":\"BreadcrumbList\",\"@id\":\"https:\\\/\\\/hutfactory.com\\\/?product=panamahut-trilby-brisa-bohem%c2%84#breadcrumb\",\"itemListElement\":[{\"@type\":\"ListItem\",\"position\":1,\"name\":\"Start\",\"item\":\"https:\\\/\\\/hutfactory.com\\\/\"},{\"@type\":\"ListItem\",\"position\":2,\"name\":\"Shop\",\"item\":\"https:\\\/\\\/hutfactory.com\\\/?page_id=10\"},{\"@type\":\"ListItem\",\"position\":3,\"name\":\"Panamahut Trilby Brisa &#8220;BOHEM\u0084\"}]},{\"@type\":\"WebSite\",\"@id\":\"https:\\\/\\\/hutfactory.com\\\/#website\",\"url\":\"https:\\\/\\\/hutfactory.com\\\/\",\"name\":\"Hut Factory\",\"description\":\"H\u00fcte, Kappen &amp; M\u00fctzen in Top Swiss\\\/EU Qualit\u00e4t\",\"publisher\":{\"@id\":\"https:\\\/\\\/hutfactory.com\\\/#organization\"},\"alternateName\":\"Hut Shop\",\"potentialAction\":[{\"@type\":\"SearchAction\",\"target\":{\"@type\":\"EntryPoint\",\"urlTemplate\":\"https:\\\/\\\/hutfactory.com\\\/?s={search_term_string}\"},\"query-input\":{\"@type\":\"PropertyValueSpecification\",\"valueRequired\":true,\"valueName\":\"search_term_string\"}}],\"inLanguage\":\"de\"},{\"@type\":\"Organization\",\"@id\":\"https:\\\/\\\/hutfactory.com\\\/#organization\",\"name\":\"Hut Factory\",\"url\":\"https:\\\/\\\/hutfactory.com\\\/\",\"logo\":{\"@type\":\"ImageObject\",\"inLanguage\":\"de\",\"@id\":\"https:\\\/\\\/hutfactory.com\\\/#\\\/schema\\\/logo\\\/image\\\/\",\"url\":\"https:\\\/\\\/hutfactory.com\\\/wp-content\\\/uploads\\\/2026\\\/01\\\/Logo-hut-factory-1.webp\",\"contentUrl\":\"https:\\\/\\\/hutfactory.com\\\/wp-content\\\/uploads\\\/2026\\\/01\\\/Logo-hut-factory-1.webp\",\"width\":300,\"height\":262,\"caption\":\"Hut Factory\"},\"image\":{\"@id\":\"https:\\\/\\\/hutfactory.com\\\/#\\\/schema\\\/logo\\\/image\\\/\"}}]}<\/script>\n<!-- \/ Yoast SEO Premium plugin. -->","yoast_head_json":{"title":"Panamahut in Natur oder Nougat mit Camouflage-Design","description":"Der stilvolle Panamahut \"Bohem\" Brisa ist ein Must-have f\u00fcr modebewusste Hutliebhaber. Dieser handgefertigte Hut verleiht jedem Outfit eine elegante Note.","robots":{"index":"index","follow":"follow","max-snippet":"max-snippet:-1","max-image-preview":"max-image-preview:large","max-video-preview":"max-video-preview:-1"},"canonical":"https:\/\/hutfactory.com\/?product=panamahut-trilby-brisa-bohem\u0084","og_locale":"de_DE","og_type":"article","og_title":"Panamahut Trilby Brisa \"BOHEM\u0084","og_description":"Der stilvolle Panamahut \"Bohem\" Brisa ist ein Must-have f\u00fcr modebewusste Hutliebhaber. Dieser handgefertigte Hut verleiht jedem Outfit eine elegante Note.","og_url":"https:\/\/hutfactory.com\/?product=panamahut-trilby-brisa-bohem\u0084","og_site_name":"Hut Factory","article_modified_time":"2026-03-10T10:28:56+00:00","og_image":[{"width":750,"height":750,"url":"https:\/\/hutfactory.com\/wp-content\/uploads\/2026\/03\/32502505.webp","type":"image\/webp"}],"twitter_card":"summary_large_image","twitter_misc":{"Gesch\u00e4tzte Lesezeit":"2\u00a0Minuten"},"schema":{"@context":"https:\/\/schema.org","@graph":[{"@type":"WebPage","@id":"https:\/\/hutfactory.com\/?product=panamahut-trilby-brisa-bohem%c2%84","url":"https:\/\/hutfactory.com\/?product=panamahut-trilby-brisa-bohem%c2%84","name":"Panamahut in Natur oder Nougat mit Camouflage-Design","isPartOf":{"@id":"https:\/\/hutfactory.com\/#website"},"primaryImageOfPage":{"@id":"https:\/\/hutfactory.com\/?product=panamahut-trilby-brisa-bohem%c2%84#primaryimage"},"image":{"@id":"https:\/\/hutfactory.com\/?product=panamahut-trilby-brisa-bohem%c2%84#primaryimage"},"thumbnailUrl":"https:\/\/hutfactory.com\/wp-content\/uploads\/2026\/03\/32502505.webp","datePublished":"2026-03-10T10:02:42+00:00","dateModified":"2026-03-10T10:28:56+00:00","description":"Der stilvolle Panamahut \"Bohem\" Brisa ist ein Must-have f\u00fcr modebewusste Hutliebhaber. Dieser handgefertigte Hut verleiht jedem Outfit eine elegante Note.","breadcrumb":{"@id":"https:\/\/hutfactory.com\/?product=panamahut-trilby-brisa-bohem%c2%84#breadcrumb"},"inLanguage":"de","potentialAction":[{"@type":"ReadAction","target":["https:\/\/hutfactory.com\/?product=panamahut-trilby-brisa-bohem%c2%84"]}]},{"@type":"ImageObject","inLanguage":"de","@id":"https:\/\/hutfactory.com\/?product=panamahut-trilby-brisa-bohem%c2%84#primaryimage","url":"https:\/\/hutfactory.com\/wp-content\/uploads\/2026\/03\/32502505.webp","contentUrl":"https:\/\/hutfactory.com\/wp-content\/uploads\/2026\/03\/32502505.webp","width":750,"height":750,"caption":"Dieser handgefertigte Trilby-Hut aus echtem Panamastroh mit markanter Boho-Garnitur ist in den Farben Natur und Nougat erh\u00e4ltlich. Das strukturierte Textilband mit Lederdetail macht ihn zum modischen Hingucker.|Dieser handgefertigte Trilby-Hut aus echtem Panamastroh mit markanter Boho-Garnitur ist in den Farben Natur und Nougat erh\u00e4ltlich. Das strukturierte Textilband mit Lederdetail macht ihn zum modischen Hingucker.|Dieser handgefertigte Trilby-Hut aus echtem Panamastroh mit markanter Boho-Garnitur ist in den Farben Natur und Nougat erh\u00e4ltlich. Das strukturierte Textilband mit Lederdetail macht ihn zum modischen Hingucker.|||"},{"@type":"BreadcrumbList","@id":"https:\/\/hutfactory.com\/?product=panamahut-trilby-brisa-bohem%c2%84#breadcrumb","itemListElement":[{"@type":"ListItem","position":1,"name":"Start","item":"https:\/\/hutfactory.com\/"},{"@type":"ListItem","position":2,"name":"Shop","item":"https:\/\/hutfactory.com\/?page_id=10"},{"@type":"ListItem","position":3,"name":"Panamahut Trilby Brisa &#8220;BOHEM\u0084"}]},{"@type":"WebSite","@id":"https:\/\/hutfactory.com\/#website","url":"https:\/\/hutfactory.com\/","name":"Hut Factory","description":"H\u00fcte, Kappen &amp; M\u00fctzen in Top Swiss\/EU Qualit\u00e4t","publisher":{"@id":"https:\/\/hutfactory.com\/#organization"},"alternateName":"Hut Shop","potentialAction":[{"@type":"SearchAction","target":{"@type":"EntryPoint","urlTemplate":"https:\/\/hutfactory.com\/?s={search_term_string}"},"query-input":{"@type":"PropertyValueSpecification","valueRequired":true,"valueName":"search_term_string"}}],"inLanguage":"de"},{"@type":"Organization","@id":"https:\/\/hutfactory.com\/#organization","name":"Hut Factory","url":"https:\/\/hutfactory.com\/","logo":{"@type":"ImageObject","inLanguage":"de","@id":"https:\/\/hutfactory.com\/#\/schema\/logo\/image\/","url":"https:\/\/hutfactory.com\/wp-content\/uploads\/2026\/01\/Logo-hut-factory-1.webp","contentUrl":"https:\/\/hutfactory.com\/wp-content\/uploads\/2026\/01\/Logo-hut-factory-1.webp","width":300,"height":262,"caption":"Hut Factory"},"image":{"@id":"https:\/\/hutfactory.com\/#\/schema\/logo\/image\/"}}]}},"_links":{"self":[{"href":"https:\/\/hutfactory.com\/index.php?rest_route=\/wp\/v2\/product\/16065","targetHints":{"allow":["GET"]}}],"collection":[{"href":"https:\/\/hutfactory.com\/index.php?rest_route=\/wp\/v2\/product"}],"about":[{"href":"https:\/\/hutfactory.com\/index.php?rest_route=\/wp\/v2\/types\/product"}],"wp:featuredmedia":[{"embeddable":true,"href":"https:\/\/hutfactory.com\/index.php?rest_route=\/wp\/v2\/media\/16066"}],"wp:attachment":[{"href":"https:\/\/hutfactory.com\/index.php?rest_route=%2Fwp%2Fv2%2Fmedia&parent=16065"}],"wp:term":[{"taxonomy":"product_brand","embeddable":true,"href":"https:\/\/hutfactory.com\/index.php?rest_route=%2Fwp%2Fv2%2Fproduct_brand&post=16065"},{"taxonomy":"product_cat","embeddable":true,"href":"https:\/\/hutfactory.com\/index.php?rest_route=%2Fwp%2Fv2%2Fproduct_cat&post=16065"},{"taxonomy":"product_tag","embeddable":true,"href":"https:\/\/hutfactory.com\/index.php?rest_route=%2Fwp%2Fv2%2Fproduct_tag&post=16065"}],"curies":[{"name":"wp","href":"https:\/\/api.w.org\/{rel}","templated":true}]}}