{"id":15949,"date":"2026-03-10T10:00:34","date_gmt":"2026-03-10T10:00:34","guid":{"rendered":"https:\/\/hutfactory.com\/?product=damen-strohhut-freiamt-auwerin"},"modified":"2026-03-10T10:28:55","modified_gmt":"2026-03-10T10:28:55","slug":"damen-strohhut-freiamt-auwerin","status":"publish","type":"product","link":"https:\/\/hutfactory.com\/?product=damen-strohhut-freiamt-auwerin","title":{"rendered":"Damen Strohhut &#8211; Freiamt Auwerin"},"content":{"rendered":"<h3 class=\"ai-optimize-22\" data-start=\"0\" data-end=\"65\"><strong data-start=\"4\" data-end=\"65\">Sommerliche Eleganz: Der Strohhut \u0084Freiamt Auwerin\u0093<\/strong><\/h3>\n<p class=\"ai-optimize-23 ai-optimize-introduction\" data-start=\"67\" data-end=\"519\">Der Strohhut \u0084Freiamt Auwerin\u0093 aus der Premium Freiamt Kollektion ist das perfekte Accessoire f\u00fcr stilbewusste Frauen oder M\u00e4nner, die Wert auf traditionelle Handwerkskunst und modernes Design legen. Aus 100 % fein geflochtenem Weizenstroh gefertigt, begeistert dieser Hut mit seiner harmonischen Form: Die flache, elegante Krone mit 8 cm H\u00f6he und die gro\u00dfz\u00fcgige Krempe von 8 cm Breite bieten nicht nur charmanten Stil, sondern auch praktischen Sonnenschutz.<\/p>\n<p class=\"ai-optimize-24\" data-start=\"521\" data-end=\"943\">Zur Auswahl stehen zwei geschmackvolle Farbvarianten: Nature mit braunem Nadelstreifen-Hutband oder Nature mit schwarzem Hutband und feinem grauem Faden. Beide Modelle sind mit einem edlen Rebsband versehen, das mit dem ikonischen Nadelstreifenmuster das die traditionelle Schweizer Hutmacherkunst unterstreicht. Das sauber eingen\u00e4hte Textilinnenband sorgt f\u00fcr h\u00f6chsten Tragekomfort \u0096 perfekt f\u00fcr lange Sommertage.<\/p>\n<h3 class=\"ai-optimize-25\" data-start=\"949\" data-end=\"967\">Perfekt f\u00fcr\u0085??<\/h3>\n<p class=\"ai-optimize-26\" data-start=\"969\" data-end=\"1282\">?? <strong data-start=\"972\" data-end=\"996\">Sommerliche Anl\u00e4sse:<\/strong> Ob beim Flanieren, Gartenfest oder Stadtbummel \u0096 dieser Hut ist ein sommerlicher Blickfang.<br data-start=\"1085\" data-end=\"1088\" \/>?? <strong data-start=\"1091\" data-end=\"1111\">Elegante Events:<\/strong> Ideal f\u00fcr sommerliche Hochzeiten oder Gartenpartys.<br data-start=\"1163\" data-end=\"1166\" \/>?? <strong data-start=\"1169\" data-end=\"1196\">Natur- und Modebewusst:<\/strong> F\u00fcr Frauen, die zeitloses Design, Nachhaltigkeit und hochwertige Handarbeit sch\u00e4tzen.<\/p>\n<div class=\"hf-accordions\">\n<hr class=\"hf-accordion-separator\" \/>\n<details class=\"hf-accordion\">\n<summary><strong>\u25b6\ufe0f Gut zu wissen \u2013 mehr erfahren<\/strong><\/summary>\n<div class=\"hf-accordion-content\">\n<h3><strong>Wichtige Produktdetails<\/strong><\/h3>\n<h4><strong>Material &#038; Design<\/strong><\/h4>\n<ul>\n<li><strong>Material:<\/strong>\u00a0100% Weizenstroh<\/li>\n<li><strong>Randbreite:\u00a0<\/strong>8.0 cm<\/li>\n<li><strong>Kopfh\u00f6he:\u00a0<\/strong>8.0 cm<\/li>\n<li><strong>Farboptionen:<\/strong>\u00a01. Nature Nadelstreifen Braun\/ Faden Braun, 2. Nature Nadelstreifen Schwarz Faden Hellgrau<\/li>\n<li><strong>Garnitur:<\/strong>\u00a0breites Rebsband mit Nadelstreifenmuster<\/li>\n<li><strong>Gr\u00f6\u00dfen:<\/strong>\u00a054-61<\/li>\n<li><strong>Schwei\u00dfband:<\/strong> Hochwertiges, sauber eingen\u00e4htes Textilinnenband f\u00fcr optimalen Tragekomfort<\/li>\n<\/ul>\n<h4><strong>Handwerkskunst &#038; Exklusivit\u00e4t<\/strong><\/h4>\n<ul>\n<li><strong>Handgefertigt:<\/strong> Jeder Hut wird von erfahrenen Hutmacher:innen in pr\u00e4ziser Handarbeit hergestellt<\/li>\n<li><strong>Tradition &#038; Qualit\u00e4t:<\/strong> Gefertigt in der Risa Hutwerkstatt, bekannt f\u00fcr erstklassige Schweizer Hutmacherkunst<\/li>\n<li><strong>Limitierte Auflage:<\/strong> Jeder Hut wird auf Bestellung gefertigt, um h\u00f6chste Exklusivit\u00e4t zu gew\u00e4hrleisten<\/li>\n<\/ul>\n<h4><strong>Herstellung<\/strong><\/h4>\n<ul>\n<li><strong>Produktionsort:<\/strong> Schweiz, in der renommierten Risa Hutwerkstatt<\/li>\n<li><strong>Herstellungszeit:<\/strong> 10-15 Arbeitstage nach Zahlungseingang<\/li>\n<\/ul>\n<h4><strong>Lieferbedingungen<\/strong><\/h4>\n<ul>\n<li><strong>Versand:<\/strong> Innerhalb weniger Tage nach Fertigstellung ab Standort Schweiz<\/li>\n<li><strong>Garantie:<\/strong> Umtausch nur bei Material- oder Herstellungsfehlern<\/li>\n<li><strong>Verf\u00fcgbarkeit:<\/strong> Abverkauf des Rohmaterials vorbehalten<\/li>\n<\/ul>\n<\/div>\n<\/details>\n<details class=\"hf-accordion\">\n<summary><strong>\u25b6\ufe0f FAQ \u2013 H\u00e4ufige Fragen<\/strong><\/summary>\n<div class=\"hf-accordion-content\">\n<h2>FAQs<\/h2>\n<h3>Sind die H\u00fcte aus der Freiamt Strohhut Kollektion wirklich einzigartig?<\/h3>\n<p>Ja, jeder Hut ist ein Unikat, das sorgf\u00e4ltig von Hand gefertigt wird.<\/p>\n<h3>Kann man den Hut auch im Herbst oder Fr\u00fchling tragen?<\/h3>\n<p>Obwohl der Hut ideal f\u00fcr sonnige Tage ist, kann er auch im Herbst oder Fr\u00fchling getragen werden, um den Kopf warm zu halten.<\/p>\n<h3>Sind die H\u00fcte aus der Freiamt Strohhut Kollektion f\u00fcr M\u00e4nner oder Frauen geeignet?<\/h3>\n<p>Die H\u00fcte sind f\u00fcr Frauen und M\u00e4nner gleicherma\u00dfen geeignet. Dieses Modell ist jedoch nur f\u00fcr Damen geeignet.<\/p>\n<h3>Wie lange dauert es, einen Hut aus der Freiamt Strohhut Kollektion herzustellen?<\/h3>\n<p>Die Herstellung eines Hutes aus der Freiamt Strohhut Kollektion kann 10-15 Werktage in Anspruch nehmen, da er sorgf\u00e4ltig von Hand gefertigt wird.<\/p>\n<h3>Wo kann man einen Hut aus der Freiamt Strohhut Kollektion kaufen?<\/h3>\n<p>Die Freiamt Kollektion ist bei uns im Online-Shop erh\u00e4ltlich. Die H\u00fcte werden nach Auftragseingang hergestellt.<\/p>\n<h3>Wie wird der Damenhut gepflegt?<\/h3>\n<div class=\"text-base gap-4 md:gap-6 md:max-w-2xl lg:max-w-xl xl:max-w-3xl p-4 md:py-6 flex lg:px-0 m-auto\">\n<div class=\"relative flex w-[calc(100%-50px)] flex-col gap-1 md:gap-3 lg:w-[calc(100%-115px)]\">\n<div class=\"flex flex-grow flex-col gap-3\">\n<div class=\"min-h-[20px] flex flex-col items-start gap-4 whitespace-pre-wrap\">\n<div class=\"result-streaming markdown prose w-full break-words dark:prose-invert light AIPRM__conversation__response\">\n<p>Damit der Damenhut lange Freude bereitet, sollten ein paar Pflegehinweise beachtet werden. Der Hut sollte vor N\u00e4sse gesch\u00fctzt werden, da das Material sonst verkleben oder verformen kann. Bei leichter Verschmutzung kann der Hut vorsichtig mit einem feuchten Tuch gereinigt werden. Ist der Hut stark verschmutzt, sollte er zu einem professionellen Hutmacher gebracht werden, der ihn professionell reinigt und aufbereitet.<\/p>\n<h3>Eignet sich der Damenhut als Geschenk?<\/h3>\n<p>Der Damenhut eignet sich auch hervorragend als Geschenk f\u00fcr besondere Anl\u00e4sse wie Geburtstage oder Jubil\u00e4en. Mit seinem zeitlosen Design und der hohen Qualit\u00e4t ist er ein Geschenk, das sicherlich lange in Erinnerung bleiben wird. Ein echtes St\u00fcck Handwerkskunst ist eine Sinnvolle Investition.<\/p>\n<\/div>\n<\/div>\n<\/div>\n<\/div>\n<\/div>\n<\/div>\n<\/details>\n<\/div>\n","protected":false},"excerpt":{"rendered":"<h3 class=\"ai-optimize-27\" data-start=\"4839\" data-end=\"4909\"><strong>Handwerkskunst &#038; zeitlose Sch\u00f6nheit<\/strong><\/h3>\n<p class=\"ai-optimize-28\" data-start=\"4911\" data-end=\"5066\" data-is-last-node=\"\" data-is-only-node=\"\">Der\u00a0 Strohhut \u0084Freiamt Auwerin\u0093 vereint Schweizer Handwerkskunst, exklusive Materialien und feminines Design \u0096 ein stilvoller Schutz f\u00fcr sonnige Tage!<\/p>\n","protected":false},"featured_media":15950,"template":"","meta":{"_acf_changed":false,"rs_blank_template":"","rs_page_bg_color":"","slide_template_v7":""},"product_brand":[250],"product_cat":[628,275],"product_tag":[],"class_list":{"0":"post-15949","1":"product","2":"type-product","3":"status-publish","4":"has-post-thumbnail","6":"product_brand-risa-hutwerkstatt-schweiz","7":"product_cat-charpentier-sommerhuete","8":"product_cat-sommerhuete","9":"product_shipping_class-mittlere-pakete","10":"pa_color-natur-braun","11":"pa_color-natur-schwarz","12":"pa_groesse-206","13":"pa_groesse-196","14":"pa_groesse-207","15":"pa_groesse-197","16":"pa_groesse-208","17":"pa_groesse-198","18":"pa_groesse-209","19":"pa_groesse-199","20":"pa_groesse-210","21":"yith_product_brand-risa-hutwerkstatt-schweiz","24":"instock","25":"featured","26":"taxable","27":"shipping-taxable","28":"purchasable","29":"product-type-variable","30":"wvs-archive-product-wrapper","31":"add-to-wishlist-after_add_to_cart"},"acf":[],"yoast_head":"<!-- This site is optimized with the Yoast SEO Premium plugin v27.3 (Yoast SEO v27.3) - https:\/\/yoast.com\/product\/yoast-seo-premium-wordpress\/ -->\n<title>Damen Strohhut Freiamt Auwerin \u0096 Sommerhut Handgefertigt CH<\/title>\n<meta name=\"description\" content=\"Sommerlicher Damen Strohhut \u0084Freiamt Auwerin\u0093 aus 100 % Weizenstroh, handgefertigt in der Schweiz \u0096 eleganter Look, bester Komfort.\" \/>\n<meta name=\"robots\" content=\"index, follow, max-snippet:-1, max-image-preview:large, max-video-preview:-1\" \/>\n<link rel=\"canonical\" href=\"https:\/\/hutfactory.com\/?product=damen-strohhut-freiamt-auwerin\" \/>\n<meta property=\"og:locale\" content=\"de_DE\" \/>\n<meta property=\"og:type\" content=\"article\" \/>\n<meta property=\"og:title\" content=\"Damen Strohhut - Freiamt Auwerin\" \/>\n<meta property=\"og:description\" content=\"Sommerlicher Damen Strohhut \u0084Freiamt Auwerin\u0093 aus 100 % Weizenstroh, handgefertigt in der Schweiz \u0096 eleganter Look, bester Komfort.\" \/>\n<meta property=\"og:url\" content=\"https:\/\/hutfactory.com\/?product=damen-strohhut-freiamt-auwerin\" \/>\n<meta property=\"og:site_name\" content=\"Hut Factory\" \/>\n<meta property=\"article:modified_time\" content=\"2026-03-10T10:28:55+00:00\" \/>\n<meta property=\"og:image\" content=\"https:\/\/hutfactory.com\/wp-content\/uploads\/2026\/03\/11606.alle_.webp\" \/>\n\t<meta property=\"og:image:width\" content=\"750\" \/>\n\t<meta property=\"og:image:height\" content=\"750\" \/>\n\t<meta property=\"og:image:type\" content=\"image\/webp\" \/>\n<meta name=\"twitter:card\" content=\"summary_large_image\" \/>\n<meta name=\"twitter:label1\" content=\"Gesch\u00e4tzte Lesezeit\" \/>\n\t<meta name=\"twitter:data1\" content=\"3\u00a0Minuten\" \/>\n<script type=\"application\/ld+json\" class=\"yoast-schema-graph\">{\"@context\":\"https:\\\/\\\/schema.org\",\"@graph\":[{\"@type\":\"WebPage\",\"@id\":\"https:\\\/\\\/hutfactory.com\\\/?product=damen-strohhut-freiamt-auwerin\",\"url\":\"https:\\\/\\\/hutfactory.com\\\/?product=damen-strohhut-freiamt-auwerin\",\"name\":\"Damen Strohhut Freiamt Auwerin \u0096 Sommerhut Handgefertigt CH\",\"isPartOf\":{\"@id\":\"https:\\\/\\\/hutfactory.com\\\/#website\"},\"primaryImageOfPage\":{\"@id\":\"https:\\\/\\\/hutfactory.com\\\/?product=damen-strohhut-freiamt-auwerin#primaryimage\"},\"image\":{\"@id\":\"https:\\\/\\\/hutfactory.com\\\/?product=damen-strohhut-freiamt-auwerin#primaryimage\"},\"thumbnailUrl\":\"https:\\\/\\\/hutfactory.com\\\/wp-content\\\/uploads\\\/2026\\\/03\\\/11606.alle_.webp\",\"datePublished\":\"2026-03-10T10:00:34+00:00\",\"dateModified\":\"2026-03-10T10:28:55+00:00\",\"description\":\"Sommerlicher Damen Strohhut \u0084Freiamt Auwerin\u0093 aus 100 % Weizenstroh, handgefertigt in der Schweiz \u0096 eleganter Look, bester Komfort.\",\"breadcrumb\":{\"@id\":\"https:\\\/\\\/hutfactory.com\\\/?product=damen-strohhut-freiamt-auwerin#breadcrumb\"},\"inLanguage\":\"de\",\"potentialAction\":[{\"@type\":\"ReadAction\",\"target\":[\"https:\\\/\\\/hutfactory.com\\\/?product=damen-strohhut-freiamt-auwerin\"]}]},{\"@type\":\"ImageObject\",\"inLanguage\":\"de\",\"@id\":\"https:\\\/\\\/hutfactory.com\\\/?product=damen-strohhut-freiamt-auwerin#primaryimage\",\"url\":\"https:\\\/\\\/hutfactory.com\\\/wp-content\\\/uploads\\\/2026\\\/03\\\/11606.alle_.webp\",\"contentUrl\":\"https:\\\/\\\/hutfactory.com\\\/wp-content\\\/uploads\\\/2026\\\/03\\\/11606.alle_.webp\",\"width\":750,\"height\":750,\"caption\":\"|||\"},{\"@type\":\"BreadcrumbList\",\"@id\":\"https:\\\/\\\/hutfactory.com\\\/?product=damen-strohhut-freiamt-auwerin#breadcrumb\",\"itemListElement\":[{\"@type\":\"ListItem\",\"position\":1,\"name\":\"Start\",\"item\":\"https:\\\/\\\/hutfactory.com\\\/\"},{\"@type\":\"ListItem\",\"position\":2,\"name\":\"Shop\",\"item\":\"https:\\\/\\\/hutfactory.com\\\/?page_id=10\"},{\"@type\":\"ListItem\",\"position\":3,\"name\":\"Damen Strohhut &#8211; Freiamt Auwerin\"}]},{\"@type\":\"WebSite\",\"@id\":\"https:\\\/\\\/hutfactory.com\\\/#website\",\"url\":\"https:\\\/\\\/hutfactory.com\\\/\",\"name\":\"Hut Factory\",\"description\":\"H\u00fcte, Kappen &amp; M\u00fctzen in Top Swiss\\\/EU Qualit\u00e4t\",\"publisher\":{\"@id\":\"https:\\\/\\\/hutfactory.com\\\/#organization\"},\"alternateName\":\"Hut Shop\",\"potentialAction\":[{\"@type\":\"SearchAction\",\"target\":{\"@type\":\"EntryPoint\",\"urlTemplate\":\"https:\\\/\\\/hutfactory.com\\\/?s={search_term_string}\"},\"query-input\":{\"@type\":\"PropertyValueSpecification\",\"valueRequired\":true,\"valueName\":\"search_term_string\"}}],\"inLanguage\":\"de\"},{\"@type\":\"Organization\",\"@id\":\"https:\\\/\\\/hutfactory.com\\\/#organization\",\"name\":\"Hut Factory\",\"url\":\"https:\\\/\\\/hutfactory.com\\\/\",\"logo\":{\"@type\":\"ImageObject\",\"inLanguage\":\"de\",\"@id\":\"https:\\\/\\\/hutfactory.com\\\/#\\\/schema\\\/logo\\\/image\\\/\",\"url\":\"https:\\\/\\\/hutfactory.com\\\/wp-content\\\/uploads\\\/2026\\\/01\\\/Logo-hut-factory-1.webp\",\"contentUrl\":\"https:\\\/\\\/hutfactory.com\\\/wp-content\\\/uploads\\\/2026\\\/01\\\/Logo-hut-factory-1.webp\",\"width\":300,\"height\":262,\"caption\":\"Hut Factory\"},\"image\":{\"@id\":\"https:\\\/\\\/hutfactory.com\\\/#\\\/schema\\\/logo\\\/image\\\/\"}}]}<\/script>\n<!-- \/ Yoast SEO Premium plugin. -->","yoast_head_json":{"title":"Damen Strohhut Freiamt Auwerin \u0096 Sommerhut Handgefertigt CH","description":"Sommerlicher Damen Strohhut \u0084Freiamt Auwerin\u0093 aus 100 % Weizenstroh, handgefertigt in der Schweiz \u0096 eleganter Look, bester Komfort.","robots":{"index":"index","follow":"follow","max-snippet":"max-snippet:-1","max-image-preview":"max-image-preview:large","max-video-preview":"max-video-preview:-1"},"canonical":"https:\/\/hutfactory.com\/?product=damen-strohhut-freiamt-auwerin","og_locale":"de_DE","og_type":"article","og_title":"Damen Strohhut - Freiamt Auwerin","og_description":"Sommerlicher Damen Strohhut \u0084Freiamt Auwerin\u0093 aus 100 % Weizenstroh, handgefertigt in der Schweiz \u0096 eleganter Look, bester Komfort.","og_url":"https:\/\/hutfactory.com\/?product=damen-strohhut-freiamt-auwerin","og_site_name":"Hut Factory","article_modified_time":"2026-03-10T10:28:55+00:00","og_image":[{"width":750,"height":750,"url":"https:\/\/hutfactory.com\/wp-content\/uploads\/2026\/03\/11606.alle_.webp","type":"image\/webp"}],"twitter_card":"summary_large_image","twitter_misc":{"Gesch\u00e4tzte Lesezeit":"3\u00a0Minuten"},"schema":{"@context":"https:\/\/schema.org","@graph":[{"@type":"WebPage","@id":"https:\/\/hutfactory.com\/?product=damen-strohhut-freiamt-auwerin","url":"https:\/\/hutfactory.com\/?product=damen-strohhut-freiamt-auwerin","name":"Damen Strohhut Freiamt Auwerin \u0096 Sommerhut Handgefertigt CH","isPartOf":{"@id":"https:\/\/hutfactory.com\/#website"},"primaryImageOfPage":{"@id":"https:\/\/hutfactory.com\/?product=damen-strohhut-freiamt-auwerin#primaryimage"},"image":{"@id":"https:\/\/hutfactory.com\/?product=damen-strohhut-freiamt-auwerin#primaryimage"},"thumbnailUrl":"https:\/\/hutfactory.com\/wp-content\/uploads\/2026\/03\/11606.alle_.webp","datePublished":"2026-03-10T10:00:34+00:00","dateModified":"2026-03-10T10:28:55+00:00","description":"Sommerlicher Damen Strohhut \u0084Freiamt Auwerin\u0093 aus 100 % Weizenstroh, handgefertigt in der Schweiz \u0096 eleganter Look, bester Komfort.","breadcrumb":{"@id":"https:\/\/hutfactory.com\/?product=damen-strohhut-freiamt-auwerin#breadcrumb"},"inLanguage":"de","potentialAction":[{"@type":"ReadAction","target":["https:\/\/hutfactory.com\/?product=damen-strohhut-freiamt-auwerin"]}]},{"@type":"ImageObject","inLanguage":"de","@id":"https:\/\/hutfactory.com\/?product=damen-strohhut-freiamt-auwerin#primaryimage","url":"https:\/\/hutfactory.com\/wp-content\/uploads\/2026\/03\/11606.alle_.webp","contentUrl":"https:\/\/hutfactory.com\/wp-content\/uploads\/2026\/03\/11606.alle_.webp","width":750,"height":750,"caption":"|||"},{"@type":"BreadcrumbList","@id":"https:\/\/hutfactory.com\/?product=damen-strohhut-freiamt-auwerin#breadcrumb","itemListElement":[{"@type":"ListItem","position":1,"name":"Start","item":"https:\/\/hutfactory.com\/"},{"@type":"ListItem","position":2,"name":"Shop","item":"https:\/\/hutfactory.com\/?page_id=10"},{"@type":"ListItem","position":3,"name":"Damen Strohhut &#8211; Freiamt Auwerin"}]},{"@type":"WebSite","@id":"https:\/\/hutfactory.com\/#website","url":"https:\/\/hutfactory.com\/","name":"Hut Factory","description":"H\u00fcte, Kappen &amp; M\u00fctzen in Top Swiss\/EU Qualit\u00e4t","publisher":{"@id":"https:\/\/hutfactory.com\/#organization"},"alternateName":"Hut Shop","potentialAction":[{"@type":"SearchAction","target":{"@type":"EntryPoint","urlTemplate":"https:\/\/hutfactory.com\/?s={search_term_string}"},"query-input":{"@type":"PropertyValueSpecification","valueRequired":true,"valueName":"search_term_string"}}],"inLanguage":"de"},{"@type":"Organization","@id":"https:\/\/hutfactory.com\/#organization","name":"Hut Factory","url":"https:\/\/hutfactory.com\/","logo":{"@type":"ImageObject","inLanguage":"de","@id":"https:\/\/hutfactory.com\/#\/schema\/logo\/image\/","url":"https:\/\/hutfactory.com\/wp-content\/uploads\/2026\/01\/Logo-hut-factory-1.webp","contentUrl":"https:\/\/hutfactory.com\/wp-content\/uploads\/2026\/01\/Logo-hut-factory-1.webp","width":300,"height":262,"caption":"Hut Factory"},"image":{"@id":"https:\/\/hutfactory.com\/#\/schema\/logo\/image\/"}}]}},"_links":{"self":[{"href":"https:\/\/hutfactory.com\/index.php?rest_route=\/wp\/v2\/product\/15949","targetHints":{"allow":["GET"]}}],"collection":[{"href":"https:\/\/hutfactory.com\/index.php?rest_route=\/wp\/v2\/product"}],"about":[{"href":"https:\/\/hutfactory.com\/index.php?rest_route=\/wp\/v2\/types\/product"}],"wp:featuredmedia":[{"embeddable":true,"href":"https:\/\/hutfactory.com\/index.php?rest_route=\/wp\/v2\/media\/15950"}],"wp:attachment":[{"href":"https:\/\/hutfactory.com\/index.php?rest_route=%2Fwp%2Fv2%2Fmedia&parent=15949"}],"wp:term":[{"taxonomy":"product_brand","embeddable":true,"href":"https:\/\/hutfactory.com\/index.php?rest_route=%2Fwp%2Fv2%2Fproduct_brand&post=15949"},{"taxonomy":"product_cat","embeddable":true,"href":"https:\/\/hutfactory.com\/index.php?rest_route=%2Fwp%2Fv2%2Fproduct_cat&post=15949"},{"taxonomy":"product_tag","embeddable":true,"href":"https:\/\/hutfactory.com\/index.php?rest_route=%2Fwp%2Fv2%2Fproduct_tag&post=15949"}],"curies":[{"name":"wp","href":"https:\/\/api.w.org\/{rel}","templated":true}]}}