{"id":15945,"date":"2026-03-10T10:00:34","date_gmt":"2026-03-10T10:00:34","guid":{"rendered":"https:\/\/hutfactory.com\/?product=strohhut-trilby-freiamt-oberlunkhoferin"},"modified":"2026-03-10T10:28:55","modified_gmt":"2026-03-10T10:28:55","slug":"strohhut-trilby-freiamt-oberlunkhoferin","status":"publish","type":"product","link":"https:\/\/hutfactory.com\/?product=strohhut-trilby-freiamt-oberlunkhoferin","title":{"rendered":"Strohhut Trilby &#8211; Freiamt OberlunkhoferIn"},"content":{"rendered":"<h3 class=\"ai-optimize-24\" data-start=\"0\" data-end=\"72\"><strong data-start=\"4\" data-end=\"72\">Zeitlose Raffinesse: Sommerlicher Trilby f\u00fcr stilvolle Auftritte<\/strong><\/h3>\n<p class=\"ai-optimize-25 ai-optimize-introduction\" data-start=\"74\" data-end=\"611\">Der Strohhut Trilby \u0084Freiamt OberlunkhoferIn\u0093 aus der Premium Freiamt Kollektion vereint klassische Eleganz mit modernem Komfort und pr\u00e4ziser Handwerkskunst. Dieser exquisite Hut wird aus 100 % Ramie-Fasern gefertigt \u0096 einem nat\u00fcrlichen, besonders leichten und atmungsaktiven Material, das f\u00fcr seine Langlebigkeit und edle Optik bekannt ist. Die formsch\u00f6ne Trilby-Krone mit einer H\u00f6he von 10,5 cm und die 4 cm schmale Krempe verleihen dem Hut seine markante, urbane Silhouette, die sich perfekt zu sommerlichen Outfits kombinieren l\u00e4sst.<\/p>\n<p class=\"ai-optimize-26\" data-start=\"613\" data-end=\"1145\">Das hochwertige Hutband aus feinem Rebs in Sandfarbe mit braunem Poispoil-Muster wird durch einen ikonischen Qualit\u00e4tsknopf mit der Aufschrift \u0084Risa seit 1919\u0093 stilvoll akzentuiert \u0096 ein echtes Statement f\u00fcr Schweizer Handwerkskunst und Tradition. Ein sauber eingen\u00e4htes Textilinnenband sorgt f\u00fcr h\u00f6chsten Tragekomfort und sicheren Sitz. Jeder \u0084Freiamt OberlunkhoferIn\u0093 wird in der Schweizer Hutmanufaktur Risa individuell gefertigt \u0096 ein handgearbeitetes Meisterst\u00fcck f\u00fcr Kenner, die Wert auf Exklusivit\u00e4t und Nachhaltigkeit legen.<\/p>\n<h3 class=\"ai-optimize-27\" data-start=\"1151\" data-end=\"1169\">Perfekt f\u00fcr\u0085??<\/h3>\n<p class=\"ai-optimize-28\" data-start=\"1171\" data-end=\"1541\">?? <strong data-start=\"1174\" data-end=\"1197\">Sommerliche Anl\u00e4sse<\/strong>: Ob beim Stadtbummel, im Stra\u00dfencaf\u00e9 oder auf Reisen \u0096 dieser Hut ist Ihr stilvoller Begleiter.<br data-start=\"1293\" data-end=\"1296\" \/>?? <strong data-start=\"1299\" data-end=\"1318\">Elegante Events<\/strong>: Verleiht Ihrem Outfit bei sommerlichen Feierlichkeiten, Hochzeiten oder Events einen Hauch von Klasse.<br data-start=\"1422\" data-end=\"1425\" \/>?? <strong data-start=\"1428\" data-end=\"1455\">Natur- und Modebewusste<\/strong>: F\u00fcr alle, die handgefertigte Qualit\u00e4t, Nachhaltigkeit und zeitloses Design sch\u00e4tzen.<\/p>\n<div class=\"hf-accordions\">\n<hr class=\"hf-accordion-separator\" \/>\n<details class=\"hf-accordion\">\n<summary><strong>\u25b6\ufe0f Gut zu wissen \u2013 mehr erfahren<\/strong><\/summary>\n<div class=\"hf-accordion-content\">\n<h3><strong>Wichtige Produktdetails<\/strong><\/h3>\n<h4><strong>Material &#038; Design<\/strong><\/h4>\n<ul>\n<li><strong>Material:<\/strong>\u00a0ultraleichten Rami-Faser<\/li>\n<li><strong>Randbreite:\u00a0<\/strong>4.0 cm<\/li>\n<li><strong>Kopfh\u00f6he:\u00a0<\/strong>10.5 cm<\/li>\n<li><strong>Farboptionen:<\/strong>\u00a0Hellbeige Garnitur Sand Poispoil Braun<\/li>\n<li><strong>Garnitur:<\/strong>\u00a0Hutband aus Rebs mit Poispoil und Masche<\/li>\n<li><strong>Gr\u00f6\u00dfen:<\/strong>\u00a054-62<\/li>\n<li><strong>Schwei\u00dfband:<\/strong> Hochwertiges, sauber eingen\u00e4htes Textilinnenband f\u00fcr optimalen Tragekomfort<\/li>\n<\/ul>\n<h4><strong>Handwerkskunst &#038; Exklusivit\u00e4t<\/strong><\/h4>\n<ul>\n<li><strong>Handgefertigt:<\/strong> Jeder Hut wird von erfahrenen Hutmacher:innen in pr\u00e4ziser Handarbeit hergestellt<\/li>\n<li><strong>Tradition &#038; Qualit\u00e4t:<\/strong> Gefertigt in der Risa Hutwerkstatt, bekannt f\u00fcr erstklassige Schweizer Hutmacherkunst<\/li>\n<li><strong>Limitierte Auflage:<\/strong> Jeder Hut wird auf Bestellung gefertigt, um h\u00f6chste Exklusivit\u00e4t zu gew\u00e4hrleisten<\/li>\n<\/ul>\n<h4><strong>Herstellung<\/strong><\/h4>\n<ul>\n<li><strong>Produktionsort:<\/strong> Schweiz, in der renommierten Risa Hutwerkstatt<\/li>\n<li><strong>Herstellungszeit:<\/strong> 10-15 Arbeitstage nach Zahlungseingang<\/li>\n<\/ul>\n<h4><strong>Lieferbedingungen<\/strong><\/h4>\n<ul>\n<li><strong>Versand:<\/strong> Innerhalb weniger Tage nach Fertigstellung ab Standort Schweiz<\/li>\n<li><strong>Garantie:<\/strong> Umtausch nur bei Material- oder Herstellungsfehlern<\/li>\n<li><strong>Verf\u00fcgbarkeit:<\/strong> Abverkauf des Rohmaterials vorbehalten<\/li>\n<\/ul>\n<\/div>\n<\/details>\n<details class=\"hf-accordion\">\n<summary><strong>\u25b6\ufe0f FAQ \u2013 H\u00e4ufige Fragen<\/strong><\/summary>\n<div class=\"hf-accordion-content\">\n<h2>FAQs und Antworten:<\/h2>\n<h3>Wie wird der Trilby aus hellbeiger Ramie hergestellt?<\/h3>\n<p>Der Trilby aus hellbeiger Ramie wird aus einer Naturfaser, die aus dem St\u00e4ngel der Ramiepflanze gewonnen wird, gefertigt. Jeder einzelne Hut wird in liebevoller Handarbeit hergestellt, um eine hohe Qualit\u00e4t und Sch\u00f6nheit zu gew\u00e4hrleisten.<\/p>\n<h3>F\u00fcr wen ist der Trilby aus hellbeiger Ramie geeignet?<\/h3>\n<p>Der Trilby aus hellbeiger Ramie ist f\u00fcr jeden geeignet. Ob f\u00fcr die anspruchsvolle Dame oder den praktisch veranlagten Herrn, dieser Hut ist ein perfekter Begleiter f\u00fcr sonnige Tage. Er unterstreicht die Pers\u00f6nlichkeit und verleiht jedem Outfit eine besondere Note.<\/p>\n<h3>Was macht den Trilby aus hellbeiger Ramie einzigartig?<\/h3>\n<p>Der Trilby aus hellbeiger Ramie ist ein einzigartiges Accessoire, das durch die sorgf\u00e4ltige Auswahl der kostbaren Materialien und die intensive Handarbeit, die in jedem einzelnen Hut steckt, eine hohe Qualit\u00e4t und Sch\u00f6nheit gew\u00e4hrleistet. Zudem setzt die sandfarbene Garnitur mit Poispoil in Dunkelbraun dezente Akzente und verleiht dem Hut eine zeitlose Note.<\/p>\n<h3>Was bedeutet die Namenspatenschaft der Freiamter Gemeinde Oberlunkhofen?<\/h3>\n<p>Die Freiamter Gemeinde Oberlunkhofen ist stolz darauf, Namenspate f\u00fcr diesen einzigartigen Hut zu sein. Diese Verbindung zwischen Tradition und Moderne spiegelt die Sch\u00f6nheit und die Einzigartigkeit der Region Freiamt wider. Die Liebe zum Handwerk und die Hingabe, die in jedem einzelnen Hut steckt, sind ein Zeichen f\u00fcr die hohe Qualit\u00e4t und Sch\u00f6nheit der Produkte aus der Freiamt Strohhut Kollektion.<\/p><\/div>\n<\/details>\n<\/div>\n","protected":false},"excerpt":{"rendered":"<h3 class=\"ai-optimize-29\">Stil, Tradition &#038; Nachhaltigkeit<\/h3>\n<p class=\"ai-optimize-29\">Der \u0084Freiamt OberlunkhoferIn\u0093 aus feiner Ramie \u00fcberzeugt mit eleganter Trilby-Krone, edlem Hutband und Schweizer Handwerkskunst \u0096 Ihr exklusiver Sommerhut.<\/p>\n","protected":false},"featured_media":15946,"template":"","meta":{"_acf_changed":false,"rs_blank_template":"","rs_page_bg_color":"","slide_template_v7":""},"product_brand":[250],"product_cat":[275,600],"product_tag":[],"class_list":{"0":"post-15945","1":"product","2":"type-product","3":"status-publish","4":"has-post-thumbnail","6":"product_brand-risa-hutwerkstatt-schweiz","7":"product_cat-sommerhuete","8":"product_cat-trilby-sommerhuete","9":"product_shipping_class-mittlere-pakete","10":"pa_color-hbeige","11":"pa_groesse-206","12":"pa_groesse-196","13":"pa_groesse-207","14":"pa_groesse-197","15":"pa_groesse-208","16":"pa_groesse-198","17":"pa_groesse-209","18":"pa_groesse-199","19":"pa_groesse-210","20":"yith_product_brand-risa-hutwerkstatt-schweiz","23":"instock","24":"featured","25":"taxable","26":"shipping-taxable","27":"purchasable","28":"product-type-variable","29":"wvs-archive-product-wrapper","30":"add-to-wishlist-after_add_to_cart"},"acf":[],"yoast_head":"<!-- This site is optimized with the Yoast SEO Premium plugin v27.3 (Yoast SEO v27.3) - https:\/\/yoast.com\/product\/yoast-seo-premium-wordpress\/ -->\n<title>Strohhut Trilby Freiamt OberlunkhoferIn \u0096 Handgefertigt CH<\/title>\n<meta name=\"description\" content=\"Trilby Strohhut \u0084Freiamt OberlunkhoferIn\u0093 aus 100 % Ramie mit edlem sandfarbenem Hutband, handgefertigt in der Schweiz \u0096 jetzt entdecken!\" \/>\n<meta name=\"robots\" content=\"index, follow, max-snippet:-1, max-image-preview:large, max-video-preview:-1\" \/>\n<link rel=\"canonical\" href=\"https:\/\/hutfactory.com\/?product=strohhut-trilby-freiamt-oberlunkhoferin\" \/>\n<meta property=\"og:locale\" content=\"de_DE\" \/>\n<meta property=\"og:type\" content=\"article\" \/>\n<meta property=\"og:title\" content=\"Strohhut Trilby - Freiamt OberlunkhoferIn\" \/>\n<meta property=\"og:description\" content=\"Trilby Strohhut \u0084Freiamt OberlunkhoferIn\u0093 aus 100 % Ramie mit edlem sandfarbenem Hutband, handgefertigt in der Schweiz \u0096 jetzt entdecken!\" \/>\n<meta property=\"og:url\" content=\"https:\/\/hutfactory.com\/?product=strohhut-trilby-freiamt-oberlunkhoferin\" \/>\n<meta property=\"og:site_name\" content=\"Hut Factory\" \/>\n<meta property=\"article:modified_time\" content=\"2026-03-10T10:28:55+00:00\" \/>\n<meta property=\"og:image\" content=\"https:\/\/hutfactory.com\/wp-content\/uploads\/2026\/03\/11505.2.jpg\" \/>\n\t<meta property=\"og:image:width\" content=\"2001\" \/>\n\t<meta property=\"og:image:height\" content=\"1198\" \/>\n\t<meta property=\"og:image:type\" content=\"image\/jpeg\" \/>\n<meta name=\"twitter:card\" content=\"summary_large_image\" \/>\n<meta name=\"twitter:label1\" content=\"Gesch\u00e4tzte Lesezeit\" \/>\n\t<meta name=\"twitter:data1\" content=\"3\u00a0Minuten\" \/>\n<script type=\"application\/ld+json\" class=\"yoast-schema-graph\">{\"@context\":\"https:\\\/\\\/schema.org\",\"@graph\":[{\"@type\":\"WebPage\",\"@id\":\"https:\\\/\\\/hutfactory.com\\\/?product=strohhut-trilby-freiamt-oberlunkhoferin\",\"url\":\"https:\\\/\\\/hutfactory.com\\\/?product=strohhut-trilby-freiamt-oberlunkhoferin\",\"name\":\"Strohhut Trilby Freiamt OberlunkhoferIn \u0096 Handgefertigt CH\",\"isPartOf\":{\"@id\":\"https:\\\/\\\/hutfactory.com\\\/#website\"},\"primaryImageOfPage\":{\"@id\":\"https:\\\/\\\/hutfactory.com\\\/?product=strohhut-trilby-freiamt-oberlunkhoferin#primaryimage\"},\"image\":{\"@id\":\"https:\\\/\\\/hutfactory.com\\\/?product=strohhut-trilby-freiamt-oberlunkhoferin#primaryimage\"},\"thumbnailUrl\":\"https:\\\/\\\/hutfactory.com\\\/wp-content\\\/uploads\\\/2026\\\/03\\\/11505.2.jpg\",\"datePublished\":\"2026-03-10T10:00:34+00:00\",\"dateModified\":\"2026-03-10T10:28:55+00:00\",\"description\":\"Trilby Strohhut \u0084Freiamt OberlunkhoferIn\u0093 aus 100 % Ramie mit edlem sandfarbenem Hutband, handgefertigt in der Schweiz \u0096 jetzt entdecken!\",\"breadcrumb\":{\"@id\":\"https:\\\/\\\/hutfactory.com\\\/?product=strohhut-trilby-freiamt-oberlunkhoferin#breadcrumb\"},\"inLanguage\":\"de\",\"potentialAction\":[{\"@type\":\"ReadAction\",\"target\":[\"https:\\\/\\\/hutfactory.com\\\/?product=strohhut-trilby-freiamt-oberlunkhoferin\"]}]},{\"@type\":\"ImageObject\",\"inLanguage\":\"de\",\"@id\":\"https:\\\/\\\/hutfactory.com\\\/?product=strohhut-trilby-freiamt-oberlunkhoferin#primaryimage\",\"url\":\"https:\\\/\\\/hutfactory.com\\\/wp-content\\\/uploads\\\/2026\\\/03\\\/11505.2.jpg\",\"contentUrl\":\"https:\\\/\\\/hutfactory.com\\\/wp-content\\\/uploads\\\/2026\\\/03\\\/11505.2.jpg\",\"width\":2001,\"height\":1198,\"caption\":\"Gr\u00f6\u00dfen 54\u009662\"},{\"@type\":\"BreadcrumbList\",\"@id\":\"https:\\\/\\\/hutfactory.com\\\/?product=strohhut-trilby-freiamt-oberlunkhoferin#breadcrumb\",\"itemListElement\":[{\"@type\":\"ListItem\",\"position\":1,\"name\":\"Start\",\"item\":\"https:\\\/\\\/hutfactory.com\\\/\"},{\"@type\":\"ListItem\",\"position\":2,\"name\":\"Shop\",\"item\":\"https:\\\/\\\/hutfactory.com\\\/?page_id=10\"},{\"@type\":\"ListItem\",\"position\":3,\"name\":\"Strohhut Trilby &#8211; Freiamt OberlunkhoferIn\"}]},{\"@type\":\"WebSite\",\"@id\":\"https:\\\/\\\/hutfactory.com\\\/#website\",\"url\":\"https:\\\/\\\/hutfactory.com\\\/\",\"name\":\"Hut Factory\",\"description\":\"H\u00fcte, Kappen &amp; M\u00fctzen in Top Swiss\\\/EU Qualit\u00e4t\",\"publisher\":{\"@id\":\"https:\\\/\\\/hutfactory.com\\\/#organization\"},\"alternateName\":\"Hut Shop\",\"potentialAction\":[{\"@type\":\"SearchAction\",\"target\":{\"@type\":\"EntryPoint\",\"urlTemplate\":\"https:\\\/\\\/hutfactory.com\\\/?s={search_term_string}\"},\"query-input\":{\"@type\":\"PropertyValueSpecification\",\"valueRequired\":true,\"valueName\":\"search_term_string\"}}],\"inLanguage\":\"de\"},{\"@type\":\"Organization\",\"@id\":\"https:\\\/\\\/hutfactory.com\\\/#organization\",\"name\":\"Hut Factory\",\"url\":\"https:\\\/\\\/hutfactory.com\\\/\",\"logo\":{\"@type\":\"ImageObject\",\"inLanguage\":\"de\",\"@id\":\"https:\\\/\\\/hutfactory.com\\\/#\\\/schema\\\/logo\\\/image\\\/\",\"url\":\"https:\\\/\\\/hutfactory.com\\\/wp-content\\\/uploads\\\/2026\\\/01\\\/Logo-hut-factory-1.webp\",\"contentUrl\":\"https:\\\/\\\/hutfactory.com\\\/wp-content\\\/uploads\\\/2026\\\/01\\\/Logo-hut-factory-1.webp\",\"width\":300,\"height\":262,\"caption\":\"Hut Factory\"},\"image\":{\"@id\":\"https:\\\/\\\/hutfactory.com\\\/#\\\/schema\\\/logo\\\/image\\\/\"}}]}<\/script>\n<!-- \/ Yoast SEO Premium plugin. -->","yoast_head_json":{"title":"Strohhut Trilby Freiamt OberlunkhoferIn \u0096 Handgefertigt CH","description":"Trilby Strohhut \u0084Freiamt OberlunkhoferIn\u0093 aus 100 % Ramie mit edlem sandfarbenem Hutband, handgefertigt in der Schweiz \u0096 jetzt entdecken!","robots":{"index":"index","follow":"follow","max-snippet":"max-snippet:-1","max-image-preview":"max-image-preview:large","max-video-preview":"max-video-preview:-1"},"canonical":"https:\/\/hutfactory.com\/?product=strohhut-trilby-freiamt-oberlunkhoferin","og_locale":"de_DE","og_type":"article","og_title":"Strohhut Trilby - Freiamt OberlunkhoferIn","og_description":"Trilby Strohhut \u0084Freiamt OberlunkhoferIn\u0093 aus 100 % Ramie mit edlem sandfarbenem Hutband, handgefertigt in der Schweiz \u0096 jetzt entdecken!","og_url":"https:\/\/hutfactory.com\/?product=strohhut-trilby-freiamt-oberlunkhoferin","og_site_name":"Hut Factory","article_modified_time":"2026-03-10T10:28:55+00:00","og_image":[{"width":2001,"height":1198,"url":"https:\/\/hutfactory.com\/wp-content\/uploads\/2026\/03\/11505.2.jpg","type":"image\/jpeg"}],"twitter_card":"summary_large_image","twitter_misc":{"Gesch\u00e4tzte Lesezeit":"3\u00a0Minuten"},"schema":{"@context":"https:\/\/schema.org","@graph":[{"@type":"WebPage","@id":"https:\/\/hutfactory.com\/?product=strohhut-trilby-freiamt-oberlunkhoferin","url":"https:\/\/hutfactory.com\/?product=strohhut-trilby-freiamt-oberlunkhoferin","name":"Strohhut Trilby Freiamt OberlunkhoferIn \u0096 Handgefertigt CH","isPartOf":{"@id":"https:\/\/hutfactory.com\/#website"},"primaryImageOfPage":{"@id":"https:\/\/hutfactory.com\/?product=strohhut-trilby-freiamt-oberlunkhoferin#primaryimage"},"image":{"@id":"https:\/\/hutfactory.com\/?product=strohhut-trilby-freiamt-oberlunkhoferin#primaryimage"},"thumbnailUrl":"https:\/\/hutfactory.com\/wp-content\/uploads\/2026\/03\/11505.2.jpg","datePublished":"2026-03-10T10:00:34+00:00","dateModified":"2026-03-10T10:28:55+00:00","description":"Trilby Strohhut \u0084Freiamt OberlunkhoferIn\u0093 aus 100 % Ramie mit edlem sandfarbenem Hutband, handgefertigt in der Schweiz \u0096 jetzt entdecken!","breadcrumb":{"@id":"https:\/\/hutfactory.com\/?product=strohhut-trilby-freiamt-oberlunkhoferin#breadcrumb"},"inLanguage":"de","potentialAction":[{"@type":"ReadAction","target":["https:\/\/hutfactory.com\/?product=strohhut-trilby-freiamt-oberlunkhoferin"]}]},{"@type":"ImageObject","inLanguage":"de","@id":"https:\/\/hutfactory.com\/?product=strohhut-trilby-freiamt-oberlunkhoferin#primaryimage","url":"https:\/\/hutfactory.com\/wp-content\/uploads\/2026\/03\/11505.2.jpg","contentUrl":"https:\/\/hutfactory.com\/wp-content\/uploads\/2026\/03\/11505.2.jpg","width":2001,"height":1198,"caption":"Gr\u00f6\u00dfen 54\u009662"},{"@type":"BreadcrumbList","@id":"https:\/\/hutfactory.com\/?product=strohhut-trilby-freiamt-oberlunkhoferin#breadcrumb","itemListElement":[{"@type":"ListItem","position":1,"name":"Start","item":"https:\/\/hutfactory.com\/"},{"@type":"ListItem","position":2,"name":"Shop","item":"https:\/\/hutfactory.com\/?page_id=10"},{"@type":"ListItem","position":3,"name":"Strohhut Trilby &#8211; Freiamt OberlunkhoferIn"}]},{"@type":"WebSite","@id":"https:\/\/hutfactory.com\/#website","url":"https:\/\/hutfactory.com\/","name":"Hut Factory","description":"H\u00fcte, Kappen &amp; M\u00fctzen in Top Swiss\/EU Qualit\u00e4t","publisher":{"@id":"https:\/\/hutfactory.com\/#organization"},"alternateName":"Hut Shop","potentialAction":[{"@type":"SearchAction","target":{"@type":"EntryPoint","urlTemplate":"https:\/\/hutfactory.com\/?s={search_term_string}"},"query-input":{"@type":"PropertyValueSpecification","valueRequired":true,"valueName":"search_term_string"}}],"inLanguage":"de"},{"@type":"Organization","@id":"https:\/\/hutfactory.com\/#organization","name":"Hut Factory","url":"https:\/\/hutfactory.com\/","logo":{"@type":"ImageObject","inLanguage":"de","@id":"https:\/\/hutfactory.com\/#\/schema\/logo\/image\/","url":"https:\/\/hutfactory.com\/wp-content\/uploads\/2026\/01\/Logo-hut-factory-1.webp","contentUrl":"https:\/\/hutfactory.com\/wp-content\/uploads\/2026\/01\/Logo-hut-factory-1.webp","width":300,"height":262,"caption":"Hut Factory"},"image":{"@id":"https:\/\/hutfactory.com\/#\/schema\/logo\/image\/"}}]}},"_links":{"self":[{"href":"https:\/\/hutfactory.com\/index.php?rest_route=\/wp\/v2\/product\/15945","targetHints":{"allow":["GET"]}}],"collection":[{"href":"https:\/\/hutfactory.com\/index.php?rest_route=\/wp\/v2\/product"}],"about":[{"href":"https:\/\/hutfactory.com\/index.php?rest_route=\/wp\/v2\/types\/product"}],"wp:featuredmedia":[{"embeddable":true,"href":"https:\/\/hutfactory.com\/index.php?rest_route=\/wp\/v2\/media\/15946"}],"wp:attachment":[{"href":"https:\/\/hutfactory.com\/index.php?rest_route=%2Fwp%2Fv2%2Fmedia&parent=15945"}],"wp:term":[{"taxonomy":"product_brand","embeddable":true,"href":"https:\/\/hutfactory.com\/index.php?rest_route=%2Fwp%2Fv2%2Fproduct_brand&post=15945"},{"taxonomy":"product_cat","embeddable":true,"href":"https:\/\/hutfactory.com\/index.php?rest_route=%2Fwp%2Fv2%2Fproduct_cat&post=15945"},{"taxonomy":"product_tag","embeddable":true,"href":"https:\/\/hutfactory.com\/index.php?rest_route=%2Fwp%2Fv2%2Fproduct_tag&post=15945"}],"curies":[{"name":"wp","href":"https:\/\/api.w.org\/{rel}","templated":true}]}}