{"id":15941,"date":"2026-03-10T10:00:34","date_gmt":"2026-03-10T10:00:34","guid":{"rendered":"https:\/\/hutfactory.com\/?product=damen-strohhut-freiamt-widerin"},"modified":"2026-03-10T10:02:39","modified_gmt":"2026-03-10T10:02:39","slug":"damen-strohhut-freiamt-widerin","status":"publish","type":"product","link":"https:\/\/hutfactory.com\/?product=damen-strohhut-freiamt-widerin","title":{"rendered":"Damen Strohhut &#8211; Freiamt Widerin"},"content":{"rendered":"<div class=\"group w-full text-gray-800 dark:text-gray-100 border-b border-black\/10 dark:border-gray-900\/50 bg-gray-50 dark:bg-[#444654] sm:AIPRM__conversation__response\">\n<div class=\"text-base gap-4 md:gap-6 md:max-w-2xl lg:max-w-xl xl:max-w-3xl p-4 md:py-6 flex lg:px-0 m-auto\">\n<div class=\"relative flex w-[calc(100%-50px)] flex-col gap-1 md:gap-3 lg:w-[calc(100%-115px)]\">\n<div class=\"flex flex-grow flex-col gap-3\">\n<div class=\"min-h-[20px] flex flex-col items-start gap-4 whitespace-pre-wrap\">\n<div class=\"markdown prose w-full break-words dark:prose-invert light AIPRM__conversation__response\"><\/div>\n<\/div>\n<\/div>\n<\/div>\n<\/div>\n<\/div>\n<h3 class=\"ai-optimize-25\" data-start=\"0\" data-end=\"76\"><strong data-start=\"4\" data-end=\"76\">Eleganz f\u00fcr sonnige Tage: Femininer Strohhut mit farbenfrohem Akzent<\/strong><\/h3>\n<p class=\"ai-optimize-26 ai-optimize-introduction\" data-start=\"78\" data-end=\"577\">Der Damen Strohhut \u0084Freiamt Widerin\u0093 ist ein Highlight der Premium Freiamt Kollektion und verbindet nat\u00fcrliche Materialien mit modernem Design. Die klassische runde Krone in harmonischem Naturton wird von einer 8,5 cm breiten Krempe erg\u00e4nzt, die nicht nur f\u00fcr eine elegante Silhouette sorgt, sondern auch optimalen Sonnenschutz bietet. Das breite Multicolor-Hutband in Blau- und Erdt\u00f6nen setzt ein ausdrucksstarkes modisches Statement und verleiht dem Hut seinen individuellen, lebendigen Charakter.<\/p>\n<p class=\"ai-optimize-27\" data-start=\"579\" data-end=\"1048\">Die sorgf\u00e4ltige Fertigung aus feinem Naturstroh macht den Hut leicht, atmungsaktiv und angenehm zu tragen \u0096 perfekt f\u00fcr warme Sommertage. Das hochwertig eingen\u00e4hte Textilinnenband sorgt f\u00fcr hervorragenden Sitz und Komfort. Jeder \u0084Freiamt Widerin\u0093 wird mit h\u00f6chster Pr\u00e4zision und viel Leidenschaft in der Schweizer Hutmanufaktur Risa von Hand gefertigt \u0096 ein unverwechselbares Accessoire, das h\u00f6chste Handwerkskunst, nachhaltige Materialien und zeitlose Eleganz vereint.<\/p>\n<h3 class=\"ai-optimize-28\" data-start=\"1054\" data-end=\"1072\">Perfekt f\u00fcr\u0085??<\/h3>\n<p class=\"ai-optimize-29\" data-start=\"1074\" data-end=\"1405\">?? <strong data-start=\"1077\" data-end=\"1100\">Sommerliche Anl\u00e4sse<\/strong>: Perfekt f\u00fcr Spazierg\u00e4nge im Park, Gartenpartys oder den Strandurlaub.<br data-start=\"1171\" data-end=\"1174\" \/>?? <strong data-start=\"1177\" data-end=\"1197\">Stilvolle Events<\/strong>: Idealer Begleiter f\u00fcr Hochzeiten, Sommerfeste oder elegante Outdoor-Veranstaltungen.<br data-start=\"1283\" data-end=\"1286\" \/>?? <strong data-start=\"1289\" data-end=\"1316\">Natur- und Modebewusste<\/strong>: F\u00fcr alle, die Wert auf nat\u00fcrliche Materialien, Qualit\u00e4t und Schweizer Handarbeit legen.<\/p>\n<div class=\"hf-accordions\">\n<hr class=\"hf-accordion-separator\" \/>\n<details class=\"hf-accordion\">\n<summary><strong>\u25b6\ufe0f Gut zu wissen \u2013 mehr erfahren<\/strong><\/summary>\n<div class=\"hf-accordion-content\">\n<h3><strong>Wichtige Produktdetails<\/strong><\/h3>\n<h4><strong>Material &#038; Design<\/strong><\/h4>\n<ul>\n<li><strong>Material:<\/strong> 100% Weizenstroh \u0096 leicht, langlebig und atmungsaktiv<\/li>\n<li><strong>Struktur:<\/strong> Fein geflochten f\u00fcr eine elegante und gleichm\u00e4\u00dfige Optik<\/li>\n<li><strong>Randbreite:\u00a0<\/strong>8.5 cm<\/li>\n<li><strong>Kopfh\u00f6he:\u00a0<\/strong>10.5 cm<\/li>\n<li><strong>Farboptionen:<\/strong>\u00a01. Nature<\/li>\n<li><strong>Garnitur:<\/strong>\u00a0Multicolor, breites Hutband aus Rebs mit Schlaufe<\/li>\n<li><strong>Gr\u00f6\u00dfen:<\/strong>\u00a054-61<\/li>\n<li><strong>Schwei\u00dfband:<\/strong> Hochwertiges, sauber eingen\u00e4htes Textilinnenband f\u00fcr optimalen Tragekomfort<\/li>\n<\/ul>\n<h4><strong>Handwerkskunst &#038; Exklusivit\u00e4t<\/strong><\/h4>\n<ul>\n<li><strong>Handgefertigt:<\/strong> Jeder Hut wird von erfahrenen Hutmacher:innen in pr\u00e4ziser Handarbeit hergestellt<\/li>\n<li><strong>Tradition &#038; Qualit\u00e4t:<\/strong> Gefertigt in der Risa Hutwerkstatt, bekannt f\u00fcr erstklassige Schweizer Hutmacherkunst<\/li>\n<li><strong>Limitierte Auflage:<\/strong> Jeder Hut wird auf Bestellung gefertigt, um h\u00f6chste Exklusivit\u00e4t zu gew\u00e4hrleisten<\/li>\n<\/ul>\n<h4><strong>Herstellung<\/strong><\/h4>\n<ul>\n<li><strong>Produktionsort:<\/strong> Schweiz, in der renommierten Risa Hutwerkstatt<\/li>\n<li><strong>Herstellungszeit:<\/strong> 10-15 Arbeitstage nach Zahlungseingang<\/li>\n<\/ul>\n<h4><strong>Lieferbedingungen<\/strong><\/h4>\n<ul>\n<li><strong>Versand:<\/strong> Innerhalb weniger Tage nach Fertigstellung ab Standort Schweiz<\/li>\n<li><strong>Garantie:<\/strong> Umtausch nur bei Material- oder Herstellungsfehlern<\/li>\n<li><strong>Verf\u00fcgbarkeit:<\/strong> Abverkauf des Rohmaterials vorbehalten<\/li>\n<\/ul>\n<\/div>\n<\/details>\n<details class=\"hf-accordion\">\n<summary><strong>\u25b6\ufe0f FAQ \u2013 H\u00e4ufige Fragen<\/strong><\/summary>\n<div class=\"hf-accordion-content\">\n<h2>FAQs<\/h2>\n<div class=\"group w-full text-gray-800 dark:text-gray-100 border-b border-black\/10 dark:border-gray-900\/50 bg-gray-50 dark:bg-[#444654]\">\n<div class=\"text-base gap-4 md:gap-6 md:max-w-2xl lg:max-w-xl xl:max-w-3xl p-4 md:py-6 flex lg:px-0 m-auto\">\n<div class=\"relative flex w-[calc(100%-50px)] flex-col gap-1 md:gap-3 lg:w-[calc(100%-115px)]\">\n<div class=\"flex flex-grow flex-col gap-3\">\n<div class=\"min-h-[20px] flex flex-col items-start gap-4 whitespace-pre-wrap\">\n<div class=\"markdown prose w-full break-words dark:prose-invert light\">\n<div class=\"group w-full text-gray-800 dark:text-gray-100 border-b border-black\/10 dark:border-gray-900\/50 bg-gray-50 dark:bg-[#444654] sm:AIPRM__conversation__response\">\n<div class=\"text-base gap-4 md:gap-6 md:max-w-2xl lg:max-w-xl xl:max-w-3xl p-4 md:py-6 flex lg:px-0 m-auto\">\n<div class=\"relative flex w-[calc(100%-50px)] flex-col gap-1 md:gap-3 lg:w-[calc(100%-115px)]\">\n<div class=\"flex flex-grow flex-col gap-3\">\n<div class=\"min-h-[20px] flex flex-col items-start gap-4 whitespace-pre-wrap\">\n<h3>Kann der \u0093Widerin\u0094 nur im Sommer getragen werden?<\/h3>\n<div class=\"markdown prose w-full break-words dark:prose-invert light AIPRM__conversation__response\">\n<p>A: Der \u0093Widerin\u0094 ist aufgrund seines luftigen Materials ideal f\u00fcr die w\u00e4rmeren Tage im Jahr. Doch auch im Fr\u00fchling oder Herbst kann er zu verschiedenen Outfits kombiniert werden und verleiht dem Look eine besondere Note.<\/p>\n<\/div>\n<\/div>\n<\/div>\n<\/div>\n<\/div>\n<\/div>\n<div class=\"group w-full text-gray-800 dark:text-gray-100 border-b border-black\/10 dark:border-gray-900\/50 bg-gray-50 dark:bg-[#444654] sm:AIPRM__conversation__response\">\n<div class=\"text-base gap-4 md:gap-6 md:max-w-2xl lg:max-w-xl xl:max-w-3xl p-4 md:py-6 flex lg:px-0 m-auto\">\n<div class=\"relative flex w-[calc(100%-50px)] flex-col gap-1 md:gap-3 lg:w-[calc(100%-115px)]\">\n<div class=\"flex flex-grow flex-col gap-3\">\n<div class=\"min-h-[20px] flex flex-col items-start gap-4 whitespace-pre-wrap\">\n<div class=\"markdown prose w-full break-words dark:prose-invert light AIPRM__conversation__response\">\n<h3>Wie pflege ich meinen \u0093Widerin\u0094 am besten?<\/h3>\n<p>A: Um m\u00f6glichst lange Freude an deinem \u0093Widerin\u0094 zu haben, solltest du ihn vor Feuchtigkeit und direktem Sonnenlicht sch\u00fctzen. Sollte der Hut doch einmal nass geworden sein, lasse ihn langsam an der Luft trocknen. Bei Bedarf kannst du ihn vorsichtig mit einer weichen B\u00fcrste reinigen.<\/p>\n<h3>Wie finde ich die richtige Gr\u00f6\u00dfe f\u00fcr meinen \u0093Widerin\u0094?<\/h3>\n<p>A: Um die richtige Gr\u00f6\u00dfe f\u00fcr deinen \u0093Widerin\u0094 zu finden, solltest du den Umfang deines Kopfes messen. Miss dazu einfach den Kopfumfang an der breitesten Stelle deiner Stirn. Anschlie\u00dfend kannst du anhand der Gr\u00f6\u00dfentabelle die passende Hutgr\u00f6\u00dfe ausw\u00e4hlen.<\/p>\n<h3>Woher stammt die Freiamt Kollektion und was macht sie so besonders?<\/h3>\n<p>A: Die Freiamt Kollektion entstand aus der Liebe zur traditionellen Handarbeit und dem Know-how der Kunst des H\u00fcteflechtens. Die H\u00fcte werden in akribischer Handarbeit gefertigt und veredelt, wodurch jedes St\u00fcck zu einem Unikat wird. Die ausgew\u00e4hlten Materialien sind besonders auserlesen und kostbar. Die Kollektion steht somit f\u00fcr Qualit\u00e4t, Design und Sch\u00f6nheit sowie f\u00fcr die Verbundenheit mit der gleichnamigen Gemeinde im Freiamt.<\/p>\n<\/div>\n<\/div>\n<\/div>\n<h3 class=\"flex justify-between lg:block\">Wie lange dauert es, bis mein \u0093Widerin\u0094 geliefert wird?<\/h3>\n<\/div>\n<\/div>\n<\/div>\n<div class=\"group w-full text-gray-800 dark:text-gray-100 border-b border-black\/10 dark:border-gray-900\/50 dark:bg-gray-800\">\n<div class=\"text-base gap-4 md:gap-6 md:max-w-2xl lg:max-w-xl xl:max-w-3xl p-4 md:py-6 flex lg:px-0 m-auto\">\n<div class=\"relative flex w-[calc(100%-50px)] flex-col gap-1 md:gap-3 lg:w-[calc(100%-115px)]\">\n<div class=\"flex flex-grow flex-col gap-3\">\n<div class=\"min-h-[20px] flex flex-col items-start gap-4 whitespace-pre-wrap\">A: Da jeder \u0093Widerin\u0094 ein Unikat ist, kann die Lieferzeit je nach Bestellmenge und Verf\u00fcgbarkeit der Materialien variieren. Wir bem\u00fchen uns jedoch, deine Bestellung so schnell wie m\u00f6glich zu bearbeiten und zu versenden. Du erh\u00e4ltst von uns eine Best\u00e4tigungsmail mit allen relevanten Informationen zur Lieferung deines Huts.<\/div>\n<\/div>\n<\/div>\n<\/div>\n<\/div>\n<div class=\"group w-full text-gray-800 dark:text-gray-100 border-b border-black\/10 dark:border-gray-900\/50 bg-gray-50 dark:bg-[#444654] sm:AIPRM__conversation__response\">\n<div class=\"text-base gap-4 md:gap-6 md:max-w-2xl lg:max-w-xl xl:max-w-3xl p-4 md:py-6 flex lg:px-0 m-auto\">\n<div class=\"relative flex w-[calc(100%-50px)] flex-col gap-1 md:gap-3 lg:w-[calc(100%-115px)]\">\n<div class=\"flex flex-grow flex-col gap-3\">\n<div class=\"min-h-[20px] flex flex-col items-start gap-4 whitespace-pre-wrap\">\n<div class=\"markdown prose w-full break-words dark:prose-invert light AIPRM__conversation__response\">\n<h3>Ist der \u0093Widerin\u0094 auch f\u00fcr empfindliche Haut geeignet?<\/h3>\n<p>A: Der \u0093Widerin\u0094 besteht aus feinstem Weizenstroh und ist somit sehr hautfreundlich und auch f\u00fcr empfindliche Haut geeignet.<\/p>\n<h3>Wie kann ich den \u0093Widerin\u0094 am besten kombinieren?<\/h3>\n<p>A: Der \u0093Widerin\u0094 ist ein sehr vielseitiges Accessoire und kann zu vielen verschiedenen Outfits kombiniert werden. Besonders gut passt er zu luftigen Sommerkleidern oder auch zu einer l\u00e4ssigen Jeans und einem T-Shirt. Mit seiner gestreiften Garnitur setzt er zudem einen besonderen Akzent.<\/p>\n<\/div>\n<\/div>\n<\/div>\n<\/div>\n<\/div>\n<\/div>\n<\/div>\n<\/div>\n<\/div>\n<\/div>\n<\/div>\n<\/div>\n<\/div>\n<\/details>\n<\/div>\n","protected":false},"excerpt":{"rendered":"<h3 data-start=\"4753\" data-end=\"4815\">Ihr femininer Sommerhut: Nat\u00fcrlich, stilvoll &#038; einzigartig<\/h3>\n<p data-start=\"4817\" data-end=\"4983\" data-is-last-node=\"\" data-is-only-node=\"\">Der Damen Strohhut \u0084Freiamt Widerin\u0093 verbindet exklusive Materialien, modische Farben und Schweizer Handwerkskunst \u0096 Ihr eleganter Begleiter f\u00fcr stilvolle Sommertage!<\/p>\n","protected":false},"featured_media":15942,"template":"","meta":{"_acf_changed":false,"rs_blank_template":"","rs_page_bg_color":"","slide_template_v7":""},"product_brand":[250],"product_cat":[446,275],"product_tag":[],"class_list":{"0":"post-15941","1":"product","2":"type-product","3":"status-publish","4":"has-post-thumbnail","6":"product_brand-risa-hutwerkstatt-schweiz","7":"product_cat-cloche-sommerhuete","8":"product_cat-sommerhuete","9":"product_shipping_class-mittlere-pakete","10":"pa_color-natur","11":"pa_groesse-206","12":"pa_groesse-196","13":"pa_groesse-207","14":"pa_groesse-197","15":"pa_groesse-208","16":"pa_groesse-198","17":"pa_groesse-209","18":"pa_groesse-199","19":"pa_groesse-210","20":"yith_product_brand-risa-hutwerkstatt-schweiz","23":"instock","24":"featured","25":"taxable","26":"shipping-taxable","27":"purchasable","28":"product-type-variable","29":"wvs-archive-product-wrapper","30":"add-to-wishlist-after_add_to_cart"},"acf":[],"yoast_head":"<!-- This site is optimized with the Yoast SEO Premium plugin v27.3 (Yoast SEO v27.3) - https:\/\/yoast.com\/product\/yoast-seo-premium-wordpress\/ -->\n<title>Damen Strohhut &quot;Widerin&quot; - Zeitlos und dennoch modern<\/title>\n<meta name=\"description\" content=\"Handgefertigter Damenhut f\u00fcr den perfekten Sonnen-Look: Der Strohhut ist ein Must-Have f\u00fcr den Sommer, der sommerlicher UV Schutz mit Stil.\" \/>\n<meta name=\"robots\" content=\"index, follow, max-snippet:-1, max-image-preview:large, max-video-preview:-1\" \/>\n<link rel=\"canonical\" href=\"https:\/\/hutfactory.com\/?product=damen-strohhut-freiamt-widerin\" \/>\n<meta property=\"og:locale\" content=\"de_DE\" \/>\n<meta property=\"og:type\" content=\"article\" \/>\n<meta property=\"og:title\" content=\"Damen Strohhut - Freiamt Widerin\" \/>\n<meta property=\"og:description\" content=\"Handgefertigter Damenhut f\u00fcr den perfekten Sonnen-Look: Der Strohhut ist ein Must-Have f\u00fcr den Sommer, der sommerlicher UV Schutz mit Stil.\" \/>\n<meta property=\"og:url\" content=\"https:\/\/hutfactory.com\/?product=damen-strohhut-freiamt-widerin\" \/>\n<meta property=\"og:site_name\" content=\"Hut Factory\" \/>\n<meta property=\"article:modified_time\" content=\"2026-03-10T10:02:39+00:00\" \/>\n<meta property=\"og:image\" content=\"https:\/\/hutfactory.com\/wp-content\/uploads\/2026\/03\/11495.webp\" \/>\n\t<meta property=\"og:image:width\" content=\"750\" \/>\n\t<meta property=\"og:image:height\" content=\"750\" \/>\n\t<meta property=\"og:image:type\" content=\"image\/webp\" \/>\n<meta name=\"twitter:card\" content=\"summary_large_image\" \/>\n<meta name=\"twitter:label1\" content=\"Gesch\u00e4tzte Lesezeit\" \/>\n\t<meta name=\"twitter:data1\" content=\"4\u00a0Minuten\" \/>\n<script type=\"application\/ld+json\" class=\"yoast-schema-graph\">{\"@context\":\"https:\\\/\\\/schema.org\",\"@graph\":[{\"@type\":\"WebPage\",\"@id\":\"https:\\\/\\\/hutfactory.com\\\/?product=damen-strohhut-freiamt-widerin\",\"url\":\"https:\\\/\\\/hutfactory.com\\\/?product=damen-strohhut-freiamt-widerin\",\"name\":\"Damen Strohhut \\\"Widerin\\\" - Zeitlos und dennoch modern\",\"isPartOf\":{\"@id\":\"https:\\\/\\\/hutfactory.com\\\/#website\"},\"primaryImageOfPage\":{\"@id\":\"https:\\\/\\\/hutfactory.com\\\/?product=damen-strohhut-freiamt-widerin#primaryimage\"},\"image\":{\"@id\":\"https:\\\/\\\/hutfactory.com\\\/?product=damen-strohhut-freiamt-widerin#primaryimage\"},\"thumbnailUrl\":\"https:\\\/\\\/hutfactory.com\\\/wp-content\\\/uploads\\\/2026\\\/03\\\/11495.webp\",\"datePublished\":\"2026-03-10T10:00:34+00:00\",\"dateModified\":\"2026-03-10T10:02:39+00:00\",\"description\":\"Handgefertigter Damenhut f\u00fcr den perfekten Sonnen-Look: Der Strohhut ist ein Must-Have f\u00fcr den Sommer, der sommerlicher UV Schutz mit Stil.\",\"breadcrumb\":{\"@id\":\"https:\\\/\\\/hutfactory.com\\\/?product=damen-strohhut-freiamt-widerin#breadcrumb\"},\"inLanguage\":\"de\",\"potentialAction\":[{\"@type\":\"ReadAction\",\"target\":[\"https:\\\/\\\/hutfactory.com\\\/?product=damen-strohhut-freiamt-widerin\"]}]},{\"@type\":\"ImageObject\",\"inLanguage\":\"de\",\"@id\":\"https:\\\/\\\/hutfactory.com\\\/?product=damen-strohhut-freiamt-widerin#primaryimage\",\"url\":\"https:\\\/\\\/hutfactory.com\\\/wp-content\\\/uploads\\\/2026\\\/03\\\/11495.webp\",\"contentUrl\":\"https:\\\/\\\/hutfactory.com\\\/wp-content\\\/uploads\\\/2026\\\/03\\\/11495.webp\",\"width\":750,\"height\":750,\"caption\":\"Gr\u00f6\u00dfen 54\u009661\"},{\"@type\":\"BreadcrumbList\",\"@id\":\"https:\\\/\\\/hutfactory.com\\\/?product=damen-strohhut-freiamt-widerin#breadcrumb\",\"itemListElement\":[{\"@type\":\"ListItem\",\"position\":1,\"name\":\"Start\",\"item\":\"https:\\\/\\\/hutfactory.com\\\/\"},{\"@type\":\"ListItem\",\"position\":2,\"name\":\"Shop\",\"item\":\"https:\\\/\\\/hutfactory.com\\\/?page_id=10\"},{\"@type\":\"ListItem\",\"position\":3,\"name\":\"Damen Strohhut &#8211; Freiamt Widerin\"}]},{\"@type\":\"WebSite\",\"@id\":\"https:\\\/\\\/hutfactory.com\\\/#website\",\"url\":\"https:\\\/\\\/hutfactory.com\\\/\",\"name\":\"Hut Factory\",\"description\":\"H\u00fcte, Kappen &amp; M\u00fctzen in Top Swiss\\\/EU Qualit\u00e4t\",\"publisher\":{\"@id\":\"https:\\\/\\\/hutfactory.com\\\/#organization\"},\"alternateName\":\"Hut Shop\",\"potentialAction\":[{\"@type\":\"SearchAction\",\"target\":{\"@type\":\"EntryPoint\",\"urlTemplate\":\"https:\\\/\\\/hutfactory.com\\\/?s={search_term_string}\"},\"query-input\":{\"@type\":\"PropertyValueSpecification\",\"valueRequired\":true,\"valueName\":\"search_term_string\"}}],\"inLanguage\":\"de\"},{\"@type\":\"Organization\",\"@id\":\"https:\\\/\\\/hutfactory.com\\\/#organization\",\"name\":\"Hut Factory\",\"url\":\"https:\\\/\\\/hutfactory.com\\\/\",\"logo\":{\"@type\":\"ImageObject\",\"inLanguage\":\"de\",\"@id\":\"https:\\\/\\\/hutfactory.com\\\/#\\\/schema\\\/logo\\\/image\\\/\",\"url\":\"https:\\\/\\\/hutfactory.com\\\/wp-content\\\/uploads\\\/2026\\\/01\\\/Logo-hut-factory-1.webp\",\"contentUrl\":\"https:\\\/\\\/hutfactory.com\\\/wp-content\\\/uploads\\\/2026\\\/01\\\/Logo-hut-factory-1.webp\",\"width\":300,\"height\":262,\"caption\":\"Hut Factory\"},\"image\":{\"@id\":\"https:\\\/\\\/hutfactory.com\\\/#\\\/schema\\\/logo\\\/image\\\/\"}}]}<\/script>\n<!-- \/ Yoast SEO Premium plugin. -->","yoast_head_json":{"title":"Damen Strohhut \"Widerin\" - Zeitlos und dennoch modern","description":"Handgefertigter Damenhut f\u00fcr den perfekten Sonnen-Look: Der Strohhut ist ein Must-Have f\u00fcr den Sommer, der sommerlicher UV Schutz mit Stil.","robots":{"index":"index","follow":"follow","max-snippet":"max-snippet:-1","max-image-preview":"max-image-preview:large","max-video-preview":"max-video-preview:-1"},"canonical":"https:\/\/hutfactory.com\/?product=damen-strohhut-freiamt-widerin","og_locale":"de_DE","og_type":"article","og_title":"Damen Strohhut - Freiamt Widerin","og_description":"Handgefertigter Damenhut f\u00fcr den perfekten Sonnen-Look: Der Strohhut ist ein Must-Have f\u00fcr den Sommer, der sommerlicher UV Schutz mit Stil.","og_url":"https:\/\/hutfactory.com\/?product=damen-strohhut-freiamt-widerin","og_site_name":"Hut Factory","article_modified_time":"2026-03-10T10:02:39+00:00","og_image":[{"width":750,"height":750,"url":"https:\/\/hutfactory.com\/wp-content\/uploads\/2026\/03\/11495.webp","type":"image\/webp"}],"twitter_card":"summary_large_image","twitter_misc":{"Gesch\u00e4tzte Lesezeit":"4\u00a0Minuten"},"schema":{"@context":"https:\/\/schema.org","@graph":[{"@type":"WebPage","@id":"https:\/\/hutfactory.com\/?product=damen-strohhut-freiamt-widerin","url":"https:\/\/hutfactory.com\/?product=damen-strohhut-freiamt-widerin","name":"Damen Strohhut \"Widerin\" - Zeitlos und dennoch modern","isPartOf":{"@id":"https:\/\/hutfactory.com\/#website"},"primaryImageOfPage":{"@id":"https:\/\/hutfactory.com\/?product=damen-strohhut-freiamt-widerin#primaryimage"},"image":{"@id":"https:\/\/hutfactory.com\/?product=damen-strohhut-freiamt-widerin#primaryimage"},"thumbnailUrl":"https:\/\/hutfactory.com\/wp-content\/uploads\/2026\/03\/11495.webp","datePublished":"2026-03-10T10:00:34+00:00","dateModified":"2026-03-10T10:02:39+00:00","description":"Handgefertigter Damenhut f\u00fcr den perfekten Sonnen-Look: Der Strohhut ist ein Must-Have f\u00fcr den Sommer, der sommerlicher UV Schutz mit Stil.","breadcrumb":{"@id":"https:\/\/hutfactory.com\/?product=damen-strohhut-freiamt-widerin#breadcrumb"},"inLanguage":"de","potentialAction":[{"@type":"ReadAction","target":["https:\/\/hutfactory.com\/?product=damen-strohhut-freiamt-widerin"]}]},{"@type":"ImageObject","inLanguage":"de","@id":"https:\/\/hutfactory.com\/?product=damen-strohhut-freiamt-widerin#primaryimage","url":"https:\/\/hutfactory.com\/wp-content\/uploads\/2026\/03\/11495.webp","contentUrl":"https:\/\/hutfactory.com\/wp-content\/uploads\/2026\/03\/11495.webp","width":750,"height":750,"caption":"Gr\u00f6\u00dfen 54\u009661"},{"@type":"BreadcrumbList","@id":"https:\/\/hutfactory.com\/?product=damen-strohhut-freiamt-widerin#breadcrumb","itemListElement":[{"@type":"ListItem","position":1,"name":"Start","item":"https:\/\/hutfactory.com\/"},{"@type":"ListItem","position":2,"name":"Shop","item":"https:\/\/hutfactory.com\/?page_id=10"},{"@type":"ListItem","position":3,"name":"Damen Strohhut &#8211; Freiamt Widerin"}]},{"@type":"WebSite","@id":"https:\/\/hutfactory.com\/#website","url":"https:\/\/hutfactory.com\/","name":"Hut Factory","description":"H\u00fcte, Kappen &amp; M\u00fctzen in Top Swiss\/EU Qualit\u00e4t","publisher":{"@id":"https:\/\/hutfactory.com\/#organization"},"alternateName":"Hut Shop","potentialAction":[{"@type":"SearchAction","target":{"@type":"EntryPoint","urlTemplate":"https:\/\/hutfactory.com\/?s={search_term_string}"},"query-input":{"@type":"PropertyValueSpecification","valueRequired":true,"valueName":"search_term_string"}}],"inLanguage":"de"},{"@type":"Organization","@id":"https:\/\/hutfactory.com\/#organization","name":"Hut Factory","url":"https:\/\/hutfactory.com\/","logo":{"@type":"ImageObject","inLanguage":"de","@id":"https:\/\/hutfactory.com\/#\/schema\/logo\/image\/","url":"https:\/\/hutfactory.com\/wp-content\/uploads\/2026\/01\/Logo-hut-factory-1.webp","contentUrl":"https:\/\/hutfactory.com\/wp-content\/uploads\/2026\/01\/Logo-hut-factory-1.webp","width":300,"height":262,"caption":"Hut Factory"},"image":{"@id":"https:\/\/hutfactory.com\/#\/schema\/logo\/image\/"}}]}},"_links":{"self":[{"href":"https:\/\/hutfactory.com\/index.php?rest_route=\/wp\/v2\/product\/15941","targetHints":{"allow":["GET"]}}],"collection":[{"href":"https:\/\/hutfactory.com\/index.php?rest_route=\/wp\/v2\/product"}],"about":[{"href":"https:\/\/hutfactory.com\/index.php?rest_route=\/wp\/v2\/types\/product"}],"wp:featuredmedia":[{"embeddable":true,"href":"https:\/\/hutfactory.com\/index.php?rest_route=\/wp\/v2\/media\/15942"}],"wp:attachment":[{"href":"https:\/\/hutfactory.com\/index.php?rest_route=%2Fwp%2Fv2%2Fmedia&parent=15941"}],"wp:term":[{"taxonomy":"product_brand","embeddable":true,"href":"https:\/\/hutfactory.com\/index.php?rest_route=%2Fwp%2Fv2%2Fproduct_brand&post=15941"},{"taxonomy":"product_cat","embeddable":true,"href":"https:\/\/hutfactory.com\/index.php?rest_route=%2Fwp%2Fv2%2Fproduct_cat&post=15941"},{"taxonomy":"product_tag","embeddable":true,"href":"https:\/\/hutfactory.com\/index.php?rest_route=%2Fwp%2Fv2%2Fproduct_tag&post=15941"}],"curies":[{"name":"wp","href":"https:\/\/api.w.org\/{rel}","templated":true}]}}