{"id":15828,"date":"2026-03-10T09:59:31","date_gmt":"2026-03-10T09:59:31","guid":{"rendered":"https:\/\/hutfactory.com\/?product=trilby-%c2%93waltenschwiler%c2%84-paglina-mit-garnitur-in-leder"},"modified":"2026-03-10T10:02:39","modified_gmt":"2026-03-10T10:02:39","slug":"trilby-%c2%93waltenschwiler%c2%84-paglina-mit-garnitur-in-leder","status":"publish","type":"product","link":"https:\/\/hutfactory.com\/?product=trilby-%c2%93waltenschwiler%c2%84-paglina-mit-garnitur-in-leder","title":{"rendered":"Trilby \u0093WALTENSCHWILER\u0084 Paglina mit Garnitur in Leder"},"content":{"rendered":"<div class=\"wpb-content-wrapper\"><p>[vc_row][vc_column][vc_column_text css=&#8221;&#8221;]Der Waltenschwiler Trilby ist ein handgefertigter Sommerhut aus 100% Paglina in der Farbe Kakao Batik mit einem braunen Lederhutband. Dieser Hut ist einzigartig und ein perfektes Accessoire f\u00fcr anspruchsvolle Damen und Herren von heute. In diesem Artikel erfahren Sie alles Wissenswerte \u00fcber den Waltenschwiler Trilby, seine Entstehungsgeschichte und warum er ein absolutes Must-have f\u00fcr Hutliebhaber ist.<\/p>\n<h3>Ein bisschen Geschichte<\/h3>\n<p>Know-how und Interesse an traditioneller Handarbeitskunst gepaart mit Leidenschaft f\u00fcr H\u00fcte f\u00fchrten zur Lancierung der Freiamt Strohhut Kollektion, bei der die Gemeinden aus Freiamt Pate standen. Denn um die Jahrhundertwende flechteten im Winter viele Bauernfamilien aus dem Freiamt Zulieferprodukte aus Stroh f\u00fcr die bekannten Manufakturen im Grossraum Wohlen, die weltweit als das Paris der H\u00fcte bekannt waren.<\/p>\n<p>Die Idee f\u00fcr den Waltenschwiler Trilby entstand aus der Tradition und dem Erbe der Freiamter Handwerkskunst. Mit viel Liebe zum Detail und handwerklichem K\u00f6nnen wird jeder Hut individuell gefertigt, um h\u00f6chste Qualit\u00e4t und Eleganz zu gew\u00e4hrleisten.<\/p>\n<h3>Materialien und Herstellung<\/h3>\n<p>Der Waltenschwiler Trilby wird aus 100% Paglina hergestellt, einem Material, das aus dem Stamm der brasilianischen Faserpalme gewonnen wird. Diese Faser ist leicht, atmungsaktiv und strapazierf\u00e4hig, wodurch sie sich perfekt f\u00fcr die Herstellung von Sommerh\u00fcten eignet.<\/p>\n<p>F\u00fcr die Herstellung des Waltenschwiler Trilby werden nur besonders auserlesene und kostbare Materialien verwendet. Jeder Hut wird in exakter und intensiver Handarbeit gefertigt und veredelt. Dabei entsteht jeder Hut mit Hingabe und Freude am Handwerk und zeugt vom feinen Gesp\u00fcr f\u00fcr Qualit\u00e4t, Design und Sch\u00f6nheit.<\/p>\n<h3>Design und Ausf\u00fchrung<\/h3>\n<p>Der Waltenschwiler Trilby ist ein zeitloser Hut mit einem modernen Twist. Das Design ist klassisch und doch modern, wodurch der Hut zu jedem Anlass und Outfit passt. Der Kakao Batik Farbton verleiht dem Hut eine elegante Note und das braune Lederhutband rundet das Design perfekt ab.<\/p>\n<p>Der Trilby hat eine eng anliegende Passform und eine schmale Krempe, die ihm ein schlankes und elegantes Aussehen verleiht. Der Hut ist leicht und \u00e4u\u00dferst angenehm zu tragen und bietet einen perfekten Schutz vor der Sonne.[\/vc_column_text][\/vc_column][\/vc_row]<\/p>\n<div class=\"hf-accordions\">\n<hr class=\"hf-accordion-separator\" \/>\n<details class=\"hf-accordion\">\n<summary><strong>\u25b6\ufe0f Gut zu wissen \u2013 mehr erfahren<\/strong><\/summary>\n<div class=\"hf-accordion-content\">\n<h3><strong>Wichtige Produktdetails<\/strong><\/h3>\n<h4><strong>Material &#038; Design<\/strong><\/h4>\n<ul>\n<li><strong>Material:<\/strong> 100% Paglina \u0096 leicht, langlebig und atmungsaktiv<\/li>\n<li><strong>Struktur:<\/strong> Fein geflochten f\u00fcr eine elegante und gleichm\u00e4\u00dfige Optik<\/li>\n<li><strong>Hutform:<\/strong> Klassischer Trilby mit hoher Krone und schmaler Krempe<\/li>\n<li class=\"line-height-200 cke-line-height\"><strong>Farbe:<\/strong> Kakao Batik<\/li>\n<li class=\"line-height-200 cke-line-height\"><strong>Randbreite:<\/strong> variieren je nach Hutgr\u00f6sse<\/li>\n<li class=\"line-height-200 cke-line-height\"><strong>Kopfh\u00f6he:<\/strong> variieren je nach Hutgr\u00f6sse<\/li>\n<li class=\"line-height-200 cke-line-height\"><strong>Hutband<\/strong> aus braunem Leder<\/li>\n<li><strong>Schwei\u00dfband:<\/strong> Hochwertiges, sauber eingen\u00e4htes Textilinnenband f\u00fcr optimalen Tragekomfort<\/li>\n<\/ul>\n<h4><strong>Handwerkskunst &#038; Exklusivit\u00e4t<\/strong><\/h4>\n<ul>\n<li><strong>Handgefertigt:<\/strong> Jeder Hut wird von erfahrenen Hutmacher:innen in pr\u00e4ziser Handarbeit hergestellt<\/li>\n<li><strong>Tradition &#038; Qualit\u00e4t:<\/strong> Gefertigt in der Risa Hutwerkstatt, bekannt f\u00fcr erstklassige Schweizer Hutmacherkunst<\/li>\n<li><strong>Limitierte Auflage:<\/strong> Jeder Hut wird auf Bestellung gefertigt, um h\u00f6chste Exklusivit\u00e4t zu gew\u00e4hrleisten<\/li>\n<\/ul>\n<h4><strong>Herstellung<\/strong><\/h4>\n<ul>\n<li><strong>Produktionsort:<\/strong> Schweiz, in der renommierten Risa Hutwerkstatt<\/li>\n<li><strong>Herstellungszeit:<\/strong> 10-15 Arbeitstage nach Zahlungseingang<\/li>\n<\/ul>\n<h4><strong>Lieferbedingungen<\/strong><\/h4>\n<ul>\n<li><strong>Versand:<\/strong> Innerhalb weniger Tage nach Fertigstellung ab Standort Schweiz<\/li>\n<li><strong>Garantie:<\/strong> Umtausch nur bei Material- oder Herstellungsfehlern<\/li>\n<li><strong>Verf\u00fcgbarkeit:<\/strong> Abverkauf des Rohmaterials vorbehalten<\/li>\n<\/ul>\n<\/div>\n<\/details>\n<details class=\"hf-accordion\">\n<summary><strong>\u25b6\ufe0f FAQ \u2013 H\u00e4ufige Fragen<\/strong><\/summary>\n<div class=\"hf-accordion-content\">\n<h2>FAQs<\/h2>\n<div class=\"group w-full text-gray-800 dark:text-gray-100 border-b border-black\/10 dark:border-gray-900\/50 bg-gray-50 dark:bg-[#444654]\">\n<div class=\"text-base gap-4 md:gap-6 md:max-w-2xl lg:max-w-xl xl:max-w-3xl p-4 md:py-6 flex lg:px-0 m-auto\">\n<div class=\"relative flex w-[calc(100%-50px)] flex-col gap-1 md:gap-3 lg:w-[calc(100%-115px)]\">\n<div class=\"flex flex-grow flex-col gap-3\">\n<div class=\"min-h-[20px] flex flex-col items-start gap-4 whitespace-pre-wrap\">\n<div class=\"markdown prose w-full break-words dark:prose-invert light\">\n<div class=\"group w-full text-gray-800 dark:text-gray-100 border-b border-black\/10 dark:border-gray-900\/50 bg-gray-50 dark:bg-[#444654] sm:AIPRM__conversation__response\">\n<div class=\"text-base gap-4 md:gap-6 md:max-w-2xl lg:max-w-xl xl:max-w-3xl p-4 md:py-6 flex lg:px-0 m-auto\">\n<div class=\"relative flex w-[calc(100%-50px)] flex-col gap-1 md:gap-3 lg:w-[calc(100%-115px)]\">\n<div class=\"flex flex-grow flex-col gap-3\">\n<div class=\"min-h-[20px] flex flex-col items-start gap-4 whitespace-pre-wrap\">\n<div class=\"markdown prose w-full break-words dark:prose-invert light AIPRM__conversation__response\">\n<h3>Was bedeutet der Begriff Trilby?<\/h3>\n<p>Der Begriff Trilby bezieht sich auf einen Hut mit einer schmalen Krempe und einem tiefen Kopfteil. Der Trilby ist ein zeitloser Hut, der zu vielen Anl\u00e4ssen und Outfits passt.<\/p>\n<h3>Was ist Paglina?<\/h3>\n<p>Paglina ist ein Material, das aus dem Stamm der brasilianischen Faserpalme gewonnen wird. Es ist leicht, atmungsaktiv und strapazierf\u00e4hig und eignet sich perfekt f\u00fcr die Herstellung von Sommerh\u00fcten.<\/p>\n<h3>Wie wird der Waltenschwiler Trilby hergestellt?<\/h3>\n<p>Der Waltenschwiler Trilby wird in intensiver Handarbeit gefertigt und veredelt. Dabei werden nur besonders auserlesene und kostbare Materialien verwendet, um h\u00f6chste Qualit\u00e4t und Eleganz zu gew\u00e4hrleisten.<\/p>\n<h3>Wie sollte ich den Waltenschwiler Trilby pflegen?<\/h3>\n<p>Um den Waltenschwiler Trilby in einwandfreiem Zustand zu halten, sollten Sie ihn vor Feuchtigkeit und Hitze sch\u00fctzen und von direktem Sonnenlicht fernhalten. Reinigen Sie den Hut mit einem weichen Tuch und entfernen Sie Staub und Schmutz vorsichtig.<\/p>\n<h3>Wo kann ich den Waltenschwiler Trilby kaufen?<\/h3>\n<p>Der Waltenschwiler Trilby ist ein handgefertigter Hut und kann online oder in ausgew\u00e4hlten Gesch\u00e4ften erworben werden. Besuchen Sie die Website der Freiamt Strohhut Kollektion, um weitere Informationen zu erhalten.<\/p>\n<\/div>\n<\/div>\n<\/div>\n<\/div>\n<\/div>\n<\/div>\n<div class=\"group w-full text-gray-800 dark:text-gray-100 border-b border-black\/10 dark:border-gray-900\/50 dark:bg-gray-800\">\n<div class=\"text-base gap-4 md:gap-6 md:max-w-2xl lg:max-w-xl xl:max-w-3xl p-4 md:py-6 flex lg:px-0 m-auto\">\n<div class=\"relative flex w-[calc(100%-50px)] flex-col gap-1 md:gap-3 lg:w-[calc(100%-115px)]\">\n<div class=\"flex flex-grow flex-col gap-3\">\n<h3 class=\"min-h-[20px] flex flex-col items-start gap-4 whitespace-pre-wrap\">Kann der Waltenschwiler Trilby von Damen und Herren getragen werden?<\/h3>\n<\/div>\n<\/div>\n<\/div>\n<\/div>\n<div class=\"group w-full text-gray-800 dark:text-gray-100 border-b border-black\/10 dark:border-gray-900\/50 bg-gray-50 dark:bg-[#444654] sm:AIPRM__conversation__response\">\n<div class=\"text-base gap-4 md:gap-6 md:max-w-2xl lg:max-w-xl xl:max-w-3xl p-4 md:py-6 flex lg:px-0 m-auto\">\n<div class=\"relative flex w-[calc(100%-50px)] flex-col gap-1 md:gap-3 lg:w-[calc(100%-115px)]\">\n<div class=\"flex flex-grow flex-col gap-3\">\n<div class=\"min-h-[20px] flex flex-col items-start gap-4 whitespace-pre-wrap\">\n<div class=\"markdown prose w-full break-words dark:prose-invert light AIPRM__conversation__response\">\n<p>Ja, der Waltenschwiler Trilby ist ein Unisex-Hut und kann von Damen und Herren getragen werden. Die Passform des Hutes ist eng anliegend und die schmale Krempe verleiht ihm ein schlankes und elegantes Aussehen.<\/p>\n<h3>Woher stammt die Freiamt Strohhut Kollektion?<\/h3>\n<p>Die Freiamt Strohhut Kollektion wurde von Handwerksk\u00fcnstlern aus dem Freiamt ins Leben gerufen, um das Erbe und die Tradition der Freiamter Handwerkskunst zu bewahren und zu feiern. Jeder Hut wird in exakter Handarbeit gefertigt und veredelt, um h\u00f6chste Qualit\u00e4t und Eleganz zu gew\u00e4hrleisten.<\/p>\n<h3>Was macht den Waltenschwiler Trilby einzigartig?<\/h3>\n<p>Der Waltenschwiler Trilby ist ein handgefertigter Sommerhut aus 100% Paglina, der dank seiner hochwertigen Materialien, seines eleganten Designs und seiner pr\u00e4zisen Herstellung einzigartig ist. Jeder Hut wird individuell gefertigt und veredelt, um h\u00f6chste Qualit\u00e4t und Eleganz zu gew\u00e4hrleisten.<\/p>\n<h3>Kann der Waltenschwiler Trilby in anderen Farben erh\u00e4ltlich sein?<\/h3>\n<p>Der Waltenschwiler Trilby ist in der Farbe Kakao Batik mit einem braunen Lederhutband erh\u00e4ltlich. Wenn Sie jedoch eine spezielle Anfrage haben, k\u00f6nnen Sie sich an uns wenden, um weitere Informationen zu erhalten.<\/p>\n<h3>Sind die H\u00fcte der Freiamt Strohhut Kollektion nur f\u00fcr den Sommer geeignet?<\/h3>\n<p>Die Freiamt Strohhut Kollektion bietet eine breite Palette von H\u00fcten f\u00fcr die warme Jahreszeit. Modelle f\u00fcr die k\u00e4ltere Jahreszeit finden Sie in unserer Winterkollektion.<\/p>\n<\/div>\n<\/div>\n<\/div>\n<\/div>\n<\/div>\n<\/div>\n<\/div>\n<\/div>\n<\/div>\n<\/div>\n<\/div>\n<\/div>\n<\/div>\n<\/details>\n<\/div>\n<\/div>","protected":false},"excerpt":{"rendered":"<h3><strong>Ein leichter Sommerhut aus feinem Paglina<\/strong><\/h3>\n<p>Der Waltenschwiler Trilby ist ein handgefertigter Sommerhut aus Paglina, der dank seiner hochwertigen Materialien, seines eleganten Designs und seiner pr\u00e4zisen Herstellung ein absolutes Must-have f\u00fcr Hutliebhaber ist. Dieser Hut bietet nicht nur Schutz vor der Sonne, sondern ist auch ein einzigartiges Accessoire, das Sie perfekt in Szene setzt.<\/p>\n","protected":false},"featured_media":15829,"template":"","meta":{"_acf_changed":false,"rs_blank_template":"","rs_page_bg_color":"","slide_template_v7":""},"product_brand":[250],"product_cat":[616,275,600],"product_tag":[],"class_list":{"0":"post-15828","1":"product","2":"type-product","3":"status-publish","4":"has-post-thumbnail","6":"product_brand-risa-hutwerkstatt-schweiz","7":"product_cat-freiamt-sommerhuete","8":"product_cat-sommerhuete","9":"product_cat-trilby-sommerhuete","10":"product_shipping_class-mittlere-pakete","11":"pa_color-kakao","12":"pa_groesse-206","13":"pa_groesse-196","14":"pa_groesse-207","15":"pa_groesse-197","16":"pa_groesse-208","17":"pa_groesse-198","18":"pa_groesse-209","19":"pa_groesse-199","20":"pa_groesse-210","21":"yith_product_brand-risa-hutwerkstatt-schweiz","24":"instock","25":"taxable","26":"shipping-taxable","27":"purchasable","28":"product-type-variable","29":"wvs-archive-product-wrapper","30":"add-to-wishlist-after_add_to_cart"},"acf":[],"yoast_head":"<!-- This site is optimized with the Yoast SEO Premium plugin v27.3 (Yoast SEO v27.3) - https:\/\/yoast.com\/product\/yoast-seo-premium-wordpress\/ -->\n<title>Trilby \u0093WALTENSCHWILER\u0084 Paglina mit Garnitur in Leder<\/title>\n<meta name=\"description\" content=\"Mit diesem Trilby Strohhut erhalten Sie nicht nur ein elegantes Accessoire, sondern auch ein St\u00fcck Handwerkskunst und Tradition aus dem Freiamt.\" \/>\n<meta name=\"robots\" content=\"index, follow, max-snippet:-1, max-image-preview:large, max-video-preview:-1\" \/>\n<link rel=\"canonical\" href=\"https:\/\/hutfactory.com\/?product=trilby-\u0093waltenschwiler\u0084-paglina-mit-garnitur-in-leder\" \/>\n<meta property=\"og:locale\" content=\"de_DE\" \/>\n<meta property=\"og:type\" content=\"article\" \/>\n<meta property=\"og:title\" content=\"Trilby \u0093WALTENSCHWILER\u0084 Paglina mit Garnitur in Leder\" \/>\n<meta property=\"og:description\" content=\"Mit diesem Trilby Strohhut erhalten Sie nicht nur ein elegantes Accessoire, sondern auch ein St\u00fcck Handwerkskunst und Tradition aus dem Freiamt.\" \/>\n<meta property=\"og:url\" content=\"https:\/\/hutfactory.com\/?product=trilby-\u0093waltenschwiler\u0084-paglina-mit-garnitur-in-leder\" \/>\n<meta property=\"og:site_name\" content=\"Hut Factory\" \/>\n<meta property=\"article:modified_time\" content=\"2026-03-10T10:02:39+00:00\" \/>\n<meta property=\"og:image\" content=\"https:\/\/hutfactory.com\/wp-content\/uploads\/2026\/03\/11132-e1398237832267.jpg\" \/>\n\t<meta property=\"og:image:width\" content=\"1000\" \/>\n\t<meta property=\"og:image:height\" content=\"698\" \/>\n\t<meta property=\"og:image:type\" content=\"image\/jpeg\" \/>\n<meta name=\"twitter:card\" content=\"summary_large_image\" \/>\n<meta name=\"twitter:label1\" content=\"Gesch\u00e4tzte Lesezeit\" \/>\n\t<meta name=\"twitter:data1\" content=\"5\u00a0Minuten\" \/>\n<script type=\"application\/ld+json\" class=\"yoast-schema-graph\">{\"@context\":\"https:\\\/\\\/schema.org\",\"@graph\":[{\"@type\":\"WebPage\",\"@id\":\"https:\\\/\\\/hutfactory.com\\\/?product=trilby-%c2%93waltenschwiler%c2%84-paglina-mit-garnitur-in-leder\",\"url\":\"https:\\\/\\\/hutfactory.com\\\/?product=trilby-%c2%93waltenschwiler%c2%84-paglina-mit-garnitur-in-leder\",\"name\":\"Trilby \u0093WALTENSCHWILER\u0084 Paglina mit Garnitur in Leder\",\"isPartOf\":{\"@id\":\"https:\\\/\\\/hutfactory.com\\\/#website\"},\"primaryImageOfPage\":{\"@id\":\"https:\\\/\\\/hutfactory.com\\\/?product=trilby-%c2%93waltenschwiler%c2%84-paglina-mit-garnitur-in-leder#primaryimage\"},\"image\":{\"@id\":\"https:\\\/\\\/hutfactory.com\\\/?product=trilby-%c2%93waltenschwiler%c2%84-paglina-mit-garnitur-in-leder#primaryimage\"},\"thumbnailUrl\":\"https:\\\/\\\/hutfactory.com\\\/wp-content\\\/uploads\\\/2026\\\/03\\\/11132-e1398237832267.jpg\",\"datePublished\":\"2026-03-10T09:59:31+00:00\",\"dateModified\":\"2026-03-10T10:02:39+00:00\",\"description\":\"Mit diesem Trilby Strohhut erhalten Sie nicht nur ein elegantes Accessoire, sondern auch ein St\u00fcck Handwerkskunst und Tradition aus dem Freiamt.\",\"breadcrumb\":{\"@id\":\"https:\\\/\\\/hutfactory.com\\\/?product=trilby-%c2%93waltenschwiler%c2%84-paglina-mit-garnitur-in-leder#breadcrumb\"},\"inLanguage\":\"de\",\"potentialAction\":[{\"@type\":\"ReadAction\",\"target\":[\"https:\\\/\\\/hutfactory.com\\\/?product=trilby-%c2%93waltenschwiler%c2%84-paglina-mit-garnitur-in-leder\"]}]},{\"@type\":\"ImageObject\",\"inLanguage\":\"de\",\"@id\":\"https:\\\/\\\/hutfactory.com\\\/?product=trilby-%c2%93waltenschwiler%c2%84-paglina-mit-garnitur-in-leder#primaryimage\",\"url\":\"https:\\\/\\\/hutfactory.com\\\/wp-content\\\/uploads\\\/2026\\\/03\\\/11132-e1398237832267.jpg\",\"contentUrl\":\"https:\\\/\\\/hutfactory.com\\\/wp-content\\\/uploads\\\/2026\\\/03\\\/11132-e1398237832267.jpg\",\"width\":1000,\"height\":698,\"caption\":\"|\"},{\"@type\":\"BreadcrumbList\",\"@id\":\"https:\\\/\\\/hutfactory.com\\\/?product=trilby-%c2%93waltenschwiler%c2%84-paglina-mit-garnitur-in-leder#breadcrumb\",\"itemListElement\":[{\"@type\":\"ListItem\",\"position\":1,\"name\":\"Start\",\"item\":\"https:\\\/\\\/hutfactory.com\\\/\"},{\"@type\":\"ListItem\",\"position\":2,\"name\":\"Shop\",\"item\":\"https:\\\/\\\/hutfactory.com\\\/?page_id=10\"},{\"@type\":\"ListItem\",\"position\":3,\"name\":\"Trilby \u0093WALTENSCHWILER\u0084 Paglina mit Garnitur in Leder\"}]},{\"@type\":\"WebSite\",\"@id\":\"https:\\\/\\\/hutfactory.com\\\/#website\",\"url\":\"https:\\\/\\\/hutfactory.com\\\/\",\"name\":\"Hut Factory\",\"description\":\"H\u00fcte, Kappen &amp; M\u00fctzen in Top Swiss\\\/EU Qualit\u00e4t\",\"publisher\":{\"@id\":\"https:\\\/\\\/hutfactory.com\\\/#organization\"},\"alternateName\":\"Hut Shop\",\"potentialAction\":[{\"@type\":\"SearchAction\",\"target\":{\"@type\":\"EntryPoint\",\"urlTemplate\":\"https:\\\/\\\/hutfactory.com\\\/?s={search_term_string}\"},\"query-input\":{\"@type\":\"PropertyValueSpecification\",\"valueRequired\":true,\"valueName\":\"search_term_string\"}}],\"inLanguage\":\"de\"},{\"@type\":\"Organization\",\"@id\":\"https:\\\/\\\/hutfactory.com\\\/#organization\",\"name\":\"Hut Factory\",\"url\":\"https:\\\/\\\/hutfactory.com\\\/\",\"logo\":{\"@type\":\"ImageObject\",\"inLanguage\":\"de\",\"@id\":\"https:\\\/\\\/hutfactory.com\\\/#\\\/schema\\\/logo\\\/image\\\/\",\"url\":\"https:\\\/\\\/hutfactory.com\\\/wp-content\\\/uploads\\\/2026\\\/01\\\/Logo-hut-factory-1.webp\",\"contentUrl\":\"https:\\\/\\\/hutfactory.com\\\/wp-content\\\/uploads\\\/2026\\\/01\\\/Logo-hut-factory-1.webp\",\"width\":300,\"height\":262,\"caption\":\"Hut Factory\"},\"image\":{\"@id\":\"https:\\\/\\\/hutfactory.com\\\/#\\\/schema\\\/logo\\\/image\\\/\"}}]}<\/script>\n<!-- \/ Yoast SEO Premium plugin. -->","yoast_head_json":{"title":"Trilby \u0093WALTENSCHWILER\u0084 Paglina mit Garnitur in Leder","description":"Mit diesem Trilby Strohhut erhalten Sie nicht nur ein elegantes Accessoire, sondern auch ein St\u00fcck Handwerkskunst und Tradition aus dem Freiamt.","robots":{"index":"index","follow":"follow","max-snippet":"max-snippet:-1","max-image-preview":"max-image-preview:large","max-video-preview":"max-video-preview:-1"},"canonical":"https:\/\/hutfactory.com\/?product=trilby-\u0093waltenschwiler\u0084-paglina-mit-garnitur-in-leder","og_locale":"de_DE","og_type":"article","og_title":"Trilby \u0093WALTENSCHWILER\u0084 Paglina mit Garnitur in Leder","og_description":"Mit diesem Trilby Strohhut erhalten Sie nicht nur ein elegantes Accessoire, sondern auch ein St\u00fcck Handwerkskunst und Tradition aus dem Freiamt.","og_url":"https:\/\/hutfactory.com\/?product=trilby-\u0093waltenschwiler\u0084-paglina-mit-garnitur-in-leder","og_site_name":"Hut Factory","article_modified_time":"2026-03-10T10:02:39+00:00","og_image":[{"width":1000,"height":698,"url":"https:\/\/hutfactory.com\/wp-content\/uploads\/2026\/03\/11132-e1398237832267.jpg","type":"image\/jpeg"}],"twitter_card":"summary_large_image","twitter_misc":{"Gesch\u00e4tzte Lesezeit":"5\u00a0Minuten"},"schema":{"@context":"https:\/\/schema.org","@graph":[{"@type":"WebPage","@id":"https:\/\/hutfactory.com\/?product=trilby-%c2%93waltenschwiler%c2%84-paglina-mit-garnitur-in-leder","url":"https:\/\/hutfactory.com\/?product=trilby-%c2%93waltenschwiler%c2%84-paglina-mit-garnitur-in-leder","name":"Trilby \u0093WALTENSCHWILER\u0084 Paglina mit Garnitur in Leder","isPartOf":{"@id":"https:\/\/hutfactory.com\/#website"},"primaryImageOfPage":{"@id":"https:\/\/hutfactory.com\/?product=trilby-%c2%93waltenschwiler%c2%84-paglina-mit-garnitur-in-leder#primaryimage"},"image":{"@id":"https:\/\/hutfactory.com\/?product=trilby-%c2%93waltenschwiler%c2%84-paglina-mit-garnitur-in-leder#primaryimage"},"thumbnailUrl":"https:\/\/hutfactory.com\/wp-content\/uploads\/2026\/03\/11132-e1398237832267.jpg","datePublished":"2026-03-10T09:59:31+00:00","dateModified":"2026-03-10T10:02:39+00:00","description":"Mit diesem Trilby Strohhut erhalten Sie nicht nur ein elegantes Accessoire, sondern auch ein St\u00fcck Handwerkskunst und Tradition aus dem Freiamt.","breadcrumb":{"@id":"https:\/\/hutfactory.com\/?product=trilby-%c2%93waltenschwiler%c2%84-paglina-mit-garnitur-in-leder#breadcrumb"},"inLanguage":"de","potentialAction":[{"@type":"ReadAction","target":["https:\/\/hutfactory.com\/?product=trilby-%c2%93waltenschwiler%c2%84-paglina-mit-garnitur-in-leder"]}]},{"@type":"ImageObject","inLanguage":"de","@id":"https:\/\/hutfactory.com\/?product=trilby-%c2%93waltenschwiler%c2%84-paglina-mit-garnitur-in-leder#primaryimage","url":"https:\/\/hutfactory.com\/wp-content\/uploads\/2026\/03\/11132-e1398237832267.jpg","contentUrl":"https:\/\/hutfactory.com\/wp-content\/uploads\/2026\/03\/11132-e1398237832267.jpg","width":1000,"height":698,"caption":"|"},{"@type":"BreadcrumbList","@id":"https:\/\/hutfactory.com\/?product=trilby-%c2%93waltenschwiler%c2%84-paglina-mit-garnitur-in-leder#breadcrumb","itemListElement":[{"@type":"ListItem","position":1,"name":"Start","item":"https:\/\/hutfactory.com\/"},{"@type":"ListItem","position":2,"name":"Shop","item":"https:\/\/hutfactory.com\/?page_id=10"},{"@type":"ListItem","position":3,"name":"Trilby \u0093WALTENSCHWILER\u0084 Paglina mit Garnitur in Leder"}]},{"@type":"WebSite","@id":"https:\/\/hutfactory.com\/#website","url":"https:\/\/hutfactory.com\/","name":"Hut Factory","description":"H\u00fcte, Kappen &amp; M\u00fctzen in Top Swiss\/EU Qualit\u00e4t","publisher":{"@id":"https:\/\/hutfactory.com\/#organization"},"alternateName":"Hut Shop","potentialAction":[{"@type":"SearchAction","target":{"@type":"EntryPoint","urlTemplate":"https:\/\/hutfactory.com\/?s={search_term_string}"},"query-input":{"@type":"PropertyValueSpecification","valueRequired":true,"valueName":"search_term_string"}}],"inLanguage":"de"},{"@type":"Organization","@id":"https:\/\/hutfactory.com\/#organization","name":"Hut Factory","url":"https:\/\/hutfactory.com\/","logo":{"@type":"ImageObject","inLanguage":"de","@id":"https:\/\/hutfactory.com\/#\/schema\/logo\/image\/","url":"https:\/\/hutfactory.com\/wp-content\/uploads\/2026\/01\/Logo-hut-factory-1.webp","contentUrl":"https:\/\/hutfactory.com\/wp-content\/uploads\/2026\/01\/Logo-hut-factory-1.webp","width":300,"height":262,"caption":"Hut Factory"},"image":{"@id":"https:\/\/hutfactory.com\/#\/schema\/logo\/image\/"}}]}},"_links":{"self":[{"href":"https:\/\/hutfactory.com\/index.php?rest_route=\/wp\/v2\/product\/15828","targetHints":{"allow":["GET"]}}],"collection":[{"href":"https:\/\/hutfactory.com\/index.php?rest_route=\/wp\/v2\/product"}],"about":[{"href":"https:\/\/hutfactory.com\/index.php?rest_route=\/wp\/v2\/types\/product"}],"wp:featuredmedia":[{"embeddable":true,"href":"https:\/\/hutfactory.com\/index.php?rest_route=\/wp\/v2\/media\/15829"}],"wp:attachment":[{"href":"https:\/\/hutfactory.com\/index.php?rest_route=%2Fwp%2Fv2%2Fmedia&parent=15828"}],"wp:term":[{"taxonomy":"product_brand","embeddable":true,"href":"https:\/\/hutfactory.com\/index.php?rest_route=%2Fwp%2Fv2%2Fproduct_brand&post=15828"},{"taxonomy":"product_cat","embeddable":true,"href":"https:\/\/hutfactory.com\/index.php?rest_route=%2Fwp%2Fv2%2Fproduct_cat&post=15828"},{"taxonomy":"product_tag","embeddable":true,"href":"https:\/\/hutfactory.com\/index.php?rest_route=%2Fwp%2Fv2%2Fproduct_tag&post=15828"}],"curies":[{"name":"wp","href":"https:\/\/api.w.org\/{rel}","templated":true}]}}