{"id":15814,"date":"2026-03-10T09:59:31","date_gmt":"2026-03-10T09:59:31","guid":{"rendered":"https:\/\/hutfactory.com\/?product=panama-strohhut-trilby-freiamt-bremgarter"},"modified":"2026-03-10T10:02:38","modified_gmt":"2026-03-10T10:02:38","slug":"panama-strohhut-trilby-freiamt-bremgarter","status":"publish","type":"product","link":"https:\/\/hutfactory.com\/?product=panama-strohhut-trilby-freiamt-bremgarter","title":{"rendered":"Panama\/Strohhut Trilby &#8220;Freiamt Bremgarter&#8221;"},"content":{"rendered":"<div class=\"wpb-content-wrapper\"><p>[vc_row][vc_column][vc_column_text css=&#8221;&#8221;]Der Strohhut Trilby \u0093BREMGARTEN\u0084 aus der Freiamt Strohhut Kollektion ist ein modischer Begleiter f\u00fcr die trendbewusste Dame und den Herrn. Die einzigartige Kombination aus Weizenstroh und Panama macht den Hut zu einem echten Hingucker. Die harmonische Einheit aus der naturfarbenen Hutkrone und der kaffeebraunen Hutkrempe wird von einer antikbraunen Hutgarnitur abgerundet und verleiht dem Hut einen besonderen Charme.<\/p>\n<h3>Die Freiamt Strohhut Kollektion<\/h3>\n<p>Die Freiamt Strohhut Kollektion steht f\u00fcr traditionelle Handarbeitskunst, gepaart mit Leidenschaft f\u00fcr H\u00fcte. Die Freiamter Gemeinden stehen dabei Pate und geben dieser Kollektion ihren unverkennbaren Charme. Jeder Hut aus dieser Kollektion ist ein Unikat, gefertigt aus sorgf\u00e4ltig ausgew\u00e4hlten Materialien und mit viel Liebe zum Detail in exakter Handarbeit veredelt. Jeder Hut spiegelt das feine Gesp\u00fcr f\u00fcr Qualit\u00e4t, Design und Sch\u00f6nheit wider.<\/p>\n<h3>Handwerkliche Kunst und zeitloses Design<\/h3>\n<p>Die Herstellung des Strohhuts Trilby \u0093BREMGARTEN\u0084 aus der Freiamt Strohhut Kollektion ist ein langwieriger Prozess, der mehrere Stunden in Anspruch nimmt. Angefangen bei der Auswahl und dem Zuschnitt der Materialien bis hin zur abschlie\u00dfenden Verarbeitung, wird jeder Schritt von erfahrenen Handwerkern mit viel Liebe zum Detail ausgef\u00fchrt. Das Ergebnis ist ein handgefertigtes Meisterwerk, das nicht nur durch seine Qualit\u00e4t, sondern auch durch sein zeitloses Design \u00fcberzeugt.<\/p>\n<h3>Pflege und Aufbewahrung des Trilbys<\/h3>\n<p>Damit der Strohhut Trilby \u0093BREMGARTEN\u0084 aus der Freiamt Strohhut Kollektion lange Zeit seine Eleganz bewahrt, bedarf es einiger Pflege und Aufmerksamkeit. Nach jedem Gebrauch sollten Sie den Hut von Staub und Schmutz befreien und ihn an einem trocken und k\u00fchlen Ort aufbewahren. Bei Bedarf k\u00f6nnen Sie den Trilby mit einer weichen B\u00fcrste oder einem feuchten Tuch reinigen. Vermeiden Sie jedoch den Kontakt mit Wasser, da dies das Material besch\u00e4digen kann.[\/vc_column_text][\/vc_column][\/vc_row]<\/p>\n<div class=\"hf-accordions\">\n<hr class=\"hf-accordion-separator\" \/>\n<details class=\"hf-accordion\">\n<summary><strong>\u25b6\ufe0f Gut zu wissen \u2013 mehr erfahren<\/strong><\/summary>\n<div class=\"hf-accordion-content\">\n<h3><strong>Wichtige Produktdetails<\/strong><\/h3>\n<h4><strong>Material &#038; Design<\/strong><\/h4>\n<ul>\n<li><strong>Material:<\/strong>\u00a050% Stroh \/ 50% Panama<\/li>\n<li><strong>Randbreite:\u00a0<\/strong>5.0 cm<\/li>\n<li><strong>Kopfh\u00f6he:\u00a0<\/strong>11.5 cm<\/li>\n<li><strong>Farboptionen:<\/strong>\u00a01. Kopf Nature\/ Rand Schwarz<\/li>\n<li><strong>Garnitur:<\/strong>\u00a0breites Rebsband mit Traverse gerade<\/li>\n<li><strong>Gr\u00f6\u00dfen:<\/strong>\u00a054-61<\/li>\n<li><strong>Schwei\u00dfband:<\/strong> Hochwertiges, sauber eingen\u00e4htes Textilinnenband f\u00fcr optimalen Tragekomfort<\/li>\n<\/ul>\n<h4><strong>Handwerkskunst &#038; Exklusivit\u00e4t<\/strong><\/h4>\n<ul>\n<li><strong>Handgefertigt:<\/strong> Jeder Hut wird von erfahrenen Hutmacher:innen in pr\u00e4ziser Handarbeit hergestellt<\/li>\n<li><strong>Tradition &#038; Qualit\u00e4t:<\/strong> Gefertigt in der Risa Hutwerkstatt, bekannt f\u00fcr erstklassige Schweizer Hutmacherkunst<\/li>\n<li><strong>Limitierte Auflage:<\/strong> Jeder Hut wird auf Bestellung gefertigt, um h\u00f6chste Exklusivit\u00e4t zu gew\u00e4hrleisten<\/li>\n<\/ul>\n<h4><strong>Herstellung<\/strong><\/h4>\n<ul>\n<li><strong>Produktionsort:<\/strong> Schweiz, in der renommierten Risa Hutwerkstatt<\/li>\n<li><strong>Herstellungszeit:<\/strong> 10-15 Arbeitstage nach Zahlungseingang<\/li>\n<\/ul>\n<h4><strong>Lieferbedingungen<\/strong><\/h4>\n<ul>\n<li><strong>Versand:<\/strong> Innerhalb weniger Tage nach Fertigstellung ab Standort Schweiz<\/li>\n<li><strong>Garantie:<\/strong> Umtausch nur bei Material- oder Herstellungsfehlern<\/li>\n<li><strong>Verf\u00fcgbarkeit:<\/strong> Abverkauf des Rohmaterials vorbehalten<\/li>\n<\/ul>\n<\/div>\n<\/details>\n<details class=\"hf-accordion\">\n<summary><strong>\u25b6\ufe0f FAQ \u2013 H\u00e4ufige Fragen<\/strong><\/summary>\n<div class=\"hf-accordion-content\">\n<h2>FAQs<\/h2>\n<div class=\"group w-full text-gray-800 dark:text-gray-100 border-b border-black\/10 dark:border-gray-900\/50 bg-gray-50 dark:bg-[#444654]\">\n<div class=\"text-base gap-4 md:gap-6 md:max-w-2xl lg:max-w-xl xl:max-w-3xl p-4 md:py-6 flex lg:px-0 m-auto\">\n<div class=\"relative flex w-[calc(100%-50px)] flex-col gap-1 md:gap-3 lg:w-[calc(100%-115px)]\">\n<div class=\"flex flex-grow flex-col gap-3\">\n<div class=\"min-h-[20px] flex flex-col items-start gap-4 whitespace-pre-wrap\">\n<div class=\"markdown prose w-full break-words dark:prose-invert light\"><\/div>\n<\/div>\n<\/div>\n<\/div>\n<\/div>\n<\/div>\n<div class=\"group w-full text-gray-800 dark:text-gray-100 border-b border-black\/10 dark:border-gray-900\/50 bg-gray-50 dark:bg-[#444654]\">\n<div class=\"text-base gap-4 md:gap-6 md:max-w-2xl lg:max-w-xl xl:max-w-3xl p-4 md:py-6 flex lg:px-0 m-auto\">\n<div class=\"relative flex w-[calc(100%-50px)] flex-col gap-1 md:gap-3 lg:w-[calc(100%-115px)]\">\n<div class=\"flex flex-grow flex-col gap-3\">\n<div class=\"min-h-[20px] flex flex-col items-start gap-4 whitespace-pre-wrap\">\n<div class=\"markdown prose w-full break-words dark:prose-invert light\">\n<div class=\"group w-full text-gray-800 dark:text-gray-100 border-b border-black\/10 dark:border-gray-900\/50 bg-gray-50 dark:bg-[#444654] sm:AIPRM__conversation__response\">\n<div class=\"text-base gap-4 md:gap-6 md:max-w-2xl lg:max-w-xl xl:max-w-3xl p-4 md:py-6 flex lg:px-0 m-auto\">\n<div class=\"relative flex w-[calc(100%-50px)] flex-col gap-1 md:gap-3 lg:w-[calc(100%-115px)]\">\n<div class=\"flex flex-grow flex-col gap-3\">\n<div class=\"min-h-[20px] flex flex-col items-start gap-4 whitespace-pre-wrap\">\n<div class=\"markdown prose w-full break-words dark:prose-invert light AIPRM__conversation__response\">\n<h3>Wie kann ich den Strohhut Trilby \u0093BREMGARTEN\u0084 aus der Freiamt Strohhut Kollektion bestellen?<\/h3>\n<p>Den Strohhut Trilby \u0093BREMGARTEN\u0084 aus der Freiamt Strohhut Kollektion k\u00f6nnen Sie direkt beim Hersteller oder in ausgew\u00e4hlten Gesch\u00e4ften erwerben.<\/p>\n<\/div>\n<\/div>\n<\/div>\n<\/div>\n<\/div>\n<\/div>\n<div class=\"group w-full text-gray-800 dark:text-gray-100 border-b border-black\/10 dark:border-gray-900\/50 bg-gray-50 dark:bg-[#444654] sm:AIPRM__conversation__response\">\n<div class=\"text-base gap-4 md:gap-6 md:max-w-2xl lg:max-w-xl xl:max-w-3xl p-4 md:py-6 flex lg:px-0 m-auto\">\n<div class=\"relative flex w-[calc(100%-50px)] flex-col gap-1 md:gap-3 lg:w-[calc(100%-115px)]\">\n<div class=\"flex flex-grow flex-col gap-3\">\n<div class=\"min-h-[20px] flex flex-col items-start gap-4 whitespace-pre-wrap\">\n<div class=\"markdown prose w-full break-words dark:prose-invert light AIPRM__conversation__response\">\n<h3>Wie messe ich meine Hutgr\u00f6\u00dfe?<\/h3>\n<p>Die Hutgr\u00f6\u00dfe wird am besten mit einem Ma\u00dfband gemessen. Legen Sie das Ma\u00dfband etwa einen Zentimeter \u00fcber den Augenbrauen an und messen Sie den Kopfumfang an der breitesten Stelle des Kopfes.<\/p>\n<h3>Kann der Strohhut Trilby \u0093BREMGARTEN\u0084 aus der Freiamt Strohhut Kollektion in der Waschmaschine gewaschen werden?<\/h3>\n<p>Nein, der Hut sollte nicht in der Waschmaschine gewaschen werden. Stattdessen empfiehlt sich eine Reinigung mit einer weichen B\u00fcrste oder einem feuchten Tuch.<\/p>\n<h3>Sind die H\u00fcte der Freiamt Strohhut Kollektion nur f\u00fcr den Sommer geeignet?<\/h3>\n<p>Nein, die H\u00fcte der Freiamt Strohhut Kollektion eignen sich auch f\u00fcr den \u00dcbergang oder mildere Tage im Herbst oder Fr\u00fchling.<\/p>\n<h3>Kann ich den Trilby aus der Freiamt Strohhut Kollektion selbst formen?<\/h3>\n<p>Ja, Sie k\u00f6nnen den Trilby aus der Freiamt Strohhut Kollektion selbst formen. Hierf\u00fcr k\u00f6nnen Sie den Hut mit einem Dampfbad in Form bringen und anschlie\u00dfend trocknen lassen.<\/p>\n<\/div>\n<\/div>\n<\/div>\n<\/div>\n<\/div>\n<\/div>\n<\/div>\n<\/div>\n<\/div>\n<\/div>\n<\/div>\n<\/div>\n<\/div>\n<\/details>\n<\/div>\n<\/div>","protected":false},"excerpt":{"rendered":"<h3><strong>Ein echter Hingucker<\/strong><\/h3>\n<p>Sommerhut Trilby aus feinstem Weizenstroh und Panamastroh in der Farbe Natur\/Schwarz mit Hutband aus Rebs mit gerader Traverse. Insgesamt ist der Strohhut Trilby \u0093BREMGARTEN\u0084 aus der Freiamt Strohhut Kollektion ein echter Hingucker, der durch seine einzigartige Kombination aus Weizenstroh und Panama sowie sein zeitloses Design \u00fcberzeugt.<\/p>\n","protected":false},"featured_media":15815,"template":"","meta":{"_acf_changed":false,"rs_blank_template":"","rs_page_bg_color":"","slide_template_v7":""},"product_brand":[250],"product_cat":[616,507,275,600],"product_tag":[],"class_list":{"0":"post-15814","1":"product","2":"type-product","3":"status-publish","4":"has-post-thumbnail","6":"product_brand-risa-hutwerkstatt-schweiz","7":"product_cat-freiamt-sommerhuete","8":"product_cat-panama-sommerhuete","9":"product_cat-sommerhuete","10":"product_cat-trilby-sommerhuete","11":"product_shipping_class-mittlere-pakete","12":"pa_color-natur-schwarz","13":"pa_groesse-206","14":"pa_groesse-196","15":"pa_groesse-207","16":"pa_groesse-197","17":"pa_groesse-208","18":"pa_groesse-198","19":"pa_groesse-209","20":"pa_groesse-199","21":"pa_groesse-210","22":"yith_product_brand-risa-hutwerkstatt-schweiz","25":"instock","26":"taxable","27":"shipping-taxable","28":"purchasable","29":"product-type-variable","30":"wvs-archive-product-wrapper","31":"add-to-wishlist-after_add_to_cart"},"acf":[],"yoast_head":"<!-- This site is optimized with the Yoast SEO Premium plugin v27.3 (Yoast SEO v27.3) - https:\/\/yoast.com\/product\/yoast-seo-premium-wordpress\/ -->\n<title>Strohhut Trilby Bremgarten aus Panama- und Weizenstroh<\/title>\n<meta name=\"description\" content=\"Insgesamt ist der Strohhut ein echter Hingucker, der durch seine einzigartige Kombination aus Panama\/Weizenstroh sowie sein zeitloses Design \u00fcberzeugt.\" \/>\n<meta name=\"robots\" content=\"index, follow, max-snippet:-1, max-image-preview:large, max-video-preview:-1\" \/>\n<link rel=\"canonical\" href=\"https:\/\/hutfactory.com\/?product=panama-strohhut-trilby-freiamt-bremgarter\" \/>\n<meta property=\"og:locale\" content=\"de_DE\" \/>\n<meta property=\"og:type\" content=\"article\" \/>\n<meta property=\"og:title\" content=\"Panama\/Strohhut Trilby &quot;Freiamt Bremgarter&quot;\" \/>\n<meta property=\"og:description\" content=\"Insgesamt ist der Strohhut ein echter Hingucker, der durch seine einzigartige Kombination aus Panama\/Weizenstroh sowie sein zeitloses Design \u00fcberzeugt.\" \/>\n<meta property=\"og:url\" content=\"https:\/\/hutfactory.com\/?product=panama-strohhut-trilby-freiamt-bremgarter\" \/>\n<meta property=\"og:site_name\" content=\"Hut Factory\" \/>\n<meta property=\"article:modified_time\" content=\"2026-03-10T10:02:38+00:00\" \/>\n<meta property=\"og:image\" content=\"https:\/\/hutfactory.com\/wp-content\/uploads\/2026\/03\/11112-e1398239122603.webp\" \/>\n\t<meta property=\"og:image:width\" content=\"750\" \/>\n\t<meta property=\"og:image:height\" content=\"750\" \/>\n\t<meta property=\"og:image:type\" content=\"image\/webp\" \/>\n<meta name=\"twitter:card\" content=\"summary_large_image\" \/>\n<meta name=\"twitter:label1\" content=\"Gesch\u00e4tzte Lesezeit\" \/>\n\t<meta name=\"twitter:data1\" content=\"3\u00a0Minuten\" \/>\n<script type=\"application\/ld+json\" class=\"yoast-schema-graph\">{\"@context\":\"https:\\\/\\\/schema.org\",\"@graph\":[{\"@type\":\"WebPage\",\"@id\":\"https:\\\/\\\/hutfactory.com\\\/?product=panama-strohhut-trilby-freiamt-bremgarter\",\"url\":\"https:\\\/\\\/hutfactory.com\\\/?product=panama-strohhut-trilby-freiamt-bremgarter\",\"name\":\"Strohhut Trilby Bremgarten aus Panama- und Weizenstroh\",\"isPartOf\":{\"@id\":\"https:\\\/\\\/hutfactory.com\\\/#website\"},\"primaryImageOfPage\":{\"@id\":\"https:\\\/\\\/hutfactory.com\\\/?product=panama-strohhut-trilby-freiamt-bremgarter#primaryimage\"},\"image\":{\"@id\":\"https:\\\/\\\/hutfactory.com\\\/?product=panama-strohhut-trilby-freiamt-bremgarter#primaryimage\"},\"thumbnailUrl\":\"https:\\\/\\\/hutfactory.com\\\/wp-content\\\/uploads\\\/2026\\\/03\\\/11112-e1398239122603.webp\",\"datePublished\":\"2026-03-10T09:59:31+00:00\",\"dateModified\":\"2026-03-10T10:02:38+00:00\",\"description\":\"Insgesamt ist der Strohhut ein echter Hingucker, der durch seine einzigartige Kombination aus Panama\\\/Weizenstroh sowie sein zeitloses Design \u00fcberzeugt.\",\"breadcrumb\":{\"@id\":\"https:\\\/\\\/hutfactory.com\\\/?product=panama-strohhut-trilby-freiamt-bremgarter#breadcrumb\"},\"inLanguage\":\"de\",\"potentialAction\":[{\"@type\":\"ReadAction\",\"target\":[\"https:\\\/\\\/hutfactory.com\\\/?product=panama-strohhut-trilby-freiamt-bremgarter\"]}]},{\"@type\":\"ImageObject\",\"inLanguage\":\"de\",\"@id\":\"https:\\\/\\\/hutfactory.com\\\/?product=panama-strohhut-trilby-freiamt-bremgarter#primaryimage\",\"url\":\"https:\\\/\\\/hutfactory.com\\\/wp-content\\\/uploads\\\/2026\\\/03\\\/11112-e1398239122603.webp\",\"contentUrl\":\"https:\\\/\\\/hutfactory.com\\\/wp-content\\\/uploads\\\/2026\\\/03\\\/11112-e1398239122603.webp\",\"width\":750,\"height\":750,\"caption\":\"|\"},{\"@type\":\"BreadcrumbList\",\"@id\":\"https:\\\/\\\/hutfactory.com\\\/?product=panama-strohhut-trilby-freiamt-bremgarter#breadcrumb\",\"itemListElement\":[{\"@type\":\"ListItem\",\"position\":1,\"name\":\"Start\",\"item\":\"https:\\\/\\\/hutfactory.com\\\/\"},{\"@type\":\"ListItem\",\"position\":2,\"name\":\"Shop\",\"item\":\"https:\\\/\\\/hutfactory.com\\\/?page_id=10\"},{\"@type\":\"ListItem\",\"position\":3,\"name\":\"Panama\\\/Strohhut Trilby &#8220;Freiamt Bremgarter&#8221;\"}]},{\"@type\":\"WebSite\",\"@id\":\"https:\\\/\\\/hutfactory.com\\\/#website\",\"url\":\"https:\\\/\\\/hutfactory.com\\\/\",\"name\":\"Hut Factory\",\"description\":\"H\u00fcte, Kappen &amp; M\u00fctzen in Top Swiss\\\/EU Qualit\u00e4t\",\"publisher\":{\"@id\":\"https:\\\/\\\/hutfactory.com\\\/#organization\"},\"alternateName\":\"Hut Shop\",\"potentialAction\":[{\"@type\":\"SearchAction\",\"target\":{\"@type\":\"EntryPoint\",\"urlTemplate\":\"https:\\\/\\\/hutfactory.com\\\/?s={search_term_string}\"},\"query-input\":{\"@type\":\"PropertyValueSpecification\",\"valueRequired\":true,\"valueName\":\"search_term_string\"}}],\"inLanguage\":\"de\"},{\"@type\":\"Organization\",\"@id\":\"https:\\\/\\\/hutfactory.com\\\/#organization\",\"name\":\"Hut Factory\",\"url\":\"https:\\\/\\\/hutfactory.com\\\/\",\"logo\":{\"@type\":\"ImageObject\",\"inLanguage\":\"de\",\"@id\":\"https:\\\/\\\/hutfactory.com\\\/#\\\/schema\\\/logo\\\/image\\\/\",\"url\":\"https:\\\/\\\/hutfactory.com\\\/wp-content\\\/uploads\\\/2026\\\/01\\\/Logo-hut-factory-1.webp\",\"contentUrl\":\"https:\\\/\\\/hutfactory.com\\\/wp-content\\\/uploads\\\/2026\\\/01\\\/Logo-hut-factory-1.webp\",\"width\":300,\"height\":262,\"caption\":\"Hut Factory\"},\"image\":{\"@id\":\"https:\\\/\\\/hutfactory.com\\\/#\\\/schema\\\/logo\\\/image\\\/\"}}]}<\/script>\n<!-- \/ Yoast SEO Premium plugin. -->","yoast_head_json":{"title":"Strohhut Trilby Bremgarten aus Panama- und Weizenstroh","description":"Insgesamt ist der Strohhut ein echter Hingucker, der durch seine einzigartige Kombination aus Panama\/Weizenstroh sowie sein zeitloses Design \u00fcberzeugt.","robots":{"index":"index","follow":"follow","max-snippet":"max-snippet:-1","max-image-preview":"max-image-preview:large","max-video-preview":"max-video-preview:-1"},"canonical":"https:\/\/hutfactory.com\/?product=panama-strohhut-trilby-freiamt-bremgarter","og_locale":"de_DE","og_type":"article","og_title":"Panama\/Strohhut Trilby \"Freiamt Bremgarter\"","og_description":"Insgesamt ist der Strohhut ein echter Hingucker, der durch seine einzigartige Kombination aus Panama\/Weizenstroh sowie sein zeitloses Design \u00fcberzeugt.","og_url":"https:\/\/hutfactory.com\/?product=panama-strohhut-trilby-freiamt-bremgarter","og_site_name":"Hut Factory","article_modified_time":"2026-03-10T10:02:38+00:00","og_image":[{"width":750,"height":750,"url":"https:\/\/hutfactory.com\/wp-content\/uploads\/2026\/03\/11112-e1398239122603.webp","type":"image\/webp"}],"twitter_card":"summary_large_image","twitter_misc":{"Gesch\u00e4tzte Lesezeit":"3\u00a0Minuten"},"schema":{"@context":"https:\/\/schema.org","@graph":[{"@type":"WebPage","@id":"https:\/\/hutfactory.com\/?product=panama-strohhut-trilby-freiamt-bremgarter","url":"https:\/\/hutfactory.com\/?product=panama-strohhut-trilby-freiamt-bremgarter","name":"Strohhut Trilby Bremgarten aus Panama- und Weizenstroh","isPartOf":{"@id":"https:\/\/hutfactory.com\/#website"},"primaryImageOfPage":{"@id":"https:\/\/hutfactory.com\/?product=panama-strohhut-trilby-freiamt-bremgarter#primaryimage"},"image":{"@id":"https:\/\/hutfactory.com\/?product=panama-strohhut-trilby-freiamt-bremgarter#primaryimage"},"thumbnailUrl":"https:\/\/hutfactory.com\/wp-content\/uploads\/2026\/03\/11112-e1398239122603.webp","datePublished":"2026-03-10T09:59:31+00:00","dateModified":"2026-03-10T10:02:38+00:00","description":"Insgesamt ist der Strohhut ein echter Hingucker, der durch seine einzigartige Kombination aus Panama\/Weizenstroh sowie sein zeitloses Design \u00fcberzeugt.","breadcrumb":{"@id":"https:\/\/hutfactory.com\/?product=panama-strohhut-trilby-freiamt-bremgarter#breadcrumb"},"inLanguage":"de","potentialAction":[{"@type":"ReadAction","target":["https:\/\/hutfactory.com\/?product=panama-strohhut-trilby-freiamt-bremgarter"]}]},{"@type":"ImageObject","inLanguage":"de","@id":"https:\/\/hutfactory.com\/?product=panama-strohhut-trilby-freiamt-bremgarter#primaryimage","url":"https:\/\/hutfactory.com\/wp-content\/uploads\/2026\/03\/11112-e1398239122603.webp","contentUrl":"https:\/\/hutfactory.com\/wp-content\/uploads\/2026\/03\/11112-e1398239122603.webp","width":750,"height":750,"caption":"|"},{"@type":"BreadcrumbList","@id":"https:\/\/hutfactory.com\/?product=panama-strohhut-trilby-freiamt-bremgarter#breadcrumb","itemListElement":[{"@type":"ListItem","position":1,"name":"Start","item":"https:\/\/hutfactory.com\/"},{"@type":"ListItem","position":2,"name":"Shop","item":"https:\/\/hutfactory.com\/?page_id=10"},{"@type":"ListItem","position":3,"name":"Panama\/Strohhut Trilby &#8220;Freiamt Bremgarter&#8221;"}]},{"@type":"WebSite","@id":"https:\/\/hutfactory.com\/#website","url":"https:\/\/hutfactory.com\/","name":"Hut Factory","description":"H\u00fcte, Kappen &amp; M\u00fctzen in Top Swiss\/EU Qualit\u00e4t","publisher":{"@id":"https:\/\/hutfactory.com\/#organization"},"alternateName":"Hut Shop","potentialAction":[{"@type":"SearchAction","target":{"@type":"EntryPoint","urlTemplate":"https:\/\/hutfactory.com\/?s={search_term_string}"},"query-input":{"@type":"PropertyValueSpecification","valueRequired":true,"valueName":"search_term_string"}}],"inLanguage":"de"},{"@type":"Organization","@id":"https:\/\/hutfactory.com\/#organization","name":"Hut Factory","url":"https:\/\/hutfactory.com\/","logo":{"@type":"ImageObject","inLanguage":"de","@id":"https:\/\/hutfactory.com\/#\/schema\/logo\/image\/","url":"https:\/\/hutfactory.com\/wp-content\/uploads\/2026\/01\/Logo-hut-factory-1.webp","contentUrl":"https:\/\/hutfactory.com\/wp-content\/uploads\/2026\/01\/Logo-hut-factory-1.webp","width":300,"height":262,"caption":"Hut Factory"},"image":{"@id":"https:\/\/hutfactory.com\/#\/schema\/logo\/image\/"}}]}},"_links":{"self":[{"href":"https:\/\/hutfactory.com\/index.php?rest_route=\/wp\/v2\/product\/15814","targetHints":{"allow":["GET"]}}],"collection":[{"href":"https:\/\/hutfactory.com\/index.php?rest_route=\/wp\/v2\/product"}],"about":[{"href":"https:\/\/hutfactory.com\/index.php?rest_route=\/wp\/v2\/types\/product"}],"wp:featuredmedia":[{"embeddable":true,"href":"https:\/\/hutfactory.com\/index.php?rest_route=\/wp\/v2\/media\/15815"}],"wp:attachment":[{"href":"https:\/\/hutfactory.com\/index.php?rest_route=%2Fwp%2Fv2%2Fmedia&parent=15814"}],"wp:term":[{"taxonomy":"product_brand","embeddable":true,"href":"https:\/\/hutfactory.com\/index.php?rest_route=%2Fwp%2Fv2%2Fproduct_brand&post=15814"},{"taxonomy":"product_cat","embeddable":true,"href":"https:\/\/hutfactory.com\/index.php?rest_route=%2Fwp%2Fv2%2Fproduct_cat&post=15814"},{"taxonomy":"product_tag","embeddable":true,"href":"https:\/\/hutfactory.com\/index.php?rest_route=%2Fwp%2Fv2%2Fproduct_tag&post=15814"}],"curies":[{"name":"wp","href":"https:\/\/api.w.org\/{rel}","templated":true}]}}