{"id":15803,"date":"2026-03-10T09:59:31","date_gmt":"2026-03-10T09:59:31","guid":{"rendered":"https:\/\/hutfactory.com\/?product=strohhut-player-raffia-%c2%9320er-jahre-style%c2%84"},"modified":"2026-03-10T10:02:38","modified_gmt":"2026-03-10T10:02:38","slug":"strohhut-player-raffia-%c2%9320er-jahre-style%c2%84","status":"publish","type":"product","link":"https:\/\/hutfactory.com\/?product=strohhut-player-raffia-%c2%9320er-jahre-style%c2%84","title":{"rendered":"Strohhut Player Raffia \u009320er JAHRE STYLE\u0084"},"content":{"rendered":"<h3 data-start=\"513\" data-end=\"582\"><strong data-start=\"518\" data-end=\"582\">Hommage an den Stil der Zwanziger \u0096 f\u00fcr Kenner mit Geschmack<\/strong><\/h3>\n<p class=\"\" data-start=\"583\" data-end=\"1083\">Der Strohhut \u008420er JAHRE STYLE\u0093 pr\u00e4sentiert sich mit hohem Player-Kopf und leicht geschwungener Krempe \u0096 ein charakteristisches Merkmal klassischer Jazz- und Swing-H\u00fcte. Das breite Rebsband mit aufgesetzter Masche und dem ikonischen \u0084Risa seit 1919\u0093-Knopf verleiht ihm eine zeitlose Eleganz. Ob in Natur mit Schwarz, Burgund, Marine oder Oliv \u0096 jede Farbvariante unterstreicht die Vintage-\u00c4sthetik auf ihre Weise. Ein handgefertigtes Meisterst\u00fcck f\u00fcr Kennerinnen und Kenner, die das Besondere lieben.<\/p>\n<p class=\"\" data-start=\"1085\" data-end=\"1106\"><strong data-start=\"1085\" data-end=\"1106\">Perfekt f\u00fcr\u0085.. ??<\/strong><\/p>\n<p class=\"\" data-start=\"1108\" data-end=\"1306\"><strong data-start=\"1108\" data-end=\"1135\">?? Sommerliche Anl\u00e4sse:<\/strong> Ob bei Open-Air-Veranstaltungen, Gartenpartys oder beim Stadtbummel: Dieser Hut verleiht jedem Look eine kultivierte Note \u0096 bei gleichzeitigem Schutz vor Sonne und Hitze.<\/p>\n<p class=\"\" data-start=\"1308\" data-end=\"1476\"><strong data-start=\"1308\" data-end=\"1331\">?? Elegante Events:<\/strong> Ein stilvoller Begleiter f\u00fcr Konzerte, Galeriebesuche oder Hochzeiten mit Dresscode \u0096 dieser Player-Hut spricht f\u00fcr modisches Selbstbewusstsein.<\/p>\n<p class=\"\" data-start=\"1478\" data-end=\"1628\"><strong data-start=\"1478\" data-end=\"1508\">?? Natur- und Modebewusst:<\/strong> Gefertigt aus 100% nat\u00fcrlichem Raffia-Stroh, vereint er Nachhaltigkeit mit traditionsreicher Hutmacherkunst aus Europa.<\/p>\n<div class=\"hf-accordions\">\n<hr class=\"hf-accordion-separator\" \/>\n<details class=\"hf-accordion\">\n<summary><strong>\u25b6\ufe0f Gut zu wissen \u2013 mehr erfahren<\/strong><\/summary>\n<div class=\"hf-accordion-content\">\n<h3 class=\"\" data-start=\"1630\" data-end=\"1661\"><strong data-start=\"1634\" data-end=\"1661\">Eigenschaften &#038; Details<\/strong><\/h3>\n<ul data-start=\"1662\" data-end=\"2126\">\n<li class=\"\" data-start=\"1662\" data-end=\"1727\">\n<p class=\"\" data-start=\"1664\" data-end=\"1727\"><strong data-start=\"1664\" data-end=\"1677\">Material:<\/strong> 100% Raffia \u0096 leicht, atmungsaktiv und \u00f6kologisch<\/p>\n<\/li>\n<li class=\"\" data-start=\"1728\" data-end=\"1803\">\n<p class=\"\" data-start=\"1730\" data-end=\"1803\"><strong data-start=\"1730\" data-end=\"1745\">Randbreite:<\/strong> 5.0 cm \u0096 klassisch dezent mit hervorragendem Sonnenschutz<\/p>\n<\/li>\n<li class=\"\" data-start=\"1804\" data-end=\"1863\">\n<p class=\"\" data-start=\"1806\" data-end=\"1863\"><strong data-start=\"1806\" data-end=\"1819\">Kopfh\u00f6he:<\/strong> 12.0 cm \u0096 hohe Player-Krone im Vintage-Stil<\/p>\n<\/li>\n<li class=\"\" data-start=\"1864\" data-end=\"1941\">\n<p class=\"\" data-start=\"1866\" data-end=\"1941\"><strong data-start=\"1866\" data-end=\"1877\">Farben:<\/strong> Natur kombiniert mit Schwarz, Burgund, Marineblau oder Olivgr\u00fcn<\/p>\n<\/li>\n<li class=\"\" data-start=\"1942\" data-end=\"2030\">\n<p class=\"\" data-start=\"1944\" data-end=\"2030\"><strong data-start=\"1944\" data-end=\"1957\">Garnitur:<\/strong> 50mm breites Rebsband mit Masche &#038; original Risa-Qualit\u00e4tsknopf von 1919<\/p>\n<\/li>\n<li class=\"\" data-start=\"2031\" data-end=\"2106\">\n<p class=\"\" data-start=\"2033\" data-end=\"2106\"><strong data-start=\"2033\" data-end=\"2050\">Schweissband:<\/strong> Sorgf\u00e4ltig eingen\u00e4htes Textilband f\u00fcr optimalen Komfort<\/p>\n<\/li>\n<li class=\"\" data-start=\"2107\" data-end=\"2126\">\n<p class=\"\" data-start=\"2109\" data-end=\"2126\"><strong data-start=\"2109\" data-end=\"2120\">Gr\u00f6\u00dfen:<\/strong> 54\u009663<\/p>\n<\/li>\n<\/ul>\n<h3 class=\"\" data-start=\"2128\" data-end=\"2157\"><strong data-start=\"2132\" data-end=\"2157\">Design &#038; Verarbeitung<\/strong><\/h3>\n<p class=\"\" data-start=\"2158\" data-end=\"2510\">Jeder Strohhut wird aus feinem Raffia-Stroh sorgf\u00e4ltig geflochten und geformt. Die Krempe ist leicht nach oben geschwungen, wodurch das Retro-Flair des Player-Stils besonders gut zur Geltung kommt. Die luxuri\u00f6se Garnitur mit breitem Hutband verleiht dem Modell eine mond\u00e4ne Eleganz, w\u00e4hrend der strukturierte Look des Materials Leichtigkeit ausstrahlt.<\/p>\n<h3 class=\"\" data-start=\"2512\" data-end=\"2548\"><strong data-start=\"2516\" data-end=\"2548\">Handgefertigt in der Schweiz<\/strong><\/h3>\n<p class=\"\" data-start=\"2549\" data-end=\"2869\">Das Modell entsteht exklusiv in der traditionsreichen Risa Hutmanufaktur \u0096 seit 1919 ein Garant f\u00fcr authentische Hutmacherkunst. Auf Bestellung gefertigt, ist jeder Hut ein Einzelst\u00fcck mit Charakter. Die lokale Produktion garantiert nicht nur h\u00f6chste Qualit\u00e4t, sondern auch kurze Lieferwege und faire Arbeitsbedingungen.<\/p>\n<h3 class=\"\" data-start=\"2871\" data-end=\"2904\"><strong data-start=\"2875\" data-end=\"2904\">Nachhaltigkeit &#038; Qualit\u00e4t<\/strong><\/h3>\n<ul data-start=\"2905\" data-end=\"3301\">\n<li class=\"\" data-start=\"2905\" data-end=\"3037\">\n<p class=\"\" data-start=\"2907\" data-end=\"3037\"><strong data-start=\"2907\" data-end=\"2934\">Nat\u00fcrliche Materialien:<\/strong> Raffia-Stroh ist biologisch abbaubar, strapazierf\u00e4hig und bietet optimalen Schutz vor Sonne und W\u00e4rme.<\/p>\n<\/li>\n<li class=\"\" data-start=\"3038\" data-end=\"3178\">\n<p class=\"\" data-start=\"3040\" data-end=\"3178\"><strong data-start=\"3040\" data-end=\"3067\">Handarbeit &#038; Tradition:<\/strong> Jedes St\u00fcck wird mit Sorgfalt und in liebevoller Handarbeit gefertigt \u0096 ein Symbol f\u00fcr Langlebigkeit und Stil.<\/p>\n<\/li>\n<li class=\"\" data-start=\"3179\" data-end=\"3301\">\n<p class=\"\" data-start=\"3181\" data-end=\"3301\"><strong data-start=\"3181\" data-end=\"3199\">Langlebigkeit:<\/strong> Bei richtiger Pflege begleitet dieser Hut seinen Tr\u00e4ger oder seine Tr\u00e4gerin \u00fcber viele Sommer hinweg.<\/p>\n<\/li>\n<\/ul>\n<h3 class=\"\" data-start=\"3303\" data-end=\"3332\"><strong data-start=\"3307\" data-end=\"3332\">Herstellung &#038; Versand<\/strong><\/h3>\n<ul data-start=\"3333\" data-end=\"3556\">\n<li class=\"\" data-start=\"3333\" data-end=\"3410\">\n<p class=\"\" data-start=\"3335\" data-end=\"3410\"><strong data-start=\"3335\" data-end=\"3364\">Fertigung auf Bestellung:<\/strong> Individuell und exklusiv nach Bestelleingang.<\/p>\n<\/li>\n<li class=\"\" data-start=\"3411\" data-end=\"3478\">\n<p class=\"\" data-start=\"3413\" data-end=\"3478\"><strong data-start=\"3413\" data-end=\"3434\">Herstellungszeit:<\/strong> 10 bis 15 Arbeitstage nach Zahlungseingang.<\/p>\n<\/li>\n<li class=\"\" data-start=\"3479\" data-end=\"3556\">\n<p class=\"\" data-start=\"3481\" data-end=\"3556\"><strong data-start=\"3481\" data-end=\"3493\">Versand:<\/strong> Nach Fertigstellung innerhalb weniger Tage ab Schweizer Lager.<\/p>\n<\/li>\n<\/ul>\n<\/div>\n<\/details>\n<details class=\"hf-accordion\">\n<summary><strong>\u25b6\ufe0f FAQ \u2013 H\u00e4ufige Fragen<\/strong><\/summary>\n<div class=\"hf-accordion-content\">\n<h3 class=\"\" data-start=\"3558\" data-end=\"3595\"><strong data-start=\"3562\" data-end=\"3595\">FAQ (H\u00e4ufig gestellte Fragen)<\/strong><\/h3>\n<p class=\"\" data-start=\"3597\" data-end=\"3768\"><strong data-start=\"3597\" data-end=\"3646\">Ist dieser Hut f\u00fcr hei\u00dfe Sommertage geeignet?<\/strong><br data-start=\"3646\" data-end=\"3649\" \/>Ja \u0096 das luftige Raffia-Material ist besonders atmungsaktiv und sch\u00fctzt gleichzeitig vor intensiver Sonneneinstrahlung.<\/p>\n<p class=\"\" data-start=\"3770\" data-end=\"3909\"><strong data-start=\"3770\" data-end=\"3805\">Ist das Modell wasserabweisend?<\/strong><br data-start=\"3805\" data-end=\"3808\" \/>Raffia ist ein Naturmaterial und nicht wasserfest \u0096 wir empfehlen bei Regen eine sch\u00fctzende Huth\u00fclle.<\/p>\n<p class=\"\" data-start=\"3911\" data-end=\"4055\"><strong data-start=\"3911\" data-end=\"3966\">Kann ich den Hut in meiner Gr\u00f6\u00dfe anfertigen lassen?<\/strong><br data-start=\"3966\" data-end=\"3969\" \/>Ja \u0096 das Modell ist in den Gr\u00f6\u00dfen 54 bis 63 erh\u00e4ltlich und wird individuell gefertigt.<\/p>\n<p class=\"\" data-start=\"4057\" data-end=\"4185\"><strong data-start=\"4057\" data-end=\"4092\">Wie pflege ich den Hut optimal?<\/strong><br data-start=\"4092\" data-end=\"4095\" \/>Am besten trocken und luftig lagern \u0096 weitere Hinweise unter dem Pflege-Link weiter unten.<\/p>\n<p class=\"\" data-start=\"4187\" data-end=\"4337\"><strong data-start=\"4187\" data-end=\"4220\">Kann ich den Hut zur\u00fcckgeben?<\/strong><br data-start=\"4220\" data-end=\"4223\" \/>Da es sich um eine Sonderanfertigung handelt, ist ein Umtausch nur bei Material- oder Herstellungsfehlern m\u00f6glich.<\/p>\n<\/div>\n<\/details>\n<\/div>\n","protected":false},"excerpt":{"rendered":"<h3 data-start=\"88\" data-end=\"140\"><strong data-start=\"93\" data-end=\"140\">Eleganter Klassiker mit moderner Raffinesse<\/strong><\/h3>\n<p class=\"\" data-start=\"141\" data-end=\"511\">Dieser Player-Hut aus fein geflochtenem Raffia-Stroh erinnert an den mond\u00e4nen Stil der 1920er-Jahre \u0096 neu interpretiert f\u00fcr die stilbewusste Sommergarderobe. Die markant geformte Krone, das breite Rebsband und der dezente Glanz des Naturmaterials machen diesen Hut zu einem Highlight f\u00fcr jede Gelegenheit. Ein authentisches Mode-Statement mit UV-Schutz f\u00fcr sonnige Tage.<\/p>\n","protected":false},"featured_media":15804,"template":"","meta":{"_acf_changed":false,"rs_blank_template":"","rs_page_bg_color":"","slide_template_v7":""},"product_brand":[250],"product_cat":[275,600],"product_tag":[],"class_list":{"0":"post-15803","1":"product","2":"type-product","3":"status-publish","4":"has-post-thumbnail","6":"product_brand-risa-hutwerkstatt-schweiz","7":"product_cat-sommerhuete","8":"product_cat-trilby-sommerhuete","9":"product_shipping_class-mittlere-pakete","10":"pa_color-natur-burgund","11":"pa_color-natur-marine","12":"pa_color-natur-olive","13":"pa_color-natur-schwarz","14":"pa_groesse-206","15":"pa_groesse-196","16":"pa_groesse-207","17":"pa_groesse-197","18":"pa_groesse-208","19":"pa_groesse-198","20":"pa_groesse-209","21":"pa_groesse-199","22":"pa_groesse-210","23":"pa_groesse-213","24":"yith_product_brand-risa-hutwerkstatt-schweiz","27":"instock","28":"taxable","29":"shipping-taxable","30":"purchasable","31":"product-type-variable","32":"wvs-archive-product-wrapper","33":"add-to-wishlist-after_add_to_cart"},"acf":[],"yoast_head":"<!-- This site is optimized with the Yoast SEO Premium plugin v27.3 (Yoast SEO v27.3) - https:\/\/yoast.com\/product\/yoast-seo-premium-wordpress\/ -->\n<title>Strohhut Trilby aus Raffia im 20er Jahre Stil mit breiten Hutband<\/title>\n<meta name=\"description\" content=\"Der Strohhut Trilby im Stil der 20er Jahre ist perfekte Sommer Accessoire f\u00fcr dein Outfit. Hol dir jetzt deinen Trilby und zeige deinen einzigartigen Style!\" \/>\n<meta name=\"robots\" content=\"index, follow, max-snippet:-1, max-image-preview:large, max-video-preview:-1\" \/>\n<link rel=\"canonical\" href=\"https:\/\/hutfactory.com\/?product=strohhut-player-raffia-\u009320er-jahre-style\u0084\" \/>\n<meta property=\"og:locale\" content=\"de_DE\" \/>\n<meta property=\"og:type\" content=\"article\" \/>\n<meta property=\"og:title\" content=\"Strohhut Player Raffia \u009320er JAHRE STYLE\u0084\" \/>\n<meta property=\"og:description\" content=\"Der Strohhut Trilby im Stil der 20er Jahre ist perfekte Sommer Accessoire f\u00fcr dein Outfit. Hol dir jetzt deinen Trilby und zeige deinen einzigartigen Style!\" \/>\n<meta property=\"og:url\" content=\"https:\/\/hutfactory.com\/?product=strohhut-player-raffia-\u009320er-jahre-style\u0084\" \/>\n<meta property=\"og:site_name\" content=\"Hut Factory\" \/>\n<meta property=\"article:modified_time\" content=\"2026-03-10T10:02:38+00:00\" \/>\n<meta property=\"og:image\" content=\"https:\/\/hutfactory.com\/wp-content\/uploads\/2026\/03\/41300350.webp\" \/>\n\t<meta property=\"og:image:width\" content=\"750\" \/>\n\t<meta property=\"og:image:height\" content=\"750\" \/>\n\t<meta property=\"og:image:type\" content=\"image\/webp\" \/>\n<meta name=\"twitter:card\" content=\"summary_large_image\" \/>\n<meta name=\"twitter:label1\" content=\"Gesch\u00e4tzte Lesezeit\" \/>\n\t<meta name=\"twitter:data1\" content=\"3\u00a0Minuten\" \/>\n<script type=\"application\/ld+json\" class=\"yoast-schema-graph\">{\"@context\":\"https:\\\/\\\/schema.org\",\"@graph\":[{\"@type\":\"WebPage\",\"@id\":\"https:\\\/\\\/hutfactory.com\\\/?product=strohhut-player-raffia-%c2%9320er-jahre-style%c2%84\",\"url\":\"https:\\\/\\\/hutfactory.com\\\/?product=strohhut-player-raffia-%c2%9320er-jahre-style%c2%84\",\"name\":\"Strohhut Trilby aus Raffia im 20er Jahre Stil mit breiten Hutband\",\"isPartOf\":{\"@id\":\"https:\\\/\\\/hutfactory.com\\\/#website\"},\"primaryImageOfPage\":{\"@id\":\"https:\\\/\\\/hutfactory.com\\\/?product=strohhut-player-raffia-%c2%9320er-jahre-style%c2%84#primaryimage\"},\"image\":{\"@id\":\"https:\\\/\\\/hutfactory.com\\\/?product=strohhut-player-raffia-%c2%9320er-jahre-style%c2%84#primaryimage\"},\"thumbnailUrl\":\"https:\\\/\\\/hutfactory.com\\\/wp-content\\\/uploads\\\/2026\\\/03\\\/41300350.webp\",\"datePublished\":\"2026-03-10T09:59:31+00:00\",\"dateModified\":\"2026-03-10T10:02:38+00:00\",\"description\":\"Der Strohhut Trilby im Stil der 20er Jahre ist perfekte Sommer Accessoire f\u00fcr dein Outfit. Hol dir jetzt deinen Trilby und zeige deinen einzigartigen Style!\",\"breadcrumb\":{\"@id\":\"https:\\\/\\\/hutfactory.com\\\/?product=strohhut-player-raffia-%c2%9320er-jahre-style%c2%84#breadcrumb\"},\"inLanguage\":\"de\",\"potentialAction\":[{\"@type\":\"ReadAction\",\"target\":[\"https:\\\/\\\/hutfactory.com\\\/?product=strohhut-player-raffia-%c2%9320er-jahre-style%c2%84\"]}]},{\"@type\":\"ImageObject\",\"inLanguage\":\"de\",\"@id\":\"https:\\\/\\\/hutfactory.com\\\/?product=strohhut-player-raffia-%c2%9320er-jahre-style%c2%84#primaryimage\",\"url\":\"https:\\\/\\\/hutfactory.com\\\/wp-content\\\/uploads\\\/2026\\\/03\\\/41300350.webp\",\"contentUrl\":\"https:\\\/\\\/hutfactory.com\\\/wp-content\\\/uploads\\\/2026\\\/03\\\/41300350.webp\",\"width\":750,\"height\":750,\"caption\":\"gefertigt in der Schweiz|Detailreicher Strohhut im Player-Stil aus Raffia \u0096 erh\u00e4ltlich mit verschiedenfarbigen Garnituren\"},{\"@type\":\"BreadcrumbList\",\"@id\":\"https:\\\/\\\/hutfactory.com\\\/?product=strohhut-player-raffia-%c2%9320er-jahre-style%c2%84#breadcrumb\",\"itemListElement\":[{\"@type\":\"ListItem\",\"position\":1,\"name\":\"Start\",\"item\":\"https:\\\/\\\/hutfactory.com\\\/\"},{\"@type\":\"ListItem\",\"position\":2,\"name\":\"Shop\",\"item\":\"https:\\\/\\\/hutfactory.com\\\/?page_id=10\"},{\"@type\":\"ListItem\",\"position\":3,\"name\":\"Strohhut Player Raffia \u009320er JAHRE STYLE\u0084\"}]},{\"@type\":\"WebSite\",\"@id\":\"https:\\\/\\\/hutfactory.com\\\/#website\",\"url\":\"https:\\\/\\\/hutfactory.com\\\/\",\"name\":\"Hut Factory\",\"description\":\"H\u00fcte, Kappen &amp; M\u00fctzen in Top Swiss\\\/EU Qualit\u00e4t\",\"publisher\":{\"@id\":\"https:\\\/\\\/hutfactory.com\\\/#organization\"},\"alternateName\":\"Hut Shop\",\"potentialAction\":[{\"@type\":\"SearchAction\",\"target\":{\"@type\":\"EntryPoint\",\"urlTemplate\":\"https:\\\/\\\/hutfactory.com\\\/?s={search_term_string}\"},\"query-input\":{\"@type\":\"PropertyValueSpecification\",\"valueRequired\":true,\"valueName\":\"search_term_string\"}}],\"inLanguage\":\"de\"},{\"@type\":\"Organization\",\"@id\":\"https:\\\/\\\/hutfactory.com\\\/#organization\",\"name\":\"Hut Factory\",\"url\":\"https:\\\/\\\/hutfactory.com\\\/\",\"logo\":{\"@type\":\"ImageObject\",\"inLanguage\":\"de\",\"@id\":\"https:\\\/\\\/hutfactory.com\\\/#\\\/schema\\\/logo\\\/image\\\/\",\"url\":\"https:\\\/\\\/hutfactory.com\\\/wp-content\\\/uploads\\\/2026\\\/01\\\/Logo-hut-factory-1.webp\",\"contentUrl\":\"https:\\\/\\\/hutfactory.com\\\/wp-content\\\/uploads\\\/2026\\\/01\\\/Logo-hut-factory-1.webp\",\"width\":300,\"height\":262,\"caption\":\"Hut Factory\"},\"image\":{\"@id\":\"https:\\\/\\\/hutfactory.com\\\/#\\\/schema\\\/logo\\\/image\\\/\"}}]}<\/script>\n<!-- \/ Yoast SEO Premium plugin. -->","yoast_head_json":{"title":"Strohhut Trilby aus Raffia im 20er Jahre Stil mit breiten Hutband","description":"Der Strohhut Trilby im Stil der 20er Jahre ist perfekte Sommer Accessoire f\u00fcr dein Outfit. Hol dir jetzt deinen Trilby und zeige deinen einzigartigen Style!","robots":{"index":"index","follow":"follow","max-snippet":"max-snippet:-1","max-image-preview":"max-image-preview:large","max-video-preview":"max-video-preview:-1"},"canonical":"https:\/\/hutfactory.com\/?product=strohhut-player-raffia-\u009320er-jahre-style\u0084","og_locale":"de_DE","og_type":"article","og_title":"Strohhut Player Raffia \u009320er JAHRE STYLE\u0084","og_description":"Der Strohhut Trilby im Stil der 20er Jahre ist perfekte Sommer Accessoire f\u00fcr dein Outfit. Hol dir jetzt deinen Trilby und zeige deinen einzigartigen Style!","og_url":"https:\/\/hutfactory.com\/?product=strohhut-player-raffia-\u009320er-jahre-style\u0084","og_site_name":"Hut Factory","article_modified_time":"2026-03-10T10:02:38+00:00","og_image":[{"width":750,"height":750,"url":"https:\/\/hutfactory.com\/wp-content\/uploads\/2026\/03\/41300350.webp","type":"image\/webp"}],"twitter_card":"summary_large_image","twitter_misc":{"Gesch\u00e4tzte Lesezeit":"3\u00a0Minuten"},"schema":{"@context":"https:\/\/schema.org","@graph":[{"@type":"WebPage","@id":"https:\/\/hutfactory.com\/?product=strohhut-player-raffia-%c2%9320er-jahre-style%c2%84","url":"https:\/\/hutfactory.com\/?product=strohhut-player-raffia-%c2%9320er-jahre-style%c2%84","name":"Strohhut Trilby aus Raffia im 20er Jahre Stil mit breiten Hutband","isPartOf":{"@id":"https:\/\/hutfactory.com\/#website"},"primaryImageOfPage":{"@id":"https:\/\/hutfactory.com\/?product=strohhut-player-raffia-%c2%9320er-jahre-style%c2%84#primaryimage"},"image":{"@id":"https:\/\/hutfactory.com\/?product=strohhut-player-raffia-%c2%9320er-jahre-style%c2%84#primaryimage"},"thumbnailUrl":"https:\/\/hutfactory.com\/wp-content\/uploads\/2026\/03\/41300350.webp","datePublished":"2026-03-10T09:59:31+00:00","dateModified":"2026-03-10T10:02:38+00:00","description":"Der Strohhut Trilby im Stil der 20er Jahre ist perfekte Sommer Accessoire f\u00fcr dein Outfit. Hol dir jetzt deinen Trilby und zeige deinen einzigartigen Style!","breadcrumb":{"@id":"https:\/\/hutfactory.com\/?product=strohhut-player-raffia-%c2%9320er-jahre-style%c2%84#breadcrumb"},"inLanguage":"de","potentialAction":[{"@type":"ReadAction","target":["https:\/\/hutfactory.com\/?product=strohhut-player-raffia-%c2%9320er-jahre-style%c2%84"]}]},{"@type":"ImageObject","inLanguage":"de","@id":"https:\/\/hutfactory.com\/?product=strohhut-player-raffia-%c2%9320er-jahre-style%c2%84#primaryimage","url":"https:\/\/hutfactory.com\/wp-content\/uploads\/2026\/03\/41300350.webp","contentUrl":"https:\/\/hutfactory.com\/wp-content\/uploads\/2026\/03\/41300350.webp","width":750,"height":750,"caption":"gefertigt in der Schweiz|Detailreicher Strohhut im Player-Stil aus Raffia \u0096 erh\u00e4ltlich mit verschiedenfarbigen Garnituren"},{"@type":"BreadcrumbList","@id":"https:\/\/hutfactory.com\/?product=strohhut-player-raffia-%c2%9320er-jahre-style%c2%84#breadcrumb","itemListElement":[{"@type":"ListItem","position":1,"name":"Start","item":"https:\/\/hutfactory.com\/"},{"@type":"ListItem","position":2,"name":"Shop","item":"https:\/\/hutfactory.com\/?page_id=10"},{"@type":"ListItem","position":3,"name":"Strohhut Player Raffia \u009320er JAHRE STYLE\u0084"}]},{"@type":"WebSite","@id":"https:\/\/hutfactory.com\/#website","url":"https:\/\/hutfactory.com\/","name":"Hut Factory","description":"H\u00fcte, Kappen &amp; M\u00fctzen in Top Swiss\/EU Qualit\u00e4t","publisher":{"@id":"https:\/\/hutfactory.com\/#organization"},"alternateName":"Hut Shop","potentialAction":[{"@type":"SearchAction","target":{"@type":"EntryPoint","urlTemplate":"https:\/\/hutfactory.com\/?s={search_term_string}"},"query-input":{"@type":"PropertyValueSpecification","valueRequired":true,"valueName":"search_term_string"}}],"inLanguage":"de"},{"@type":"Organization","@id":"https:\/\/hutfactory.com\/#organization","name":"Hut Factory","url":"https:\/\/hutfactory.com\/","logo":{"@type":"ImageObject","inLanguage":"de","@id":"https:\/\/hutfactory.com\/#\/schema\/logo\/image\/","url":"https:\/\/hutfactory.com\/wp-content\/uploads\/2026\/01\/Logo-hut-factory-1.webp","contentUrl":"https:\/\/hutfactory.com\/wp-content\/uploads\/2026\/01\/Logo-hut-factory-1.webp","width":300,"height":262,"caption":"Hut Factory"},"image":{"@id":"https:\/\/hutfactory.com\/#\/schema\/logo\/image\/"}}]}},"_links":{"self":[{"href":"https:\/\/hutfactory.com\/index.php?rest_route=\/wp\/v2\/product\/15803","targetHints":{"allow":["GET"]}}],"collection":[{"href":"https:\/\/hutfactory.com\/index.php?rest_route=\/wp\/v2\/product"}],"about":[{"href":"https:\/\/hutfactory.com\/index.php?rest_route=\/wp\/v2\/types\/product"}],"wp:featuredmedia":[{"embeddable":true,"href":"https:\/\/hutfactory.com\/index.php?rest_route=\/wp\/v2\/media\/15804"}],"wp:attachment":[{"href":"https:\/\/hutfactory.com\/index.php?rest_route=%2Fwp%2Fv2%2Fmedia&parent=15803"}],"wp:term":[{"taxonomy":"product_brand","embeddable":true,"href":"https:\/\/hutfactory.com\/index.php?rest_route=%2Fwp%2Fv2%2Fproduct_brand&post=15803"},{"taxonomy":"product_cat","embeddable":true,"href":"https:\/\/hutfactory.com\/index.php?rest_route=%2Fwp%2Fv2%2Fproduct_cat&post=15803"},{"taxonomy":"product_tag","embeddable":true,"href":"https:\/\/hutfactory.com\/index.php?rest_route=%2Fwp%2Fv2%2Fproduct_tag&post=15803"}],"curies":[{"name":"wp","href":"https:\/\/api.w.org\/{rel}","templated":true}]}}