{"id":15782,"date":"2026-03-10T09:59:31","date_gmt":"2026-03-10T09:59:31","guid":{"rendered":"https:\/\/hutfactory.com\/?product=panamahut-fedora-youth-brisa-6-jeanslook"},"modified":"2026-03-10T10:30:34","modified_gmt":"2026-03-10T10:30:34","slug":"panamahut-fedora-youth-brisa-6-jeanslook","status":"publish","type":"product","link":"https:\/\/hutfactory.com\/?product=panamahut-fedora-youth-brisa-6-jeanslook","title":{"rendered":"Panamahut Fedora Youth Brisa #6 &#8220;Jeanslook&#8221;"},"content":{"rendered":"<h3 data-start=\"588\" data-end=\"647\"><strong data-start=\"593\" data-end=\"647\">Eleganz aus Naturfaser \u0096 von Meisterhand gefertigt<\/strong><\/h3>\n<p class=\"\" data-start=\"648\" data-end=\"1141\">Geflochten aus 100?% originalem Panama-Stroh im hochwertigen Brisa-Flechtgrad #6, begeistert dieses Modell durch seine Leichtigkeit und nat\u00fcrliche Ausstrahlung. Mit einer Krempenbreite von 7?cm und einer Kopfh\u00f6he von 11?cm sch\u00fctzt der Hut zuverl\u00e4ssig vor Sonne, w\u00e4hrend er luftig und komfortabel sitzt \u0096 auch bei hohen Temperaturen. Die Garnitur aus edlem Rebsband in Jeansblau unterstreicht die Individualit\u00e4t dieses Modells und wird von einem charaktervollen Knopf mit Risa-Pr\u00e4gung veredelt.<\/p>\n<p class=\"\" data-start=\"1143\" data-end=\"1621\"><strong data-start=\"1143\" data-end=\"1164\">Perfekt f\u00fcr\u0085.. ??<\/strong><br data-start=\"1164\" data-end=\"1167\" \/><strong data-start=\"1167\" data-end=\"1194\">?? Sommerliche Anl\u00e4sse:<\/strong> Ob City-Trip, Sommerhochzeit oder Gartenparty \u0096 dieser Hut kr\u00f6nt jedes Outfit mit einem urbanen Touch und garantiert stilvollen Sonnenschutz.<br data-start=\"1336\" data-end=\"1339\" \/><strong data-start=\"1339\" data-end=\"1360\">?? Urbane Events:<\/strong> Ein Statement f\u00fcr Design und Qualit\u00e4t \u0096 perfekt f\u00fcr Rooftop-Bars, Sommerkonzerte oder die n\u00e4chste Vernissage.<br data-start=\"1470\" data-end=\"1473\" \/><strong data-start=\"1473\" data-end=\"1503\">?? Natur- und Modebewusst:<\/strong> Wer auf nachhaltige Handwerkskunst, nat\u00fcrliche Materialien und exklusive Verarbeitung achtet, wird diesen Hut lieben.<\/p>\n<div class=\"hf-accordions\">\n<hr class=\"hf-accordion-separator\" \/>\n<details class=\"hf-accordion\">\n<summary><strong>\u25b6\ufe0f Gut zu wissen \u2013 mehr erfahren<\/strong><\/summary>\n<div class=\"hf-accordion-content\">\n<h3 class=\"\" data-start=\"1623\" data-end=\"1657\"><strong data-start=\"1627\" data-end=\"1655\">Eigenschaften &#038; Details:<\/strong><\/h3>\n<ul data-start=\"1658\" data-end=\"2105\">\n<li class=\"\" data-start=\"1658\" data-end=\"1733\">\n<p class=\"\" data-start=\"1660\" data-end=\"1733\"><strong data-start=\"1660\" data-end=\"1673\">Material:<\/strong> 100?% Panama (Brisa #6) \u0096 robust, atmungsaktiv, nat\u00fcrlich<\/p>\n<\/li>\n<li class=\"\" data-start=\"1734\" data-end=\"1811\">\n<p class=\"\" data-start=\"1736\" data-end=\"1811\"><strong data-start=\"1736\" data-end=\"1751\">Randbreite:<\/strong> 7?cm \u0096 moderner Fedora-Schnitt mit optimalem Schattenwurf<\/p>\n<\/li>\n<li class=\"\" data-start=\"1812\" data-end=\"1864\">\n<p class=\"\" data-start=\"1814\" data-end=\"1864\"><strong data-start=\"1814\" data-end=\"1827\">Kopfh\u00f6he:<\/strong> 11?cm \u0096 elegante, definierte Krone<\/p>\n<\/li>\n<li class=\"\" data-start=\"1865\" data-end=\"1908\">\n<p class=\"\" data-start=\"1867\" data-end=\"1908\"><strong data-start=\"1867\" data-end=\"1878\">Farben:<\/strong> Natur, Dunkelbraun, Schwarz<\/p>\n<\/li>\n<li class=\"\" data-start=\"1909\" data-end=\"2002\">\n<p class=\"\" data-start=\"1911\" data-end=\"2002\"><strong data-start=\"1911\" data-end=\"1924\">Garnitur:<\/strong> Rebsband in Jeansoptik mit ikonischem \u0084Risa seit 1919\u0093-Knopf auf der Masche<\/p>\n<\/li>\n<li class=\"\" data-start=\"2003\" data-end=\"2085\">\n<p class=\"\" data-start=\"2005\" data-end=\"2085\"><strong data-start=\"2005\" data-end=\"2021\">Schwei\u00dfband:<\/strong> Sauber eingearbeitetes Textilinnenband f\u00fcr hohen Tragekomfort<\/p>\n<\/li>\n<li class=\"\" data-start=\"2086\" data-end=\"2105\">\n<p class=\"\" data-start=\"2088\" data-end=\"2105\"><strong data-start=\"2088\" data-end=\"2099\">Gr\u00f6\u00dfen:<\/strong> 54\u009664<\/p>\n<\/li>\n<\/ul>\n<h3 class=\"\" data-start=\"2107\" data-end=\"2139\"><strong data-start=\"2111\" data-end=\"2137\">Design &#038; Verarbeitung:<\/strong><\/h3>\n<p class=\"\" data-start=\"2140\" data-end=\"2517\">Der Fedora Youth Brisa #6 besticht durch sein harmonisches Zusammenspiel aus traditionellem Flechthandwerk und jungem Design. Die sorgf\u00e4ltig gearbeitete Krempe und die ausgepr\u00e4gte Fedora-Krone verleihen dem Hut eine charakterstarke Linienf\u00fchrung. Das Rebsband in Jeansoptik ist ein stilistisches Highlight, das sportlich-urbane L\u00e4ssigkeit mit klassischer Hut\u00e4sthetik verbindet.<\/p>\n<h3 class=\"\" data-start=\"2519\" data-end=\"2558\"><strong data-start=\"2523\" data-end=\"2556\">Handgefertigt in der Schweiz:<\/strong><\/h3>\n<p class=\"\" data-start=\"2559\" data-end=\"2826\">In der traditionsreichen Risa Hutwerkstatt im Herzen Europas wird jedes Exemplar individuell auf Bestellung gefertigt. Die Kombination aus zeitloser Handwerkskunst und modernem Stilverst\u00e4ndnis schafft H\u00fcte von bleibendem Wert \u0096 nachhaltig produziert, lokal verankert.<\/p>\n<h3 class=\"\" data-start=\"2828\" data-end=\"2864\"><strong data-start=\"2832\" data-end=\"2862\">Nachhaltigkeit &#038; Qualit\u00e4t:<\/strong><\/h3>\n<ul data-start=\"2865\" data-end=\"3119\">\n<li class=\"\" data-start=\"2865\" data-end=\"2947\">\n<p class=\"\" data-start=\"2867\" data-end=\"2947\"><strong data-start=\"2867\" data-end=\"2894\">Nat\u00fcrliche Materialien:<\/strong> Feinste Panamafasern, \u00f6kologisch und fair gewonnen<\/p>\n<\/li>\n<li class=\"\" data-start=\"2948\" data-end=\"3038\">\n<p class=\"\" data-start=\"2950\" data-end=\"3038\"><strong data-start=\"2950\" data-end=\"2977\">Handarbeit &#038; Tradition:<\/strong> Jeder Hut ein Unikat \u0096 mit Pr\u00e4zision und Hingabe gefertigt<\/p>\n<\/li>\n<li class=\"\" data-start=\"3039\" data-end=\"3119\">\n<p class=\"\" data-start=\"3041\" data-end=\"3119\"><strong data-start=\"3041\" data-end=\"3059\">Langlebigkeit:<\/strong> Strapazierf\u00e4higes, hochwertiges Flechtwerk f\u00fcr viele Sommer<\/p>\n<\/li>\n<\/ul>\n<h3 class=\"\" data-start=\"3121\" data-end=\"3153\"><strong data-start=\"3125\" data-end=\"3151\">Herstellung &#038; Versand:<\/strong><\/h3>\n<ul data-start=\"3154\" data-end=\"3507\">\n<li class=\"\" data-start=\"3154\" data-end=\"3234\">\n<p class=\"\" data-start=\"3156\" data-end=\"3234\"><strong data-start=\"3156\" data-end=\"3185\">Fertigung auf Bestellung:<\/strong> Individuell f\u00fcr Sie in der Schweiz angefertigt<\/p>\n<\/li>\n<li class=\"\" data-start=\"3235\" data-end=\"3299\">\n<p class=\"\" data-start=\"3237\" data-end=\"3299\"><strong data-start=\"3237\" data-end=\"3258\">Herstellungszeit:<\/strong> 10\u009615 Arbeitstage nach Zahlungseingang<\/p>\n<\/li>\n<li class=\"\" data-start=\"3300\" data-end=\"3375\">\n<p class=\"\" data-start=\"3302\" data-end=\"3375\"><strong data-start=\"3302\" data-end=\"3314\">Versand:<\/strong> Innerhalb weniger Tage nach Fertigstellung aus der Schweiz<\/p>\n<\/li>\n<li class=\"\" data-start=\"3376\" data-end=\"3445\">\n<p class=\"\" data-start=\"3378\" data-end=\"3445\"><strong data-start=\"3378\" data-end=\"3391\">Garantie:<\/strong> Umtausch nur bei Material- oder Herstellungsfehlern<\/p>\n<\/li>\n<li class=\"\" data-start=\"3446\" data-end=\"3507\">\n<p class=\"\" data-start=\"3448\" data-end=\"3507\"><strong data-start=\"3448\" data-end=\"3466\">Verf\u00fcgbarkeit:<\/strong> Solange der Vorrat an Rohmaterial reicht<\/p>\n<\/li>\n<\/ul>\n<\/div>\n<\/details>\n<details class=\"hf-accordion\">\n<summary><strong>\u25b6\ufe0f FAQ \u2013 H\u00e4ufige Fragen<\/strong><\/summary>\n<div class=\"hf-accordion-content\">\n<h3 class=\"\" data-start=\"3509\" data-end=\"3548\"><strong data-start=\"3513\" data-end=\"3546\">FAQ \u0096 H\u00e4ufig gestellte Fragen<\/strong><\/h3>\n<p class=\"\" data-start=\"3549\" data-end=\"3703\"><strong data-start=\"3549\" data-end=\"3595\">Ist der Hut f\u00fcr hei\u00dfe Sommertage geeignet?<\/strong><br data-start=\"3595\" data-end=\"3598\" \/>Ja, das luftige Panama-Geflecht bietet ideale Bel\u00fcftung und sch\u00fctzt gleichzeitig zuverl\u00e4ssig vor Sonne.<\/p>\n<p class=\"\" data-start=\"3705\" data-end=\"3846\"><strong data-start=\"3705\" data-end=\"3743\">Kann ich den Hut bei Regen tragen?<\/strong><br data-start=\"3743\" data-end=\"3746\" \/>Panamah\u00fcte sind nicht wasserfest \u0096 bei Feuchtigkeit bitte trocken lagern und vorsichtig behandeln.<\/p>\n<p class=\"\" data-start=\"3848\" data-end=\"3949\"><strong data-start=\"3848\" data-end=\"3884\">Gibt es unterschiedliche Gr\u00f6\u00dfen?<\/strong><br data-start=\"3884\" data-end=\"3887\" \/>Ja, erh\u00e4ltlich in den Gr\u00f6\u00dfen 54 bis 64 \u0096 f\u00fcr perfekten Sitz.<\/p>\n<p class=\"\" data-start=\"3951\" data-end=\"4123\"><strong data-start=\"3951\" data-end=\"3988\">Wie pflege ich meinen Panama-Hut?<\/strong><br data-start=\"3988\" data-end=\"3991\" \/>Trocken lagern, vor Feuchtigkeit sch\u00fctzen und nicht biegen. Hinweise unter: <a class=\"\" href=\"https:\/\/hut-factory.com\/pflegehinweise\/\" target=\"_new\" rel=\"noopener\" data-start=\"4067\" data-end=\"4120\">Pflegehinweise<\/a>.<\/p>\n<p class=\"\" data-start=\"4125\" data-end=\"4246\"><strong data-start=\"4125\" data-end=\"4155\">Ist eine R\u00fcckgabe m\u00f6glich?<\/strong><br data-start=\"4155\" data-end=\"4158\" \/>Da es sich um eine Sonderanfertigung handelt, ist ein Umtausch nur bei Defekten m\u00f6glich.<\/p>\n<\/div>\n<\/details>\n<\/div>\n","protected":false},"excerpt":{"rendered":"<h3 data-start=\"97\" data-end=\"148\"><strong data-start=\"102\" data-end=\"148\">Zeitloser Charme trifft auf urbanen Esprit<\/strong><\/h3>\n<p class=\"\" data-start=\"149\" data-end=\"586\">Dieser Fedora aus feinstem Panama-Stroh vereint Handwerkskunst mit einem frischen, jugendlichen Twist. Die klar konturierte Kopfform mit definierter Krone und geschwungener Krempe verleiht dem Hut einen eleganten, aber zugleich l\u00e4ssigen Charakter. In Kombination mit dem jeansblauen Rebsband mit dem ikonischen \u0084Risa seit 1919\u0093-Knopf entsteht ein stilsicheres Accessoire \u0096 ideal f\u00fcr moderne St\u00e4dter<em data-start=\"547\" data-end=\"580\">innen und weltoffene Abenteurer<\/em>innen.<\/p>\n<p>\u00a0<\/p>\n","protected":false},"featured_media":15783,"template":"","meta":{"_acf_changed":false,"rs_blank_template":"","rs_page_bg_color":"","slide_template_v7":""},"product_brand":[250],"product_cat":[276,507,275],"product_tag":[],"class_list":{"0":"post-15782","1":"product","2":"type-product","3":"status-publish","4":"has-post-thumbnail","6":"product_brand-risa-hutwerkstatt-schweiz","7":"product_cat-fedora-sommerhuete","8":"product_cat-panama-sommerhuete","9":"product_cat-sommerhuete","10":"product_shipping_class-mittlere-pakete","11":"pa_color-dbraun","12":"pa_color-natur","13":"pa_color-schwarz","14":"pa_groesse-206","15":"pa_groesse-196","16":"pa_groesse-207","17":"pa_groesse-197","18":"pa_groesse-208","19":"pa_groesse-198","20":"pa_groesse-209","21":"pa_groesse-199","22":"pa_groesse-210","23":"pa_groesse-213","24":"yith_product_brand-risa-hutwerkstatt-schweiz","27":"instock","28":"taxable","29":"shipping-taxable","30":"purchasable","31":"product-type-variable","32":"wvs-archive-product-wrapper","33":"add-to-wishlist-after_add_to_cart"},"acf":[],"yoast_head":"<!-- This site is optimized with the Yoast SEO Premium plugin v27.3 (Yoast SEO v27.3) - https:\/\/yoast.com\/product\/yoast-seo-premium-wordpress\/ -->\n<title>Panamahut Fedora Youth Brisa #6 mit Jeansband \u0096 handgefertigt<\/title>\n<meta name=\"description\" content=\"Moderner Panamahut im Jeanslook \u0096 stilvoll, nachhaltig und exklusiv in der Schweiz gefertigt. Jetzt entdecken!\" \/>\n<meta name=\"robots\" content=\"index, follow, max-snippet:-1, max-image-preview:large, max-video-preview:-1\" \/>\n<link rel=\"canonical\" href=\"https:\/\/hutfactory.com\/?product=panamahut-fedora-youth-brisa-6-jeanslook\" \/>\n<meta property=\"og:locale\" content=\"de_DE\" \/>\n<meta property=\"og:type\" content=\"article\" \/>\n<meta property=\"og:title\" content=\"Panamahut Fedora Youth Brisa #6 &quot;Jeanslook&quot;\" \/>\n<meta property=\"og:description\" content=\"Moderner Panamahut im Jeanslook \u0096 stilvoll, nachhaltig und exklusiv in der Schweiz gefertigt. Jetzt entdecken!\" \/>\n<meta property=\"og:url\" content=\"https:\/\/hutfactory.com\/?product=panamahut-fedora-youth-brisa-6-jeanslook\" \/>\n<meta property=\"og:site_name\" content=\"Hut Factory\" \/>\n<meta property=\"article:modified_time\" content=\"2026-03-10T10:30:34+00:00\" \/>\n<meta property=\"og:image\" content=\"https:\/\/hutfactory.com\/wp-content\/uploads\/2026\/03\/32504941.webp\" \/>\n\t<meta property=\"og:image:width\" content=\"750\" \/>\n\t<meta property=\"og:image:height\" content=\"750\" \/>\n\t<meta property=\"og:image:type\" content=\"image\/webp\" \/>\n<meta name=\"twitter:card\" content=\"summary_large_image\" \/>\n<meta name=\"twitter:label1\" content=\"Gesch\u00e4tzte Lesezeit\" \/>\n\t<meta name=\"twitter:data1\" content=\"2\u00a0Minuten\" \/>\n<script type=\"application\/ld+json\" class=\"yoast-schema-graph\">{\"@context\":\"https:\\\/\\\/schema.org\",\"@graph\":[{\"@type\":\"WebPage\",\"@id\":\"https:\\\/\\\/hutfactory.com\\\/?product=panamahut-fedora-youth-brisa-6-jeanslook\",\"url\":\"https:\\\/\\\/hutfactory.com\\\/?product=panamahut-fedora-youth-brisa-6-jeanslook\",\"name\":\"Panamahut Fedora Youth Brisa #6 mit Jeansband \u0096 handgefertigt\",\"isPartOf\":{\"@id\":\"https:\\\/\\\/hutfactory.com\\\/#website\"},\"primaryImageOfPage\":{\"@id\":\"https:\\\/\\\/hutfactory.com\\\/?product=panamahut-fedora-youth-brisa-6-jeanslook#primaryimage\"},\"image\":{\"@id\":\"https:\\\/\\\/hutfactory.com\\\/?product=panamahut-fedora-youth-brisa-6-jeanslook#primaryimage\"},\"thumbnailUrl\":\"https:\\\/\\\/hutfactory.com\\\/wp-content\\\/uploads\\\/2026\\\/03\\\/32504941.webp\",\"datePublished\":\"2026-03-10T09:59:31+00:00\",\"dateModified\":\"2026-03-10T10:30:34+00:00\",\"description\":\"Moderner Panamahut im Jeanslook \u0096 stilvoll, nachhaltig und exklusiv in der Schweiz gefertigt. Jetzt entdecken!\",\"breadcrumb\":{\"@id\":\"https:\\\/\\\/hutfactory.com\\\/?product=panamahut-fedora-youth-brisa-6-jeanslook#breadcrumb\"},\"inLanguage\":\"de\",\"potentialAction\":[{\"@type\":\"ReadAction\",\"target\":[\"https:\\\/\\\/hutfactory.com\\\/?product=panamahut-fedora-youth-brisa-6-jeanslook\"]}]},{\"@type\":\"ImageObject\",\"inLanguage\":\"de\",\"@id\":\"https:\\\/\\\/hutfactory.com\\\/?product=panamahut-fedora-youth-brisa-6-jeanslook#primaryimage\",\"url\":\"https:\\\/\\\/hutfactory.com\\\/wp-content\\\/uploads\\\/2026\\\/03\\\/32504941.webp\",\"contentUrl\":\"https:\\\/\\\/hutfactory.com\\\/wp-content\\\/uploads\\\/2026\\\/03\\\/32504941.webp\",\"width\":750,\"height\":750,\"caption\":\"Eleganter Panamahut in Naturfarbe mit charakterstarkem Jeanslook-Hutband aus Rebs \u0096 gefertigt in der Schweiz|Eleganter Panamahut in Naturfarbe mit charakterstarkem Jeanslook-Hutband aus Rebs \u0096 gefertigt in der Schweiz|Eleganter Panamahut in Naturfarbe mit charakterstarkem Jeanslook-Hutband aus Rebs \u0096 gefertigt in der Schweiz|Eleganter Panamahut in Naturfarbe mit charakterstarkem Jeanslook-Hutband aus Rebs \u0096 gefertigt in der Schweiz||||\"},{\"@type\":\"BreadcrumbList\",\"@id\":\"https:\\\/\\\/hutfactory.com\\\/?product=panamahut-fedora-youth-brisa-6-jeanslook#breadcrumb\",\"itemListElement\":[{\"@type\":\"ListItem\",\"position\":1,\"name\":\"Start\",\"item\":\"https:\\\/\\\/hutfactory.com\\\/\"},{\"@type\":\"ListItem\",\"position\":2,\"name\":\"Shop\",\"item\":\"https:\\\/\\\/hutfactory.com\\\/?page_id=10\"},{\"@type\":\"ListItem\",\"position\":3,\"name\":\"Panamahut Fedora Youth Brisa #6 &#8220;Jeanslook&#8221;\"}]},{\"@type\":\"WebSite\",\"@id\":\"https:\\\/\\\/hutfactory.com\\\/#website\",\"url\":\"https:\\\/\\\/hutfactory.com\\\/\",\"name\":\"Hut Factory\",\"description\":\"H\u00fcte, Kappen &amp; M\u00fctzen in Top Swiss\\\/EU Qualit\u00e4t\",\"publisher\":{\"@id\":\"https:\\\/\\\/hutfactory.com\\\/#organization\"},\"alternateName\":\"Hut Shop\",\"potentialAction\":[{\"@type\":\"SearchAction\",\"target\":{\"@type\":\"EntryPoint\",\"urlTemplate\":\"https:\\\/\\\/hutfactory.com\\\/?s={search_term_string}\"},\"query-input\":{\"@type\":\"PropertyValueSpecification\",\"valueRequired\":true,\"valueName\":\"search_term_string\"}}],\"inLanguage\":\"de\"},{\"@type\":\"Organization\",\"@id\":\"https:\\\/\\\/hutfactory.com\\\/#organization\",\"name\":\"Hut Factory\",\"url\":\"https:\\\/\\\/hutfactory.com\\\/\",\"logo\":{\"@type\":\"ImageObject\",\"inLanguage\":\"de\",\"@id\":\"https:\\\/\\\/hutfactory.com\\\/#\\\/schema\\\/logo\\\/image\\\/\",\"url\":\"https:\\\/\\\/hutfactory.com\\\/wp-content\\\/uploads\\\/2026\\\/01\\\/Logo-hut-factory-1.webp\",\"contentUrl\":\"https:\\\/\\\/hutfactory.com\\\/wp-content\\\/uploads\\\/2026\\\/01\\\/Logo-hut-factory-1.webp\",\"width\":300,\"height\":262,\"caption\":\"Hut Factory\"},\"image\":{\"@id\":\"https:\\\/\\\/hutfactory.com\\\/#\\\/schema\\\/logo\\\/image\\\/\"}}]}<\/script>\n<!-- \/ Yoast SEO Premium plugin. -->","yoast_head_json":{"title":"Panamahut Fedora Youth Brisa #6 mit Jeansband \u0096 handgefertigt","description":"Moderner Panamahut im Jeanslook \u0096 stilvoll, nachhaltig und exklusiv in der Schweiz gefertigt. Jetzt entdecken!","robots":{"index":"index","follow":"follow","max-snippet":"max-snippet:-1","max-image-preview":"max-image-preview:large","max-video-preview":"max-video-preview:-1"},"canonical":"https:\/\/hutfactory.com\/?product=panamahut-fedora-youth-brisa-6-jeanslook","og_locale":"de_DE","og_type":"article","og_title":"Panamahut Fedora Youth Brisa #6 \"Jeanslook\"","og_description":"Moderner Panamahut im Jeanslook \u0096 stilvoll, nachhaltig und exklusiv in der Schweiz gefertigt. Jetzt entdecken!","og_url":"https:\/\/hutfactory.com\/?product=panamahut-fedora-youth-brisa-6-jeanslook","og_site_name":"Hut Factory","article_modified_time":"2026-03-10T10:30:34+00:00","og_image":[{"width":750,"height":750,"url":"https:\/\/hutfactory.com\/wp-content\/uploads\/2026\/03\/32504941.webp","type":"image\/webp"}],"twitter_card":"summary_large_image","twitter_misc":{"Gesch\u00e4tzte Lesezeit":"2\u00a0Minuten"},"schema":{"@context":"https:\/\/schema.org","@graph":[{"@type":"WebPage","@id":"https:\/\/hutfactory.com\/?product=panamahut-fedora-youth-brisa-6-jeanslook","url":"https:\/\/hutfactory.com\/?product=panamahut-fedora-youth-brisa-6-jeanslook","name":"Panamahut Fedora Youth Brisa #6 mit Jeansband \u0096 handgefertigt","isPartOf":{"@id":"https:\/\/hutfactory.com\/#website"},"primaryImageOfPage":{"@id":"https:\/\/hutfactory.com\/?product=panamahut-fedora-youth-brisa-6-jeanslook#primaryimage"},"image":{"@id":"https:\/\/hutfactory.com\/?product=panamahut-fedora-youth-brisa-6-jeanslook#primaryimage"},"thumbnailUrl":"https:\/\/hutfactory.com\/wp-content\/uploads\/2026\/03\/32504941.webp","datePublished":"2026-03-10T09:59:31+00:00","dateModified":"2026-03-10T10:30:34+00:00","description":"Moderner Panamahut im Jeanslook \u0096 stilvoll, nachhaltig und exklusiv in der Schweiz gefertigt. Jetzt entdecken!","breadcrumb":{"@id":"https:\/\/hutfactory.com\/?product=panamahut-fedora-youth-brisa-6-jeanslook#breadcrumb"},"inLanguage":"de","potentialAction":[{"@type":"ReadAction","target":["https:\/\/hutfactory.com\/?product=panamahut-fedora-youth-brisa-6-jeanslook"]}]},{"@type":"ImageObject","inLanguage":"de","@id":"https:\/\/hutfactory.com\/?product=panamahut-fedora-youth-brisa-6-jeanslook#primaryimage","url":"https:\/\/hutfactory.com\/wp-content\/uploads\/2026\/03\/32504941.webp","contentUrl":"https:\/\/hutfactory.com\/wp-content\/uploads\/2026\/03\/32504941.webp","width":750,"height":750,"caption":"Eleganter Panamahut in Naturfarbe mit charakterstarkem Jeanslook-Hutband aus Rebs \u0096 gefertigt in der Schweiz|Eleganter Panamahut in Naturfarbe mit charakterstarkem Jeanslook-Hutband aus Rebs \u0096 gefertigt in der Schweiz|Eleganter Panamahut in Naturfarbe mit charakterstarkem Jeanslook-Hutband aus Rebs \u0096 gefertigt in der Schweiz|Eleganter Panamahut in Naturfarbe mit charakterstarkem Jeanslook-Hutband aus Rebs \u0096 gefertigt in der Schweiz||||"},{"@type":"BreadcrumbList","@id":"https:\/\/hutfactory.com\/?product=panamahut-fedora-youth-brisa-6-jeanslook#breadcrumb","itemListElement":[{"@type":"ListItem","position":1,"name":"Start","item":"https:\/\/hutfactory.com\/"},{"@type":"ListItem","position":2,"name":"Shop","item":"https:\/\/hutfactory.com\/?page_id=10"},{"@type":"ListItem","position":3,"name":"Panamahut Fedora Youth Brisa #6 &#8220;Jeanslook&#8221;"}]},{"@type":"WebSite","@id":"https:\/\/hutfactory.com\/#website","url":"https:\/\/hutfactory.com\/","name":"Hut Factory","description":"H\u00fcte, Kappen &amp; M\u00fctzen in Top Swiss\/EU Qualit\u00e4t","publisher":{"@id":"https:\/\/hutfactory.com\/#organization"},"alternateName":"Hut Shop","potentialAction":[{"@type":"SearchAction","target":{"@type":"EntryPoint","urlTemplate":"https:\/\/hutfactory.com\/?s={search_term_string}"},"query-input":{"@type":"PropertyValueSpecification","valueRequired":true,"valueName":"search_term_string"}}],"inLanguage":"de"},{"@type":"Organization","@id":"https:\/\/hutfactory.com\/#organization","name":"Hut Factory","url":"https:\/\/hutfactory.com\/","logo":{"@type":"ImageObject","inLanguage":"de","@id":"https:\/\/hutfactory.com\/#\/schema\/logo\/image\/","url":"https:\/\/hutfactory.com\/wp-content\/uploads\/2026\/01\/Logo-hut-factory-1.webp","contentUrl":"https:\/\/hutfactory.com\/wp-content\/uploads\/2026\/01\/Logo-hut-factory-1.webp","width":300,"height":262,"caption":"Hut Factory"},"image":{"@id":"https:\/\/hutfactory.com\/#\/schema\/logo\/image\/"}}]}},"_links":{"self":[{"href":"https:\/\/hutfactory.com\/index.php?rest_route=\/wp\/v2\/product\/15782","targetHints":{"allow":["GET"]}}],"collection":[{"href":"https:\/\/hutfactory.com\/index.php?rest_route=\/wp\/v2\/product"}],"about":[{"href":"https:\/\/hutfactory.com\/index.php?rest_route=\/wp\/v2\/types\/product"}],"wp:featuredmedia":[{"embeddable":true,"href":"https:\/\/hutfactory.com\/index.php?rest_route=\/wp\/v2\/media\/15783"}],"wp:attachment":[{"href":"https:\/\/hutfactory.com\/index.php?rest_route=%2Fwp%2Fv2%2Fmedia&parent=15782"}],"wp:term":[{"taxonomy":"product_brand","embeddable":true,"href":"https:\/\/hutfactory.com\/index.php?rest_route=%2Fwp%2Fv2%2Fproduct_brand&post=15782"},{"taxonomy":"product_cat","embeddable":true,"href":"https:\/\/hutfactory.com\/index.php?rest_route=%2Fwp%2Fv2%2Fproduct_cat&post=15782"},{"taxonomy":"product_tag","embeddable":true,"href":"https:\/\/hutfactory.com\/index.php?rest_route=%2Fwp%2Fv2%2Fproduct_tag&post=15782"}],"curies":[{"name":"wp","href":"https:\/\/api.w.org\/{rel}","templated":true}]}}