{"id":15705,"date":"2026-03-10T09:58:55","date_gmt":"2026-03-10T09:58:55","guid":{"rendered":"https:\/\/hutfactory.com\/?product=haarmasche-%c2%93freiamt-meienbergerin%c2%84"},"modified":"2026-03-10T10:27:53","modified_gmt":"2026-03-10T10:27:53","slug":"haarmasche-%c2%93freiamt-meienbergerin%c2%84","status":"publish","type":"product","link":"https:\/\/hutfactory.com\/?product=haarmasche-%c2%93freiamt-meienbergerin%c2%84","title":{"rendered":"Haarmasche \u0093Freiamt Meienbergerin\u0084"},"content":{"rendered":"<div class=\"wpb-content-wrapper\"><p>[vc_row][vc_column][vc_column_text]In einer Welt, die oft von schneller Massenproduktion beherrscht wird, gibt es noch wahre Handwerkskunst zu entdecken. Die Meienberger Haarmasche ist eine solche Rarit\u00e4t &#8211; ein Accessoire aus geflochtenem Weizenstroh und Pedaline, das mit seinen edlen Farbzusammenstellungen die Sinne bet\u00f6rt.<\/p>\n<p>Jedes St\u00fcck ist ein Unikat, denn die Farbmischung entsteht zuf\u00e4llig bei \u00fcber 35 aufwendigen Arbeitsschritten, die in Handarbeit ausgef\u00fchrt werden. Ein kunstvoll geflochtener Bord wird zu einem Band zusammengen\u00e4ht, das schlie\u00dflich in einer gro\u00dfen, wundersch\u00f6nen Masche endet.<\/p>\n<p>Diese einzigartige Haarmasche wird von einer hochwertigen Haarspange gehalten, deren allergiefreier Stahl garantiert keine Sch\u00e4den am Haar verursacht. Egal ob dick oder d\u00fcnn, lang oder kurz, diese Haarspangen sind rutschfest und halten zuverl\u00e4ssig.<\/p>\n<p>Nicht nur ihre Sch\u00f6nheit, sondern auch ihre Wertigkeit zeichnet die Meienberger Haarmasche aus. Nur die besten Materialien werden ausgew\u00e4hlt und in exakter Handarbeit veredelt. Diese Einzelanfertigungen sind wahre Sch\u00e4tze und zeugen von dem feinen Gesp\u00fcr f\u00fcr Qualit\u00e4t, Design und Sch\u00f6nheit.<\/p>\n<p>Entdecke jetzt die unvergleichliche Sch\u00f6nheit der Meienberger Haarmasche und erlebe die Kunst des Handwerks hautnah![\/vc_column_text][\/vc_column][\/vc_row]<\/p>\n<div class=\"hf-accordions\">\n<hr class=\"hf-accordion-separator\" \/>\n<details class=\"hf-accordion\">\n<summary><strong>\u25b6\ufe0f Gut zu wissen \u2013 mehr erfahren<\/strong><\/summary>\n<div class=\"hf-accordion-content\">\n<div class=\"wpb_text_column wpb_content_element\">\n<div class=\"wpb_wrapper\">\n<h3>Ausstattungsmerkmale<\/h3>\n<\/div>\n<\/div>\n<div class=\"wpb_text_column wpb_content_element\">\n<div class=\"wpb_wrapper\">\n<ul>\n<li><strong>Material:<\/strong>\u00a050% Stroh \/ 50% Pedaline<\/li>\n<li><strong>Farboptionen:<\/strong>\u00a01. Weiss, 2. Nougat, 3. Marine<\/li>\n<li><strong>Garnitur:<\/strong>\u00a0Rostfreie Spange f\u00fcr die Haarbefestigung<\/li>\n<li><strong>Gr\u00f6\u00dfen:<\/strong>\u00a0one size<\/li>\n<li><strong>Made:<\/strong>\u00a0Dieses Modell wird im Herzen Europas bei der Schweizer Hutmanufaktur Risa auf Bestellung hergestellt<\/li>\n<li><strong>Herstellung:<\/strong>\u00a0Innert 10 bis 15 Arbeitstage nach Zahlungseingang<\/li>\n<li><strong>Abverkauf:\u00a0<\/strong>des Rohmaterials vorbehalten<\/li>\n<\/ul>\n<\/div>\n<\/div>\n<\/div>\n<\/details>\n<details class=\"hf-accordion\">\n<summary><strong>\u25b6\ufe0f FAQ \u2013 H\u00e4ufige Fragen<\/strong><\/summary>\n<div class=\"hf-accordion-content\">\n<h3>H\u00e4ufig gestellte Fragen (FAQs)<\/h3>\n<ol>\n<li><strong>Sind die Haarspangen allergiefrei?<\/strong>\u00a0Ja, unsere Haarspangen sind aus allergiefreiem Stahl gefertigt, der keine Sch\u00e4den am Haar verursacht.<\/li>\n<li><strong>Wie werden die Farben der Haarmaschen hergestellt?<\/strong>\u00a0Die Farbmischung entsteht zuf\u00e4llig bei \u00fcber 35 aufwendigen Arbeitsschritten, die in Handarbeit ausgef\u00fchrt werden.<\/li>\n<li><strong>Sind die Haarspangen rutschfest?<\/strong>\u00a0Ja, unsere Haarspangen sind rutschfest und halten zuverl\u00e4ssig, unabh\u00e4ngig von der Haardicke oder -l\u00e4nge.<\/li>\n<li><strong>Welche Materialien werden f\u00fcr die Haarmaschen verwendet?<\/strong>\u00a0F\u00fcr unsere Haarmaschen werden nur die besten Materialien, darunter geflochtenes Weizenstroh und Pedaline, ausgew\u00e4hlt.<\/li>\n<li><strong>Wie wird die Haarmasche befestigt?<\/strong>\u00a0Die Haarmasche wird von einer hochwertigen Haarspange gehalten, die sicher und schonend f\u00fcr das Haar ist.<\/li>\n<li><strong>Sind die Haarmaschen wasserfest?<\/strong>\u00a0Unsere Haarmaschen sind nicht wasserfest und sollten vor direktem Kontakt mit Wasser gesch\u00fctzt werden, um ihre Sch\u00f6nheit und Langlebigkeit zu erhalten.<\/li>\n<li><strong>Wie lange dauert die Herstellung einer Haarmasche?<\/strong>\u00a0Die Herstellung einer Haarmasche erfordert viel Handarbeit und dauert je nach Design und Komplexit\u00e4t unterschiedlich lange.<\/li>\n<li><strong>K\u00f6nnen die Haarmaschen individualisiert werden?<\/strong>\u00a0Ja, wir bieten auch die M\u00f6glichkeit zur Individualisierung von Haarmaschen, um Ihren pers\u00f6nlichen Stil und Geschmack zu reflektieren.<\/li>\n<li><strong>Wie pflege ich meine Haarmasche am besten?<\/strong>\u00a0Wir empfehlen, die Haarmasche sanft zu reinigen und vor direkter Sonneneinstrahlung und Feuchtigkeit zu sch\u00fctzen, um ihre Sch\u00f6nheit zu bewahren.<\/li>\n<li><strong>Gibt es eine Garantie f\u00fcr die Haarmaschen?<\/strong>\u00a0Ja, wir bieten eine Garantie bei Material- und Herstellungsfehlern an, um Ihnen ein H\u00f6chstma\u00df an Qualit\u00e4tssicherheit zu bieten.<\/li>\n<\/ol>\n<\/div>\n<\/details>\n<\/div>\n<\/div>","protected":false},"excerpt":{"rendered":"<p>Die exklusive Haarmasche aus feinem Strohborten gen\u00e4ht, in drei schicken Sommerfarben ist der Haarschmuck f\u00fcr alle Anl\u00e4sse, egal ob Alltag, B\u00fcro oder Hochzeit.<\/p>\n","protected":false},"featured_media":15706,"template":"","meta":{"_acf_changed":false,"rs_blank_template":"","rs_page_bg_color":"","slide_template_v7":""},"product_brand":[250],"product_cat":[595,596,275],"product_tag":[],"class_list":{"0":"post-15705","1":"product","2":"type-product","3":"status-publish","4":"has-post-thumbnail","6":"product_brand-risa-hutwerkstatt-schweiz","7":"product_cat-accessoires-zubehoer","8":"product_cat-hut-zubehoer","9":"product_cat-sommerhuete","10":"product_shipping_class-mittlere-pakete","11":"pa_color-natur-marine","12":"pa_color-natur-nougat","13":"pa_color-natur-weiss","14":"pa_groesse-one-size","15":"yith_product_brand-risa-hutwerkstatt-schweiz","18":"instock","19":"taxable","20":"shipping-taxable","21":"purchasable","22":"product-type-variable","23":"wvs-archive-product-wrapper","24":"add-to-wishlist-after_add_to_cart"},"acf":[],"yoast_head":"<!-- This site is optimized with the Yoast SEO Premium plugin v27.3 (Yoast SEO v27.3) - https:\/\/yoast.com\/product\/yoast-seo-premium-wordpress\/ -->\n<title>Haarmasche \u0093Freiamt Meienbergerin\u0084 - Hut Factory<\/title>\n<meta name=\"robots\" content=\"index, follow, max-snippet:-1, max-image-preview:large, max-video-preview:-1\" \/>\n<link rel=\"canonical\" href=\"https:\/\/hutfactory.com\/?product=haarmasche-\u0093freiamt-meienbergerin\u0084\" \/>\n<meta property=\"og:locale\" content=\"de_DE\" \/>\n<meta property=\"og:type\" content=\"article\" \/>\n<meta property=\"og:title\" content=\"Haarmasche \u0093Freiamt Meienbergerin\u0084\" \/>\n<meta property=\"og:description\" content=\"Die exklusive Haarmasche aus feinem Strohborten gen\u00e4ht, in drei schicken Sommerfarben ist der Haarschmuck f\u00fcr alle Anl\u00e4sse, egal ob Alltag, B\u00fcro oder Hochzeit.\" \/>\n<meta property=\"og:url\" content=\"https:\/\/hutfactory.com\/?product=haarmasche-\u0093freiamt-meienbergerin\u0084\" \/>\n<meta property=\"og:site_name\" content=\"Hut Factory\" \/>\n<meta property=\"article:modified_time\" content=\"2026-03-10T10:27:53+00:00\" \/>\n<meta property=\"og:image\" content=\"https:\/\/hutfactory.com\/wp-content\/uploads\/2026\/03\/11777.alle_.webp\" \/>\n\t<meta property=\"og:image:width\" content=\"750\" \/>\n\t<meta property=\"og:image:height\" content=\"750\" \/>\n\t<meta property=\"og:image:type\" content=\"image\/webp\" \/>\n<meta name=\"twitter:card\" content=\"summary_large_image\" \/>\n<meta name=\"twitter:label1\" content=\"Gesch\u00e4tzte Lesezeit\" \/>\n\t<meta name=\"twitter:data1\" content=\"2\u00a0Minuten\" \/>\n<script type=\"application\/ld+json\" class=\"yoast-schema-graph\">{\"@context\":\"https:\\\/\\\/schema.org\",\"@graph\":[{\"@type\":\"WebPage\",\"@id\":\"https:\\\/\\\/hutfactory.com\\\/?product=haarmasche-%c2%93freiamt-meienbergerin%c2%84\",\"url\":\"https:\\\/\\\/hutfactory.com\\\/?product=haarmasche-%c2%93freiamt-meienbergerin%c2%84\",\"name\":\"Haarmasche \u0093Freiamt Meienbergerin\u0084 - Hut Factory\",\"isPartOf\":{\"@id\":\"https:\\\/\\\/hutfactory.com\\\/#website\"},\"primaryImageOfPage\":{\"@id\":\"https:\\\/\\\/hutfactory.com\\\/?product=haarmasche-%c2%93freiamt-meienbergerin%c2%84#primaryimage\"},\"image\":{\"@id\":\"https:\\\/\\\/hutfactory.com\\\/?product=haarmasche-%c2%93freiamt-meienbergerin%c2%84#primaryimage\"},\"thumbnailUrl\":\"https:\\\/\\\/hutfactory.com\\\/wp-content\\\/uploads\\\/2026\\\/03\\\/11777.alle_.webp\",\"datePublished\":\"2026-03-10T09:58:55+00:00\",\"dateModified\":\"2026-03-10T10:27:53+00:00\",\"breadcrumb\":{\"@id\":\"https:\\\/\\\/hutfactory.com\\\/?product=haarmasche-%c2%93freiamt-meienbergerin%c2%84#breadcrumb\"},\"inLanguage\":\"de\",\"potentialAction\":[{\"@type\":\"ReadAction\",\"target\":[\"https:\\\/\\\/hutfactory.com\\\/?product=haarmasche-%c2%93freiamt-meienbergerin%c2%84\"]}]},{\"@type\":\"ImageObject\",\"inLanguage\":\"de\",\"@id\":\"https:\\\/\\\/hutfactory.com\\\/?product=haarmasche-%c2%93freiamt-meienbergerin%c2%84#primaryimage\",\"url\":\"https:\\\/\\\/hutfactory.com\\\/wp-content\\\/uploads\\\/2026\\\/03\\\/11777.alle_.webp\",\"contentUrl\":\"https:\\\/\\\/hutfactory.com\\\/wp-content\\\/uploads\\\/2026\\\/03\\\/11777.alle_.webp\",\"width\":750,\"height\":750,\"caption\":\"|||||\"},{\"@type\":\"BreadcrumbList\",\"@id\":\"https:\\\/\\\/hutfactory.com\\\/?product=haarmasche-%c2%93freiamt-meienbergerin%c2%84#breadcrumb\",\"itemListElement\":[{\"@type\":\"ListItem\",\"position\":1,\"name\":\"Start\",\"item\":\"https:\\\/\\\/hutfactory.com\\\/\"},{\"@type\":\"ListItem\",\"position\":2,\"name\":\"Shop\",\"item\":\"https:\\\/\\\/hutfactory.com\\\/?page_id=10\"},{\"@type\":\"ListItem\",\"position\":3,\"name\":\"Haarmasche \u0093Freiamt Meienbergerin\u0084\"}]},{\"@type\":\"WebSite\",\"@id\":\"https:\\\/\\\/hutfactory.com\\\/#website\",\"url\":\"https:\\\/\\\/hutfactory.com\\\/\",\"name\":\"Hut Factory\",\"description\":\"H\u00fcte, Kappen &amp; M\u00fctzen in Top Swiss\\\/EU Qualit\u00e4t\",\"publisher\":{\"@id\":\"https:\\\/\\\/hutfactory.com\\\/#organization\"},\"alternateName\":\"Hut Shop\",\"potentialAction\":[{\"@type\":\"SearchAction\",\"target\":{\"@type\":\"EntryPoint\",\"urlTemplate\":\"https:\\\/\\\/hutfactory.com\\\/?s={search_term_string}\"},\"query-input\":{\"@type\":\"PropertyValueSpecification\",\"valueRequired\":true,\"valueName\":\"search_term_string\"}}],\"inLanguage\":\"de\"},{\"@type\":\"Organization\",\"@id\":\"https:\\\/\\\/hutfactory.com\\\/#organization\",\"name\":\"Hut Factory\",\"url\":\"https:\\\/\\\/hutfactory.com\\\/\",\"logo\":{\"@type\":\"ImageObject\",\"inLanguage\":\"de\",\"@id\":\"https:\\\/\\\/hutfactory.com\\\/#\\\/schema\\\/logo\\\/image\\\/\",\"url\":\"https:\\\/\\\/hutfactory.com\\\/wp-content\\\/uploads\\\/2026\\\/01\\\/Logo-hut-factory-1.webp\",\"contentUrl\":\"https:\\\/\\\/hutfactory.com\\\/wp-content\\\/uploads\\\/2026\\\/01\\\/Logo-hut-factory-1.webp\",\"width\":300,\"height\":262,\"caption\":\"Hut Factory\"},\"image\":{\"@id\":\"https:\\\/\\\/hutfactory.com\\\/#\\\/schema\\\/logo\\\/image\\\/\"}}]}<\/script>\n<!-- \/ Yoast SEO Premium plugin. -->","yoast_head_json":{"title":"Haarmasche \u0093Freiamt Meienbergerin\u0084 - Hut Factory","robots":{"index":"index","follow":"follow","max-snippet":"max-snippet:-1","max-image-preview":"max-image-preview:large","max-video-preview":"max-video-preview:-1"},"canonical":"https:\/\/hutfactory.com\/?product=haarmasche-\u0093freiamt-meienbergerin\u0084","og_locale":"de_DE","og_type":"article","og_title":"Haarmasche \u0093Freiamt Meienbergerin\u0084","og_description":"Die exklusive Haarmasche aus feinem Strohborten gen\u00e4ht, in drei schicken Sommerfarben ist der Haarschmuck f\u00fcr alle Anl\u00e4sse, egal ob Alltag, B\u00fcro oder Hochzeit.","og_url":"https:\/\/hutfactory.com\/?product=haarmasche-\u0093freiamt-meienbergerin\u0084","og_site_name":"Hut Factory","article_modified_time":"2026-03-10T10:27:53+00:00","og_image":[{"width":750,"height":750,"url":"https:\/\/hutfactory.com\/wp-content\/uploads\/2026\/03\/11777.alle_.webp","type":"image\/webp"}],"twitter_card":"summary_large_image","twitter_misc":{"Gesch\u00e4tzte Lesezeit":"2\u00a0Minuten"},"schema":{"@context":"https:\/\/schema.org","@graph":[{"@type":"WebPage","@id":"https:\/\/hutfactory.com\/?product=haarmasche-%c2%93freiamt-meienbergerin%c2%84","url":"https:\/\/hutfactory.com\/?product=haarmasche-%c2%93freiamt-meienbergerin%c2%84","name":"Haarmasche \u0093Freiamt Meienbergerin\u0084 - Hut Factory","isPartOf":{"@id":"https:\/\/hutfactory.com\/#website"},"primaryImageOfPage":{"@id":"https:\/\/hutfactory.com\/?product=haarmasche-%c2%93freiamt-meienbergerin%c2%84#primaryimage"},"image":{"@id":"https:\/\/hutfactory.com\/?product=haarmasche-%c2%93freiamt-meienbergerin%c2%84#primaryimage"},"thumbnailUrl":"https:\/\/hutfactory.com\/wp-content\/uploads\/2026\/03\/11777.alle_.webp","datePublished":"2026-03-10T09:58:55+00:00","dateModified":"2026-03-10T10:27:53+00:00","breadcrumb":{"@id":"https:\/\/hutfactory.com\/?product=haarmasche-%c2%93freiamt-meienbergerin%c2%84#breadcrumb"},"inLanguage":"de","potentialAction":[{"@type":"ReadAction","target":["https:\/\/hutfactory.com\/?product=haarmasche-%c2%93freiamt-meienbergerin%c2%84"]}]},{"@type":"ImageObject","inLanguage":"de","@id":"https:\/\/hutfactory.com\/?product=haarmasche-%c2%93freiamt-meienbergerin%c2%84#primaryimage","url":"https:\/\/hutfactory.com\/wp-content\/uploads\/2026\/03\/11777.alle_.webp","contentUrl":"https:\/\/hutfactory.com\/wp-content\/uploads\/2026\/03\/11777.alle_.webp","width":750,"height":750,"caption":"|||||"},{"@type":"BreadcrumbList","@id":"https:\/\/hutfactory.com\/?product=haarmasche-%c2%93freiamt-meienbergerin%c2%84#breadcrumb","itemListElement":[{"@type":"ListItem","position":1,"name":"Start","item":"https:\/\/hutfactory.com\/"},{"@type":"ListItem","position":2,"name":"Shop","item":"https:\/\/hutfactory.com\/?page_id=10"},{"@type":"ListItem","position":3,"name":"Haarmasche \u0093Freiamt Meienbergerin\u0084"}]},{"@type":"WebSite","@id":"https:\/\/hutfactory.com\/#website","url":"https:\/\/hutfactory.com\/","name":"Hut Factory","description":"H\u00fcte, Kappen &amp; M\u00fctzen in Top Swiss\/EU Qualit\u00e4t","publisher":{"@id":"https:\/\/hutfactory.com\/#organization"},"alternateName":"Hut Shop","potentialAction":[{"@type":"SearchAction","target":{"@type":"EntryPoint","urlTemplate":"https:\/\/hutfactory.com\/?s={search_term_string}"},"query-input":{"@type":"PropertyValueSpecification","valueRequired":true,"valueName":"search_term_string"}}],"inLanguage":"de"},{"@type":"Organization","@id":"https:\/\/hutfactory.com\/#organization","name":"Hut Factory","url":"https:\/\/hutfactory.com\/","logo":{"@type":"ImageObject","inLanguage":"de","@id":"https:\/\/hutfactory.com\/#\/schema\/logo\/image\/","url":"https:\/\/hutfactory.com\/wp-content\/uploads\/2026\/01\/Logo-hut-factory-1.webp","contentUrl":"https:\/\/hutfactory.com\/wp-content\/uploads\/2026\/01\/Logo-hut-factory-1.webp","width":300,"height":262,"caption":"Hut Factory"},"image":{"@id":"https:\/\/hutfactory.com\/#\/schema\/logo\/image\/"}}]}},"_links":{"self":[{"href":"https:\/\/hutfactory.com\/index.php?rest_route=\/wp\/v2\/product\/15705","targetHints":{"allow":["GET"]}}],"collection":[{"href":"https:\/\/hutfactory.com\/index.php?rest_route=\/wp\/v2\/product"}],"about":[{"href":"https:\/\/hutfactory.com\/index.php?rest_route=\/wp\/v2\/types\/product"}],"wp:featuredmedia":[{"embeddable":true,"href":"https:\/\/hutfactory.com\/index.php?rest_route=\/wp\/v2\/media\/15706"}],"wp:attachment":[{"href":"https:\/\/hutfactory.com\/index.php?rest_route=%2Fwp%2Fv2%2Fmedia&parent=15705"}],"wp:term":[{"taxonomy":"product_brand","embeddable":true,"href":"https:\/\/hutfactory.com\/index.php?rest_route=%2Fwp%2Fv2%2Fproduct_brand&post=15705"},{"taxonomy":"product_cat","embeddable":true,"href":"https:\/\/hutfactory.com\/index.php?rest_route=%2Fwp%2Fv2%2Fproduct_cat&post=15705"},{"taxonomy":"product_tag","embeddable":true,"href":"https:\/\/hutfactory.com\/index.php?rest_route=%2Fwp%2Fv2%2Fproduct_tag&post=15705"}],"curies":[{"name":"wp","href":"https:\/\/api.w.org\/{rel}","templated":true}]}}