{"id":15657,"date":"2026-03-10T09:58:27","date_gmt":"2026-03-10T09:58:27","guid":{"rendered":"https:\/\/hutfactory.com\/?product=kinder-stoffhut-karo"},"modified":"2026-03-12T09:50:56","modified_gmt":"2026-03-12T09:50:56","slug":"kinder-stoffhut-karo","status":"publish","type":"product","link":"https:\/\/hutfactory.com\/?product=kinder-stoffhut-karo","title":{"rendered":"Kinder Stoffhut &#8220;Karo&#8221;"},"content":{"rendered":"<h3 data-start=\"499\" data-end=\"789\"><strong data-start=\"499\" data-end=\"532\">Perfekt f\u00fcr kleine Abenteurer<\/strong> ??<\/h3>\n<p class=\"\" data-start=\"499\" data-end=\"789\">Dieser Hut wurde speziell f\u00fcr aktive Kinder entworfen, die gerne drau\u00dfen spielen und die Welt entdecken. Das weiche Leinenmaterial sorgt f\u00fcr ein leichtes und angenehmes Tragegef\u00fchl, w\u00e4hrend die breitere Krempe zus\u00e4tzlichen Schutz vor der Sonne bietet.<\/p>\n<p class=\"\" data-start=\"791\" data-end=\"980\"><strong data-start=\"791\" data-end=\"826\">Fr\u00f6hliche Farben f\u00fcr gute Laune<\/strong> ??<br data-start=\"829\" data-end=\"832\" \/>Egal, ob beim Spielen im Garten, am Strand oder auf dem Spielplatz \u0096 dieser Hut bringt mit seinen frischen Farben pure Lebensfreude in den Alltag:<\/p>\n<ul data-start=\"981\" data-end=\"1254\">\n<li class=\"\" data-start=\"981\" data-end=\"1087\">\n<p class=\"\" data-start=\"983\" data-end=\"1087\"><strong data-start=\"983\" data-end=\"994\">Orange:<\/strong> Strahlend und leuchtend \u0096 ideal, um Ihr Kind in jeder Menschenmenge sofort wiederzufinden.<\/p>\n<\/li>\n<li class=\"\" data-start=\"1088\" data-end=\"1165\">\n<p class=\"\" data-start=\"1090\" data-end=\"1165\"><strong data-start=\"1090\" data-end=\"1099\">Pink:<\/strong> Ein niedlicher, verspielter Farbton, der zu jedem Outfit passt.<\/p>\n<\/li>\n<li class=\"\" data-start=\"1166\" data-end=\"1254\">\n<p class=\"\" data-start=\"1168\" data-end=\"1254\"><strong data-start=\"1168\" data-end=\"1179\">T\u00fcrkis:<\/strong> Frisch und fr\u00f6hlich \u0096 perfekt f\u00fcr kleine Abenteurerinnen und Abenteurer.<\/p>\n<\/li>\n<\/ul>\n<p class=\"\" data-start=\"1256\" data-end=\"1535\"><strong data-start=\"1256\" data-end=\"1290\">Nat\u00fcrlicher Komfort &#038; Qualit\u00e4t<\/strong> ??<br data-start=\"1293\" data-end=\"1296\" \/>Mit gr\u00f6\u00dfter Sorgfalt wird dieser Kinder Stoffhut im Herzen Europas von der <strong data-start=\"1371\" data-end=\"1413\">Schweizer Hutmanufaktur Risa entworfen<\/strong> und in kleiner St\u00fcckzahl in Italien handgefertigt. Nachhaltigkeit und hochwertige Materialien stehen hier im Vordergrund.<\/p>\n<div class=\"hf-accordions\">\n<hr class=\"hf-accordion-separator\" \/>\n<details class=\"hf-accordion\">\n<summary><strong>\u25b6\ufe0f Gut zu wissen \u2013 mehr erfahren<\/strong><\/summary>\n<div class=\"hf-accordion-content\">\n<p data-start=\"1542\" data-end=\"1576\"><strong data-start=\"1182\" data-end=\"1209\">Eigenschaften &#038; Details<\/strong><br data-start=\"1209\" data-end=\"1212\" \/>Material: 100% Leinen \u0096 Leicht, atmungsaktiv und besonders angenehm auf der Haut.<br data-start=\"1307\" data-end=\"1310\" \/>Farben:range, Pink, T\u00fcrkis \u0096 Fr\u00f6hliche Farben, die jedes Outfit aufpeppen.<br data-start=\"1383\" data-end=\"1386\" \/>Gr\u00f6\u00dfen: 46-54 \u0096 Passgenau f\u00fcr kleine K\u00f6pfe.<br data-start=\"1433\" data-end=\"1436\" \/>Design: Kinderfreundliches Design\u00a0 mitKaro-Muster.<br data-start=\"1508\" data-end=\"1511\" \/>Herstellung: Entworfen in der Schweizer Hutmanufaktur Risa, gefertigt in Italien.<br data-start=\"1600\" data-end=\"1603\" \/>Versand: Innerhalb weniger Tage ab Lager Schweiz.<br data-start=\"1656\" data-end=\"1659\" \/>Garantie: Umtausch nur bei Material- oder Herstellungsfehlern.<br data-start=\"1725\" data-end=\"1728\" \/>Verf\u00fcgbarkeit: Abverkauf des Rohmaterials vorbehalten.<\/p>\n<p class=\"\" data-start=\"1790\" data-end=\"2184\"><strong data-start=\"1790\" data-end=\"1815\">Design &#038; Verarbeitung<\/strong><br data-start=\"1815\" data-end=\"1818\" \/>Die <strong data-start=\"1822\" data-end=\"1845\">Kinderm\u00fctze mit Karomuster <\/strong>wird mit Sorgfalt und Liebe zum Detail gefertigt. Das hochwertige Material aus Leinen bietet optimale Atmungsaktivit\u00e4t und Komfort. Durch die Verwendung nat\u00fcrlicher Materialien wird der M\u00fctze nicht nur ein angenehmes Tragegef\u00fchl verliehen, sondern auch eine stilvolle Optik, die Kinder und Eltern gleicherma\u00dfen begeistert.<\/p>\n<p class=\"\" data-start=\"2186\" data-end=\"2413\"><strong data-start=\"2186\" data-end=\"2213\">Handgefertigt in Europa<\/strong><br data-start=\"2213\" data-end=\"2216\" \/>Diese M\u00fctze wird von der <strong data-start=\"2241\" data-end=\"2273\">Schweizer Hutmanufaktur Risa<\/strong> mit Hingabe entworfen und in Italien in kleiner St\u00fcckzahl hergestellt. Eine Verbindung von traditionellem Handwerk und moderner \u00c4sthetik.<\/p>\n<p class=\"\" data-start=\"2415\" data-end=\"2690\"><strong data-start=\"2415\" data-end=\"2444\">Nachhaltigkeit &#038; Qualit\u00e4t<\/strong><br data-start=\"2444\" data-end=\"2447\" \/><strong data-start=\"2447\" data-end=\"2474\">Nat\u00fcrliche Materialien:<\/strong> Hochwertige Leinen \u0096 ideal f\u00fcr zarte Kinderhaut.<br data-start=\"2537\" data-end=\"2540\" \/><strong data-start=\"2540\" data-end=\"2569\">Traditionelle Handarbeit:<\/strong> Jede M\u00fctze wird mit gr\u00f6\u00dfter Sorgfalt hergestellt.<br data-start=\"2619\" data-end=\"2622\" \/><strong data-start=\"2622\" data-end=\"2640\">Langlebigkeit:<\/strong> Robust und langlebig \u0096 ideal f\u00fcr aktive Kinder.<\/p>\n<p class=\"\" data-start=\"2692\" data-end=\"2923\"><strong data-start=\"2692\" data-end=\"2717\">Herstellung &#038; Versand<\/strong><br data-start=\"2717\" data-end=\"2720\" \/><strong data-start=\"2720\" data-end=\"2749\">Fertigung auf Bestellung:<\/strong> Diese Kinderm\u00fctze wird exklusiv f\u00fcr Sie produziert.<br data-start=\"2801\" data-end=\"2804\" \/><strong data-start=\"2804\" data-end=\"2816\">Versand:<\/strong> Schnelle Lieferung ab Lager Schweiz.<br data-start=\"2853\" data-end=\"2856\" \/><strong data-start=\"2856\" data-end=\"2869\">Umtausch:<\/strong> Nur bei Material- oder Herstellungsfehlern m\u00f6glich.<\/p>\n<\/div>\n<\/details>\n<details class=\"hf-accordion\">\n<summary><strong>\u25b6\ufe0f FAQ \u2013 H\u00e4ufige Fragen<\/strong><\/summary>\n<div class=\"hf-accordion-content\">\n<p class=\"\" data-start=\"2925\" data-end=\"3068\"><strong data-start=\"2925\" data-end=\"2932\">FAQ<\/strong><br data-start=\"2932\" data-end=\"2935\" \/><strong data-start=\"2935\" data-end=\"2990\">Ist die M\u00fctze f\u00fcr empfindliche Kinderhaut geeignet?<\/strong><br data-start=\"2990\" data-end=\"2993\" \/>Ja, das nat\u00fcrliche Leinen-Gewebe ist besonders sanft zur Haut.<\/p>\n<p class=\"\" data-start=\"3070\" data-end=\"3178\"><strong data-start=\"3070\" data-end=\"3101\">Kann ich die M\u00fctze waschen?<\/strong><br data-start=\"3101\" data-end=\"3104\" \/>Ja, Handw\u00e4sche wird empfohlen, um das Material und den Print zu schonen.<\/p>\n<p class=\"\" data-start=\"3180\" data-end=\"3319\"><strong data-start=\"3180\" data-end=\"3214\">Bietet die M\u00fctze Sonnenschutz?<\/strong><br data-start=\"3214\" data-end=\"3217\" \/>Der Stoff bietet Schutz vor Sonnenstrahlen, aber ein zus\u00e4tzlicher Sonnenblocker in Form eine Creme wird empfohlen.<\/p>\n<\/div>\n<\/details>\n<\/div>\n","protected":false},"excerpt":{"rendered":"<h3 class=\"\" data-start=\"0\" data-end=\"96\"><strong data-start=\"4\" data-end=\"96\"> Verspielter Sonnenschutz f\u00fcr kleine Entdecker<\/strong><\/h3>\n<p class=\"\" data-start=\"98\" data-end=\"497\">Holen Sie sich den perfekten Sommerbegleiter f\u00fcr Ihre Kleinen! Der <strong data-start=\"165\" data-end=\"209\">Kinder Stoffhut mit fr\u00f6hlichem Karoprint<\/strong> besticht durch seine leuchtenden Farben und verspielten Karomuster, die jedes Abenteuer noch bunter machen. Gefertigt aus <strong data-start=\"332\" data-end=\"347\">100% Leinen<\/strong>, bietet dieser Hut nicht nur einen nat\u00fcrlichen und angenehmen Tragekomfort, sondern auch hervorragende Atmungsaktivit\u00e4t \u0096 ideal f\u00fcr hei\u00dfe Sommertage.<\/p>\n","protected":false},"featured_media":15658,"template":"","meta":{"_acf_changed":false,"rs_blank_template":"","rs_page_bg_color":"","slide_template_v7":""},"product_brand":[250],"product_cat":[590,275],"product_tag":[],"class_list":{"0":"post-15657","1":"product","2":"type-product","3":"status-publish","4":"has-post-thumbnail","6":"product_brand-risa-hutwerkstatt-schweiz","7":"product_cat-kinder-sommerhuete","8":"product_cat-sommerhuete","9":"product_shipping_class-mittlere-pakete","10":"pa_color-orange","11":"pa_color-pink","12":"pa_color-tuerkis","13":"pa_groesse-46-45-46","14":"pa_groesse-48-47-48","15":"pa_groesse-50-49-50","16":"pa_groesse-52-51-52","17":"pa_groesse-54-53-54","18":"yith_product_brand-risa-hutwerkstatt-schweiz","21":"instock","22":"taxable","23":"shipping-taxable","24":"purchasable","25":"product-type-variable","26":"wvs-archive-product-wrapper","27":"add-to-wishlist-after_add_to_cart"},"acf":[],"yoast_head":"<!-- This site is optimized with the Yoast SEO Premium plugin v27.3 (Yoast SEO v27.3) - https:\/\/yoast.com\/product\/yoast-seo-premium-wordpress\/ -->\n<title>Kinderm\u00fctze Loki - Sommerliches Abenteuer f\u00fcr Kinder<\/title>\n<meta name=\"description\" content=\"Begeben Sie sich mit der &#039;Kinderm\u00fctze Loki&#039; auf eine reise mit der kleinen Lok. Exklusives Design, feinste Baumwolle mit Leinen, perfekt f\u00fcr den Sommer!\" \/>\n<meta name=\"robots\" content=\"index, follow, max-snippet:-1, max-image-preview:large, max-video-preview:-1\" \/>\n<link rel=\"canonical\" href=\"https:\/\/hutfactory.com\/?product=kinder-stoffhut-karo\" \/>\n<meta property=\"og:locale\" content=\"de_DE\" \/>\n<meta property=\"og:type\" content=\"article\" \/>\n<meta property=\"og:title\" content=\"Kinder Stoffhut &quot;Karo&quot;\" \/>\n<meta property=\"og:description\" content=\"Begeben Sie sich mit der &#039;Kinderm\u00fctze Loki&#039; auf eine reise mit der kleinen Lok. Exklusives Design, feinste Baumwolle mit Leinen, perfekt f\u00fcr den Sommer!\" \/>\n<meta property=\"og:url\" content=\"https:\/\/hutfactory.com\/?product=kinder-stoffhut-karo\" \/>\n<meta property=\"og:site_name\" content=\"Hut Factory\" \/>\n<meta property=\"article:modified_time\" content=\"2026-03-12T09:50:56+00:00\" \/>\n<meta property=\"og:image\" content=\"https:\/\/hutfactory.com\/wp-content\/uploads\/2026\/03\/42779.webp\" \/>\n\t<meta property=\"og:image:width\" content=\"750\" \/>\n\t<meta property=\"og:image:height\" content=\"750\" \/>\n\t<meta property=\"og:image:type\" content=\"image\/webp\" \/>\n<meta name=\"twitter:card\" content=\"summary_large_image\" \/>\n<meta name=\"twitter:label1\" content=\"Gesch\u00e4tzte Lesezeit\" \/>\n\t<meta name=\"twitter:data1\" content=\"2\u00a0Minuten\" \/>\n<script type=\"application\/ld+json\" class=\"yoast-schema-graph\">{\"@context\":\"https:\\\/\\\/schema.org\",\"@graph\":[{\"@type\":\"WebPage\",\"@id\":\"https:\\\/\\\/hutfactory.com\\\/?product=kinder-stoffhut-karo\",\"url\":\"https:\\\/\\\/hutfactory.com\\\/?product=kinder-stoffhut-karo\",\"name\":\"Kinderm\u00fctze Loki - Sommerliches Abenteuer f\u00fcr Kinder\",\"isPartOf\":{\"@id\":\"https:\\\/\\\/hutfactory.com\\\/#website\"},\"primaryImageOfPage\":{\"@id\":\"https:\\\/\\\/hutfactory.com\\\/?product=kinder-stoffhut-karo#primaryimage\"},\"image\":{\"@id\":\"https:\\\/\\\/hutfactory.com\\\/?product=kinder-stoffhut-karo#primaryimage\"},\"thumbnailUrl\":\"https:\\\/\\\/hutfactory.com\\\/wp-content\\\/uploads\\\/2026\\\/03\\\/42779.webp\",\"datePublished\":\"2026-03-10T09:58:27+00:00\",\"dateModified\":\"2026-03-12T09:50:56+00:00\",\"description\":\"Begeben Sie sich mit der 'Kinderm\u00fctze Loki' auf eine reise mit der kleinen Lok. Exklusives Design, feinste Baumwolle mit Leinen, perfekt f\u00fcr den Sommer!\",\"breadcrumb\":{\"@id\":\"https:\\\/\\\/hutfactory.com\\\/?product=kinder-stoffhut-karo#breadcrumb\"},\"inLanguage\":\"de\",\"potentialAction\":[{\"@type\":\"ReadAction\",\"target\":[\"https:\\\/\\\/hutfactory.com\\\/?product=kinder-stoffhut-karo\"]}]},{\"@type\":\"ImageObject\",\"inLanguage\":\"de\",\"@id\":\"https:\\\/\\\/hutfactory.com\\\/?product=kinder-stoffhut-karo#primaryimage\",\"url\":\"https:\\\/\\\/hutfactory.com\\\/wp-content\\\/uploads\\\/2026\\\/03\\\/42779.webp\",\"contentUrl\":\"https:\\\/\\\/hutfactory.com\\\/wp-content\\\/uploads\\\/2026\\\/03\\\/42779.webp\",\"width\":750,\"height\":750,\"caption\":\"|||||||\"},{\"@type\":\"BreadcrumbList\",\"@id\":\"https:\\\/\\\/hutfactory.com\\\/?product=kinder-stoffhut-karo#breadcrumb\",\"itemListElement\":[{\"@type\":\"ListItem\",\"position\":1,\"name\":\"Start\",\"item\":\"https:\\\/\\\/hutfactory.com\\\/\"},{\"@type\":\"ListItem\",\"position\":2,\"name\":\"Shop\",\"item\":\"https:\\\/\\\/hutfactory.com\\\/?page_id=10\"},{\"@type\":\"ListItem\",\"position\":3,\"name\":\"Kinder Stoffhut &#8220;Karo&#8221;\"}]},{\"@type\":\"WebSite\",\"@id\":\"https:\\\/\\\/hutfactory.com\\\/#website\",\"url\":\"https:\\\/\\\/hutfactory.com\\\/\",\"name\":\"Hut Factory\",\"description\":\"H\u00fcte, Kappen &amp; M\u00fctzen in Top Swiss\\\/EU Qualit\u00e4t\",\"publisher\":{\"@id\":\"https:\\\/\\\/hutfactory.com\\\/#organization\"},\"alternateName\":\"Hut Shop\",\"potentialAction\":[{\"@type\":\"SearchAction\",\"target\":{\"@type\":\"EntryPoint\",\"urlTemplate\":\"https:\\\/\\\/hutfactory.com\\\/?s={search_term_string}\"},\"query-input\":{\"@type\":\"PropertyValueSpecification\",\"valueRequired\":true,\"valueName\":\"search_term_string\"}}],\"inLanguage\":\"de\"},{\"@type\":\"Organization\",\"@id\":\"https:\\\/\\\/hutfactory.com\\\/#organization\",\"name\":\"Hut Factory\",\"url\":\"https:\\\/\\\/hutfactory.com\\\/\",\"logo\":{\"@type\":\"ImageObject\",\"inLanguage\":\"de\",\"@id\":\"https:\\\/\\\/hutfactory.com\\\/#\\\/schema\\\/logo\\\/image\\\/\",\"url\":\"https:\\\/\\\/hutfactory.com\\\/wp-content\\\/uploads\\\/2026\\\/01\\\/Logo-hut-factory-1.webp\",\"contentUrl\":\"https:\\\/\\\/hutfactory.com\\\/wp-content\\\/uploads\\\/2026\\\/01\\\/Logo-hut-factory-1.webp\",\"width\":300,\"height\":262,\"caption\":\"Hut Factory\"},\"image\":{\"@id\":\"https:\\\/\\\/hutfactory.com\\\/#\\\/schema\\\/logo\\\/image\\\/\"}}]}<\/script>\n<!-- \/ Yoast SEO Premium plugin. -->","yoast_head_json":{"title":"Kinderm\u00fctze Loki - Sommerliches Abenteuer f\u00fcr Kinder","description":"Begeben Sie sich mit der 'Kinderm\u00fctze Loki' auf eine reise mit der kleinen Lok. Exklusives Design, feinste Baumwolle mit Leinen, perfekt f\u00fcr den Sommer!","robots":{"index":"index","follow":"follow","max-snippet":"max-snippet:-1","max-image-preview":"max-image-preview:large","max-video-preview":"max-video-preview:-1"},"canonical":"https:\/\/hutfactory.com\/?product=kinder-stoffhut-karo","og_locale":"de_DE","og_type":"article","og_title":"Kinder Stoffhut \"Karo\"","og_description":"Begeben Sie sich mit der 'Kinderm\u00fctze Loki' auf eine reise mit der kleinen Lok. Exklusives Design, feinste Baumwolle mit Leinen, perfekt f\u00fcr den Sommer!","og_url":"https:\/\/hutfactory.com\/?product=kinder-stoffhut-karo","og_site_name":"Hut Factory","article_modified_time":"2026-03-12T09:50:56+00:00","og_image":[{"width":750,"height":750,"url":"https:\/\/hutfactory.com\/wp-content\/uploads\/2026\/03\/42779.webp","type":"image\/webp"}],"twitter_card":"summary_large_image","twitter_misc":{"Gesch\u00e4tzte Lesezeit":"2\u00a0Minuten"},"schema":{"@context":"https:\/\/schema.org","@graph":[{"@type":"WebPage","@id":"https:\/\/hutfactory.com\/?product=kinder-stoffhut-karo","url":"https:\/\/hutfactory.com\/?product=kinder-stoffhut-karo","name":"Kinderm\u00fctze Loki - Sommerliches Abenteuer f\u00fcr Kinder","isPartOf":{"@id":"https:\/\/hutfactory.com\/#website"},"primaryImageOfPage":{"@id":"https:\/\/hutfactory.com\/?product=kinder-stoffhut-karo#primaryimage"},"image":{"@id":"https:\/\/hutfactory.com\/?product=kinder-stoffhut-karo#primaryimage"},"thumbnailUrl":"https:\/\/hutfactory.com\/wp-content\/uploads\/2026\/03\/42779.webp","datePublished":"2026-03-10T09:58:27+00:00","dateModified":"2026-03-12T09:50:56+00:00","description":"Begeben Sie sich mit der 'Kinderm\u00fctze Loki' auf eine reise mit der kleinen Lok. Exklusives Design, feinste Baumwolle mit Leinen, perfekt f\u00fcr den Sommer!","breadcrumb":{"@id":"https:\/\/hutfactory.com\/?product=kinder-stoffhut-karo#breadcrumb"},"inLanguage":"de","potentialAction":[{"@type":"ReadAction","target":["https:\/\/hutfactory.com\/?product=kinder-stoffhut-karo"]}]},{"@type":"ImageObject","inLanguage":"de","@id":"https:\/\/hutfactory.com\/?product=kinder-stoffhut-karo#primaryimage","url":"https:\/\/hutfactory.com\/wp-content\/uploads\/2026\/03\/42779.webp","contentUrl":"https:\/\/hutfactory.com\/wp-content\/uploads\/2026\/03\/42779.webp","width":750,"height":750,"caption":"|||||||"},{"@type":"BreadcrumbList","@id":"https:\/\/hutfactory.com\/?product=kinder-stoffhut-karo#breadcrumb","itemListElement":[{"@type":"ListItem","position":1,"name":"Start","item":"https:\/\/hutfactory.com\/"},{"@type":"ListItem","position":2,"name":"Shop","item":"https:\/\/hutfactory.com\/?page_id=10"},{"@type":"ListItem","position":3,"name":"Kinder Stoffhut &#8220;Karo&#8221;"}]},{"@type":"WebSite","@id":"https:\/\/hutfactory.com\/#website","url":"https:\/\/hutfactory.com\/","name":"Hut Factory","description":"H\u00fcte, Kappen &amp; M\u00fctzen in Top Swiss\/EU Qualit\u00e4t","publisher":{"@id":"https:\/\/hutfactory.com\/#organization"},"alternateName":"Hut Shop","potentialAction":[{"@type":"SearchAction","target":{"@type":"EntryPoint","urlTemplate":"https:\/\/hutfactory.com\/?s={search_term_string}"},"query-input":{"@type":"PropertyValueSpecification","valueRequired":true,"valueName":"search_term_string"}}],"inLanguage":"de"},{"@type":"Organization","@id":"https:\/\/hutfactory.com\/#organization","name":"Hut Factory","url":"https:\/\/hutfactory.com\/","logo":{"@type":"ImageObject","inLanguage":"de","@id":"https:\/\/hutfactory.com\/#\/schema\/logo\/image\/","url":"https:\/\/hutfactory.com\/wp-content\/uploads\/2026\/01\/Logo-hut-factory-1.webp","contentUrl":"https:\/\/hutfactory.com\/wp-content\/uploads\/2026\/01\/Logo-hut-factory-1.webp","width":300,"height":262,"caption":"Hut Factory"},"image":{"@id":"https:\/\/hutfactory.com\/#\/schema\/logo\/image\/"}}]}},"_links":{"self":[{"href":"https:\/\/hutfactory.com\/index.php?rest_route=\/wp\/v2\/product\/15657","targetHints":{"allow":["GET"]}}],"collection":[{"href":"https:\/\/hutfactory.com\/index.php?rest_route=\/wp\/v2\/product"}],"about":[{"href":"https:\/\/hutfactory.com\/index.php?rest_route=\/wp\/v2\/types\/product"}],"wp:featuredmedia":[{"embeddable":true,"href":"https:\/\/hutfactory.com\/index.php?rest_route=\/wp\/v2\/media\/15658"}],"wp:attachment":[{"href":"https:\/\/hutfactory.com\/index.php?rest_route=%2Fwp%2Fv2%2Fmedia&parent=15657"}],"wp:term":[{"taxonomy":"product_brand","embeddable":true,"href":"https:\/\/hutfactory.com\/index.php?rest_route=%2Fwp%2Fv2%2Fproduct_brand&post=15657"},{"taxonomy":"product_cat","embeddable":true,"href":"https:\/\/hutfactory.com\/index.php?rest_route=%2Fwp%2Fv2%2Fproduct_cat&post=15657"},{"taxonomy":"product_tag","embeddable":true,"href":"https:\/\/hutfactory.com\/index.php?rest_route=%2Fwp%2Fv2%2Fproduct_tag&post=15657"}],"curies":[{"name":"wp","href":"https:\/\/api.w.org\/{rel}","templated":true}]}}