{"id":15331,"date":"2026-03-01T17:30:08","date_gmt":"2026-03-01T17:30:08","guid":{"rendered":"https:\/\/hutfactory.com\/?product=ballonmuetze-merino-wolle"},"modified":"2026-03-22T12:51:56","modified_gmt":"2026-03-22T12:51:56","slug":"ballonmuetze-merino-wolle","status":"publish","type":"product","link":"https:\/\/hutfactory.com\/?product=ballonmuetze-merino-wolle","title":{"rendered":"Ballonm\u00fctze &#8220;Merino Wolle&#8221;"},"content":{"rendered":"<h3 data-start=\"153\" data-end=\"201\"><strong data-start=\"153\" data-end=\"199\">Britischer Chic trifft feinste Merinowolle<\/strong><\/h3>\n<p data-start=\"203\" data-end=\"514\">Die Ballonm\u00fctze <em data-start=\"219\" data-end=\"233\">Merino Wolle<\/em> aus der Premium Freiamt Herbst- und Winter-Kollektion ist ein zeitloses Accessoire, das Tradition, Eleganz und Komfort vereint. Gefertigt aus 100% feiner Merino Wolle von <strong data-start=\"405\" data-end=\"413\">MOON<\/strong>, besticht sie durch ihre weiche Haptik, w\u00e4rmende Eigenschaften und ein dezentes, feines Webmuster.<\/p>\n<p data-start=\"516\" data-end=\"777\">Die klassische Ballonform schenkt dieser M\u00fctze ihr charakteristisches Volumen und macht sie zum stilvollen Blickfang. Die M\u00fctze in der Farbe Camel f\u00fcgt sich m\u00fchelos in jedes Outfit ein und begleitet Sie zuverl\u00e4ssig durch kalte Tage.<\/p>\n<p data-start=\"516\" data-end=\"777\"><strong data-start=\"1430\" data-end=\"1448\">Perfekt f\u00fcr\u0085 ?<\/strong><br data-start=\"1448\" data-end=\"1451\" \/>Ein Spaziergang durch die winterlichen Stra\u00dfen, der Besuch auf dem Weihnachtsmarkt oder ein entspanntes Wochenende in den Bergen \u0096 die Ballonm\u00fctze <em data-start=\"1598\" data-end=\"1612\">Merino Wolle<\/em> h\u00e4lt Sie warm und verleiht Ihrem Look gleichzeitig eine elegante, nostalgische Note.<\/p>\n<div class=\"hf-accordions\">\n<hr class=\"hf-accordion-separator\" \/>\n<details class=\"hf-accordion\">\n<summary><strong>\u25b6\ufe0f Gut zu wissen \u2013 mehr erfahren<\/strong><\/summary>\n<div class=\"hf-accordion-content\">\n<h3>Wichtige Produktdetails:<\/h3>\n<ul>\n<li><strong>Materialzusammensetzung:<\/strong>\u00a0100% Haarfilz \u0096 f\u00fcr Langlebigkeit und eine formstabile Struktur<\/li>\n<li><strong>Muster:<\/strong>\u00a0Auff\u00e4llige Ziern\u00e4hte links, rechts, vorne und hinten \u0096 ein extravagantes Detail f\u00fcr einen markanten<\/li>\n<li><strong>Randbreite:<\/strong>\u00a04,5 cm \u0096 f\u00fcr den klassischen Bowler-Look<\/li>\n<li><strong>Kopfh\u00f6he:<\/strong>\u00a012,0 cm \u0096 f\u00fcr eine markante, aber dennoch traditionelle Form<\/li>\n<li><strong>Farben:\u00a0<\/strong>1. Schwarz mit Rebsband &#038; Lederkordel, 2.\u00a0Salbei mit Rebsband &#038; Lederkordel<\/li>\n<li><strong>Gr\u00f6\u00dfen:<\/strong>\u00a0Verf\u00fcgbar in den Gr\u00f6\u00dfen 54-62 \u0096 f\u00fcr eine perfekte Passform<\/li>\n<li><strong>Hutband:<\/strong>\u00a0Rebsband mit Lederkordel und einem dekorativen Qualit\u00e4tsknopf auf der Masche \u0096 sorgt f\u00fcr ein stilvolles<\/li>\n<li><strong>Schwei\u00dfband:<\/strong>\u00a0Sauber eingen\u00e4htes Textilinnenband als Schwei\u00dfband \u0096 f\u00fcr h\u00f6chsten Tragekomfort und langanhaltende<\/li>\n<li><strong>Fertigungsort:<\/strong>\u00a0Handgefertigt in der renommierten\u00a0<strong>Schweizer Hutmanufaktur Risa<\/strong>. Diese Manufaktur steht seit Jahren f\u00fcr handwerkliche Perfektion und innovative Designs.<\/li>\n<li><strong>Fertigungszeit:<\/strong>\u00a0Jeder Hut wird auf Bestellung gefertigt, sodass Exklusivit\u00e4t und Individualit\u00e4t garantiert sind. Die Herstellung dauert in der Regel\u00a0<strong>10 bis 15 Arbeitstage nach Zahlungseingang<\/strong>.<\/li>\n<li><strong>Versand:<\/strong>\u00a0Nach Fertigstellung des Hutes wird dieser direkt ab Lager Schweiz versendet, sodass Sie Ihren Hut schnell und zuverl\u00e4ssig erhalten.<\/li>\n<li><strong>Garantie:<\/strong>\u00a0Umtausch ist nur bei Material- oder Herstellungsfehlern m\u00f6glich, da es sich um eine ma\u00dfgefertigte Sonderanfertigung handelt.<\/li>\n<li><strong>Verf\u00fcgbarkeit:<\/strong>\u00a0Da die H\u00fcte in limitierter Auflage produziert werden, empfehlen wir eine fr\u00fchzeitige Bestellung, um sich Ihr exklusives Modell zu sichern. Sollte das Rohmaterial ausverkauft sein, kann es zu Verz\u00f6gerungen kommen.<\/li>\n<\/ul>\n<\/div>\n<\/details>\n<details class=\"hf-accordion\">\n<summary><strong>\u25b6\ufe0f FAQ \u2013 H\u00e4ufige Fragen<\/strong><\/summary>\n<div class=\"hf-accordion-content\">\n<h3>H\u00e4ufige Fragen und Antworten (FAQ)<\/h3>\n<p><strong>1. Wie pflege ich meinen Bowler Rugged \u0093sewn and burned\u0094 richtig?<\/strong><br \/>\nEs wird empfohlen, den Hut regelm\u00e4\u00dfig mit einer weichen B\u00fcrste zu reinigen. Bei tiefer gehendem Schmutz sollte eine professionelle Hutreinigung in Anspruch genommen werden.<\/p>\n<p><strong>2. In welchen Gr\u00f6\u00dfen ist der Hut erh\u00e4ltlich?<\/strong><br \/>\nDer Bowler Rugged ist in den Gr\u00f6\u00dfen 54 bis 62 verf\u00fcgbar und bietet somit f\u00fcr jeden Tr\u00e4ger die perfekte Passform.<\/p>\n<p><strong>3. Kann ich den Hut umtauschen, wenn er mir nicht passt?<\/strong><br \/>\nDa der Hut auf Bestellung gefertigt wird, ist ein Umtausch nur bei Material- oder Herstellungsfehlern m\u00f6glich. Bitte beachten Sie dies bei Ihrer Bestellung.<\/p>\n<p><strong>4. Wo wird der Hut hergestellt?<\/strong><br \/>\nDer Bowler Rugged wird in der Schweizer Hutmanufaktur Risa, einem traditionsreichen Handwerksbetrieb, gefertigt.<\/p>\n<p><strong>5. Wie lange dauert der Versand?<\/strong><br \/>\nNachdem der Hut gefertigt wurde, erfolgt der Versand innerhalb weniger Tage ab Lager Schweiz. Je nach Zielort kann die Lieferung variieren.<\/div>\n<\/details>\n<\/div>\n","protected":false},"excerpt":{"rendered":"<h3 data-start=\"1738\" data-end=\"1765\"><strong data-start=\"1738\" data-end=\"1763\">Eleganz in Ballonform<\/strong><\/h3>\n<p data-start=\"1767\" data-end=\"1962\">Die Ballonm\u00fctze <em data-start=\"1783\" data-end=\"1797\">Merino Wolle<\/em> wird aus feinster MOON-Merinowolle gefertigt. Ihr feines Webmuster und die Auswahl an edlen Farben machen sie zu einem stilvollen Begleiter f\u00fcr Herbst und Winter.\u00a0<em data-start=\"1964\" data-end=\"2045\">Ein Accessoire f\u00fcr Liebhaber klassischer Kopfbedeckungen mit modernem Anspruch.<\/em><\/p>\n","protected":false},"featured_media":15332,"template":"","meta":{"_acf_changed":false,"rs_blank_template":"","rs_page_bg_color":"","slide_template_v7":""},"product_brand":[250],"product_cat":[554,387],"product_tag":[],"class_list":{"0":"post-15331","1":"product","2":"type-product","3":"status-publish","4":"has-post-thumbnail","6":"product_brand-risa-hutwerkstatt-schweiz","7":"product_cat-ballon-wintermuetzen","8":"product_cat-wintermuetzen","9":"product_shipping_class-mittlere-pakete","10":"pa_color-anthrazit","11":"pa_color-camel","12":"pa_color-jeans","13":"pa_groesse-56-55-56","14":"pa_groesse-58-57-58","15":"pa_groesse-60-59-60","16":"yith_product_brand-risa-hutwerkstatt-schweiz","19":"instock","20":"featured","21":"taxable","22":"shipping-taxable","23":"purchasable","24":"product-type-variable","25":"wvs-archive-product-wrapper","26":"add-to-wishlist-after_add_to_cart"},"acf":[],"yoast_head":"<!-- This site is optimized with the Yoast SEO Premium plugin v27.3 (Yoast SEO v27.3) - https:\/\/yoast.com\/product\/yoast-seo-premium-wordpress\/ -->\n<title>Ballonm\u00fctze Merino Wolle Moon \u0096 handgemacht, warm &amp; elegant<\/title>\n<meta name=\"description\" content=\"Ballonm\u00fctze aus 100% MOON-Merinowolle. Handgemacht im Europaraum, edles Webmuster, stilvoll &amp; warm. In Camel, Jeans und Anthrazit sofort lieferbar.\" \/>\n<meta name=\"robots\" content=\"index, follow, max-snippet:-1, max-image-preview:large, max-video-preview:-1\" \/>\n<link rel=\"canonical\" href=\"https:\/\/hutfactory.com\/?product=ballonmuetze-merino-wolle\" \/>\n<meta property=\"og:locale\" content=\"de_DE\" \/>\n<meta property=\"og:type\" content=\"article\" \/>\n<meta property=\"og:title\" content=\"Ballonm\u00fctze &quot;Merino Wolle&quot;\" \/>\n<meta property=\"og:description\" content=\"Ballonm\u00fctze aus 100% MOON-Merinowolle. Handgemacht im Europaraum, edles Webmuster, stilvoll &amp; warm. In Camel, Jeans und Anthrazit sofort lieferbar.\" \/>\n<meta property=\"og:url\" content=\"https:\/\/hutfactory.com\/?product=ballonmuetze-merino-wolle\" \/>\n<meta property=\"og:site_name\" content=\"Hut Factory\" \/>\n<meta property=\"article:modified_time\" content=\"2026-03-22T12:51:56+00:00\" \/>\n<meta property=\"og:image\" content=\"https:\/\/hutfactory.com\/wp-content\/uploads\/2026\/03\/82775.1.webp\" \/>\n\t<meta property=\"og:image:width\" content=\"750\" \/>\n\t<meta property=\"og:image:height\" content=\"750\" \/>\n\t<meta property=\"og:image:type\" content=\"image\/webp\" \/>\n<meta name=\"twitter:card\" content=\"summary_large_image\" \/>\n<meta name=\"twitter:label1\" content=\"Gesch\u00e4tzte Lesezeit\" \/>\n\t<meta name=\"twitter:data1\" content=\"3\u00a0Minuten\" \/>\n<script type=\"application\/ld+json\" class=\"yoast-schema-graph\">{\"@context\":\"https:\\\/\\\/schema.org\",\"@graph\":[{\"@type\":\"WebPage\",\"@id\":\"https:\\\/\\\/hutfactory.com\\\/?product=ballonmuetze-merino-wolle\",\"url\":\"https:\\\/\\\/hutfactory.com\\\/?product=ballonmuetze-merino-wolle\",\"name\":\"Ballonm\u00fctze Merino Wolle Moon \u0096 handgemacht, warm & elegant\",\"isPartOf\":{\"@id\":\"https:\\\/\\\/hutfactory.com\\\/#website\"},\"primaryImageOfPage\":{\"@id\":\"https:\\\/\\\/hutfactory.com\\\/?product=ballonmuetze-merino-wolle#primaryimage\"},\"image\":{\"@id\":\"https:\\\/\\\/hutfactory.com\\\/?product=ballonmuetze-merino-wolle#primaryimage\"},\"thumbnailUrl\":\"https:\\\/\\\/hutfactory.com\\\/wp-content\\\/uploads\\\/2026\\\/03\\\/82775.1.webp\",\"datePublished\":\"2026-03-01T17:30:08+00:00\",\"dateModified\":\"2026-03-22T12:51:56+00:00\",\"description\":\"Ballonm\u00fctze aus 100% MOON-Merinowolle. Handgemacht im Europaraum, edles Webmuster, stilvoll & warm. In Camel, Jeans und Anthrazit sofort lieferbar.\",\"breadcrumb\":{\"@id\":\"https:\\\/\\\/hutfactory.com\\\/?product=ballonmuetze-merino-wolle#breadcrumb\"},\"inLanguage\":\"de\",\"potentialAction\":[{\"@type\":\"ReadAction\",\"target\":[\"https:\\\/\\\/hutfactory.com\\\/?product=ballonmuetze-merino-wolle\"]}]},{\"@type\":\"ImageObject\",\"inLanguage\":\"de\",\"@id\":\"https:\\\/\\\/hutfactory.com\\\/?product=ballonmuetze-merino-wolle#primaryimage\",\"url\":\"https:\\\/\\\/hutfactory.com\\\/wp-content\\\/uploads\\\/2026\\\/03\\\/82775.1.webp\",\"contentUrl\":\"https:\\\/\\\/hutfactory.com\\\/wp-content\\\/uploads\\\/2026\\\/03\\\/82775.1.webp\",\"width\":750,\"height\":750,\"caption\":\"gefertigt aus 100% MOON-Merinowolle. Elegantes Accessoire f\u00fcr Herbst und Winter.|Ballonm\u00fctze Merino Wolle in Jeansblau\"},{\"@type\":\"BreadcrumbList\",\"@id\":\"https:\\\/\\\/hutfactory.com\\\/?product=ballonmuetze-merino-wolle#breadcrumb\",\"itemListElement\":[{\"@type\":\"ListItem\",\"position\":1,\"name\":\"Start\",\"item\":\"https:\\\/\\\/hutfactory.com\\\/\"},{\"@type\":\"ListItem\",\"position\":2,\"name\":\"Shop\",\"item\":\"https:\\\/\\\/hutfactory.com\\\/?page_id=10\"},{\"@type\":\"ListItem\",\"position\":3,\"name\":\"Ballonm\u00fctze &#8220;Merino Wolle&#8221;\"}]},{\"@type\":\"WebSite\",\"@id\":\"https:\\\/\\\/hutfactory.com\\\/#website\",\"url\":\"https:\\\/\\\/hutfactory.com\\\/\",\"name\":\"Hut Factory\",\"description\":\"H\u00fcte, Kappen &amp; M\u00fctzen in Top Swiss\\\/EU Qualit\u00e4t\",\"publisher\":{\"@id\":\"https:\\\/\\\/hutfactory.com\\\/#organization\"},\"alternateName\":\"Hut Shop\",\"potentialAction\":[{\"@type\":\"SearchAction\",\"target\":{\"@type\":\"EntryPoint\",\"urlTemplate\":\"https:\\\/\\\/hutfactory.com\\\/?s={search_term_string}\"},\"query-input\":{\"@type\":\"PropertyValueSpecification\",\"valueRequired\":true,\"valueName\":\"search_term_string\"}}],\"inLanguage\":\"de\"},{\"@type\":\"Organization\",\"@id\":\"https:\\\/\\\/hutfactory.com\\\/#organization\",\"name\":\"Hut Factory\",\"url\":\"https:\\\/\\\/hutfactory.com\\\/\",\"logo\":{\"@type\":\"ImageObject\",\"inLanguage\":\"de\",\"@id\":\"https:\\\/\\\/hutfactory.com\\\/#\\\/schema\\\/logo\\\/image\\\/\",\"url\":\"https:\\\/\\\/hutfactory.com\\\/wp-content\\\/uploads\\\/2026\\\/01\\\/Logo-hut-factory-1.webp\",\"contentUrl\":\"https:\\\/\\\/hutfactory.com\\\/wp-content\\\/uploads\\\/2026\\\/01\\\/Logo-hut-factory-1.webp\",\"width\":300,\"height\":262,\"caption\":\"Hut Factory\"},\"image\":{\"@id\":\"https:\\\/\\\/hutfactory.com\\\/#\\\/schema\\\/logo\\\/image\\\/\"}}]}<\/script>\n<!-- \/ Yoast SEO Premium plugin. -->","yoast_head_json":{"title":"Ballonm\u00fctze Merino Wolle Moon \u0096 handgemacht, warm & elegant","description":"Ballonm\u00fctze aus 100% MOON-Merinowolle. Handgemacht im Europaraum, edles Webmuster, stilvoll & warm. In Camel, Jeans und Anthrazit sofort lieferbar.","robots":{"index":"index","follow":"follow","max-snippet":"max-snippet:-1","max-image-preview":"max-image-preview:large","max-video-preview":"max-video-preview:-1"},"canonical":"https:\/\/hutfactory.com\/?product=ballonmuetze-merino-wolle","og_locale":"de_DE","og_type":"article","og_title":"Ballonm\u00fctze \"Merino Wolle\"","og_description":"Ballonm\u00fctze aus 100% MOON-Merinowolle. Handgemacht im Europaraum, edles Webmuster, stilvoll & warm. In Camel, Jeans und Anthrazit sofort lieferbar.","og_url":"https:\/\/hutfactory.com\/?product=ballonmuetze-merino-wolle","og_site_name":"Hut Factory","article_modified_time":"2026-03-22T12:51:56+00:00","og_image":[{"width":750,"height":750,"url":"https:\/\/hutfactory.com\/wp-content\/uploads\/2026\/03\/82775.1.webp","type":"image\/webp"}],"twitter_card":"summary_large_image","twitter_misc":{"Gesch\u00e4tzte Lesezeit":"3\u00a0Minuten"},"schema":{"@context":"https:\/\/schema.org","@graph":[{"@type":"WebPage","@id":"https:\/\/hutfactory.com\/?product=ballonmuetze-merino-wolle","url":"https:\/\/hutfactory.com\/?product=ballonmuetze-merino-wolle","name":"Ballonm\u00fctze Merino Wolle Moon \u0096 handgemacht, warm & elegant","isPartOf":{"@id":"https:\/\/hutfactory.com\/#website"},"primaryImageOfPage":{"@id":"https:\/\/hutfactory.com\/?product=ballonmuetze-merino-wolle#primaryimage"},"image":{"@id":"https:\/\/hutfactory.com\/?product=ballonmuetze-merino-wolle#primaryimage"},"thumbnailUrl":"https:\/\/hutfactory.com\/wp-content\/uploads\/2026\/03\/82775.1.webp","datePublished":"2026-03-01T17:30:08+00:00","dateModified":"2026-03-22T12:51:56+00:00","description":"Ballonm\u00fctze aus 100% MOON-Merinowolle. Handgemacht im Europaraum, edles Webmuster, stilvoll & warm. In Camel, Jeans und Anthrazit sofort lieferbar.","breadcrumb":{"@id":"https:\/\/hutfactory.com\/?product=ballonmuetze-merino-wolle#breadcrumb"},"inLanguage":"de","potentialAction":[{"@type":"ReadAction","target":["https:\/\/hutfactory.com\/?product=ballonmuetze-merino-wolle"]}]},{"@type":"ImageObject","inLanguage":"de","@id":"https:\/\/hutfactory.com\/?product=ballonmuetze-merino-wolle#primaryimage","url":"https:\/\/hutfactory.com\/wp-content\/uploads\/2026\/03\/82775.1.webp","contentUrl":"https:\/\/hutfactory.com\/wp-content\/uploads\/2026\/03\/82775.1.webp","width":750,"height":750,"caption":"gefertigt aus 100% MOON-Merinowolle. Elegantes Accessoire f\u00fcr Herbst und Winter.|Ballonm\u00fctze Merino Wolle in Jeansblau"},{"@type":"BreadcrumbList","@id":"https:\/\/hutfactory.com\/?product=ballonmuetze-merino-wolle#breadcrumb","itemListElement":[{"@type":"ListItem","position":1,"name":"Start","item":"https:\/\/hutfactory.com\/"},{"@type":"ListItem","position":2,"name":"Shop","item":"https:\/\/hutfactory.com\/?page_id=10"},{"@type":"ListItem","position":3,"name":"Ballonm\u00fctze &#8220;Merino Wolle&#8221;"}]},{"@type":"WebSite","@id":"https:\/\/hutfactory.com\/#website","url":"https:\/\/hutfactory.com\/","name":"Hut Factory","description":"H\u00fcte, Kappen &amp; M\u00fctzen in Top Swiss\/EU Qualit\u00e4t","publisher":{"@id":"https:\/\/hutfactory.com\/#organization"},"alternateName":"Hut Shop","potentialAction":[{"@type":"SearchAction","target":{"@type":"EntryPoint","urlTemplate":"https:\/\/hutfactory.com\/?s={search_term_string}"},"query-input":{"@type":"PropertyValueSpecification","valueRequired":true,"valueName":"search_term_string"}}],"inLanguage":"de"},{"@type":"Organization","@id":"https:\/\/hutfactory.com\/#organization","name":"Hut Factory","url":"https:\/\/hutfactory.com\/","logo":{"@type":"ImageObject","inLanguage":"de","@id":"https:\/\/hutfactory.com\/#\/schema\/logo\/image\/","url":"https:\/\/hutfactory.com\/wp-content\/uploads\/2026\/01\/Logo-hut-factory-1.webp","contentUrl":"https:\/\/hutfactory.com\/wp-content\/uploads\/2026\/01\/Logo-hut-factory-1.webp","width":300,"height":262,"caption":"Hut Factory"},"image":{"@id":"https:\/\/hutfactory.com\/#\/schema\/logo\/image\/"}}]}},"_links":{"self":[{"href":"https:\/\/hutfactory.com\/index.php?rest_route=\/wp\/v2\/product\/15331","targetHints":{"allow":["GET"]}}],"collection":[{"href":"https:\/\/hutfactory.com\/index.php?rest_route=\/wp\/v2\/product"}],"about":[{"href":"https:\/\/hutfactory.com\/index.php?rest_route=\/wp\/v2\/types\/product"}],"wp:featuredmedia":[{"embeddable":true,"href":"https:\/\/hutfactory.com\/index.php?rest_route=\/wp\/v2\/media\/15332"}],"wp:attachment":[{"href":"https:\/\/hutfactory.com\/index.php?rest_route=%2Fwp%2Fv2%2Fmedia&parent=15331"}],"wp:term":[{"taxonomy":"product_brand","embeddable":true,"href":"https:\/\/hutfactory.com\/index.php?rest_route=%2Fwp%2Fv2%2Fproduct_brand&post=15331"},{"taxonomy":"product_cat","embeddable":true,"href":"https:\/\/hutfactory.com\/index.php?rest_route=%2Fwp%2Fv2%2Fproduct_cat&post=15331"},{"taxonomy":"product_tag","embeddable":true,"href":"https:\/\/hutfactory.com\/index.php?rest_route=%2Fwp%2Fv2%2Fproduct_tag&post=15331"}],"curies":[{"name":"wp","href":"https:\/\/api.w.org\/{rel}","templated":true}]}}