{"id":15262,"date":"2026-03-01T17:28:45","date_gmt":"2026-03-01T17:28:45","guid":{"rendered":"https:\/\/hutfactory.com\/?product=schiebermuetze-pure-wool-antonio"},"modified":"2026-03-01T17:29:23","modified_gmt":"2026-03-01T17:29:23","slug":"schiebermuetze-pure-wool-antonio","status":"publish","type":"product","link":"https:\/\/hutfactory.com\/?product=schiebermuetze-pure-wool-antonio","title":{"rendered":"Schieberm\u00fctze pure Wool &#8220;Antonio&#8221;"},"content":{"rendered":"<p data-start=\"164\" data-end=\"209\"><strong data-start=\"164\" data-end=\"207\">Luxuri\u00f6se Schlichtheit f\u00fcr jeden Anlass<\/strong><\/p>\n<p data-start=\"211\" data-end=\"564\">Die Schieberm\u00fctze <em data-start=\"229\" data-end=\"238\">Antonio<\/em> ist ein Meisterwerk traditioneller Handwerkskunst und moderner Eleganz. Gefertigt aus 100% edler Baumwolle, \u00fcberzeugt sie durch ihre samtig weiche Oberfl\u00e4che und eine klare, unaufdringliche Linienf\u00fchrung. Das schlichte Uni-Design macht sie zu einem vielseitigen Begleiter \u0096 sowohl im Alltag als auch bei eleganten Anl\u00e4ssen.<\/p>\n<p data-start=\"566\" data-end=\"875\">Die Premium Freiamt Herbst- und Winter-Kollektion steht f\u00fcr h\u00f6chste Qualit\u00e4t und exklusive Verarbeitung. Jede M\u00fctze wird mit viel Zeit, Erfahrung und Leidenschaft von der Schweizer Hutmanufaktur Risa in einem ausgew\u00e4hlten Atelier im Europaraum gefertigt \u0096 ein Zeichen f\u00fcr Tradition, Nachhaltigkeit und Stil.<\/p>\n<p data-start=\"1538\" data-end=\"1863\"><strong data-start=\"1538\" data-end=\"1556\">Perfekt f\u00fcr\u0085 ?<\/strong><br data-start=\"1556\" data-end=\"1559\" \/>Ein Caf\u00e9besuch im winterlichen Altstadt, ein abendlicher Spaziergang durch den Park oder ein Treffen mit Freunden \u0096 die Schieberm\u00fctze <em data-start=\"1687\" data-end=\"1696\">Antonio<\/em> ist Ihr eleganter Begleiter. Die weiche Baumwolle sorgt f\u00fcr h\u00f6chsten Tragekomfort, w\u00e4hrend das schlichte Design Ihren Look mit zur\u00fcckhaltender Raffinesse vollendet.<\/p>\n<div class=\"hf-accordions\">\n<hr class=\"hf-accordion-separator\" \/>\n<details class=\"hf-accordion\">\n<summary><strong>\u25b6\ufe0f Gut zu wissen \u2013 mehr erfahren<\/strong><\/summary>\n<div class=\"hf-accordion-content\">\n<h3>Wichtige Produktdetails:<\/h3>\n<ul>\n<li><strong>Materialzusammensetzung:<\/strong>\u00a0100% Haarfilz \u0096 f\u00fcr Langlebigkeit und eine formstabile Struktur<\/li>\n<li><strong>Muster:<\/strong>\u00a0Auff\u00e4llige Ziern\u00e4hte links, rechts, vorne und hinten \u0096 ein extravagantes Detail f\u00fcr einen markanten<\/li>\n<li><strong>Randbreite:<\/strong>\u00a04,5 cm \u0096 f\u00fcr den klassischen Bowler-Look<\/li>\n<li><strong>Kopfh\u00f6he:<\/strong>\u00a012,0 cm \u0096 f\u00fcr eine markante, aber dennoch traditionelle Form<\/li>\n<li><strong>Farben:\u00a0<\/strong>1. Schwarz mit Rebsband &#038; Lederkordel, 2.\u00a0Salbei mit Rebsband &#038; Lederkordel<\/li>\n<li><strong>Gr\u00f6\u00dfen:<\/strong>\u00a0Verf\u00fcgbar in den Gr\u00f6\u00dfen 54-62 \u0096 f\u00fcr eine perfekte Passform<\/li>\n<li><strong>Hutband:<\/strong>\u00a0Rebsband mit Lederkordel und einem dekorativen Qualit\u00e4tsknopf auf der Masche \u0096 sorgt f\u00fcr ein stilvolles<\/li>\n<li><strong>Schwei\u00dfband:<\/strong>\u00a0Sauber eingen\u00e4htes Textilinnenband als Schwei\u00dfband \u0096 f\u00fcr h\u00f6chsten Tragekomfort und langanhaltende<\/li>\n<li><strong>Fertigungsort:<\/strong>\u00a0Handgefertigt in der renommierten\u00a0<strong>Schweizer Hutmanufaktur Risa<\/strong>. Diese Manufaktur steht seit Jahren f\u00fcr handwerkliche Perfektion und innovative Designs.<\/li>\n<li><strong>Fertigungszeit:<\/strong>\u00a0Jeder Hut wird auf Bestellung gefertigt, sodass Exklusivit\u00e4t und Individualit\u00e4t garantiert sind. Die Herstellung dauert in der Regel\u00a0<strong>10 bis 15 Arbeitstage nach Zahlungseingang<\/strong>.<\/li>\n<li><strong>Versand:<\/strong>\u00a0Nach Fertigstellung des Hutes wird dieser direkt ab Lager Schweiz versendet, sodass Sie Ihren Hut schnell und zuverl\u00e4ssig erhalten.<\/li>\n<li><strong>Garantie:<\/strong>\u00a0Umtausch ist nur bei Material- oder Herstellungsfehlern m\u00f6glich, da es sich um eine ma\u00dfgefertigte Sonderanfertigung handelt.<\/li>\n<li><strong>Verf\u00fcgbarkeit:<\/strong>\u00a0Da die H\u00fcte in limitierter Auflage produziert werden, empfehlen wir eine fr\u00fchzeitige Bestellung, um sich Ihr exklusives Modell zu sichern. Sollte das Rohmaterial ausverkauft sein, kann es zu Verz\u00f6gerungen kommen.<\/li>\n<\/ul>\n<\/div>\n<\/details>\n<details class=\"hf-accordion\">\n<summary><strong>\u25b6\ufe0f FAQ \u2013 H\u00e4ufige Fragen<\/strong><\/summary>\n<div class=\"hf-accordion-content\">\n<h3>H\u00e4ufige Fragen und Antworten (FAQ)<\/h3>\n<p><strong>1. Wie pflege ich meinen Bowler Rugged \u0093sewn and burned\u0094 richtig?<\/strong><br \/>\nEs wird empfohlen, den Hut regelm\u00e4\u00dfig mit einer weichen B\u00fcrste zu reinigen. Bei tiefer gehendem Schmutz sollte eine professionelle Hutreinigung in Anspruch genommen werden.<\/p>\n<p><strong>2. In welchen Gr\u00f6\u00dfen ist der Hut erh\u00e4ltlich?<\/strong><br \/>\nDer Bowler Rugged ist in den Gr\u00f6\u00dfen 54 bis 62 verf\u00fcgbar und bietet somit f\u00fcr jeden Tr\u00e4ger die perfekte Passform.<\/p>\n<p><strong>3. Kann ich den Hut umtauschen, wenn er mir nicht passt?<\/strong><br \/>\nDa der Hut auf Bestellung gefertigt wird, ist ein Umtausch nur bei Material- oder Herstellungsfehlern m\u00f6glich. Bitte beachten Sie dies bei Ihrer Bestellung.<\/p>\n<p><strong>4. Wo wird der Hut hergestellt?<\/strong><br \/>\nDer Bowler Rugged wird in der Schweizer Hutmanufaktur Risa, einem traditionsreichen Handwerksbetrieb, gefertigt.<\/p>\n<p><strong>5. Wie lange dauert der Versand?<\/strong><br \/>\nNachdem der Hut gefertigt wurde, erfolgt der Versand innerhalb weniger Tage ab Lager Schweiz. Je nach Zielort kann die Lieferung variieren.<\/div>\n<\/details>\n<\/div>\n","protected":false},"excerpt":{"rendered":"<h3 data-start=\"1902\" data-end=\"1946\"><strong data-start=\"1902\" data-end=\"1944\">Zeitlose Eleganz in samtiger Baumwolle<\/strong><\/h3>\n<p data-start=\"1948\" data-end=\"2124\">Die Schieberm\u00fctze <em data-start=\"1966\" data-end=\"1975\">Antonio<\/em> begeistert durch ihre weiche Haptik, klare Form und edle Verarbeitung. In Schwarz oder Camel passt sie perfekt zu urbanen und klassischen Outfits.\u00a0<em data-start=\"2126\" data-end=\"2243\">Ein Accessoire, das sich dezent zur\u00fccknimmt und gleichzeitig Eleganz ausstrahlt \u0096 modern, komfortabel, handgemacht.<\/em><\/p>\n","protected":false},"featured_media":15263,"template":"","meta":{"_acf_changed":false,"rs_blank_template":"","rs_page_bg_color":"","slide_template_v7":""},"product_brand":[250],"product_cat":[551,387],"product_tag":[],"class_list":{"0":"post-15262","1":"product","2":"type-product","3":"status-publish","4":"has-post-thumbnail","6":"product_brand-risa-hutwerkstatt-schweiz","7":"product_cat-flatcaps-schiebermuetzen","8":"product_cat-wintermuetzen","9":"product_shipping_class-mittlere-pakete","10":"pa_color-camel","11":"pa_color-schwarz","12":"pa_groesse-196","13":"pa_groesse-207","14":"pa_groesse-197","15":"pa_groesse-208","16":"pa_groesse-198","17":"pa_groesse-209","18":"pa_groesse-199","19":"pa_groesse-210","20":"yith_product_brand-risa-hutwerkstatt-schweiz","23":"instock","24":"featured","25":"taxable","26":"shipping-taxable","27":"purchasable","28":"product-type-variable","29":"wvs-archive-product-wrapper","30":"add-to-wishlist-after_add_to_cart"},"acf":[],"yoast_head":"<!-- This site is optimized with the Yoast SEO Premium plugin v27.3 (Yoast SEO v27.3) - https:\/\/yoast.com\/product\/yoast-seo-premium-wordpress\/ -->\n<title>Schieberm\u00fctze Antonio \u0096 samtige Baumwolle, handgemacht<\/title>\n<meta name=\"description\" content=\"Schieberm\u00fctze Antonio aus 100% Baumwolle. Mit samtiger Oberfl\u00e4che, handgemacht im Europaraum. Klassisch, elegant und sofort lieferbar ab Lager.\" \/>\n<meta name=\"robots\" content=\"index, follow, max-snippet:-1, max-image-preview:large, max-video-preview:-1\" \/>\n<link rel=\"canonical\" href=\"https:\/\/hutfactory.com\/?product=schiebermuetze-pure-wool-antonio\" \/>\n<meta property=\"og:locale\" content=\"de_DE\" \/>\n<meta property=\"og:type\" content=\"article\" \/>\n<meta property=\"og:title\" content=\"Schieberm\u00fctze pure Wool &quot;Antonio&quot;\" \/>\n<meta property=\"og:description\" content=\"Schieberm\u00fctze Antonio aus 100% Baumwolle. Mit samtiger Oberfl\u00e4che, handgemacht im Europaraum. Klassisch, elegant und sofort lieferbar ab Lager.\" \/>\n<meta property=\"og:url\" content=\"https:\/\/hutfactory.com\/?product=schiebermuetze-pure-wool-antonio\" \/>\n<meta property=\"og:site_name\" content=\"Hut Factory\" \/>\n<meta property=\"article:modified_time\" content=\"2026-03-01T17:29:23+00:00\" \/>\n<meta property=\"og:image\" content=\"https:\/\/hutfactory.com\/wp-content\/uploads\/2026\/03\/98315.1.webp\" \/>\n\t<meta property=\"og:image:width\" content=\"750\" \/>\n\t<meta property=\"og:image:height\" content=\"750\" \/>\n\t<meta property=\"og:image:type\" content=\"image\/webp\" \/>\n<meta name=\"twitter:card\" content=\"summary_large_image\" \/>\n<meta name=\"twitter:label1\" content=\"Gesch\u00e4tzte Lesezeit\" \/>\n\t<meta name=\"twitter:data1\" content=\"3\u00a0Minuten\" \/>\n<script type=\"application\/ld+json\" class=\"yoast-schema-graph\">{\"@context\":\"https:\\\/\\\/schema.org\",\"@graph\":[{\"@type\":\"WebPage\",\"@id\":\"https:\\\/\\\/hutfactory.com\\\/?product=schiebermuetze-pure-wool-antonio\",\"url\":\"https:\\\/\\\/hutfactory.com\\\/?product=schiebermuetze-pure-wool-antonio\",\"name\":\"Schieberm\u00fctze Antonio \u0096 samtige Baumwolle, handgemacht\",\"isPartOf\":{\"@id\":\"https:\\\/\\\/hutfactory.com\\\/#website\"},\"primaryImageOfPage\":{\"@id\":\"https:\\\/\\\/hutfactory.com\\\/?product=schiebermuetze-pure-wool-antonio#primaryimage\"},\"image\":{\"@id\":\"https:\\\/\\\/hutfactory.com\\\/?product=schiebermuetze-pure-wool-antonio#primaryimage\"},\"thumbnailUrl\":\"https:\\\/\\\/hutfactory.com\\\/wp-content\\\/uploads\\\/2026\\\/03\\\/98315.1.webp\",\"datePublished\":\"2026-03-01T17:28:45+00:00\",\"dateModified\":\"2026-03-01T17:29:23+00:00\",\"description\":\"Schieberm\u00fctze Antonio aus 100% Baumwolle. Mit samtiger Oberfl\u00e4che, handgemacht im Europaraum. Klassisch, elegant und sofort lieferbar ab Lager.\",\"breadcrumb\":{\"@id\":\"https:\\\/\\\/hutfactory.com\\\/?product=schiebermuetze-pure-wool-antonio#breadcrumb\"},\"inLanguage\":\"de\",\"potentialAction\":[{\"@type\":\"ReadAction\",\"target\":[\"https:\\\/\\\/hutfactory.com\\\/?product=schiebermuetze-pure-wool-antonio\"]}]},{\"@type\":\"ImageObject\",\"inLanguage\":\"de\",\"@id\":\"https:\\\/\\\/hutfactory.com\\\/?product=schiebermuetze-pure-wool-antonio#primaryimage\",\"url\":\"https:\\\/\\\/hutfactory.com\\\/wp-content\\\/uploads\\\/2026\\\/03\\\/98315.1.webp\",\"contentUrl\":\"https:\\\/\\\/hutfactory.com\\\/wp-content\\\/uploads\\\/2026\\\/03\\\/98315.1.webp\",\"width\":750,\"height\":750,\"caption\":\"schlicht und hochwertig verarbeitet.|Schieberm\u00fctze Antonio aus 100% Baumwolle in Camel mit samtiger Oberfl\u00e4che. Ideal f\u00fcr elegante und urbane Looks.\"},{\"@type\":\"BreadcrumbList\",\"@id\":\"https:\\\/\\\/hutfactory.com\\\/?product=schiebermuetze-pure-wool-antonio#breadcrumb\",\"itemListElement\":[{\"@type\":\"ListItem\",\"position\":1,\"name\":\"Start\",\"item\":\"https:\\\/\\\/hutfactory.com\\\/\"},{\"@type\":\"ListItem\",\"position\":2,\"name\":\"Shop\",\"item\":\"https:\\\/\\\/hutfactory.com\\\/?page_id=10\"},{\"@type\":\"ListItem\",\"position\":3,\"name\":\"Schieberm\u00fctze pure Wool &#8220;Antonio&#8221;\"}]},{\"@type\":\"WebSite\",\"@id\":\"https:\\\/\\\/hutfactory.com\\\/#website\",\"url\":\"https:\\\/\\\/hutfactory.com\\\/\",\"name\":\"Hut Factory\",\"description\":\"H\u00fcte, Kappen &amp; M\u00fctzen in Top Swiss\\\/EU Qualit\u00e4t\",\"publisher\":{\"@id\":\"https:\\\/\\\/hutfactory.com\\\/#organization\"},\"alternateName\":\"Hut Shop\",\"potentialAction\":[{\"@type\":\"SearchAction\",\"target\":{\"@type\":\"EntryPoint\",\"urlTemplate\":\"https:\\\/\\\/hutfactory.com\\\/?s={search_term_string}\"},\"query-input\":{\"@type\":\"PropertyValueSpecification\",\"valueRequired\":true,\"valueName\":\"search_term_string\"}}],\"inLanguage\":\"de\"},{\"@type\":\"Organization\",\"@id\":\"https:\\\/\\\/hutfactory.com\\\/#organization\",\"name\":\"Hut Factory\",\"url\":\"https:\\\/\\\/hutfactory.com\\\/\",\"logo\":{\"@type\":\"ImageObject\",\"inLanguage\":\"de\",\"@id\":\"https:\\\/\\\/hutfactory.com\\\/#\\\/schema\\\/logo\\\/image\\\/\",\"url\":\"https:\\\/\\\/hutfactory.com\\\/wp-content\\\/uploads\\\/2026\\\/01\\\/Logo-hut-factory-1.webp\",\"contentUrl\":\"https:\\\/\\\/hutfactory.com\\\/wp-content\\\/uploads\\\/2026\\\/01\\\/Logo-hut-factory-1.webp\",\"width\":300,\"height\":262,\"caption\":\"Hut Factory\"},\"image\":{\"@id\":\"https:\\\/\\\/hutfactory.com\\\/#\\\/schema\\\/logo\\\/image\\\/\"}}]}<\/script>\n<!-- \/ Yoast SEO Premium plugin. -->","yoast_head_json":{"title":"Schieberm\u00fctze Antonio \u0096 samtige Baumwolle, handgemacht","description":"Schieberm\u00fctze Antonio aus 100% Baumwolle. Mit samtiger Oberfl\u00e4che, handgemacht im Europaraum. Klassisch, elegant und sofort lieferbar ab Lager.","robots":{"index":"index","follow":"follow","max-snippet":"max-snippet:-1","max-image-preview":"max-image-preview:large","max-video-preview":"max-video-preview:-1"},"canonical":"https:\/\/hutfactory.com\/?product=schiebermuetze-pure-wool-antonio","og_locale":"de_DE","og_type":"article","og_title":"Schieberm\u00fctze pure Wool \"Antonio\"","og_description":"Schieberm\u00fctze Antonio aus 100% Baumwolle. Mit samtiger Oberfl\u00e4che, handgemacht im Europaraum. Klassisch, elegant und sofort lieferbar ab Lager.","og_url":"https:\/\/hutfactory.com\/?product=schiebermuetze-pure-wool-antonio","og_site_name":"Hut Factory","article_modified_time":"2026-03-01T17:29:23+00:00","og_image":[{"width":750,"height":750,"url":"https:\/\/hutfactory.com\/wp-content\/uploads\/2026\/03\/98315.1.webp","type":"image\/webp"}],"twitter_card":"summary_large_image","twitter_misc":{"Gesch\u00e4tzte Lesezeit":"3\u00a0Minuten"},"schema":{"@context":"https:\/\/schema.org","@graph":[{"@type":"WebPage","@id":"https:\/\/hutfactory.com\/?product=schiebermuetze-pure-wool-antonio","url":"https:\/\/hutfactory.com\/?product=schiebermuetze-pure-wool-antonio","name":"Schieberm\u00fctze Antonio \u0096 samtige Baumwolle, handgemacht","isPartOf":{"@id":"https:\/\/hutfactory.com\/#website"},"primaryImageOfPage":{"@id":"https:\/\/hutfactory.com\/?product=schiebermuetze-pure-wool-antonio#primaryimage"},"image":{"@id":"https:\/\/hutfactory.com\/?product=schiebermuetze-pure-wool-antonio#primaryimage"},"thumbnailUrl":"https:\/\/hutfactory.com\/wp-content\/uploads\/2026\/03\/98315.1.webp","datePublished":"2026-03-01T17:28:45+00:00","dateModified":"2026-03-01T17:29:23+00:00","description":"Schieberm\u00fctze Antonio aus 100% Baumwolle. Mit samtiger Oberfl\u00e4che, handgemacht im Europaraum. Klassisch, elegant und sofort lieferbar ab Lager.","breadcrumb":{"@id":"https:\/\/hutfactory.com\/?product=schiebermuetze-pure-wool-antonio#breadcrumb"},"inLanguage":"de","potentialAction":[{"@type":"ReadAction","target":["https:\/\/hutfactory.com\/?product=schiebermuetze-pure-wool-antonio"]}]},{"@type":"ImageObject","inLanguage":"de","@id":"https:\/\/hutfactory.com\/?product=schiebermuetze-pure-wool-antonio#primaryimage","url":"https:\/\/hutfactory.com\/wp-content\/uploads\/2026\/03\/98315.1.webp","contentUrl":"https:\/\/hutfactory.com\/wp-content\/uploads\/2026\/03\/98315.1.webp","width":750,"height":750,"caption":"schlicht und hochwertig verarbeitet.|Schieberm\u00fctze Antonio aus 100% Baumwolle in Camel mit samtiger Oberfl\u00e4che. Ideal f\u00fcr elegante und urbane Looks."},{"@type":"BreadcrumbList","@id":"https:\/\/hutfactory.com\/?product=schiebermuetze-pure-wool-antonio#breadcrumb","itemListElement":[{"@type":"ListItem","position":1,"name":"Start","item":"https:\/\/hutfactory.com\/"},{"@type":"ListItem","position":2,"name":"Shop","item":"https:\/\/hutfactory.com\/?page_id=10"},{"@type":"ListItem","position":3,"name":"Schieberm\u00fctze pure Wool &#8220;Antonio&#8221;"}]},{"@type":"WebSite","@id":"https:\/\/hutfactory.com\/#website","url":"https:\/\/hutfactory.com\/","name":"Hut Factory","description":"H\u00fcte, Kappen &amp; M\u00fctzen in Top Swiss\/EU Qualit\u00e4t","publisher":{"@id":"https:\/\/hutfactory.com\/#organization"},"alternateName":"Hut Shop","potentialAction":[{"@type":"SearchAction","target":{"@type":"EntryPoint","urlTemplate":"https:\/\/hutfactory.com\/?s={search_term_string}"},"query-input":{"@type":"PropertyValueSpecification","valueRequired":true,"valueName":"search_term_string"}}],"inLanguage":"de"},{"@type":"Organization","@id":"https:\/\/hutfactory.com\/#organization","name":"Hut Factory","url":"https:\/\/hutfactory.com\/","logo":{"@type":"ImageObject","inLanguage":"de","@id":"https:\/\/hutfactory.com\/#\/schema\/logo\/image\/","url":"https:\/\/hutfactory.com\/wp-content\/uploads\/2026\/01\/Logo-hut-factory-1.webp","contentUrl":"https:\/\/hutfactory.com\/wp-content\/uploads\/2026\/01\/Logo-hut-factory-1.webp","width":300,"height":262,"caption":"Hut Factory"},"image":{"@id":"https:\/\/hutfactory.com\/#\/schema\/logo\/image\/"}}]}},"_links":{"self":[{"href":"https:\/\/hutfactory.com\/index.php?rest_route=\/wp\/v2\/product\/15262","targetHints":{"allow":["GET"]}}],"collection":[{"href":"https:\/\/hutfactory.com\/index.php?rest_route=\/wp\/v2\/product"}],"about":[{"href":"https:\/\/hutfactory.com\/index.php?rest_route=\/wp\/v2\/types\/product"}],"wp:featuredmedia":[{"embeddable":true,"href":"https:\/\/hutfactory.com\/index.php?rest_route=\/wp\/v2\/media\/15263"}],"wp:attachment":[{"href":"https:\/\/hutfactory.com\/index.php?rest_route=%2Fwp%2Fv2%2Fmedia&parent=15262"}],"wp:term":[{"taxonomy":"product_brand","embeddable":true,"href":"https:\/\/hutfactory.com\/index.php?rest_route=%2Fwp%2Fv2%2Fproduct_brand&post=15262"},{"taxonomy":"product_cat","embeddable":true,"href":"https:\/\/hutfactory.com\/index.php?rest_route=%2Fwp%2Fv2%2Fproduct_cat&post=15262"},{"taxonomy":"product_tag","embeddable":true,"href":"https:\/\/hutfactory.com\/index.php?rest_route=%2Fwp%2Fv2%2Fproduct_tag&post=15262"}],"curies":[{"name":"wp","href":"https:\/\/api.w.org\/{rel}","templated":true}]}}