{"id":15057,"date":"2026-03-01T17:25:49","date_gmt":"2026-03-01T17:25:49","guid":{"rendered":"https:\/\/hutfactory.com\/?product=paperboy-shelby-wolle"},"modified":"2026-03-01T17:25:57","modified_gmt":"2026-03-01T17:25:57","slug":"paperboy-shelby-wolle","status":"publish","type":"product","link":"https:\/\/hutfactory.com\/?product=paperboy-shelby-wolle","title":{"rendered":"Paperboy &#8220;Shelby&#8221; Wolle"},"content":{"rendered":"<h3 data-start=\"183\" data-end=\"490\"><strong>Ein gesuchter Klassiker<\/strong><\/h3>\n<p data-start=\"183\" data-end=\"490\">Die <strong data-start=\"187\" data-end=\"208\">Paperboy \u0084Shelby\u0093<\/strong> ist ein zeitloser Klassiker, inspiriert vom britischen Retro-Stil und in feinster Handwerkskunst umgesetzt. Gefertigt aus <strong data-start=\"331\" data-end=\"370\">100% original Moon Tweed Schurwolle<\/strong>, besticht diese M\u00fctze durch ihr markantes <strong data-start=\"413\" data-end=\"432\">Fischgr\u00e4tmuster<\/strong> und das elegante <strong data-start=\"450\" data-end=\"487\">8-Panel-Design mit Knopfabschluss<\/strong>.<\/p>\n<p data-start=\"492\" data-end=\"703\">Die edle Moon-Wolle sorgt f\u00fcr ein angenehmes Tragegef\u00fchl, hervorragende W\u00e4rmeisolierung und Langlebigkeit. Mit ihrem weichen Innenfutter sitzt die Paperboy bequem und verleiht jedem Outfit eine stilvolle Note.<\/p>\n<p data-start=\"705\" data-end=\"852\">Erh\u00e4ltlich in den Farben <strong data-start=\"730\" data-end=\"764\">helles Beige, <\/strong>Khaki und Petrol, passt sie sowohl zu eleganten Outfits mit Mantel als auch zum urbanen Freizeit-Look.<\/p>\n<p data-start=\"854\" data-end=\"1036\">Gefertigt wird diese Paperboy-M\u00fctze durch die renommierte Schweizer Hutmanufaktur <strong data-start=\"936\" data-end=\"944\">Risa<\/strong> in einem Atelier im Europaraum \u0096 ein St\u00fcck Qualit\u00e4t, das Tradition und Moderne verbindet.<\/p>\n<div class=\"hf-accordions\">\n<hr class=\"hf-accordion-separator\" \/>\n<details class=\"hf-accordion\">\n<summary><strong>\u25b6\ufe0f Gut zu wissen \u2013 mehr erfahren<\/strong><\/summary>\n<div class=\"hf-accordion-content\">\n<h3>Wichtige Produktdetails:<\/h3>\n<ul>\n<li><strong>Materialzusammensetzung:<\/strong>\u00a0100% Haarfilz \u0096 f\u00fcr Langlebigkeit und eine formstabile Struktur<\/li>\n<li><strong>Muster:<\/strong>\u00a0Auff\u00e4llige Ziern\u00e4hte links, rechts, vorne und hinten \u0096 ein extravagantes Detail f\u00fcr einen markanten<\/li>\n<li><strong>Randbreite:<\/strong>\u00a04,5 cm \u0096 f\u00fcr den klassischen Bowler-Look<\/li>\n<li><strong>Kopfh\u00f6he:<\/strong>\u00a012,0 cm \u0096 f\u00fcr eine markante, aber dennoch traditionelle Form<\/li>\n<li><strong>Farben:\u00a0<\/strong>1. Schwarz mit Rebsband &#038; Lederkordel, 2.\u00a0Salbei mit Rebsband &#038; Lederkordel<\/li>\n<li><strong>Gr\u00f6\u00dfen:<\/strong>\u00a0Verf\u00fcgbar in den Gr\u00f6\u00dfen 54-62 \u0096 f\u00fcr eine perfekte Passform<\/li>\n<li><strong>Hutband:<\/strong>\u00a0Rebsband mit Lederkordel und einem dekorativen Qualit\u00e4tsknopf auf der Masche \u0096 sorgt f\u00fcr ein stilvolles<\/li>\n<li><strong>Schwei\u00dfband:<\/strong>\u00a0Sauber eingen\u00e4htes Textilinnenband als Schwei\u00dfband \u0096 f\u00fcr h\u00f6chsten Tragekomfort und langanhaltende<\/li>\n<li><strong>Fertigungsort:<\/strong>\u00a0Handgefertigt in der renommierten\u00a0<strong>Schweizer Hutmanufaktur Risa<\/strong>. Diese Manufaktur steht seit Jahren f\u00fcr handwerkliche Perfektion und innovative Designs.<\/li>\n<li><strong>Fertigungszeit:<\/strong>\u00a0Jeder Hut wird auf Bestellung gefertigt, sodass Exklusivit\u00e4t und Individualit\u00e4t garantiert sind. Die Herstellung dauert in der Regel\u00a0<strong>10 bis 15 Arbeitstage nach Zahlungseingang<\/strong>.<\/li>\n<li><strong>Versand:<\/strong>\u00a0Nach Fertigstellung des Hutes wird dieser direkt ab Lager Schweiz versendet, sodass Sie Ihren Hut schnell und zuverl\u00e4ssig erhalten.<\/li>\n<li><strong>Garantie:<\/strong>\u00a0Umtausch ist nur bei Material- oder Herstellungsfehlern m\u00f6glich, da es sich um eine ma\u00dfgefertigte Sonderanfertigung handelt.<\/li>\n<li><strong>Verf\u00fcgbarkeit:<\/strong>\u00a0Da die H\u00fcte in limitierter Auflage produziert werden, empfehlen wir eine fr\u00fchzeitige Bestellung, um sich Ihr exklusives Modell zu sichern. Sollte das Rohmaterial ausverkauft sein, kann es zu Verz\u00f6gerungen kommen.<\/li>\n<\/ul>\n<\/div>\n<\/details>\n<details class=\"hf-accordion\">\n<summary><strong>\u25b6\ufe0f FAQ \u2013 H\u00e4ufige Fragen<\/strong><\/summary>\n<div class=\"hf-accordion-content\">\n<h3>H\u00e4ufige Fragen und Antworten (FAQ)<\/h3>\n<p><strong>1. Wie pflege ich meinen Bowler Rugged \u0093sewn and burned\u0094 richtig?<\/strong><br \/>\nEs wird empfohlen, den Hut regelm\u00e4\u00dfig mit einer weichen B\u00fcrste zu reinigen. Bei tiefer gehendem Schmutz sollte eine professionelle Hutreinigung in Anspruch genommen werden.<\/p>\n<p><strong>2. In welchen Gr\u00f6\u00dfen ist der Hut erh\u00e4ltlich?<\/strong><br \/>\nDer Bowler Rugged ist in den Gr\u00f6\u00dfen 54 bis 62 verf\u00fcgbar und bietet somit f\u00fcr jeden Tr\u00e4ger die perfekte Passform.<\/p>\n<p><strong>3. Kann ich den Hut umtauschen, wenn er mir nicht passt?<\/strong><br \/>\nDa der Hut auf Bestellung gefertigt wird, ist ein Umtausch nur bei Material- oder Herstellungsfehlern m\u00f6glich. Bitte beachten Sie dies bei Ihrer Bestellung.<\/p>\n<p><strong>4. Wo wird der Hut hergestellt?<\/strong><br \/>\nDer Bowler Rugged wird in der Schweizer Hutmanufaktur Risa, einem traditionsreichen Handwerksbetrieb, gefertigt.<\/p>\n<p><strong>5. Wie lange dauert der Versand?<\/strong><br \/>\nNachdem der Hut gefertigt wurde, erfolgt der Versand innerhalb weniger Tage ab Lager Schweiz. Je nach Zielort kann die Lieferung variieren.<\/div>\n<\/details>\n<\/div>\n","protected":false},"excerpt":{"rendered":"<p><strong>Eleganz mit Style<\/strong><\/p>\n<p>Die Paperboy \u0084Shelby\u0093 ist mehr als nur eine Kopfbedeckung \u0096 sie ist ein Statement. Inspiriert vom britischen Retro-Stil, passt sie perfekt zu einem eleganten Wollmantel oder einem sportlich-urbanen Outfit. Ob beim Stadtbummel durch die n\u00e4chste Stadt, einem Spaziergang entlang des Sees oder beim entspannten Treffen im Caf\u00e9 \u0096 diese M\u00fctze verleiht jedem Look einen Hauch von Gentleman-Flair.<\/p>\n","protected":false},"featured_media":15058,"template":"","meta":{"_acf_changed":false,"rs_blank_template":"","rs_page_bg_color":"","slide_template_v7":""},"product_brand":[250],"product_cat":[550,387],"product_tag":[],"class_list":{"0":"post-15057","1":"product","2":"type-product","3":"status-publish","4":"has-post-thumbnail","6":"product_brand-risa-hutwerkstatt-schweiz","7":"product_cat-paperboy-ballon-wintermuetzen","8":"product_cat-wintermuetzen","9":"product_shipping_class-mittlere-pakete","10":"pa_color-hbeige","11":"pa_color-khaki","12":"pa_color-petrol","13":"pa_groesse-206","14":"pa_groesse-196","15":"pa_groesse-207","16":"pa_groesse-197","17":"pa_groesse-208","18":"pa_groesse-198","19":"pa_groesse-209","20":"pa_groesse-199","21":"pa_groesse-210","22":"pa_groesse-213","23":"yith_product_brand-risa-hutwerkstatt-schweiz","26":"instock","27":"featured","28":"taxable","29":"shipping-taxable","30":"purchasable","31":"product-type-variable","32":"wvs-archive-product-wrapper","33":"add-to-wishlist-after_add_to_cart"},"acf":[],"yoast_head":"<!-- This site is optimized with the Yoast SEO Premium plugin v27.3 (Yoast SEO v27.3) - https:\/\/yoast.com\/product\/yoast-seo-premium-wordpress\/ -->\n<title>Paperboy M\u00fctze \u0084Shelby\u0093 aus Wolle Moon Tweed<\/title>\n<meta name=\"description\" content=\"Paperboy \u0084Shelby\u0093 aus 100% Moon Schurwolle im Fischgr\u00e4tmuster. Handgefertigt von Risa, klassisches 8-Panel-Design in Beige, Khaki &amp; Petrol.\" \/>\n<meta name=\"robots\" content=\"index, follow, max-snippet:-1, max-image-preview:large, max-video-preview:-1\" \/>\n<link rel=\"canonical\" href=\"https:\/\/hutfactory.com\/?product=paperboy-shelby-wolle\" \/>\n<meta property=\"og:locale\" content=\"de_DE\" \/>\n<meta property=\"og:type\" content=\"article\" \/>\n<meta property=\"og:title\" content=\"Paperboy &quot;Shelby&quot; Wolle\" \/>\n<meta property=\"og:description\" content=\"Paperboy \u0084Shelby\u0093 aus 100% Moon Schurwolle im Fischgr\u00e4tmuster. Handgefertigt von Risa, klassisches 8-Panel-Design in Beige, Khaki &amp; Petrol.\" \/>\n<meta property=\"og:url\" content=\"https:\/\/hutfactory.com\/?product=paperboy-shelby-wolle\" \/>\n<meta property=\"og:site_name\" content=\"Hut Factory\" \/>\n<meta property=\"article:modified_time\" content=\"2026-03-01T17:25:57+00:00\" \/>\n<meta property=\"og:image\" content=\"https:\/\/hutfactory.com\/wp-content\/uploads\/2026\/03\/95445.1.webp\" \/>\n\t<meta property=\"og:image:width\" content=\"750\" \/>\n\t<meta property=\"og:image:height\" content=\"750\" \/>\n\t<meta property=\"og:image:type\" content=\"image\/webp\" \/>\n<meta name=\"twitter:card\" content=\"summary_large_image\" \/>\n<meta name=\"twitter:label1\" content=\"Gesch\u00e4tzte Lesezeit\" \/>\n\t<meta name=\"twitter:data1\" content=\"3\u00a0Minuten\" \/>\n<script type=\"application\/ld+json\" class=\"yoast-schema-graph\">{\"@context\":\"https:\\\/\\\/schema.org\",\"@graph\":[{\"@type\":\"WebPage\",\"@id\":\"https:\\\/\\\/hutfactory.com\\\/?product=paperboy-shelby-wolle\",\"url\":\"https:\\\/\\\/hutfactory.com\\\/?product=paperboy-shelby-wolle\",\"name\":\"Paperboy M\u00fctze \u0084Shelby\u0093 aus Wolle Moon Tweed\",\"isPartOf\":{\"@id\":\"https:\\\/\\\/hutfactory.com\\\/#website\"},\"primaryImageOfPage\":{\"@id\":\"https:\\\/\\\/hutfactory.com\\\/?product=paperboy-shelby-wolle#primaryimage\"},\"image\":{\"@id\":\"https:\\\/\\\/hutfactory.com\\\/?product=paperboy-shelby-wolle#primaryimage\"},\"thumbnailUrl\":\"https:\\\/\\\/hutfactory.com\\\/wp-content\\\/uploads\\\/2026\\\/03\\\/95445.1.webp\",\"datePublished\":\"2026-03-01T17:25:49+00:00\",\"dateModified\":\"2026-03-01T17:25:57+00:00\",\"description\":\"Paperboy \u0084Shelby\u0093 aus 100% Moon Schurwolle im Fischgr\u00e4tmuster. Handgefertigt von Risa, klassisches 8-Panel-Design in Beige, Khaki & Petrol.\",\"breadcrumb\":{\"@id\":\"https:\\\/\\\/hutfactory.com\\\/?product=paperboy-shelby-wolle#breadcrumb\"},\"inLanguage\":\"de\",\"potentialAction\":[{\"@type\":\"ReadAction\",\"target\":[\"https:\\\/\\\/hutfactory.com\\\/?product=paperboy-shelby-wolle\"]}]},{\"@type\":\"ImageObject\",\"inLanguage\":\"de\",\"@id\":\"https:\\\/\\\/hutfactory.com\\\/?product=paperboy-shelby-wolle#primaryimage\",\"url\":\"https:\\\/\\\/hutfactory.com\\\/wp-content\\\/uploads\\\/2026\\\/03\\\/95445.1.webp\",\"contentUrl\":\"https:\\\/\\\/hutfactory.com\\\/wp-content\\\/uploads\\\/2026\\\/03\\\/95445.1.webp\",\"width\":750,\"height\":750,\"caption\":\"seitliche Ansicht.|klassische 8-Panel-M\u00fctze im Herringbone-Muster\"},{\"@type\":\"BreadcrumbList\",\"@id\":\"https:\\\/\\\/hutfactory.com\\\/?product=paperboy-shelby-wolle#breadcrumb\",\"itemListElement\":[{\"@type\":\"ListItem\",\"position\":1,\"name\":\"Start\",\"item\":\"https:\\\/\\\/hutfactory.com\\\/\"},{\"@type\":\"ListItem\",\"position\":2,\"name\":\"Shop\",\"item\":\"https:\\\/\\\/hutfactory.com\\\/?page_id=10\"},{\"@type\":\"ListItem\",\"position\":3,\"name\":\"Paperboy &#8220;Shelby&#8221; Wolle\"}]},{\"@type\":\"WebSite\",\"@id\":\"https:\\\/\\\/hutfactory.com\\\/#website\",\"url\":\"https:\\\/\\\/hutfactory.com\\\/\",\"name\":\"Hut Factory\",\"description\":\"H\u00fcte, Kappen &amp; M\u00fctzen in Top Swiss\\\/EU Qualit\u00e4t\",\"publisher\":{\"@id\":\"https:\\\/\\\/hutfactory.com\\\/#organization\"},\"alternateName\":\"Hut Shop\",\"potentialAction\":[{\"@type\":\"SearchAction\",\"target\":{\"@type\":\"EntryPoint\",\"urlTemplate\":\"https:\\\/\\\/hutfactory.com\\\/?s={search_term_string}\"},\"query-input\":{\"@type\":\"PropertyValueSpecification\",\"valueRequired\":true,\"valueName\":\"search_term_string\"}}],\"inLanguage\":\"de\"},{\"@type\":\"Organization\",\"@id\":\"https:\\\/\\\/hutfactory.com\\\/#organization\",\"name\":\"Hut Factory\",\"url\":\"https:\\\/\\\/hutfactory.com\\\/\",\"logo\":{\"@type\":\"ImageObject\",\"inLanguage\":\"de\",\"@id\":\"https:\\\/\\\/hutfactory.com\\\/#\\\/schema\\\/logo\\\/image\\\/\",\"url\":\"https:\\\/\\\/hutfactory.com\\\/wp-content\\\/uploads\\\/2026\\\/01\\\/Logo-hut-factory-1.webp\",\"contentUrl\":\"https:\\\/\\\/hutfactory.com\\\/wp-content\\\/uploads\\\/2026\\\/01\\\/Logo-hut-factory-1.webp\",\"width\":300,\"height\":262,\"caption\":\"Hut Factory\"},\"image\":{\"@id\":\"https:\\\/\\\/hutfactory.com\\\/#\\\/schema\\\/logo\\\/image\\\/\"}}]}<\/script>\n<!-- \/ Yoast SEO Premium plugin. -->","yoast_head_json":{"title":"Paperboy M\u00fctze \u0084Shelby\u0093 aus Wolle Moon Tweed","description":"Paperboy \u0084Shelby\u0093 aus 100% Moon Schurwolle im Fischgr\u00e4tmuster. Handgefertigt von Risa, klassisches 8-Panel-Design in Beige, Khaki & Petrol.","robots":{"index":"index","follow":"follow","max-snippet":"max-snippet:-1","max-image-preview":"max-image-preview:large","max-video-preview":"max-video-preview:-1"},"canonical":"https:\/\/hutfactory.com\/?product=paperboy-shelby-wolle","og_locale":"de_DE","og_type":"article","og_title":"Paperboy \"Shelby\" Wolle","og_description":"Paperboy \u0084Shelby\u0093 aus 100% Moon Schurwolle im Fischgr\u00e4tmuster. Handgefertigt von Risa, klassisches 8-Panel-Design in Beige, Khaki & Petrol.","og_url":"https:\/\/hutfactory.com\/?product=paperboy-shelby-wolle","og_site_name":"Hut Factory","article_modified_time":"2026-03-01T17:25:57+00:00","og_image":[{"width":750,"height":750,"url":"https:\/\/hutfactory.com\/wp-content\/uploads\/2026\/03\/95445.1.webp","type":"image\/webp"}],"twitter_card":"summary_large_image","twitter_misc":{"Gesch\u00e4tzte Lesezeit":"3\u00a0Minuten"},"schema":{"@context":"https:\/\/schema.org","@graph":[{"@type":"WebPage","@id":"https:\/\/hutfactory.com\/?product=paperboy-shelby-wolle","url":"https:\/\/hutfactory.com\/?product=paperboy-shelby-wolle","name":"Paperboy M\u00fctze \u0084Shelby\u0093 aus Wolle Moon Tweed","isPartOf":{"@id":"https:\/\/hutfactory.com\/#website"},"primaryImageOfPage":{"@id":"https:\/\/hutfactory.com\/?product=paperboy-shelby-wolle#primaryimage"},"image":{"@id":"https:\/\/hutfactory.com\/?product=paperboy-shelby-wolle#primaryimage"},"thumbnailUrl":"https:\/\/hutfactory.com\/wp-content\/uploads\/2026\/03\/95445.1.webp","datePublished":"2026-03-01T17:25:49+00:00","dateModified":"2026-03-01T17:25:57+00:00","description":"Paperboy \u0084Shelby\u0093 aus 100% Moon Schurwolle im Fischgr\u00e4tmuster. Handgefertigt von Risa, klassisches 8-Panel-Design in Beige, Khaki & Petrol.","breadcrumb":{"@id":"https:\/\/hutfactory.com\/?product=paperboy-shelby-wolle#breadcrumb"},"inLanguage":"de","potentialAction":[{"@type":"ReadAction","target":["https:\/\/hutfactory.com\/?product=paperboy-shelby-wolle"]}]},{"@type":"ImageObject","inLanguage":"de","@id":"https:\/\/hutfactory.com\/?product=paperboy-shelby-wolle#primaryimage","url":"https:\/\/hutfactory.com\/wp-content\/uploads\/2026\/03\/95445.1.webp","contentUrl":"https:\/\/hutfactory.com\/wp-content\/uploads\/2026\/03\/95445.1.webp","width":750,"height":750,"caption":"seitliche Ansicht.|klassische 8-Panel-M\u00fctze im Herringbone-Muster"},{"@type":"BreadcrumbList","@id":"https:\/\/hutfactory.com\/?product=paperboy-shelby-wolle#breadcrumb","itemListElement":[{"@type":"ListItem","position":1,"name":"Start","item":"https:\/\/hutfactory.com\/"},{"@type":"ListItem","position":2,"name":"Shop","item":"https:\/\/hutfactory.com\/?page_id=10"},{"@type":"ListItem","position":3,"name":"Paperboy &#8220;Shelby&#8221; Wolle"}]},{"@type":"WebSite","@id":"https:\/\/hutfactory.com\/#website","url":"https:\/\/hutfactory.com\/","name":"Hut Factory","description":"H\u00fcte, Kappen &amp; M\u00fctzen in Top Swiss\/EU Qualit\u00e4t","publisher":{"@id":"https:\/\/hutfactory.com\/#organization"},"alternateName":"Hut Shop","potentialAction":[{"@type":"SearchAction","target":{"@type":"EntryPoint","urlTemplate":"https:\/\/hutfactory.com\/?s={search_term_string}"},"query-input":{"@type":"PropertyValueSpecification","valueRequired":true,"valueName":"search_term_string"}}],"inLanguage":"de"},{"@type":"Organization","@id":"https:\/\/hutfactory.com\/#organization","name":"Hut Factory","url":"https:\/\/hutfactory.com\/","logo":{"@type":"ImageObject","inLanguage":"de","@id":"https:\/\/hutfactory.com\/#\/schema\/logo\/image\/","url":"https:\/\/hutfactory.com\/wp-content\/uploads\/2026\/01\/Logo-hut-factory-1.webp","contentUrl":"https:\/\/hutfactory.com\/wp-content\/uploads\/2026\/01\/Logo-hut-factory-1.webp","width":300,"height":262,"caption":"Hut Factory"},"image":{"@id":"https:\/\/hutfactory.com\/#\/schema\/logo\/image\/"}}]}},"_links":{"self":[{"href":"https:\/\/hutfactory.com\/index.php?rest_route=\/wp\/v2\/product\/15057","targetHints":{"allow":["GET"]}}],"collection":[{"href":"https:\/\/hutfactory.com\/index.php?rest_route=\/wp\/v2\/product"}],"about":[{"href":"https:\/\/hutfactory.com\/index.php?rest_route=\/wp\/v2\/types\/product"}],"wp:featuredmedia":[{"embeddable":true,"href":"https:\/\/hutfactory.com\/index.php?rest_route=\/wp\/v2\/media\/15058"}],"wp:attachment":[{"href":"https:\/\/hutfactory.com\/index.php?rest_route=%2Fwp%2Fv2%2Fmedia&parent=15057"}],"wp:term":[{"taxonomy":"product_brand","embeddable":true,"href":"https:\/\/hutfactory.com\/index.php?rest_route=%2Fwp%2Fv2%2Fproduct_brand&post=15057"},{"taxonomy":"product_cat","embeddable":true,"href":"https:\/\/hutfactory.com\/index.php?rest_route=%2Fwp%2Fv2%2Fproduct_cat&post=15057"},{"taxonomy":"product_tag","embeddable":true,"href":"https:\/\/hutfactory.com\/index.php?rest_route=%2Fwp%2Fv2%2Fproduct_tag&post=15057"}],"curies":[{"name":"wp","href":"https:\/\/api.w.org\/{rel}","templated":true}]}}