{"id":15043,"date":"2026-03-01T17:25:30","date_gmt":"2026-03-01T17:25:30","guid":{"rendered":"https:\/\/hutfactory.com\/?product=camaret-tonio-wolle"},"modified":"2026-03-01T17:25:41","modified_gmt":"2026-03-01T17:25:41","slug":"camaret-tonio-wolle","status":"publish","type":"product","link":"https:\/\/hutfactory.com\/?product=camaret-tonio-wolle","title":{"rendered":"Camaret &#8220;Tonio&#8221; Wolle"},"content":{"rendered":"<h3 data-start=\"120\" data-end=\"168\"><strong data-start=\"124\" data-end=\"166\">Maritimer Klassiker mit urbanem Charme<\/strong><\/h3>\n<p data-start=\"169\" data-end=\"438\">Die Camaret \u0084Tonio\u0093 interpretiert die traditionelle Schirmm\u00fctze neu und verbindet zeitlosen Fischerlook mit eleganter Moderne. Mit ihrer klaren Form, dem geraden Schirm und dem markanten Schnitt ist sie die perfekte Wahl f\u00fcr alle, die Authentizit\u00e4t und Stil sch\u00e4tzen.<\/p>\n<p data-start=\"440\" data-end=\"746\">Gefertigt aus <strong data-start=\"454\" data-end=\"473\">100% Schurwolle<\/strong> \u00fcberzeugt sie durch angenehme W\u00e4rme, Atmungsaktivit\u00e4t und Langlebigkeit. Das klassische <strong data-start=\"562\" data-end=\"581\">Fischgr\u00e4tmuster<\/strong> in den Farbvarianten <strong data-start=\"603\" data-end=\"641\">Taupe, Marine, Olive und Anthrazit<\/strong> verleiht dieser M\u00fctze eine feine Struktur, die sowohl zu eleganten als auch zu l\u00e4ssigen Outfits passt.<\/p>\n<h3 data-start=\"753\" data-end=\"775\"><strong data-start=\"757\" data-end=\"773\">Perfekt f\u00fcr\u0085<\/strong><\/h3>\n<p data-start=\"776\" data-end=\"1078\">? <strong data-start=\"778\" data-end=\"805\">Herbst- und Wintertage:<\/strong> W\u00e4rmend und gleichzeitig atmungsaktiv \u0096 ideal f\u00fcr den Alltag.<br data-start=\"867\" data-end=\"870\" \/>?? <strong data-start=\"873\" data-end=\"900\">Modebewusste Auftritte:<\/strong> Klassische Schirmm\u00fctze mit maritimem Flair, die jedem Look Charakter verleiht.<br data-start=\"979\" data-end=\"982\" \/>?? <strong data-start=\"985\" data-end=\"1009\">Nachhaltige Eleganz:<\/strong> Aus 100% Wolle, handgefertigt in europ\u00e4ischer Manufaktur f\u00fcr Risa.<\/p>\n<div class=\"hf-accordions\">\n<hr class=\"hf-accordion-separator\" \/>\n<details class=\"hf-accordion\">\n<summary><strong>\u25b6\ufe0f Gut zu wissen \u2013 mehr erfahren<\/strong><\/summary>\n<div class=\"hf-accordion-content\">\n<h3>Wichtige Produktdetails:<\/h3>\n<ul>\n<li><strong>Materialzusammensetzung:<\/strong>\u00a0100% Haarfilz \u0096 f\u00fcr Langlebigkeit und eine formstabile Struktur<\/li>\n<li><strong>Muster:<\/strong>\u00a0Auff\u00e4llige Ziern\u00e4hte links, rechts, vorne und hinten \u0096 ein extravagantes Detail f\u00fcr einen markanten<\/li>\n<li><strong>Randbreite:<\/strong>\u00a04,5 cm \u0096 f\u00fcr den klassischen Bowler-Look<\/li>\n<li><strong>Kopfh\u00f6he:<\/strong>\u00a012,0 cm \u0096 f\u00fcr eine markante, aber dennoch traditionelle Form<\/li>\n<li><strong>Farben:\u00a0<\/strong>1. Schwarz mit Rebsband &#038; Lederkordel, 2.\u00a0Salbei mit Rebsband &#038; Lederkordel<\/li>\n<li><strong>Gr\u00f6\u00dfen:<\/strong>\u00a0Verf\u00fcgbar in den Gr\u00f6\u00dfen 54-62 \u0096 f\u00fcr eine perfekte Passform<\/li>\n<li><strong>Hutband:<\/strong>\u00a0Rebsband mit Lederkordel und einem dekorativen Qualit\u00e4tsknopf auf der Masche \u0096 sorgt f\u00fcr ein stilvolles<\/li>\n<li><strong>Schwei\u00dfband:<\/strong>\u00a0Sauber eingen\u00e4htes Textilinnenband als Schwei\u00dfband \u0096 f\u00fcr h\u00f6chsten Tragekomfort und langanhaltende<\/li>\n<li><strong>Fertigungsort:<\/strong>\u00a0Handgefertigt in der renommierten\u00a0<strong>Schweizer Hutmanufaktur Risa<\/strong>. Diese Manufaktur steht seit Jahren f\u00fcr handwerkliche Perfektion und innovative Designs.<\/li>\n<li><strong>Fertigungszeit:<\/strong>\u00a0Jeder Hut wird auf Bestellung gefertigt, sodass Exklusivit\u00e4t und Individualit\u00e4t garantiert sind. Die Herstellung dauert in der Regel\u00a0<strong>10 bis 15 Arbeitstage nach Zahlungseingang<\/strong>.<\/li>\n<li><strong>Versand:<\/strong>\u00a0Nach Fertigstellung des Hutes wird dieser direkt ab Lager Schweiz versendet, sodass Sie Ihren Hut schnell und zuverl\u00e4ssig erhalten.<\/li>\n<li><strong>Garantie:<\/strong>\u00a0Umtausch ist nur bei Material- oder Herstellungsfehlern m\u00f6glich, da es sich um eine ma\u00dfgefertigte Sonderanfertigung handelt.<\/li>\n<li><strong>Verf\u00fcgbarkeit:<\/strong>\u00a0Da die H\u00fcte in limitierter Auflage produziert werden, empfehlen wir eine fr\u00fchzeitige Bestellung, um sich Ihr exklusives Modell zu sichern. Sollte das Rohmaterial ausverkauft sein, kann es zu Verz\u00f6gerungen kommen.<\/li>\n<\/ul>\n<\/div>\n<\/details>\n<details class=\"hf-accordion\">\n<summary><strong>\u25b6\ufe0f FAQ \u2013 H\u00e4ufige Fragen<\/strong><\/summary>\n<div class=\"hf-accordion-content\">\n<h3>H\u00e4ufige Fragen und Antworten (FAQ)<\/h3>\n<p><strong>1. Wie pflege ich meinen Bowler Rugged \u0093sewn and burned\u0094 richtig?<\/strong><br \/>\nEs wird empfohlen, den Hut regelm\u00e4\u00dfig mit einer weichen B\u00fcrste zu reinigen. Bei tiefer gehendem Schmutz sollte eine professionelle Hutreinigung in Anspruch genommen werden.<\/p>\n<p><strong>2. In welchen Gr\u00f6\u00dfen ist der Hut erh\u00e4ltlich?<\/strong><br \/>\nDer Bowler Rugged ist in den Gr\u00f6\u00dfen 54 bis 62 verf\u00fcgbar und bietet somit f\u00fcr jeden Tr\u00e4ger die perfekte Passform.<\/p>\n<p><strong>3. Kann ich den Hut umtauschen, wenn er mir nicht passt?<\/strong><br \/>\nDa der Hut auf Bestellung gefertigt wird, ist ein Umtausch nur bei Material- oder Herstellungsfehlern m\u00f6glich. Bitte beachten Sie dies bei Ihrer Bestellung.<\/p>\n<p><strong>4. Wo wird der Hut hergestellt?<\/strong><br \/>\nDer Bowler Rugged wird in der Schweizer Hutmanufaktur Risa, einem traditionsreichen Handwerksbetrieb, gefertigt.<\/p>\n<p><strong>5. Wie lange dauert der Versand?<\/strong><br \/>\nNachdem der Hut gefertigt wurde, erfolgt der Versand innerhalb weniger Tage ab Lager Schweiz. Je nach Zielort kann die Lieferung variieren.<\/div>\n<\/details>\n<\/div>\n","protected":false},"excerpt":{"rendered":"<h3><strong>Stil mit maritimer Note<\/strong><\/h3>\n<p>Ein k\u00fchler Wind weht \u00fcber die Hafenpromenade \u0096 Sie ziehen den Mantel enger und setzen die Camaret \u0084Tonio\u0093 auf. Ob beim Spaziergang an der Z\u00fcrcher Seepromenade, im Caf\u00e9 oder auf Reisen: Diese Schirmm\u00fctze verbindet maritimes Lebensgef\u00fchl mit urbanem Chic. Das Fischgr\u00e4tmuster erz\u00e4hlt Geschichten von Tradition, Handwerk und Abenteuerlust. Ein Accessoire, das sowohl Seefahrergeist als auch moderne Eleganz verk\u00f6rpert.<\/p>\n","protected":false},"featured_media":15044,"template":"","meta":{"_acf_changed":false,"rs_blank_template":"","rs_page_bg_color":"","slide_template_v7":""},"product_brand":[250],"product_cat":[443,387],"product_tag":[],"class_list":{"0":"post-15043","1":"product","2":"type-product","3":"status-publish","4":"has-post-thumbnail","6":"product_brand-risa-hutwerkstatt-schweiz","7":"product_cat-kapitaen-wintermuetzen","8":"product_cat-wintermuetzen","9":"product_shipping_class-mittlere-pakete","10":"pa_color-anthrazit","11":"pa_color-marine","12":"pa_color-olive","13":"pa_color-taupe","14":"pa_groesse-l-59-60","15":"pa_groesse-m-57-58","16":"pa_groesse-s-55-56","17":"yith_product_brand-risa-hutwerkstatt-schweiz","20":"instock","21":"featured","22":"taxable","23":"shipping-taxable","24":"purchasable","25":"product-type-variable","26":"wvs-archive-product-wrapper","27":"add-to-wishlist-after_add_to_cart"},"acf":[],"yoast_head":"<!-- This site is optimized with the Yoast SEO Premium plugin v27.3 (Yoast SEO v27.3) - https:\/\/yoast.com\/product\/yoast-seo-premium-wordpress\/ -->\n<title>Camaret Tonio Schirmm\u00fctze aus Wolle \u0096 Fischgr\u00e4t in Taupe<\/title>\n<meta name=\"description\" content=\"Camaret \u0084Tonio\u0093 \u0096 Schirmm\u00fctze aus 100% Wolle mit Fischgr\u00e4tmuster. Farben: Taupe, Marine, Olive, Anthrazit. Handgefertigt f\u00fcr die Schweizer Manufaktur Risa.\" \/>\n<meta name=\"robots\" content=\"index, follow, max-snippet:-1, max-image-preview:large, max-video-preview:-1\" \/>\n<link rel=\"canonical\" href=\"https:\/\/hutfactory.com\/?product=camaret-tonio-wolle\" \/>\n<meta property=\"og:locale\" content=\"de_DE\" \/>\n<meta property=\"og:type\" content=\"article\" \/>\n<meta property=\"og:title\" content=\"Camaret &quot;Tonio&quot; Wolle\" \/>\n<meta property=\"og:description\" content=\"Camaret \u0084Tonio\u0093 \u0096 Schirmm\u00fctze aus 100% Wolle mit Fischgr\u00e4tmuster. Farben: Taupe, Marine, Olive, Anthrazit. Handgefertigt f\u00fcr die Schweizer Manufaktur Risa.\" \/>\n<meta property=\"og:url\" content=\"https:\/\/hutfactory.com\/?product=camaret-tonio-wolle\" \/>\n<meta property=\"og:site_name\" content=\"Hut Factory\" \/>\n<meta property=\"article:modified_time\" content=\"2026-03-01T17:25:41+00:00\" \/>\n<meta property=\"og:image\" content=\"https:\/\/hutfactory.com\/wp-content\/uploads\/2026\/03\/99535.1.webp\" \/>\n\t<meta property=\"og:image:width\" content=\"750\" \/>\n\t<meta property=\"og:image:height\" content=\"750\" \/>\n\t<meta property=\"og:image:type\" content=\"image\/webp\" \/>\n<meta name=\"twitter:card\" content=\"summary_large_image\" \/>\n<meta name=\"twitter:label1\" content=\"Gesch\u00e4tzte Lesezeit\" \/>\n\t<meta name=\"twitter:data1\" content=\"3\u00a0Minuten\" \/>\n<script type=\"application\/ld+json\" class=\"yoast-schema-graph\">{\"@context\":\"https:\\\/\\\/schema.org\",\"@graph\":[{\"@type\":\"WebPage\",\"@id\":\"https:\\\/\\\/hutfactory.com\\\/?product=camaret-tonio-wolle\",\"url\":\"https:\\\/\\\/hutfactory.com\\\/?product=camaret-tonio-wolle\",\"name\":\"Camaret Tonio Schirmm\u00fctze aus Wolle \u0096 Fischgr\u00e4t in Taupe\",\"isPartOf\":{\"@id\":\"https:\\\/\\\/hutfactory.com\\\/#website\"},\"primaryImageOfPage\":{\"@id\":\"https:\\\/\\\/hutfactory.com\\\/?product=camaret-tonio-wolle#primaryimage\"},\"image\":{\"@id\":\"https:\\\/\\\/hutfactory.com\\\/?product=camaret-tonio-wolle#primaryimage\"},\"thumbnailUrl\":\"https:\\\/\\\/hutfactory.com\\\/wp-content\\\/uploads\\\/2026\\\/03\\\/99535.1.webp\",\"datePublished\":\"2026-03-01T17:25:30+00:00\",\"dateModified\":\"2026-03-01T17:25:41+00:00\",\"description\":\"Camaret \u0084Tonio\u0093 \u0096 Schirmm\u00fctze aus 100% Wolle mit Fischgr\u00e4tmuster. Farben: Taupe, Marine, Olive, Anthrazit. Handgefertigt f\u00fcr die Schweizer Manufaktur Risa.\",\"breadcrumb\":{\"@id\":\"https:\\\/\\\/hutfactory.com\\\/?product=camaret-tonio-wolle#breadcrumb\"},\"inLanguage\":\"de\",\"potentialAction\":[{\"@type\":\"ReadAction\",\"target\":[\"https:\\\/\\\/hutfactory.com\\\/?product=camaret-tonio-wolle\"]}]},{\"@type\":\"ImageObject\",\"inLanguage\":\"de\",\"@id\":\"https:\\\/\\\/hutfactory.com\\\/?product=camaret-tonio-wolle#primaryimage\",\"url\":\"https:\\\/\\\/hutfactory.com\\\/wp-content\\\/uploads\\\/2026\\\/03\\\/99535.1.webp\",\"contentUrl\":\"https:\\\/\\\/hutfactory.com\\\/wp-content\\\/uploads\\\/2026\\\/03\\\/99535.1.webp\",\"width\":750,\"height\":750,\"caption\":\"gefertigt in europ\u00e4ischer Handarbeit f\u00fcr die Schweizer Hutmanufaktur Risa. Mit ihrem geraden Schirm und dem eleganten Fischgr\u00e4tmuster verbindet sie maritimen Charakter mit urbanem Chic. Verf\u00fcgbar in vier Farben \u0096 Taupe\"},{\"@type\":\"BreadcrumbList\",\"@id\":\"https:\\\/\\\/hutfactory.com\\\/?product=camaret-tonio-wolle#breadcrumb\",\"itemListElement\":[{\"@type\":\"ListItem\",\"position\":1,\"name\":\"Start\",\"item\":\"https:\\\/\\\/hutfactory.com\\\/\"},{\"@type\":\"ListItem\",\"position\":2,\"name\":\"Shop\",\"item\":\"https:\\\/\\\/hutfactory.com\\\/?page_id=10\"},{\"@type\":\"ListItem\",\"position\":3,\"name\":\"Camaret &#8220;Tonio&#8221; Wolle\"}]},{\"@type\":\"WebSite\",\"@id\":\"https:\\\/\\\/hutfactory.com\\\/#website\",\"url\":\"https:\\\/\\\/hutfactory.com\\\/\",\"name\":\"Hut Factory\",\"description\":\"H\u00fcte, Kappen &amp; M\u00fctzen in Top Swiss\\\/EU Qualit\u00e4t\",\"publisher\":{\"@id\":\"https:\\\/\\\/hutfactory.com\\\/#organization\"},\"alternateName\":\"Hut Shop\",\"potentialAction\":[{\"@type\":\"SearchAction\",\"target\":{\"@type\":\"EntryPoint\",\"urlTemplate\":\"https:\\\/\\\/hutfactory.com\\\/?s={search_term_string}\"},\"query-input\":{\"@type\":\"PropertyValueSpecification\",\"valueRequired\":true,\"valueName\":\"search_term_string\"}}],\"inLanguage\":\"de\"},{\"@type\":\"Organization\",\"@id\":\"https:\\\/\\\/hutfactory.com\\\/#organization\",\"name\":\"Hut Factory\",\"url\":\"https:\\\/\\\/hutfactory.com\\\/\",\"logo\":{\"@type\":\"ImageObject\",\"inLanguage\":\"de\",\"@id\":\"https:\\\/\\\/hutfactory.com\\\/#\\\/schema\\\/logo\\\/image\\\/\",\"url\":\"https:\\\/\\\/hutfactory.com\\\/wp-content\\\/uploads\\\/2026\\\/01\\\/Logo-hut-factory-1.webp\",\"contentUrl\":\"https:\\\/\\\/hutfactory.com\\\/wp-content\\\/uploads\\\/2026\\\/01\\\/Logo-hut-factory-1.webp\",\"width\":300,\"height\":262,\"caption\":\"Hut Factory\"},\"image\":{\"@id\":\"https:\\\/\\\/hutfactory.com\\\/#\\\/schema\\\/logo\\\/image\\\/\"}}]}<\/script>\n<!-- \/ Yoast SEO Premium plugin. -->","yoast_head_json":{"title":"Camaret Tonio Schirmm\u00fctze aus Wolle \u0096 Fischgr\u00e4t in Taupe","description":"Camaret \u0084Tonio\u0093 \u0096 Schirmm\u00fctze aus 100% Wolle mit Fischgr\u00e4tmuster. Farben: Taupe, Marine, Olive, Anthrazit. Handgefertigt f\u00fcr die Schweizer Manufaktur Risa.","robots":{"index":"index","follow":"follow","max-snippet":"max-snippet:-1","max-image-preview":"max-image-preview:large","max-video-preview":"max-video-preview:-1"},"canonical":"https:\/\/hutfactory.com\/?product=camaret-tonio-wolle","og_locale":"de_DE","og_type":"article","og_title":"Camaret \"Tonio\" Wolle","og_description":"Camaret \u0084Tonio\u0093 \u0096 Schirmm\u00fctze aus 100% Wolle mit Fischgr\u00e4tmuster. Farben: Taupe, Marine, Olive, Anthrazit. Handgefertigt f\u00fcr die Schweizer Manufaktur Risa.","og_url":"https:\/\/hutfactory.com\/?product=camaret-tonio-wolle","og_site_name":"Hut Factory","article_modified_time":"2026-03-01T17:25:41+00:00","og_image":[{"width":750,"height":750,"url":"https:\/\/hutfactory.com\/wp-content\/uploads\/2026\/03\/99535.1.webp","type":"image\/webp"}],"twitter_card":"summary_large_image","twitter_misc":{"Gesch\u00e4tzte Lesezeit":"3\u00a0Minuten"},"schema":{"@context":"https:\/\/schema.org","@graph":[{"@type":"WebPage","@id":"https:\/\/hutfactory.com\/?product=camaret-tonio-wolle","url":"https:\/\/hutfactory.com\/?product=camaret-tonio-wolle","name":"Camaret Tonio Schirmm\u00fctze aus Wolle \u0096 Fischgr\u00e4t in Taupe","isPartOf":{"@id":"https:\/\/hutfactory.com\/#website"},"primaryImageOfPage":{"@id":"https:\/\/hutfactory.com\/?product=camaret-tonio-wolle#primaryimage"},"image":{"@id":"https:\/\/hutfactory.com\/?product=camaret-tonio-wolle#primaryimage"},"thumbnailUrl":"https:\/\/hutfactory.com\/wp-content\/uploads\/2026\/03\/99535.1.webp","datePublished":"2026-03-01T17:25:30+00:00","dateModified":"2026-03-01T17:25:41+00:00","description":"Camaret \u0084Tonio\u0093 \u0096 Schirmm\u00fctze aus 100% Wolle mit Fischgr\u00e4tmuster. Farben: Taupe, Marine, Olive, Anthrazit. Handgefertigt f\u00fcr die Schweizer Manufaktur Risa.","breadcrumb":{"@id":"https:\/\/hutfactory.com\/?product=camaret-tonio-wolle#breadcrumb"},"inLanguage":"de","potentialAction":[{"@type":"ReadAction","target":["https:\/\/hutfactory.com\/?product=camaret-tonio-wolle"]}]},{"@type":"ImageObject","inLanguage":"de","@id":"https:\/\/hutfactory.com\/?product=camaret-tonio-wolle#primaryimage","url":"https:\/\/hutfactory.com\/wp-content\/uploads\/2026\/03\/99535.1.webp","contentUrl":"https:\/\/hutfactory.com\/wp-content\/uploads\/2026\/03\/99535.1.webp","width":750,"height":750,"caption":"gefertigt in europ\u00e4ischer Handarbeit f\u00fcr die Schweizer Hutmanufaktur Risa. Mit ihrem geraden Schirm und dem eleganten Fischgr\u00e4tmuster verbindet sie maritimen Charakter mit urbanem Chic. Verf\u00fcgbar in vier Farben \u0096 Taupe"},{"@type":"BreadcrumbList","@id":"https:\/\/hutfactory.com\/?product=camaret-tonio-wolle#breadcrumb","itemListElement":[{"@type":"ListItem","position":1,"name":"Start","item":"https:\/\/hutfactory.com\/"},{"@type":"ListItem","position":2,"name":"Shop","item":"https:\/\/hutfactory.com\/?page_id=10"},{"@type":"ListItem","position":3,"name":"Camaret &#8220;Tonio&#8221; Wolle"}]},{"@type":"WebSite","@id":"https:\/\/hutfactory.com\/#website","url":"https:\/\/hutfactory.com\/","name":"Hut Factory","description":"H\u00fcte, Kappen &amp; M\u00fctzen in Top Swiss\/EU Qualit\u00e4t","publisher":{"@id":"https:\/\/hutfactory.com\/#organization"},"alternateName":"Hut Shop","potentialAction":[{"@type":"SearchAction","target":{"@type":"EntryPoint","urlTemplate":"https:\/\/hutfactory.com\/?s={search_term_string}"},"query-input":{"@type":"PropertyValueSpecification","valueRequired":true,"valueName":"search_term_string"}}],"inLanguage":"de"},{"@type":"Organization","@id":"https:\/\/hutfactory.com\/#organization","name":"Hut Factory","url":"https:\/\/hutfactory.com\/","logo":{"@type":"ImageObject","inLanguage":"de","@id":"https:\/\/hutfactory.com\/#\/schema\/logo\/image\/","url":"https:\/\/hutfactory.com\/wp-content\/uploads\/2026\/01\/Logo-hut-factory-1.webp","contentUrl":"https:\/\/hutfactory.com\/wp-content\/uploads\/2026\/01\/Logo-hut-factory-1.webp","width":300,"height":262,"caption":"Hut Factory"},"image":{"@id":"https:\/\/hutfactory.com\/#\/schema\/logo\/image\/"}}]}},"_links":{"self":[{"href":"https:\/\/hutfactory.com\/index.php?rest_route=\/wp\/v2\/product\/15043","targetHints":{"allow":["GET"]}}],"collection":[{"href":"https:\/\/hutfactory.com\/index.php?rest_route=\/wp\/v2\/product"}],"about":[{"href":"https:\/\/hutfactory.com\/index.php?rest_route=\/wp\/v2\/types\/product"}],"wp:featuredmedia":[{"embeddable":true,"href":"https:\/\/hutfactory.com\/index.php?rest_route=\/wp\/v2\/media\/15044"}],"wp:attachment":[{"href":"https:\/\/hutfactory.com\/index.php?rest_route=%2Fwp%2Fv2%2Fmedia&parent=15043"}],"wp:term":[{"taxonomy":"product_brand","embeddable":true,"href":"https:\/\/hutfactory.com\/index.php?rest_route=%2Fwp%2Fv2%2Fproduct_brand&post=15043"},{"taxonomy":"product_cat","embeddable":true,"href":"https:\/\/hutfactory.com\/index.php?rest_route=%2Fwp%2Fv2%2Fproduct_cat&post=15043"},{"taxonomy":"product_tag","embeddable":true,"href":"https:\/\/hutfactory.com\/index.php?rest_route=%2Fwp%2Fv2%2Fproduct_tag&post=15043"}],"curies":[{"name":"wp","href":"https:\/\/api.w.org\/{rel}","templated":true}]}}