{"id":15011,"date":"2026-03-01T17:24:37","date_gmt":"2026-03-01T17:24:37","guid":{"rendered":"https:\/\/hutfactory.com\/?product=paperboy-shelby-muetze-wolle-seide"},"modified":"2026-03-01T17:24:49","modified_gmt":"2026-03-01T17:24:49","slug":"paperboy-shelby-muetze-wolle-seide","status":"publish","type":"product","link":"https:\/\/hutfactory.com\/?product=paperboy-shelby-muetze-wolle-seide","title":{"rendered":"Paperboy Shelby M\u00fctze Wolle &#038; Seide"},"content":{"rendered":"<h3 data-start=\"114\" data-end=\"156\"><strong data-start=\"118\" data-end=\"154\">Eleganz mit modernem Retro-Flair<\/strong><\/h3>\n<p data-start=\"157\" data-end=\"492\">Die Paperboy-M\u00fctze \u0084Shelby\u0093 vereint zeitlosen Charme mit luxuri\u00f6sen Materialien. Ihr gro\u00dfz\u00fcgiger Ballonschnitt und die klassische Knopfkrone werden hier mit einem au\u00dfergew\u00f6hnlichen Streifenmuster in Beige-, Grau- und Naturt\u00f6nen kombiniert. Das macht sie zu einem markanten Accessoire, das sich stilvoll von schlichten Outfits abhebt.<\/p>\n<p data-start=\"494\" data-end=\"774\">Das Material \u0096 eine edle Mischung aus 70% Schurwolle und 30% Seide \u0096 sorgt f\u00fcr eine perfekte Balance zwischen w\u00e4rmender Funktion und feinem, glatten Griff. Die M\u00fctze ist leicht, angenehm atmungsaktiv und dennoch kuschelig warm \u0096 ideal f\u00fcr die \u00dcbergangszeit und k\u00fchle Wintertage.<\/p>\n<h3 data-start=\"781\" data-end=\"803\"><strong data-start=\"785\" data-end=\"801\">Perfekt f\u00fcr\u0085<\/strong><\/h3>\n<p data-start=\"804\" data-end=\"1181\">? <strong data-start=\"806\" data-end=\"833\">Herbst- und Wintertage:<\/strong> W\u00e4rmt zuverl\u00e4ssig und verleiht Ihrem Look Charakter.<br data-start=\"886\" data-end=\"889\" \/>?? <strong data-start=\"892\" data-end=\"919\">Modebewusste Auftritte:<\/strong> Das Streifenmuster macht die M\u00fctze zu einem echten Blickfang, ob im Alltag oder zu besonderen Anl\u00e4ssen.<br data-start=\"1023\" data-end=\"1026\" \/>?? <strong data-start=\"1029\" data-end=\"1059\">Nachhaltigkeit &#038; Handwerk:<\/strong> Gefertigt aus nat\u00fcrlichen Materialien und in sorgf\u00e4ltiger europ\u00e4ischer Handarbeit \u0096 langlebig, hochwertig und exklusiv.<\/p>\n<div class=\"hf-accordions\">\n<hr class=\"hf-accordion-separator\" \/>\n<details class=\"hf-accordion\">\n<summary><strong>\u25b6\ufe0f Gut zu wissen \u2013 mehr erfahren<\/strong><\/summary>\n<div class=\"hf-accordion-content\">\n<h3>Wichtige Produktdetails:<\/h3>\n<ul>\n<li><strong>Materialzusammensetzung:<\/strong>\u00a0100% Haarfilz \u0096 f\u00fcr Langlebigkeit und eine formstabile Struktur<\/li>\n<li><strong>Muster:<\/strong>\u00a0Auff\u00e4llige Ziern\u00e4hte links, rechts, vorne und hinten \u0096 ein extravagantes Detail f\u00fcr einen markanten<\/li>\n<li><strong>Randbreite:<\/strong>\u00a04,5 cm \u0096 f\u00fcr den klassischen Bowler-Look<\/li>\n<li><strong>Kopfh\u00f6he:<\/strong>\u00a012,0 cm \u0096 f\u00fcr eine markante, aber dennoch traditionelle Form<\/li>\n<li><strong>Farben:\u00a0<\/strong>1. Schwarz mit Rebsband &#038; Lederkordel, 2.\u00a0Salbei mit Rebsband &#038; Lederkordel<\/li>\n<li><strong>Gr\u00f6\u00dfen:<\/strong>\u00a0Verf\u00fcgbar in den Gr\u00f6\u00dfen 54-62 \u0096 f\u00fcr eine perfekte Passform<\/li>\n<li><strong>Hutband:<\/strong>\u00a0Rebsband mit Lederkordel und einem dekorativen Qualit\u00e4tsknopf auf der Masche \u0096 sorgt f\u00fcr ein stilvolles<\/li>\n<li><strong>Schwei\u00dfband:<\/strong>\u00a0Sauber eingen\u00e4htes Textilinnenband als Schwei\u00dfband \u0096 f\u00fcr h\u00f6chsten Tragekomfort und langanhaltende<\/li>\n<li><strong>Fertigungsort:<\/strong>\u00a0Handgefertigt in der renommierten\u00a0<strong>Schweizer Hutmanufaktur Risa<\/strong>. Diese Manufaktur steht seit Jahren f\u00fcr handwerkliche Perfektion und innovative Designs.<\/li>\n<li><strong>Fertigungszeit:<\/strong>\u00a0Jeder Hut wird auf Bestellung gefertigt, sodass Exklusivit\u00e4t und Individualit\u00e4t garantiert sind. Die Herstellung dauert in der Regel\u00a0<strong>10 bis 15 Arbeitstage nach Zahlungseingang<\/strong>.<\/li>\n<li><strong>Versand:<\/strong>\u00a0Nach Fertigstellung des Hutes wird dieser direkt ab Lager Schweiz versendet, sodass Sie Ihren Hut schnell und zuverl\u00e4ssig erhalten.<\/li>\n<li><strong>Garantie:<\/strong>\u00a0Umtausch ist nur bei Material- oder Herstellungsfehlern m\u00f6glich, da es sich um eine ma\u00dfgefertigte Sonderanfertigung handelt.<\/li>\n<li><strong>Verf\u00fcgbarkeit:<\/strong>\u00a0Da die H\u00fcte in limitierter Auflage produziert werden, empfehlen wir eine fr\u00fchzeitige Bestellung, um sich Ihr exklusives Modell zu sichern. Sollte das Rohmaterial ausverkauft sein, kann es zu Verz\u00f6gerungen kommen.<\/li>\n<\/ul>\n<\/div>\n<\/details>\n<details class=\"hf-accordion\">\n<summary><strong>\u25b6\ufe0f FAQ \u2013 H\u00e4ufige Fragen<\/strong><\/summary>\n<div class=\"hf-accordion-content\">\n<h3>H\u00e4ufige Fragen und Antworten (FAQ)<\/h3>\n<p><strong>1. Wie pflege ich meinen Bowler Rugged \u0093sewn and burned\u0094 richtig?<\/strong><br \/>\nEs wird empfohlen, den Hut regelm\u00e4\u00dfig mit einer weichen B\u00fcrste zu reinigen. Bei tiefer gehendem Schmutz sollte eine professionelle Hutreinigung in Anspruch genommen werden.<\/p>\n<p><strong>2. In welchen Gr\u00f6\u00dfen ist der Hut erh\u00e4ltlich?<\/strong><br \/>\nDer Bowler Rugged ist in den Gr\u00f6\u00dfen 54 bis 62 verf\u00fcgbar und bietet somit f\u00fcr jeden Tr\u00e4ger die perfekte Passform.<\/p>\n<p><strong>3. Kann ich den Hut umtauschen, wenn er mir nicht passt?<\/strong><br \/>\nDa der Hut auf Bestellung gefertigt wird, ist ein Umtausch nur bei Material- oder Herstellungsfehlern m\u00f6glich. Bitte beachten Sie dies bei Ihrer Bestellung.<\/p>\n<p><strong>4. Wo wird der Hut hergestellt?<\/strong><br \/>\nDer Bowler Rugged wird in der Schweizer Hutmanufaktur Risa, einem traditionsreichen Handwerksbetrieb, gefertigt.<\/p>\n<p><strong>5. Wie lange dauert der Versand?<\/strong><br \/>\nNachdem der Hut gefertigt wurde, erfolgt der Versand innerhalb weniger Tage ab Lager Schweiz. Je nach Zielort kann die Lieferung variieren.<\/div>\n<\/details>\n<\/div>\n","protected":false},"excerpt":{"rendered":"<h3 data-start=\"3518\" data-end=\"3568\"><strong data-start=\"3522\" data-end=\"3566\">Ihr stilvoller Begleiter\u00a0<\/strong><\/h3>\n<p data-start=\"3569\" data-end=\"3836\">Stellen Sie sich einen klaren Wintermorgen vor: warmer Mantel, ein Schal aus edlen Fasern \u0096 und die Paperboy \u0084Shelby\u0093 als kr\u00f6nender Abschluss. Das markante Streifenmuster hebt Sie dezent aus der Masse hervor, w\u00e4hrend die luxuri\u00f6se Materialmischung aus Wolle und Seide Sie angenehm warmh\u00e4lt. Diese M\u00fctze erz\u00e4hlt Geschichten von Handwerkskunst, Stilbewusstsein und dem Mut, modische Klassiker neu zu interpretieren \u0096 perfekt f\u00fcr alle, die im Alltag ebenso souver\u00e4n wie elegant auftreten m\u00f6chten.<\/p>\n","protected":false},"featured_media":15012,"template":"","meta":{"_acf_changed":false,"rs_blank_template":"","rs_page_bg_color":"","slide_template_v7":""},"product_brand":[250],"product_cat":[550,387],"product_tag":[],"class_list":{"0":"post-15011","1":"product","2":"type-product","3":"status-publish","4":"has-post-thumbnail","6":"product_brand-risa-hutwerkstatt-schweiz","7":"product_cat-paperboy-ballon-wintermuetzen","8":"product_cat-wintermuetzen","9":"product_shipping_class-mittlere-pakete","10":"pa_color-mbeige","11":"pa_groesse-206","12":"pa_groesse-196","13":"pa_groesse-207","14":"pa_groesse-197","15":"pa_groesse-208","16":"pa_groesse-198","17":"pa_groesse-209","18":"pa_groesse-199","19":"pa_groesse-210","20":"yith_product_brand-risa-hutwerkstatt-schweiz","23":"outofstock","24":"featured","25":"taxable","26":"shipping-taxable","27":"purchasable","28":"product-type-variable","29":"wvs-archive-product-wrapper","30":"add-to-wishlist-after_add_to_cart"},"acf":[],"yoast_head":"<!-- This site is optimized with the Yoast SEO Premium plugin v27.3 (Yoast SEO v27.3) - https:\/\/yoast.com\/product\/yoast-seo-premium-wordpress\/ -->\n<title>Paperboy Shelby M\u00fctze beige gestreift \u0096 Wolle &amp; Seide Handarbeit<\/title>\n<meta name=\"description\" content=\"Exklusive Paperboy-M\u00fctze \u0084Shelby\u0093 aus Wolle &amp; Seide. Beige gestreift, handgefertigt in Europa f\u00fcr die Schweizer Manufaktur Risa. Stilvoll &amp; nachhaltig.\" \/>\n<meta name=\"robots\" content=\"index, follow, max-snippet:-1, max-image-preview:large, max-video-preview:-1\" \/>\n<link rel=\"canonical\" href=\"https:\/\/hutfactory.com\/?product=paperboy-shelby-muetze-wolle-seide\" \/>\n<meta property=\"og:locale\" content=\"de_DE\" \/>\n<meta property=\"og:type\" content=\"article\" \/>\n<meta property=\"og:title\" content=\"Paperboy Shelby M\u00fctze Wolle &amp; Seide\" \/>\n<meta property=\"og:description\" content=\"Exklusive Paperboy-M\u00fctze \u0084Shelby\u0093 aus Wolle &amp; Seide. Beige gestreift, handgefertigt in Europa f\u00fcr die Schweizer Manufaktur Risa. Stilvoll &amp; nachhaltig.\" \/>\n<meta property=\"og:url\" content=\"https:\/\/hutfactory.com\/?product=paperboy-shelby-muetze-wolle-seide\" \/>\n<meta property=\"og:site_name\" content=\"Hut Factory\" \/>\n<meta property=\"article:modified_time\" content=\"2026-03-01T17:24:49+00:00\" \/>\n<meta property=\"og:image\" content=\"https:\/\/hutfactory.com\/wp-content\/uploads\/2026\/03\/95624.1.webp\" \/>\n\t<meta property=\"og:image:width\" content=\"750\" \/>\n\t<meta property=\"og:image:height\" content=\"750\" \/>\n\t<meta property=\"og:image:type\" content=\"image\/webp\" \/>\n<meta name=\"twitter:card\" content=\"summary_large_image\" \/>\n<meta name=\"twitter:label1\" content=\"Gesch\u00e4tzte Lesezeit\" \/>\n\t<meta name=\"twitter:data1\" content=\"3\u00a0Minuten\" \/>\n<script type=\"application\/ld+json\" class=\"yoast-schema-graph\">{\"@context\":\"https:\\\/\\\/schema.org\",\"@graph\":[{\"@type\":\"WebPage\",\"@id\":\"https:\\\/\\\/hutfactory.com\\\/?product=paperboy-shelby-muetze-wolle-seide\",\"url\":\"https:\\\/\\\/hutfactory.com\\\/?product=paperboy-shelby-muetze-wolle-seide\",\"name\":\"Paperboy Shelby M\u00fctze beige gestreift \u0096 Wolle & Seide Handarbeit\",\"isPartOf\":{\"@id\":\"https:\\\/\\\/hutfactory.com\\\/#website\"},\"primaryImageOfPage\":{\"@id\":\"https:\\\/\\\/hutfactory.com\\\/?product=paperboy-shelby-muetze-wolle-seide#primaryimage\"},\"image\":{\"@id\":\"https:\\\/\\\/hutfactory.com\\\/?product=paperboy-shelby-muetze-wolle-seide#primaryimage\"},\"thumbnailUrl\":\"https:\\\/\\\/hutfactory.com\\\/wp-content\\\/uploads\\\/2026\\\/03\\\/95624.1.webp\",\"datePublished\":\"2026-03-01T17:24:37+00:00\",\"dateModified\":\"2026-03-01T17:24:49+00:00\",\"description\":\"Exklusive Paperboy-M\u00fctze \u0084Shelby\u0093 aus Wolle & Seide. Beige gestreift, handgefertigt in Europa f\u00fcr die Schweizer Manufaktur Risa. Stilvoll & nachhaltig.\",\"breadcrumb\":{\"@id\":\"https:\\\/\\\/hutfactory.com\\\/?product=paperboy-shelby-muetze-wolle-seide#breadcrumb\"},\"inLanguage\":\"de\",\"potentialAction\":[{\"@type\":\"ReadAction\",\"target\":[\"https:\\\/\\\/hutfactory.com\\\/?product=paperboy-shelby-muetze-wolle-seide\"]}]},{\"@type\":\"ImageObject\",\"inLanguage\":\"de\",\"@id\":\"https:\\\/\\\/hutfactory.com\\\/?product=paperboy-shelby-muetze-wolle-seide#primaryimage\",\"url\":\"https:\\\/\\\/hutfactory.com\\\/wp-content\\\/uploads\\\/2026\\\/03\\\/95624.1.webp\",\"contentUrl\":\"https:\\\/\\\/hutfactory.com\\\/wp-content\\\/uploads\\\/2026\\\/03\\\/95624.1.webp\",\"width\":750,\"height\":750,\"caption\":\"Klassische Paperboy-M\u00fctze \u0084Shelby\u0093 aus 70% Wolle und 30% Seide. Gestreiftes Muster in Beige und Grau. Handarbeit f\u00fcr die Schweizer Hutmanufaktur Risa \u0096 Premium Freiamt Kollektion.\"},{\"@type\":\"BreadcrumbList\",\"@id\":\"https:\\\/\\\/hutfactory.com\\\/?product=paperboy-shelby-muetze-wolle-seide#breadcrumb\",\"itemListElement\":[{\"@type\":\"ListItem\",\"position\":1,\"name\":\"Start\",\"item\":\"https:\\\/\\\/hutfactory.com\\\/\"},{\"@type\":\"ListItem\",\"position\":2,\"name\":\"Shop\",\"item\":\"https:\\\/\\\/hutfactory.com\\\/?page_id=10\"},{\"@type\":\"ListItem\",\"position\":3,\"name\":\"Paperboy Shelby M\u00fctze Wolle &#038; Seide\"}]},{\"@type\":\"WebSite\",\"@id\":\"https:\\\/\\\/hutfactory.com\\\/#website\",\"url\":\"https:\\\/\\\/hutfactory.com\\\/\",\"name\":\"Hut Factory\",\"description\":\"H\u00fcte, Kappen &amp; M\u00fctzen in Top Swiss\\\/EU Qualit\u00e4t\",\"publisher\":{\"@id\":\"https:\\\/\\\/hutfactory.com\\\/#organization\"},\"alternateName\":\"Hut Shop\",\"potentialAction\":[{\"@type\":\"SearchAction\",\"target\":{\"@type\":\"EntryPoint\",\"urlTemplate\":\"https:\\\/\\\/hutfactory.com\\\/?s={search_term_string}\"},\"query-input\":{\"@type\":\"PropertyValueSpecification\",\"valueRequired\":true,\"valueName\":\"search_term_string\"}}],\"inLanguage\":\"de\"},{\"@type\":\"Organization\",\"@id\":\"https:\\\/\\\/hutfactory.com\\\/#organization\",\"name\":\"Hut Factory\",\"url\":\"https:\\\/\\\/hutfactory.com\\\/\",\"logo\":{\"@type\":\"ImageObject\",\"inLanguage\":\"de\",\"@id\":\"https:\\\/\\\/hutfactory.com\\\/#\\\/schema\\\/logo\\\/image\\\/\",\"url\":\"https:\\\/\\\/hutfactory.com\\\/wp-content\\\/uploads\\\/2026\\\/01\\\/Logo-hut-factory-1.webp\",\"contentUrl\":\"https:\\\/\\\/hutfactory.com\\\/wp-content\\\/uploads\\\/2026\\\/01\\\/Logo-hut-factory-1.webp\",\"width\":300,\"height\":262,\"caption\":\"Hut Factory\"},\"image\":{\"@id\":\"https:\\\/\\\/hutfactory.com\\\/#\\\/schema\\\/logo\\\/image\\\/\"}}]}<\/script>\n<!-- \/ Yoast SEO Premium plugin. -->","yoast_head_json":{"title":"Paperboy Shelby M\u00fctze beige gestreift \u0096 Wolle & Seide Handarbeit","description":"Exklusive Paperboy-M\u00fctze \u0084Shelby\u0093 aus Wolle & Seide. Beige gestreift, handgefertigt in Europa f\u00fcr die Schweizer Manufaktur Risa. Stilvoll & nachhaltig.","robots":{"index":"index","follow":"follow","max-snippet":"max-snippet:-1","max-image-preview":"max-image-preview:large","max-video-preview":"max-video-preview:-1"},"canonical":"https:\/\/hutfactory.com\/?product=paperboy-shelby-muetze-wolle-seide","og_locale":"de_DE","og_type":"article","og_title":"Paperboy Shelby M\u00fctze Wolle & Seide","og_description":"Exklusive Paperboy-M\u00fctze \u0084Shelby\u0093 aus Wolle & Seide. Beige gestreift, handgefertigt in Europa f\u00fcr die Schweizer Manufaktur Risa. Stilvoll & nachhaltig.","og_url":"https:\/\/hutfactory.com\/?product=paperboy-shelby-muetze-wolle-seide","og_site_name":"Hut Factory","article_modified_time":"2026-03-01T17:24:49+00:00","og_image":[{"width":750,"height":750,"url":"https:\/\/hutfactory.com\/wp-content\/uploads\/2026\/03\/95624.1.webp","type":"image\/webp"}],"twitter_card":"summary_large_image","twitter_misc":{"Gesch\u00e4tzte Lesezeit":"3\u00a0Minuten"},"schema":{"@context":"https:\/\/schema.org","@graph":[{"@type":"WebPage","@id":"https:\/\/hutfactory.com\/?product=paperboy-shelby-muetze-wolle-seide","url":"https:\/\/hutfactory.com\/?product=paperboy-shelby-muetze-wolle-seide","name":"Paperboy Shelby M\u00fctze beige gestreift \u0096 Wolle & Seide Handarbeit","isPartOf":{"@id":"https:\/\/hutfactory.com\/#website"},"primaryImageOfPage":{"@id":"https:\/\/hutfactory.com\/?product=paperboy-shelby-muetze-wolle-seide#primaryimage"},"image":{"@id":"https:\/\/hutfactory.com\/?product=paperboy-shelby-muetze-wolle-seide#primaryimage"},"thumbnailUrl":"https:\/\/hutfactory.com\/wp-content\/uploads\/2026\/03\/95624.1.webp","datePublished":"2026-03-01T17:24:37+00:00","dateModified":"2026-03-01T17:24:49+00:00","description":"Exklusive Paperboy-M\u00fctze \u0084Shelby\u0093 aus Wolle & Seide. Beige gestreift, handgefertigt in Europa f\u00fcr die Schweizer Manufaktur Risa. Stilvoll & nachhaltig.","breadcrumb":{"@id":"https:\/\/hutfactory.com\/?product=paperboy-shelby-muetze-wolle-seide#breadcrumb"},"inLanguage":"de","potentialAction":[{"@type":"ReadAction","target":["https:\/\/hutfactory.com\/?product=paperboy-shelby-muetze-wolle-seide"]}]},{"@type":"ImageObject","inLanguage":"de","@id":"https:\/\/hutfactory.com\/?product=paperboy-shelby-muetze-wolle-seide#primaryimage","url":"https:\/\/hutfactory.com\/wp-content\/uploads\/2026\/03\/95624.1.webp","contentUrl":"https:\/\/hutfactory.com\/wp-content\/uploads\/2026\/03\/95624.1.webp","width":750,"height":750,"caption":"Klassische Paperboy-M\u00fctze \u0084Shelby\u0093 aus 70% Wolle und 30% Seide. Gestreiftes Muster in Beige und Grau. Handarbeit f\u00fcr die Schweizer Hutmanufaktur Risa \u0096 Premium Freiamt Kollektion."},{"@type":"BreadcrumbList","@id":"https:\/\/hutfactory.com\/?product=paperboy-shelby-muetze-wolle-seide#breadcrumb","itemListElement":[{"@type":"ListItem","position":1,"name":"Start","item":"https:\/\/hutfactory.com\/"},{"@type":"ListItem","position":2,"name":"Shop","item":"https:\/\/hutfactory.com\/?page_id=10"},{"@type":"ListItem","position":3,"name":"Paperboy Shelby M\u00fctze Wolle &#038; Seide"}]},{"@type":"WebSite","@id":"https:\/\/hutfactory.com\/#website","url":"https:\/\/hutfactory.com\/","name":"Hut Factory","description":"H\u00fcte, Kappen &amp; M\u00fctzen in Top Swiss\/EU Qualit\u00e4t","publisher":{"@id":"https:\/\/hutfactory.com\/#organization"},"alternateName":"Hut Shop","potentialAction":[{"@type":"SearchAction","target":{"@type":"EntryPoint","urlTemplate":"https:\/\/hutfactory.com\/?s={search_term_string}"},"query-input":{"@type":"PropertyValueSpecification","valueRequired":true,"valueName":"search_term_string"}}],"inLanguage":"de"},{"@type":"Organization","@id":"https:\/\/hutfactory.com\/#organization","name":"Hut Factory","url":"https:\/\/hutfactory.com\/","logo":{"@type":"ImageObject","inLanguage":"de","@id":"https:\/\/hutfactory.com\/#\/schema\/logo\/image\/","url":"https:\/\/hutfactory.com\/wp-content\/uploads\/2026\/01\/Logo-hut-factory-1.webp","contentUrl":"https:\/\/hutfactory.com\/wp-content\/uploads\/2026\/01\/Logo-hut-factory-1.webp","width":300,"height":262,"caption":"Hut Factory"},"image":{"@id":"https:\/\/hutfactory.com\/#\/schema\/logo\/image\/"}}]}},"_links":{"self":[{"href":"https:\/\/hutfactory.com\/index.php?rest_route=\/wp\/v2\/product\/15011","targetHints":{"allow":["GET"]}}],"collection":[{"href":"https:\/\/hutfactory.com\/index.php?rest_route=\/wp\/v2\/product"}],"about":[{"href":"https:\/\/hutfactory.com\/index.php?rest_route=\/wp\/v2\/types\/product"}],"wp:featuredmedia":[{"embeddable":true,"href":"https:\/\/hutfactory.com\/index.php?rest_route=\/wp\/v2\/media\/15012"}],"wp:attachment":[{"href":"https:\/\/hutfactory.com\/index.php?rest_route=%2Fwp%2Fv2%2Fmedia&parent=15011"}],"wp:term":[{"taxonomy":"product_brand","embeddable":true,"href":"https:\/\/hutfactory.com\/index.php?rest_route=%2Fwp%2Fv2%2Fproduct_brand&post=15011"},{"taxonomy":"product_cat","embeddable":true,"href":"https:\/\/hutfactory.com\/index.php?rest_route=%2Fwp%2Fv2%2Fproduct_cat&post=15011"},{"taxonomy":"product_tag","embeddable":true,"href":"https:\/\/hutfactory.com\/index.php?rest_route=%2Fwp%2Fv2%2Fproduct_tag&post=15011"}],"curies":[{"name":"wp","href":"https:\/\/api.w.org\/{rel}","templated":true}]}}