{"id":14719,"date":"2026-03-01T17:20:32","date_gmt":"2026-03-01T17:20:32","guid":{"rendered":"https:\/\/hutfactory.com\/?product=cuba-wintermuetze"},"modified":"2026-03-01T17:21:30","modified_gmt":"2026-03-01T17:21:30","slug":"cuba-wintermuetze","status":"publish","type":"product","link":"https:\/\/hutfactory.com\/?product=cuba-wintermuetze","title":{"rendered":"Cuba Winterm\u00fctze"},"content":{"rendered":"<div class=\"wpb-content-wrapper\"><p>[vc_row][vc_column][vc_column_text css=&#8221;&#8221;]Die <strong>Cuba Winterm\u00fctze<\/strong> ist die perfekte Wahl f\u00fcr stilbewusste Herren, die einen eleganten und zugleich funktionalen Schutz vor K\u00e4lte suchen. Mit einem Materialmix aus <strong>48% Wolle<\/strong>, <strong>40% Polyester<\/strong> und <strong>12% Acrylfaser<\/strong> bietet diese M\u00fctze eine angenehme W\u00e4rme und Langlebigkeit. Der dezente <strong>Uni-Stil<\/strong> mit feinen Einschl\u00fcssen verleiht der M\u00fctze von Risa Hutwerkstatt aus der Schweiz einen modernen, urbanen Look, der sich leicht in verschiedene Outfits integrieren l\u00e4sst. Erh\u00e4ltlich in den klassischen Farben <strong>Schwarz<\/strong>, <strong>Dunkelgrau<\/strong> und <strong>Navyblau<\/strong>, passt die Cuba Winterm\u00fctze\u00a0 zu fast jedem Kleidungsstil. Die M\u00fctze ist in den Gr\u00f6\u00dfen <strong>56-57<\/strong> und <strong>58-59<\/strong> verf\u00fcgbar und bietet somit eine flexible Passform f\u00fcr verschiedene Kopfformen.[\/vc_column_text][\/vc_column][\/vc_row]<\/p>\n<div class=\"hf-accordions\">\n<hr class=\"hf-accordion-separator\" \/>\n<details class=\"hf-accordion\">\n<summary><strong>\u25b6\ufe0f Gut zu wissen \u2013 mehr erfahren<\/strong><\/summary>\n<div class=\"hf-accordion-content\">\n<h4><strong>Material &#038; Design<\/strong><\/h4>\n<ul>\n<li><strong>Materialzusammensetzung:<\/strong>\n<ul>\n<li>48% Wolle \u0096 f\u00fcr angenehme W\u00e4rme und Tragekomfort<\/li>\n<li>40% Polyester \u0096 f\u00fcr Strapazierf\u00e4higkeit<\/li>\n<li>12% Acrylfaser \u0096 f\u00fcr Formbest\u00e4ndigkeit<\/li>\n<\/ul>\n<\/li>\n<li><strong>Muster:<\/strong>\u00a0Uni mit feinen Einschl\u00fcssen \u0096 modern und vielseitig kombinierbar<\/li>\n<li><strong>Farben:<\/strong>\n<ol>\n<li>Schwarz<\/li>\n<li>Dunkelgrau<\/li>\n<li>Navyblau<\/li>\n<\/ol>\n<\/li>\n<li><strong>Gr\u00f6\u00dfen:<\/strong>\n<ul>\n<li>56-57<\/li>\n<li>58-59 \u0096 f\u00fcr eine optimale Passform<\/li>\n<\/ul>\n<\/li>\n<\/ul>\n<h4><strong>Lieferbedingungen<\/strong><\/h4>\n<ul>\n<li><strong>Versand:<\/strong>\u00a0Die M\u00fctze wird innerhalb weniger Tage nach Zahlungseingang ab Lager Schweiz versendet. Der Versand ist zuverl\u00e4ssig und schnell, sodass Sie Ihre Bestellung rasch erhalten.<\/li>\n<li><strong>Garantie:<\/strong>\u00a0Umtausch ist nur bei Material- oder Herstellungsfehlern m\u00f6glich, da die M\u00fctze in limitierter Auflage gefertigt wird.<\/li>\n<li><strong>Verf\u00fcgbarkeit:<\/strong>\u00a0Aufgrund der limitierten Auflage empfehlen wir eine fr\u00fchzeitige Bestellung, um sicherzustellen, dass Ihr gew\u00fcnschtes Modell noch verf\u00fcgbar ist.<\/li>\n<\/ul>\n<\/div>\n<\/details>\n<details class=\"hf-accordion\">\n<summary><strong>\u25b6\ufe0f FAQ \u2013 H\u00e4ufige Fragen<\/strong><\/summary>\n<div class=\"hf-accordion-content\">\n<h3><strong>H\u00e4ufig gestellte Fragen (FAQ)<\/strong><\/h3>\n<p><strong>1. Wie pflege ich die Cuba Winterm\u00fctze richtig?<\/strong><br \/>\nF\u00fcr die optimale Pflege empfehlen wir Handw\u00e4sche oder eine schonende Reinigung mit einem feuchten Tuch. Vermeiden Sie Maschinenw\u00e4sche, um die Form und das Material zu sch\u00fctzen.<\/p>\n<p><strong>2. In welchen Gr\u00f6\u00dfen ist die Cuba Winterm\u00fctze erh\u00e4ltlich?<\/strong><br \/>\nDie M\u00fctze ist in den Gr\u00f6\u00dfen 56-57 und 58-59 erh\u00e4ltlich, um eine ideale Passform f\u00fcr verschiedene Kopfformen zu gew\u00e4hrleisten.<\/p>\n<p><strong>3. Kann ich die M\u00fctze umtauschen, wenn sie nicht passt?<\/strong><br \/>\nDa es sich um eine limitierte Sonderanfertigung handelt, ist ein Umtausch nur bei Material- oder Herstellungsfehlern m\u00f6glich.<\/p>\n<p><strong>4. Wie lange dauert der Versand?<\/strong><br \/>\nDie M\u00fctze wird innerhalb weniger Tage nach Zahlungseingang ab Lager Schweiz versendet, sodass Sie sie schnell in den H\u00e4nden halten k\u00f6nnen.<\/p>\n<p><strong>5. Was macht die Cuba Winterm\u00fctze besonders?<\/strong><br \/>\nDie Cuba Winterm\u00fctze zeichnet sich durch ihren eleganten, unifarbenen Stil mit feinen Einschl\u00fcssen aus. Sie kombiniert ein schlichtes Design mit hoher Funktionalit\u00e4t und wird in limitierter Auflage handgefertigt, was sie zu einem exklusiven Accessoire macht.<\/div>\n<\/details>\n<\/div>\n<\/div>","protected":false},"excerpt":{"rendered":"<h3>Warmer Stil f\u00fcr die kalte Jahreszeit<\/h3>\n<p>Die <strong>Cuba Winterm\u00fctze<\/strong> vereint zeitlosen Stil mit funktionalen Eigenschaften. Der hochwertige Materialmix sorgt f\u00fcr angenehme W\u00e4rme und Widerstandsf\u00e4higkeit, w\u00e4hrend das dezente Uni-Muster mit feinen Einschl\u00fcssen dem Hut eine elegante, moderne Optik verleiht. Verf\u00fcgbar in den Farben <strong>Schwarz<\/strong>, <strong>Dunkelgrau<\/strong> und <strong>Navyblau<\/strong>, ist diese M\u00fctze vielseitig kombinierbar und passt sowohl zu Freizeit- als auch zu Business-Outfits.<\/p>\n","protected":false},"featured_media":14720,"template":"","meta":{"_acf_changed":false,"rs_blank_template":"","rs_page_bg_color":"","slide_template_v7":""},"product_brand":[250],"product_cat":[549,387],"product_tag":[],"class_list":{"0":"post-14719","1":"product","2":"type-product","3":"status-publish","4":"has-post-thumbnail","6":"product_brand-risa-hutwerkstatt-schweiz","7":"product_cat-cuba-wintermuetzen","8":"product_cat-wintermuetzen","9":"product_shipping_class-mittlere-pakete","10":"pa_color-dgrau","11":"pa_color-navy","12":"pa_color-schwarz","13":"pa_groesse-57-56-57","14":"pa_groesse-59-58-59","15":"yith_product_brand-risa-hutwerkstatt-schweiz","18":"instock","19":"taxable","20":"shipping-taxable","21":"purchasable","22":"product-type-variable","23":"wvs-archive-product-wrapper","24":"add-to-wishlist-after_add_to_cart"},"acf":[],"yoast_head":"<!-- This site is optimized with the Yoast SEO Premium plugin v27.3 (Yoast SEO v27.3) - https:\/\/yoast.com\/product\/yoast-seo-premium-wordpress\/ -->\n<title>Cuba Winterm\u00fctze \u0096 Handgefertigte M\u00fctze aus Wolle\/Polyester<\/title>\n<meta name=\"description\" content=\"Cuba Winterm\u00fctze \u0096 handgefertigte Winterm\u00fctze aus Wolle und Polyester, in limitierter Auflage erh\u00e4ltlich. Jetzt bestellen!\" \/>\n<meta name=\"robots\" content=\"index, follow, max-snippet:-1, max-image-preview:large, max-video-preview:-1\" \/>\n<link rel=\"canonical\" href=\"https:\/\/hutfactory.com\/?product=cuba-wintermuetze\" \/>\n<meta property=\"og:locale\" content=\"de_DE\" \/>\n<meta property=\"og:type\" content=\"article\" \/>\n<meta property=\"og:title\" content=\"Cuba Winterm\u00fctze\" \/>\n<meta property=\"og:description\" content=\"Cuba Winterm\u00fctze \u0096 handgefertigte Winterm\u00fctze aus Wolle und Polyester, in limitierter Auflage erh\u00e4ltlich. Jetzt bestellen!\" \/>\n<meta property=\"og:url\" content=\"https:\/\/hutfactory.com\/?product=cuba-wintermuetze\" \/>\n<meta property=\"og:site_name\" content=\"Hut Factory\" \/>\n<meta property=\"article:modified_time\" content=\"2026-03-01T17:21:30+00:00\" \/>\n<meta property=\"og:image\" content=\"https:\/\/hutfactory.com\/wp-content\/uploads\/2026\/03\/91029.alle_.webp\" \/>\n\t<meta property=\"og:image:width\" content=\"750\" \/>\n\t<meta property=\"og:image:height\" content=\"750\" \/>\n\t<meta property=\"og:image:type\" content=\"image\/webp\" \/>\n<meta name=\"twitter:card\" content=\"summary_large_image\" \/>\n<meta name=\"twitter:label1\" content=\"Gesch\u00e4tzte Lesezeit\" \/>\n\t<meta name=\"twitter:data1\" content=\"2\u00a0Minuten\" \/>\n<script type=\"application\/ld+json\" class=\"yoast-schema-graph\">{\"@context\":\"https:\\\/\\\/schema.org\",\"@graph\":[{\"@type\":\"WebPage\",\"@id\":\"https:\\\/\\\/hutfactory.com\\\/?product=cuba-wintermuetze\",\"url\":\"https:\\\/\\\/hutfactory.com\\\/?product=cuba-wintermuetze\",\"name\":\"Cuba Winterm\u00fctze \u0096 Handgefertigte M\u00fctze aus Wolle\\\/Polyester\",\"isPartOf\":{\"@id\":\"https:\\\/\\\/hutfactory.com\\\/#website\"},\"primaryImageOfPage\":{\"@id\":\"https:\\\/\\\/hutfactory.com\\\/?product=cuba-wintermuetze#primaryimage\"},\"image\":{\"@id\":\"https:\\\/\\\/hutfactory.com\\\/?product=cuba-wintermuetze#primaryimage\"},\"thumbnailUrl\":\"https:\\\/\\\/hutfactory.com\\\/wp-content\\\/uploads\\\/2026\\\/03\\\/91029.alle_.webp\",\"datePublished\":\"2026-03-01T17:20:32+00:00\",\"dateModified\":\"2026-03-01T17:21:30+00:00\",\"description\":\"Cuba Winterm\u00fctze \u0096 handgefertigte Winterm\u00fctze aus Wolle und Polyester, in limitierter Auflage erh\u00e4ltlich. Jetzt bestellen!\",\"breadcrumb\":{\"@id\":\"https:\\\/\\\/hutfactory.com\\\/?product=cuba-wintermuetze#breadcrumb\"},\"inLanguage\":\"de\",\"potentialAction\":[{\"@type\":\"ReadAction\",\"target\":[\"https:\\\/\\\/hutfactory.com\\\/?product=cuba-wintermuetze\"]}]},{\"@type\":\"ImageObject\",\"inLanguage\":\"de\",\"@id\":\"https:\\\/\\\/hutfactory.com\\\/?product=cuba-wintermuetze#primaryimage\",\"url\":\"https:\\\/\\\/hutfactory.com\\\/wp-content\\\/uploads\\\/2026\\\/03\\\/91029.alle_.webp\",\"contentUrl\":\"https:\\\/\\\/hutfactory.com\\\/wp-content\\\/uploads\\\/2026\\\/03\\\/91029.alle_.webp\",\"width\":750,\"height\":750,\"caption\":\"||||\"},{\"@type\":\"BreadcrumbList\",\"@id\":\"https:\\\/\\\/hutfactory.com\\\/?product=cuba-wintermuetze#breadcrumb\",\"itemListElement\":[{\"@type\":\"ListItem\",\"position\":1,\"name\":\"Start\",\"item\":\"https:\\\/\\\/hutfactory.com\\\/\"},{\"@type\":\"ListItem\",\"position\":2,\"name\":\"Shop\",\"item\":\"https:\\\/\\\/hutfactory.com\\\/?page_id=10\"},{\"@type\":\"ListItem\",\"position\":3,\"name\":\"Cuba Winterm\u00fctze\"}]},{\"@type\":\"WebSite\",\"@id\":\"https:\\\/\\\/hutfactory.com\\\/#website\",\"url\":\"https:\\\/\\\/hutfactory.com\\\/\",\"name\":\"Hut Factory\",\"description\":\"H\u00fcte, Kappen &amp; M\u00fctzen in Top Swiss\\\/EU Qualit\u00e4t\",\"publisher\":{\"@id\":\"https:\\\/\\\/hutfactory.com\\\/#organization\"},\"alternateName\":\"Hut Shop\",\"potentialAction\":[{\"@type\":\"SearchAction\",\"target\":{\"@type\":\"EntryPoint\",\"urlTemplate\":\"https:\\\/\\\/hutfactory.com\\\/?s={search_term_string}\"},\"query-input\":{\"@type\":\"PropertyValueSpecification\",\"valueRequired\":true,\"valueName\":\"search_term_string\"}}],\"inLanguage\":\"de\"},{\"@type\":\"Organization\",\"@id\":\"https:\\\/\\\/hutfactory.com\\\/#organization\",\"name\":\"Hut Factory\",\"url\":\"https:\\\/\\\/hutfactory.com\\\/\",\"logo\":{\"@type\":\"ImageObject\",\"inLanguage\":\"de\",\"@id\":\"https:\\\/\\\/hutfactory.com\\\/#\\\/schema\\\/logo\\\/image\\\/\",\"url\":\"https:\\\/\\\/hutfactory.com\\\/wp-content\\\/uploads\\\/2026\\\/01\\\/Logo-hut-factory-1.webp\",\"contentUrl\":\"https:\\\/\\\/hutfactory.com\\\/wp-content\\\/uploads\\\/2026\\\/01\\\/Logo-hut-factory-1.webp\",\"width\":300,\"height\":262,\"caption\":\"Hut Factory\"},\"image\":{\"@id\":\"https:\\\/\\\/hutfactory.com\\\/#\\\/schema\\\/logo\\\/image\\\/\"}}]}<\/script>\n<!-- \/ Yoast SEO Premium plugin. -->","yoast_head_json":{"title":"Cuba Winterm\u00fctze \u0096 Handgefertigte M\u00fctze aus Wolle\/Polyester","description":"Cuba Winterm\u00fctze \u0096 handgefertigte Winterm\u00fctze aus Wolle und Polyester, in limitierter Auflage erh\u00e4ltlich. Jetzt bestellen!","robots":{"index":"index","follow":"follow","max-snippet":"max-snippet:-1","max-image-preview":"max-image-preview:large","max-video-preview":"max-video-preview:-1"},"canonical":"https:\/\/hutfactory.com\/?product=cuba-wintermuetze","og_locale":"de_DE","og_type":"article","og_title":"Cuba Winterm\u00fctze","og_description":"Cuba Winterm\u00fctze \u0096 handgefertigte Winterm\u00fctze aus Wolle und Polyester, in limitierter Auflage erh\u00e4ltlich. Jetzt bestellen!","og_url":"https:\/\/hutfactory.com\/?product=cuba-wintermuetze","og_site_name":"Hut Factory","article_modified_time":"2026-03-01T17:21:30+00:00","og_image":[{"width":750,"height":750,"url":"https:\/\/hutfactory.com\/wp-content\/uploads\/2026\/03\/91029.alle_.webp","type":"image\/webp"}],"twitter_card":"summary_large_image","twitter_misc":{"Gesch\u00e4tzte Lesezeit":"2\u00a0Minuten"},"schema":{"@context":"https:\/\/schema.org","@graph":[{"@type":"WebPage","@id":"https:\/\/hutfactory.com\/?product=cuba-wintermuetze","url":"https:\/\/hutfactory.com\/?product=cuba-wintermuetze","name":"Cuba Winterm\u00fctze \u0096 Handgefertigte M\u00fctze aus Wolle\/Polyester","isPartOf":{"@id":"https:\/\/hutfactory.com\/#website"},"primaryImageOfPage":{"@id":"https:\/\/hutfactory.com\/?product=cuba-wintermuetze#primaryimage"},"image":{"@id":"https:\/\/hutfactory.com\/?product=cuba-wintermuetze#primaryimage"},"thumbnailUrl":"https:\/\/hutfactory.com\/wp-content\/uploads\/2026\/03\/91029.alle_.webp","datePublished":"2026-03-01T17:20:32+00:00","dateModified":"2026-03-01T17:21:30+00:00","description":"Cuba Winterm\u00fctze \u0096 handgefertigte Winterm\u00fctze aus Wolle und Polyester, in limitierter Auflage erh\u00e4ltlich. Jetzt bestellen!","breadcrumb":{"@id":"https:\/\/hutfactory.com\/?product=cuba-wintermuetze#breadcrumb"},"inLanguage":"de","potentialAction":[{"@type":"ReadAction","target":["https:\/\/hutfactory.com\/?product=cuba-wintermuetze"]}]},{"@type":"ImageObject","inLanguage":"de","@id":"https:\/\/hutfactory.com\/?product=cuba-wintermuetze#primaryimage","url":"https:\/\/hutfactory.com\/wp-content\/uploads\/2026\/03\/91029.alle_.webp","contentUrl":"https:\/\/hutfactory.com\/wp-content\/uploads\/2026\/03\/91029.alle_.webp","width":750,"height":750,"caption":"||||"},{"@type":"BreadcrumbList","@id":"https:\/\/hutfactory.com\/?product=cuba-wintermuetze#breadcrumb","itemListElement":[{"@type":"ListItem","position":1,"name":"Start","item":"https:\/\/hutfactory.com\/"},{"@type":"ListItem","position":2,"name":"Shop","item":"https:\/\/hutfactory.com\/?page_id=10"},{"@type":"ListItem","position":3,"name":"Cuba Winterm\u00fctze"}]},{"@type":"WebSite","@id":"https:\/\/hutfactory.com\/#website","url":"https:\/\/hutfactory.com\/","name":"Hut Factory","description":"H\u00fcte, Kappen &amp; M\u00fctzen in Top Swiss\/EU Qualit\u00e4t","publisher":{"@id":"https:\/\/hutfactory.com\/#organization"},"alternateName":"Hut Shop","potentialAction":[{"@type":"SearchAction","target":{"@type":"EntryPoint","urlTemplate":"https:\/\/hutfactory.com\/?s={search_term_string}"},"query-input":{"@type":"PropertyValueSpecification","valueRequired":true,"valueName":"search_term_string"}}],"inLanguage":"de"},{"@type":"Organization","@id":"https:\/\/hutfactory.com\/#organization","name":"Hut Factory","url":"https:\/\/hutfactory.com\/","logo":{"@type":"ImageObject","inLanguage":"de","@id":"https:\/\/hutfactory.com\/#\/schema\/logo\/image\/","url":"https:\/\/hutfactory.com\/wp-content\/uploads\/2026\/01\/Logo-hut-factory-1.webp","contentUrl":"https:\/\/hutfactory.com\/wp-content\/uploads\/2026\/01\/Logo-hut-factory-1.webp","width":300,"height":262,"caption":"Hut Factory"},"image":{"@id":"https:\/\/hutfactory.com\/#\/schema\/logo\/image\/"}}]}},"_links":{"self":[{"href":"https:\/\/hutfactory.com\/index.php?rest_route=\/wp\/v2\/product\/14719","targetHints":{"allow":["GET"]}}],"collection":[{"href":"https:\/\/hutfactory.com\/index.php?rest_route=\/wp\/v2\/product"}],"about":[{"href":"https:\/\/hutfactory.com\/index.php?rest_route=\/wp\/v2\/types\/product"}],"wp:featuredmedia":[{"embeddable":true,"href":"https:\/\/hutfactory.com\/index.php?rest_route=\/wp\/v2\/media\/14720"}],"wp:attachment":[{"href":"https:\/\/hutfactory.com\/index.php?rest_route=%2Fwp%2Fv2%2Fmedia&parent=14719"}],"wp:term":[{"taxonomy":"product_brand","embeddable":true,"href":"https:\/\/hutfactory.com\/index.php?rest_route=%2Fwp%2Fv2%2Fproduct_brand&post=14719"},{"taxonomy":"product_cat","embeddable":true,"href":"https:\/\/hutfactory.com\/index.php?rest_route=%2Fwp%2Fv2%2Fproduct_cat&post=14719"},{"taxonomy":"product_tag","embeddable":true,"href":"https:\/\/hutfactory.com\/index.php?rest_route=%2Fwp%2Fv2%2Fproduct_tag&post=14719"}],"curies":[{"name":"wp","href":"https:\/\/api.w.org\/{rel}","templated":true}]}}