{"id":14491,"date":"2026-03-01T17:17:03","date_gmt":"2026-03-01T17:17:03","guid":{"rendered":"https:\/\/hutfactory.com\/?product=strickmuetze-tiroler-wolle"},"modified":"2026-03-01T17:17:23","modified_gmt":"2026-03-01T17:17:23","slug":"strickmuetze-tiroler-wolle","status":"publish","type":"product","link":"https:\/\/hutfactory.com\/?product=strickmuetze-tiroler-wolle","title":{"rendered":"Strickm\u00fctze &#8220;Tiroler Wolle&#8221;"},"content":{"rendered":"<div class=\"wpb-content-wrapper\"><p>[vc_row][vc_column][vc_column_text css=&#8221;&#8221;]Unsere Strickm\u00fctze aus naturbelassener Tiroler Wolle ist ein au\u00dfergew\u00f6hnlich weiches Accessoire. Diese Tiroler Strickm\u00fctze im Rippenstrick mit Umschlag ist in den Farben Mittelbeige oder Tabak erh\u00e4ltlich. \u00c4hnlich wie der Panamahut im Sommer ist die Strickm\u00fctze im Winter ein unverzichtbares Accessoire, das jedes Outfit abrundet. Das sportliche Tiroler Beanie passt hervorragend zum l\u00e4ssigen Stil der aktuellen Herbst- und Wintermode.<\/p>\n<p>Durch die Kombination von Nachhaltigkeit, traditioneller Handwerkskunst und moderner \u00c4sthetik ist diese M\u00fctze die perfekte Wahl f\u00fcr stilbewusste Kunden, die Wert auf Qualit\u00e4t und soziale Verantwortung legen.[\/vc_column_text][\/vc_column][\/vc_row]<\/p>\n<div class=\"hf-accordions\">\n<hr class=\"hf-accordion-separator\" \/>\n<details class=\"hf-accordion\">\n<summary><strong>\u25b6\ufe0f Gut zu wissen \u2013 mehr erfahren<\/strong><\/summary>\n<div class=\"hf-accordion-content\">\n<h3>Produktbeschreibung:<\/h3>\n<p><strong>Material<\/strong><br \/>\n100% ungef\u00e4rbte Tiroler Wolle, f\u00fcr nat\u00fcrlichen Komfort und nachhaltigen Stil. Die Wolle bietet hervorragende W\u00e4rmeeigenschaften und ist gleichzeitig atmungsaktiv.<\/p>\n<p><strong>Fertigung<\/strong><br \/>\nJede M\u00fctze wird mit Liebe zum Detail von einem erfahrenen Handwerksbetrieb in Italien hergestellt. Dieser ist bekannt f\u00fcr seine hohe Handwerkskunst und Pr\u00e4zision in der Verarbeitung. Jede M\u00fctze ist ein Unikat und reflektiert die Tradition des italienischen Hutmacher-Handwerks.<\/p>\n<p><strong>Versand<\/strong><br \/>\nVersand erfolgt innerhalb weniger Tage ab Lager Schweiz, direkt nach Zahlungseingang. Sie k\u00f6nnen sich auf eine schnelle Lieferung und exzellenten Service verlassen.<\/p>\n<p><strong>Garantie und Umtausch<\/strong><br \/>\nUmtausch ist nur bei Material- oder Herstellungsfehlern m\u00f6glich. Da die M\u00fctze in limitierter Auflage gefertigt wurde, empfehlen wir, vor der Bestellung die richtige Gr\u00f6\u00dfe sorgf\u00e4ltig zu pr\u00fcfen, um Entt\u00e4uschungen zu vermeiden.<\/p>\n<p><strong>Verf\u00fcgbarkeit<\/strong><br \/>\nDiese Strickm\u00fctze wurde in limitierter Auflage hergestellt, was ihr Exklusivit\u00e4t und Sammlerwert verleiht. Aufgrund der hohen Nachfrage kann ein Abverkauf schnell erfolgen. Daher empfehlen wir eine fr\u00fchzeitige Bestellung.<\/div>\n<\/details>\n<details class=\"hf-accordion\">\n<summary><strong>\u25b6\ufe0f FAQ \u2013 H\u00e4ufige Fragen<\/strong><\/summary>\n<div class=\"hf-accordion-content\">\n<h3>H\u00e4ufig gestellte Fragen (FAQ)<\/h3>\n<p><strong>Wie pflege ich meine Strickm\u00fctze richtig?<\/strong><br \/>\nWir empfehlen Handw\u00e4sche in kaltem Wasser und das Vermeiden von direkter Hitze oder aggressiven Reinigungsmitteln.<\/p>\n<p><strong>Gibt es die M\u00fctze auch in anderen Farben?<\/strong><br \/>\nDiese M\u00fctze ist in ihrem nat\u00fcrlichen, ungef\u00e4rbten Zustand erh\u00e4ltlich, um die Authentizit\u00e4t und Nachhaltigkeit der Tiroler Wolle zu bewahren.<\/p>\n<p><strong>Kann ich die M\u00fctze umtauschen, wenn sie nicht passt?<\/strong><br \/>\nDa die M\u00fctze in limitierter Auflage hergestellt wurde, ist ein Umtausch nur bei Material- oder Herstellungsfehlern m\u00f6glich. Bitte pr\u00fcfen Sie daher die Angaben zur Gr\u00f6\u00dfe sorgf\u00e4ltig vor der Bestellung.<\/div>\n<\/details>\n<\/div>\n<\/div>","protected":false},"excerpt":{"rendered":"<p style=\"font-size: 14px; font-weight: 400; line-height: 1.5;\">Die Strickm\u00fctze aus ungef\u00e4rbter Tiroler Wolle zeichnet sich durch ein geripptes Strickmuster aus, das einen klassischen und gleichzeitig modernen Look verleiht. Sie ist in einem nat\u00fcrlichen, neutralen Farbton gehalten, der sich harmonisch in jede Wintergarderobe einf\u00fcgt. Die umgeschlagene Krempe sorgt f\u00fcr zus\u00e4tzlichen Schutz und Komfort, w\u00e4hrend die flexible One Size-Gr\u00f6\u00dfe sicherstellt, dass die M\u00fctze optimal passt.<\/p>\n<p>\u00a0<\/p>\n","protected":false},"featured_media":14492,"template":"","meta":{"_acf_changed":false,"rs_blank_template":"","rs_page_bg_color":"","slide_template_v7":""},"product_brand":[250],"product_cat":[394,387,460],"product_tag":[],"class_list":{"0":"post-14491","1":"product","2":"type-product","3":"status-publish","4":"has-post-thumbnail","6":"product_brand-risa-hutwerkstatt-schweiz","7":"product_cat-strick-wintermuetzen","8":"product_cat-wintermuetzen","9":"product_cat-woll-wintermuetzen","10":"product_shipping_class-mittlere-pakete","11":"pa_color-natur","12":"pa_groesse-one-size","13":"yith_product_brand-risa-hutwerkstatt-schweiz","16":"outofstock","17":"taxable","18":"shipping-taxable","19":"purchasable","20":"product-type-variable","21":"wvs-archive-product-wrapper","22":"add-to-wishlist-after_add_to_cart"},"acf":[],"yoast_head":"<!-- This site is optimized with the Yoast SEO Premium plugin v27.3 (Yoast SEO v27.3) - https:\/\/yoast.com\/product\/yoast-seo-premium-wordpress\/ -->\n<title>Tiroler Strickm\u00fctze - Wintermode in Natur<\/title>\n<meta name=\"description\" content=\"Entdecken Sie unsere hochwertige Strickm\u00fctze aus ungef\u00e4rbter Tiroler Wolle. Perfekt f\u00fcr die kalte Jahreszeit. Stilvoll, warm und handgefertigt.\" \/>\n<meta name=\"robots\" content=\"index, follow, max-snippet:-1, max-image-preview:large, max-video-preview:-1\" \/>\n<link rel=\"canonical\" href=\"https:\/\/hutfactory.com\/?product=strickmuetze-tiroler-wolle\" \/>\n<meta property=\"og:locale\" content=\"de_DE\" \/>\n<meta property=\"og:type\" content=\"article\" \/>\n<meta property=\"og:title\" content=\"Strickm\u00fctze &quot;Tiroler Wolle&quot;\" \/>\n<meta property=\"og:description\" content=\"Entdecken Sie unsere hochwertige Strickm\u00fctze aus ungef\u00e4rbter Tiroler Wolle. Perfekt f\u00fcr die kalte Jahreszeit. Stilvoll, warm und handgefertigt.\" \/>\n<meta property=\"og:url\" content=\"https:\/\/hutfactory.com\/?product=strickmuetze-tiroler-wolle\" \/>\n<meta property=\"og:site_name\" content=\"Hut Factory\" \/>\n<meta property=\"article:modified_time\" content=\"2026-03-01T17:17:23+00:00\" \/>\n<meta property=\"og:image\" content=\"https:\/\/hutfactory.com\/wp-content\/uploads\/2026\/03\/97823.1-scaled-e1677747018749-1.webp\" \/>\n\t<meta property=\"og:image:width\" content=\"750\" \/>\n\t<meta property=\"og:image:height\" content=\"750\" \/>\n\t<meta property=\"og:image:type\" content=\"image\/webp\" \/>\n<meta name=\"twitter:card\" content=\"summary_large_image\" \/>\n<meta name=\"twitter:label1\" content=\"Gesch\u00e4tzte Lesezeit\" \/>\n\t<meta name=\"twitter:data1\" content=\"2\u00a0Minuten\" \/>\n<script type=\"application\/ld+json\" class=\"yoast-schema-graph\">{\"@context\":\"https:\\\/\\\/schema.org\",\"@graph\":[{\"@type\":\"WebPage\",\"@id\":\"https:\\\/\\\/hutfactory.com\\\/?product=strickmuetze-tiroler-wolle\",\"url\":\"https:\\\/\\\/hutfactory.com\\\/?product=strickmuetze-tiroler-wolle\",\"name\":\"Tiroler Strickm\u00fctze - Wintermode in Natur\",\"isPartOf\":{\"@id\":\"https:\\\/\\\/hutfactory.com\\\/#website\"},\"primaryImageOfPage\":{\"@id\":\"https:\\\/\\\/hutfactory.com\\\/?product=strickmuetze-tiroler-wolle#primaryimage\"},\"image\":{\"@id\":\"https:\\\/\\\/hutfactory.com\\\/?product=strickmuetze-tiroler-wolle#primaryimage\"},\"thumbnailUrl\":\"https:\\\/\\\/hutfactory.com\\\/wp-content\\\/uploads\\\/2026\\\/03\\\/97823.1-scaled-e1677747018749-1.webp\",\"datePublished\":\"2026-03-01T17:17:03+00:00\",\"dateModified\":\"2026-03-01T17:17:23+00:00\",\"description\":\"Entdecken Sie unsere hochwertige Strickm\u00fctze aus ungef\u00e4rbter Tiroler Wolle. Perfekt f\u00fcr die kalte Jahreszeit. Stilvoll, warm und handgefertigt.\",\"breadcrumb\":{\"@id\":\"https:\\\/\\\/hutfactory.com\\\/?product=strickmuetze-tiroler-wolle#breadcrumb\"},\"inLanguage\":\"de\",\"potentialAction\":[{\"@type\":\"ReadAction\",\"target\":[\"https:\\\/\\\/hutfactory.com\\\/?product=strickmuetze-tiroler-wolle\"]}]},{\"@type\":\"ImageObject\",\"inLanguage\":\"de\",\"@id\":\"https:\\\/\\\/hutfactory.com\\\/?product=strickmuetze-tiroler-wolle#primaryimage\",\"url\":\"https:\\\/\\\/hutfactory.com\\\/wp-content\\\/uploads\\\/2026\\\/03\\\/97823.1-scaled-e1677747018749-1.webp\",\"contentUrl\":\"https:\\\/\\\/hutfactory.com\\\/wp-content\\\/uploads\\\/2026\\\/03\\\/97823.1-scaled-e1677747018749-1.webp\",\"width\":750,\"height\":750},{\"@type\":\"BreadcrumbList\",\"@id\":\"https:\\\/\\\/hutfactory.com\\\/?product=strickmuetze-tiroler-wolle#breadcrumb\",\"itemListElement\":[{\"@type\":\"ListItem\",\"position\":1,\"name\":\"Start\",\"item\":\"https:\\\/\\\/hutfactory.com\\\/\"},{\"@type\":\"ListItem\",\"position\":2,\"name\":\"Shop\",\"item\":\"https:\\\/\\\/hutfactory.com\\\/?page_id=10\"},{\"@type\":\"ListItem\",\"position\":3,\"name\":\"Strickm\u00fctze &#8220;Tiroler Wolle&#8221;\"}]},{\"@type\":\"WebSite\",\"@id\":\"https:\\\/\\\/hutfactory.com\\\/#website\",\"url\":\"https:\\\/\\\/hutfactory.com\\\/\",\"name\":\"Hut Factory\",\"description\":\"H\u00fcte, Kappen &amp; M\u00fctzen in Top Swiss\\\/EU Qualit\u00e4t\",\"publisher\":{\"@id\":\"https:\\\/\\\/hutfactory.com\\\/#organization\"},\"alternateName\":\"Hut Shop\",\"potentialAction\":[{\"@type\":\"SearchAction\",\"target\":{\"@type\":\"EntryPoint\",\"urlTemplate\":\"https:\\\/\\\/hutfactory.com\\\/?s={search_term_string}\"},\"query-input\":{\"@type\":\"PropertyValueSpecification\",\"valueRequired\":true,\"valueName\":\"search_term_string\"}}],\"inLanguage\":\"de\"},{\"@type\":\"Organization\",\"@id\":\"https:\\\/\\\/hutfactory.com\\\/#organization\",\"name\":\"Hut Factory\",\"url\":\"https:\\\/\\\/hutfactory.com\\\/\",\"logo\":{\"@type\":\"ImageObject\",\"inLanguage\":\"de\",\"@id\":\"https:\\\/\\\/hutfactory.com\\\/#\\\/schema\\\/logo\\\/image\\\/\",\"url\":\"https:\\\/\\\/hutfactory.com\\\/wp-content\\\/uploads\\\/2026\\\/01\\\/Logo-hut-factory-1.webp\",\"contentUrl\":\"https:\\\/\\\/hutfactory.com\\\/wp-content\\\/uploads\\\/2026\\\/01\\\/Logo-hut-factory-1.webp\",\"width\":300,\"height\":262,\"caption\":\"Hut Factory\"},\"image\":{\"@id\":\"https:\\\/\\\/hutfactory.com\\\/#\\\/schema\\\/logo\\\/image\\\/\"}}]}<\/script>\n<!-- \/ Yoast SEO Premium plugin. -->","yoast_head_json":{"title":"Tiroler Strickm\u00fctze - Wintermode in Natur","description":"Entdecken Sie unsere hochwertige Strickm\u00fctze aus ungef\u00e4rbter Tiroler Wolle. Perfekt f\u00fcr die kalte Jahreszeit. Stilvoll, warm und handgefertigt.","robots":{"index":"index","follow":"follow","max-snippet":"max-snippet:-1","max-image-preview":"max-image-preview:large","max-video-preview":"max-video-preview:-1"},"canonical":"https:\/\/hutfactory.com\/?product=strickmuetze-tiroler-wolle","og_locale":"de_DE","og_type":"article","og_title":"Strickm\u00fctze \"Tiroler Wolle\"","og_description":"Entdecken Sie unsere hochwertige Strickm\u00fctze aus ungef\u00e4rbter Tiroler Wolle. Perfekt f\u00fcr die kalte Jahreszeit. Stilvoll, warm und handgefertigt.","og_url":"https:\/\/hutfactory.com\/?product=strickmuetze-tiroler-wolle","og_site_name":"Hut Factory","article_modified_time":"2026-03-01T17:17:23+00:00","og_image":[{"width":750,"height":750,"url":"https:\/\/hutfactory.com\/wp-content\/uploads\/2026\/03\/97823.1-scaled-e1677747018749-1.webp","type":"image\/webp"}],"twitter_card":"summary_large_image","twitter_misc":{"Gesch\u00e4tzte Lesezeit":"2\u00a0Minuten"},"schema":{"@context":"https:\/\/schema.org","@graph":[{"@type":"WebPage","@id":"https:\/\/hutfactory.com\/?product=strickmuetze-tiroler-wolle","url":"https:\/\/hutfactory.com\/?product=strickmuetze-tiroler-wolle","name":"Tiroler Strickm\u00fctze - Wintermode in Natur","isPartOf":{"@id":"https:\/\/hutfactory.com\/#website"},"primaryImageOfPage":{"@id":"https:\/\/hutfactory.com\/?product=strickmuetze-tiroler-wolle#primaryimage"},"image":{"@id":"https:\/\/hutfactory.com\/?product=strickmuetze-tiroler-wolle#primaryimage"},"thumbnailUrl":"https:\/\/hutfactory.com\/wp-content\/uploads\/2026\/03\/97823.1-scaled-e1677747018749-1.webp","datePublished":"2026-03-01T17:17:03+00:00","dateModified":"2026-03-01T17:17:23+00:00","description":"Entdecken Sie unsere hochwertige Strickm\u00fctze aus ungef\u00e4rbter Tiroler Wolle. Perfekt f\u00fcr die kalte Jahreszeit. Stilvoll, warm und handgefertigt.","breadcrumb":{"@id":"https:\/\/hutfactory.com\/?product=strickmuetze-tiroler-wolle#breadcrumb"},"inLanguage":"de","potentialAction":[{"@type":"ReadAction","target":["https:\/\/hutfactory.com\/?product=strickmuetze-tiroler-wolle"]}]},{"@type":"ImageObject","inLanguage":"de","@id":"https:\/\/hutfactory.com\/?product=strickmuetze-tiroler-wolle#primaryimage","url":"https:\/\/hutfactory.com\/wp-content\/uploads\/2026\/03\/97823.1-scaled-e1677747018749-1.webp","contentUrl":"https:\/\/hutfactory.com\/wp-content\/uploads\/2026\/03\/97823.1-scaled-e1677747018749-1.webp","width":750,"height":750},{"@type":"BreadcrumbList","@id":"https:\/\/hutfactory.com\/?product=strickmuetze-tiroler-wolle#breadcrumb","itemListElement":[{"@type":"ListItem","position":1,"name":"Start","item":"https:\/\/hutfactory.com\/"},{"@type":"ListItem","position":2,"name":"Shop","item":"https:\/\/hutfactory.com\/?page_id=10"},{"@type":"ListItem","position":3,"name":"Strickm\u00fctze &#8220;Tiroler Wolle&#8221;"}]},{"@type":"WebSite","@id":"https:\/\/hutfactory.com\/#website","url":"https:\/\/hutfactory.com\/","name":"Hut Factory","description":"H\u00fcte, Kappen &amp; M\u00fctzen in Top Swiss\/EU Qualit\u00e4t","publisher":{"@id":"https:\/\/hutfactory.com\/#organization"},"alternateName":"Hut Shop","potentialAction":[{"@type":"SearchAction","target":{"@type":"EntryPoint","urlTemplate":"https:\/\/hutfactory.com\/?s={search_term_string}"},"query-input":{"@type":"PropertyValueSpecification","valueRequired":true,"valueName":"search_term_string"}}],"inLanguage":"de"},{"@type":"Organization","@id":"https:\/\/hutfactory.com\/#organization","name":"Hut Factory","url":"https:\/\/hutfactory.com\/","logo":{"@type":"ImageObject","inLanguage":"de","@id":"https:\/\/hutfactory.com\/#\/schema\/logo\/image\/","url":"https:\/\/hutfactory.com\/wp-content\/uploads\/2026\/01\/Logo-hut-factory-1.webp","contentUrl":"https:\/\/hutfactory.com\/wp-content\/uploads\/2026\/01\/Logo-hut-factory-1.webp","width":300,"height":262,"caption":"Hut Factory"},"image":{"@id":"https:\/\/hutfactory.com\/#\/schema\/logo\/image\/"}}]}},"_links":{"self":[{"href":"https:\/\/hutfactory.com\/index.php?rest_route=\/wp\/v2\/product\/14491","targetHints":{"allow":["GET"]}}],"collection":[{"href":"https:\/\/hutfactory.com\/index.php?rest_route=\/wp\/v2\/product"}],"about":[{"href":"https:\/\/hutfactory.com\/index.php?rest_route=\/wp\/v2\/types\/product"}],"wp:featuredmedia":[{"embeddable":true,"href":"https:\/\/hutfactory.com\/index.php?rest_route=\/wp\/v2\/media\/14492"}],"wp:attachment":[{"href":"https:\/\/hutfactory.com\/index.php?rest_route=%2Fwp%2Fv2%2Fmedia&parent=14491"}],"wp:term":[{"taxonomy":"product_brand","embeddable":true,"href":"https:\/\/hutfactory.com\/index.php?rest_route=%2Fwp%2Fv2%2Fproduct_brand&post=14491"},{"taxonomy":"product_cat","embeddable":true,"href":"https:\/\/hutfactory.com\/index.php?rest_route=%2Fwp%2Fv2%2Fproduct_cat&post=14491"},{"taxonomy":"product_tag","embeddable":true,"href":"https:\/\/hutfactory.com\/index.php?rest_route=%2Fwp%2Fv2%2Fproduct_tag&post=14491"}],"curies":[{"name":"wp","href":"https:\/\/api.w.org\/{rel}","templated":true}]}}