{"id":14425,"date":"2026-03-01T17:16:32","date_gmt":"2026-03-01T17:16:32","guid":{"rendered":"https:\/\/hutfactory.com\/?product=paperboy-mit-steg-aus-schurwolle"},"modified":"2026-03-01T17:18:09","modified_gmt":"2026-03-01T17:18:09","slug":"paperboy-mit-steg-aus-schurwolle","status":"publish","type":"product","link":"https:\/\/hutfactory.com\/?product=paperboy-mit-steg-aus-schurwolle","title":{"rendered":"Paperboy mit Steg aus Schurwolle"},"content":{"rendered":"<div class=\"wpb-content-wrapper\"><p>[vc_row][vc_column][vc_column_text css=&#8221;&#8221;]Diese M\u00fctze vereint klassisches Design und modernen Komfort. Das dezente Muster und die warmen Farbt\u00f6ne machen sie zu einem perfekten Accessoire f\u00fcr Herbst- und Wintergarderoben. Hergestellt aus einer hochwertigen Wollmischung, bietet die M\u00fctze optimale W\u00e4rme und Schutz vor Wind und Wetter.<\/p>\n<p>Die M\u00fctze besteht aus einer edlen Mischung von 87% Schurwolle (WV), 7% Polyamid (PA) und 6% Seide (SE), was ihr nicht nur einen luxuri\u00f6sen Look, sondern auch eine angenehme Leichtigkeit verleiht. Jede M\u00fctze wird in einem traditionellen Handwerksbetrieb in Italien von Hand gefertigt, wo die Liebe zum Detail und die hohe Qualit\u00e4t der Verarbeitung im Vordergrund stehen. Die M\u00fctze ist in den Gr\u00f6\u00dfen 55 bis 62 erh\u00e4ltlich und passt sich dank des Stegs und der flexiblen Materialmischung ideal der Kopfform an.<br \/>\nDa sie in limitierter Auflage produziert wurde, ist diese M\u00fctze nicht nur ein modisches Statement, sondern auch ein exklusives Sammlerst\u00fcck f\u00fcr jeden, der Wert auf Individualit\u00e4t und Handwerkskunst le[\/vc_column_text][\/vc_column][\/vc_row]<\/p>\n<div class=\"hf-accordions\">\n<hr class=\"hf-accordion-separator\" \/>\n<details class=\"hf-accordion\">\n<summary><strong>\u25b6\ufe0f Gut zu wissen \u2013 mehr erfahren<\/strong><\/summary>\n<div class=\"hf-accordion-content\">\n<h3><strong>Wichtige Produktdetails<\/strong><\/h3>\n<ul>\n<li><strong>Materialzusammensetzung:<\/strong>\u00a087% Schurwolle (WV), 7% Polyamid (PA), 6% Seide (SE)<\/li>\n<li><strong>Farben:<\/strong>\u00a0Kaperngr\u00fcn mit erdigen Gr\u00fcnt\u00f6nen<\/li>\n<li><strong>Gr\u00f6\u00dfen:<\/strong>\u00a055 \u0096 62<\/li>\n<li><strong>Handwerkskunst:<\/strong>\u00a0Handgefertigt in Italien<\/li>\n<li><strong>Limitierte Auflage:<\/strong>\u00a0Ja<\/li>\n<li><strong>Versand:<\/strong>\u00a0Innerhalb weniger Tage ab Lager Schweiz nach Zahlungseingang<\/li>\n<li><strong>Garantie:<\/strong>\u00a0Umtausch nur bei Material- oder Herstellungsfehlern<\/li>\n<li><strong>Verf\u00fcgbarkeit:<\/strong>\u00a0Limitierte Auflage \u0096 fr\u00fchzeitige Bestellung wird empfohlen<\/li>\n<\/ul>\n<\/div>\n<\/details>\n<details class=\"hf-accordion\">\n<summary><strong>\u25b6\ufe0f FAQ \u2013 H\u00e4ufige Fragen<\/strong><\/summary>\n<div class=\"hf-accordion-content\">\n<h3><strong>FAQ \u0096 H\u00e4ufig gestellte Fragen<\/strong><\/h3>\n<ol>\n<li><strong>Welche Gr\u00f6\u00dfen sind erh\u00e4ltlich?<\/strong><br \/>\nDie M\u00fctze ist in den Gr\u00f6\u00dfen 55 bis 62 erh\u00e4ltlich.<\/li>\n<li><strong>Kann ich die M\u00fctze umtauschen, wenn sie nicht passt?<\/strong><br \/>\nEin Umtausch ist nur bei Material- oder Herstellungsfehlern m\u00f6glich. Bitte \u00fcberpr\u00fcfen Sie vor der Bestellung die Gr\u00f6\u00dfentabelle.<\/li>\n<li><strong>Wie pflege ich die M\u00fctze richtig?<\/strong><br \/>\nDie M\u00fctze sollte schonend per Hand oder professionell gereinigt werden, um die Materialmischung aus Wolle und Seide zu sch\u00fctzen.<\/li>\n<li><strong>Wie lange dauert der Versand?<\/strong><br \/>\nDer Versand erfolgt innerhalb weniger Tage ab Lager Schweiz nach Zahlungseingang.<\/li>\n<\/ol>\n<\/div>\n<\/details>\n<\/div>\n<\/div>","protected":false},"excerpt":{"rendered":"<h3><strong>Dezente Erdt\u00f6nen \u0096 Stilvoller Begleiter f\u00fcr die kalte Jahreszeit<\/strong><\/h3>\n<p>Diese Paperboy-M\u00fctze f\u00fcr den Herbst und Winter bietet eine zeitlose Kombination aus klassischem Design und subtiler Eleganz. Sie besticht durch ein fein gewebtes Muster in erdigen Gr\u00fcnt\u00f6nen, das durch dezente Farbakzente eine gewisse Tiefe erh\u00e4lt. Die gedeckten Farben machen die M\u00fctze vielseitig kombinierbar, w\u00e4hrend die hochwertige Wollmischung f\u00fcr angenehme W\u00e4rme an kalten Tagen sorgt. Die volumin\u00f6se Form der M\u00fctze verleiht ihr den typischen Paperboy-Stil und sorgt f\u00fcr einen komfortablen Sitz.<\/p>\n","protected":false},"featured_media":14426,"template":"","meta":{"_acf_changed":false,"rs_blank_template":"","rs_page_bg_color":"","slide_template_v7":""},"product_brand":[250],"product_cat":[550,387],"product_tag":[],"class_list":{"0":"post-14425","1":"product","2":"type-product","3":"status-publish","4":"has-post-thumbnail","6":"product_brand-risa-hutwerkstatt-schweiz","7":"product_cat-paperboy-ballon-wintermuetzen","8":"product_cat-wintermuetzen","9":"product_shipping_class-mittlere-pakete","10":"pa_color-kaperngruen","11":"pa_groesse-196","12":"pa_groesse-207","13":"pa_groesse-197","14":"pa_groesse-208","15":"pa_groesse-198","16":"pa_groesse-209","17":"pa_groesse-199","18":"pa_groesse-210","19":"yith_product_brand-risa-hutwerkstatt-schweiz","22":"instock","23":"taxable","24":"shipping-taxable","25":"purchasable","26":"product-type-variable","27":"wvs-archive-product-wrapper","28":"add-to-wishlist-after_add_to_cart"},"acf":[],"yoast_head":"<!-- This site is optimized with the Yoast SEO Premium plugin v27.3 (Yoast SEO v27.3) - https:\/\/yoast.com\/product\/yoast-seo-premium-wordpress\/ -->\n<title>Paperboy mit Steg aus Schurwolle - Ideal f\u00fcr den Winter<\/title>\n<meta name=\"description\" content=\"Kappe in der Farbe Alge, sind elegant und das Must-have-Accessoire f\u00fcr die k\u00fchlere Jahreszeit \u0096 M\u00fctzen als Mode Accessoires sind in schick.\" \/>\n<meta name=\"robots\" content=\"index, follow, max-snippet:-1, max-image-preview:large, max-video-preview:-1\" \/>\n<link rel=\"canonical\" href=\"https:\/\/hutfactory.com\/?product=paperboy-mit-steg-aus-schurwolle\" \/>\n<meta property=\"og:locale\" content=\"de_DE\" \/>\n<meta property=\"og:type\" content=\"article\" \/>\n<meta property=\"og:title\" content=\"Paperboy mit Steg aus Schurwolle\" \/>\n<meta property=\"og:description\" content=\"Kappe in der Farbe Alge, sind elegant und das Must-have-Accessoire f\u00fcr die k\u00fchlere Jahreszeit \u0096 M\u00fctzen als Mode Accessoires sind in schick.\" \/>\n<meta property=\"og:url\" content=\"https:\/\/hutfactory.com\/?product=paperboy-mit-steg-aus-schurwolle\" \/>\n<meta property=\"og:site_name\" content=\"Hut Factory\" \/>\n<meta property=\"article:modified_time\" content=\"2026-03-01T17:18:09+00:00\" \/>\n<meta property=\"og:image\" content=\"https:\/\/hutfactory.com\/wp-content\/uploads\/2026\/03\/95502-scaled-e1660807794776.webp\" \/>\n\t<meta property=\"og:image:width\" content=\"750\" \/>\n\t<meta property=\"og:image:height\" content=\"750\" \/>\n\t<meta property=\"og:image:type\" content=\"image\/webp\" \/>\n<meta name=\"twitter:card\" content=\"summary_large_image\" \/>\n<meta name=\"twitter:label1\" content=\"Gesch\u00e4tzte Lesezeit\" \/>\n\t<meta name=\"twitter:data1\" content=\"2\u00a0Minuten\" \/>\n<script type=\"application\/ld+json\" class=\"yoast-schema-graph\">{\"@context\":\"https:\\\/\\\/schema.org\",\"@graph\":[{\"@type\":\"WebPage\",\"@id\":\"https:\\\/\\\/hutfactory.com\\\/?product=paperboy-mit-steg-aus-schurwolle\",\"url\":\"https:\\\/\\\/hutfactory.com\\\/?product=paperboy-mit-steg-aus-schurwolle\",\"name\":\"Paperboy mit Steg aus Schurwolle - Ideal f\u00fcr den Winter\",\"isPartOf\":{\"@id\":\"https:\\\/\\\/hutfactory.com\\\/#website\"},\"primaryImageOfPage\":{\"@id\":\"https:\\\/\\\/hutfactory.com\\\/?product=paperboy-mit-steg-aus-schurwolle#primaryimage\"},\"image\":{\"@id\":\"https:\\\/\\\/hutfactory.com\\\/?product=paperboy-mit-steg-aus-schurwolle#primaryimage\"},\"thumbnailUrl\":\"https:\\\/\\\/hutfactory.com\\\/wp-content\\\/uploads\\\/2026\\\/03\\\/95502-scaled-e1660807794776.webp\",\"datePublished\":\"2026-03-01T17:16:32+00:00\",\"dateModified\":\"2026-03-01T17:18:09+00:00\",\"description\":\"Kappe in der Farbe Alge, sind elegant und das Must-have-Accessoire f\u00fcr die k\u00fchlere Jahreszeit \u0096 M\u00fctzen als Mode Accessoires sind in schick.\",\"breadcrumb\":{\"@id\":\"https:\\\/\\\/hutfactory.com\\\/?product=paperboy-mit-steg-aus-schurwolle#breadcrumb\"},\"inLanguage\":\"de\",\"potentialAction\":[{\"@type\":\"ReadAction\",\"target\":[\"https:\\\/\\\/hutfactory.com\\\/?product=paperboy-mit-steg-aus-schurwolle\"]}]},{\"@type\":\"ImageObject\",\"inLanguage\":\"de\",\"@id\":\"https:\\\/\\\/hutfactory.com\\\/?product=paperboy-mit-steg-aus-schurwolle#primaryimage\",\"url\":\"https:\\\/\\\/hutfactory.com\\\/wp-content\\\/uploads\\\/2026\\\/03\\\/95502-scaled-e1660807794776.webp\",\"contentUrl\":\"https:\\\/\\\/hutfactory.com\\\/wp-content\\\/uploads\\\/2026\\\/03\\\/95502-scaled-e1660807794776.webp\",\"width\":750,\"height\":750,\"caption\":\"Paperboy mit Steg aus Schurwolle\"},{\"@type\":\"BreadcrumbList\",\"@id\":\"https:\\\/\\\/hutfactory.com\\\/?product=paperboy-mit-steg-aus-schurwolle#breadcrumb\",\"itemListElement\":[{\"@type\":\"ListItem\",\"position\":1,\"name\":\"Start\",\"item\":\"https:\\\/\\\/hutfactory.com\\\/\"},{\"@type\":\"ListItem\",\"position\":2,\"name\":\"Shop\",\"item\":\"https:\\\/\\\/hutfactory.com\\\/?page_id=10\"},{\"@type\":\"ListItem\",\"position\":3,\"name\":\"Paperboy mit Steg aus Schurwolle\"}]},{\"@type\":\"WebSite\",\"@id\":\"https:\\\/\\\/hutfactory.com\\\/#website\",\"url\":\"https:\\\/\\\/hutfactory.com\\\/\",\"name\":\"Hut Factory\",\"description\":\"H\u00fcte, Kappen &amp; M\u00fctzen in Top Swiss\\\/EU Qualit\u00e4t\",\"publisher\":{\"@id\":\"https:\\\/\\\/hutfactory.com\\\/#organization\"},\"alternateName\":\"Hut Shop\",\"potentialAction\":[{\"@type\":\"SearchAction\",\"target\":{\"@type\":\"EntryPoint\",\"urlTemplate\":\"https:\\\/\\\/hutfactory.com\\\/?s={search_term_string}\"},\"query-input\":{\"@type\":\"PropertyValueSpecification\",\"valueRequired\":true,\"valueName\":\"search_term_string\"}}],\"inLanguage\":\"de\"},{\"@type\":\"Organization\",\"@id\":\"https:\\\/\\\/hutfactory.com\\\/#organization\",\"name\":\"Hut Factory\",\"url\":\"https:\\\/\\\/hutfactory.com\\\/\",\"logo\":{\"@type\":\"ImageObject\",\"inLanguage\":\"de\",\"@id\":\"https:\\\/\\\/hutfactory.com\\\/#\\\/schema\\\/logo\\\/image\\\/\",\"url\":\"https:\\\/\\\/hutfactory.com\\\/wp-content\\\/uploads\\\/2026\\\/01\\\/Logo-hut-factory-1.webp\",\"contentUrl\":\"https:\\\/\\\/hutfactory.com\\\/wp-content\\\/uploads\\\/2026\\\/01\\\/Logo-hut-factory-1.webp\",\"width\":300,\"height\":262,\"caption\":\"Hut Factory\"},\"image\":{\"@id\":\"https:\\\/\\\/hutfactory.com\\\/#\\\/schema\\\/logo\\\/image\\\/\"}}]}<\/script>\n<!-- \/ Yoast SEO Premium plugin. -->","yoast_head_json":{"title":"Paperboy mit Steg aus Schurwolle - Ideal f\u00fcr den Winter","description":"Kappe in der Farbe Alge, sind elegant und das Must-have-Accessoire f\u00fcr die k\u00fchlere Jahreszeit \u0096 M\u00fctzen als Mode Accessoires sind in schick.","robots":{"index":"index","follow":"follow","max-snippet":"max-snippet:-1","max-image-preview":"max-image-preview:large","max-video-preview":"max-video-preview:-1"},"canonical":"https:\/\/hutfactory.com\/?product=paperboy-mit-steg-aus-schurwolle","og_locale":"de_DE","og_type":"article","og_title":"Paperboy mit Steg aus Schurwolle","og_description":"Kappe in der Farbe Alge, sind elegant und das Must-have-Accessoire f\u00fcr die k\u00fchlere Jahreszeit \u0096 M\u00fctzen als Mode Accessoires sind in schick.","og_url":"https:\/\/hutfactory.com\/?product=paperboy-mit-steg-aus-schurwolle","og_site_name":"Hut Factory","article_modified_time":"2026-03-01T17:18:09+00:00","og_image":[{"width":750,"height":750,"url":"https:\/\/hutfactory.com\/wp-content\/uploads\/2026\/03\/95502-scaled-e1660807794776.webp","type":"image\/webp"}],"twitter_card":"summary_large_image","twitter_misc":{"Gesch\u00e4tzte Lesezeit":"2\u00a0Minuten"},"schema":{"@context":"https:\/\/schema.org","@graph":[{"@type":"WebPage","@id":"https:\/\/hutfactory.com\/?product=paperboy-mit-steg-aus-schurwolle","url":"https:\/\/hutfactory.com\/?product=paperboy-mit-steg-aus-schurwolle","name":"Paperboy mit Steg aus Schurwolle - Ideal f\u00fcr den Winter","isPartOf":{"@id":"https:\/\/hutfactory.com\/#website"},"primaryImageOfPage":{"@id":"https:\/\/hutfactory.com\/?product=paperboy-mit-steg-aus-schurwolle#primaryimage"},"image":{"@id":"https:\/\/hutfactory.com\/?product=paperboy-mit-steg-aus-schurwolle#primaryimage"},"thumbnailUrl":"https:\/\/hutfactory.com\/wp-content\/uploads\/2026\/03\/95502-scaled-e1660807794776.webp","datePublished":"2026-03-01T17:16:32+00:00","dateModified":"2026-03-01T17:18:09+00:00","description":"Kappe in der Farbe Alge, sind elegant und das Must-have-Accessoire f\u00fcr die k\u00fchlere Jahreszeit \u0096 M\u00fctzen als Mode Accessoires sind in schick.","breadcrumb":{"@id":"https:\/\/hutfactory.com\/?product=paperboy-mit-steg-aus-schurwolle#breadcrumb"},"inLanguage":"de","potentialAction":[{"@type":"ReadAction","target":["https:\/\/hutfactory.com\/?product=paperboy-mit-steg-aus-schurwolle"]}]},{"@type":"ImageObject","inLanguage":"de","@id":"https:\/\/hutfactory.com\/?product=paperboy-mit-steg-aus-schurwolle#primaryimage","url":"https:\/\/hutfactory.com\/wp-content\/uploads\/2026\/03\/95502-scaled-e1660807794776.webp","contentUrl":"https:\/\/hutfactory.com\/wp-content\/uploads\/2026\/03\/95502-scaled-e1660807794776.webp","width":750,"height":750,"caption":"Paperboy mit Steg aus Schurwolle"},{"@type":"BreadcrumbList","@id":"https:\/\/hutfactory.com\/?product=paperboy-mit-steg-aus-schurwolle#breadcrumb","itemListElement":[{"@type":"ListItem","position":1,"name":"Start","item":"https:\/\/hutfactory.com\/"},{"@type":"ListItem","position":2,"name":"Shop","item":"https:\/\/hutfactory.com\/?page_id=10"},{"@type":"ListItem","position":3,"name":"Paperboy mit Steg aus Schurwolle"}]},{"@type":"WebSite","@id":"https:\/\/hutfactory.com\/#website","url":"https:\/\/hutfactory.com\/","name":"Hut Factory","description":"H\u00fcte, Kappen &amp; M\u00fctzen in Top Swiss\/EU Qualit\u00e4t","publisher":{"@id":"https:\/\/hutfactory.com\/#organization"},"alternateName":"Hut Shop","potentialAction":[{"@type":"SearchAction","target":{"@type":"EntryPoint","urlTemplate":"https:\/\/hutfactory.com\/?s={search_term_string}"},"query-input":{"@type":"PropertyValueSpecification","valueRequired":true,"valueName":"search_term_string"}}],"inLanguage":"de"},{"@type":"Organization","@id":"https:\/\/hutfactory.com\/#organization","name":"Hut Factory","url":"https:\/\/hutfactory.com\/","logo":{"@type":"ImageObject","inLanguage":"de","@id":"https:\/\/hutfactory.com\/#\/schema\/logo\/image\/","url":"https:\/\/hutfactory.com\/wp-content\/uploads\/2026\/01\/Logo-hut-factory-1.webp","contentUrl":"https:\/\/hutfactory.com\/wp-content\/uploads\/2026\/01\/Logo-hut-factory-1.webp","width":300,"height":262,"caption":"Hut Factory"},"image":{"@id":"https:\/\/hutfactory.com\/#\/schema\/logo\/image\/"}}]}},"_links":{"self":[{"href":"https:\/\/hutfactory.com\/index.php?rest_route=\/wp\/v2\/product\/14425","targetHints":{"allow":["GET"]}}],"collection":[{"href":"https:\/\/hutfactory.com\/index.php?rest_route=\/wp\/v2\/product"}],"about":[{"href":"https:\/\/hutfactory.com\/index.php?rest_route=\/wp\/v2\/types\/product"}],"wp:featuredmedia":[{"embeddable":true,"href":"https:\/\/hutfactory.com\/index.php?rest_route=\/wp\/v2\/media\/14426"}],"wp:attachment":[{"href":"https:\/\/hutfactory.com\/index.php?rest_route=%2Fwp%2Fv2%2Fmedia&parent=14425"}],"wp:term":[{"taxonomy":"product_brand","embeddable":true,"href":"https:\/\/hutfactory.com\/index.php?rest_route=%2Fwp%2Fv2%2Fproduct_brand&post=14425"},{"taxonomy":"product_cat","embeddable":true,"href":"https:\/\/hutfactory.com\/index.php?rest_route=%2Fwp%2Fv2%2Fproduct_cat&post=14425"},{"taxonomy":"product_tag","embeddable":true,"href":"https:\/\/hutfactory.com\/index.php?rest_route=%2Fwp%2Fv2%2Fproduct_tag&post=14425"}],"curies":[{"name":"wp","href":"https:\/\/api.w.org\/{rel}","templated":true}]}}