{"id":14379,"date":"2026-03-01T17:15:44","date_gmt":"2026-03-01T17:15:44","guid":{"rendered":"https:\/\/hutfactory.com\/?product=schiebermuetze-mit-steg"},"modified":"2026-03-01T17:16:27","modified_gmt":"2026-03-01T17:16:27","slug":"schiebermuetze-mit-steg","status":"publish","type":"product","link":"https:\/\/hutfactory.com\/?product=schiebermuetze-mit-steg","title":{"rendered":"Schieberm\u00fctze mit Steg"},"content":{"rendered":"<div class=\"wpb-content-wrapper\"><p>[vc_row][vc_column][vc_column_text css=&#8221;&#8221;]<\/p>\n<div class=\"flex-1 overflow-hidden\">\n<div class=\"react-scroll-to-bottom--css-zvkfd-79elbk h-full dark:bg-gray-800\">\n<div class=\"react-scroll-to-bottom--css-zvkfd-1n7m0yu\">\n<div class=\"flex flex-col text-sm dark:bg-gray-800\">\n<div class=\"group w-full text-token-text-primary border-b border-black\/10 dark:border-gray-900\/50 dark:bg-gray-800\" data-testid=\"conversation-turn-62\">\n<div class=\"p-4 justify-center text-base md:gap-6 md:py-6 m-auto\">\n<div class=\"flex flex-1 gap-4 text-base mx-auto md:gap-6 md:max-w-2xl lg:max-w-[38rem] xl:max-w-3xl }\">\n<div class=\"relative flex w-[calc(100%-50px)] flex-col gap-1 md:gap-3 lg:w-[calc(100%-115px)]\">\n<div class=\"flex flex-grow flex-col gap-3 max-w-full\">\n<div class=\"min-h-[20px] flex flex-col items-start gap-3 overflow-x-auto whitespace-pre-wrap break-words\">\n<p>Diese M\u00fctze besticht durch ihr einzigartiges Tweed-Muster in Mittelgrau. Das farblich abgestimmte Design wird Fashionfans in diesem Winter mit seiner luftig-leichten Performance begeistern. Sie ist nicht nur eine M\u00fctze, sondern ein Statement f\u00fcr Ihren individuellen Lifestyle, gepaart mit traditionellem Handwerk. Egal, ob Sie an einem sonnigen Wintertag im Freien unterwegs sind oder den Abend mit Freunden in der angesagtesten Bar der Stadt verbringen \u0096 diese M\u00fctze zieht bewundernde Blicke auf sich.<\/p>\n<\/div>\n<\/div>\n<\/div>\n<\/div>\n<\/div>\n<\/div>\n<\/div>\n<\/div>\n<\/div>\n<\/div>\n<p>[\/vc_column_text][\/vc_column][\/vc_row]<\/p>\n<div class=\"hf-accordions\">\n<hr class=\"hf-accordion-separator\" \/>\n<details class=\"hf-accordion\">\n<summary><strong>\u25b6\ufe0f Gut zu wissen \u2013 mehr erfahren<\/strong><\/summary>\n<div class=\"hf-accordion-content\">\n<h3>Wichtige Produktdetails<\/h3>\n<h4>Material &#038; Design:<\/h4>\n<ul>\n<li><strong>Materialzusammensetzung:<\/strong>\u00a080 % Wolle (WO), 20 % Polyamid (PA)<\/li>\n<li><strong>Gr\u00f6\u00dfen:<\/strong>\u00a0Verf\u00fcgbar in den Gr\u00f6\u00dfen 55\u009663<\/li>\n<li><strong>Farbe:<\/strong>\u00a0Mittelgrau<\/li>\n<li><strong>Garnitur:<\/strong>\u00a0Klassischer Steg f\u00fcr zus\u00e4tzlichen Halt<\/li>\n<li><strong>Schwei\u00dfband:<\/strong>\u00a0Komfortables, hautfreundliches Schwei\u00dfband<\/li>\n<\/ul>\n<h4>Handwerkskunst &#038; Exklusivit\u00e4t:<\/h4>\n<ul>\n<li><strong>Handarbeit:<\/strong>\u00a0Jede M\u00fctze wird individuell in Italien gefertigt<\/li>\n<li><strong>Tradition und Erfahrung:<\/strong>\u00a0Herstellung in einem traditionellen Handwerksbetrieb, der f\u00fcr seine hochwertige Verarbeitung bekannt ist<\/li>\n<li><strong>Limitierte Auflage:<\/strong>\u00a0Diese Schieberm\u00fctze ist in begrenzter St\u00fcckzahl verf\u00fcgbar<\/li>\n<\/ul>\n<h4>Herstellung:<\/h4>\n<ul>\n<li><strong>Produktionsort:<\/strong>\u00a0Italien<\/li>\n<li><strong>Hersteller:<\/strong>\u00a0Risa Hutwerkstatt, Schweiz, in Zusammenarbeit mit einem renommierten italienischen Handwerksbetrieb<\/li>\n<li><strong>Herstellungszeit:<\/strong>\u00a0Bereits auf Lager und sofort versandbereit<\/li>\n<\/ul>\n<h4>Lieferbedingungen:<\/h4>\n<ul>\n<li><strong>Versand:<\/strong>\u00a0Lieferung ab Lager Schweiz, innerhalb weniger Tage nach Zahlungseingang<\/li>\n<li><strong>Garantie:<\/strong>\u00a0Umtausch nur bei Material- oder Herstellungsfehlern m\u00f6glich, da die M\u00fctze auf Bestellung gefertigt wird<\/li>\n<li><strong>Verf\u00fcgbarkeit:<\/strong>\u00a0Aufgrund der limitierten Auflage empfehlen wir eine fr\u00fchzeitige Bestellung, um Entt\u00e4uschungen zu vermeiden<\/li>\n<\/ul>\n<\/div>\n<\/details>\n<details class=\"hf-accordion\">\n<summary><strong>\u25b6\ufe0f FAQ \u2013 H\u00e4ufige Fragen<\/strong><\/summary>\n<div class=\"hf-accordion-content\">\n<h3>FAQ (H\u00e4ufige Fragen und Antworten)<\/h3>\n<ol>\n<li><strong>Kann ich die Gr\u00f6\u00dfe der M\u00fctze umtauschen, falls sie nicht passt?<\/strong><br \/>\nEin Umtausch ist leider nicht m\u00f6glich. Bitte messen Sie vor der Bestellung genau Ihre Kopfgr\u00f6\u00dfe.<\/li>\n<li><strong>Wie lange dauert der Versand?<\/strong><br \/>\nDie M\u00fctze wird innerhalb weniger Tage ab Lager Schweiz versendet.<\/li>\n<li><strong>Wird die M\u00fctze nachhaltig produziert?<\/strong><br \/>\nJa, wir legen gro\u00dfen Wert auf Nachhaltigkeit und verwenden hochwertige Materialien. Die M\u00fctze wird in Italien von erfahrenen Handwerkern gefertigt.<\/li>\n<li><strong>Ist die Schieberm\u00fctze auch f\u00fcr w\u00e4rmere Tage geeignet?<\/strong><br \/>\nDank der hochwertigen Wollmischung ist die M\u00fctze ideal f\u00fcr k\u00fchlere Tage. F\u00fcr w\u00e4rmere Temperaturen empfehlen wir leichtere Modelle aus unserem Sortiment.<\/li>\n<li><strong>Wie pflege ich die M\u00fctze am besten?<\/strong><br \/>\nDie M\u00fctze sollte trocken gereinigt oder mit einem feuchten Tuch vorsichtig abgewischt werden, um ihre Form und Qualit\u00e4t zu erhalten.<\/li>\n<\/ol>\n<\/div>\n<\/details>\n<\/div>\n<\/div>","protected":false},"excerpt":{"rendered":"<h3><em>Einzigartiges Design f\u00fcr Individualisten<\/em><\/h3>\n<p>Unsere exklusive Schieberm\u00fctze mit Steg vereint Tradition und Stil in Perfektion. Gefertigt in einem traditionellen Handwerksbetrieb in Italien, zeichnet sich diese M\u00fctze durch ihre hochwertige Verarbeitung und den zeitlosen Charme aus. Ideal f\u00fcr stilbewusste M\u00e4nner, die Wert auf Qualit\u00e4t und Eleganz legen.<\/p>\n","protected":false},"featured_media":14380,"template":"","meta":{"_acf_changed":false,"rs_blank_template":"","rs_page_bg_color":"","slide_template_v7":""},"product_brand":[250],"product_cat":[551,387],"product_tag":[],"class_list":{"0":"post-14379","1":"product","2":"type-product","3":"status-publish","4":"has-post-thumbnail","6":"product_brand-risa-hutwerkstatt-schweiz","7":"product_cat-flatcaps-schiebermuetzen","8":"product_cat-wintermuetzen","9":"product_shipping_class-mittlere-pakete","10":"pa_color-mgrau","11":"pa_groesse-196","12":"pa_groesse-207","13":"pa_groesse-197","14":"pa_groesse-208","15":"pa_groesse-198","16":"pa_groesse-209","17":"pa_groesse-199","18":"pa_groesse-210","19":"yith_product_brand-risa-hutwerkstatt-schweiz","22":"instock","23":"taxable","24":"shipping-taxable","25":"purchasable","26":"product-type-variable","27":"wvs-archive-product-wrapper","28":"add-to-wishlist-after_add_to_cart"},"acf":[],"yoast_head":"<!-- This site is optimized with the Yoast SEO Premium plugin v27.3 (Yoast SEO v27.3) - https:\/\/yoast.com\/product\/yoast-seo-premium-wordpress\/ -->\n<title>Diese Schieberm\u00fctze kann universell im Winter getragen werden<\/title>\n<meta name=\"description\" content=\"Diese M\u00fctzen Kollektion ist ein Symbol f\u00fcr den eigenen Lifestyle gepaart mit traditionellem Handwerk \u0096 also eine stylishe M\u00fctze f\u00fcr jeden Anlass.\" \/>\n<meta name=\"robots\" content=\"index, follow, max-snippet:-1, max-image-preview:large, max-video-preview:-1\" \/>\n<link rel=\"canonical\" href=\"https:\/\/hutfactory.com\/?product=schiebermuetze-mit-steg\" \/>\n<meta property=\"og:locale\" content=\"de_DE\" \/>\n<meta property=\"og:type\" content=\"article\" \/>\n<meta property=\"og:title\" content=\"Schieberm\u00fctze mit Steg\" \/>\n<meta property=\"og:description\" content=\"Diese M\u00fctzen Kollektion ist ein Symbol f\u00fcr den eigenen Lifestyle gepaart mit traditionellem Handwerk \u0096 also eine stylishe M\u00fctze f\u00fcr jeden Anlass.\" \/>\n<meta property=\"og:url\" content=\"https:\/\/hutfactory.com\/?product=schiebermuetze-mit-steg\" \/>\n<meta property=\"og:site_name\" content=\"Hut Factory\" \/>\n<meta property=\"article:modified_time\" content=\"2026-03-01T17:16:27+00:00\" \/>\n<meta property=\"og:image\" content=\"https:\/\/hutfactory.com\/wp-content\/uploads\/2026\/03\/95410.1-e1601385327950-scaled-1.webp\" \/>\n\t<meta property=\"og:image:width\" content=\"750\" \/>\n\t<meta property=\"og:image:height\" content=\"750\" \/>\n\t<meta property=\"og:image:type\" content=\"image\/webp\" \/>\n<meta name=\"twitter:card\" content=\"summary_large_image\" \/>\n<meta name=\"twitter:label1\" content=\"Gesch\u00e4tzte Lesezeit\" \/>\n\t<meta name=\"twitter:data1\" content=\"2\u00a0Minuten\" \/>\n<script type=\"application\/ld+json\" class=\"yoast-schema-graph\">{\"@context\":\"https:\\\/\\\/schema.org\",\"@graph\":[{\"@type\":\"WebPage\",\"@id\":\"https:\\\/\\\/hutfactory.com\\\/?product=schiebermuetze-mit-steg\",\"url\":\"https:\\\/\\\/hutfactory.com\\\/?product=schiebermuetze-mit-steg\",\"name\":\"Diese Schieberm\u00fctze kann universell im Winter getragen werden\",\"isPartOf\":{\"@id\":\"https:\\\/\\\/hutfactory.com\\\/#website\"},\"primaryImageOfPage\":{\"@id\":\"https:\\\/\\\/hutfactory.com\\\/?product=schiebermuetze-mit-steg#primaryimage\"},\"image\":{\"@id\":\"https:\\\/\\\/hutfactory.com\\\/?product=schiebermuetze-mit-steg#primaryimage\"},\"thumbnailUrl\":\"https:\\\/\\\/hutfactory.com\\\/wp-content\\\/uploads\\\/2026\\\/03\\\/95410.1-e1601385327950-scaled-1.webp\",\"datePublished\":\"2026-03-01T17:15:44+00:00\",\"dateModified\":\"2026-03-01T17:16:27+00:00\",\"description\":\"Diese M\u00fctzen Kollektion ist ein Symbol f\u00fcr den eigenen Lifestyle gepaart mit traditionellem Handwerk \u0096 also eine stylishe M\u00fctze f\u00fcr jeden Anlass.\",\"breadcrumb\":{\"@id\":\"https:\\\/\\\/hutfactory.com\\\/?product=schiebermuetze-mit-steg#breadcrumb\"},\"inLanguage\":\"de\",\"potentialAction\":[{\"@type\":\"ReadAction\",\"target\":[\"https:\\\/\\\/hutfactory.com\\\/?product=schiebermuetze-mit-steg\"]}]},{\"@type\":\"ImageObject\",\"inLanguage\":\"de\",\"@id\":\"https:\\\/\\\/hutfactory.com\\\/?product=schiebermuetze-mit-steg#primaryimage\",\"url\":\"https:\\\/\\\/hutfactory.com\\\/wp-content\\\/uploads\\\/2026\\\/03\\\/95410.1-e1601385327950-scaled-1.webp\",\"contentUrl\":\"https:\\\/\\\/hutfactory.com\\\/wp-content\\\/uploads\\\/2026\\\/03\\\/95410.1-e1601385327950-scaled-1.webp\",\"width\":750,\"height\":750},{\"@type\":\"BreadcrumbList\",\"@id\":\"https:\\\/\\\/hutfactory.com\\\/?product=schiebermuetze-mit-steg#breadcrumb\",\"itemListElement\":[{\"@type\":\"ListItem\",\"position\":1,\"name\":\"Start\",\"item\":\"https:\\\/\\\/hutfactory.com\\\/\"},{\"@type\":\"ListItem\",\"position\":2,\"name\":\"Shop\",\"item\":\"https:\\\/\\\/hutfactory.com\\\/?page_id=10\"},{\"@type\":\"ListItem\",\"position\":3,\"name\":\"Schieberm\u00fctze mit Steg\"}]},{\"@type\":\"WebSite\",\"@id\":\"https:\\\/\\\/hutfactory.com\\\/#website\",\"url\":\"https:\\\/\\\/hutfactory.com\\\/\",\"name\":\"Hut Factory\",\"description\":\"H\u00fcte, Kappen &amp; M\u00fctzen in Top Swiss\\\/EU Qualit\u00e4t\",\"publisher\":{\"@id\":\"https:\\\/\\\/hutfactory.com\\\/#organization\"},\"alternateName\":\"Hut Shop\",\"potentialAction\":[{\"@type\":\"SearchAction\",\"target\":{\"@type\":\"EntryPoint\",\"urlTemplate\":\"https:\\\/\\\/hutfactory.com\\\/?s={search_term_string}\"},\"query-input\":{\"@type\":\"PropertyValueSpecification\",\"valueRequired\":true,\"valueName\":\"search_term_string\"}}],\"inLanguage\":\"de\"},{\"@type\":\"Organization\",\"@id\":\"https:\\\/\\\/hutfactory.com\\\/#organization\",\"name\":\"Hut Factory\",\"url\":\"https:\\\/\\\/hutfactory.com\\\/\",\"logo\":{\"@type\":\"ImageObject\",\"inLanguage\":\"de\",\"@id\":\"https:\\\/\\\/hutfactory.com\\\/#\\\/schema\\\/logo\\\/image\\\/\",\"url\":\"https:\\\/\\\/hutfactory.com\\\/wp-content\\\/uploads\\\/2026\\\/01\\\/Logo-hut-factory-1.webp\",\"contentUrl\":\"https:\\\/\\\/hutfactory.com\\\/wp-content\\\/uploads\\\/2026\\\/01\\\/Logo-hut-factory-1.webp\",\"width\":300,\"height\":262,\"caption\":\"Hut Factory\"},\"image\":{\"@id\":\"https:\\\/\\\/hutfactory.com\\\/#\\\/schema\\\/logo\\\/image\\\/\"}}]}<\/script>\n<!-- \/ Yoast SEO Premium plugin. -->","yoast_head_json":{"title":"Diese Schieberm\u00fctze kann universell im Winter getragen werden","description":"Diese M\u00fctzen Kollektion ist ein Symbol f\u00fcr den eigenen Lifestyle gepaart mit traditionellem Handwerk \u0096 also eine stylishe M\u00fctze f\u00fcr jeden Anlass.","robots":{"index":"index","follow":"follow","max-snippet":"max-snippet:-1","max-image-preview":"max-image-preview:large","max-video-preview":"max-video-preview:-1"},"canonical":"https:\/\/hutfactory.com\/?product=schiebermuetze-mit-steg","og_locale":"de_DE","og_type":"article","og_title":"Schieberm\u00fctze mit Steg","og_description":"Diese M\u00fctzen Kollektion ist ein Symbol f\u00fcr den eigenen Lifestyle gepaart mit traditionellem Handwerk \u0096 also eine stylishe M\u00fctze f\u00fcr jeden Anlass.","og_url":"https:\/\/hutfactory.com\/?product=schiebermuetze-mit-steg","og_site_name":"Hut Factory","article_modified_time":"2026-03-01T17:16:27+00:00","og_image":[{"width":750,"height":750,"url":"https:\/\/hutfactory.com\/wp-content\/uploads\/2026\/03\/95410.1-e1601385327950-scaled-1.webp","type":"image\/webp"}],"twitter_card":"summary_large_image","twitter_misc":{"Gesch\u00e4tzte Lesezeit":"2\u00a0Minuten"},"schema":{"@context":"https:\/\/schema.org","@graph":[{"@type":"WebPage","@id":"https:\/\/hutfactory.com\/?product=schiebermuetze-mit-steg","url":"https:\/\/hutfactory.com\/?product=schiebermuetze-mit-steg","name":"Diese Schieberm\u00fctze kann universell im Winter getragen werden","isPartOf":{"@id":"https:\/\/hutfactory.com\/#website"},"primaryImageOfPage":{"@id":"https:\/\/hutfactory.com\/?product=schiebermuetze-mit-steg#primaryimage"},"image":{"@id":"https:\/\/hutfactory.com\/?product=schiebermuetze-mit-steg#primaryimage"},"thumbnailUrl":"https:\/\/hutfactory.com\/wp-content\/uploads\/2026\/03\/95410.1-e1601385327950-scaled-1.webp","datePublished":"2026-03-01T17:15:44+00:00","dateModified":"2026-03-01T17:16:27+00:00","description":"Diese M\u00fctzen Kollektion ist ein Symbol f\u00fcr den eigenen Lifestyle gepaart mit traditionellem Handwerk \u0096 also eine stylishe M\u00fctze f\u00fcr jeden Anlass.","breadcrumb":{"@id":"https:\/\/hutfactory.com\/?product=schiebermuetze-mit-steg#breadcrumb"},"inLanguage":"de","potentialAction":[{"@type":"ReadAction","target":["https:\/\/hutfactory.com\/?product=schiebermuetze-mit-steg"]}]},{"@type":"ImageObject","inLanguage":"de","@id":"https:\/\/hutfactory.com\/?product=schiebermuetze-mit-steg#primaryimage","url":"https:\/\/hutfactory.com\/wp-content\/uploads\/2026\/03\/95410.1-e1601385327950-scaled-1.webp","contentUrl":"https:\/\/hutfactory.com\/wp-content\/uploads\/2026\/03\/95410.1-e1601385327950-scaled-1.webp","width":750,"height":750},{"@type":"BreadcrumbList","@id":"https:\/\/hutfactory.com\/?product=schiebermuetze-mit-steg#breadcrumb","itemListElement":[{"@type":"ListItem","position":1,"name":"Start","item":"https:\/\/hutfactory.com\/"},{"@type":"ListItem","position":2,"name":"Shop","item":"https:\/\/hutfactory.com\/?page_id=10"},{"@type":"ListItem","position":3,"name":"Schieberm\u00fctze mit Steg"}]},{"@type":"WebSite","@id":"https:\/\/hutfactory.com\/#website","url":"https:\/\/hutfactory.com\/","name":"Hut Factory","description":"H\u00fcte, Kappen &amp; M\u00fctzen in Top Swiss\/EU Qualit\u00e4t","publisher":{"@id":"https:\/\/hutfactory.com\/#organization"},"alternateName":"Hut Shop","potentialAction":[{"@type":"SearchAction","target":{"@type":"EntryPoint","urlTemplate":"https:\/\/hutfactory.com\/?s={search_term_string}"},"query-input":{"@type":"PropertyValueSpecification","valueRequired":true,"valueName":"search_term_string"}}],"inLanguage":"de"},{"@type":"Organization","@id":"https:\/\/hutfactory.com\/#organization","name":"Hut Factory","url":"https:\/\/hutfactory.com\/","logo":{"@type":"ImageObject","inLanguage":"de","@id":"https:\/\/hutfactory.com\/#\/schema\/logo\/image\/","url":"https:\/\/hutfactory.com\/wp-content\/uploads\/2026\/01\/Logo-hut-factory-1.webp","contentUrl":"https:\/\/hutfactory.com\/wp-content\/uploads\/2026\/01\/Logo-hut-factory-1.webp","width":300,"height":262,"caption":"Hut Factory"},"image":{"@id":"https:\/\/hutfactory.com\/#\/schema\/logo\/image\/"}}]}},"_links":{"self":[{"href":"https:\/\/hutfactory.com\/index.php?rest_route=\/wp\/v2\/product\/14379","targetHints":{"allow":["GET"]}}],"collection":[{"href":"https:\/\/hutfactory.com\/index.php?rest_route=\/wp\/v2\/product"}],"about":[{"href":"https:\/\/hutfactory.com\/index.php?rest_route=\/wp\/v2\/types\/product"}],"wp:featuredmedia":[{"embeddable":true,"href":"https:\/\/hutfactory.com\/index.php?rest_route=\/wp\/v2\/media\/14380"}],"wp:attachment":[{"href":"https:\/\/hutfactory.com\/index.php?rest_route=%2Fwp%2Fv2%2Fmedia&parent=14379"}],"wp:term":[{"taxonomy":"product_brand","embeddable":true,"href":"https:\/\/hutfactory.com\/index.php?rest_route=%2Fwp%2Fv2%2Fproduct_brand&post=14379"},{"taxonomy":"product_cat","embeddable":true,"href":"https:\/\/hutfactory.com\/index.php?rest_route=%2Fwp%2Fv2%2Fproduct_cat&post=14379"},{"taxonomy":"product_tag","embeddable":true,"href":"https:\/\/hutfactory.com\/index.php?rest_route=%2Fwp%2Fv2%2Fproduct_tag&post=14379"}],"curies":[{"name":"wp","href":"https:\/\/api.w.org\/{rel}","templated":true}]}}