{"id":14246,"date":"2026-03-01T17:13:18","date_gmt":"2026-03-01T17:13:18","guid":{"rendered":"https:\/\/hutfactory.com\/?product=schiebermuetze-mit-fischgraetmuster"},"modified":"2026-03-01T17:16:02","modified_gmt":"2026-03-01T17:16:02","slug":"schiebermuetze-mit-fischgraetmuster","status":"publish","type":"product","link":"https:\/\/hutfactory.com\/?product=schiebermuetze-mit-fischgraetmuster","title":{"rendered":"Schieberm\u00fctze mit Fischgr\u00e4tmuster"},"content":{"rendered":"<div class=\"wpb-content-wrapper\"><p>[vc_row][vc_column][vc_column_text]<\/p>\n<div class=\"flex-1 overflow-hidden\">\n<div class=\"react-scroll-to-bottom--css-zvkfd-79elbk h-full dark:bg-gray-800\">\n<div class=\"react-scroll-to-bottom--css-zvkfd-1n7m0yu\">\n<div class=\"flex flex-col text-sm dark:bg-gray-800\">\n<div class=\"group w-full text-token-text-primary border-b border-black\/10 dark:border-gray-900\/50 dark:bg-gray-800\" data-testid=\"conversation-turn-62\">\n<div class=\"p-4 justify-center text-base md:gap-6 md:py-6 m-auto\">\n<div class=\"flex flex-1 gap-4 text-base mx-auto md:gap-6 md:max-w-2xl lg:max-w-[38rem] xl:max-w-3xl }\">\n<div class=\"relative flex w-[calc(100%-50px)] flex-col gap-1 md:gap-3 lg:w-[calc(100%-115px)]\">\n<div class=\"flex flex-grow flex-col gap-3 max-w-full\">\n<div class=\"min-h-[20px] flex flex-col items-start gap-3 overflow-x-auto whitespace-pre-wrap break-words\">\n<p><strong>Fischgr\u00e4tmuster Schieberm\u00fctze &#8211; Ihr Styling-Highlight f\u00fcr Herbst und Winter!<\/strong><\/p>\n<p>In der kalten Jahreszeit m\u00f6chten Sie nicht nur warm, sondern auch absolut stylisch unterwegs sein. Unsere Fischgr\u00e4tmuster Schieberm\u00fctze ist Ihr modisches Highlight f\u00fcr den Herbst und Winter!<\/p>\n<p><em>Einzigartiges Design f\u00fcr Individualisten<\/em><\/p>\n<p>Diese M\u00fctze besticht durch ihr einzigartiges Fischgr\u00e4tmuster in Bordeaux, Dunkelgr\u00fcn oder Hellgrau. Das farblich abgestimmte Design wird Fashionfans in diesem Winter mit seiner luftig-leichten Performance begeistern. Sie ist nicht nur eine M\u00fctze, sondern ein Statement f\u00fcr Ihren individuellen Lifestyle, gepaart mit traditionellem Handwerk. Egal, ob Sie an einem sonnigen Wintertag im Freien unterwegs sind oder den Abend mit Freunden in der angesagtesten Bar der Stadt verbringen \u0096 diese M\u00fctze zieht bewundernde Blicke auf sich.<\/p>\n<p><em>Komfort und Stil in Perfektion<\/em><\/p>\n<p>Die Fischgr\u00e4tmuster Schieberm\u00fctze ist nicht nur ein Hingucker, sondern auch unglaublich bequem und sicher. Sie h\u00e4lt Ihren Kopf warm, ohne dass Ihnen zu hei\u00df wird, und passt sich dank ihrer hochwertigen Materialien angenehm an. Sie k\u00f6nnen sie den ganzen Tag tragen, ohne ein unangenehmes Druckgef\u00fchl zu versp\u00fcren. Diese M\u00fctze ist nicht nur bequem, sondern auch \u00e4u\u00dferst modisch und attraktiv, damit Sie gerne gesehen werden.<\/p>\n<p><strong>Setzen Sie ein Statement f\u00fcr Stil und W\u00e4rme in dieser Saison. Bestellen Sie noch heute Ihre Fischgr\u00e4tmuster Schieberm\u00fctze in Ihrer Lieblingsfarbe und erleben Sie, wie sie Ihr Outfit auf ein neues Level hebt.\u00a0<\/strong><\/p>\n<\/div>\n<\/div>\n<\/div>\n<\/div>\n<\/div>\n<\/div>\n<\/div>\n<\/div>\n<\/div>\n<\/div>\n<p>[\/vc_column_text][\/vc_column][\/vc_row]<\/p>\n<div class=\"hf-accordions\">\n<hr class=\"hf-accordion-separator\" \/>\n<details class=\"hf-accordion\">\n<summary><strong>\u25b6\ufe0f Gut zu wissen \u2013 mehr erfahren<\/strong><\/summary>\n<div class=\"hf-accordion-content\">\n<h3>Wichtige Produktdetails<\/h3>\n<ul>\n<li><strong>Material &#038; Design:<\/strong>\n<ul>\n<li>Materialzusammensetzung: 70% WO \/ 30% PL<\/li>\n<li>Farben: Bordeaux, Dunkelgr\u00fcn, Hellgrau<\/li>\n<li>Gr\u00f6\u00dfe: 55-62<\/li>\n<li>Garnitur: Klassisches Design mit modernen Akzenten<\/li>\n<li>Schwei\u00dfband: Komfortabel und atmungsaktiv<\/li>\n<\/ul>\n<\/li>\n<li><strong>Handwerkskunst &#038; Exklusivit\u00e4t:<\/strong>\n<ul>\n<li>Handarbeit: Jede M\u00fctze wird in Italien von Hand gefertigt<\/li>\n<li>Tradition und Erfahrung: Jahrzehntelange Handwerkskunst in jedem Detail<\/li>\n<li>Limitierte Auflage: Exklusive Herstellung in kleiner St\u00fcckzahl<\/li>\n<\/ul>\n<\/li>\n<li><strong>Herstellung:<\/strong>\n<ul>\n<li>Produktionsort: Italien<\/li>\n<li>Hersteller: In Zusammenarbeit mit der Risa Hutwerkstatt<\/li>\n<li>Herstellungszeit: Individuelle Fertigung nach Bestellung zur Vermeidung von \u00dcberproduktion<\/li>\n<\/ul>\n<\/li>\n<li><strong>Lieferbedingungen:<\/strong>\n<ul>\n<li>Versand: Innerhalb weniger Tage nach Zahlungseingang ab Lager Schweiz<\/li>\n<li>Garantie: Umtausch nur bei Material- oder Herstellungsfehlern<\/li>\n<li>Verf\u00fcgbarkeit: Limitierte Auflage \u0096 fr\u00fchzeitige Bestellung empfohlen<\/li>\n<\/ul>\n<\/li>\n<\/ul>\n<\/div>\n<\/details>\n<details class=\"hf-accordion\">\n<summary><strong>\u25b6\ufe0f FAQ \u2013 H\u00e4ufige Fragen<\/strong><\/summary>\n<div class=\"hf-accordion-content\">\n<h3>FAQ \u0096 H\u00e4ufige Fragen<\/h3>\n<ol>\n<li><strong>Wie finde ich die richtige Gr\u00f6\u00dfe?<\/strong>\n<ul>\n<li>Messen Sie den Umfang Ihres Kopfes an der breitesten Stelle, um die passende Gr\u00f6\u00dfe zu ermitteln. Diese M\u00fctze ist in den Gr\u00f6\u00dfen 55-62 erh\u00e4ltlich.<\/li>\n<\/ul>\n<\/li>\n<li><strong>Kann ich die M\u00fctze umtauschen, wenn sie nicht passt?<\/strong>\n<ul>\n<li>Ein Umtausch ist nur bei Material- oder Herstellungsfehlern m\u00f6glich. Bitte achten Sie daher vor der Bestellung auf die richtige Gr\u00f6\u00dfe.<\/li>\n<\/ul>\n<\/li>\n<li><strong>Wie lange dauert der Versand?<\/strong>\n<ul>\n<li>Der Versand erfolgt innerhalb weniger Tage nach Zahlungseingang aus unserem Lager in der Schweiz.<\/li>\n<\/ul>\n<\/li>\n<li><strong>Warum wird die M\u00fctze limitiert produziert?<\/strong>\n<ul>\n<li>Jede M\u00fctze wird in einer limitierten Auflage gefertigt, um Exklusivit\u00e4t und h\u00f6chste Qualit\u00e4t zu gew\u00e4hrleisten.<\/li>\n<\/ul>\n<\/li>\n<li><strong>Ist die M\u00fctze umweltfreundlich produziert?<\/strong>\n<ul>\n<li>Ja, jede M\u00fctze wird nach Bestellung gefertigt, um \u00dcberproduktion zu vermeiden und Ressourcen zu schonen.<\/li>\n<\/ul>\n<\/li>\n<\/ol>\n<\/div>\n<\/details>\n<\/div>\n<\/div>","protected":false},"excerpt":{"rendered":"<p>Diese modische Schieberm\u00fctze kann universell getragen werden, aber f\u00fcr diejenigen, die an einem besonders k\u00fchlen Herbst- oder Wintertag spazieren gehen m\u00f6chten, ist diese Schieberm\u00fctze einfach perfekt! Das coole, Fischgrat Design der M\u00fctze \u00fcberzeugt Fashionfans in diesem Winter mit der luftig-leichten Performance. Diese M\u00fctzen Kollektion ist ein Symbol f\u00fcr den eigenen Lifestyle gepaart mit traditionellem Handwerk \u0096 also eine stylishe M\u00fctze f\u00fcr jeden Anlass. Ob an einem sonnigen Wintertag im Freien oder am Abend mit Freunden an der angesagtesten Bar, diese M\u00fctze macht was her.<\/p>\n","protected":false},"featured_media":14247,"template":"","meta":{"_acf_changed":false,"rs_blank_template":"","rs_page_bg_color":"","slide_template_v7":""},"product_brand":[250],"product_cat":[551,387],"product_tag":[],"class_list":{"0":"post-14246","1":"product","2":"type-product","3":"status-publish","4":"has-post-thumbnail","6":"product_brand-risa-hutwerkstatt-schweiz","7":"product_cat-flatcaps-schiebermuetzen","8":"product_cat-wintermuetzen","9":"product_shipping_class-mittlere-pakete","10":"pa_color-bordeaux","11":"pa_color-dgruen","12":"pa_groesse-196","13":"pa_groesse-207","14":"pa_groesse-197","15":"pa_groesse-208","16":"pa_groesse-198","17":"pa_groesse-209","18":"pa_groesse-199","19":"pa_groesse-210","20":"yith_product_brand-risa-hutwerkstatt-schweiz","23":"instock","24":"taxable","25":"shipping-taxable","26":"purchasable","27":"product-type-variable","28":"wvs-archive-product-wrapper","29":"add-to-wishlist-after_add_to_cart"},"acf":[],"yoast_head":"<!-- This site is optimized with the Yoast SEO Premium plugin v27.3 (Yoast SEO v27.3) - https:\/\/yoast.com\/product\/yoast-seo-premium-wordpress\/ -->\n<title>Diese modische Schieberm\u00fctze kann universell getragen werden,<\/title>\n<meta name=\"description\" content=\"Das coole, Fischgrat Design der M\u00fctze \u00fcberzeugt Fashionfans in diesem Winter mit der luftig-leichten Performance.\" \/>\n<meta name=\"robots\" content=\"index, follow, max-snippet:-1, max-image-preview:large, max-video-preview:-1\" \/>\n<link rel=\"canonical\" href=\"https:\/\/hutfactory.com\/?product=schiebermuetze-mit-fischgraetmuster\" \/>\n<meta property=\"og:locale\" content=\"de_DE\" \/>\n<meta property=\"og:type\" content=\"article\" \/>\n<meta property=\"og:title\" content=\"Schieberm\u00fctze mit Fischgr\u00e4tmuster\" \/>\n<meta property=\"og:description\" content=\"Das coole, Fischgrat Design der M\u00fctze \u00fcberzeugt Fashionfans in diesem Winter mit der luftig-leichten Performance.\" \/>\n<meta property=\"og:url\" content=\"https:\/\/hutfactory.com\/?product=schiebermuetze-mit-fischgraetmuster\" \/>\n<meta property=\"og:site_name\" content=\"Hut Factory\" \/>\n<meta property=\"article:modified_time\" content=\"2026-03-01T17:16:02+00:00\" \/>\n<meta property=\"og:image\" content=\"https:\/\/hutfactory.com\/wp-content\/uploads\/2026\/03\/96760.alle_.webp\" \/>\n\t<meta property=\"og:image:width\" content=\"750\" \/>\n\t<meta property=\"og:image:height\" content=\"750\" \/>\n\t<meta property=\"og:image:type\" content=\"image\/webp\" \/>\n<meta name=\"twitter:card\" content=\"summary_large_image\" \/>\n<meta name=\"twitter:label1\" content=\"Gesch\u00e4tzte Lesezeit\" \/>\n\t<meta name=\"twitter:data1\" content=\"3\u00a0Minuten\" \/>\n<script type=\"application\/ld+json\" class=\"yoast-schema-graph\">{\"@context\":\"https:\\\/\\\/schema.org\",\"@graph\":[{\"@type\":\"WebPage\",\"@id\":\"https:\\\/\\\/hutfactory.com\\\/?product=schiebermuetze-mit-fischgraetmuster\",\"url\":\"https:\\\/\\\/hutfactory.com\\\/?product=schiebermuetze-mit-fischgraetmuster\",\"name\":\"Diese modische Schieberm\u00fctze kann universell getragen werden,\",\"isPartOf\":{\"@id\":\"https:\\\/\\\/hutfactory.com\\\/#website\"},\"primaryImageOfPage\":{\"@id\":\"https:\\\/\\\/hutfactory.com\\\/?product=schiebermuetze-mit-fischgraetmuster#primaryimage\"},\"image\":{\"@id\":\"https:\\\/\\\/hutfactory.com\\\/?product=schiebermuetze-mit-fischgraetmuster#primaryimage\"},\"thumbnailUrl\":\"https:\\\/\\\/hutfactory.com\\\/wp-content\\\/uploads\\\/2026\\\/03\\\/96760.alle_.webp\",\"datePublished\":\"2026-03-01T17:13:18+00:00\",\"dateModified\":\"2026-03-01T17:16:02+00:00\",\"description\":\"Das coole, Fischgrat Design der M\u00fctze \u00fcberzeugt Fashionfans in diesem Winter mit der luftig-leichten Performance.\",\"breadcrumb\":{\"@id\":\"https:\\\/\\\/hutfactory.com\\\/?product=schiebermuetze-mit-fischgraetmuster#breadcrumb\"},\"inLanguage\":\"de\",\"potentialAction\":[{\"@type\":\"ReadAction\",\"target\":[\"https:\\\/\\\/hutfactory.com\\\/?product=schiebermuetze-mit-fischgraetmuster\"]}]},{\"@type\":\"ImageObject\",\"inLanguage\":\"de\",\"@id\":\"https:\\\/\\\/hutfactory.com\\\/?product=schiebermuetze-mit-fischgraetmuster#primaryimage\",\"url\":\"https:\\\/\\\/hutfactory.com\\\/wp-content\\\/uploads\\\/2026\\\/03\\\/96760.alle_.webp\",\"contentUrl\":\"https:\\\/\\\/hutfactory.com\\\/wp-content\\\/uploads\\\/2026\\\/03\\\/96760.alle_.webp\",\"width\":750,\"height\":750,\"caption\":\"|||\"},{\"@type\":\"BreadcrumbList\",\"@id\":\"https:\\\/\\\/hutfactory.com\\\/?product=schiebermuetze-mit-fischgraetmuster#breadcrumb\",\"itemListElement\":[{\"@type\":\"ListItem\",\"position\":1,\"name\":\"Start\",\"item\":\"https:\\\/\\\/hutfactory.com\\\/\"},{\"@type\":\"ListItem\",\"position\":2,\"name\":\"Shop\",\"item\":\"https:\\\/\\\/hutfactory.com\\\/?page_id=10\"},{\"@type\":\"ListItem\",\"position\":3,\"name\":\"Schieberm\u00fctze mit Fischgr\u00e4tmuster\"}]},{\"@type\":\"WebSite\",\"@id\":\"https:\\\/\\\/hutfactory.com\\\/#website\",\"url\":\"https:\\\/\\\/hutfactory.com\\\/\",\"name\":\"Hut Factory\",\"description\":\"H\u00fcte, Kappen &amp; M\u00fctzen in Top Swiss\\\/EU Qualit\u00e4t\",\"publisher\":{\"@id\":\"https:\\\/\\\/hutfactory.com\\\/#organization\"},\"alternateName\":\"Hut Shop\",\"potentialAction\":[{\"@type\":\"SearchAction\",\"target\":{\"@type\":\"EntryPoint\",\"urlTemplate\":\"https:\\\/\\\/hutfactory.com\\\/?s={search_term_string}\"},\"query-input\":{\"@type\":\"PropertyValueSpecification\",\"valueRequired\":true,\"valueName\":\"search_term_string\"}}],\"inLanguage\":\"de\"},{\"@type\":\"Organization\",\"@id\":\"https:\\\/\\\/hutfactory.com\\\/#organization\",\"name\":\"Hut Factory\",\"url\":\"https:\\\/\\\/hutfactory.com\\\/\",\"logo\":{\"@type\":\"ImageObject\",\"inLanguage\":\"de\",\"@id\":\"https:\\\/\\\/hutfactory.com\\\/#\\\/schema\\\/logo\\\/image\\\/\",\"url\":\"https:\\\/\\\/hutfactory.com\\\/wp-content\\\/uploads\\\/2026\\\/01\\\/Logo-hut-factory-1.webp\",\"contentUrl\":\"https:\\\/\\\/hutfactory.com\\\/wp-content\\\/uploads\\\/2026\\\/01\\\/Logo-hut-factory-1.webp\",\"width\":300,\"height\":262,\"caption\":\"Hut Factory\"},\"image\":{\"@id\":\"https:\\\/\\\/hutfactory.com\\\/#\\\/schema\\\/logo\\\/image\\\/\"}}]}<\/script>\n<!-- \/ Yoast SEO Premium plugin. -->","yoast_head_json":{"title":"Diese modische Schieberm\u00fctze kann universell getragen werden,","description":"Das coole, Fischgrat Design der M\u00fctze \u00fcberzeugt Fashionfans in diesem Winter mit der luftig-leichten Performance.","robots":{"index":"index","follow":"follow","max-snippet":"max-snippet:-1","max-image-preview":"max-image-preview:large","max-video-preview":"max-video-preview:-1"},"canonical":"https:\/\/hutfactory.com\/?product=schiebermuetze-mit-fischgraetmuster","og_locale":"de_DE","og_type":"article","og_title":"Schieberm\u00fctze mit Fischgr\u00e4tmuster","og_description":"Das coole, Fischgrat Design der M\u00fctze \u00fcberzeugt Fashionfans in diesem Winter mit der luftig-leichten Performance.","og_url":"https:\/\/hutfactory.com\/?product=schiebermuetze-mit-fischgraetmuster","og_site_name":"Hut Factory","article_modified_time":"2026-03-01T17:16:02+00:00","og_image":[{"width":750,"height":750,"url":"https:\/\/hutfactory.com\/wp-content\/uploads\/2026\/03\/96760.alle_.webp","type":"image\/webp"}],"twitter_card":"summary_large_image","twitter_misc":{"Gesch\u00e4tzte Lesezeit":"3\u00a0Minuten"},"schema":{"@context":"https:\/\/schema.org","@graph":[{"@type":"WebPage","@id":"https:\/\/hutfactory.com\/?product=schiebermuetze-mit-fischgraetmuster","url":"https:\/\/hutfactory.com\/?product=schiebermuetze-mit-fischgraetmuster","name":"Diese modische Schieberm\u00fctze kann universell getragen werden,","isPartOf":{"@id":"https:\/\/hutfactory.com\/#website"},"primaryImageOfPage":{"@id":"https:\/\/hutfactory.com\/?product=schiebermuetze-mit-fischgraetmuster#primaryimage"},"image":{"@id":"https:\/\/hutfactory.com\/?product=schiebermuetze-mit-fischgraetmuster#primaryimage"},"thumbnailUrl":"https:\/\/hutfactory.com\/wp-content\/uploads\/2026\/03\/96760.alle_.webp","datePublished":"2026-03-01T17:13:18+00:00","dateModified":"2026-03-01T17:16:02+00:00","description":"Das coole, Fischgrat Design der M\u00fctze \u00fcberzeugt Fashionfans in diesem Winter mit der luftig-leichten Performance.","breadcrumb":{"@id":"https:\/\/hutfactory.com\/?product=schiebermuetze-mit-fischgraetmuster#breadcrumb"},"inLanguage":"de","potentialAction":[{"@type":"ReadAction","target":["https:\/\/hutfactory.com\/?product=schiebermuetze-mit-fischgraetmuster"]}]},{"@type":"ImageObject","inLanguage":"de","@id":"https:\/\/hutfactory.com\/?product=schiebermuetze-mit-fischgraetmuster#primaryimage","url":"https:\/\/hutfactory.com\/wp-content\/uploads\/2026\/03\/96760.alle_.webp","contentUrl":"https:\/\/hutfactory.com\/wp-content\/uploads\/2026\/03\/96760.alle_.webp","width":750,"height":750,"caption":"|||"},{"@type":"BreadcrumbList","@id":"https:\/\/hutfactory.com\/?product=schiebermuetze-mit-fischgraetmuster#breadcrumb","itemListElement":[{"@type":"ListItem","position":1,"name":"Start","item":"https:\/\/hutfactory.com\/"},{"@type":"ListItem","position":2,"name":"Shop","item":"https:\/\/hutfactory.com\/?page_id=10"},{"@type":"ListItem","position":3,"name":"Schieberm\u00fctze mit Fischgr\u00e4tmuster"}]},{"@type":"WebSite","@id":"https:\/\/hutfactory.com\/#website","url":"https:\/\/hutfactory.com\/","name":"Hut Factory","description":"H\u00fcte, Kappen &amp; M\u00fctzen in Top Swiss\/EU Qualit\u00e4t","publisher":{"@id":"https:\/\/hutfactory.com\/#organization"},"alternateName":"Hut Shop","potentialAction":[{"@type":"SearchAction","target":{"@type":"EntryPoint","urlTemplate":"https:\/\/hutfactory.com\/?s={search_term_string}"},"query-input":{"@type":"PropertyValueSpecification","valueRequired":true,"valueName":"search_term_string"}}],"inLanguage":"de"},{"@type":"Organization","@id":"https:\/\/hutfactory.com\/#organization","name":"Hut Factory","url":"https:\/\/hutfactory.com\/","logo":{"@type":"ImageObject","inLanguage":"de","@id":"https:\/\/hutfactory.com\/#\/schema\/logo\/image\/","url":"https:\/\/hutfactory.com\/wp-content\/uploads\/2026\/01\/Logo-hut-factory-1.webp","contentUrl":"https:\/\/hutfactory.com\/wp-content\/uploads\/2026\/01\/Logo-hut-factory-1.webp","width":300,"height":262,"caption":"Hut Factory"},"image":{"@id":"https:\/\/hutfactory.com\/#\/schema\/logo\/image\/"}}]}},"_links":{"self":[{"href":"https:\/\/hutfactory.com\/index.php?rest_route=\/wp\/v2\/product\/14246","targetHints":{"allow":["GET"]}}],"collection":[{"href":"https:\/\/hutfactory.com\/index.php?rest_route=\/wp\/v2\/product"}],"about":[{"href":"https:\/\/hutfactory.com\/index.php?rest_route=\/wp\/v2\/types\/product"}],"wp:featuredmedia":[{"embeddable":true,"href":"https:\/\/hutfactory.com\/index.php?rest_route=\/wp\/v2\/media\/14247"}],"wp:attachment":[{"href":"https:\/\/hutfactory.com\/index.php?rest_route=%2Fwp%2Fv2%2Fmedia&parent=14246"}],"wp:term":[{"taxonomy":"product_brand","embeddable":true,"href":"https:\/\/hutfactory.com\/index.php?rest_route=%2Fwp%2Fv2%2Fproduct_brand&post=14246"},{"taxonomy":"product_cat","embeddable":true,"href":"https:\/\/hutfactory.com\/index.php?rest_route=%2Fwp%2Fv2%2Fproduct_cat&post=14246"},{"taxonomy":"product_tag","embeddable":true,"href":"https:\/\/hutfactory.com\/index.php?rest_route=%2Fwp%2Fv2%2Fproduct_tag&post=14246"}],"curies":[{"name":"wp","href":"https:\/\/api.w.org\/{rel}","templated":true}]}}