{"id":14231,"date":"2026-03-01T17:13:18","date_gmt":"2026-03-01T17:13:18","guid":{"rendered":"https:\/\/hutfactory.com\/?product=paperboy-mit-steg-pure-wool"},"modified":"2026-03-01T17:14:56","modified_gmt":"2026-03-01T17:14:56","slug":"paperboy-mit-steg-pure-wool","status":"publish","type":"product","link":"https:\/\/hutfactory.com\/?product=paperboy-mit-steg-pure-wool","title":{"rendered":"Paperboy mit Steg Pure Wool"},"content":{"rendered":"<div class=\"wpb-content-wrapper\"><p>[vc_row][vc_column][vc_column_text css=&#8221;&#8221;]Diese klassische Paperboy-M\u00fctze in Braunt\u00f6nen ist der ideale Begleiter f\u00fcr die k\u00e4lteren Jahreszeiten. Ihr dezentes Muster und die angenehme Farbgebung passen zu einer Vielzahl von Herbst- und Winteroutfits. Dank der hochwertigen Wollmischung sch\u00fctzt die M\u00fctze zuverl\u00e4ssig vor K\u00e4lte, w\u00e4hrend ihre weiche Textur f\u00fcr einen hohen Tragekomfort sorgt.<\/p>\n<p>Jede M\u00fctze wird in einem traditionellen Handwerksbetrieb in Italien individuell von Hand gefertigt, was ihr eine besondere Exklusivit\u00e4t verleiht. Durch die hohe Qualit\u00e4t der Verarbeitung und die verwendeten Materialien ist sie nicht nur modisch, sondern auch besonders langlebig. Die M\u00fctze ist in Gr\u00f6\u00dfen von 55 bis 61 erh\u00e4ltlich und passt sich optimal an die Kopfform an. Mit ihrer limitierten Auflage unterstreicht sie ihre Exklusivit\u00e4t und hebt sich von der Massenware ab.[\/vc_column_text][\/vc_column][\/vc_row]<\/p>\n<div class=\"hf-accordions\">\n<hr class=\"hf-accordion-separator\" \/>\n<details class=\"hf-accordion\">\n<summary><strong>\u25b6\ufe0f Gut zu wissen \u2013 mehr erfahren<\/strong><\/summary>\n<div class=\"hf-accordion-content\"><strong>Wichtige Produktdetails<\/strong><\/p>\n<ul>\n<li><strong>Materialzusammensetzung:<\/strong>\u00a0100% Wolle<\/li>\n<li><strong>Muster:<\/strong>\u00a0Punktmuster<\/li>\n<li><strong>Farben:<\/strong>\u00a0Braun<\/li>\n<li><strong>Gr\u00f6\u00dfen:<\/strong>\u00a055 \u0096 61<\/li>\n<li><strong>Handwerkskunst:<\/strong>\u00a0Handgefertigt in Italien<\/li>\n<li><strong>Limitierte Auflage:<\/strong>\u00a0Ja<\/li>\n<li><strong>Versand:<\/strong>\u00a0Innerhalb weniger Tage ab Lager Schweiz nach Zahlungseingang<\/li>\n<li><strong>Garantie:<\/strong>\u00a0Umtausch nur bei Material- oder Herstellungsfehlern<\/li>\n<li><strong>Verf\u00fcgbarkeit:<\/strong>\u00a0Limitierte Auflage \u0096 eine fr\u00fchzeitige Bestellung wird empfohlen<\/li>\n<\/ul>\n<\/div>\n<\/details>\n<details class=\"hf-accordion\">\n<summary><strong>\u25b6\ufe0f FAQ \u2013 H\u00e4ufige Fragen<\/strong><\/summary>\n<div class=\"hf-accordion-content\"><strong>FAQ \u0096 H\u00e4ufig gestellte Fragen<\/strong><\/p>\n<ol>\n<li><strong>Welche Gr\u00f6\u00dfen sind erh\u00e4ltlich?<\/strong><br \/>\nDie M\u00fctze ist in den Gr\u00f6\u00dfen 55 bis 61 verf\u00fcgbar.<\/li>\n<li><strong>Kann ich die M\u00fctze umtauschen, wenn sie nicht passt?<\/strong><br \/>\nEin Umtausch ist nur bei Material- oder Herstellungsfehlern m\u00f6glich. Bitte pr\u00fcfen Sie die Gr\u00f6\u00dfenangaben sorgf\u00e4ltig vor der Bestellung.<\/li>\n<li><strong>Wie pflege ich die M\u00fctze richtig?<\/strong><br \/>\nF\u00fcr die beste Pflege empfehlen wir eine schonende Handw\u00e4sche oder eine professionelle Reinigung.<\/li>\n<li><strong>Wie lange dauert der Versand?<\/strong><br \/>\nDer Versand erfolgt innerhalb weniger Tage ab Lager Schweiz nach Zahlungseingang.<\/li>\n<\/ol>\n<\/div>\n<\/details>\n<\/div>\n<\/div>","protected":false},"excerpt":{"rendered":"<h3>Handgefertigt aus 100% Wolle<\/h3>\n<p>Diese Paperboy-M\u00fctze f\u00fcr den Herbst und Winter kombiniert ein traditionelles Design mit modernen Akzenten. Ihr fein gewebtes Muster in Braunt\u00f6nen verleiht ihr eine subtile, aber dennoch stilvolle Ausstrahlung. Die Farbgebung ist perfekt auf die herbstlichen und winterlichen Monate abgestimmt, was sie zu einem vielseitigen Accessoire f\u00fcr unterschiedliche Outfits macht. Gefertigt aus einer hochwertigen Wollmischung, bietet die M\u00fctze nicht nur Schutz vor k\u00fchlen Temperaturen, sondern auch ein angenehmes Tragegef\u00fchl.<\/p>\n","protected":false},"featured_media":14232,"template":"","meta":{"_acf_changed":false,"rs_blank_template":"","rs_page_bg_color":"","slide_template_v7":""},"product_brand":[250],"product_cat":[550,387],"product_tag":[],"class_list":{"0":"post-14231","1":"product","2":"type-product","3":"status-publish","4":"has-post-thumbnail","6":"product_brand-risa-hutwerkstatt-schweiz","7":"product_cat-paperboy-ballon-wintermuetzen","8":"product_cat-wintermuetzen","9":"product_shipping_class-mittlere-pakete","10":"pa_color-mbraun","11":"pa_groesse-196","12":"pa_groesse-207","13":"pa_groesse-197","14":"pa_groesse-208","15":"pa_groesse-198","16":"pa_groesse-209","17":"pa_groesse-199","18":"pa_groesse-210","19":"yith_product_brand-risa-hutwerkstatt-schweiz","22":"instock","23":"taxable","24":"shipping-taxable","25":"purchasable","26":"product-type-variable","27":"wvs-archive-product-wrapper","28":"add-to-wishlist-after_add_to_cart"},"acf":[],"yoast_head":"<!-- This site is optimized with the Yoast SEO Premium plugin v27.3 (Yoast SEO v27.3) - https:\/\/yoast.com\/product\/yoast-seo-premium-wordpress\/ -->\n<title>Paperboy mit Steg Pure Wool - w\u00e4rmt und sch\u00fctzt<\/title>\n<meta name=\"description\" content=\"Die Paperboy mit Steg aus Wolle mit Punktmuster erhalten Sie in der Farbe Mittelbeige\/Braun.\" \/>\n<meta name=\"robots\" content=\"index, follow, max-snippet:-1, max-image-preview:large, max-video-preview:-1\" \/>\n<link rel=\"canonical\" href=\"https:\/\/hutfactory.com\/?product=paperboy-mit-steg-pure-wool\" \/>\n<meta property=\"og:locale\" content=\"de_DE\" \/>\n<meta property=\"og:type\" content=\"article\" \/>\n<meta property=\"og:title\" content=\"Paperboy mit Steg Pure Wool\" \/>\n<meta property=\"og:description\" content=\"Die Paperboy mit Steg aus Wolle mit Punktmuster erhalten Sie in der Farbe Mittelbeige\/Braun.\" \/>\n<meta property=\"og:url\" content=\"https:\/\/hutfactory.com\/?product=paperboy-mit-steg-pure-wool\" \/>\n<meta property=\"og:site_name\" content=\"Hut Factory\" \/>\n<meta property=\"article:modified_time\" content=\"2026-03-01T17:14:56+00:00\" \/>\n<meta property=\"og:image\" content=\"https:\/\/hutfactory.com\/wp-content\/uploads\/2026\/03\/95428.1-e1536065258934-scaled-1.webp\" \/>\n\t<meta property=\"og:image:width\" content=\"750\" \/>\n\t<meta property=\"og:image:height\" content=\"750\" \/>\n\t<meta property=\"og:image:type\" content=\"image\/webp\" \/>\n<meta name=\"twitter:card\" content=\"summary_large_image\" \/>\n<meta name=\"twitter:label1\" content=\"Gesch\u00e4tzte Lesezeit\" \/>\n\t<meta name=\"twitter:data1\" content=\"1\u00a0Minute\" \/>\n<script type=\"application\/ld+json\" class=\"yoast-schema-graph\">{\"@context\":\"https:\\\/\\\/schema.org\",\"@graph\":[{\"@type\":\"WebPage\",\"@id\":\"https:\\\/\\\/hutfactory.com\\\/?product=paperboy-mit-steg-pure-wool\",\"url\":\"https:\\\/\\\/hutfactory.com\\\/?product=paperboy-mit-steg-pure-wool\",\"name\":\"Paperboy mit Steg Pure Wool - w\u00e4rmt und sch\u00fctzt\",\"isPartOf\":{\"@id\":\"https:\\\/\\\/hutfactory.com\\\/#website\"},\"primaryImageOfPage\":{\"@id\":\"https:\\\/\\\/hutfactory.com\\\/?product=paperboy-mit-steg-pure-wool#primaryimage\"},\"image\":{\"@id\":\"https:\\\/\\\/hutfactory.com\\\/?product=paperboy-mit-steg-pure-wool#primaryimage\"},\"thumbnailUrl\":\"https:\\\/\\\/hutfactory.com\\\/wp-content\\\/uploads\\\/2026\\\/03\\\/95428.1-e1536065258934-scaled-1.webp\",\"datePublished\":\"2026-03-01T17:13:18+00:00\",\"dateModified\":\"2026-03-01T17:14:56+00:00\",\"description\":\"Die Paperboy mit Steg aus Wolle mit Punktmuster erhalten Sie in der Farbe Mittelbeige\\\/Braun.\",\"breadcrumb\":{\"@id\":\"https:\\\/\\\/hutfactory.com\\\/?product=paperboy-mit-steg-pure-wool#breadcrumb\"},\"inLanguage\":\"de\",\"potentialAction\":[{\"@type\":\"ReadAction\",\"target\":[\"https:\\\/\\\/hutfactory.com\\\/?product=paperboy-mit-steg-pure-wool\"]}]},{\"@type\":\"ImageObject\",\"inLanguage\":\"de\",\"@id\":\"https:\\\/\\\/hutfactory.com\\\/?product=paperboy-mit-steg-pure-wool#primaryimage\",\"url\":\"https:\\\/\\\/hutfactory.com\\\/wp-content\\\/uploads\\\/2026\\\/03\\\/95428.1-e1536065258934-scaled-1.webp\",\"contentUrl\":\"https:\\\/\\\/hutfactory.com\\\/wp-content\\\/uploads\\\/2026\\\/03\\\/95428.1-e1536065258934-scaled-1.webp\",\"width\":750,\"height\":750},{\"@type\":\"BreadcrumbList\",\"@id\":\"https:\\\/\\\/hutfactory.com\\\/?product=paperboy-mit-steg-pure-wool#breadcrumb\",\"itemListElement\":[{\"@type\":\"ListItem\",\"position\":1,\"name\":\"Start\",\"item\":\"https:\\\/\\\/hutfactory.com\\\/\"},{\"@type\":\"ListItem\",\"position\":2,\"name\":\"Shop\",\"item\":\"https:\\\/\\\/hutfactory.com\\\/?page_id=10\"},{\"@type\":\"ListItem\",\"position\":3,\"name\":\"Paperboy mit Steg Pure Wool\"}]},{\"@type\":\"WebSite\",\"@id\":\"https:\\\/\\\/hutfactory.com\\\/#website\",\"url\":\"https:\\\/\\\/hutfactory.com\\\/\",\"name\":\"Hut Factory\",\"description\":\"H\u00fcte, Kappen &amp; M\u00fctzen in Top Swiss\\\/EU Qualit\u00e4t\",\"publisher\":{\"@id\":\"https:\\\/\\\/hutfactory.com\\\/#organization\"},\"alternateName\":\"Hut Shop\",\"potentialAction\":[{\"@type\":\"SearchAction\",\"target\":{\"@type\":\"EntryPoint\",\"urlTemplate\":\"https:\\\/\\\/hutfactory.com\\\/?s={search_term_string}\"},\"query-input\":{\"@type\":\"PropertyValueSpecification\",\"valueRequired\":true,\"valueName\":\"search_term_string\"}}],\"inLanguage\":\"de\"},{\"@type\":\"Organization\",\"@id\":\"https:\\\/\\\/hutfactory.com\\\/#organization\",\"name\":\"Hut Factory\",\"url\":\"https:\\\/\\\/hutfactory.com\\\/\",\"logo\":{\"@type\":\"ImageObject\",\"inLanguage\":\"de\",\"@id\":\"https:\\\/\\\/hutfactory.com\\\/#\\\/schema\\\/logo\\\/image\\\/\",\"url\":\"https:\\\/\\\/hutfactory.com\\\/wp-content\\\/uploads\\\/2026\\\/01\\\/Logo-hut-factory-1.webp\",\"contentUrl\":\"https:\\\/\\\/hutfactory.com\\\/wp-content\\\/uploads\\\/2026\\\/01\\\/Logo-hut-factory-1.webp\",\"width\":300,\"height\":262,\"caption\":\"Hut Factory\"},\"image\":{\"@id\":\"https:\\\/\\\/hutfactory.com\\\/#\\\/schema\\\/logo\\\/image\\\/\"}}]}<\/script>\n<!-- \/ Yoast SEO Premium plugin. -->","yoast_head_json":{"title":"Paperboy mit Steg Pure Wool - w\u00e4rmt und sch\u00fctzt","description":"Die Paperboy mit Steg aus Wolle mit Punktmuster erhalten Sie in der Farbe Mittelbeige\/Braun.","robots":{"index":"index","follow":"follow","max-snippet":"max-snippet:-1","max-image-preview":"max-image-preview:large","max-video-preview":"max-video-preview:-1"},"canonical":"https:\/\/hutfactory.com\/?product=paperboy-mit-steg-pure-wool","og_locale":"de_DE","og_type":"article","og_title":"Paperboy mit Steg Pure Wool","og_description":"Die Paperboy mit Steg aus Wolle mit Punktmuster erhalten Sie in der Farbe Mittelbeige\/Braun.","og_url":"https:\/\/hutfactory.com\/?product=paperboy-mit-steg-pure-wool","og_site_name":"Hut Factory","article_modified_time":"2026-03-01T17:14:56+00:00","og_image":[{"width":750,"height":750,"url":"https:\/\/hutfactory.com\/wp-content\/uploads\/2026\/03\/95428.1-e1536065258934-scaled-1.webp","type":"image\/webp"}],"twitter_card":"summary_large_image","twitter_misc":{"Gesch\u00e4tzte Lesezeit":"1\u00a0Minute"},"schema":{"@context":"https:\/\/schema.org","@graph":[{"@type":"WebPage","@id":"https:\/\/hutfactory.com\/?product=paperboy-mit-steg-pure-wool","url":"https:\/\/hutfactory.com\/?product=paperboy-mit-steg-pure-wool","name":"Paperboy mit Steg Pure Wool - w\u00e4rmt und sch\u00fctzt","isPartOf":{"@id":"https:\/\/hutfactory.com\/#website"},"primaryImageOfPage":{"@id":"https:\/\/hutfactory.com\/?product=paperboy-mit-steg-pure-wool#primaryimage"},"image":{"@id":"https:\/\/hutfactory.com\/?product=paperboy-mit-steg-pure-wool#primaryimage"},"thumbnailUrl":"https:\/\/hutfactory.com\/wp-content\/uploads\/2026\/03\/95428.1-e1536065258934-scaled-1.webp","datePublished":"2026-03-01T17:13:18+00:00","dateModified":"2026-03-01T17:14:56+00:00","description":"Die Paperboy mit Steg aus Wolle mit Punktmuster erhalten Sie in der Farbe Mittelbeige\/Braun.","breadcrumb":{"@id":"https:\/\/hutfactory.com\/?product=paperboy-mit-steg-pure-wool#breadcrumb"},"inLanguage":"de","potentialAction":[{"@type":"ReadAction","target":["https:\/\/hutfactory.com\/?product=paperboy-mit-steg-pure-wool"]}]},{"@type":"ImageObject","inLanguage":"de","@id":"https:\/\/hutfactory.com\/?product=paperboy-mit-steg-pure-wool#primaryimage","url":"https:\/\/hutfactory.com\/wp-content\/uploads\/2026\/03\/95428.1-e1536065258934-scaled-1.webp","contentUrl":"https:\/\/hutfactory.com\/wp-content\/uploads\/2026\/03\/95428.1-e1536065258934-scaled-1.webp","width":750,"height":750},{"@type":"BreadcrumbList","@id":"https:\/\/hutfactory.com\/?product=paperboy-mit-steg-pure-wool#breadcrumb","itemListElement":[{"@type":"ListItem","position":1,"name":"Start","item":"https:\/\/hutfactory.com\/"},{"@type":"ListItem","position":2,"name":"Shop","item":"https:\/\/hutfactory.com\/?page_id=10"},{"@type":"ListItem","position":3,"name":"Paperboy mit Steg Pure Wool"}]},{"@type":"WebSite","@id":"https:\/\/hutfactory.com\/#website","url":"https:\/\/hutfactory.com\/","name":"Hut Factory","description":"H\u00fcte, Kappen &amp; M\u00fctzen in Top Swiss\/EU Qualit\u00e4t","publisher":{"@id":"https:\/\/hutfactory.com\/#organization"},"alternateName":"Hut Shop","potentialAction":[{"@type":"SearchAction","target":{"@type":"EntryPoint","urlTemplate":"https:\/\/hutfactory.com\/?s={search_term_string}"},"query-input":{"@type":"PropertyValueSpecification","valueRequired":true,"valueName":"search_term_string"}}],"inLanguage":"de"},{"@type":"Organization","@id":"https:\/\/hutfactory.com\/#organization","name":"Hut Factory","url":"https:\/\/hutfactory.com\/","logo":{"@type":"ImageObject","inLanguage":"de","@id":"https:\/\/hutfactory.com\/#\/schema\/logo\/image\/","url":"https:\/\/hutfactory.com\/wp-content\/uploads\/2026\/01\/Logo-hut-factory-1.webp","contentUrl":"https:\/\/hutfactory.com\/wp-content\/uploads\/2026\/01\/Logo-hut-factory-1.webp","width":300,"height":262,"caption":"Hut Factory"},"image":{"@id":"https:\/\/hutfactory.com\/#\/schema\/logo\/image\/"}}]}},"_links":{"self":[{"href":"https:\/\/hutfactory.com\/index.php?rest_route=\/wp\/v2\/product\/14231","targetHints":{"allow":["GET"]}}],"collection":[{"href":"https:\/\/hutfactory.com\/index.php?rest_route=\/wp\/v2\/product"}],"about":[{"href":"https:\/\/hutfactory.com\/index.php?rest_route=\/wp\/v2\/types\/product"}],"wp:featuredmedia":[{"embeddable":true,"href":"https:\/\/hutfactory.com\/index.php?rest_route=\/wp\/v2\/media\/14232"}],"wp:attachment":[{"href":"https:\/\/hutfactory.com\/index.php?rest_route=%2Fwp%2Fv2%2Fmedia&parent=14231"}],"wp:term":[{"taxonomy":"product_brand","embeddable":true,"href":"https:\/\/hutfactory.com\/index.php?rest_route=%2Fwp%2Fv2%2Fproduct_brand&post=14231"},{"taxonomy":"product_cat","embeddable":true,"href":"https:\/\/hutfactory.com\/index.php?rest_route=%2Fwp%2Fv2%2Fproduct_cat&post=14231"},{"taxonomy":"product_tag","embeddable":true,"href":"https:\/\/hutfactory.com\/index.php?rest_route=%2Fwp%2Fv2%2Fproduct_tag&post=14231"}],"curies":[{"name":"wp","href":"https:\/\/api.w.org\/{rel}","templated":true}]}}