{"id":14223,"date":"2026-03-01T17:13:18","date_gmt":"2026-03-01T17:13:18","guid":{"rendered":"https:\/\/hutfactory.com\/?product=pelzmuetze-risa-skay"},"modified":"2026-03-01T17:32:05","modified_gmt":"2026-03-01T17:32:05","slug":"pelzmuetze-risa-skay","status":"publish","type":"product","link":"https:\/\/hutfactory.com\/?product=pelzmuetze-risa-skay","title":{"rendered":"Pelzm\u00fctze RISA Skay"},"content":{"rendered":"<div class=\"wpb-content-wrapper\"><p>[vc_row][vc_column][vc_column_text css=&#8221;&#8221;]<strong>Ihr Stilvoller Schutz vor Winterst\u00fcrmen<\/strong><\/p>\n<p>Der Winter kann unerbittlich sein, aber das bedeutet nicht, dass Sie auf Stil verzichten m\u00fcssen. Unsere Risa Skay Pelzm\u00fctze ist die perfekte Kombination aus Eleganz und Schutz vor den rauesten Wetterbedingungen.<\/p>\n<p>Das Obermaterial unserer M\u00fctze besteht aus robustem Kunstleder, das nicht nur absolut wind- und wasserdicht ist, sondern auch einen modischen Touch verleiht. Diese M\u00fctze trotzt zuverl\u00e4ssig K\u00e4lte, Wind und Schnee, egal ob Sie sich in den Bergen gegen Unwetter behaupten oder von einem Schneesturm in der Stadt \u00fcberrascht werden.<\/p>\n<p>Der Innenbesatz aus Kunstpelz schmiegt sich angenehm um Ihren Kopf, Ihre Ohren und Ihre Wangen und h\u00e4lt Sie warm, selbst an den k\u00e4ltesten Tagen. Der Nacken- und Ohrenschutz kann einfach unter dem Kinn zusammengekn\u00f6pft werden, um Ihnen den modischen russischen Look zu verleihen und gleichzeitig den eisigen Wind fernzuhalten.<\/p>\n<p>[\/vc_column_text][\/vc_column][\/vc_row]<\/p>\n<div class=\"hf-accordions\">\n<hr class=\"hf-accordion-separator\" \/>\n<details class=\"hf-accordion\">\n<summary><strong>\u25b6\ufe0f Gut zu wissen \u2013 mehr erfahren<\/strong><\/summary>\n<div class=\"hf-accordion-content\">\n<h3>Wichtige Produktdetails:<\/h3>\n<h4>Material &#038; Design:<\/h4>\n<ul>\n<li><strong>Materialzusammensetzung:<\/strong>\u00a080% Baumwolle, 20% Polyurethan<\/li>\n<li><strong>Futter:<\/strong>\u00a0Weiches Kunstpelzfutter f\u00fcr extra W\u00e4rme<\/li>\n<li><strong>Farben:<\/strong>\u00a0Schwarz, Marineblau, Orange, Fluorgelb<\/li>\n<li><strong>Gr\u00f6\u00dfe:<\/strong>\u00a054-62<\/li>\n<li><strong>Design:<\/strong>\u00a0Ohr- und Nackenschutz mit Kinnverschluss f\u00fcr optimalen Schutz<\/li>\n<\/ul>\n<h4>Handwerkskunst &#038; Exklusivit\u00e4t:<\/h4>\n<ul>\n<li><strong>Handarbeit:<\/strong>\u00a0Jede M\u00fctze wird in der Schweiz nach traditioneller Handwerkskunst gefertigt<\/li>\n<li><strong>Limitierte Auflage:<\/strong>\u00a0Aufgrund der begrenzten Verf\u00fcgbarkeit des Rohmaterials<\/li>\n<li><strong>Exklusivit\u00e4t:<\/strong>\u00a0Personalisierte Fertigung auf Bestellung f\u00fcr maximale Individualit\u00e4t<\/li>\n<\/ul>\n<h4>Herstellung:<\/h4>\n<ul>\n<li><strong>Produktionsort:<\/strong>\u00a0Hergestellt bei der renommierten Risa Hutmanufaktur, Schweiz<\/li>\n<li><strong>Herstellungszeit:<\/strong>\u00a010 bis 15 Arbeitstage nach Zahlungseingang<\/li>\n<\/ul>\n<h4>Lieferbedingungen:<\/h4>\n<ul>\n<li><strong>Versand:<\/strong>\u00a0Versand erfolgt innerhalb weniger Tage nach der Fertigung ab Lager Schweiz<\/li>\n<li><strong>Garantie:<\/strong>\u00a0Umtausch nur bei Material- oder Herstellungsfehlern m\u00f6glich<\/li>\n<li><strong>Verf\u00fcgbarkeit:<\/strong>\u00a0Abverkauf des Rohmaterials vorbehalten<\/li>\n<\/ul>\n<\/div>\n<\/details>\n<details class=\"hf-accordion\">\n<summary><strong>\u25b6\ufe0f FAQ \u2013 H\u00e4ufige Fragen<\/strong><\/summary>\n<div class=\"hf-accordion-content\">\n<h3>FAQ (H\u00e4ufige Fragen und Antworten):<\/h3>\n<ol>\n<li><strong>Kann ich die M\u00fctze umtauschen, wenn sie nicht passt?<\/strong><br \/>\nLeider nicht, da jede M\u00fctze individuell nach Bestellung gefertigt wird. Ein Umtausch ist nur bei Material- oder Herstellungsfehlern m\u00f6glich.<\/li>\n<li><strong>Wie lange dauert die Lieferung?<\/strong><br \/>\nDie Herstellungszeit betr\u00e4gt 10 bis 15 Arbeitstage, der Versand erfolgt innerhalb weniger Tage ab Standort Schweiz.<\/li>\n<li><strong>Wie pflege ich diese M\u00fctze?<\/strong><br \/>\nSchonende Handw\u00e4sche wird empfohlen, um das Kunstpelz und das Material zu sch\u00fctzen.<\/li>\n<li><strong>Ist die M\u00fctze auch f\u00fcr extreme K\u00e4lte geeignet?<\/strong><br \/>\nJa, das weiche Kunstpelzfutter und der Kinnverschluss bieten ausgezeichneten Schutz bei niedrigen Temperaturen.<\/li>\n<li><strong>Gibt es diese M\u00fctze in weiteren Farben?<\/strong><br \/>\nAktuell sind die Farben Schwarz, Marineblau, Orange und Fluorgelb verf\u00fcgbar.<\/li>\n<\/ol>\n<\/div>\n<\/details>\n<\/div>\n<\/div>","protected":false},"excerpt":{"rendered":"<h3>Warm und stilvoll durch den Winter<\/h3>\n<p>Diese M\u00fctze vereint luxuri\u00f6sen Komfort mit funktionellem Design. Der hochwertige Kunstpelz im Inneren schmiegt sich angenehm an Kopf, Ohren und Nacken und sorgt f\u00fcr optimalen W\u00e4rmeschutz. Mit dem praktischen Kinnverschluss k\u00f6nnen Sie die Ohrenklappen f\u00fcr extra Schutz an kalten, windigen Tagen fixieren und den stilvollen Look genie\u00dfen<\/p>\n<p>Dieser Hut wurde in der Schweiz hergestellt und ist LIMITIERT erh\u00e4ltlich. Bei Interesse fragen Sie bei info@hut-factory.com die Gr\u00f6sse an, ob diese noch verf\u00fcgbar ist.<\/p>\n","protected":false},"featured_media":14224,"template":"","meta":{"_acf_changed":false,"rs_blank_template":"","rs_page_bg_color":"","slide_template_v7":""},"product_brand":[250],"product_cat":[557,387],"product_tag":[],"class_list":{"0":"post-14223","1":"product","2":"type-product","3":"status-publish","4":"has-post-thumbnail","6":"product_brand-risa-hutwerkstatt-schweiz","7":"product_cat-pelz-wintermuetzen","8":"product_cat-wintermuetzen","9":"product_shipping_class-mittlere-pakete","10":"pa_color-gelb","11":"pa_color-marine","12":"pa_color-orange","13":"pa_color-schwarz","14":"pa_groesse-206","15":"pa_groesse-196","16":"pa_groesse-207","17":"pa_groesse-197","18":"pa_groesse-208","19":"pa_groesse-198","20":"pa_groesse-209","21":"pa_groesse-199","22":"pa_groesse-210","23":"yith_product_brand-risa-hutwerkstatt-schweiz","26":"instock","27":"taxable","28":"shipping-taxable","29":"purchasable","30":"product-type-variable","31":"wvs-archive-product-wrapper","32":"add-to-wishlist-after_add_to_cart"},"acf":[],"yoast_head":"<!-- This site is optimized with the Yoast SEO Premium plugin v27.3 (Yoast SEO v27.3) - https:\/\/yoast.com\/product\/yoast-seo-premium-wordpress\/ -->\n<title>Winterm\u00fctze Kunstpelz \u0096 Handgefertigt aus der Schweiz, 4 Farben<\/title>\n<meta name=\"description\" content=\"Luxuri\u00f6se handgefertigte Winterm\u00fctze mit Kunstpelzfutter und Ohrenklappen \u0096 ideal f\u00fcr kalte Wintertage. Jetzt in 4 Farben verf\u00fcgbar.\" \/>\n<meta name=\"robots\" content=\"index, follow, max-snippet:-1, max-image-preview:large, max-video-preview:-1\" \/>\n<link rel=\"canonical\" href=\"https:\/\/hutfactory.com\/?product=pelzmuetze-risa-skay\" \/>\n<meta property=\"og:locale\" content=\"de_DE\" \/>\n<meta property=\"og:type\" content=\"article\" \/>\n<meta property=\"og:title\" content=\"Pelzm\u00fctze RISA Skay\" \/>\n<meta property=\"og:description\" content=\"Luxuri\u00f6se handgefertigte Winterm\u00fctze mit Kunstpelzfutter und Ohrenklappen \u0096 ideal f\u00fcr kalte Wintertage. Jetzt in 4 Farben verf\u00fcgbar.\" \/>\n<meta property=\"og:url\" content=\"https:\/\/hutfactory.com\/?product=pelzmuetze-risa-skay\" \/>\n<meta property=\"og:site_name\" content=\"Hut Factory\" \/>\n<meta property=\"article:modified_time\" content=\"2026-03-01T17:32:05+00:00\" \/>\n<meta property=\"og:image\" content=\"https:\/\/hutfactory.com\/wp-content\/uploads\/2026\/03\/100596110.alle_.webp\" \/>\n\t<meta property=\"og:image:width\" content=\"750\" \/>\n\t<meta property=\"og:image:height\" content=\"750\" \/>\n\t<meta property=\"og:image:type\" content=\"image\/webp\" \/>\n<meta name=\"twitter:card\" content=\"summary_large_image\" \/>\n<meta name=\"twitter:label1\" content=\"Gesch\u00e4tzte Lesezeit\" \/>\n\t<meta name=\"twitter:data1\" content=\"2\u00a0Minuten\" \/>\n<script type=\"application\/ld+json\" class=\"yoast-schema-graph\">{\"@context\":\"https:\\\/\\\/schema.org\",\"@graph\":[{\"@type\":\"WebPage\",\"@id\":\"https:\\\/\\\/hutfactory.com\\\/?product=pelzmuetze-risa-skay\",\"url\":\"https:\\\/\\\/hutfactory.com\\\/?product=pelzmuetze-risa-skay\",\"name\":\"Winterm\u00fctze Kunstpelz \u0096 Handgefertigt aus der Schweiz, 4 Farben\",\"isPartOf\":{\"@id\":\"https:\\\/\\\/hutfactory.com\\\/#website\"},\"primaryImageOfPage\":{\"@id\":\"https:\\\/\\\/hutfactory.com\\\/?product=pelzmuetze-risa-skay#primaryimage\"},\"image\":{\"@id\":\"https:\\\/\\\/hutfactory.com\\\/?product=pelzmuetze-risa-skay#primaryimage\"},\"thumbnailUrl\":\"https:\\\/\\\/hutfactory.com\\\/wp-content\\\/uploads\\\/2026\\\/03\\\/100596110.alle_.webp\",\"datePublished\":\"2026-03-01T17:13:18+00:00\",\"dateModified\":\"2026-03-01T17:32:05+00:00\",\"description\":\"Luxuri\u00f6se handgefertigte Winterm\u00fctze mit Kunstpelzfutter und Ohrenklappen \u0096 ideal f\u00fcr kalte Wintertage. Jetzt in 4 Farben verf\u00fcgbar.\",\"breadcrumb\":{\"@id\":\"https:\\\/\\\/hutfactory.com\\\/?product=pelzmuetze-risa-skay#breadcrumb\"},\"inLanguage\":\"de\",\"potentialAction\":[{\"@type\":\"ReadAction\",\"target\":[\"https:\\\/\\\/hutfactory.com\\\/?product=pelzmuetze-risa-skay\"]}]},{\"@type\":\"ImageObject\",\"inLanguage\":\"de\",\"@id\":\"https:\\\/\\\/hutfactory.com\\\/?product=pelzmuetze-risa-skay#primaryimage\",\"url\":\"https:\\\/\\\/hutfactory.com\\\/wp-content\\\/uploads\\\/2026\\\/03\\\/100596110.alle_.webp\",\"contentUrl\":\"https:\\\/\\\/hutfactory.com\\\/wp-content\\\/uploads\\\/2026\\\/03\\\/100596110.alle_.webp\",\"width\":750,\"height\":750,\"caption\":\"||||\"},{\"@type\":\"BreadcrumbList\",\"@id\":\"https:\\\/\\\/hutfactory.com\\\/?product=pelzmuetze-risa-skay#breadcrumb\",\"itemListElement\":[{\"@type\":\"ListItem\",\"position\":1,\"name\":\"Start\",\"item\":\"https:\\\/\\\/hutfactory.com\\\/\"},{\"@type\":\"ListItem\",\"position\":2,\"name\":\"Shop\",\"item\":\"https:\\\/\\\/hutfactory.com\\\/?page_id=10\"},{\"@type\":\"ListItem\",\"position\":3,\"name\":\"Pelzm\u00fctze RISA Skay\"}]},{\"@type\":\"WebSite\",\"@id\":\"https:\\\/\\\/hutfactory.com\\\/#website\",\"url\":\"https:\\\/\\\/hutfactory.com\\\/\",\"name\":\"Hut Factory\",\"description\":\"H\u00fcte, Kappen &amp; M\u00fctzen in Top Swiss\\\/EU Qualit\u00e4t\",\"publisher\":{\"@id\":\"https:\\\/\\\/hutfactory.com\\\/#organization\"},\"alternateName\":\"Hut Shop\",\"potentialAction\":[{\"@type\":\"SearchAction\",\"target\":{\"@type\":\"EntryPoint\",\"urlTemplate\":\"https:\\\/\\\/hutfactory.com\\\/?s={search_term_string}\"},\"query-input\":{\"@type\":\"PropertyValueSpecification\",\"valueRequired\":true,\"valueName\":\"search_term_string\"}}],\"inLanguage\":\"de\"},{\"@type\":\"Organization\",\"@id\":\"https:\\\/\\\/hutfactory.com\\\/#organization\",\"name\":\"Hut Factory\",\"url\":\"https:\\\/\\\/hutfactory.com\\\/\",\"logo\":{\"@type\":\"ImageObject\",\"inLanguage\":\"de\",\"@id\":\"https:\\\/\\\/hutfactory.com\\\/#\\\/schema\\\/logo\\\/image\\\/\",\"url\":\"https:\\\/\\\/hutfactory.com\\\/wp-content\\\/uploads\\\/2026\\\/01\\\/Logo-hut-factory-1.webp\",\"contentUrl\":\"https:\\\/\\\/hutfactory.com\\\/wp-content\\\/uploads\\\/2026\\\/01\\\/Logo-hut-factory-1.webp\",\"width\":300,\"height\":262,\"caption\":\"Hut Factory\"},\"image\":{\"@id\":\"https:\\\/\\\/hutfactory.com\\\/#\\\/schema\\\/logo\\\/image\\\/\"}}]}<\/script>\n<!-- \/ Yoast SEO Premium plugin. -->","yoast_head_json":{"title":"Winterm\u00fctze Kunstpelz \u0096 Handgefertigt aus der Schweiz, 4 Farben","description":"Luxuri\u00f6se handgefertigte Winterm\u00fctze mit Kunstpelzfutter und Ohrenklappen \u0096 ideal f\u00fcr kalte Wintertage. Jetzt in 4 Farben verf\u00fcgbar.","robots":{"index":"index","follow":"follow","max-snippet":"max-snippet:-1","max-image-preview":"max-image-preview:large","max-video-preview":"max-video-preview:-1"},"canonical":"https:\/\/hutfactory.com\/?product=pelzmuetze-risa-skay","og_locale":"de_DE","og_type":"article","og_title":"Pelzm\u00fctze RISA Skay","og_description":"Luxuri\u00f6se handgefertigte Winterm\u00fctze mit Kunstpelzfutter und Ohrenklappen \u0096 ideal f\u00fcr kalte Wintertage. Jetzt in 4 Farben verf\u00fcgbar.","og_url":"https:\/\/hutfactory.com\/?product=pelzmuetze-risa-skay","og_site_name":"Hut Factory","article_modified_time":"2026-03-01T17:32:05+00:00","og_image":[{"width":750,"height":750,"url":"https:\/\/hutfactory.com\/wp-content\/uploads\/2026\/03\/100596110.alle_.webp","type":"image\/webp"}],"twitter_card":"summary_large_image","twitter_misc":{"Gesch\u00e4tzte Lesezeit":"2\u00a0Minuten"},"schema":{"@context":"https:\/\/schema.org","@graph":[{"@type":"WebPage","@id":"https:\/\/hutfactory.com\/?product=pelzmuetze-risa-skay","url":"https:\/\/hutfactory.com\/?product=pelzmuetze-risa-skay","name":"Winterm\u00fctze Kunstpelz \u0096 Handgefertigt aus der Schweiz, 4 Farben","isPartOf":{"@id":"https:\/\/hutfactory.com\/#website"},"primaryImageOfPage":{"@id":"https:\/\/hutfactory.com\/?product=pelzmuetze-risa-skay#primaryimage"},"image":{"@id":"https:\/\/hutfactory.com\/?product=pelzmuetze-risa-skay#primaryimage"},"thumbnailUrl":"https:\/\/hutfactory.com\/wp-content\/uploads\/2026\/03\/100596110.alle_.webp","datePublished":"2026-03-01T17:13:18+00:00","dateModified":"2026-03-01T17:32:05+00:00","description":"Luxuri\u00f6se handgefertigte Winterm\u00fctze mit Kunstpelzfutter und Ohrenklappen \u0096 ideal f\u00fcr kalte Wintertage. Jetzt in 4 Farben verf\u00fcgbar.","breadcrumb":{"@id":"https:\/\/hutfactory.com\/?product=pelzmuetze-risa-skay#breadcrumb"},"inLanguage":"de","potentialAction":[{"@type":"ReadAction","target":["https:\/\/hutfactory.com\/?product=pelzmuetze-risa-skay"]}]},{"@type":"ImageObject","inLanguage":"de","@id":"https:\/\/hutfactory.com\/?product=pelzmuetze-risa-skay#primaryimage","url":"https:\/\/hutfactory.com\/wp-content\/uploads\/2026\/03\/100596110.alle_.webp","contentUrl":"https:\/\/hutfactory.com\/wp-content\/uploads\/2026\/03\/100596110.alle_.webp","width":750,"height":750,"caption":"||||"},{"@type":"BreadcrumbList","@id":"https:\/\/hutfactory.com\/?product=pelzmuetze-risa-skay#breadcrumb","itemListElement":[{"@type":"ListItem","position":1,"name":"Start","item":"https:\/\/hutfactory.com\/"},{"@type":"ListItem","position":2,"name":"Shop","item":"https:\/\/hutfactory.com\/?page_id=10"},{"@type":"ListItem","position":3,"name":"Pelzm\u00fctze RISA Skay"}]},{"@type":"WebSite","@id":"https:\/\/hutfactory.com\/#website","url":"https:\/\/hutfactory.com\/","name":"Hut Factory","description":"H\u00fcte, Kappen &amp; M\u00fctzen in Top Swiss\/EU Qualit\u00e4t","publisher":{"@id":"https:\/\/hutfactory.com\/#organization"},"alternateName":"Hut Shop","potentialAction":[{"@type":"SearchAction","target":{"@type":"EntryPoint","urlTemplate":"https:\/\/hutfactory.com\/?s={search_term_string}"},"query-input":{"@type":"PropertyValueSpecification","valueRequired":true,"valueName":"search_term_string"}}],"inLanguage":"de"},{"@type":"Organization","@id":"https:\/\/hutfactory.com\/#organization","name":"Hut Factory","url":"https:\/\/hutfactory.com\/","logo":{"@type":"ImageObject","inLanguage":"de","@id":"https:\/\/hutfactory.com\/#\/schema\/logo\/image\/","url":"https:\/\/hutfactory.com\/wp-content\/uploads\/2026\/01\/Logo-hut-factory-1.webp","contentUrl":"https:\/\/hutfactory.com\/wp-content\/uploads\/2026\/01\/Logo-hut-factory-1.webp","width":300,"height":262,"caption":"Hut Factory"},"image":{"@id":"https:\/\/hutfactory.com\/#\/schema\/logo\/image\/"}}]}},"_links":{"self":[{"href":"https:\/\/hutfactory.com\/index.php?rest_route=\/wp\/v2\/product\/14223","targetHints":{"allow":["GET"]}}],"collection":[{"href":"https:\/\/hutfactory.com\/index.php?rest_route=\/wp\/v2\/product"}],"about":[{"href":"https:\/\/hutfactory.com\/index.php?rest_route=\/wp\/v2\/types\/product"}],"wp:featuredmedia":[{"embeddable":true,"href":"https:\/\/hutfactory.com\/index.php?rest_route=\/wp\/v2\/media\/14224"}],"wp:attachment":[{"href":"https:\/\/hutfactory.com\/index.php?rest_route=%2Fwp%2Fv2%2Fmedia&parent=14223"}],"wp:term":[{"taxonomy":"product_brand","embeddable":true,"href":"https:\/\/hutfactory.com\/index.php?rest_route=%2Fwp%2Fv2%2Fproduct_brand&post=14223"},{"taxonomy":"product_cat","embeddable":true,"href":"https:\/\/hutfactory.com\/index.php?rest_route=%2Fwp%2Fv2%2Fproduct_cat&post=14223"},{"taxonomy":"product_tag","embeddable":true,"href":"https:\/\/hutfactory.com\/index.php?rest_route=%2Fwp%2Fv2%2Fproduct_tag&post=14223"}],"curies":[{"name":"wp","href":"https:\/\/api.w.org\/{rel}","templated":true}]}}