{"id":14185,"date":"2026-03-01T17:12:37","date_gmt":"2026-03-01T17:12:37","guid":{"rendered":"https:\/\/hutfactory.com\/?product=ballonmuetze-leder"},"modified":"2026-03-01T17:14:34","modified_gmt":"2026-03-01T17:14:34","slug":"ballonmuetze-leder","status":"publish","type":"product","link":"https:\/\/hutfactory.com\/?product=ballonmuetze-leder","title":{"rendered":"Ballonm\u00fctze Leder"},"content":{"rendered":"<div class=\"wpb-content-wrapper\"><p>[vc_row][vc_column][vc_column_text css=&#8221;&#8221;]<\/p>\n<div class=\"flex-1 overflow-hidden\">\n<div class=\"react-scroll-to-bottom--css-zvkfd-79elbk h-full dark:bg-gray-800\">\n<div class=\"react-scroll-to-bottom--css-zvkfd-1n7m0yu\">\n<div class=\"flex flex-col text-sm dark:bg-gray-800\">\n<div class=\"group w-full text-token-text-primary border-b border-black\/10 dark:border-gray-900\/50 dark:bg-gray-800\" data-testid=\"conversation-turn-62\">\n<div class=\"p-4 justify-center text-base md:gap-6 md:py-6 m-auto\">\n<div class=\"flex flex-1 gap-4 text-base mx-auto md:gap-6 md:max-w-2xl lg:max-w-[38rem] xl:max-w-3xl }\">\n<div class=\"relative flex w-[calc(100%-50px)] flex-col gap-1 md:gap-3 lg:w-[calc(100%-115px)]\">\n<div class=\"flex flex-grow flex-col gap-3 max-w-full\">\n<div class=\"min-h-[20px] flex flex-col items-start gap-3 overflow-x-auto whitespace-pre-wrap break-words\">\n<p><strong>Marlon Brando M\u00fctze<\/strong><\/p>\n<p>Die Ballonm\u00fctze aus Antikleder ist ein Paradebeispiel f\u00fcr die Verschmelzung von Tradition und zeitgem\u00e4\u00dfem Stil. Das sorgf\u00e4ltig ausgew\u00e4hlte Leder, das durch seinen antiken Charakter eine unverwechselbare Optik erh\u00e4lt, macht jede M\u00fctze zu einem Unikat. Ihr klassisches Design verleiht jedem Outfit eine besondere Note, w\u00e4hrend die handwerkliche Verarbeitung h\u00f6chsten Tragekomfort und Langlebigkeit garantiert. Hergestellt in Italien, spiegelt sie die Kunstfertigkeit und Liebe zum Detail wider, die typisch f\u00fcr europ\u00e4ische Handwerkskunst ist.<\/p>\n<\/div>\n<\/div>\n<\/div>\n<\/div>\n<\/div>\n<\/div>\n<\/div>\n<\/div>\n<\/div>\n<\/div>\n<p>[\/vc_column_text][\/vc_column][\/vc_row]<\/p>\n<div class=\"hf-accordions\">\n<hr class=\"hf-accordion-separator\" \/>\n<details class=\"hf-accordion\">\n<summary><strong>\u25b6\ufe0f Gut zu wissen \u2013 mehr erfahren<\/strong><\/summary>\n<div class=\"hf-accordion-content\">\n<h4><strong>Wichtige Produktdetails<\/strong><\/h4>\n<ul>\n<li><strong>Material &#038; Design<\/strong>\n<ul>\n<li>Antikleder mit charakteristischer Patina<\/li>\n<li>Klassisches Ballonm\u00fctzendesign, vielseitig kombinierbar<\/li>\n<li>Erh\u00e4ltlich in einer limitierten St\u00fcckzahl<\/li>\n<\/ul>\n<\/li>\n<li><strong>Handwerkskunst &#038; Exklusivit\u00e4t<\/strong>\n<ul>\n<li>Handgefertigt in Italien von erfahrenen Fachkr\u00e4ften<\/li>\n<li>Jede M\u00fctze ein Unikat dank der nat\u00fcrlichen Lederstruktur<\/li>\n<\/ul>\n<\/li>\n<li><strong>Herstellung<\/strong>\n<ul>\n<li>Produktionsort: Italien<\/li>\n<li>Verwendung hochwertiger, nachhaltiger Materialien<\/li>\n<\/ul>\n<\/li>\n<li><strong>Lieferbedingungen<\/strong>\n<ul>\n<li>Versand: Innerhalb weniger Tage ab Lager Schweiz nach Zahlungseingang<\/li>\n<li>Garantie: R\u00fcckgabe ausschlie\u00dflich bei Material- oder Herstellungsfehlern<\/li>\n<\/ul>\n<\/li>\n<\/ul>\n<\/div>\n<\/details>\n<details class=\"hf-accordion\">\n<summary><strong>\u25b6\ufe0f FAQ \u2013 H\u00e4ufige Fragen<\/strong><\/summary>\n<div class=\"hf-accordion-content\">\n<h4><strong>H\u00e4ufig gestellte Fragen (FAQ)<\/strong><\/h4>\n<ol>\n<li><strong>Ist die M\u00fctze unisex?<\/strong><br \/>\nJa, das klassische Design ist sowohl f\u00fcr Damen als auch f\u00fcr Herren geeignet.<\/li>\n<li><strong>Wie f\u00e4llt die Passform aus?<\/strong><br \/>\nDie Ballonm\u00fctze hat eine gro\u00dfz\u00fcgige Passform und bietet dank des flexiblen Leders hohen Tragekomfort.<\/li>\n<li><strong>Wie pflege ich die M\u00fctze richtig?<\/strong><br \/>\nMit einem speziellen Lederpflegemittel reinigen und impr\u00e4gnieren, um das Material zu sch\u00fctzen.<\/li>\n<li><strong>Ist die M\u00fctze wasserdicht?<\/strong><br \/>\nDas Antikleder ist wasserabweisend, sollte jedoch bei starkem Regen zus\u00e4tzlich gesch\u00fctzt werden.<\/li>\n<li><strong>Kann ich die M\u00fctze zur\u00fcckgeben?<\/strong><br \/>\nR\u00fcckgaben sind nur bei Material- oder Herstellungsfehlern m\u00f6glich.<\/li>\n<\/ol>\n<\/div>\n<\/details>\n<\/div>\n<\/div>","protected":false},"excerpt":{"rendered":"<h3><strong>Klassische Eleganz aus Antikleder<\/strong><\/h3>\n<p>Die Ballonm\u00fctze aus Antikleder verbindet rustikale Eleganz mit zeitloser Raffinesse. Gefertigt in einem italienischen Traditionsbetrieb, besticht sie durch ihre hochwertige Verarbeitung und die charaktervolle Optik des Antikleders. Mit ihrer limitierten Auflage und ihrer robusten Qualit\u00e4t ist diese M\u00fctze nicht nur ein modisches Statement, sondern auch ein langlebiger Begleiter f\u00fcr stilbewusste Damen und Herren.<\/p>\n","protected":false},"featured_media":14186,"template":"","meta":{"_acf_changed":false,"rs_blank_template":"","rs_page_bg_color":"","slide_template_v7":""},"product_brand":[250],"product_cat":[554,550,387],"product_tag":[],"class_list":{"0":"post-14185","1":"product","2":"type-product","3":"status-publish","4":"has-post-thumbnail","6":"product_brand-risa-hutwerkstatt-schweiz","7":"product_cat-ballon-wintermuetzen","8":"product_cat-paperboy-ballon-wintermuetzen","9":"product_cat-wintermuetzen","10":"product_shipping_class-mittlere-pakete","11":"pa_color-braun","12":"pa_groesse-196","13":"pa_groesse-207","14":"pa_groesse-197","15":"pa_groesse-208","16":"pa_groesse-198","17":"pa_groesse-209","18":"pa_groesse-199","19":"pa_groesse-210","20":"yith_product_brand-risa-hutwerkstatt-schweiz","23":"instock","24":"taxable","25":"shipping-taxable","26":"purchasable","27":"product-type-variable","28":"wvs-archive-product-wrapper","29":"add-to-wishlist-after_add_to_cart"},"acf":[],"yoast_head":"<!-- This site is optimized with the Yoast SEO Premium plugin v27.3 (Yoast SEO v27.3) - https:\/\/yoast.com\/product\/yoast-seo-premium-wordpress\/ -->\n<title>Marlon Brando M\u00fctze aus Antikleder<\/title>\n<meta name=\"description\" content=\"Ihre Marlon Brando M\u00fctze in Dunkelbraun - zeitlose Eleganz aus hochwertigem antikem Leder. Perfekt f\u00fcr die kalte Jahreszeit. Jetzt bestellen!\" \/>\n<meta name=\"robots\" content=\"index, follow, max-snippet:-1, max-image-preview:large, max-video-preview:-1\" \/>\n<link rel=\"canonical\" href=\"https:\/\/hutfactory.com\/?product=ballonmuetze-leder\" \/>\n<meta property=\"og:locale\" content=\"de_DE\" \/>\n<meta property=\"og:type\" content=\"article\" \/>\n<meta property=\"og:title\" content=\"Ballonm\u00fctze Leder\" \/>\n<meta property=\"og:description\" content=\"Ihre Marlon Brando M\u00fctze in Dunkelbraun - zeitlose Eleganz aus hochwertigem antikem Leder. Perfekt f\u00fcr die kalte Jahreszeit. Jetzt bestellen!\" \/>\n<meta property=\"og:url\" content=\"https:\/\/hutfactory.com\/?product=ballonmuetze-leder\" \/>\n<meta property=\"og:site_name\" content=\"Hut Factory\" \/>\n<meta property=\"article:modified_time\" content=\"2026-03-01T17:14:34+00:00\" \/>\n<meta property=\"og:image\" content=\"https:\/\/hutfactory.com\/wp-content\/uploads\/2026\/03\/95739.1-e1566917501515.webp\" \/>\n\t<meta property=\"og:image:width\" content=\"750\" \/>\n\t<meta property=\"og:image:height\" content=\"750\" \/>\n\t<meta property=\"og:image:type\" content=\"image\/webp\" \/>\n<meta name=\"twitter:card\" content=\"summary_large_image\" \/>\n<meta name=\"twitter:label1\" content=\"Gesch\u00e4tzte Lesezeit\" \/>\n\t<meta name=\"twitter:data1\" content=\"1\u00a0Minute\" \/>\n<script type=\"application\/ld+json\" class=\"yoast-schema-graph\">{\"@context\":\"https:\\\/\\\/schema.org\",\"@graph\":[{\"@type\":\"WebPage\",\"@id\":\"https:\\\/\\\/hutfactory.com\\\/?product=ballonmuetze-leder\",\"url\":\"https:\\\/\\\/hutfactory.com\\\/?product=ballonmuetze-leder\",\"name\":\"Marlon Brando M\u00fctze aus Antikleder\",\"isPartOf\":{\"@id\":\"https:\\\/\\\/hutfactory.com\\\/#website\"},\"primaryImageOfPage\":{\"@id\":\"https:\\\/\\\/hutfactory.com\\\/?product=ballonmuetze-leder#primaryimage\"},\"image\":{\"@id\":\"https:\\\/\\\/hutfactory.com\\\/?product=ballonmuetze-leder#primaryimage\"},\"thumbnailUrl\":\"https:\\\/\\\/hutfactory.com\\\/wp-content\\\/uploads\\\/2026\\\/03\\\/95739.1-e1566917501515.webp\",\"datePublished\":\"2026-03-01T17:12:37+00:00\",\"dateModified\":\"2026-03-01T17:14:34+00:00\",\"description\":\"Ihre Marlon Brando M\u00fctze in Dunkelbraun - zeitlose Eleganz aus hochwertigem antikem Leder. Perfekt f\u00fcr die kalte Jahreszeit. Jetzt bestellen!\",\"breadcrumb\":{\"@id\":\"https:\\\/\\\/hutfactory.com\\\/?product=ballonmuetze-leder#breadcrumb\"},\"inLanguage\":\"de\",\"potentialAction\":[{\"@type\":\"ReadAction\",\"target\":[\"https:\\\/\\\/hutfactory.com\\\/?product=ballonmuetze-leder\"]}]},{\"@type\":\"ImageObject\",\"inLanguage\":\"de\",\"@id\":\"https:\\\/\\\/hutfactory.com\\\/?product=ballonmuetze-leder#primaryimage\",\"url\":\"https:\\\/\\\/hutfactory.com\\\/wp-content\\\/uploads\\\/2026\\\/03\\\/95739.1-e1566917501515.webp\",\"contentUrl\":\"https:\\\/\\\/hutfactory.com\\\/wp-content\\\/uploads\\\/2026\\\/03\\\/95739.1-e1566917501515.webp\",\"width\":750,\"height\":750},{\"@type\":\"BreadcrumbList\",\"@id\":\"https:\\\/\\\/hutfactory.com\\\/?product=ballonmuetze-leder#breadcrumb\",\"itemListElement\":[{\"@type\":\"ListItem\",\"position\":1,\"name\":\"Start\",\"item\":\"https:\\\/\\\/hutfactory.com\\\/\"},{\"@type\":\"ListItem\",\"position\":2,\"name\":\"Shop\",\"item\":\"https:\\\/\\\/hutfactory.com\\\/?page_id=10\"},{\"@type\":\"ListItem\",\"position\":3,\"name\":\"Ballonm\u00fctze Leder\"}]},{\"@type\":\"WebSite\",\"@id\":\"https:\\\/\\\/hutfactory.com\\\/#website\",\"url\":\"https:\\\/\\\/hutfactory.com\\\/\",\"name\":\"Hut Factory\",\"description\":\"H\u00fcte, Kappen &amp; M\u00fctzen in Top Swiss\\\/EU Qualit\u00e4t\",\"publisher\":{\"@id\":\"https:\\\/\\\/hutfactory.com\\\/#organization\"},\"alternateName\":\"Hut Shop\",\"potentialAction\":[{\"@type\":\"SearchAction\",\"target\":{\"@type\":\"EntryPoint\",\"urlTemplate\":\"https:\\\/\\\/hutfactory.com\\\/?s={search_term_string}\"},\"query-input\":{\"@type\":\"PropertyValueSpecification\",\"valueRequired\":true,\"valueName\":\"search_term_string\"}}],\"inLanguage\":\"de\"},{\"@type\":\"Organization\",\"@id\":\"https:\\\/\\\/hutfactory.com\\\/#organization\",\"name\":\"Hut Factory\",\"url\":\"https:\\\/\\\/hutfactory.com\\\/\",\"logo\":{\"@type\":\"ImageObject\",\"inLanguage\":\"de\",\"@id\":\"https:\\\/\\\/hutfactory.com\\\/#\\\/schema\\\/logo\\\/image\\\/\",\"url\":\"https:\\\/\\\/hutfactory.com\\\/wp-content\\\/uploads\\\/2026\\\/01\\\/Logo-hut-factory-1.webp\",\"contentUrl\":\"https:\\\/\\\/hutfactory.com\\\/wp-content\\\/uploads\\\/2026\\\/01\\\/Logo-hut-factory-1.webp\",\"width\":300,\"height\":262,\"caption\":\"Hut Factory\"},\"image\":{\"@id\":\"https:\\\/\\\/hutfactory.com\\\/#\\\/schema\\\/logo\\\/image\\\/\"}}]}<\/script>\n<!-- \/ Yoast SEO Premium plugin. -->","yoast_head_json":{"title":"Marlon Brando M\u00fctze aus Antikleder","description":"Ihre Marlon Brando M\u00fctze in Dunkelbraun - zeitlose Eleganz aus hochwertigem antikem Leder. Perfekt f\u00fcr die kalte Jahreszeit. Jetzt bestellen!","robots":{"index":"index","follow":"follow","max-snippet":"max-snippet:-1","max-image-preview":"max-image-preview:large","max-video-preview":"max-video-preview:-1"},"canonical":"https:\/\/hutfactory.com\/?product=ballonmuetze-leder","og_locale":"de_DE","og_type":"article","og_title":"Ballonm\u00fctze Leder","og_description":"Ihre Marlon Brando M\u00fctze in Dunkelbraun - zeitlose Eleganz aus hochwertigem antikem Leder. Perfekt f\u00fcr die kalte Jahreszeit. Jetzt bestellen!","og_url":"https:\/\/hutfactory.com\/?product=ballonmuetze-leder","og_site_name":"Hut Factory","article_modified_time":"2026-03-01T17:14:34+00:00","og_image":[{"width":750,"height":750,"url":"https:\/\/hutfactory.com\/wp-content\/uploads\/2026\/03\/95739.1-e1566917501515.webp","type":"image\/webp"}],"twitter_card":"summary_large_image","twitter_misc":{"Gesch\u00e4tzte Lesezeit":"1\u00a0Minute"},"schema":{"@context":"https:\/\/schema.org","@graph":[{"@type":"WebPage","@id":"https:\/\/hutfactory.com\/?product=ballonmuetze-leder","url":"https:\/\/hutfactory.com\/?product=ballonmuetze-leder","name":"Marlon Brando M\u00fctze aus Antikleder","isPartOf":{"@id":"https:\/\/hutfactory.com\/#website"},"primaryImageOfPage":{"@id":"https:\/\/hutfactory.com\/?product=ballonmuetze-leder#primaryimage"},"image":{"@id":"https:\/\/hutfactory.com\/?product=ballonmuetze-leder#primaryimage"},"thumbnailUrl":"https:\/\/hutfactory.com\/wp-content\/uploads\/2026\/03\/95739.1-e1566917501515.webp","datePublished":"2026-03-01T17:12:37+00:00","dateModified":"2026-03-01T17:14:34+00:00","description":"Ihre Marlon Brando M\u00fctze in Dunkelbraun - zeitlose Eleganz aus hochwertigem antikem Leder. Perfekt f\u00fcr die kalte Jahreszeit. Jetzt bestellen!","breadcrumb":{"@id":"https:\/\/hutfactory.com\/?product=ballonmuetze-leder#breadcrumb"},"inLanguage":"de","potentialAction":[{"@type":"ReadAction","target":["https:\/\/hutfactory.com\/?product=ballonmuetze-leder"]}]},{"@type":"ImageObject","inLanguage":"de","@id":"https:\/\/hutfactory.com\/?product=ballonmuetze-leder#primaryimage","url":"https:\/\/hutfactory.com\/wp-content\/uploads\/2026\/03\/95739.1-e1566917501515.webp","contentUrl":"https:\/\/hutfactory.com\/wp-content\/uploads\/2026\/03\/95739.1-e1566917501515.webp","width":750,"height":750},{"@type":"BreadcrumbList","@id":"https:\/\/hutfactory.com\/?product=ballonmuetze-leder#breadcrumb","itemListElement":[{"@type":"ListItem","position":1,"name":"Start","item":"https:\/\/hutfactory.com\/"},{"@type":"ListItem","position":2,"name":"Shop","item":"https:\/\/hutfactory.com\/?page_id=10"},{"@type":"ListItem","position":3,"name":"Ballonm\u00fctze Leder"}]},{"@type":"WebSite","@id":"https:\/\/hutfactory.com\/#website","url":"https:\/\/hutfactory.com\/","name":"Hut Factory","description":"H\u00fcte, Kappen &amp; M\u00fctzen in Top Swiss\/EU Qualit\u00e4t","publisher":{"@id":"https:\/\/hutfactory.com\/#organization"},"alternateName":"Hut Shop","potentialAction":[{"@type":"SearchAction","target":{"@type":"EntryPoint","urlTemplate":"https:\/\/hutfactory.com\/?s={search_term_string}"},"query-input":{"@type":"PropertyValueSpecification","valueRequired":true,"valueName":"search_term_string"}}],"inLanguage":"de"},{"@type":"Organization","@id":"https:\/\/hutfactory.com\/#organization","name":"Hut Factory","url":"https:\/\/hutfactory.com\/","logo":{"@type":"ImageObject","inLanguage":"de","@id":"https:\/\/hutfactory.com\/#\/schema\/logo\/image\/","url":"https:\/\/hutfactory.com\/wp-content\/uploads\/2026\/01\/Logo-hut-factory-1.webp","contentUrl":"https:\/\/hutfactory.com\/wp-content\/uploads\/2026\/01\/Logo-hut-factory-1.webp","width":300,"height":262,"caption":"Hut Factory"},"image":{"@id":"https:\/\/hutfactory.com\/#\/schema\/logo\/image\/"}}]}},"_links":{"self":[{"href":"https:\/\/hutfactory.com\/index.php?rest_route=\/wp\/v2\/product\/14185","targetHints":{"allow":["GET"]}}],"collection":[{"href":"https:\/\/hutfactory.com\/index.php?rest_route=\/wp\/v2\/product"}],"about":[{"href":"https:\/\/hutfactory.com\/index.php?rest_route=\/wp\/v2\/types\/product"}],"wp:featuredmedia":[{"embeddable":true,"href":"https:\/\/hutfactory.com\/index.php?rest_route=\/wp\/v2\/media\/14186"}],"wp:attachment":[{"href":"https:\/\/hutfactory.com\/index.php?rest_route=%2Fwp%2Fv2%2Fmedia&parent=14185"}],"wp:term":[{"taxonomy":"product_brand","embeddable":true,"href":"https:\/\/hutfactory.com\/index.php?rest_route=%2Fwp%2Fv2%2Fproduct_brand&post=14185"},{"taxonomy":"product_cat","embeddable":true,"href":"https:\/\/hutfactory.com\/index.php?rest_route=%2Fwp%2Fv2%2Fproduct_cat&post=14185"},{"taxonomy":"product_tag","embeddable":true,"href":"https:\/\/hutfactory.com\/index.php?rest_route=%2Fwp%2Fv2%2Fproduct_tag&post=14185"}],"curies":[{"name":"wp","href":"https:\/\/api.w.org\/{rel}","templated":true}]}}