{"id":14172,"date":"2026-03-01T17:12:37","date_gmt":"2026-03-01T17:12:37","guid":{"rendered":"https:\/\/hutfactory.com\/?product=schiebermuetze-mit-steg-pure-wool"},"modified":"2026-03-01T17:24:10","modified_gmt":"2026-03-01T17:24:10","slug":"schiebermuetze-mit-steg-pure-wool","status":"publish","type":"product","link":"https:\/\/hutfactory.com\/?product=schiebermuetze-mit-steg-pure-wool","title":{"rendered":"Schieberm\u00fctze mit Steg &#8220;Pure Wool&#8221;"},"content":{"rendered":"<div class=\"wpb-content-wrapper\"><p>[vc_row][vc_column][vc_column_text css=&#8221;&#8221;]<\/p>\n<div class=\"flex-1 overflow-hidden\">\n<div class=\"react-scroll-to-bottom--css-zvkfd-79elbk h-full dark:bg-gray-800\">\n<div class=\"react-scroll-to-bottom--css-zvkfd-1n7m0yu\">\n<div class=\"flex flex-col text-sm dark:bg-gray-800\">\n<div class=\"group w-full text-token-text-primary border-b border-black\/10 dark:border-gray-900\/50 dark:bg-gray-800\" data-testid=\"conversation-turn-62\">\n<div class=\"p-4 justify-center text-base md:gap-6 md:py-6 m-auto\">\n<div class=\"flex flex-1 gap-4 text-base mx-auto md:gap-6 md:max-w-2xl lg:max-w-[38rem] xl:max-w-3xl }\">\n<div class=\"relative flex w-[calc(100%-50px)] flex-col gap-1 md:gap-3 lg:w-[calc(100%-115px)]\">\n<div class=\"flex flex-grow flex-col gap-3 max-w-full\">\n<div class=\"min-h-[20px] flex flex-col items-start gap-3 overflow-x-auto whitespace-pre-wrap break-words\">\n<p>Die Schieberm\u00fctze mit Steg aus 100 % Wolle ist die perfekte Mischung aus Tradition und Exklusivit\u00e4t. In Schwarz oder Hellgrau erh\u00e4ltlich, bietet sie nicht nur einen edlen Look, sondern auch herausragende Funktionalit\u00e4t. Gefertigt in einem traditionellen Handwerksbetrieb in Europa, der f\u00fcr seine Liebe zum Detail bekannt ist, steht jede M\u00fctze f\u00fcr Handwerkskunst auf h\u00f6chstem Niveau. Ob als modisches Accessoire oder praktischer Begleiter f\u00fcr k\u00fchle Tage \u0096 diese M\u00fctze verleiht Ihrem Outfit das gewisse Etwas. Dank der limitierten Auflage ist sie ein exklusives St\u00fcck, das Eleganz und Individualit\u00e4t ausstrahlt.<\/p>\n<\/div>\n<\/div>\n<\/div>\n<\/div>\n<\/div>\n<\/div>\n<\/div>\n<\/div>\n<\/div>\n<\/div>\n<p>[\/vc_column_text][\/vc_column][\/vc_row]<\/p>\n<div class=\"hf-accordions\">\n<hr class=\"hf-accordion-separator\" \/>\n<details class=\"hf-accordion\">\n<summary><strong>\u25b6\ufe0f Gut zu wissen \u2013 mehr erfahren<\/strong><\/summary>\n<div class=\"hf-accordion-content\">\n<h3>Wichtige Produktdetails<\/h3>\n<h4>Material &#038; Design:<\/h4>\n<ul>\n<li><strong>Materialzusammensetzung:<\/strong>\u00a0100 % Wolle<\/li>\n<li><strong>Gr\u00f6\u00dfen:<\/strong>\u00a0Verf\u00fcgbar in den Gr\u00f6\u00dfen 55\u009661<\/li>\n<li><strong>Farben:<\/strong>\u00a0Schwarz, Hellgrau<\/li>\n<li><strong>Garnitur:<\/strong>\u00a0Klassischer Steg f\u00fcr besseren Halt und Form<\/li>\n<li><strong>Schwei\u00dfband:<\/strong>\u00a0Komfortables, weiches Innenband f\u00fcr ganzt\u00e4gigen Tragekomfort<\/li>\n<\/ul>\n<h4>Handwerkskunst &#038; Exklusivit\u00e4t:<\/h4>\n<ul>\n<li><strong>Handarbeit:<\/strong>\u00a0Jede M\u00fctze wird in einem traditionellen Handwerksbetrieb in Europa gefertigt<\/li>\n<li><strong>Tradition und Erfahrung:<\/strong>\u00a0Hohe Pr\u00e4zision und Detailtreue durch erfahrene Hutmacher<\/li>\n<li><strong>Limitierte Auflage:<\/strong>\u00a0Nur in begrenzter St\u00fcckzahl verf\u00fcgbar \u0096 Exklusivit\u00e4t garantiert<\/li>\n<\/ul>\n<h4>Herstellung:<\/h4>\n<ul>\n<li><strong>Produktionsort:<\/strong>\u00a0Europa (genauer Standort auf Anfrage)<\/li>\n<li><strong>Hersteller:<\/strong>\u00a0In Zusammenarbeit mit der Risa Hutwerkstatt, Schweiz<\/li>\n<li><strong>Herstellungszeit:<\/strong>\u00a0Auf Lager, sofort versandbereit<\/li>\n<\/ul>\n<h4>Lieferbedingungen:<\/h4>\n<ul>\n<li><strong>Versand:<\/strong>\u00a0Innerhalb weniger Tage ab Lager Schweiz nach Zahlungseingang<\/li>\n<li><strong>Garantie:<\/strong>\u00a0Umtausch nur bei Material- oder Herstellungsfehlern m\u00f6glich, da jeder Artikel individuell gefertigt wird<\/li>\n<li><strong>Verf\u00fcgbarkeit:<\/strong>\u00a0Limitiert, fr\u00fche Bestellungen empfohlen, um Verf\u00fcgbarkeit zu sichern<\/li>\n<\/ul>\n<\/div>\n<\/details>\n<details class=\"hf-accordion\">\n<summary><strong>\u25b6\ufe0f FAQ \u2013 H\u00e4ufige Fragen<\/strong><\/summary>\n<div class=\"hf-accordion-content\">\n<h3>FAQ (H\u00e4ufige Fragen und Antworten)<\/h3>\n<ol>\n<li><strong>Ist die M\u00fctze f\u00fcr alle Jahreszeiten geeignet?<\/strong><br \/>\nDank der 100 % Wolle ist die Schieberm\u00fctze ideal f\u00fcr Herbst und Winter, bietet aber auch an k\u00fchlen Fr\u00fchlingstagen angenehme W\u00e4rme.<\/li>\n<li><strong>Kann ich die Gr\u00f6\u00dfe umtauschen, falls sie nicht passt?<\/strong><br \/>\nAufgrund der individuellen Anfertigung ist ein Umtausch nur bei Materialfehlern m\u00f6glich. Bitte messen Sie daher Ihre Kopfgr\u00f6\u00dfe sorgf\u00e4ltig vor der Bestellung.<\/li>\n<li><strong>Wie wird die M\u00fctze versendet?<\/strong><br \/>\nDer Versand erfolgt ab Lager in der Schweiz innerhalb weniger Tage nach Zahlungseingang.<\/li>\n<li><strong>Wird die M\u00fctze nachhaltig hergestellt?<\/strong><br \/>\nJa, wir legen gro\u00dfen Wert auf Nachhaltigkeit. Unsere M\u00fctzen werden aus nat\u00fcrlichen Materialien in kleinen, traditionellen Handwerksbetrieben in Europa gefertigt.<\/li>\n<li><strong>Gibt es besondere Pflegehinweise f\u00fcr die M\u00fctze?<\/strong><br \/>\nUm die Langlebigkeit der M\u00fctze zu gew\u00e4hrleisten, empfehlen wir eine schonende Pflege, siehe Pflegehinweise unten.<\/li>\n<\/ol>\n<\/div>\n<\/details>\n<\/div>\n<\/div>","protected":false},"excerpt":{"rendered":"<h3>Limitierte Auflage<\/h3>\n<p>Entdecken Sie die zeitlose Schieberm\u00fctze mit Steg, handgefertigt aus 100 % Wolle. Diese M\u00fctze vereint klassische Linien mit moderner Raffinesse und bietet perfekten Tragekomfort. Erh\u00e4ltlich in Schwarz und Hellgrau, ist sie ein Must-have f\u00fcr den anspruchsvollen Gentleman oder die stilbewusste Dame.<\/p>\n","protected":false},"featured_media":14173,"template":"","meta":{"_acf_changed":false,"rs_blank_template":"","rs_page_bg_color":"","slide_template_v7":""},"product_brand":[250],"product_cat":[551,387],"product_tag":[552],"class_list":{"0":"post-14172","1":"product","2":"type-product","3":"status-publish","4":"has-post-thumbnail","6":"product_brand-risa-hutwerkstatt-schweiz","7":"product_cat-flatcaps-schiebermuetzen","8":"product_cat-wintermuetzen","9":"product_tag-100-wolle","10":"product_shipping_class-mittlere-pakete","11":"pa_color-hgrau","12":"pa_color-schwarz","13":"pa_groesse-196","14":"pa_groesse-207","15":"pa_groesse-197","16":"pa_groesse-208","17":"pa_groesse-198","18":"pa_groesse-209","19":"pa_groesse-199","20":"pa_groesse-210","21":"yith_product_brand-risa-hutwerkstatt-schweiz","24":"instock","25":"taxable","26":"shipping-taxable","27":"purchasable","28":"product-type-variable","29":"wvs-archive-product-wrapper","30":"add-to-wishlist-after_add_to_cart"},"acf":[],"yoast_head":"<!-- This site is optimized with the Yoast SEO Premium plugin v27.3 (Yoast SEO v27.3) - https:\/\/yoast.com\/product\/yoast-seo-premium-wordpress\/ -->\n<title>Schieberm\u00fctze mit Steg aus feiner Schafswolle<\/title>\n<meta name=\"description\" content=\"Die schwarze Schieberm\u00fctze aus Wolle h\u00e4lt Sie im Winter warm und entpuppt sich als schickes Accessoire f\u00fcr die aktuelle Wintermode.\" \/>\n<meta name=\"robots\" content=\"index, follow, max-snippet:-1, max-image-preview:large, max-video-preview:-1\" \/>\n<link rel=\"canonical\" href=\"https:\/\/hutfactory.com\/?product=schiebermuetze-mit-steg-pure-wool\" \/>\n<meta property=\"og:locale\" content=\"de_DE\" \/>\n<meta property=\"og:type\" content=\"article\" \/>\n<meta property=\"og:title\" content=\"Schieberm\u00fctze mit Steg &quot;Pure Wool&quot;\" \/>\n<meta property=\"og:description\" content=\"Die schwarze Schieberm\u00fctze aus Wolle h\u00e4lt Sie im Winter warm und entpuppt sich als schickes Accessoire f\u00fcr die aktuelle Wintermode.\" \/>\n<meta property=\"og:url\" content=\"https:\/\/hutfactory.com\/?product=schiebermuetze-mit-steg-pure-wool\" \/>\n<meta property=\"og:site_name\" content=\"Hut Factory\" \/>\n<meta property=\"article:modified_time\" content=\"2026-03-01T17:24:10+00:00\" \/>\n<meta property=\"og:image\" content=\"https:\/\/hutfactory.com\/wp-content\/uploads\/2026\/03\/95442.alle_.webp\" \/>\n\t<meta property=\"og:image:width\" content=\"750\" \/>\n\t<meta property=\"og:image:height\" content=\"750\" \/>\n\t<meta property=\"og:image:type\" content=\"image\/webp\" \/>\n<meta name=\"twitter:card\" content=\"summary_large_image\" \/>\n<meta name=\"twitter:label1\" content=\"Gesch\u00e4tzte Lesezeit\" \/>\n\t<meta name=\"twitter:data1\" content=\"2\u00a0Minuten\" \/>\n<script type=\"application\/ld+json\" class=\"yoast-schema-graph\">{\"@context\":\"https:\\\/\\\/schema.org\",\"@graph\":[{\"@type\":\"WebPage\",\"@id\":\"https:\\\/\\\/hutfactory.com\\\/?product=schiebermuetze-mit-steg-pure-wool\",\"url\":\"https:\\\/\\\/hutfactory.com\\\/?product=schiebermuetze-mit-steg-pure-wool\",\"name\":\"Schieberm\u00fctze mit Steg aus feiner Schafswolle\",\"isPartOf\":{\"@id\":\"https:\\\/\\\/hutfactory.com\\\/#website\"},\"primaryImageOfPage\":{\"@id\":\"https:\\\/\\\/hutfactory.com\\\/?product=schiebermuetze-mit-steg-pure-wool#primaryimage\"},\"image\":{\"@id\":\"https:\\\/\\\/hutfactory.com\\\/?product=schiebermuetze-mit-steg-pure-wool#primaryimage\"},\"thumbnailUrl\":\"https:\\\/\\\/hutfactory.com\\\/wp-content\\\/uploads\\\/2026\\\/03\\\/95442.alle_.webp\",\"datePublished\":\"2026-03-01T17:12:37+00:00\",\"dateModified\":\"2026-03-01T17:24:10+00:00\",\"description\":\"Die schwarze Schieberm\u00fctze aus Wolle h\u00e4lt Sie im Winter warm und entpuppt sich als schickes Accessoire f\u00fcr die aktuelle Wintermode.\",\"breadcrumb\":{\"@id\":\"https:\\\/\\\/hutfactory.com\\\/?product=schiebermuetze-mit-steg-pure-wool#breadcrumb\"},\"inLanguage\":\"de\",\"potentialAction\":[{\"@type\":\"ReadAction\",\"target\":[\"https:\\\/\\\/hutfactory.com\\\/?product=schiebermuetze-mit-steg-pure-wool\"]}]},{\"@type\":\"ImageObject\",\"inLanguage\":\"de\",\"@id\":\"https:\\\/\\\/hutfactory.com\\\/?product=schiebermuetze-mit-steg-pure-wool#primaryimage\",\"url\":\"https:\\\/\\\/hutfactory.com\\\/wp-content\\\/uploads\\\/2026\\\/03\\\/95442.alle_.webp\",\"contentUrl\":\"https:\\\/\\\/hutfactory.com\\\/wp-content\\\/uploads\\\/2026\\\/03\\\/95442.alle_.webp\",\"width\":750,\"height\":750,\"caption\":\"||\"},{\"@type\":\"BreadcrumbList\",\"@id\":\"https:\\\/\\\/hutfactory.com\\\/?product=schiebermuetze-mit-steg-pure-wool#breadcrumb\",\"itemListElement\":[{\"@type\":\"ListItem\",\"position\":1,\"name\":\"Start\",\"item\":\"https:\\\/\\\/hutfactory.com\\\/\"},{\"@type\":\"ListItem\",\"position\":2,\"name\":\"Shop\",\"item\":\"https:\\\/\\\/hutfactory.com\\\/?page_id=10\"},{\"@type\":\"ListItem\",\"position\":3,\"name\":\"Schieberm\u00fctze mit Steg &#8220;Pure Wool&#8221;\"}]},{\"@type\":\"WebSite\",\"@id\":\"https:\\\/\\\/hutfactory.com\\\/#website\",\"url\":\"https:\\\/\\\/hutfactory.com\\\/\",\"name\":\"Hut Factory\",\"description\":\"H\u00fcte, Kappen &amp; M\u00fctzen in Top Swiss\\\/EU Qualit\u00e4t\",\"publisher\":{\"@id\":\"https:\\\/\\\/hutfactory.com\\\/#organization\"},\"alternateName\":\"Hut Shop\",\"potentialAction\":[{\"@type\":\"SearchAction\",\"target\":{\"@type\":\"EntryPoint\",\"urlTemplate\":\"https:\\\/\\\/hutfactory.com\\\/?s={search_term_string}\"},\"query-input\":{\"@type\":\"PropertyValueSpecification\",\"valueRequired\":true,\"valueName\":\"search_term_string\"}}],\"inLanguage\":\"de\"},{\"@type\":\"Organization\",\"@id\":\"https:\\\/\\\/hutfactory.com\\\/#organization\",\"name\":\"Hut Factory\",\"url\":\"https:\\\/\\\/hutfactory.com\\\/\",\"logo\":{\"@type\":\"ImageObject\",\"inLanguage\":\"de\",\"@id\":\"https:\\\/\\\/hutfactory.com\\\/#\\\/schema\\\/logo\\\/image\\\/\",\"url\":\"https:\\\/\\\/hutfactory.com\\\/wp-content\\\/uploads\\\/2026\\\/01\\\/Logo-hut-factory-1.webp\",\"contentUrl\":\"https:\\\/\\\/hutfactory.com\\\/wp-content\\\/uploads\\\/2026\\\/01\\\/Logo-hut-factory-1.webp\",\"width\":300,\"height\":262,\"caption\":\"Hut Factory\"},\"image\":{\"@id\":\"https:\\\/\\\/hutfactory.com\\\/#\\\/schema\\\/logo\\\/image\\\/\"}}]}<\/script>\n<!-- \/ Yoast SEO Premium plugin. -->","yoast_head_json":{"title":"Schieberm\u00fctze mit Steg aus feiner Schafswolle","description":"Die schwarze Schieberm\u00fctze aus Wolle h\u00e4lt Sie im Winter warm und entpuppt sich als schickes Accessoire f\u00fcr die aktuelle Wintermode.","robots":{"index":"index","follow":"follow","max-snippet":"max-snippet:-1","max-image-preview":"max-image-preview:large","max-video-preview":"max-video-preview:-1"},"canonical":"https:\/\/hutfactory.com\/?product=schiebermuetze-mit-steg-pure-wool","og_locale":"de_DE","og_type":"article","og_title":"Schieberm\u00fctze mit Steg \"Pure Wool\"","og_description":"Die schwarze Schieberm\u00fctze aus Wolle h\u00e4lt Sie im Winter warm und entpuppt sich als schickes Accessoire f\u00fcr die aktuelle Wintermode.","og_url":"https:\/\/hutfactory.com\/?product=schiebermuetze-mit-steg-pure-wool","og_site_name":"Hut Factory","article_modified_time":"2026-03-01T17:24:10+00:00","og_image":[{"width":750,"height":750,"url":"https:\/\/hutfactory.com\/wp-content\/uploads\/2026\/03\/95442.alle_.webp","type":"image\/webp"}],"twitter_card":"summary_large_image","twitter_misc":{"Gesch\u00e4tzte Lesezeit":"2\u00a0Minuten"},"schema":{"@context":"https:\/\/schema.org","@graph":[{"@type":"WebPage","@id":"https:\/\/hutfactory.com\/?product=schiebermuetze-mit-steg-pure-wool","url":"https:\/\/hutfactory.com\/?product=schiebermuetze-mit-steg-pure-wool","name":"Schieberm\u00fctze mit Steg aus feiner Schafswolle","isPartOf":{"@id":"https:\/\/hutfactory.com\/#website"},"primaryImageOfPage":{"@id":"https:\/\/hutfactory.com\/?product=schiebermuetze-mit-steg-pure-wool#primaryimage"},"image":{"@id":"https:\/\/hutfactory.com\/?product=schiebermuetze-mit-steg-pure-wool#primaryimage"},"thumbnailUrl":"https:\/\/hutfactory.com\/wp-content\/uploads\/2026\/03\/95442.alle_.webp","datePublished":"2026-03-01T17:12:37+00:00","dateModified":"2026-03-01T17:24:10+00:00","description":"Die schwarze Schieberm\u00fctze aus Wolle h\u00e4lt Sie im Winter warm und entpuppt sich als schickes Accessoire f\u00fcr die aktuelle Wintermode.","breadcrumb":{"@id":"https:\/\/hutfactory.com\/?product=schiebermuetze-mit-steg-pure-wool#breadcrumb"},"inLanguage":"de","potentialAction":[{"@type":"ReadAction","target":["https:\/\/hutfactory.com\/?product=schiebermuetze-mit-steg-pure-wool"]}]},{"@type":"ImageObject","inLanguage":"de","@id":"https:\/\/hutfactory.com\/?product=schiebermuetze-mit-steg-pure-wool#primaryimage","url":"https:\/\/hutfactory.com\/wp-content\/uploads\/2026\/03\/95442.alle_.webp","contentUrl":"https:\/\/hutfactory.com\/wp-content\/uploads\/2026\/03\/95442.alle_.webp","width":750,"height":750,"caption":"||"},{"@type":"BreadcrumbList","@id":"https:\/\/hutfactory.com\/?product=schiebermuetze-mit-steg-pure-wool#breadcrumb","itemListElement":[{"@type":"ListItem","position":1,"name":"Start","item":"https:\/\/hutfactory.com\/"},{"@type":"ListItem","position":2,"name":"Shop","item":"https:\/\/hutfactory.com\/?page_id=10"},{"@type":"ListItem","position":3,"name":"Schieberm\u00fctze mit Steg &#8220;Pure Wool&#8221;"}]},{"@type":"WebSite","@id":"https:\/\/hutfactory.com\/#website","url":"https:\/\/hutfactory.com\/","name":"Hut Factory","description":"H\u00fcte, Kappen &amp; M\u00fctzen in Top Swiss\/EU Qualit\u00e4t","publisher":{"@id":"https:\/\/hutfactory.com\/#organization"},"alternateName":"Hut Shop","potentialAction":[{"@type":"SearchAction","target":{"@type":"EntryPoint","urlTemplate":"https:\/\/hutfactory.com\/?s={search_term_string}"},"query-input":{"@type":"PropertyValueSpecification","valueRequired":true,"valueName":"search_term_string"}}],"inLanguage":"de"},{"@type":"Organization","@id":"https:\/\/hutfactory.com\/#organization","name":"Hut Factory","url":"https:\/\/hutfactory.com\/","logo":{"@type":"ImageObject","inLanguage":"de","@id":"https:\/\/hutfactory.com\/#\/schema\/logo\/image\/","url":"https:\/\/hutfactory.com\/wp-content\/uploads\/2026\/01\/Logo-hut-factory-1.webp","contentUrl":"https:\/\/hutfactory.com\/wp-content\/uploads\/2026\/01\/Logo-hut-factory-1.webp","width":300,"height":262,"caption":"Hut Factory"},"image":{"@id":"https:\/\/hutfactory.com\/#\/schema\/logo\/image\/"}}]}},"_links":{"self":[{"href":"https:\/\/hutfactory.com\/index.php?rest_route=\/wp\/v2\/product\/14172","targetHints":{"allow":["GET"]}}],"collection":[{"href":"https:\/\/hutfactory.com\/index.php?rest_route=\/wp\/v2\/product"}],"about":[{"href":"https:\/\/hutfactory.com\/index.php?rest_route=\/wp\/v2\/types\/product"}],"wp:featuredmedia":[{"embeddable":true,"href":"https:\/\/hutfactory.com\/index.php?rest_route=\/wp\/v2\/media\/14173"}],"wp:attachment":[{"href":"https:\/\/hutfactory.com\/index.php?rest_route=%2Fwp%2Fv2%2Fmedia&parent=14172"}],"wp:term":[{"taxonomy":"product_brand","embeddable":true,"href":"https:\/\/hutfactory.com\/index.php?rest_route=%2Fwp%2Fv2%2Fproduct_brand&post=14172"},{"taxonomy":"product_cat","embeddable":true,"href":"https:\/\/hutfactory.com\/index.php?rest_route=%2Fwp%2Fv2%2Fproduct_cat&post=14172"},{"taxonomy":"product_tag","embeddable":true,"href":"https:\/\/hutfactory.com\/index.php?rest_route=%2Fwp%2Fv2%2Fproduct_tag&post=14172"}],"curies":[{"name":"wp","href":"https:\/\/api.w.org\/{rel}","templated":true}]}}