{"id":14160,"date":"2026-03-01T17:12:37","date_gmt":"2026-03-01T17:12:37","guid":{"rendered":"https:\/\/hutfactory.com\/?product=cycle-cap-hairy-melousine"},"modified":"2026-03-01T17:13:48","modified_gmt":"2026-03-01T17:13:48","slug":"cycle-cap-hairy-melousine","status":"publish","type":"product","link":"https:\/\/hutfactory.com\/?product=cycle-cap-hairy-melousine","title":{"rendered":"Cycle-Cap &#8220;Hairy Melousine&#8221;"},"content":{"rendered":"<div class=\"wpb-content-wrapper\"><p>[vc_row][vc_column][vc_column_text css=&#8221;&#8221;]<\/p>\n<div class=\"flex-1 overflow-hidden\">\n<div class=\"react-scroll-to-bottom--css-zvkfd-79elbk h-full dark:bg-gray-800\">\n<div class=\"react-scroll-to-bottom--css-zvkfd-1n7m0yu\">\n<div class=\"flex flex-col text-sm dark:bg-gray-800\">\n<div class=\"group w-full text-token-text-primary border-b border-black\/10 dark:border-gray-900\/50 dark:bg-gray-800\" data-testid=\"conversation-turn-62\">\n<div class=\"p-4 justify-center text-base md:gap-6 md:py-6 m-auto\">\n<div class=\"flex flex-1 gap-4 text-base mx-auto md:gap-6 md:max-w-2xl lg:max-w-[38rem] xl:max-w-3xl }\">\n<div class=\"relative flex w-[calc(100%-50px)] flex-col gap-1 md:gap-3 lg:w-[calc(100%-115px)]\">\n<div class=\"flex flex-grow flex-col gap-3 max-w-full\">\n<div class=\"min-h-[20px] flex flex-col items-start gap-3 overflow-x-auto whitespace-pre-wrap break-words\">\n<p><strong>Material &#038; Qualit\u00e4t:<\/strong><\/p>\n<p>Unsere &#8220;Hairy-Melousine&#8221; Caps werden aus 100% Haarfilz Melousine gefertigt \u0096 ein Material, das nicht nur luxuri\u00f6s weich ist, sondern auch au\u00dfergew\u00f6hnliche W\u00e4rmeisolierung bietet. Dieser feine Haarfilz f\u00fchlt sich auf Ihrer Haut angenehm an und sorgt f\u00fcr ein behagliches Tragegef\u00fchl, selbst an den k\u00e4ltesten Tagen.<\/p>\n<p><strong>Stil &#038; Vielseitigkeit:<\/strong><\/p>\n<p>Das Design dieser Caps vereint zeitlose Eleganz mit modernem Charme. Der flauschige Haarfilz verleiht Ihrer Kopfbedeckung eine einzigartige Textur und einen kuscheligen Look. Ob in Schwarz f\u00fcr einen klassischen Auftritt, in Olive f\u00fcr Naturliebhaber, in Royalblau f\u00fcr einen Hauch von Extravaganz oder in Apricot f\u00fcr einen verspielten Touch \u0096 diese Caps passen zu jedem Stil und Anlass.<\/p>\n<p><strong>Passform &#038; Gr\u00f6\u00dfe:<\/strong><\/p>\n<p>Erh\u00e4ltlich in den Gr\u00f6\u00dfen 55, 57, 59 und 61, bietet unser &#8220;Hairy-Melousine&#8221; Cap die perfekte Passform f\u00fcr jeden Kopfumfang. Mit einer Sonderanfertigungsgarantie k\u00f6nnen Sie sich auf eine Kopfbedeckung freuen, die nicht nur gut aussieht, sondern auch optimal sitzt.<\/p>\n<p><strong>Exklusivit\u00e4t &#038; Handwerkskunst:<\/strong><\/p>\n<p>Jede dieser Caps ist eine Sonderanfertigung und wird von Hand in einem europ\u00e4ischen Handwerksbetrieb hergestellt. Dies garantiert h\u00f6chste Qualit\u00e4t und Exklusivit\u00e4t, die Sie in jedem Detail sp\u00fcren werden.<\/p>\n<p>Bereichern Sie Ihre Herbst- und Wintergarderobe mit dem &#8220;Hairy-Melousine&#8221; Cap von Hut-Factory \u0096 Ihrem Begleiter f\u00fcr unvergessliche Momente und stilvolle Auftritte.<\/p>\n<\/div>\n<\/div>\n<\/div>\n<\/div>\n<\/div>\n<\/div>\n<\/div>\n<\/div>\n<\/div>\n<\/div>\n<p>[\/vc_column_text][\/vc_column][\/vc_row]<\/p>\n<div class=\"hf-accordions\">\n<hr class=\"hf-accordion-separator\" \/>\n<details class=\"hf-accordion\">\n<summary><strong>\u25b6\ufe0f Gut zu wissen \u2013 mehr erfahren<\/strong><\/summary>\n<div class=\"hf-accordion-content\">\n<div class=\"wpb_text_column wpb_content_element\">\n<div class=\"wpb_wrapper\">\n<h3>Produktdetails:<\/h3>\n<\/div>\n<\/div>\n<div class=\"wpb_text_column wpb_content_element\">\n<div class=\"wpb_wrapper\">\n<ul>\n<li>Material: 100 % Haarfilz Melousine Gori<\/li>\n<li>Masse: Kopfh\u00f6he: 10,5 cm, D\u00e4chlil\u00e4nge 4,2 cm<\/li>\n<li>Farben: 1. Schwarz, 2. Olive, 3. Royalblau, 4. Apricot<\/li>\n<li>Garnitur:\u00a01919 Knopf als Swiss Quality Siegel<\/li>\n<li>Dieser Hut wird in der Schweizer Hutmanufaktur Risa auf Bestellung hergestellt<\/li>\n<li>Herstellung innert 10 bis 15 Arbeitstage im Herzen Europas<\/li>\n<li>Abverkauf des Rohmaterials vorbehalten<\/li>\n<\/ul>\n<\/div>\n<\/div>\n<\/div>\n<\/details>\n<details class=\"hf-accordion\">\n<summary><strong>\u25b6\ufe0f FAQ \u2013 H\u00e4ufige Fragen<\/strong><\/summary>\n<div class=\"hf-accordion-content\"><strong>FAQs \u0096 H\u00e4ufig gestellte Fragen<\/strong><\/p>\n<p>\u00a0<\/p>\n<p><strong>1. Welche Gr\u00f6\u00dfe sollte ich w\u00e4hlen?<\/strong>\u00a0Unsere \u0093Hairy-Melousine\u0094 Caps sind in den Gr\u00f6\u00dfen 55, 57, 59 und 61 erh\u00e4ltlich. Um die richtige Gr\u00f6\u00dfe f\u00fcr Ihren Kopfumfang zu ermitteln, empfehlen wir, Ihren Kopf an der breitesten Stelle \u00fcber den Ohren zu messen. Bei Unsicherheiten stehen wir Ihnen gerne zur Verf\u00fcgung.<\/p>\n<p><strong>2. Kann ich die Cap zur\u00fcckgeben, wenn sie mir nicht gef\u00e4llt?<\/strong>\u00a0Aufgrund der Sonderanfertigung bieten wir kein R\u00fcckgaberecht an, es sei denn, es liegt ein Material- oder Herstellungsfehler vor. Wir empfehlen Ihnen, die Gr\u00f6\u00dfe sorgf\u00e4ltig auszuw\u00e4hlen und uns bei Fragen zu kontaktieren.<\/p>\n<p><strong>3. Welche Farbe passt am besten zu meinem Stil?<\/strong>\u00a0Die Wahl der Farbe h\u00e4ngt von Ihrem pers\u00f6nlichen Geschmack und Ihrem Stil ab. Schwarz strahlt zeitlose Eleganz aus, Olive vermittelt Nat\u00fcrlichkeit, Royalblau bringt Extravaganz und Apricot sorgt f\u00fcr einen verspielten Look. W\u00e4hlen Sie die Farbe, die am besten zu Ihrem individuellen Stil passt.<\/p>\n<p><strong>4. Ist der Haarfilz kratzig?<\/strong>\u00a0Nein, unser Haarfilz Melousine ist besonders fein und angenehm auf der Haut. Er f\u00fchlt sich weich und flauschig an und sorgt f\u00fcr ein komfortables Tragegef\u00fchl.<\/p>\n<p><strong>5. Wie pflege ich meine \u0093Hairy-Melousine\u0094 Cap?<\/strong>\u00a0Wir empfehlen, die Cap vorsichtig von Hand mit einem weichen B\u00fcrstchen zu reinigen, um den Filz in bestem Zustand zu erhalten. Vermeiden Sie starken Regen und lagern Sie die Cap an einem trockenen Ort.<\/p>\n<p><strong>6. Woher stammt der Haarfilz?<\/strong>\u00a0Unser Haarfilz Melousine wird sorgf\u00e4ltig aus hochwertigen Materialien hergestellt, um die bestm\u00f6gliche Qualit\u00e4t sicherzustellen. Dieser Prozess erfolgt in europ\u00e4ischen Handwerksbetrieben, die auf traditionelle Handwerkskunst spezialisiert sind.<\/p>\n<p>Bei weiteren Fragen oder Anliegen stehen wir Ihnen jederzeit gerne zur Verf\u00fcgung. Wir m\u00f6chten sicherstellen, dass Ihr Einkauf bei Hut-Factory ein erstklassiges Erlebnis ist.<\/p><\/div>\n<\/details>\n<\/div>\n<\/div>","protected":false},"excerpt":{"rendered":"<p><strong>Flauschiger Cap aus feinem Haarfilz \u0096 Der &#8220;Hairy-Melousine&#8221;<\/strong><\/p>\n<p>Willkommen in der Welt des einzigartigen Stils und des maximalen Komforts. Unsere &#8220;Hairy-Melousine&#8221; Cap ist das ultimative Accessoire f\u00fcr die Herbst- und Wintersaison. Diese exklusive Kopfbedeckung wird Sie mit ihrem flauschigen, feinen Haarfilz in den Farben Schwarz, Olive, Royalblau und Apricot begeistern.<\/p>\n","protected":false},"featured_media":14161,"template":"","meta":{"_acf_changed":false,"rs_blank_template":"","rs_page_bg_color":"","slide_template_v7":""},"product_brand":[250],"product_cat":[454,387],"product_tag":[],"class_list":{"0":"post-14160","1":"product","2":"type-product","3":"status-publish","4":"has-post-thumbnail","6":"product_brand-risa-hutwerkstatt-schweiz","7":"product_cat-wintercaps","8":"product_cat-wintermuetzen","9":"product_shipping_class-mittlere-pakete","10":"pa_color-apricot","11":"pa_color-olive","12":"pa_color-royalblau","13":"pa_color-schwarz","14":"pa_groesse-196","15":"pa_groesse-197","16":"pa_groesse-198","17":"pa_groesse-199","18":"yith_product_brand-risa-hutwerkstatt-schweiz","21":"instock","22":"taxable","23":"shipping-taxable","24":"purchasable","25":"product-type-variable","26":"wvs-archive-product-wrapper","27":"add-to-wishlist-after_add_to_cart"},"acf":[],"yoast_head":"<!-- This site is optimized with the Yoast SEO Premium plugin v27.3 (Yoast SEO v27.3) - https:\/\/yoast.com\/product\/yoast-seo-premium-wordpress\/ -->\n<title>&quot;Hairy-Melousine&quot; Cap: Flauschiger Haarfilz f\u00fcr Herbst und Winter<\/title>\n<meta name=\"description\" content=\"Entdecken Sie unsere &quot;Hairy-Melousine&quot; Caps aus hochwertigem Haarfilz Melousine. Stilvoll, flauschig und handgefertigt im Herzen Europas.\" \/>\n<meta name=\"robots\" content=\"index, follow, max-snippet:-1, max-image-preview:large, max-video-preview:-1\" \/>\n<link rel=\"canonical\" href=\"https:\/\/hutfactory.com\/?product=cycle-cap-hairy-melousine\" \/>\n<meta property=\"og:locale\" content=\"de_DE\" \/>\n<meta property=\"og:type\" content=\"article\" \/>\n<meta property=\"og:title\" content=\"Cycle-Cap &quot;Hairy Melousine&quot;\" \/>\n<meta property=\"og:description\" content=\"Entdecken Sie unsere &quot;Hairy-Melousine&quot; Caps aus hochwertigem Haarfilz Melousine. Stilvoll, flauschig und handgefertigt im Herzen Europas.\" \/>\n<meta property=\"og:url\" content=\"https:\/\/hutfactory.com\/?product=cycle-cap-hairy-melousine\" \/>\n<meta property=\"og:site_name\" content=\"Hut Factory\" \/>\n<meta property=\"article:modified_time\" content=\"2026-03-01T17:13:48+00:00\" \/>\n<meta property=\"og:image\" content=\"https:\/\/hutfactory.com\/wp-content\/uploads\/2026\/03\/45105880.alle_.webp\" \/>\n\t<meta property=\"og:image:width\" content=\"750\" \/>\n\t<meta property=\"og:image:height\" content=\"750\" \/>\n\t<meta property=\"og:image:type\" content=\"image\/webp\" \/>\n<meta name=\"twitter:card\" content=\"summary_large_image\" \/>\n<meta name=\"twitter:label1\" content=\"Gesch\u00e4tzte Lesezeit\" \/>\n\t<meta name=\"twitter:data1\" content=\"3\u00a0Minuten\" \/>\n<script type=\"application\/ld+json\" class=\"yoast-schema-graph\">{\"@context\":\"https:\\\/\\\/schema.org\",\"@graph\":[{\"@type\":\"WebPage\",\"@id\":\"https:\\\/\\\/hutfactory.com\\\/?product=cycle-cap-hairy-melousine\",\"url\":\"https:\\\/\\\/hutfactory.com\\\/?product=cycle-cap-hairy-melousine\",\"name\":\"\\\"Hairy-Melousine\\\" Cap: Flauschiger Haarfilz f\u00fcr Herbst und Winter\",\"isPartOf\":{\"@id\":\"https:\\\/\\\/hutfactory.com\\\/#website\"},\"primaryImageOfPage\":{\"@id\":\"https:\\\/\\\/hutfactory.com\\\/?product=cycle-cap-hairy-melousine#primaryimage\"},\"image\":{\"@id\":\"https:\\\/\\\/hutfactory.com\\\/?product=cycle-cap-hairy-melousine#primaryimage\"},\"thumbnailUrl\":\"https:\\\/\\\/hutfactory.com\\\/wp-content\\\/uploads\\\/2026\\\/03\\\/45105880.alle_.webp\",\"datePublished\":\"2026-03-01T17:12:37+00:00\",\"dateModified\":\"2026-03-01T17:13:48+00:00\",\"description\":\"Entdecken Sie unsere \\\"Hairy-Melousine\\\" Caps aus hochwertigem Haarfilz Melousine. Stilvoll, flauschig und handgefertigt im Herzen Europas.\",\"breadcrumb\":{\"@id\":\"https:\\\/\\\/hutfactory.com\\\/?product=cycle-cap-hairy-melousine#breadcrumb\"},\"inLanguage\":\"de\",\"potentialAction\":[{\"@type\":\"ReadAction\",\"target\":[\"https:\\\/\\\/hutfactory.com\\\/?product=cycle-cap-hairy-melousine\"]}]},{\"@type\":\"ImageObject\",\"inLanguage\":\"de\",\"@id\":\"https:\\\/\\\/hutfactory.com\\\/?product=cycle-cap-hairy-melousine#primaryimage\",\"url\":\"https:\\\/\\\/hutfactory.com\\\/wp-content\\\/uploads\\\/2026\\\/03\\\/45105880.alle_.webp\",\"contentUrl\":\"https:\\\/\\\/hutfactory.com\\\/wp-content\\\/uploads\\\/2026\\\/03\\\/45105880.alle_.webp\",\"width\":750,\"height\":750,\"caption\":\"||||||||\"},{\"@type\":\"BreadcrumbList\",\"@id\":\"https:\\\/\\\/hutfactory.com\\\/?product=cycle-cap-hairy-melousine#breadcrumb\",\"itemListElement\":[{\"@type\":\"ListItem\",\"position\":1,\"name\":\"Start\",\"item\":\"https:\\\/\\\/hutfactory.com\\\/\"},{\"@type\":\"ListItem\",\"position\":2,\"name\":\"Shop\",\"item\":\"https:\\\/\\\/hutfactory.com\\\/?page_id=10\"},{\"@type\":\"ListItem\",\"position\":3,\"name\":\"Cycle-Cap &#8220;Hairy Melousine&#8221;\"}]},{\"@type\":\"WebSite\",\"@id\":\"https:\\\/\\\/hutfactory.com\\\/#website\",\"url\":\"https:\\\/\\\/hutfactory.com\\\/\",\"name\":\"Hut Factory\",\"description\":\"H\u00fcte, Kappen &amp; M\u00fctzen in Top Swiss\\\/EU Qualit\u00e4t\",\"publisher\":{\"@id\":\"https:\\\/\\\/hutfactory.com\\\/#organization\"},\"alternateName\":\"Hut Shop\",\"potentialAction\":[{\"@type\":\"SearchAction\",\"target\":{\"@type\":\"EntryPoint\",\"urlTemplate\":\"https:\\\/\\\/hutfactory.com\\\/?s={search_term_string}\"},\"query-input\":{\"@type\":\"PropertyValueSpecification\",\"valueRequired\":true,\"valueName\":\"search_term_string\"}}],\"inLanguage\":\"de\"},{\"@type\":\"Organization\",\"@id\":\"https:\\\/\\\/hutfactory.com\\\/#organization\",\"name\":\"Hut Factory\",\"url\":\"https:\\\/\\\/hutfactory.com\\\/\",\"logo\":{\"@type\":\"ImageObject\",\"inLanguage\":\"de\",\"@id\":\"https:\\\/\\\/hutfactory.com\\\/#\\\/schema\\\/logo\\\/image\\\/\",\"url\":\"https:\\\/\\\/hutfactory.com\\\/wp-content\\\/uploads\\\/2026\\\/01\\\/Logo-hut-factory-1.webp\",\"contentUrl\":\"https:\\\/\\\/hutfactory.com\\\/wp-content\\\/uploads\\\/2026\\\/01\\\/Logo-hut-factory-1.webp\",\"width\":300,\"height\":262,\"caption\":\"Hut Factory\"},\"image\":{\"@id\":\"https:\\\/\\\/hutfactory.com\\\/#\\\/schema\\\/logo\\\/image\\\/\"}}]}<\/script>\n<!-- \/ Yoast SEO Premium plugin. -->","yoast_head_json":{"title":"\"Hairy-Melousine\" Cap: Flauschiger Haarfilz f\u00fcr Herbst und Winter","description":"Entdecken Sie unsere \"Hairy-Melousine\" Caps aus hochwertigem Haarfilz Melousine. Stilvoll, flauschig und handgefertigt im Herzen Europas.","robots":{"index":"index","follow":"follow","max-snippet":"max-snippet:-1","max-image-preview":"max-image-preview:large","max-video-preview":"max-video-preview:-1"},"canonical":"https:\/\/hutfactory.com\/?product=cycle-cap-hairy-melousine","og_locale":"de_DE","og_type":"article","og_title":"Cycle-Cap \"Hairy Melousine\"","og_description":"Entdecken Sie unsere \"Hairy-Melousine\" Caps aus hochwertigem Haarfilz Melousine. Stilvoll, flauschig und handgefertigt im Herzen Europas.","og_url":"https:\/\/hutfactory.com\/?product=cycle-cap-hairy-melousine","og_site_name":"Hut Factory","article_modified_time":"2026-03-01T17:13:48+00:00","og_image":[{"width":750,"height":750,"url":"https:\/\/hutfactory.com\/wp-content\/uploads\/2026\/03\/45105880.alle_.webp","type":"image\/webp"}],"twitter_card":"summary_large_image","twitter_misc":{"Gesch\u00e4tzte Lesezeit":"3\u00a0Minuten"},"schema":{"@context":"https:\/\/schema.org","@graph":[{"@type":"WebPage","@id":"https:\/\/hutfactory.com\/?product=cycle-cap-hairy-melousine","url":"https:\/\/hutfactory.com\/?product=cycle-cap-hairy-melousine","name":"\"Hairy-Melousine\" Cap: Flauschiger Haarfilz f\u00fcr Herbst und Winter","isPartOf":{"@id":"https:\/\/hutfactory.com\/#website"},"primaryImageOfPage":{"@id":"https:\/\/hutfactory.com\/?product=cycle-cap-hairy-melousine#primaryimage"},"image":{"@id":"https:\/\/hutfactory.com\/?product=cycle-cap-hairy-melousine#primaryimage"},"thumbnailUrl":"https:\/\/hutfactory.com\/wp-content\/uploads\/2026\/03\/45105880.alle_.webp","datePublished":"2026-03-01T17:12:37+00:00","dateModified":"2026-03-01T17:13:48+00:00","description":"Entdecken Sie unsere \"Hairy-Melousine\" Caps aus hochwertigem Haarfilz Melousine. Stilvoll, flauschig und handgefertigt im Herzen Europas.","breadcrumb":{"@id":"https:\/\/hutfactory.com\/?product=cycle-cap-hairy-melousine#breadcrumb"},"inLanguage":"de","potentialAction":[{"@type":"ReadAction","target":["https:\/\/hutfactory.com\/?product=cycle-cap-hairy-melousine"]}]},{"@type":"ImageObject","inLanguage":"de","@id":"https:\/\/hutfactory.com\/?product=cycle-cap-hairy-melousine#primaryimage","url":"https:\/\/hutfactory.com\/wp-content\/uploads\/2026\/03\/45105880.alle_.webp","contentUrl":"https:\/\/hutfactory.com\/wp-content\/uploads\/2026\/03\/45105880.alle_.webp","width":750,"height":750,"caption":"||||||||"},{"@type":"BreadcrumbList","@id":"https:\/\/hutfactory.com\/?product=cycle-cap-hairy-melousine#breadcrumb","itemListElement":[{"@type":"ListItem","position":1,"name":"Start","item":"https:\/\/hutfactory.com\/"},{"@type":"ListItem","position":2,"name":"Shop","item":"https:\/\/hutfactory.com\/?page_id=10"},{"@type":"ListItem","position":3,"name":"Cycle-Cap &#8220;Hairy Melousine&#8221;"}]},{"@type":"WebSite","@id":"https:\/\/hutfactory.com\/#website","url":"https:\/\/hutfactory.com\/","name":"Hut Factory","description":"H\u00fcte, Kappen &amp; M\u00fctzen in Top Swiss\/EU Qualit\u00e4t","publisher":{"@id":"https:\/\/hutfactory.com\/#organization"},"alternateName":"Hut Shop","potentialAction":[{"@type":"SearchAction","target":{"@type":"EntryPoint","urlTemplate":"https:\/\/hutfactory.com\/?s={search_term_string}"},"query-input":{"@type":"PropertyValueSpecification","valueRequired":true,"valueName":"search_term_string"}}],"inLanguage":"de"},{"@type":"Organization","@id":"https:\/\/hutfactory.com\/#organization","name":"Hut Factory","url":"https:\/\/hutfactory.com\/","logo":{"@type":"ImageObject","inLanguage":"de","@id":"https:\/\/hutfactory.com\/#\/schema\/logo\/image\/","url":"https:\/\/hutfactory.com\/wp-content\/uploads\/2026\/01\/Logo-hut-factory-1.webp","contentUrl":"https:\/\/hutfactory.com\/wp-content\/uploads\/2026\/01\/Logo-hut-factory-1.webp","width":300,"height":262,"caption":"Hut Factory"},"image":{"@id":"https:\/\/hutfactory.com\/#\/schema\/logo\/image\/"}}]}},"_links":{"self":[{"href":"https:\/\/hutfactory.com\/index.php?rest_route=\/wp\/v2\/product\/14160","targetHints":{"allow":["GET"]}}],"collection":[{"href":"https:\/\/hutfactory.com\/index.php?rest_route=\/wp\/v2\/product"}],"about":[{"href":"https:\/\/hutfactory.com\/index.php?rest_route=\/wp\/v2\/types\/product"}],"wp:featuredmedia":[{"embeddable":true,"href":"https:\/\/hutfactory.com\/index.php?rest_route=\/wp\/v2\/media\/14161"}],"wp:attachment":[{"href":"https:\/\/hutfactory.com\/index.php?rest_route=%2Fwp%2Fv2%2Fmedia&parent=14160"}],"wp:term":[{"taxonomy":"product_brand","embeddable":true,"href":"https:\/\/hutfactory.com\/index.php?rest_route=%2Fwp%2Fv2%2Fproduct_brand&post=14160"},{"taxonomy":"product_cat","embeddable":true,"href":"https:\/\/hutfactory.com\/index.php?rest_route=%2Fwp%2Fv2%2Fproduct_cat&post=14160"},{"taxonomy":"product_tag","embeddable":true,"href":"https:\/\/hutfactory.com\/index.php?rest_route=%2Fwp%2Fv2%2Fproduct_tag&post=14160"}],"curies":[{"name":"wp","href":"https:\/\/api.w.org\/{rel}","templated":true}]}}