{"id":13089,"date":"2026-02-14T09:40:57","date_gmt":"2026-02-14T09:40:57","guid":{"rendered":"https:\/\/hutfactory.com\/?product=westernhut-montana-ohne-bridee"},"modified":"2026-02-16T08:32:39","modified_gmt":"2026-02-16T08:32:39","slug":"westernhut-montana-ohne-bridee","status":"publish","type":"product","link":"https:\/\/hutfactory.com\/?product=westernhut-montana-ohne-bridee","title":{"rendered":"Westernhut Montana ohne Brid\u00e9e"},"content":{"rendered":"<h3 data-start=\"630\" data-end=\"693\"><strong data-start=\"634\" data-end=\"691\">Western-Tradition trifft auf Schweizer Handwerkskunst<\/strong><\/h3>\n<p data-start=\"694\" data-end=\"1188\">Mit dem <strong>Westernhut Montana<\/strong> sind Sie auf alle Wetterlagen und jede Jahreszeit vorbereitet. Dieser Hut vereint traditionelle Western-\u00c4sthetik mit moderner Funktionalit\u00e4t und ist aus hochwertigem, wasserabweisend behandeltem Filz gefertigt, der Wind, Regen und sogar Schnee trotzt. Mit seiner<strong data-start=\"705\" data-end=\"728\">\u00a0breiten Krempe<\/strong> sch\u00fctzt der <strong data-start=\"741\" data-end=\"763\">Montana Canyon <\/strong>zuverl\u00e4ssig vor Sonne und Regen, w\u00e4hrend die <strong data-start=\"809\" data-end=\"831\">hohe Krone<\/strong> f\u00fcr eine authentische Western-\u00c4sthetik sorgt.<\/p>\n<p data-start=\"694\" data-end=\"1188\">Die leicht aufgebogene Krempe am Rand geschnitten ohne Naht und ohne Brid\u00e9e (umgen\u00e4hten Hutrand) \u00a0unterstreicht den rauen Charme dieses Klassikers und macht ihn zur perfekten Wahl f\u00fcr echte und kompromisslose Abenteurer. Das <strong data-start=\"1016\" data-end=\"1043\">fein gepr\u00e4gte Lederband<\/strong> setzt einen stilvollen Akzent und betont die meisterhafte Verarbeitung dieses in der <strong data-start=\"1129\" data-end=\"1161\">Schweizer Hutmanufaktur Risa<\/strong> gefertigten Westernhuts. Das flexible Textilschwei\u00dfband passt sich perfekt an die Kopfform an, was ihn ideal f\u00fcr Westernreiter macht. Optional kann der Hut mit einem luxuri\u00f6sen Kalbslederschwei\u00dfband oder mit einer besonders griffigen Wildschur bestellt werden, sodass er selbst bei actiongeladenen Aktivit\u00e4ten fest sitzt und auch bei einem wilden Ritt nicht verloren geht. Handgefertigt in der Schweizer Hutmanufaktur, steht der Montana f\u00fcr traditionelle Handwerkskunst und Schweizer Qualit\u00e4t.<\/p>\n<p data-start=\"1190\" data-end=\"1422\"><strong data-start=\"1193\" data-end=\"1210\">Besonderheit:<\/strong> W\u00e4hlen Sie optional ein <strong data-start=\"1235\" data-end=\"1261\">Kalbsleder-Schwei\u00dfband<\/strong> oder eine <strong data-start=\"1272\" data-end=\"1292\">Wildschur-Option<\/strong>, die f\u00fcr noch besseren Halt sorgt \u2013 selbst bei windigen Ritten oder langen Outdoor-Tagen bleibt dieser Hut sicher auf dem Kopf.<\/p>\n<p data-start=\"1424\" data-end=\"1687\"><strong data-start=\"1427\" data-end=\"1443\">Perfekt f\u00fcr\u2026<\/strong><br data-start=\"1443\" data-end=\"1446\" \/>\u2714 Westernliebhaber \u2013 Authentischer Look f\u00fcr Cowboys und Cowgirls.<br data-start=\"1511\" data-end=\"1514\" \/>\u2714 Outdoor-Enthusiasten \u2013 Schutz vor Sonne und Regen dank wasserabweisender Oberfl\u00e4che.<br data-start=\"1600\" data-end=\"1603\" \/>\u2714 Stilbewusste Individualisten \u2013 Ein markantes Accessoire mit klassischer Eleganz.<\/p>\n<div class=\"hf-accordions\">\n<hr class=\"hf-accordion-separator\" \/>\n<details class=\"hf-accordion\">\n<summary><strong>\u25b6\ufe0f Gut zu wissen \u2013 mehr erfahren<\/strong><\/summary>\n<div class=\"hf-accordion-content\">\n<h3 data-start=\"1694\" data-end=\"1727\"><strong data-start=\"1698\" data-end=\"1725\">Wichtige Produktdetails<\/strong><\/h3>\n<ul data-start=\"1728\" data-end=\"2285\">\n<li data-start=\"1728\" data-end=\"1809\"><strong data-start=\"1730\" data-end=\"1743\">Material:<\/strong> 100 % veredelter Wollfilz \u2013 robust, wasserabweisend &amp; langlebig<\/li>\n<li data-start=\"1810\" data-end=\"1878\"><strong data-start=\"1812\" data-end=\"1827\">Randbreite:<\/strong> ca. 9,0 cm \u2013 idealer Schutz gegen Sonne &amp; Wetter<\/li>\n<li data-start=\"1879\" data-end=\"1963\"><strong data-start=\"1881\" data-end=\"1894\">Kopfh\u00f6he:<\/strong> 13,5 cm \u2013 markante Westernkrone mit klassischem Pinch-Front-Design<\/li>\n<li data-start=\"1964\" data-end=\"2031\"><strong data-start=\"1966\" data-end=\"1976\">Farbe:<\/strong> Camel (Ockerfarben) \u2013 warm &amp; vielseitig kombinierbar<\/li>\n<li data-start=\"2032\" data-end=\"2053\"><strong data-start=\"2034\" data-end=\"2045\">Gr\u00f6\u00dfen:<\/strong> 54-62<\/li>\n<li data-start=\"2054\" data-end=\"2132\"><strong data-start=\"2056\" data-end=\"2069\">Garnitur:<\/strong> Stilvolles Lederband mit feiner Pr\u00e4gung &amp; dekorativem Knoten<\/li>\n<li data-start=\"2133\" data-end=\"2210\"><strong data-start=\"2135\" data-end=\"2151\">Schwei\u00dfband:<\/strong> Sauber eingen\u00e4htes Textilinnenband (optional Kalbsleder)<\/li>\n<li data-start=\"2211\" data-end=\"2285\"><strong data-start=\"2213\" data-end=\"2234\">Wildschur-Option:<\/strong> F\u00fcr optimalen Halt bei Wind und schnellen Ritten<\/li>\n<\/ul>\n<h3 data-start=\"2292\" data-end=\"2358\"><strong data-start=\"2296\" data-end=\"2356\">Handgefertigt in der Schweiz \u2013 Qualit\u00e4t, die Bestand hat<\/strong><\/h3>\n<p data-start=\"2359\" data-end=\"2693\">Jeder <strong data-start=\"2365\" data-end=\"2387\">Montana \u2736 Canyon \u2736<\/strong> wird auf Bestellung in der <strong data-start=\"2415\" data-end=\"2447\">Schweizer Hutmanufaktur Risa<\/strong> gefertigt, wo handwerkliche Pr\u00e4zision und jahrzehntelange Erfahrung in jeden Hut einflie\u00dfen. <strong data-start=\"2541\" data-end=\"2609\">Naturmaterialien, exzellente Verarbeitung und ein zeitloser Stil<\/strong> machen dieses Modell zu einem langlebigen Klassiker, der Generationen \u00fcberdauert.<\/p>\n<h4 data-start=\"2695\" data-end=\"2737\"><strong data-start=\"2700\" data-end=\"2735\">Nachhaltigkeit &amp; Hochwertigkeit<\/strong><\/h4>\n<p data-start=\"2738\" data-end=\"3012\">\u2714 <strong data-start=\"2740\" data-end=\"2760\">100 % Naturfilz:<\/strong> Atmungsaktiv, strapazierf\u00e4hig &amp; biologisch abbaubar.<br data-start=\"2813\" data-end=\"2816\" \/>\u2714 <strong data-start=\"2818\" data-end=\"2847\">Traditionelle Handarbeit:<\/strong> Jeder Hut wird individuell gefertigt \u2013 f\u00fcr maximale Qualit\u00e4t.<br data-start=\"2909\" data-end=\"2912\" \/>\u2714 <strong data-start=\"2914\" data-end=\"2940\">Funktional &amp; stilvoll:<\/strong> Wetterfest und dennoch elegant \u2013 ein Allrounder f\u00fcr jede Gelegenheit.<\/p>\n<h3 data-start=\"3019\" data-end=\"3050\"><strong data-start=\"3023\" data-end=\"3048\">Herstellung &amp; Versand<\/strong><\/h3>\n<ul data-start=\"3051\" data-end=\"3380\">\n<li data-start=\"3051\" data-end=\"3123\"><strong data-start=\"3053\" data-end=\"3067\">Fertigung:<\/strong> Individuell nach Bestellung in Handarbeit hergestellt<\/li>\n<li data-start=\"3124\" data-end=\"3192\"><strong data-start=\"3126\" data-end=\"3147\">Herstellungszeit:<\/strong> 10 bis 15 Arbeitstage nach Zahlungseingang<\/li>\n<li data-start=\"3193\" data-end=\"3252\"><strong data-start=\"3195\" data-end=\"3207\">Versand:<\/strong> Innerhalb weniger Tage ab Standort Schweiz<\/li>\n<li data-start=\"3253\" data-end=\"3313\"><strong data-start=\"3255\" data-end=\"3268\">Umtausch:<\/strong> Nur bei Material- oder Herstellungsfehlern<\/li>\n<li data-start=\"3314\" data-end=\"3380\"><strong data-start=\"3316\" data-end=\"3334\">Verf\u00fcgbarkeit:<\/strong> Limitierte Auflage \u2013 rechtzeitig bestellen!<\/li>\n<\/ul>\n<\/div>\n<\/details>\n<details class=\"hf-accordion\">\n<summary><strong>\u25b6\ufe0f FAQ \u2013 H\u00e4ufige Fragen<\/strong><\/summary>\n<div class=\"hf-accordion-content\">\n<h3 data-start=\"3387\" data-end=\"3426\"><strong data-start=\"3391\" data-end=\"3424\">H\u00e4ufig gestellte Fragen (FAQ)<\/strong><\/h3>\n<p data-start=\"3427\" data-end=\"3545\">\u2753 <strong data-start=\"3429\" data-end=\"3455\">Ist der Hut regenfest?<\/strong><br data-start=\"3455\" data-end=\"3458\" \/>\ufe0f Ja, der Wollfilz ist wasserabweisend behandelt und sch\u00fctzt zuverl\u00e4ssig vor N\u00e4sse.<\/p>\n<p data-start=\"3547\" data-end=\"3681\">\u2753 <strong data-start=\"3549\" data-end=\"3577\">Wie reinige ich den Hut?<\/strong><br data-start=\"3577\" data-end=\"3580\" \/>Mit einer weichen B\u00fcrste oder einem trockenen Schwamm vorsichtig von Staub und Schmutz befreien.<\/p>\n<p data-start=\"3683\" data-end=\"3806\">\u2753 <strong data-start=\"3685\" data-end=\"3718\">Wie finde ich meine Hutgr\u00f6\u00dfe?<\/strong><br data-start=\"3718\" data-end=\"3721\" \/>Messen Sie Ihren Kopfumfang und w\u00e4hlen Sie die passende Gr\u00f6\u00dfe zwischen 54-62 cm.<\/p>\n<p data-start=\"3808\" data-end=\"3990\">\u2753 <strong data-start=\"3810\" data-end=\"3863\">Bleibt der Hut auch bei Wind stabil auf dem Kopf?<\/strong><br data-start=\"3863\" data-end=\"3866\" \/>\ufe0f Dank der optionalen <strong data-start=\"3890\" data-end=\"3910\">Wildschur-Option<\/strong> und einem Kalbsleder-Schwei\u00dfband sitzt der Hut sicher, auch bei starken B\u00f6en.<\/p>\n<p data-start=\"3992\" data-end=\"4118\">\u2753 <strong data-start=\"3994\" data-end=\"4036\">Wie bewahre ich den Hut am besten auf?<\/strong><br data-start=\"4036\" data-end=\"4039\" \/>Am besten auf einem Hutst\u00e4nder oder flachliegend, um die Form zu bewahren.<\/p>\n<p data-start=\"4120\" data-end=\"4264\">\u2753Kann ich den Hut umtauschen?<\/p>\n<p data-start=\"4120\" data-end=\"4264\">Da der Westernhut <em>Rodeo<\/em>\u00a0individuell auf Bestellung gefertigt wird, ist ein Umtausch nur bei Material- oder Herstellungsfehlern m\u00f6glich. Um sicherzustellen, dass der Hut perfekt passt, empfehlen wir Ihnen, bei der Bestellung Ihren genauen Kopfumfang in Zentimetern und Millimetern anzugeben. Zus\u00e4tzlich bieten wir ein\u00a0<strong><em><a href=\"https:\/\/hut-factory.com\/product\/mass-set-fuer-das-abbilden-ihrer-kopfform\/\" target=\"_blank\" rel=\"noopener\">Tool zur Ermittlung Ihrer individuellen Kopfform<\/a>\u00a0<\/em><\/strong>an, das Sie mitbestellen k\u00f6nnen. Damit passen wir den Hut exakt an Ihre Kopfform an, sodass er optimal sitzt.<\/p>\n<\/div>\n<\/details>\n<\/div>\n","protected":false},"excerpt":{"rendered":"<h3>Abenteuerlicher Westernstil mit zeitloser Eleganz<\/h3>\n<p data-start=\"58\" data-end=\"525\">Erleben Sie das pure Western-Feeling mit dem <strong data-start=\"137\" data-end=\"170\">Westernhut Montana in Schwarz, Braun, Camel oder Steingrau <\/strong>\u2013 ein stilvoller Begleiter f\u00fcr Outdoor-Abenteuer, Reitausfl\u00fcge oder den klassischen Cowboy-Look. Gefertigt aus <strong data-start=\"282\" data-end=\"311\">100 % veredeltem Wollfilz<\/strong> in vier Farben, bietet dieser Hut eine <strong data-start=\"365\" data-end=\"396\">wasserabweisende Oberfl\u00e4che<\/strong> und exzellente Formstabilit\u00e4t. Seine charakteristische hohe Krone und die geschwungene Krempe verleihen ihm eine markante Silhouette, w\u00e4hrend das <strong data-start=\"543\" data-end=\"568\">hochwertige Lederband<\/strong> mit dekorativer Pr\u00e4gung das Design perfekt abrundet.<\/p>\n","protected":false},"featured_media":13091,"template":"","meta":{"_acf_changed":false,"rs_blank_template":"","rs_page_bg_color":"","slide_template_v7":""},"product_brand":[250],"product_cat":[258,257],"product_tag":[],"class_list":{"0":"post-13089","1":"product","2":"type-product","3":"status-publish","4":"has-post-thumbnail","6":"product_brand-risa-hutwerkstatt-schweiz","7":"product_cat-western-cowboyhuete","8":"product_cat-westernhuete","9":"product_shipping_class-grosse-pakete","10":"pa_color-filz-camel","11":"pa_color-filz-dunkelbraun","12":"pa_color-filz-hellgrau","13":"pa_color-filz-schwarz","14":"pa_groesse-206","15":"pa_groesse-196","16":"pa_groesse-207","17":"pa_groesse-197","18":"pa_groesse-208","19":"pa_groesse-198","20":"pa_groesse-209","21":"pa_groesse-199","22":"pa_groesse-210","23":"pa_groesse-213","24":"pa_seitliche-druckknoepfe-mit","25":"pa_seitliche-druckknoepfe-ohne","26":"pa_sturmband-ja","27":"pa_sturmband-nein","28":"yith_product_brand-risa-hutwerkstatt-schweiz","31":"instock","32":"taxable","33":"shipping-taxable","34":"purchasable","35":"product-type-variable","36":"wvs-archive-product-wrapper","37":"add-to-wishlist-after_add_to_cart"},"acf":[],"yoast_head":"<!-- This site is optimized with the Yoast SEO Premium plugin v27.3 (Yoast SEO v27.3) - https:\/\/yoast.com\/product\/yoast-seo-premium-wordpress\/ -->\n<title>Westernhut Montana in Camel \u2013 Der Hingucker schlechthin<\/title>\n<meta name=\"description\" content=\"Westernhut Montana Camelfarben mit hoher Krone und breiter Krempe, Lederband, optional mit Windschnur. Handgefertigt in der Schweiz.\" \/>\n<meta name=\"robots\" content=\"index, follow, max-snippet:-1, max-image-preview:large, max-video-preview:-1\" \/>\n<link rel=\"canonical\" href=\"https:\/\/hutfactory.com\/?product=westernhut-montana-ohne-bridee\" \/>\n<meta property=\"og:locale\" content=\"de_DE\" \/>\n<meta property=\"og:type\" content=\"article\" \/>\n<meta property=\"og:title\" content=\"Westernhut Montana ohne Brid\u00e9e\" \/>\n<meta property=\"og:description\" content=\"Westernhut Montana Camelfarben mit hoher Krone und breiter Krempe, Lederband, optional mit Windschnur. Handgefertigt in der Schweiz.\" \/>\n<meta property=\"og:url\" content=\"https:\/\/hutfactory.com\/?product=westernhut-montana-ohne-bridee\" \/>\n<meta property=\"og:site_name\" content=\"Hut Factory\" \/>\n<meta property=\"article:modified_time\" content=\"2026-02-16T08:32:39+00:00\" \/>\n<meta property=\"og:image\" content=\"https:\/\/hutfactory.com\/wp-content\/uploads\/2026\/02\/Montana-ohne-Bridee.webp\" \/>\n\t<meta property=\"og:image:width\" content=\"2016\" \/>\n\t<meta property=\"og:image:height\" content=\"1512\" \/>\n\t<meta property=\"og:image:type\" content=\"image\/webp\" \/>\n<meta name=\"twitter:card\" content=\"summary_large_image\" \/>\n<meta name=\"twitter:label1\" content=\"Gesch\u00e4tzte Lesezeit\" \/>\n\t<meta name=\"twitter:data1\" content=\"4\u00a0Minuten\" \/>\n<script type=\"application\/ld+json\" class=\"yoast-schema-graph\">{\"@context\":\"https:\\\/\\\/schema.org\",\"@graph\":[{\"@type\":\"WebPage\",\"@id\":\"https:\\\/\\\/hutfactory.com\\\/?product=westernhut-montana-ohne-bridee\",\"url\":\"https:\\\/\\\/hutfactory.com\\\/?product=westernhut-montana-ohne-bridee\",\"name\":\"Westernhut Montana in Camel \u2013 Der Hingucker schlechthin\",\"isPartOf\":{\"@id\":\"https:\\\/\\\/hutfactory.com\\\/#website\"},\"primaryImageOfPage\":{\"@id\":\"https:\\\/\\\/hutfactory.com\\\/?product=westernhut-montana-ohne-bridee#primaryimage\"},\"image\":{\"@id\":\"https:\\\/\\\/hutfactory.com\\\/?product=westernhut-montana-ohne-bridee#primaryimage\"},\"thumbnailUrl\":\"https:\\\/\\\/hutfactory.com\\\/wp-content\\\/uploads\\\/2026\\\/02\\\/Montana-ohne-Bridee.webp\",\"datePublished\":\"2026-02-14T09:40:57+00:00\",\"dateModified\":\"2026-02-16T08:32:39+00:00\",\"description\":\"Westernhut Montana Camelfarben mit hoher Krone und breiter Krempe, Lederband, optional mit Windschnur. Handgefertigt in der Schweiz.\",\"breadcrumb\":{\"@id\":\"https:\\\/\\\/hutfactory.com\\\/?product=westernhut-montana-ohne-bridee#breadcrumb\"},\"inLanguage\":\"de\",\"potentialAction\":[{\"@type\":\"ReadAction\",\"target\":[\"https:\\\/\\\/hutfactory.com\\\/?product=westernhut-montana-ohne-bridee\"]}]},{\"@type\":\"ImageObject\",\"inLanguage\":\"de\",\"@id\":\"https:\\\/\\\/hutfactory.com\\\/?product=westernhut-montana-ohne-bridee#primaryimage\",\"url\":\"https:\\\/\\\/hutfactory.com\\\/wp-content\\\/uploads\\\/2026\\\/02\\\/Montana-ohne-Bridee.webp\",\"contentUrl\":\"https:\\\/\\\/hutfactory.com\\\/wp-content\\\/uploads\\\/2026\\\/02\\\/Montana-ohne-Bridee.webp\",\"width\":2016,\"height\":1512,\"caption\":\"Westernhut aus Wollfilz mit hoher Krone\"},{\"@type\":\"BreadcrumbList\",\"@id\":\"https:\\\/\\\/hutfactory.com\\\/?product=westernhut-montana-ohne-bridee#breadcrumb\",\"itemListElement\":[{\"@type\":\"ListItem\",\"position\":1,\"name\":\"Start\",\"item\":\"https:\\\/\\\/hutfactory.com\\\/\"},{\"@type\":\"ListItem\",\"position\":2,\"name\":\"Shop\",\"item\":\"https:\\\/\\\/hutfactory.com\\\/?page_id=10\"},{\"@type\":\"ListItem\",\"position\":3,\"name\":\"Westernhut Montana ohne Brid\u00e9e\"}]},{\"@type\":\"WebSite\",\"@id\":\"https:\\\/\\\/hutfactory.com\\\/#website\",\"url\":\"https:\\\/\\\/hutfactory.com\\\/\",\"name\":\"Hut Factory\",\"description\":\"H\u00fcte, Kappen &amp; M\u00fctzen in Top Swiss\\\/EU Qualit\u00e4t\",\"publisher\":{\"@id\":\"https:\\\/\\\/hutfactory.com\\\/#organization\"},\"alternateName\":\"Hut Shop\",\"potentialAction\":[{\"@type\":\"SearchAction\",\"target\":{\"@type\":\"EntryPoint\",\"urlTemplate\":\"https:\\\/\\\/hutfactory.com\\\/?s={search_term_string}\"},\"query-input\":{\"@type\":\"PropertyValueSpecification\",\"valueRequired\":true,\"valueName\":\"search_term_string\"}}],\"inLanguage\":\"de\"},{\"@type\":\"Organization\",\"@id\":\"https:\\\/\\\/hutfactory.com\\\/#organization\",\"name\":\"Hut Factory\",\"url\":\"https:\\\/\\\/hutfactory.com\\\/\",\"logo\":{\"@type\":\"ImageObject\",\"inLanguage\":\"de\",\"@id\":\"https:\\\/\\\/hutfactory.com\\\/#\\\/schema\\\/logo\\\/image\\\/\",\"url\":\"https:\\\/\\\/hutfactory.com\\\/wp-content\\\/uploads\\\/2026\\\/01\\\/Logo-hut-factory-1.webp\",\"contentUrl\":\"https:\\\/\\\/hutfactory.com\\\/wp-content\\\/uploads\\\/2026\\\/01\\\/Logo-hut-factory-1.webp\",\"width\":300,\"height\":262,\"caption\":\"Hut Factory\"},\"image\":{\"@id\":\"https:\\\/\\\/hutfactory.com\\\/#\\\/schema\\\/logo\\\/image\\\/\"}}]}<\/script>\n<!-- \/ Yoast SEO Premium plugin. -->","yoast_head_json":{"title":"Westernhut Montana in Camel \u2013 Der Hingucker schlechthin","description":"Westernhut Montana Camelfarben mit hoher Krone und breiter Krempe, Lederband, optional mit Windschnur. Handgefertigt in der Schweiz.","robots":{"index":"index","follow":"follow","max-snippet":"max-snippet:-1","max-image-preview":"max-image-preview:large","max-video-preview":"max-video-preview:-1"},"canonical":"https:\/\/hutfactory.com\/?product=westernhut-montana-ohne-bridee","og_locale":"de_DE","og_type":"article","og_title":"Westernhut Montana ohne Brid\u00e9e","og_description":"Westernhut Montana Camelfarben mit hoher Krone und breiter Krempe, Lederband, optional mit Windschnur. Handgefertigt in der Schweiz.","og_url":"https:\/\/hutfactory.com\/?product=westernhut-montana-ohne-bridee","og_site_name":"Hut Factory","article_modified_time":"2026-02-16T08:32:39+00:00","og_image":[{"width":2016,"height":1512,"url":"https:\/\/hutfactory.com\/wp-content\/uploads\/2026\/02\/Montana-ohne-Bridee.webp","type":"image\/webp"}],"twitter_card":"summary_large_image","twitter_misc":{"Gesch\u00e4tzte Lesezeit":"4\u00a0Minuten"},"schema":{"@context":"https:\/\/schema.org","@graph":[{"@type":"WebPage","@id":"https:\/\/hutfactory.com\/?product=westernhut-montana-ohne-bridee","url":"https:\/\/hutfactory.com\/?product=westernhut-montana-ohne-bridee","name":"Westernhut Montana in Camel \u2013 Der Hingucker schlechthin","isPartOf":{"@id":"https:\/\/hutfactory.com\/#website"},"primaryImageOfPage":{"@id":"https:\/\/hutfactory.com\/?product=westernhut-montana-ohne-bridee#primaryimage"},"image":{"@id":"https:\/\/hutfactory.com\/?product=westernhut-montana-ohne-bridee#primaryimage"},"thumbnailUrl":"https:\/\/hutfactory.com\/wp-content\/uploads\/2026\/02\/Montana-ohne-Bridee.webp","datePublished":"2026-02-14T09:40:57+00:00","dateModified":"2026-02-16T08:32:39+00:00","description":"Westernhut Montana Camelfarben mit hoher Krone und breiter Krempe, Lederband, optional mit Windschnur. Handgefertigt in der Schweiz.","breadcrumb":{"@id":"https:\/\/hutfactory.com\/?product=westernhut-montana-ohne-bridee#breadcrumb"},"inLanguage":"de","potentialAction":[{"@type":"ReadAction","target":["https:\/\/hutfactory.com\/?product=westernhut-montana-ohne-bridee"]}]},{"@type":"ImageObject","inLanguage":"de","@id":"https:\/\/hutfactory.com\/?product=westernhut-montana-ohne-bridee#primaryimage","url":"https:\/\/hutfactory.com\/wp-content\/uploads\/2026\/02\/Montana-ohne-Bridee.webp","contentUrl":"https:\/\/hutfactory.com\/wp-content\/uploads\/2026\/02\/Montana-ohne-Bridee.webp","width":2016,"height":1512,"caption":"Westernhut aus Wollfilz mit hoher Krone"},{"@type":"BreadcrumbList","@id":"https:\/\/hutfactory.com\/?product=westernhut-montana-ohne-bridee#breadcrumb","itemListElement":[{"@type":"ListItem","position":1,"name":"Start","item":"https:\/\/hutfactory.com\/"},{"@type":"ListItem","position":2,"name":"Shop","item":"https:\/\/hutfactory.com\/?page_id=10"},{"@type":"ListItem","position":3,"name":"Westernhut Montana ohne Brid\u00e9e"}]},{"@type":"WebSite","@id":"https:\/\/hutfactory.com\/#website","url":"https:\/\/hutfactory.com\/","name":"Hut Factory","description":"H\u00fcte, Kappen &amp; M\u00fctzen in Top Swiss\/EU Qualit\u00e4t","publisher":{"@id":"https:\/\/hutfactory.com\/#organization"},"alternateName":"Hut Shop","potentialAction":[{"@type":"SearchAction","target":{"@type":"EntryPoint","urlTemplate":"https:\/\/hutfactory.com\/?s={search_term_string}"},"query-input":{"@type":"PropertyValueSpecification","valueRequired":true,"valueName":"search_term_string"}}],"inLanguage":"de"},{"@type":"Organization","@id":"https:\/\/hutfactory.com\/#organization","name":"Hut Factory","url":"https:\/\/hutfactory.com\/","logo":{"@type":"ImageObject","inLanguage":"de","@id":"https:\/\/hutfactory.com\/#\/schema\/logo\/image\/","url":"https:\/\/hutfactory.com\/wp-content\/uploads\/2026\/01\/Logo-hut-factory-1.webp","contentUrl":"https:\/\/hutfactory.com\/wp-content\/uploads\/2026\/01\/Logo-hut-factory-1.webp","width":300,"height":262,"caption":"Hut Factory"},"image":{"@id":"https:\/\/hutfactory.com\/#\/schema\/logo\/image\/"}}]}},"_links":{"self":[{"href":"https:\/\/hutfactory.com\/index.php?rest_route=\/wp\/v2\/product\/13089","targetHints":{"allow":["GET"]}}],"collection":[{"href":"https:\/\/hutfactory.com\/index.php?rest_route=\/wp\/v2\/product"}],"about":[{"href":"https:\/\/hutfactory.com\/index.php?rest_route=\/wp\/v2\/types\/product"}],"wp:featuredmedia":[{"embeddable":true,"href":"https:\/\/hutfactory.com\/index.php?rest_route=\/wp\/v2\/media\/13091"}],"wp:attachment":[{"href":"https:\/\/hutfactory.com\/index.php?rest_route=%2Fwp%2Fv2%2Fmedia&parent=13089"}],"wp:term":[{"taxonomy":"product_brand","embeddable":true,"href":"https:\/\/hutfactory.com\/index.php?rest_route=%2Fwp%2Fv2%2Fproduct_brand&post=13089"},{"taxonomy":"product_cat","embeddable":true,"href":"https:\/\/hutfactory.com\/index.php?rest_route=%2Fwp%2Fv2%2Fproduct_cat&post=13089"},{"taxonomy":"product_tag","embeddable":true,"href":"https:\/\/hutfactory.com\/index.php?rest_route=%2Fwp%2Fv2%2Fproduct_tag&post=13089"}],"curies":[{"name":"wp","href":"https:\/\/api.w.org\/{rel}","templated":true}]}}