{"id":12994,"date":"2026-02-14T09:39:33","date_gmt":"2026-02-14T09:39:33","guid":{"rendered":"https:\/\/hutfactory.com\/?product=vaquero-strohhut-im-old-style"},"modified":"2026-02-16T08:58:52","modified_gmt":"2026-02-16T08:58:52","slug":"vaquero-strohhut-im-old-style","status":"publish","type":"product","link":"https:\/\/hutfactory.com\/?product=vaquero-strohhut-im-old-style","title":{"rendered":"Vaquero Strohhut &#8220;OLD STYLE&#8221;"},"content":{"rendered":"<div class=\"wpb-content-wrapper\"><p>[vc_row][vc_column][vc_column_text css=&#8221;&#8221;]<\/p>\n<h3 data-start=\"0\" data-end=\"69\"><strong data-start=\"4\" data-end=\"69\">Der Vaquero Strohhut im \u201eOld Style\u201c &#8211;\u00a0<\/strong><strong data-start=\"4\" data-end=\"69\">Tradition trifft Eleganz<\/strong><\/h3>\n<p data-start=\"71\" data-end=\"476\">Ein Statement aus vergangener Zeit \u2013 kraftvoll, klar und stilvoll. Der Vaquero Strohhut im &#8220;Old Style&#8221; verk\u00f6rpert den Geist der legend\u00e4ren Vaqueros und bringt historischen Charme mit einem Hauch zeitloser Raffinesse. Inspiriert von den Strohh\u00fcten der spanischen und mexikanischen Reitertradition, verbindet dieses Modell klassische Western\u00e4sthetik mit perfektem UV-Schutz und handwerklicher Meisterklasse.<\/p>\n<p data-start=\"478\" data-end=\"896\">Der Hut aus 100\u202f% Weizenstroh \u00fcberzeugt mit seiner naturbelassenen Optik und einem besonders breit gearbeiteten Rand von ca. 9.5\u202fcm, der das Gesicht zuverl\u00e4ssig vor Sonne sch\u00fctzt. Die gerade, flache Krone mit 8.5\u202fcm H\u00f6he verleiht dem Modell seinen typischen Old West Charakter. Akzentuiert wird das Design durch ein elegantes Ripsband, wahlweise in diversen Farben, das seitlich mit einer schlichten Masche abschlie\u00dft.<\/p>\n<h3 data-start=\"902\" data-end=\"924\"><strong data-start=\"906\" data-end=\"924\">Perfekt f\u00fcr\u2026 <\/strong><\/h3>\n<p data-start=\"926\" data-end=\"1333\"><strong data-start=\"931\" data-end=\"964\">Old West- und Vaquero-Anl\u00e4sse<\/strong>: Ideal f\u00fcr historische Reenactments, Westernreiten im klassischen Stil oder Cowboy Action Shooting.<br data-start=\"1064\" data-end=\"1067\" \/><strong data-start=\"1070\" data-end=\"1100\">Sommerliche Western-Events<\/strong>: Sch\u00fctzt zuverl\u00e4ssig bei direkter Sonne \u2013 ob auf dem Pferd, auf dem Festplatz oder bei der Arbeit im Freien.<br data-start=\"1209\" data-end=\"1212\" \/><strong data-start=\"1215\" data-end=\"1234\">Bewusste K\u00e4ufer<\/strong>: F\u00fcr alle, die echte Handarbeit, nat\u00fcrliche Materialien und Schweizer Qualit\u00e4t zu sch\u00e4tzen wissen.<\/p>\n<div class=\"hf-accordions\">\n<hr class=\"hf-accordion-separator\" \/>\n<details class=\"hf-accordion\">\n<summary><strong>\u25b6\ufe0f Gut zu wissen \u2013 mehr erfahren<\/strong><\/summary>\n<div class=\"hf-accordion-content\">\n<h3>Wichtige Produktdetails:<\/h3>\n<h4>Material &amp; Design:<\/h4>\n<ul>\n<li><strong>Material:<\/strong> feine Weizenstroh Mottled Capelines in der Farbe Natur<\/li>\n<li><strong>Kopfh\u00f6he: <\/strong>ca.\u00a0 8,5 cm,\u00a0Randbreite ca. 9,5 cm<\/li>\n<li><strong>Garnitur:<\/strong> Hutband aus Rebs mit breiter Masche<\/li>\n<li><strong>Innenband:<\/strong> feinstes Kalbslederschweissband in drei Farben<\/li>\n<li><strong>Das Innere<\/strong> des Hutes ist atmungsaktiv &amp; ungef\u00fcttert, was ihn auch an w\u00e4rmeren Tagen angenehm zu tragen macht<\/li>\n<\/ul>\n<h4>Handwerkskunst &amp; Exklusivit\u00e4t:<\/h4>\n<ul>\n<li><strong>Handarbeit:<\/strong>\u00a0Hergestellt in der Schweizer Hutmanufaktur Risa<\/li>\n<li><strong>Exklusivit\u00e4t:<\/strong>\u00a0Individuell auf Bestellung gefertigt, keine Massenproduktion<\/li>\n<li><strong>Limitierte Auflage:<\/strong>\u00a0Verf\u00fcgbarkeit abh\u00e4ngig von den Rohmaterialien<\/li>\n<\/ul>\n<h4>Herstellung:<\/h4>\n<ul>\n<li><strong>Produktionsort:<\/strong>\u00a0Schweizer Hutmanufaktur Risa<\/li>\n<li><strong>Herstellungszeit:<\/strong>\u00a010 bis 15 Arbeitstage nach Zahlungseingang<\/li>\n<\/ul>\n<h4>Lieferbedingungen:<\/h4>\n<ul>\n<li><strong>Versand:<\/strong>\u00a0Versand erfolgt innerhalb weniger Tage nach Fertigung ab Lager Schweiz<\/li>\n<li><strong>Garantie:<\/strong>\u00a0Umtausch nur bei Material- oder Herstellungsfehlern m\u00f6glich<\/li>\n<li><strong>Verf\u00fcgbarkeit:<\/strong>\u00a0Abverkauf des Rohmaterials vorbehalten<\/li>\n<\/ul>\n<\/div>\n<\/details>\n<details class=\"hf-accordion\">\n<summary><strong>\u25b6\ufe0f FAQ \u2013 H\u00e4ufige Fragen<\/strong><\/summary>\n<div class=\"hf-accordion-content\">\n<div class=\"group w-full text-gray-800 dark:text-gray-100 border-b border-black\/10 dark:border-gray-900\/50 bg-gray-50 dark:bg-[#444654]\">\n<div class=\"text-base gap-4 md:gap-6 md:max-w-2xl lg:max-w-2xl xl:max-w-3xl p-4 md:py-6 flex lg:px-0 m-auto\">\n<div class=\"relative flex w-[calc(100%-50px)] flex-col gap-1 md:gap-3 lg:w-[calc(100%-115px)]\">\n<div class=\"flex flex-grow flex-col gap-3\">\n<div class=\"min-h-[20px] flex flex-col items-start gap-4 whitespace-pre-wrap\">\n<div class=\"markdown prose w-full break-words dark:prose-invert light\">\n<h2>FAQs<\/h2>\n<h3>1. Wie pflege ich meinen Vaquero Hut am besten?<\/h3>\n<p>Um die Qualit\u00e4t und den Zustand Ihres Vaquero Hutes zu erhalten, sollten Sie ihn vor Feuchtigkeit und starken Sonneneinstrahlungen sch\u00fctzen. Sollte der Hut doch einmal feucht geworden sein, lassen Sie ihn an der Luft trocknen und verwenden Sie keine k\u00fcnstliche Hitzequelle wie beispielsweise einen F\u00f6n. Reinigen Sie den Hut regelm\u00e4\u00dfig mit einer weichen B\u00fcrste oder einem feuchten Tuch und vermeiden Sie aggressive Reinigungsmittel.<\/p>\n<\/div>\n<\/div>\n<\/div>\n<\/div>\n<\/div>\n<\/div>\n<div class=\"group w-full text-gray-800 dark:text-gray-100 border-b border-black\/10 dark:border-gray-900\/50 bg-gray-50 dark:bg-[#444654]\">\n<div class=\"text-base gap-4 md:gap-6 md:max-w-2xl lg:max-w-2xl xl:max-w-3xl p-4 md:py-6 flex lg:px-0 m-auto\">\n<div class=\"relative flex w-[calc(100%-50px)] flex-col gap-1 md:gap-3 lg:w-[calc(100%-115px)]\">\n<div class=\"flex flex-grow flex-col gap-3\">\n<div class=\"min-h-[20px] flex flex-col items-start gap-4 whitespace-pre-wrap\">\n<div class=\"markdown prose w-full break-words dark:prose-invert light\">\n<h3>2. Wie messe ich meine Hutgr\u00f6\u00dfe?<\/h3>\n<p>Um die richtige Hutgr\u00f6\u00dfe zu ermitteln, messen Sie Ihren Kopfumfang an der breitesten Stelle oberhalb der Augenbrauen und der Ohren. Der gemessene Wert in Zentimetern entspricht Ihrer Hutgr\u00f6\u00dfe.<\/p>\n<h3>3. Wie lange dauert die Herstellung eines Vaquero Hutes?<\/h3>\n<p>Die Herstellung eines handgefertigten Vaquero Hutes aus Weizenstroh Mottled erfordert viel Erfahrung und Handwerkskunst und kann mehrere Stunden dauern.<\/p>\n<h3>4. Kann ich meinen Vaquero Hut auch anpassen lassen?<\/h3>\n<p>Ja, auf Wunsch k\u00f6nnen wir Ihren Vaquero Hut anpassen und beispielsweise ein individuelles Hutband oder eine spezielle Farbe verwenden.<\/p>\n<h3>5. Wie kann ich meinen Vaquero Hut einsenden, um ihn reparieren oder restaurieren zu lassen?<\/h3>\n<p>Wenn Sie eine Reparatur oder Restaurierung Ihres Vaquero Hutes w\u00fcnschen, nehmen Sie einfach Kontakt mit uns auf und wir werden Ihnen gerne weiterhelfen.<\/p>\n<\/div>\n<h3>6. Ist der Vaquero Hut auch f\u00fcr den Strand geeignet?<\/h3>\n<p>Ja, der Vaquero Hut ist f\u00fcr Damen auch ein zeitloses Accessoire, das zu jedem Sommer Outfit passt.<\/p>\n<\/div>\n<\/div>\n<\/div>\n<\/div>\n<\/div>\n<\/div>\n<\/details>\n<\/div>\n<p>[\/vc_column_text][\/vc_column][\/vc_row]<\/p>\n<\/div>","protected":false},"excerpt":{"rendered":"<h3 class=\"ai-optimize-22\" data-start=\"1477\" data-end=\"1529\"><strong data-start=\"1477\" data-end=\"1529\">Eleganz und Funktion im historischen Vaquero Stil<\/strong><\/h3>\n<p class=\"ai-optimize-23\" data-start=\"1531\" data-end=\"1798\">Dieser Vaquero Strohhut mit oder ohne eingefasster Krempe im traditionellen Old Style bringt den Look der originalen Viehtreiber zur\u00fcck. Aus sehr feinen Weizenstrohborten gefertigt, bietet er gro\u00dffl\u00e4chigen UV- und Sonnenschutz sowie eine ikonische Silhouette.\u00a0 Handgefertigt in der Schweiz \u2013 nachhaltig, stilvoll und robust. Mit oder ohne dem klassischem Sturmband entweder aus Rebsband oder aus einer d\u00fcnnen Kordel mit Stopper.<\/p>\n","protected":false},"featured_media":12996,"template":"","meta":{"_acf_changed":false,"rs_blank_template":"","rs_page_bg_color":"","slide_template_v7":""},"product_brand":[250],"product_cat":[258,257],"product_tag":[],"class_list":{"0":"post-12994","1":"product","2":"type-product","3":"status-publish","4":"has-post-thumbnail","6":"product_brand-risa-hutwerkstatt-schweiz","7":"product_cat-western-cowboyhuete","8":"product_cat-westernhuete","9":"product_shipping_class-grosse-pakete","10":"pa_color-natur","11":"pa_color-textil-hutband-anthrazit-a08","12":"pa_color-textil-hutband-blau-a13","13":"pa_color-textil-hutband-braun-a63","14":"pa_color-textil-hutband-braun-a93","15":"pa_color-textil-hutband-braun-k162","16":"pa_color-textil-hutband-creme-a04","17":"pa_color-textil-hutband-dbeige-k86","18":"pa_color-textil-hutband-grau-a42","19":"pa_color-textil-hutband-graubraun-a63","20":"pa_color-textil-hutband-gruen-a113","21":"pa_color-textil-hutband-hbeige-k107","22":"pa_color-textil-hutband-hgrau-a165","23":"pa_color-textil-hutband-nougat-a136","24":"pa_color-textil-hutband-rot-a133","25":"pa_color-textil-hutband-schwarz-a02","26":"pa_groesse-206","27":"pa_groesse-196","28":"pa_groesse-207","29":"pa_groesse-197","30":"pa_groesse-208","31":"pa_groesse-198","32":"pa_groesse-209","33":"pa_groesse-199","34":"pa_groesse-210","35":"pa_groesse-213","36":"pa_krempe-randeinfassung-ja","37":"pa_krempe-randeinfassung-nein","38":"yith_product_brand-risa-hutwerkstatt-schweiz","41":"instock","42":"taxable","43":"shipping-taxable","44":"purchasable","45":"product-type-variable","46":"wvs-archive-product-wrapper","47":"add-to-wishlist-after_add_to_cart"},"acf":[],"yoast_head":"<!-- This site is optimized with the Yoast SEO Premium plugin v27.3 (Yoast SEO v27.3) - https:\/\/yoast.com\/product\/yoast-seo-premium-wordpress\/ -->\n<title>Old Style Vaquero Westernhut \u2013 Der edle breitkrempige Strohhut<\/title>\n<meta name=\"description\" content=\"Mit dem Old Style Vaquero Weizenstrohhut bringst du den klassischen Western-Look in dein Outfit. Bestelle jetzt deinen Hut &amp; erlebe das Gef\u00fchl von Freiheit!\" \/>\n<meta name=\"robots\" content=\"index, follow, max-snippet:-1, max-image-preview:large, max-video-preview:-1\" \/>\n<link rel=\"canonical\" href=\"https:\/\/hutfactory.com\/?product=vaquero-strohhut-im-old-style\" \/>\n<meta property=\"og:locale\" content=\"de_DE\" \/>\n<meta property=\"og:type\" content=\"article\" \/>\n<meta property=\"og:title\" content=\"Vaquero Strohhut &quot;OLD STYLE&quot;\" \/>\n<meta property=\"og:description\" content=\"Mit dem Old Style Vaquero Weizenstrohhut bringst du den klassischen Western-Look in dein Outfit. Bestelle jetzt deinen Hut &amp; erlebe das Gef\u00fchl von Freiheit!\" \/>\n<meta property=\"og:url\" content=\"https:\/\/hutfactory.com\/?product=vaquero-strohhut-im-old-style\" \/>\n<meta property=\"og:site_name\" content=\"Hut Factory\" \/>\n<meta property=\"article:modified_time\" content=\"2026-02-16T08:58:52+00:00\" \/>\n<meta property=\"og:image\" content=\"https:\/\/hutfactory.com\/wp-content\/uploads\/2026\/02\/10201041-Vaquro-1.webp\" \/>\n\t<meta property=\"og:image:width\" content=\"2016\" \/>\n\t<meta property=\"og:image:height\" content=\"1512\" \/>\n\t<meta property=\"og:image:type\" content=\"image\/webp\" \/>\n<meta name=\"twitter:card\" content=\"summary_large_image\" \/>\n<meta name=\"twitter:label1\" content=\"Gesch\u00e4tzte Lesezeit\" \/>\n\t<meta name=\"twitter:data1\" content=\"4\u00a0Minuten\" \/>\n<script type=\"application\/ld+json\" class=\"yoast-schema-graph\">{\"@context\":\"https:\\\/\\\/schema.org\",\"@graph\":[{\"@type\":\"WebPage\",\"@id\":\"https:\\\/\\\/hutfactory.com\\\/?product=vaquero-strohhut-im-old-style\",\"url\":\"https:\\\/\\\/hutfactory.com\\\/?product=vaquero-strohhut-im-old-style\",\"name\":\"Old Style Vaquero Westernhut \u2013 Der edle breitkrempige Strohhut\",\"isPartOf\":{\"@id\":\"https:\\\/\\\/hutfactory.com\\\/#website\"},\"primaryImageOfPage\":{\"@id\":\"https:\\\/\\\/hutfactory.com\\\/?product=vaquero-strohhut-im-old-style#primaryimage\"},\"image\":{\"@id\":\"https:\\\/\\\/hutfactory.com\\\/?product=vaquero-strohhut-im-old-style#primaryimage\"},\"thumbnailUrl\":\"https:\\\/\\\/hutfactory.com\\\/wp-content\\\/uploads\\\/2026\\\/02\\\/10201041-Vaquro-1.webp\",\"datePublished\":\"2026-02-14T09:39:33+00:00\",\"dateModified\":\"2026-02-16T08:58:52+00:00\",\"description\":\"Mit dem Old Style Vaquero Weizenstrohhut bringst du den klassischen Western-Look in dein Outfit. Bestelle jetzt deinen Hut & erlebe das Gef\u00fchl von Freiheit!\",\"breadcrumb\":{\"@id\":\"https:\\\/\\\/hutfactory.com\\\/?product=vaquero-strohhut-im-old-style#breadcrumb\"},\"inLanguage\":\"de\",\"potentialAction\":[{\"@type\":\"ReadAction\",\"target\":[\"https:\\\/\\\/hutfactory.com\\\/?product=vaquero-strohhut-im-old-style\"]}]},{\"@type\":\"ImageObject\",\"inLanguage\":\"de\",\"@id\":\"https:\\\/\\\/hutfactory.com\\\/?product=vaquero-strohhut-im-old-style#primaryimage\",\"url\":\"https:\\\/\\\/hutfactory.com\\\/wp-content\\\/uploads\\\/2026\\\/02\\\/10201041-Vaquro-1.webp\",\"contentUrl\":\"https:\\\/\\\/hutfactory.com\\\/wp-content\\\/uploads\\\/2026\\\/02\\\/10201041-Vaquro-1.webp\",\"width\":2016,\"height\":1512,\"caption\":\"Klassischer Vaquro-Hut aus Weizenstroh mit breiter Krempe und elegantem Hutband||Handgefertigter Vaquero Westernhut mit breitem Rand und Ripsband|Handgefertigter Vaquero Westernhut mit breitem Rand und Ripsband|Handgefertigter Vaquero Westernhut mit breitem Rand und Ripsband||||||||||||||||||||||||||||||||||||||||||||Handgefertigter Vaquero Westernhut mit breitem Rand und Ripsband||\"},{\"@type\":\"BreadcrumbList\",\"@id\":\"https:\\\/\\\/hutfactory.com\\\/?product=vaquero-strohhut-im-old-style#breadcrumb\",\"itemListElement\":[{\"@type\":\"ListItem\",\"position\":1,\"name\":\"Start\",\"item\":\"https:\\\/\\\/hutfactory.com\\\/\"},{\"@type\":\"ListItem\",\"position\":2,\"name\":\"Shop\",\"item\":\"https:\\\/\\\/hutfactory.com\\\/?page_id=10\"},{\"@type\":\"ListItem\",\"position\":3,\"name\":\"Vaquero Strohhut &#8220;OLD STYLE&#8221;\"}]},{\"@type\":\"WebSite\",\"@id\":\"https:\\\/\\\/hutfactory.com\\\/#website\",\"url\":\"https:\\\/\\\/hutfactory.com\\\/\",\"name\":\"Hut Factory\",\"description\":\"H\u00fcte, Kappen &amp; M\u00fctzen in Top Swiss\\\/EU Qualit\u00e4t\",\"publisher\":{\"@id\":\"https:\\\/\\\/hutfactory.com\\\/#organization\"},\"alternateName\":\"Hut Shop\",\"potentialAction\":[{\"@type\":\"SearchAction\",\"target\":{\"@type\":\"EntryPoint\",\"urlTemplate\":\"https:\\\/\\\/hutfactory.com\\\/?s={search_term_string}\"},\"query-input\":{\"@type\":\"PropertyValueSpecification\",\"valueRequired\":true,\"valueName\":\"search_term_string\"}}],\"inLanguage\":\"de\"},{\"@type\":\"Organization\",\"@id\":\"https:\\\/\\\/hutfactory.com\\\/#organization\",\"name\":\"Hut Factory\",\"url\":\"https:\\\/\\\/hutfactory.com\\\/\",\"logo\":{\"@type\":\"ImageObject\",\"inLanguage\":\"de\",\"@id\":\"https:\\\/\\\/hutfactory.com\\\/#\\\/schema\\\/logo\\\/image\\\/\",\"url\":\"https:\\\/\\\/hutfactory.com\\\/wp-content\\\/uploads\\\/2026\\\/01\\\/Logo-hut-factory-1.webp\",\"contentUrl\":\"https:\\\/\\\/hutfactory.com\\\/wp-content\\\/uploads\\\/2026\\\/01\\\/Logo-hut-factory-1.webp\",\"width\":300,\"height\":262,\"caption\":\"Hut Factory\"},\"image\":{\"@id\":\"https:\\\/\\\/hutfactory.com\\\/#\\\/schema\\\/logo\\\/image\\\/\"}}]}<\/script>\n<!-- \/ Yoast SEO Premium plugin. -->","yoast_head_json":{"title":"Old Style Vaquero Westernhut \u2013 Der edle breitkrempige Strohhut","description":"Mit dem Old Style Vaquero Weizenstrohhut bringst du den klassischen Western-Look in dein Outfit. Bestelle jetzt deinen Hut & erlebe das Gef\u00fchl von Freiheit!","robots":{"index":"index","follow":"follow","max-snippet":"max-snippet:-1","max-image-preview":"max-image-preview:large","max-video-preview":"max-video-preview:-1"},"canonical":"https:\/\/hutfactory.com\/?product=vaquero-strohhut-im-old-style","og_locale":"de_DE","og_type":"article","og_title":"Vaquero Strohhut \"OLD STYLE\"","og_description":"Mit dem Old Style Vaquero Weizenstrohhut bringst du den klassischen Western-Look in dein Outfit. Bestelle jetzt deinen Hut & erlebe das Gef\u00fchl von Freiheit!","og_url":"https:\/\/hutfactory.com\/?product=vaquero-strohhut-im-old-style","og_site_name":"Hut Factory","article_modified_time":"2026-02-16T08:58:52+00:00","og_image":[{"width":2016,"height":1512,"url":"https:\/\/hutfactory.com\/wp-content\/uploads\/2026\/02\/10201041-Vaquro-1.webp","type":"image\/webp"}],"twitter_card":"summary_large_image","twitter_misc":{"Gesch\u00e4tzte Lesezeit":"4\u00a0Minuten"},"schema":{"@context":"https:\/\/schema.org","@graph":[{"@type":"WebPage","@id":"https:\/\/hutfactory.com\/?product=vaquero-strohhut-im-old-style","url":"https:\/\/hutfactory.com\/?product=vaquero-strohhut-im-old-style","name":"Old Style Vaquero Westernhut \u2013 Der edle breitkrempige Strohhut","isPartOf":{"@id":"https:\/\/hutfactory.com\/#website"},"primaryImageOfPage":{"@id":"https:\/\/hutfactory.com\/?product=vaquero-strohhut-im-old-style#primaryimage"},"image":{"@id":"https:\/\/hutfactory.com\/?product=vaquero-strohhut-im-old-style#primaryimage"},"thumbnailUrl":"https:\/\/hutfactory.com\/wp-content\/uploads\/2026\/02\/10201041-Vaquro-1.webp","datePublished":"2026-02-14T09:39:33+00:00","dateModified":"2026-02-16T08:58:52+00:00","description":"Mit dem Old Style Vaquero Weizenstrohhut bringst du den klassischen Western-Look in dein Outfit. Bestelle jetzt deinen Hut & erlebe das Gef\u00fchl von Freiheit!","breadcrumb":{"@id":"https:\/\/hutfactory.com\/?product=vaquero-strohhut-im-old-style#breadcrumb"},"inLanguage":"de","potentialAction":[{"@type":"ReadAction","target":["https:\/\/hutfactory.com\/?product=vaquero-strohhut-im-old-style"]}]},{"@type":"ImageObject","inLanguage":"de","@id":"https:\/\/hutfactory.com\/?product=vaquero-strohhut-im-old-style#primaryimage","url":"https:\/\/hutfactory.com\/wp-content\/uploads\/2026\/02\/10201041-Vaquro-1.webp","contentUrl":"https:\/\/hutfactory.com\/wp-content\/uploads\/2026\/02\/10201041-Vaquro-1.webp","width":2016,"height":1512,"caption":"Klassischer Vaquro-Hut aus Weizenstroh mit breiter Krempe und elegantem Hutband||Handgefertigter Vaquero Westernhut mit breitem Rand und Ripsband|Handgefertigter Vaquero Westernhut mit breitem Rand und Ripsband|Handgefertigter Vaquero Westernhut mit breitem Rand und Ripsband||||||||||||||||||||||||||||||||||||||||||||Handgefertigter Vaquero Westernhut mit breitem Rand und Ripsband||"},{"@type":"BreadcrumbList","@id":"https:\/\/hutfactory.com\/?product=vaquero-strohhut-im-old-style#breadcrumb","itemListElement":[{"@type":"ListItem","position":1,"name":"Start","item":"https:\/\/hutfactory.com\/"},{"@type":"ListItem","position":2,"name":"Shop","item":"https:\/\/hutfactory.com\/?page_id=10"},{"@type":"ListItem","position":3,"name":"Vaquero Strohhut &#8220;OLD STYLE&#8221;"}]},{"@type":"WebSite","@id":"https:\/\/hutfactory.com\/#website","url":"https:\/\/hutfactory.com\/","name":"Hut Factory","description":"H\u00fcte, Kappen &amp; M\u00fctzen in Top Swiss\/EU Qualit\u00e4t","publisher":{"@id":"https:\/\/hutfactory.com\/#organization"},"alternateName":"Hut Shop","potentialAction":[{"@type":"SearchAction","target":{"@type":"EntryPoint","urlTemplate":"https:\/\/hutfactory.com\/?s={search_term_string}"},"query-input":{"@type":"PropertyValueSpecification","valueRequired":true,"valueName":"search_term_string"}}],"inLanguage":"de"},{"@type":"Organization","@id":"https:\/\/hutfactory.com\/#organization","name":"Hut Factory","url":"https:\/\/hutfactory.com\/","logo":{"@type":"ImageObject","inLanguage":"de","@id":"https:\/\/hutfactory.com\/#\/schema\/logo\/image\/","url":"https:\/\/hutfactory.com\/wp-content\/uploads\/2026\/01\/Logo-hut-factory-1.webp","contentUrl":"https:\/\/hutfactory.com\/wp-content\/uploads\/2026\/01\/Logo-hut-factory-1.webp","width":300,"height":262,"caption":"Hut Factory"},"image":{"@id":"https:\/\/hutfactory.com\/#\/schema\/logo\/image\/"}}]}},"_links":{"self":[{"href":"https:\/\/hutfactory.com\/index.php?rest_route=\/wp\/v2\/product\/12994","targetHints":{"allow":["GET"]}}],"collection":[{"href":"https:\/\/hutfactory.com\/index.php?rest_route=\/wp\/v2\/product"}],"about":[{"href":"https:\/\/hutfactory.com\/index.php?rest_route=\/wp\/v2\/types\/product"}],"wp:featuredmedia":[{"embeddable":true,"href":"https:\/\/hutfactory.com\/index.php?rest_route=\/wp\/v2\/media\/12996"}],"wp:attachment":[{"href":"https:\/\/hutfactory.com\/index.php?rest_route=%2Fwp%2Fv2%2Fmedia&parent=12994"}],"wp:term":[{"taxonomy":"product_brand","embeddable":true,"href":"https:\/\/hutfactory.com\/index.php?rest_route=%2Fwp%2Fv2%2Fproduct_brand&post=12994"},{"taxonomy":"product_cat","embeddable":true,"href":"https:\/\/hutfactory.com\/index.php?rest_route=%2Fwp%2Fv2%2Fproduct_cat&post=12994"},{"taxonomy":"product_tag","embeddable":true,"href":"https:\/\/hutfactory.com\/index.php?rest_route=%2Fwp%2Fv2%2Fproduct_tag&post=12994"}],"curies":[{"name":"wp","href":"https:\/\/api.w.org\/{rel}","templated":true}]}}