{"id":12883,"date":"2026-02-14T09:37:52","date_gmt":"2026-02-14T09:37:52","guid":{"rendered":"https:\/\/hutfactory.com\/?product=vaquero-strohhut-hutband-schwarz"},"modified":"2026-02-16T09:14:38","modified_gmt":"2026-02-16T09:14:38","slug":"vaquero-strohhut-hutband-schwarz","status":"publish","type":"product","link":"https:\/\/hutfactory.com\/?product=vaquero-strohhut-hutband-schwarz","title":{"rendered":"Vaquero Strohhut mit Hutband Schwarz"},"content":{"rendered":"<h3 data-start=\"448\" data-end=\"498\"><strong data-start=\"452\" data-end=\"498\">Vaquero Strohhut \u2013 nat\u00fcrlich &amp; authentisch<\/strong><\/h3>\n<p data-start=\"500\" data-end=\"960\">Der <strong data-start=\"504\" data-end=\"524\">Vaquero Strohhut<\/strong> wird aus naturfarbenem <strong data-start=\"548\" data-end=\"581\">Weizenstroh Mottled Capelines<\/strong> gefertigt \u2013 einem hochwertigen, atmungsaktiven Naturmaterial, das sich durch seine Struktur, Robustheit und sommerliche Leichtigkeit auszeichnet. Die flache Krone (ca. 8 cm) in Kombination mit der ebenm\u00e4\u00dfig geformten, ca. 8 cm breiten Krempe verleiht diesem Hut eine klare, schn\u00f6rkellose \u00c4sthetik \u2013 inspiriert von klassischen <strong data-start=\"908\" data-end=\"937\">Vaquero Style<\/strong>.<\/p>\n<p data-start=\"962\" data-end=\"1407\">Das edle, breite Rebsband in <strong data-start=\"983\" data-end=\"994\">Schwarz<\/strong> mit Nadelstreifen rundet das Design stilvoll ab. Der <strong data-start=\"1080\" data-end=\"1096\">ungef\u00fctterte<\/strong> Aufbau sorgt f\u00fcr optimale Luftzirkulation und ein angenehm k\u00fchles Tragegef\u00fchl \u2013 selbst an hei\u00dfen Sommertagen. Dank des <strong data-start=\"1216\" data-end=\"1248\">flexiblen Textilschwei\u00dfbands<\/strong> passt sich der Hut perfekt an und bleibt auch bei Bewegung sicher auf dem Kopf. F\u00fcr h\u00f6chste Anspr\u00fcche ist alternativ ein <strong data-start=\"1370\" data-end=\"1395\">Kalbslederschwei\u00dfband<\/strong> erh\u00e4ltlich.<\/p>\n<p data-start=\"1409\" data-end=\"1584\">Jedes Exemplar wird in sorgf\u00e4ltiger Handarbeit in der <strong data-start=\"1463\" data-end=\"1495\">Schweizer Hutmanufaktur Risa<\/strong> gefertigt \u2013 ein echtes St\u00fcck Hutmacherkunst mit Geschichte, Nachhaltigkeit und Qualit\u00e4t.<\/p>\n<h3 data-start=\"1591\" data-end=\"1614\"><strong data-start=\"1595\" data-end=\"1614\">Perfekt f\u00fcr\u2026 <\/strong><\/h3>\n<p data-start=\"1616\" data-end=\"1954\">Sommerliche Westernanl\u00e4sse, Line Dance im Freien, Reitturniere, <strong data-start=\"1680\" data-end=\"1697\">Westernreiten<\/strong> oder <strong data-start=\"1703\" data-end=\"1724\">Country-Festivals<\/strong> \u2013 dieser Hut bringt Stil, Sonnenschutz und Westerntradition perfekt in Einklang.<br data-start=\"1805\" data-end=\"1808\" \/>F\u00fcr Menschen mit Sinn f\u00fcr Handwerk, Stil und Umwelt \u2013 100 % nat\u00fcrliche Materialien, keine Massenproduktion, Schweizer Handarbeit mit Charakter.<\/p>\n<div class=\"hf-accordions\">\n<hr class=\"hf-accordion-separator\" \/>\n<details class=\"hf-accordion\">\n<summary><strong>\u25b6\ufe0f Gut zu wissen \u2013 mehr erfahren<\/strong><\/summary>\n<div class=\"hf-accordion-content\">\n<h3>Wichtige Produktdetails:<\/h3>\n<h4>Material &amp; Design:<\/h4>\n<ul>\n<li>Weizenstroh Mottled Capelines in Natur mit Hutband in Schwarz<\/li>\n<li>Kopfh\u00f6he ca.\u00a0 8 cm \/ Randbreite ca. 8 cm<\/li>\n<li>Garnitur aus feinstem Rebsband mit Masche<\/li>\n<li>Schweissband: flexibles Stretchband (Ideal f\u00fcr Westernreiter) oder Kalbslederschweissband<\/li>\n<li>Das Innere des Hutes ist atmungsaktiv &amp; ungef\u00fcttert, was ihn auch an w\u00e4rmeren Tagen angenehm zu tragen macht.<\/li>\n<\/ul>\n<h4>Handwerkskunst &amp; Exklusivit\u00e4t:<\/h4>\n<ul>\n<li><strong>Handarbeit:<\/strong>\u00a0Hergestellt in der Schweizer Hutmanufaktur Risa<\/li>\n<li><strong>Exklusivit\u00e4t:<\/strong>\u00a0Individuell auf Bestellung gefertigt, keine Massenproduktion<\/li>\n<li><strong>Limitierte Auflage:<\/strong>\u00a0Verf\u00fcgbarkeit abh\u00e4ngig von den Rohmaterialien<\/li>\n<\/ul>\n<h4>Herstellung:<\/h4>\n<ul>\n<li><strong>Produktionsort:<\/strong>\u00a0Schweizer Hutmanufaktur Risa<\/li>\n<li><strong>Herstellungszeit:<\/strong>\u00a010 bis 15 Arbeitstage nach Zahlungseingang<\/li>\n<\/ul>\n<h4>Lieferbedingungen:<\/h4>\n<ul>\n<li><strong>Versand:<\/strong>\u00a0Versand erfolgt innerhalb weniger Tage nach Fertigung ab Lager Schweiz<\/li>\n<li><strong>Garantie:<\/strong>\u00a0Umtausch nur bei Material- oder Herstellungsfehlern m\u00f6glich<\/li>\n<li><strong>Verf\u00fcgbarkeit:<\/strong>\u00a0Abverkauf des Rohmaterials vorbehalten<\/li>\n<\/ul>\n<\/div>\n<\/details>\n<details class=\"hf-accordion\">\n<summary><strong>\u25b6\ufe0f FAQ \u2013 H\u00e4ufige Fragen<\/strong><\/summary>\n<div class=\"hf-accordion-content\">\n<div class=\"group w-full text-gray-800 dark:text-gray-100 border-b border-black\/10 dark:border-gray-900\/50 bg-gray-50 dark:bg-[#444654]\">\n<div class=\"text-base gap-4 md:gap-6 md:max-w-2xl lg:max-w-2xl xl:max-w-3xl p-4 md:py-6 flex lg:px-0 m-auto\">\n<div class=\"relative flex w-[calc(100%-50px)] flex-col gap-1 md:gap-3 lg:w-[calc(100%-115px)]\">\n<div class=\"flex flex-grow flex-col gap-3\">\n<div class=\"min-h-[20px] flex flex-col items-start gap-4 whitespace-pre-wrap\">\n<div class=\"markdown prose w-full break-words dark:prose-invert light\">\n<h2>FAQ<\/h2>\n<h3>Wie pflege ich meinen Vaquero Hut?<\/h3>\n<p>Um Ihren Vaquero Hut in perfektem Zustand zu halten, empfiehlt es sich, ihn von Zeit zu Zeit mit einer weichen B\u00fcrste zu reinigen. Vermeiden Sie es, den Hut mit Wasser oder Chemikalien zu behandeln. Bei Bedarf kann er von einem erfahrenen Modisten neu geformt werden.<\/p>\n<h3>Wie messe ich meine Hutgr\u00f6\u00dfe?<\/h3>\n<p>Es ist wichtig, die richtige Gr\u00f6\u00dfe f\u00fcr Ihren Hut zu w\u00e4hlen, um sicherzustellen, dass er bequem und sicher sitzt. Sie k\u00f6nnen Ihre Hutgr\u00f6\u00dfe mit einem Ma\u00dfband um den Kopf herum messen an der breitesten Stelle etwa einen Zentimeter \u00fcber den Ohren. Die gemessene Gr\u00f6\u00dfe in Zentimetern entspricht dann Ihrer Hutgr\u00f6\u00dfe.<\/p>\n<\/div>\n<\/div>\n<\/div>\n<\/div>\n<\/div>\n<\/div>\n<div class=\"group w-full text-gray-800 dark:text-gray-100 border-b border-black\/10 dark:border-gray-900\/50 bg-gray-50 dark:bg-[#444654]\">\n<div class=\"text-base gap-4 md:gap-6 md:max-w-2xl lg:max-w-2xl xl:max-w-3xl p-4 md:py-6 flex lg:px-0 m-auto\">\n<div class=\"relative flex w-[calc(100%-50px)] flex-col gap-1 md:gap-3 lg:w-[calc(100%-115px)]\">\n<div class=\"flex flex-grow flex-col gap-3\">\n<div class=\"min-h-[20px] flex flex-col items-start gap-4 whitespace-pre-wrap\">\n<div class=\"markdown prose w-full break-words dark:prose-invert light\">\n<h3>Kann ich meinen Vaquero Hut personalisieren lassen?<\/h3>\n<p>Ja, bei Bedarf k\u00f6nnen die Experten von Vaquero Ihren Hut individuell anpassen und nach Ihren W\u00fcnschen personalisieren. Kontaktieren Sie einfach das Team, um mehr zu erfahren.<\/p>\n<h3>Kann ich meinen Vaquero Hut auch bei Regen tragen?<\/h3>\n<p>Es ist nicht empfehlenswert, den Vaquero Hut bei Regen zu tragen, da er aus Weizenstroh besteht und Feuchtigkeit aufnehmen kann. Es ist wichtig, ihn vor Feuchtigkeit und direktem Sonnenlicht zu sch\u00fctzen und ihn regelm\u00e4\u00dfig zu reinigen und zu pflegen.<\/p>\n<h3>Wie lange dauert die Herstellung eines Vaquero Huts?<\/h3>\n<p>Die Herstellung eines Vaquero Huts erfordert viel Handarbeit und kann je nach Modell und Ausf\u00fchrung mehrere Tage oder sogar Wochen dauern. Es ist wichtig, dass jeder Hut sorgf\u00e4ltig und mit viel Liebe zum Detail gefertigt wird, um h\u00f6chste Qualit\u00e4t zu gew\u00e4hrleisten.<\/p>\n<h3>6. Ist der Vaquero Hut auch als Freizeithut geeignet?<\/h3>\n<p>Ja, der Hut ist f\u00fcr Damen auch ein zeitloses Accessoire, das zu jedem Sommer Outfit passt.<\/p>\n<\/div>\n<\/div>\n<\/div>\n<\/div>\n<\/div>\n<\/div>\n<\/div>\n<\/details>\n<\/div>\n","protected":false},"excerpt":{"rendered":"<h3 class=\"ai-optimize-24\" data-start=\"0\" data-end=\"69\"><strong data-start=\"4\" data-end=\"69\">Sommereleganz trifft Vaqueroflair<\/strong><\/h3>\n<p class=\"ai-optimize-25\" data-start=\"71\" data-end=\"441\">L\u00e4ssig, leicht und handwerklich perfekt: Diese klassische Vaquero-Strohhutform mit seiner 8 cm und 8 cm hoher Krone breiten Krempe bringt das Beste aus zwei Welten zusammen \u2013 traditionelle Silhouette und moderne Klarheit. Der formsch\u00f6ne, flachkronige Look mit markanter Krempe und kontrastierendem Hutband macht ihn zum stilvollen Begleiter f\u00fcr sonnige Tage, ob auf dem Land, beim Reiten oder auf dem n\u00e4chsten Westernfest.<\/p>\n","protected":false},"featured_media":12885,"template":"","meta":{"_acf_changed":false,"rs_blank_template":"","rs_page_bg_color":"","slide_template_v7":""},"product_brand":[250],"product_cat":[258,257],"product_tag":[],"class_list":{"0":"post-12883","1":"product","2":"type-product","3":"status-publish","4":"has-post-thumbnail","6":"product_brand-risa-hutwerkstatt-schweiz","7":"product_cat-western-cowboyhuete","8":"product_cat-westernhuete","9":"product_shipping_class-grosse-pakete","10":"pa_color-natur","11":"pa_groesse-206","12":"pa_groesse-196","13":"pa_groesse-207","14":"pa_groesse-197","15":"pa_groesse-208","16":"pa_groesse-198","17":"pa_groesse-209","18":"pa_groesse-199","19":"pa_groesse-210","20":"pa_groesse-213","21":"pa_sturmband-ja","22":"pa_sturmband-nein","23":"yith_product_brand-risa-hutwerkstatt-schweiz","26":"instock","27":"taxable","28":"shipping-taxable","29":"purchasable","30":"product-type-variable","31":"wvs-archive-product-wrapper","32":"add-to-wishlist-after_add_to_cart"},"acf":[],"yoast_head":"<!-- This site is optimized with the Yoast SEO Premium plugin v27.3 (Yoast SEO v27.3) - https:\/\/yoast.com\/product\/yoast-seo-premium-wordpress\/ -->\n<title>Vaquero Strohhut aus feinstem Weizenstrohborten handgefertigt.<\/title>\n<meta name=\"description\" content=\"Der handgefertigte Vaquero Strohhut aus hochwertigem Weizenstroh Borten besticht durch sein klassisches Design und seine Premium-Qualit\u00e4t.\" \/>\n<meta name=\"robots\" content=\"index, follow, max-snippet:-1, max-image-preview:large, max-video-preview:-1\" \/>\n<link rel=\"canonical\" href=\"https:\/\/hutfactory.com\/?product=vaquero-strohhut-hutband-schwarz\" \/>\n<meta property=\"og:locale\" content=\"de_DE\" \/>\n<meta property=\"og:type\" content=\"article\" \/>\n<meta property=\"og:title\" content=\"Vaquero Strohhut mit Hutband Schwarz\" \/>\n<meta property=\"og:description\" content=\"Der handgefertigte Vaquero Strohhut aus hochwertigem Weizenstroh Borten besticht durch sein klassisches Design und seine Premium-Qualit\u00e4t.\" \/>\n<meta property=\"og:url\" content=\"https:\/\/hutfactory.com\/?product=vaquero-strohhut-hutband-schwarz\" \/>\n<meta property=\"og:site_name\" content=\"Hut Factory\" \/>\n<meta property=\"article:modified_time\" content=\"2026-02-16T09:14:38+00:00\" \/>\n<meta property=\"og:image\" content=\"https:\/\/hutfactory.com\/wp-content\/uploads\/2026\/02\/11606.2-Front-2.webp\" \/>\n\t<meta property=\"og:image:width\" content=\"2016\" \/>\n\t<meta property=\"og:image:height\" content=\"1512\" \/>\n\t<meta property=\"og:image:type\" content=\"image\/webp\" \/>\n<meta name=\"twitter:card\" content=\"summary_large_image\" \/>\n<meta name=\"twitter:label1\" content=\"Gesch\u00e4tzte Lesezeit\" \/>\n\t<meta name=\"twitter:data1\" content=\"4\u00a0Minuten\" \/>\n<script type=\"application\/ld+json\" class=\"yoast-schema-graph\">{\"@context\":\"https:\\\/\\\/schema.org\",\"@graph\":[{\"@type\":\"WebPage\",\"@id\":\"https:\\\/\\\/hutfactory.com\\\/?product=vaquero-strohhut-hutband-schwarz\",\"url\":\"https:\\\/\\\/hutfactory.com\\\/?product=vaquero-strohhut-hutband-schwarz\",\"name\":\"Vaquero Strohhut aus feinstem Weizenstrohborten handgefertigt.\",\"isPartOf\":{\"@id\":\"https:\\\/\\\/hutfactory.com\\\/#website\"},\"primaryImageOfPage\":{\"@id\":\"https:\\\/\\\/hutfactory.com\\\/?product=vaquero-strohhut-hutband-schwarz#primaryimage\"},\"image\":{\"@id\":\"https:\\\/\\\/hutfactory.com\\\/?product=vaquero-strohhut-hutband-schwarz#primaryimage\"},\"thumbnailUrl\":\"https:\\\/\\\/hutfactory.com\\\/wp-content\\\/uploads\\\/2026\\\/02\\\/11606.2-Front-2.webp\",\"datePublished\":\"2026-02-14T09:37:52+00:00\",\"dateModified\":\"2026-02-16T09:14:38+00:00\",\"description\":\"Der handgefertigte Vaquero Strohhut aus hochwertigem Weizenstroh Borten besticht durch sein klassisches Design und seine Premium-Qualit\u00e4t.\",\"breadcrumb\":{\"@id\":\"https:\\\/\\\/hutfactory.com\\\/?product=vaquero-strohhut-hutband-schwarz#breadcrumb\"},\"inLanguage\":\"de\",\"potentialAction\":[{\"@type\":\"ReadAction\",\"target\":[\"https:\\\/\\\/hutfactory.com\\\/?product=vaquero-strohhut-hutband-schwarz\"]}]},{\"@type\":\"ImageObject\",\"inLanguage\":\"de\",\"@id\":\"https:\\\/\\\/hutfactory.com\\\/?product=vaquero-strohhut-hutband-schwarz#primaryimage\",\"url\":\"https:\\\/\\\/hutfactory.com\\\/wp-content\\\/uploads\\\/2026\\\/02\\\/11606.2-Front-2.webp\",\"contentUrl\":\"https:\\\/\\\/hutfactory.com\\\/wp-content\\\/uploads\\\/2026\\\/02\\\/11606.2-Front-2.webp\",\"width\":2016,\"height\":1512,\"caption\":\"Vaquero Western-Strohhut \u2013 mit flacher Krone & schwarzem Hutband|Handgefertigter Vaquero Westernhut mit breitem Rand und Ripsband|\"},{\"@type\":\"BreadcrumbList\",\"@id\":\"https:\\\/\\\/hutfactory.com\\\/?product=vaquero-strohhut-hutband-schwarz#breadcrumb\",\"itemListElement\":[{\"@type\":\"ListItem\",\"position\":1,\"name\":\"Start\",\"item\":\"https:\\\/\\\/hutfactory.com\\\/\"},{\"@type\":\"ListItem\",\"position\":2,\"name\":\"Shop\",\"item\":\"https:\\\/\\\/hutfactory.com\\\/?page_id=10\"},{\"@type\":\"ListItem\",\"position\":3,\"name\":\"Vaquero Strohhut mit Hutband Schwarz\"}]},{\"@type\":\"WebSite\",\"@id\":\"https:\\\/\\\/hutfactory.com\\\/#website\",\"url\":\"https:\\\/\\\/hutfactory.com\\\/\",\"name\":\"Hut Factory\",\"description\":\"H\u00fcte, Kappen &amp; M\u00fctzen in Top Swiss\\\/EU Qualit\u00e4t\",\"publisher\":{\"@id\":\"https:\\\/\\\/hutfactory.com\\\/#organization\"},\"alternateName\":\"Hut Shop\",\"potentialAction\":[{\"@type\":\"SearchAction\",\"target\":{\"@type\":\"EntryPoint\",\"urlTemplate\":\"https:\\\/\\\/hutfactory.com\\\/?s={search_term_string}\"},\"query-input\":{\"@type\":\"PropertyValueSpecification\",\"valueRequired\":true,\"valueName\":\"search_term_string\"}}],\"inLanguage\":\"de\"},{\"@type\":\"Organization\",\"@id\":\"https:\\\/\\\/hutfactory.com\\\/#organization\",\"name\":\"Hut Factory\",\"url\":\"https:\\\/\\\/hutfactory.com\\\/\",\"logo\":{\"@type\":\"ImageObject\",\"inLanguage\":\"de\",\"@id\":\"https:\\\/\\\/hutfactory.com\\\/#\\\/schema\\\/logo\\\/image\\\/\",\"url\":\"https:\\\/\\\/hutfactory.com\\\/wp-content\\\/uploads\\\/2026\\\/01\\\/Logo-hut-factory-1.webp\",\"contentUrl\":\"https:\\\/\\\/hutfactory.com\\\/wp-content\\\/uploads\\\/2026\\\/01\\\/Logo-hut-factory-1.webp\",\"width\":300,\"height\":262,\"caption\":\"Hut Factory\"},\"image\":{\"@id\":\"https:\\\/\\\/hutfactory.com\\\/#\\\/schema\\\/logo\\\/image\\\/\"}}]}<\/script>\n<!-- \/ Yoast SEO Premium plugin. -->","yoast_head_json":{"title":"Vaquero Strohhut aus feinstem Weizenstrohborten handgefertigt.","description":"Der handgefertigte Vaquero Strohhut aus hochwertigem Weizenstroh Borten besticht durch sein klassisches Design und seine Premium-Qualit\u00e4t.","robots":{"index":"index","follow":"follow","max-snippet":"max-snippet:-1","max-image-preview":"max-image-preview:large","max-video-preview":"max-video-preview:-1"},"canonical":"https:\/\/hutfactory.com\/?product=vaquero-strohhut-hutband-schwarz","og_locale":"de_DE","og_type":"article","og_title":"Vaquero Strohhut mit Hutband Schwarz","og_description":"Der handgefertigte Vaquero Strohhut aus hochwertigem Weizenstroh Borten besticht durch sein klassisches Design und seine Premium-Qualit\u00e4t.","og_url":"https:\/\/hutfactory.com\/?product=vaquero-strohhut-hutband-schwarz","og_site_name":"Hut Factory","article_modified_time":"2026-02-16T09:14:38+00:00","og_image":[{"width":2016,"height":1512,"url":"https:\/\/hutfactory.com\/wp-content\/uploads\/2026\/02\/11606.2-Front-2.webp","type":"image\/webp"}],"twitter_card":"summary_large_image","twitter_misc":{"Gesch\u00e4tzte Lesezeit":"4\u00a0Minuten"},"schema":{"@context":"https:\/\/schema.org","@graph":[{"@type":"WebPage","@id":"https:\/\/hutfactory.com\/?product=vaquero-strohhut-hutband-schwarz","url":"https:\/\/hutfactory.com\/?product=vaquero-strohhut-hutband-schwarz","name":"Vaquero Strohhut aus feinstem Weizenstrohborten handgefertigt.","isPartOf":{"@id":"https:\/\/hutfactory.com\/#website"},"primaryImageOfPage":{"@id":"https:\/\/hutfactory.com\/?product=vaquero-strohhut-hutband-schwarz#primaryimage"},"image":{"@id":"https:\/\/hutfactory.com\/?product=vaquero-strohhut-hutband-schwarz#primaryimage"},"thumbnailUrl":"https:\/\/hutfactory.com\/wp-content\/uploads\/2026\/02\/11606.2-Front-2.webp","datePublished":"2026-02-14T09:37:52+00:00","dateModified":"2026-02-16T09:14:38+00:00","description":"Der handgefertigte Vaquero Strohhut aus hochwertigem Weizenstroh Borten besticht durch sein klassisches Design und seine Premium-Qualit\u00e4t.","breadcrumb":{"@id":"https:\/\/hutfactory.com\/?product=vaquero-strohhut-hutband-schwarz#breadcrumb"},"inLanguage":"de","potentialAction":[{"@type":"ReadAction","target":["https:\/\/hutfactory.com\/?product=vaquero-strohhut-hutband-schwarz"]}]},{"@type":"ImageObject","inLanguage":"de","@id":"https:\/\/hutfactory.com\/?product=vaquero-strohhut-hutband-schwarz#primaryimage","url":"https:\/\/hutfactory.com\/wp-content\/uploads\/2026\/02\/11606.2-Front-2.webp","contentUrl":"https:\/\/hutfactory.com\/wp-content\/uploads\/2026\/02\/11606.2-Front-2.webp","width":2016,"height":1512,"caption":"Vaquero Western-Strohhut \u2013 mit flacher Krone & schwarzem Hutband|Handgefertigter Vaquero Westernhut mit breitem Rand und Ripsband|"},{"@type":"BreadcrumbList","@id":"https:\/\/hutfactory.com\/?product=vaquero-strohhut-hutband-schwarz#breadcrumb","itemListElement":[{"@type":"ListItem","position":1,"name":"Start","item":"https:\/\/hutfactory.com\/"},{"@type":"ListItem","position":2,"name":"Shop","item":"https:\/\/hutfactory.com\/?page_id=10"},{"@type":"ListItem","position":3,"name":"Vaquero Strohhut mit Hutband Schwarz"}]},{"@type":"WebSite","@id":"https:\/\/hutfactory.com\/#website","url":"https:\/\/hutfactory.com\/","name":"Hut Factory","description":"H\u00fcte, Kappen &amp; M\u00fctzen in Top Swiss\/EU Qualit\u00e4t","publisher":{"@id":"https:\/\/hutfactory.com\/#organization"},"alternateName":"Hut Shop","potentialAction":[{"@type":"SearchAction","target":{"@type":"EntryPoint","urlTemplate":"https:\/\/hutfactory.com\/?s={search_term_string}"},"query-input":{"@type":"PropertyValueSpecification","valueRequired":true,"valueName":"search_term_string"}}],"inLanguage":"de"},{"@type":"Organization","@id":"https:\/\/hutfactory.com\/#organization","name":"Hut Factory","url":"https:\/\/hutfactory.com\/","logo":{"@type":"ImageObject","inLanguage":"de","@id":"https:\/\/hutfactory.com\/#\/schema\/logo\/image\/","url":"https:\/\/hutfactory.com\/wp-content\/uploads\/2026\/01\/Logo-hut-factory-1.webp","contentUrl":"https:\/\/hutfactory.com\/wp-content\/uploads\/2026\/01\/Logo-hut-factory-1.webp","width":300,"height":262,"caption":"Hut Factory"},"image":{"@id":"https:\/\/hutfactory.com\/#\/schema\/logo\/image\/"}}]}},"_links":{"self":[{"href":"https:\/\/hutfactory.com\/index.php?rest_route=\/wp\/v2\/product\/12883","targetHints":{"allow":["GET"]}}],"collection":[{"href":"https:\/\/hutfactory.com\/index.php?rest_route=\/wp\/v2\/product"}],"about":[{"href":"https:\/\/hutfactory.com\/index.php?rest_route=\/wp\/v2\/types\/product"}],"wp:featuredmedia":[{"embeddable":true,"href":"https:\/\/hutfactory.com\/index.php?rest_route=\/wp\/v2\/media\/12885"}],"wp:attachment":[{"href":"https:\/\/hutfactory.com\/index.php?rest_route=%2Fwp%2Fv2%2Fmedia&parent=12883"}],"wp:term":[{"taxonomy":"product_brand","embeddable":true,"href":"https:\/\/hutfactory.com\/index.php?rest_route=%2Fwp%2Fv2%2Fproduct_brand&post=12883"},{"taxonomy":"product_cat","embeddable":true,"href":"https:\/\/hutfactory.com\/index.php?rest_route=%2Fwp%2Fv2%2Fproduct_cat&post=12883"},{"taxonomy":"product_tag","embeddable":true,"href":"https:\/\/hutfactory.com\/index.php?rest_route=%2Fwp%2Fv2%2Fproduct_tag&post=12883"}],"curies":[{"name":"wp","href":"https:\/\/api.w.org\/{rel}","templated":true}]}}